{"id":93,"date":"2014-08-07T20:47:10","date_gmt":"2014-08-07T20:47:10","guid":{"rendered":"https:\/\/www.brebeuf.qc.ca\/secondaire-garcons\/?page_id=93"},"modified":"2025-07-15T21:47:02","modified_gmt":"2025-07-15T21:47:02","slug":"lavantage-brebeuf","status":"publish","type":"page","link":"https:\/\/www.brebeuf.qc.ca\/secondaire\/lavantage-brebeuf\/","title":{"rendered":"L&rsquo;avantage Br\u00e9beuf"},"content":{"rendered":"\n<h1>Pourquoi choisir Br\u00e9beuf au secondaire?<\/h1>\n\n\n\n<figure class=\"wp-block-embed is-type-video is-provider-youtube wp-block-embed-youtube wp-embed-aspect-16-9 wp-has-aspect-ratio\"><div class=\"wp-block-embed__wrapper\">\n<iframe loading=\"lazy\" title=\"Tracer sa voie au Coll\u00e8ge Br\u00e9beuf\" width=\"1140\" height=\"641\" src=\"https:\/\/www.youtube.com\/embed\/CI4jem2ZK0E?feature=oembed\" frameborder=\"0\" allow=\"accelerometer; autoplay; clipboard-write; encrypted-media; gyroscope; picture-in-picture; web-share\" referrerpolicy=\"strict-origin-when-cross-origin\" allowfullscreen><\/iframe>\n<\/div><\/figure>\n\n\n\n<h2><span id=\"Une_longue_tradition_pedagogique_et_un_parcours_enrichi\">Une longue tradition p\u00e9dagogique et un parcours enrichi <\/span><\/h2>\n\n\n\n<p>En vue des \u00e9tudes coll\u00e9giales et universitaires, les enseignants du secondaire dispensent des cours de haut niveau dont le contenu enrichi et l&rsquo;approfondissement des concepts poussent les \u00e9l\u00e8ves \u00e0 acqu\u00e9rir des connaissances et \u00e0 d\u00e9velopper des comp\u00e9tences bien au-del\u00e0 des exigences du minist\u00e8re de l&rsquo;\u00c9ducation.<\/p>\n\n\n\n<h2><span id=\"Des_options_variees_pour_tous\">Des options vari\u00e9es pour tous <\/span><\/h2>\n\n\n\n<p>Les options <a href=\"https:\/\/www.brebeuf.qc.ca\/secondaire\/latin-monde-histoire-civilisation\/\">Latin et monde<\/a>, <a href=\"https:\/\/www.brebeuf.qc.ca\/secondaire\/sport-monde-eleve-athlete\/\">Sport et monde<\/a> et <a href=\"https:\/\/www.brebeuf.qc.ca\/secondaire\/espagnol-monde-histoire-hispanique\/\" target=\"_blank\" rel=\"noopener\">Espagnol et monde<\/a>&nbsp;:<\/p>\n\n\n\n<ul><li>donnent une couleur au parcours scolaire,<\/li><li>r\u00e9pondent aux go\u00fbts et aux besoins de nos \u00e9l\u00e8ves,<\/li><li>motivent les \u00e9l\u00e8ves \u00e0 donner le meilleur d\u2019eux-m\u00eames,<\/li><li>aident \u00e0 d\u00e9velopper des connaissances et des comp\u00e9tences particuli\u00e8res.<\/li><\/ul>\n\n\n\n<h2><span id=\"La_reussite_de_tous\">La r\u00e9ussite de tous<\/span><\/h2>\n\n\n\n<p>Les \u00e9l\u00e8ves du Coll\u00e8ge Br\u00e9beuf obtiennent chaque ann\u00e9e d&rsquo;excellents r\u00e9sultats aux \u00e9preuves du minist\u00e8re de l&rsquo;\u00c9ducation. Nous sommes tr\u00e8s fiers de leur succ\u00e8s, car il repose sur l&rsquo;excellence du travail de l&rsquo;ensemble de nos \u00e9l\u00e8ves et de toute l&rsquo;\u00e9quipe-\u00e9cole.<\/p>\n\n\n\n<p>De tout temps, les P\u00e8res j\u00e9suites voulaient rendre le Coll\u00e8ge accessible \u00e0 tout \u00e9l\u00e8ve talentueux et motiv\u00e9, peu importe les moyens financiers de sa famille. En ce sens, encore aujourd\u2019hui un important fonds de bourses permet d\u2019aider financi\u00e8rement les familles des jeunes n\u2019ayant pas les moyens financiers n\u00e9cessaires.<\/p>\n\n\n\n<h2><span id=\"Une_solide_formation_en_anglais_langue_seconde\">Une solide formation en anglais langue seconde<\/span><\/h2>\n\n\n\n<p>Ma\u00eetriser l\u2019anglais est d\u00e9finitivement un atout pour les \u00e9l\u00e8ves qui d\u00e9sirent poursuivre leurs \u00e9tudes universitaires dans la langue de leur choix. Jusqu\u2019\u00e0 quatre diff\u00e9rents niveaux d\u2019anglais pr\u00e9parent les \u00e9l\u00e8ves \u00e0 des \u00e9tudes sup\u00e9rieures et au monde du travail en anglais. <\/p>\n\n\n\n<p>Au cours de leur parcours au Coll\u00e8ge, les \u00e9l\u00e8ves lisent de nombreuses \u0153uvres litt\u00e9raires phares de la litt\u00e9rature anglaise. <\/p>\n\n\n\n<h2><span id=\"Deux_langues_tierces_latin_et_espagnol\">Deux langues tierces, latin et espagnol<\/span><\/h2>\n\n\n\n<p>Les \u00e9l\u00e8ves choisissant l&rsquo;option <a href=\"https:\/\/www.brebeuf.qc.ca\/secondaire\/latin-monde-histoire-civilisation\/\">Latin et monde<\/a>&nbsp;apprennent le latin. Consid\u00e9r\u00e9 comme langue savante et religieuse sous sa forme \u00e9crite, le latin transcende la formidable civilisation dont il est issu pour enrichir les esprits modernes. Le latin procure de multiples avantages.<\/p>\n\n\n\n<p>Les \u00e9l\u00e8ves qui choisissent l&rsquo;option <a href=\"https:\/\/www.brebeuf.qc.ca\/secondaire\/espagnol-monde-histoire-hispanique\/\" target=\"_blank\" rel=\"noopener\">Espagnol et monde<\/a> apprennent l\u2019espagnol comme langue tierce. Au terme de leur formation, les \u00e9l\u00e8ves atteignent une solide ma\u00eetrise de l&rsquo;espagnol tant \u00e0 l&rsquo;oral qu&rsquo;\u00e0 l&rsquo;\u00e9crit. Le cursus est \u00e9galement enrichi par de nombreuses activit\u00e9s leur permettant de vivre la culture hispanique comme le traditionnel festival <em>Cervantino<\/em>. <\/p>\n\n\n\n<h2><span id=\"Une_integration_judicieuse_des_technologies_dans_les_classes\">Une int\u00e9gration judicieuse des technologies dans les classes<\/span><\/h2>\n\n\n\n<p>Tout au long de leur parcours, les \u00e9l\u00e8ves re\u00e7oivent une formation sp\u00e9cifique et structur\u00e9e sous la forme d&rsquo;ateliers num\u00e9riques. Les comp\u00e9tences d\u00e9velopp\u00e9es lors de ces ateliers sont r\u00e9investies lors d&rsquo;activit\u00e9s en classe. Cette fa\u00e7on de faire assure une utilisation judicieuse et ad\u00e9quate des technologies. <\/p>\n\n\n\n<h2><span id=\"Le_sport_une_passion\">Le sport, une passion<\/span><\/h2>\n\n\n\n<p>Au Coll\u00e8ge Jean-de-Br\u00e9beuf, les jeunes disposent d\u2019installations sportives ultramodernes et peuvent compter sur un personnel comp\u00e9tent pour les guider et les conseiller. Ces installations sont d&rsquo;ailleurs tr\u00e8s importantes pour les \u00e9l\u00e8ves du profil <a href=\"https:\/\/www.brebeuf.qc.ca\/secondaire\/sport-monde-eleve-athlete\/\" class=\"ek-link\">Sport et monde<\/a> o\u00f9 les jeunes d\u00e9veloppent \u00e0 la fois leurs habilit\u00e9s physiques et leur leadership gr\u00e2ce, entre autres, aux s\u00e9minaires pr\u00e9vus \u00e0 cet effet. <\/p>\n\n\n\n<p>Des sports \u00e9lites aux sports intramuros en passant par les activit\u00e9s sportives du vendredi et les cours d\u2019\u00e9ducation physique, les \u00e9l\u00e8ves ont toutes les possibilit\u00e9s de s\u2019amuser et de se d\u00e9passer dans les sports.<\/p>\n\n\n\n<h2><span id=\"Une_vie_etudiante_riche_et_dynamique\">Une vie \u00e9tudiante riche et dynamique<\/span><\/h2>\n\n\n\n<p>L\u2019\u00e9ventail d\u2019activit\u00e9s parascolaires offert aux \u00e9l\u00e8ves leur permet de choisir des activit\u00e9s culturelles ou sportives qui r\u00e9pondent \u00e0 leurs aspirations. Les \u00e9l\u00e8ves ont \u00e9galement la chance de s\u2019investir dans des activit\u00e9s qui visent \u00e0 d\u00e9velopper leurs dons et leurs talents en lien \u00e9troit avec les besoins de la communaut\u00e9. Notre salon des activit\u00e9s parascolaires, au tout d\u00e9but de l\u2019ann\u00e9e scolaire, regorge d\u2019activit\u00e9s stimulantes et nos \u00e9l\u00e8ves ont plus que l\u2019embarras du choix !<\/p>\n\n\n\n<h2><span id=\"La_reconnaissance_de_lengagement_communautaire\">La r<span id=\"Comment_la_Reconnaissance_de_lengagement_communautaire_est-elle_decernee\">econnaissance de l\u2019engagement communautaire<\/span><\/span><\/h2>\n\n\n\n<p>Notre syst\u00e8me d\u2019\u00e9mulation vise \u00e0 reconna\u00eetre les efforts des \u00e9l\u00e8ves qui atteignent les crit\u00e8res d\u2019excellence propres \u00e0 notre Coll\u00e8ge. <a href=\"https:\/\/www.brebeuf.qc.ca\/secondaire\/vie-etudiante\/engagement-communautaire\/\" target=\"_blank\" rel=\"noopener\" class=\"ek-link\">La Reconnaissance de l\u2019engagement communautaire<\/a> r\u00e9compense tous ceux et celles qui s\u2019impliquent autant dans leurs \u00e9tudes que dans les activit\u00e9s de service \u00e0 autrui et de d\u00e9passement de soi. La Reconnaissance de l\u2019engagement communautaire s\u2019inscrit parfaitement dans une d\u00e9marche visant \u00e0 former des \u00ab hommes et des femmes pour les autres \u00bb.<\/p>\n\n\n\n<h2><span id=\"Un_environnement_patrimonial_et_facile_dacces\">Un environnement patrimonial et facile d\u2019acc\u00e8s<\/span><\/h2>\n\n\n\n<p>Aux portes des universit\u00e9s, au pied du Mont-Royal, une magnifique institution sur des terrains ext\u00e9rieurs o\u00f9 la nature se d\u00e9ploie dans toute sa splendeur, les \u00e9l\u00e8ves \u00e9voluent dans un environnement riche en tradition tout en \u00e9tant moderne et ouvert aux dimensions technologiques.<\/p>\n\n\n\n<h2><span id=\"Un_acces_privilegie_aux_etudes_collegiales_a_Brebeuf\">Un acc\u00e8s privil\u00e9gi\u00e9 aux \u00e9tudes coll\u00e9giales \u00e0 Br\u00e9beuf<\/span><\/h2>\n\n\n\n<p>Comment? La qualit\u00e9 de nos \u00e9l\u00e8ves de 5e secondaire, mais surtout la pr\u00e9paration aux exigences du <a href=\"https:\/\/www.brebeuf.qc.ca\/collegial\/\">Coll\u00e9gial Br\u00e9beuf<\/a>, favorisent leur admission au niveau coll\u00e9gial dans le programme de leur choix.<\/p>\n\n\n\n<p>Les \u00e9tudes secondaires \u00e0 Br\u00e9beuf procurent un avantage d\u00e9finitif aux \u00e9l\u00e8ves qui souhaiteraient poursuivre leurs \u00e9tudes coll\u00e9giales au sein de notre institution.<\/p>\n<div id=\"toc_container\" class=\"no_bullets\"><p class=\"toc_title\">Sommaire<\/p><ul class=\"toc_list\"><li><a href=\"#Une_longue_tradition_pedagogique_et_un_parcours_enrichi\">Une longue tradition p\u00e9dagogique et un parcours enrichi <\/a><\/li><li><a href=\"#Des_options_variees_pour_tous\">Des options vari\u00e9es pour tous <\/a><\/li><li><a href=\"#La_reussite_de_tous\">La r\u00e9ussite de tous<\/a><\/li><li><a href=\"#Une_solide_formation_en_anglais_langue_seconde\">Une solide formation en anglais langue seconde<\/a><\/li><li><a href=\"#Deux_langues_tierces_latin_et_espagnol\">Deux langues tierces, latin et espagnol<\/a><\/li><li><a href=\"#Une_integration_judicieuse_des_technologies_dans_les_classes\">Une int\u00e9gration judicieuse des technologies dans les classes<\/a><\/li><li><a href=\"#Le_sport_une_passion\">Le sport, une passion<\/a><\/li><li><a href=\"#Une_vie_etudiante_riche_et_dynamique\">Une vie \u00e9tudiante riche et dynamique<\/a><\/li><li><a href=\"#La_reconnaissance_de_lengagement_communautaire\">La reconnaissance de l\u2019engagement communautaire<\/a><\/li><li><a href=\"#Un_environnement_patrimonial_et_facile_dacces\">Un environnement patrimonial et facile d\u2019acc\u00e8s<\/a><\/li><li><a href=\"#Un_acces_privilegie_aux_etudes_collegiales_a_Brebeuf\">Un acc\u00e8s privil\u00e9gi\u00e9 aux \u00e9tudes coll\u00e9giales \u00e0 Br\u00e9beuf<\/a><\/li><\/ul><\/div>\n","protected":false},"excerpt":{"rendered":"<p>Pourquoi choisir Br\u00e9beuf au secondaire? Une longue tradition p\u00e9dagogique et un parcours enrichi En vue des \u00e9tudes coll\u00e9giales et universitaires, les enseignants du secondaire dispensent des cours de haut niveau dont le contenu enrichi et l&rsquo;approfondissement des concepts poussent les&#8230;<\/p>\n","protected":false},"author":3,"featured_media":5043,"parent":0,"menu_order":0,"comment_status":"open","ping_status":"closed","template":"templates\/template-personnalisable.php","meta":{"_editorskit_title_hidden":false,"_editorskit_reading_time":3,"_editorskit_typography_data":[],"_editorskit_blocks_typography":""},"yoast_head":"<!-- This site is optimized with the Yoast SEO plugin v16.3 - https:\/\/yoast.com\/wordpress\/plugins\/seo\/ -->\n<title>L&#039;avantage Br\u00e9beuf - Secondaire<\/title>\n<meta name=\"robots\" content=\"index, follow, max-snippet:-1, max-image-preview:large, max-video-preview:-1\" \/>\n<link rel=\"canonical\" href=\"https:\/\/www.brebeuf.qc.ca\/secondaire\/lavantage-brebeuf\/\" \/>\n<meta property=\"og:locale\" content=\"fr_FR\" \/>\n<meta property=\"og:type\" content=\"article\" \/>\n<meta property=\"og:title\" content=\"L&#039;avantage Br\u00e9beuf - Secondaire\" \/>\n<meta property=\"og:description\" content=\"Pourquoi choisir Br\u00e9beuf au secondaire? Une longue tradition p\u00e9dagogique et un parcours enrichi En vue des \u00e9tudes coll\u00e9giales et universitaires, les enseignants du secondaire dispensent des cours de haut niveau dont le contenu enrichi et l&rsquo;approfondissement des concepts poussent les...\" \/>\n<meta property=\"og:url\" content=\"https:\/\/www.brebeuf.qc.ca\/secondaire\/lavantage-brebeuf\/\" \/>\n<meta property=\"og:site_name\" content=\"Secondaire\" \/>\n<meta property=\"article:modified_time\" content=\"2025-07-15T21:47:02+00:00\" \/>\n<meta property=\"og:image\" content=\"https:\/\/www.brebeuf.qc.ca\/secondaire\/wp-content\/uploads\/sites\/4\/2025\/07\/Avantage-brebeuf-secondaire.png\" \/>\n\t<meta property=\"og:image:width\" content=\"1400\" \/>\n\t<meta property=\"og:image:height\" content=\"240\" \/>\n<meta name=\"twitter:label1\" content=\"Dur\u00e9e de lecture est.\">\n\t<meta name=\"twitter:data1\" content=\"4 minutes\">\n<script type=\"application\/ld+json\" class=\"yoast-schema-graph\">{\"@context\":\"https:\/\/schema.org\",\"@graph\":[{\"@type\":\"WebSite\",\"@id\":\"https:\/\/www.brebeuf.qc.ca\/secondaire\/#website\",\"url\":\"https:\/\/www.brebeuf.qc.ca\/secondaire\/\",\"name\":\"Secondaire\",\"description\":\"Coll\\u00e8ge priv\\u00e9 | Secondaire | Coll\\u00e9gial\",\"potentialAction\":[{\"@type\":\"SearchAction\",\"target\":\"https:\/\/www.brebeuf.qc.ca\/secondaire\/?s={search_term_string}\",\"query-input\":\"required name=search_term_string\"}],\"inLanguage\":\"fr-FR\"},{\"@type\":\"ImageObject\",\"@id\":\"https:\/\/www.brebeuf.qc.ca\/secondaire\/lavantage-brebeuf\/#primaryimage\",\"inLanguage\":\"fr-FR\",\"url\":\"https:\/\/www.brebeuf.qc.ca\/secondaire\/wp-content\/uploads\/sites\/4\/2025\/07\/Avantage-brebeuf-secondaire.png\",\"contentUrl\":\"https:\/\/www.brebeuf.qc.ca\/secondaire\/wp-content\/uploads\/sites\/4\/2025\/07\/Avantage-brebeuf-secondaire.png\",\"width\":1400,\"height\":240},{\"@type\":\"WebPage\",\"@id\":\"https:\/\/www.brebeuf.qc.ca\/secondaire\/lavantage-brebeuf\/#webpage\",\"url\":\"https:\/\/www.brebeuf.qc.ca\/secondaire\/lavantage-brebeuf\/\",\"name\":\"L'avantage Br\\u00e9beuf - Secondaire\",\"isPartOf\":{\"@id\":\"https:\/\/www.brebeuf.qc.ca\/secondaire\/#website\"},\"primaryImageOfPage\":{\"@id\":\"https:\/\/www.brebeuf.qc.ca\/secondaire\/lavantage-brebeuf\/#primaryimage\"},\"datePublished\":\"2014-08-07T20:47:10+00:00\",\"dateModified\":\"2025-07-15T21:47:02+00:00\",\"breadcrumb\":{\"@id\":\"https:\/\/www.brebeuf.qc.ca\/secondaire\/lavantage-brebeuf\/#breadcrumb\"},\"inLanguage\":\"fr-FR\",\"potentialAction\":[{\"@type\":\"ReadAction\",\"target\":[\"https:\/\/www.brebeuf.qc.ca\/secondaire\/lavantage-brebeuf\/\"]}]},{\"@type\":\"BreadcrumbList\",\"@id\":\"https:\/\/www.brebeuf.qc.ca\/secondaire\/lavantage-brebeuf\/#breadcrumb\",\"itemListElement\":[{\"@type\":\"ListItem\",\"position\":1,\"item\":{\"@type\":\"WebPage\",\"@id\":\"https:\/\/www.brebeuf.qc.ca\/secondaire\/\",\"url\":\"https:\/\/www.brebeuf.qc.ca\/secondaire\/\",\"name\":\"Home\"}},{\"@type\":\"ListItem\",\"position\":2,\"item\":{\"@id\":\"https:\/\/www.brebeuf.qc.ca\/secondaire\/lavantage-brebeuf\/#webpage\"}}]}]}<\/script>\n<!-- \/ Yoast SEO plugin. -->","_links":{"self":[{"href":"https:\/\/www.brebeuf.qc.ca\/secondaire\/wp-json\/wp\/v2\/pages\/93"}],"collection":[{"href":"https:\/\/www.brebeuf.qc.ca\/secondaire\/wp-json\/wp\/v2\/pages"}],"about":[{"href":"https:\/\/www.brebeuf.qc.ca\/secondaire\/wp-json\/wp\/v2\/types\/page"}],"author":[{"embeddable":true,"href":"https:\/\/www.brebeuf.qc.ca\/secondaire\/wp-json\/wp\/v2\/users\/3"}],"replies":[{"embeddable":true,"href":"https:\/\/www.brebeuf.qc.ca\/secondaire\/wp-json\/wp\/v2\/comments?post=93"}],"version-history":[{"count":50,"href":"https:\/\/www.brebeuf.qc.ca\/secondaire\/wp-json\/wp\/v2\/pages\/93\/revisions"}],"predecessor-version":[{"id":4432,"href":"https:\/\/www.brebeuf.qc.ca\/secondaire\/wp-json\/wp\/v2\/pages\/93\/revisions\/4432"}],"wp:featuredmedia":[{"embeddable":true,"href":"https:\/\/www.brebeuf.qc.ca\/secondaire\/wp-json\/wp\/v2\/media\/5043"}],"wp:attachment":[{"href":"https:\/\/www.brebeuf.qc.ca\/secondaire\/wp-json\/wp\/v2\/media?parent=93"}],"curies":[{"name":"wp","href":"https:\/\/api.w.org\/{rel}","templated":true}]}}