{"id":790,"date":"2015-09-28T19:10:32","date_gmt":"2015-09-28T19:10:32","guid":{"rendered":"https:\/\/www.brebeuf.qc.ca\/secondaire-garcons\/?page_id=790"},"modified":"2026-04-28T15:22:36","modified_gmt":"2026-04-28T15:22:36","slug":"nouveaux-eleves-a-brebeuf","status":"publish","type":"page","link":"https:\/\/www.brebeuf.qc.ca\/secondaire\/nouveaux-eleves-a-brebeuf\/","title":{"rendered":"Bienvenue au Coll\u00e8ge !"},"content":{"rendered":"\n<h1>La rentr\u00e9e en 1<sup>re<\/sup> secondaire<\/h1>\n\n\n\n<figure class=\"wp-block-embed is-type-video is-provider-youtube wp-block-embed-youtube wp-embed-aspect-16-9 wp-has-aspect-ratio\"><div class=\"wp-block-embed__wrapper\">\n<iframe loading=\"lazy\" title=\"Les \u00e9tapes de la rentr\u00e9e en 1re secondaire\" width=\"1140\" height=\"641\" src=\"https:\/\/www.youtube.com\/embed\/hB0vmt-Sd_4?feature=oembed\" frameborder=\"0\" allow=\"accelerometer; autoplay; clipboard-write; encrypted-media; gyroscope; picture-in-picture; web-share\" referrerpolicy=\"strict-origin-when-cross-origin\" allowfullscreen><\/iframe>\n<\/div><\/figure>\n\n\n\n<h2 class=\"has-text-align-center\"><span id=\"Les_options_au_secondaire\"><strong><span style=\"text-decoration: underline;\" class=\"ek-underline\">Les options au secondaire<\/span><\/strong><\/span><\/h2>\n\n\n\n<div style=\"height:19px\" aria-hidden=\"true\" class=\"wp-block-spacer\"><\/div>\n\n\n\n<div class=\"wp-block-columns\">\n<div class=\"wp-block-column\">\n<div class=\"wp-block-buttons is-content-justification-center\">\n<div class=\"wp-block-button is-style-fill\"><a class=\"wp-block-button__link\" href=\"https:\/\/www.brebeuf.qc.ca\/secondaire\/espagnol-monde-histoire-hispanique\/\"><strong><span class=\"has-inline-color has-black-color\">Espagnol et monde<\/span><\/strong><\/a><\/div>\n<\/div>\n<\/div>\n\n\n\n<div class=\"wp-block-column\">\n<div class=\"wp-block-buttons is-content-justification-center\">\n<div class=\"wp-block-button is-style-fill\"><a class=\"wp-block-button__link\" href=\"https:\/\/www.brebeuf.qc.ca\/secondaire\/sport-monde-eleve-athlete\/\"><span style=\"text-decoration: underline;\" class=\"ek-underline\"><strong><span class=\"has-inline-color has-black-color\">Sport et monde<\/span><\/strong><\/span><\/a><\/div>\n<\/div>\n<\/div>\n\n\n\n<div class=\"wp-block-column\">\n<div class=\"wp-block-buttons is-content-justification-center\">\n<div class=\"wp-block-button is-style-fill\"><a class=\"wp-block-button__link\" href=\"https:\/\/www.brebeuf.qc.ca\/secondaire\/latin-monde-histoire-civilisation\/\"><span style=\"text-decoration: underline;\" class=\"ek-underline\"><strong><span class=\"has-inline-color has-black-color\">Latin et monde<\/span><\/strong><\/span><\/a><\/div>\n<\/div>\n<\/div>\n<\/div>\n\n\n\n<hr class=\"wp-block-separator\"\/>\n\n\n\n<h1>S\u2019inscrire \u00e0 Br\u00e9beuf en 2<sup>e<\/sup>, 3<sup>e<\/sup>, 4<sup>e<\/sup> et 5<sup>e<\/sup> secondaire : nos incontournables !<\/h1>\n\n\n\n<ol><li>La&nbsp;<strong>renomm\u00e9e<\/strong>&nbsp;du Coll\u00e8ge et l\u2019excellence de sa formation scolaire.<\/li><li>La&nbsp;<strong>poursuite des \u00e9tudes au coll\u00e9gial<\/strong>&nbsp;dans le m\u00eame \u00e9tablissement (admission prioritaire), une excellente pr\u00e9paration et une facilit\u00e9 d\u2019acc\u00e8s aux facult\u00e9s contingent\u00e9es des universit\u00e9s.<\/li><li>La&nbsp;<strong>qualit\u00e9 des \u00e9quipements p\u00e9dagogiques<\/strong>&nbsp;: laboratoires de science, laboratoires informatiques, laboratoires mobiles (portables et iPad) et acc\u00e8s au r\u00e9seau sans fil.<\/li><li>Les&nbsp;<strong>installations<\/strong>&nbsp;<strong>sportives<\/strong>&nbsp;de&nbsp;<strong>qualit\u00e9<\/strong>&nbsp;(terrain synth\u00e9tique ext\u00e9rieur, terrains de tennis, ar\u00e9na, gymnases, salle d\u2019entra\u00eenement, salle d\u2019escrime et les nombreuses \u00e9quipes sportives \u00e9lites.<\/li><li>Une&nbsp;<strong>vie \u00e9tudiante riche et dynamique<\/strong>&nbsp;(activit\u00e9s parascolaires vari\u00e9es, \u00e9changes culturels et linguistiques, occasions de b\u00e9n\u00e9volat, Conseil des \u00e9l\u00e8ves, th\u00e9\u00e2tre, etc.)<\/li><li>Les&nbsp;<strong>privil\u00e8ges<\/strong>&nbsp;<strong>accord\u00e9s<\/strong>&nbsp;<strong>comme aux \u00e9tudiants du coll\u00e9gial<\/strong>&nbsp;: code vestimentaire all\u00e9g\u00e9, acc\u00e8s au Caf\u00e9 Cactus, acc\u00e8s \u00e0 la biblioth\u00e8que du coll\u00e9gial et mixit\u00e9.<\/li><li>Un&nbsp;<strong>Coll\u00e8ge accessible<\/strong>&nbsp;offrant des&nbsp;<strong>bourses<\/strong>&nbsp;aux \u00e9l\u00e8ves n\u2019ayant pas les moyens financiers pour \u00e9tudier \u00e0 Br\u00e9beuf et offrant des mesures d\u2019aide (intervenantes psychosociale et scolaire, orthop\u00e9dagogue, tutorats et \u00e9tudes).<\/li><li><strong>Un r\u00e9seau d\u2019amies et d\u2019amis<\/strong>&nbsp;: tisser des liens pour la vie professionnelle et appartenir au groupe des anciens et anciennes de Br\u00e9beuf.<\/li><li>Un&nbsp;<strong>site g\u00e9ographique exceptionnel au pied du Mont-Royal<\/strong>, le plus beau sentier de course et de marche de Montr\u00e9al en plus d\u2019\u00eatre \u00e0 deux pas des stations de m\u00e9tro et des campus universitaires.<\/li><li><strong>Un coll\u00e8ge vert<\/strong>&nbsp;: des gestes pour l\u2019environnement (composte, prises pour voitures \u00e9lectriques, efficacit\u00e9 \u00e9nerg\u00e9tique, Communauto, etc.)<\/li><\/ol>\n\n\n\n<blockquote class=\"wp-block-quote\"><p><strong>T\u00e9moignage d&rsquo;Elizabeth Svoboda, ancienne \u00e9l\u00e8ve de 5e secondaire<\/strong><\/p><p>\u00ab Br\u00e9beuf secondaire cinq, cette id\u00e9e que ma m\u00e8re, ancienne de secondaire cinq, a fait germer en moi depuis des ann\u00e9es.<\/p><p>Rapidement, j\u2019ai su que ce fut un choix judicieux. Je me suis rapidement fait des amis que je sais resteront toujours. Les activit\u00e9s auxquelles j\u2019ai particip\u00e9 \u00e9taient stimulantes, j\u2019ai m\u00eame jou\u00e9 dans la pi\u00e8ce de th\u00e9\u00e2tre de l\u2019\u00e9cole!<\/p><p>\u00c9tant maintenant une \u00e9l\u00e8ve dans ma premi\u00e8re session au programme de Sciences de la nature, je r\u00e9alise \u00e0 quel point je suis avantag\u00e9e compar\u00e9e aux autres.<\/p><p>Par un travail assidu en cinqui\u00e8me secondaire, j\u2019ai appris \u00e0 \u00eatre efficace avec mon temps et je vois que la mati\u00e8re apprise en secondaire cinq me permet de mieux saisir les nouvelles. Venir \u00e0 Br\u00e9beuf en secondaire cinq fut une des meilleures d\u00e9cisions de ma vie! \u00bb<\/p><\/blockquote>\n\n\n\n<hr class=\"wp-block-separator\"\/>\n\n\n\n<h2><span id=\"VIE_ETUDIANTE_ET_PEDAGOGIQUE\">VIE \u00c9TUDIANTE ET P\u00c9DAGOGIQUE<\/span><\/h2>\n\n\n\n<figure class=\"wp-block-gallery columns-4 is-cropped\"><ul class=\"blocks-gallery-grid\"><li class=\"blocks-gallery-item\"><figure><a href=\"https:\/\/www.brebeuf.qc.ca\/secondaire\/wp-content\/uploads\/sites\/4\/2025\/07\/CJB_10_Oct23-3318.jpg\" data-rel=\"lightbox-image-0\" data-rl_title=\"\" data-rl_caption=\"\" title=\"\"><img loading=\"lazy\" width=\"3000\" height=\"2000\" src=\"https:\/\/www.brebeuf.qc.ca\/secondaire\/wp-content\/uploads\/sites\/4\/2025\/07\/CJB_10_Oct23-3318.jpg\" alt=\"\" data-id=\"4978\" data-link=\"https:\/\/www.brebeuf.qc.ca\/secondaire\/dix-raisons-de-venir-a-brebeuf-en-5e-secondaire\/cjb_10_oct23-3318\/\" class=\"wp-image-4978\"\/><\/a><\/figure><\/li><li class=\"blocks-gallery-item\"><figure><a href=\"https:\/\/www.brebeuf.qc.ca\/secondaire\/wp-content\/uploads\/sites\/4\/2025\/07\/Rentree_secondaire-4.png\" data-rel=\"lightbox-image-1\" data-rl_title=\"\" data-rl_caption=\"\" title=\"\"><img loading=\"lazy\" width=\"1080\" height=\"1080\" src=\"https:\/\/www.brebeuf.qc.ca\/secondaire\/wp-content\/uploads\/sites\/4\/2025\/07\/Rentree_secondaire-4.png\" alt=\"\" data-id=\"4973\" data-link=\"https:\/\/www.brebeuf.qc.ca\/secondaire\/dix-raisons-de-venir-a-brebeuf-en-5e-secondaire\/rentree_secondaire-4\/\" class=\"wp-image-4973\"\/><\/a><\/figure><\/li><li class=\"blocks-gallery-item\"><figure><a href=\"https:\/\/www.brebeuf.qc.ca\/secondaire\/wp-content\/uploads\/sites\/4\/2025\/07\/CJB_10_Oct23-2839.jpg\" data-rel=\"lightbox-image-2\" data-rl_title=\"\" data-rl_caption=\"\" title=\"\"><img loading=\"lazy\" width=\"3000\" height=\"2000\" src=\"https:\/\/www.brebeuf.qc.ca\/secondaire\/wp-content\/uploads\/sites\/4\/2025\/07\/CJB_10_Oct23-2839.jpg\" alt=\"\" data-id=\"4977\" data-link=\"https:\/\/www.brebeuf.qc.ca\/secondaire\/dix-raisons-de-venir-a-brebeuf-en-5e-secondaire\/cjb_10_oct23-2839\/\" class=\"wp-image-4977\"\/><\/a><\/figure><\/li><li class=\"blocks-gallery-item\"><figure><a href=\"https:\/\/www.brebeuf.qc.ca\/secondaire\/wp-content\/uploads\/sites\/4\/2025\/07\/CJB_10_Oct23-3260.jpg\" data-rel=\"lightbox-image-3\" data-rl_title=\"\" data-rl_caption=\"\" title=\"\"><img loading=\"lazy\" width=\"3000\" height=\"2000\" src=\"https:\/\/www.brebeuf.qc.ca\/secondaire\/wp-content\/uploads\/sites\/4\/2025\/07\/CJB_10_Oct23-3260.jpg\" alt=\"\" data-id=\"5017\" data-link=\"https:\/\/www.brebeuf.qc.ca\/secondaire\/dix-raisons-de-venir-a-brebeuf-en-5e-secondaire\/cjb_10_oct23-3260\/\" class=\"wp-image-5017\"\/><\/a><\/figure><\/li><li class=\"blocks-gallery-item\"><figure><a href=\"https:\/\/www.brebeuf.qc.ca\/secondaire\/wp-content\/uploads\/sites\/4\/2025\/07\/Rentree_secondaire.png\" data-rel=\"lightbox-image-4\" data-rl_title=\"\" data-rl_caption=\"\" title=\"\"><img loading=\"lazy\" width=\"1080\" height=\"1080\" src=\"https:\/\/www.brebeuf.qc.ca\/secondaire\/wp-content\/uploads\/sites\/4\/2025\/07\/Rentree_secondaire.png\" alt=\"\" data-id=\"4975\" data-link=\"https:\/\/www.brebeuf.qc.ca\/secondaire\/dix-raisons-de-venir-a-brebeuf-en-5e-secondaire\/rentree_secondaire\/\" class=\"wp-image-4975\"\/><\/a><\/figure><\/li><li class=\"blocks-gallery-item\"><figure><a href=\"https:\/\/www.brebeuf.qc.ca\/secondaire\/wp-content\/uploads\/sites\/4\/2025\/07\/CJB_Banque_240925-892_MR.jpg\" data-rel=\"lightbox-image-5\" data-rl_title=\"\" data-rl_caption=\"\" title=\"\"><img loading=\"lazy\" width=\"5400\" height=\"3593\" src=\"https:\/\/www.brebeuf.qc.ca\/secondaire\/wp-content\/uploads\/sites\/4\/2025\/07\/CJB_Banque_240925-892_MR.jpg\" alt=\"\" data-id=\"5018\" data-link=\"https:\/\/www.brebeuf.qc.ca\/secondaire\/dix-raisons-de-venir-a-brebeuf-en-5e-secondaire\/cjb_banque_240925-892_mr\/\" class=\"wp-image-5018\"\/><\/a><\/figure><\/li><\/ul><\/figure>\n\n\n\n<h2><span id=\"EQUIPES_SPORTIVES_ELITES\">\u00c9QUIPES SPORTIVES \u00c9LITES<\/span><\/h2>\n\n\n\n<figure class=\"wp-block-gallery columns-4 is-cropped\"><ul class=\"blocks-gallery-grid\"><li class=\"blocks-gallery-item\"><figure><a href=\"https:\/\/www.brebeuf.qc.ca\/secondaire\/wp-content\/uploads\/sites\/4\/2025\/07\/DSC6577.jpg\" data-rel=\"lightbox-image-6\" data-rl_title=\"\" data-rl_caption=\"\" title=\"\"><img loading=\"lazy\" width=\"3000\" height=\"2000\" src=\"https:\/\/www.brebeuf.qc.ca\/secondaire\/wp-content\/uploads\/sites\/4\/2025\/07\/DSC6577.jpg\" alt=\"\" data-id=\"5025\" data-link=\"https:\/\/www.brebeuf.qc.ca\/secondaire\/dix-raisons-de-venir-a-brebeuf-en-5e-secondaire\/dsc6577-2\/\" class=\"wp-image-5025\"\/><\/a><\/figure><\/li><li class=\"blocks-gallery-item\"><figure><a href=\"https:\/\/www.brebeuf.qc.ca\/secondaire\/wp-content\/uploads\/sites\/4\/2025\/07\/CJB_10_Oct23-1308.jpg\" data-rel=\"lightbox-image-7\" data-rl_title=\"\" data-rl_caption=\"\" title=\"\"><img loading=\"lazy\" width=\"3000\" height=\"2000\" src=\"https:\/\/www.brebeuf.qc.ca\/secondaire\/wp-content\/uploads\/sites\/4\/2025\/07\/CJB_10_Oct23-1308.jpg\" alt=\"\" data-id=\"5026\" data-link=\"https:\/\/www.brebeuf.qc.ca\/secondaire\/dix-raisons-de-venir-a-brebeuf-en-5e-secondaire\/cjb_10_oct23-1308\/\" class=\"wp-image-5026\"\/><\/a><\/figure><\/li><li class=\"blocks-gallery-item\"><figure><a href=\"https:\/\/www.brebeuf.qc.ca\/secondaire\/wp-content\/uploads\/sites\/4\/2025\/07\/DSC00858.jpg\" data-rel=\"lightbox-image-8\" data-rl_title=\"\" data-rl_caption=\"\" title=\"\"><img loading=\"lazy\" width=\"2160\" height=\"1440\" src=\"https:\/\/www.brebeuf.qc.ca\/secondaire\/wp-content\/uploads\/sites\/4\/2025\/07\/DSC00858.jpg\" alt=\"\" data-id=\"5023\" data-link=\"https:\/\/www.brebeuf.qc.ca\/secondaire\/dix-raisons-de-venir-a-brebeuf-en-5e-secondaire\/dsc00858\/\" class=\"wp-image-5023\"\/><\/a><\/figure><\/li><li class=\"blocks-gallery-item\"><figure><a href=\"https:\/\/www.brebeuf.qc.ca\/secondaire\/wp-content\/uploads\/sites\/4\/2025\/07\/DSC_0527-min.jpg\" data-rel=\"lightbox-image-9\" data-rl_title=\"\" data-rl_caption=\"\" title=\"\"><img loading=\"lazy\" width=\"4928\" height=\"3264\" src=\"https:\/\/www.brebeuf.qc.ca\/secondaire\/wp-content\/uploads\/sites\/4\/2025\/07\/DSC_0527-min.jpg\" alt=\"\" data-id=\"5027\" data-link=\"https:\/\/www.brebeuf.qc.ca\/secondaire\/dix-raisons-de-venir-a-brebeuf-en-5e-secondaire\/dsc_0527-min-2\/\" class=\"wp-image-5027\"\/><\/a><\/figure><\/li><li class=\"blocks-gallery-item\"><figure><a href=\"https:\/\/www.brebeuf.qc.ca\/secondaire\/wp-content\/uploads\/sites\/4\/2025\/07\/argent-BFD4.jpg\" data-rel=\"lightbox-image-10\" data-rl_title=\"\" data-rl_caption=\"\" title=\"\"><img loading=\"lazy\" width=\"4032\" height=\"3024\" src=\"https:\/\/www.brebeuf.qc.ca\/secondaire\/wp-content\/uploads\/sites\/4\/2025\/07\/argent-BFD4.jpg\" alt=\"\" data-id=\"5028\" data-link=\"https:\/\/www.brebeuf.qc.ca\/secondaire\/dix-raisons-de-venir-a-brebeuf-en-5e-secondaire\/argent-bfd4\/\" class=\"wp-image-5028\"\/><\/a><\/figure><\/li><li class=\"blocks-gallery-item\"><figure><a href=\"https:\/\/www.brebeuf.qc.ca\/secondaire\/wp-content\/uploads\/sites\/4\/2025\/07\/CJB_10_Oct23-4452.jpg\" data-rel=\"lightbox-image-11\" data-rl_title=\"\" data-rl_caption=\"\" title=\"\"><img loading=\"lazy\" width=\"3000\" height=\"2000\" src=\"https:\/\/www.brebeuf.qc.ca\/secondaire\/wp-content\/uploads\/sites\/4\/2025\/07\/CJB_10_Oct23-4452.jpg\" alt=\"\" data-id=\"5029\" data-link=\"https:\/\/www.brebeuf.qc.ca\/secondaire\/dix-raisons-de-venir-a-brebeuf-en-5e-secondaire\/cjb_10_oct23-4452\/\" class=\"wp-image-5029\"\/><\/a><\/figure><\/li><\/ul><\/figure>\n\n\n\n<h2><span id=\"INSTALLATIONS_SPORTIVES\">INSTALLATIONS SPORTIVES<\/span><\/h2>\n\n\n\n<figure class=\"wp-block-gallery columns-4 is-cropped\"><ul class=\"blocks-gallery-grid\"><li class=\"blocks-gallery-item\"><figure><a href=\"https:\/\/www.brebeuf.qc.ca\/secondaire\/wp-content\/uploads\/sites\/4\/2019\/08\/19.jpg\" data-rel=\"lightbox-image-12\" data-rl_title=\"\" data-rl_caption=\"\" title=\"\"><img loading=\"lazy\" width=\"309\" height=\"300\" src=\"https:\/\/www.brebeuf.qc.ca\/secondaire\/wp-content\/uploads\/sites\/4\/2019\/08\/19.jpg\" alt=\"\" data-id=\"1805\" data-full-url=\"https:\/\/www.brebeuf.qc.ca\/secondaire\/wp-content\/uploads\/sites\/4\/2019\/08\/19.jpg\" data-link=\"https:\/\/www.brebeuf.qc.ca\/secondaire\/19-2\/\" class=\"wp-image-1805\" srcset=\"https:\/\/www.brebeuf.qc.ca\/secondaire\/wp-content\/uploads\/sites\/4\/2019\/08\/19.jpg 309w, https:\/\/www.brebeuf.qc.ca\/secondaire\/wp-content\/uploads\/sites\/4\/2019\/08\/19-300x291.jpg 300w\" sizes=\"(max-width: 309px) 100vw, 309px\" \/><\/a><\/figure><\/li><li class=\"blocks-gallery-item\"><figure><a href=\"https:\/\/www.brebeuf.qc.ca\/secondaire\/wp-content\/uploads\/sites\/4\/2019\/08\/23.jpg\" data-rel=\"lightbox-image-13\" data-rl_title=\"\" data-rl_caption=\"\" title=\"\"><img loading=\"lazy\" width=\"309\" height=\"300\" src=\"https:\/\/www.brebeuf.qc.ca\/secondaire\/wp-content\/uploads\/sites\/4\/2019\/08\/23.jpg\" alt=\"\" data-id=\"1809\" data-full-url=\"https:\/\/www.brebeuf.qc.ca\/secondaire\/wp-content\/uploads\/sites\/4\/2019\/08\/23.jpg\" data-link=\"https:\/\/www.brebeuf.qc.ca\/secondaire\/23-2\/\" class=\"wp-image-1809\" srcset=\"https:\/\/www.brebeuf.qc.ca\/secondaire\/wp-content\/uploads\/sites\/4\/2019\/08\/23.jpg 309w, https:\/\/www.brebeuf.qc.ca\/secondaire\/wp-content\/uploads\/sites\/4\/2019\/08\/23-300x291.jpg 300w\" sizes=\"(max-width: 309px) 100vw, 309px\" \/><\/a><\/figure><\/li><li class=\"blocks-gallery-item\"><figure><a href=\"https:\/\/www.brebeuf.qc.ca\/secondaire\/wp-content\/uploads\/sites\/4\/2019\/08\/22.jpg\" data-rel=\"lightbox-image-14\" data-rl_title=\"\" data-rl_caption=\"\" title=\"\"><img loading=\"lazy\" width=\"309\" height=\"300\" src=\"https:\/\/www.brebeuf.qc.ca\/secondaire\/wp-content\/uploads\/sites\/4\/2019\/08\/22.jpg\" alt=\"\" data-id=\"1808\" data-full-url=\"https:\/\/www.brebeuf.qc.ca\/secondaire\/wp-content\/uploads\/sites\/4\/2019\/08\/22.jpg\" data-link=\"https:\/\/www.brebeuf.qc.ca\/secondaire\/22-2\/\" class=\"wp-image-1808\" srcset=\"https:\/\/www.brebeuf.qc.ca\/secondaire\/wp-content\/uploads\/sites\/4\/2019\/08\/22.jpg 309w, https:\/\/www.brebeuf.qc.ca\/secondaire\/wp-content\/uploads\/sites\/4\/2019\/08\/22-300x291.jpg 300w\" sizes=\"(max-width: 309px) 100vw, 309px\" \/><\/a><\/figure><\/li><li class=\"blocks-gallery-item\"><figure><a href=\"https:\/\/www.brebeuf.qc.ca\/secondaire\/wp-content\/uploads\/sites\/4\/2019\/08\/24.jpg\" data-rel=\"lightbox-image-15\" data-rl_title=\"\" data-rl_caption=\"\" title=\"\"><img loading=\"lazy\" width=\"309\" height=\"301\" src=\"https:\/\/www.brebeuf.qc.ca\/secondaire\/wp-content\/uploads\/sites\/4\/2019\/08\/24.jpg\" alt=\"\" data-id=\"1810\" data-full-url=\"https:\/\/www.brebeuf.qc.ca\/secondaire\/wp-content\/uploads\/sites\/4\/2019\/08\/24.jpg\" data-link=\"https:\/\/www.brebeuf.qc.ca\/secondaire\/24-2\/\" class=\"wp-image-1810\" srcset=\"https:\/\/www.brebeuf.qc.ca\/secondaire\/wp-content\/uploads\/sites\/4\/2019\/08\/24.jpg 309w, https:\/\/www.brebeuf.qc.ca\/secondaire\/wp-content\/uploads\/sites\/4\/2019\/08\/24-300x292.jpg 300w\" sizes=\"(max-width: 309px) 100vw, 309px\" \/><\/a><\/figure><\/li><li class=\"blocks-gallery-item\"><figure><a href=\"https:\/\/www.brebeuf.qc.ca\/secondaire\/wp-content\/uploads\/sites\/4\/2019\/08\/18.jpg\" data-rel=\"lightbox-image-16\" data-rl_title=\"\" data-rl_caption=\"\" title=\"\"><img loading=\"lazy\" width=\"309\" height=\"301\" src=\"https:\/\/www.brebeuf.qc.ca\/secondaire\/wp-content\/uploads\/sites\/4\/2019\/08\/18.jpg\" alt=\"\" data-id=\"1804\" data-full-url=\"https:\/\/www.brebeuf.qc.ca\/secondaire\/wp-content\/uploads\/sites\/4\/2019\/08\/18.jpg\" data-link=\"https:\/\/www.brebeuf.qc.ca\/secondaire\/18-2\/\" class=\"wp-image-1804\" srcset=\"https:\/\/www.brebeuf.qc.ca\/secondaire\/wp-content\/uploads\/sites\/4\/2019\/08\/18.jpg 309w, https:\/\/www.brebeuf.qc.ca\/secondaire\/wp-content\/uploads\/sites\/4\/2019\/08\/18-300x292.jpg 300w\" sizes=\"(max-width: 309px) 100vw, 309px\" \/><\/a><\/figure><\/li><li class=\"blocks-gallery-item\"><figure><a href=\"https:\/\/www.brebeuf.qc.ca\/secondaire\/wp-content\/uploads\/sites\/4\/2019\/08\/17.jpg\" data-rel=\"lightbox-image-17\" data-rl_title=\"\" data-rl_caption=\"\" title=\"\"><img loading=\"lazy\" width=\"309\" height=\"300\" src=\"https:\/\/www.brebeuf.qc.ca\/secondaire\/wp-content\/uploads\/sites\/4\/2019\/08\/17.jpg\" alt=\"\" data-id=\"1803\" data-full-url=\"https:\/\/www.brebeuf.qc.ca\/secondaire\/wp-content\/uploads\/sites\/4\/2019\/08\/17.jpg\" data-link=\"https:\/\/www.brebeuf.qc.ca\/secondaire\/17-2\/\" class=\"wp-image-1803\" srcset=\"https:\/\/www.brebeuf.qc.ca\/secondaire\/wp-content\/uploads\/sites\/4\/2019\/08\/17.jpg 309w, https:\/\/www.brebeuf.qc.ca\/secondaire\/wp-content\/uploads\/sites\/4\/2019\/08\/17-300x291.jpg 300w\" sizes=\"(max-width: 309px) 100vw, 309px\" \/><\/a><\/figure><\/li><\/ul><\/figure>\n<div id=\"toc_container\" class=\"no_bullets\"><p class=\"toc_title\">Sommaire<\/p><ul class=\"toc_list\"><li><a href=\"#Les_options_au_secondaire\">Les options au secondaire<\/a><\/li><li><a href=\"#VIE_ETUDIANTE_ET_PEDAGOGIQUE\">VIE \u00c9TUDIANTE ET P\u00c9DAGOGIQUE<\/a><\/li><li><a href=\"#EQUIPES_SPORTIVES_ELITES\">\u00c9QUIPES SPORTIVES \u00c9LITES<\/a><\/li><li><a href=\"#INSTALLATIONS_SPORTIVES\">INSTALLATIONS SPORTIVES<\/a><\/li><\/ul><\/div>\n","protected":false},"excerpt":{"rendered":"<p>La rentr\u00e9e en 1re secondaire Les options au secondaire S\u2019inscrire \u00e0 Br\u00e9beuf en 2e, 3e, 4e et 5e secondaire : nos incontournables ! La&nbsp;renomm\u00e9e&nbsp;du Coll\u00e8ge et l\u2019excellence de sa formation scolaire. La&nbsp;poursuite des \u00e9tudes au coll\u00e9gial&nbsp;dans le m\u00eame \u00e9tablissement (admission&#8230;<\/p>\n","protected":false},"author":3,"featured_media":5033,"parent":0,"menu_order":0,"comment_status":"closed","ping_status":"closed","template":"templates\/template-personnalisable.php","meta":{"_editorskit_title_hidden":false,"_editorskit_reading_time":2,"_editorskit_typography_data":[],"_editorskit_blocks_typography":""},"yoast_head":"<!-- This site is optimized with the Yoast SEO plugin v16.3 - https:\/\/yoast.com\/wordpress\/plugins\/seo\/ -->\n<title>Bienvenue au Coll\u00e8ge ! - Secondaire<\/title>\n<meta name=\"robots\" content=\"index, follow, max-snippet:-1, max-image-preview:large, max-video-preview:-1\" \/>\n<link rel=\"canonical\" href=\"https:\/\/www.brebeuf.qc.ca\/secondaire\/nouveaux-eleves-a-brebeuf\/\" \/>\n<meta property=\"og:locale\" content=\"fr_FR\" \/>\n<meta property=\"og:type\" content=\"article\" \/>\n<meta property=\"og:title\" content=\"Bienvenue au Coll\u00e8ge ! - Secondaire\" \/>\n<meta property=\"og:description\" content=\"La rentr\u00e9e en 1re secondaire Les options au secondaire S\u2019inscrire \u00e0 Br\u00e9beuf en 2e, 3e, 4e et 5e secondaire : nos incontournables ! La&nbsp;renomm\u00e9e&nbsp;du Coll\u00e8ge et l\u2019excellence de sa formation scolaire. La&nbsp;poursuite des \u00e9tudes au coll\u00e9gial&nbsp;dans le m\u00eame \u00e9tablissement (admission...\" \/>\n<meta property=\"og:url\" content=\"https:\/\/www.brebeuf.qc.ca\/secondaire\/nouveaux-eleves-a-brebeuf\/\" \/>\n<meta property=\"og:site_name\" content=\"Secondaire\" \/>\n<meta property=\"article:modified_time\" content=\"2026-04-28T15:22:36+00:00\" \/>\n<meta property=\"og:image\" content=\"https:\/\/www.brebeuf.qc.ca\/secondaire\/wp-content\/uploads\/sites\/4\/2025\/07\/5e-secondaire-1-1.png\" \/>\n\t<meta property=\"og:image:width\" content=\"1400\" \/>\n\t<meta property=\"og:image:height\" content=\"240\" \/>\n<meta name=\"twitter:label1\" content=\"Dur\u00e9e de lecture est.\">\n\t<meta name=\"twitter:data1\" content=\"6 minutes\">\n<script type=\"application\/ld+json\" class=\"yoast-schema-graph\">{\"@context\":\"https:\/\/schema.org\",\"@graph\":[{\"@type\":\"WebSite\",\"@id\":\"https:\/\/www.brebeuf.qc.ca\/secondaire\/#website\",\"url\":\"https:\/\/www.brebeuf.qc.ca\/secondaire\/\",\"name\":\"Secondaire\",\"description\":\"Coll\\u00e8ge priv\\u00e9 | Secondaire | Coll\\u00e9gial\",\"potentialAction\":[{\"@type\":\"SearchAction\",\"target\":\"https:\/\/www.brebeuf.qc.ca\/secondaire\/?s={search_term_string}\",\"query-input\":\"required name=search_term_string\"}],\"inLanguage\":\"fr-FR\"},{\"@type\":\"ImageObject\",\"@id\":\"https:\/\/www.brebeuf.qc.ca\/secondaire\/nouveaux-eleves-a-brebeuf\/#primaryimage\",\"inLanguage\":\"fr-FR\",\"url\":\"https:\/\/www.brebeuf.qc.ca\/secondaire\/wp-content\/uploads\/sites\/4\/2025\/07\/5e-secondaire-1-1.png\",\"contentUrl\":\"https:\/\/www.brebeuf.qc.ca\/secondaire\/wp-content\/uploads\/sites\/4\/2025\/07\/5e-secondaire-1-1.png\",\"width\":1400,\"height\":240},{\"@type\":\"WebPage\",\"@id\":\"https:\/\/www.brebeuf.qc.ca\/secondaire\/nouveaux-eleves-a-brebeuf\/#webpage\",\"url\":\"https:\/\/www.brebeuf.qc.ca\/secondaire\/nouveaux-eleves-a-brebeuf\/\",\"name\":\"Bienvenue au Coll\\u00e8ge ! - Secondaire\",\"isPartOf\":{\"@id\":\"https:\/\/www.brebeuf.qc.ca\/secondaire\/#website\"},\"primaryImageOfPage\":{\"@id\":\"https:\/\/www.brebeuf.qc.ca\/secondaire\/nouveaux-eleves-a-brebeuf\/#primaryimage\"},\"datePublished\":\"2015-09-28T19:10:32+00:00\",\"dateModified\":\"2026-04-28T15:22:36+00:00\",\"breadcrumb\":{\"@id\":\"https:\/\/www.brebeuf.qc.ca\/secondaire\/nouveaux-eleves-a-brebeuf\/#breadcrumb\"},\"inLanguage\":\"fr-FR\",\"potentialAction\":[{\"@type\":\"ReadAction\",\"target\":[\"https:\/\/www.brebeuf.qc.ca\/secondaire\/nouveaux-eleves-a-brebeuf\/\"]}]},{\"@type\":\"BreadcrumbList\",\"@id\":\"https:\/\/www.brebeuf.qc.ca\/secondaire\/nouveaux-eleves-a-brebeuf\/#breadcrumb\",\"itemListElement\":[{\"@type\":\"ListItem\",\"position\":1,\"item\":{\"@type\":\"WebPage\",\"@id\":\"https:\/\/www.brebeuf.qc.ca\/secondaire\/\",\"url\":\"https:\/\/www.brebeuf.qc.ca\/secondaire\/\",\"name\":\"Home\"}},{\"@type\":\"ListItem\",\"position\":2,\"item\":{\"@id\":\"https:\/\/www.brebeuf.qc.ca\/secondaire\/nouveaux-eleves-a-brebeuf\/#webpage\"}}]}]}<\/script>\n<!-- \/ Yoast SEO plugin. -->","_links":{"self":[{"href":"https:\/\/www.brebeuf.qc.ca\/secondaire\/wp-json\/wp\/v2\/pages\/790"}],"collection":[{"href":"https:\/\/www.brebeuf.qc.ca\/secondaire\/wp-json\/wp\/v2\/pages"}],"about":[{"href":"https:\/\/www.brebeuf.qc.ca\/secondaire\/wp-json\/wp\/v2\/types\/page"}],"author":[{"embeddable":true,"href":"https:\/\/www.brebeuf.qc.ca\/secondaire\/wp-json\/wp\/v2\/users\/3"}],"replies":[{"embeddable":true,"href":"https:\/\/www.brebeuf.qc.ca\/secondaire\/wp-json\/wp\/v2\/comments?post=790"}],"version-history":[{"count":35,"href":"https:\/\/www.brebeuf.qc.ca\/secondaire\/wp-json\/wp\/v2\/pages\/790\/revisions"}],"predecessor-version":[{"id":5345,"href":"https:\/\/www.brebeuf.qc.ca\/secondaire\/wp-json\/wp\/v2\/pages\/790\/revisions\/5345"}],"wp:featuredmedia":[{"embeddable":true,"href":"https:\/\/www.brebeuf.qc.ca\/secondaire\/wp-json\/wp\/v2\/media\/5033"}],"wp:attachment":[{"href":"https:\/\/www.brebeuf.qc.ca\/secondaire\/wp-json\/wp\/v2\/media?parent=790"}],"curies":[{"name":"wp","href":"https:\/\/api.w.org\/{rel}","templated":true}]}}