{"id":782,"date":"2015-09-22T14:03:54","date_gmt":"2015-09-22T14:03:54","guid":{"rendered":"https:\/\/www.brebeuf.qc.ca\/secondaire-garcons\/?page_id=782"},"modified":"2020-07-21T16:05:49","modified_gmt":"2020-07-21T16:05:49","slug":"historique-escrime","status":"publish","type":"page","link":"https:\/\/www.brebeuf.qc.ca\/secondaire\/escrime-elite-mixte\/historique-escrime\/","title":{"rendered":"Historique &#8211; Escrime"},"content":{"rendered":"<p>Le club remporte plus de <strong>100 m\u00e9dailles<\/strong> annuellement <strong>depuis 30 ans <\/strong>et a remport\u00e9 plus de <strong>75 titres provinciaux et 55 titres nationaux individuels.<\/strong><\/p>\n<p><strong>18 fois champions canadiens par \u00e9quipe (sabre)<\/strong><\/p>\n<p>Sabreurs sur les \u00e9quipes : JP Banos, JM Banos, M. Bardagie, Jm Breton, M. Sauv\u00e9, \u00c9. Piette, M. Boulos, M. O. Hassoun., P. Beaudry, V. Beaudry, P.P. Gouin, Couturier V. Polossifakis J., Beaucage F., Mayer N., J. Hogues, M. Nassif. S. Moore.<\/p>\n<p><strong>3 fois champions canadiens par \u00e9quipe (\u00c9p\u00e9e f\u00e9minine)<\/strong><\/p>\n<p>\u00c9p\u00e9istes sur les \u00e9quipes : V. Hogues, L. Fournier, B. Mark-Larkin, A. Marion Jetten, M. Lubczynski.<\/p>\n<h2><span id=\"CHAMPIONS_CANADIENS_EN_INDIVIDUEL\">CHAMPIONS CANADIENS EN INDIVIDUEL<\/span><\/h2>\n<ul>\n<li>J-P Banos (7 fois senior, 1 fois junior)<\/li>\n<li>J-M Banos (3 fois senior, 2 fois junior)<\/li>\n<li>M.O. Hassoun (2 fois cadet, 4 fois junior)<\/li>\n<li>M. Boulos (6 fois senior, 1 fois junior)<\/li>\n<li>J. Polossifakis (1 fois senior)<\/li>\n<li>M. Hasbani (1 fois cadet, 1 fois junior)<\/li>\n<li>P. Buist (1 fois cadet)<\/li>\n<li>\u00c9. Piette (1 fois cadet)<\/li>\n<li>P.P. Gouin (1 fois junior, 1 fois cadet)<\/li>\n<li>N. Mayer (1 fois junior)<\/li>\n<li>P. Beaudry (2 fois cadet, 5 fois junior, 7 fois senior)<\/li>\n<li>C. Boulva (1 fois cadet)<\/li>\n<li>B. Mappin-Kasirer (1 fois cadet)<\/li>\n<li>V. Couturier (2 fois junior, 1 fois senior)<\/li>\n<li>V. Orellana-Pepin (2 fois cadet)<\/li>\n<li>M \u2013A. Blais-B\u00e9langer (1 fois junior,1 fois benjamin, 1 fois cadet, 1 fois s\u00e9nior)<\/li>\n<li>Kevin Lutfy (1 fois cadet)<\/li>\n<li>Brittany Mark-Larkin (1 fois junior)<\/li>\n<li>Louise Fournier (1 fois junior)<\/li>\n<li>Fran\u00e7ois Cauchon (1 fois benjamin, 1 fois cadet)<\/li>\n<li>Monica Lubczynski (2 fois cadet, 1 fois junior)<\/li>\n<\/ul>\n<h2><span id=\"NOS_MEDAILLES_DES_JEUX_DU_CANADA_DEPUIS_1991\">NOS M\u00c9DAILL\u00c9S DES JEUX DU CANADA DEPUIS 1991<\/span><\/h2>\n<ul>\n<li>P. Buist or, M. Boulos bronze. (1991) sabre<\/li>\n<li>MO Hassoun or, P. Cheung argent (1995) sabre<\/li>\n<li>PP Gouin or, A. Albanese bronze (1999) sabre<\/li>\n<li>P. Dussault or, A. Ducasse argent(1999) \u00e9p\u00e9e<\/li>\n<li>P. Beaudry or, C. Houdayer argent (2003) sabre<\/li>\n<li>V. Couturier or, J. Polossifakis bronze, N. Beaulieu (2007) sabre<\/li>\n<\/ul>\n<h2><span id=\"NOS_MEDAILLES_DES_JEUX_PANAMERICAINS_DEPUIS_1999\">NOS M\u00c9DAILL\u00c9S DES JEUX PANAM\u00c9RICAINS DEPUIS 1999<\/span><\/h2>\n<ul>\n<li>MO Hassoun or (1999) sabre<\/li>\n<li>P. Beaudry or, J. Polossifakis, bronze (2011) sabre<\/li>\n<li>J. Polossifakis, argent (2015)<\/li>\n<\/ul>\n<h2><span id=\"Evenements_marquants_de_lhistoire_du_club_descrime_Brebeuf\">\u00c9v\u00e9nements marquants de l\u2019histoire du club d\u2019escrime Br\u00e9beuf<\/span><\/h2>\n<figure id=\"attachment_783\" aria-describedby=\"caption-attachment-783\" style=\"width: 690px\" class=\"wp-caption alignnone\"><img loading=\"lazy\" class=\"wp-image-783 size-full\" src=\"https:\/\/www.brebeuf.qc.ca\/secondaire\/wp-content\/uploads\/sites\/4\/2015\/09\/\u00c9v\u00e8nements-marquants.jpg\" alt=\"\u00c9v\u00e8nements-marquants\" width=\"690\" height=\"425\" srcset=\"https:\/\/www.brebeuf.qc.ca\/secondaire\/wp-content\/uploads\/sites\/4\/2015\/09\/\u00c9v\u00e8nements-marquants.jpg 690w, https:\/\/www.brebeuf.qc.ca\/secondaire\/wp-content\/uploads\/sites\/4\/2015\/09\/\u00c9v\u00e8nements-marquants-300x184.jpg 300w\" sizes=\"(max-width: 690px) 100vw, 690px\" \/><figcaption id=\"caption-attachment-783\" class=\"wp-caption-text\">\u00c9v\u00e9nements marquants<\/figcaption><\/figure>\n<div id=\"toc_container\" class=\"no_bullets\"><p class=\"toc_title\">Sommaire<\/p><ul class=\"toc_list\"><li><a href=\"#CHAMPIONS_CANADIENS_EN_INDIVIDUEL\">CHAMPIONS CANADIENS EN INDIVIDUEL<\/a><\/li><li><a href=\"#NOS_MEDAILLES_DES_JEUX_DU_CANADA_DEPUIS_1991\">NOS M\u00c9DAILL\u00c9S DES JEUX DU CANADA DEPUIS 1991<\/a><\/li><li><a href=\"#NOS_MEDAILLES_DES_JEUX_PANAMERICAINS_DEPUIS_1999\">NOS M\u00c9DAILL\u00c9S DES JEUX PANAM\u00c9RICAINS DEPUIS 1999<\/a><\/li><li><a href=\"#Evenements_marquants_de_lhistoire_du_club_descrime_Brebeuf\">\u00c9v\u00e9nements marquants de l\u2019histoire du club d\u2019escrime Br\u00e9beuf<\/a><\/li><\/ul><\/div>\n","protected":false},"excerpt":{"rendered":"<p>Le club remporte plus de 100 m\u00e9dailles annuellement depuis 30 ans et a remport\u00e9 plus de 75 titres provinciaux et 55 titres nationaux individuels. 18 fois champions canadiens par \u00e9quipe (sabre) Sabreurs sur les \u00e9quipes : JP Banos, JM Banos,&#8230;<\/p>\n","protected":false},"author":3,"featured_media":2192,"parent":288,"menu_order":0,"comment_status":"closed","ping_status":"closed","template":"templates\/template-personnalisable.php","meta":{"_editorskit_title_hidden":false,"_editorskit_reading_time":0,"_editorskit_typography_data":[],"_editorskit_blocks_typography":""},"yoast_head":"<!-- This site is optimized with the Yoast SEO plugin v16.3 - https:\/\/yoast.com\/wordpress\/plugins\/seo\/ -->\n<title>Historique - Escrime - Secondaire<\/title>\n<meta name=\"robots\" content=\"index, follow, max-snippet:-1, max-image-preview:large, max-video-preview:-1\" \/>\n<link rel=\"canonical\" href=\"https:\/\/www.brebeuf.qc.ca\/secondaire\/escrime-elite-mixte\/historique-escrime\/\" \/>\n<meta property=\"og:locale\" content=\"fr_FR\" \/>\n<meta property=\"og:type\" content=\"article\" \/>\n<meta property=\"og:title\" content=\"Historique - Escrime - Secondaire\" \/>\n<meta property=\"og:description\" content=\"Le club remporte plus de 100 m\u00e9dailles annuellement depuis 30 ans et a remport\u00e9 plus de 75 titres provinciaux et 55 titres nationaux individuels. 18 fois champions canadiens par \u00e9quipe (sabre) Sabreurs sur les \u00e9quipes : JP Banos, JM Banos,...\" \/>\n<meta property=\"og:url\" content=\"https:\/\/www.brebeuf.qc.ca\/secondaire\/escrime-elite-mixte\/historique-escrime\/\" \/>\n<meta property=\"og:site_name\" content=\"Secondaire\" \/>\n<meta property=\"article:modified_time\" content=\"2020-07-21T16:05:49+00:00\" \/>\n<meta property=\"og:image\" content=\"https:\/\/www.brebeuf.qc.ca\/secondaire\/wp-content\/uploads\/sites\/4\/2020\/07\/entetes_sports_escrime.jpg\" \/>\n\t<meta property=\"og:image:width\" content=\"1400\" \/>\n\t<meta property=\"og:image:height\" content=\"240\" \/>\n<meta name=\"twitter:label1\" content=\"Dur\u00e9e de lecture est.\">\n\t<meta name=\"twitter:data1\" content=\"2 minutes\">\n<script type=\"application\/ld+json\" class=\"yoast-schema-graph\">{\"@context\":\"https:\/\/schema.org\",\"@graph\":[{\"@type\":\"WebSite\",\"@id\":\"https:\/\/www.brebeuf.qc.ca\/secondaire\/#website\",\"url\":\"https:\/\/www.brebeuf.qc.ca\/secondaire\/\",\"name\":\"Secondaire\",\"description\":\"Coll\\u00e8ge priv\\u00e9 | Secondaire | Coll\\u00e9gial\",\"potentialAction\":[{\"@type\":\"SearchAction\",\"target\":\"https:\/\/www.brebeuf.qc.ca\/secondaire\/?s={search_term_string}\",\"query-input\":\"required name=search_term_string\"}],\"inLanguage\":\"fr-FR\"},{\"@type\":\"ImageObject\",\"@id\":\"https:\/\/www.brebeuf.qc.ca\/secondaire\/escrime-elite-mixte\/historique-escrime\/#primaryimage\",\"inLanguage\":\"fr-FR\",\"url\":\"https:\/\/www.brebeuf.qc.ca\/secondaire\/wp-content\/uploads\/sites\/4\/2020\/07\/entetes_sports_escrime.jpg\",\"contentUrl\":\"https:\/\/www.brebeuf.qc.ca\/secondaire\/wp-content\/uploads\/sites\/4\/2020\/07\/entetes_sports_escrime.jpg\",\"width\":1400,\"height\":240},{\"@type\":\"WebPage\",\"@id\":\"https:\/\/www.brebeuf.qc.ca\/secondaire\/escrime-elite-mixte\/historique-escrime\/#webpage\",\"url\":\"https:\/\/www.brebeuf.qc.ca\/secondaire\/escrime-elite-mixte\/historique-escrime\/\",\"name\":\"Historique - Escrime - Secondaire\",\"isPartOf\":{\"@id\":\"https:\/\/www.brebeuf.qc.ca\/secondaire\/#website\"},\"primaryImageOfPage\":{\"@id\":\"https:\/\/www.brebeuf.qc.ca\/secondaire\/escrime-elite-mixte\/historique-escrime\/#primaryimage\"},\"datePublished\":\"2015-09-22T14:03:54+00:00\",\"dateModified\":\"2020-07-21T16:05:49+00:00\",\"breadcrumb\":{\"@id\":\"https:\/\/www.brebeuf.qc.ca\/secondaire\/escrime-elite-mixte\/historique-escrime\/#breadcrumb\"},\"inLanguage\":\"fr-FR\",\"potentialAction\":[{\"@type\":\"ReadAction\",\"target\":[\"https:\/\/www.brebeuf.qc.ca\/secondaire\/escrime-elite-mixte\/historique-escrime\/\"]}]},{\"@type\":\"BreadcrumbList\",\"@id\":\"https:\/\/www.brebeuf.qc.ca\/secondaire\/escrime-elite-mixte\/historique-escrime\/#breadcrumb\",\"itemListElement\":[{\"@type\":\"ListItem\",\"position\":1,\"item\":{\"@type\":\"WebPage\",\"@id\":\"https:\/\/www.brebeuf.qc.ca\/secondaire\/\",\"url\":\"https:\/\/www.brebeuf.qc.ca\/secondaire\/\",\"name\":\"Home\"}},{\"@type\":\"ListItem\",\"position\":2,\"item\":{\"@type\":\"WebPage\",\"@id\":\"https:\/\/www.brebeuf.qc.ca\/secondaire\/escrime-elite-mixte\/\",\"url\":\"https:\/\/www.brebeuf.qc.ca\/secondaire\/escrime-elite-mixte\/\",\"name\":\"Escrime \\u00e9lite mixte\"}},{\"@type\":\"ListItem\",\"position\":3,\"item\":{\"@id\":\"https:\/\/www.brebeuf.qc.ca\/secondaire\/escrime-elite-mixte\/historique-escrime\/#webpage\"}}]}]}<\/script>\n<!-- \/ Yoast SEO plugin. -->","_links":{"self":[{"href":"https:\/\/www.brebeuf.qc.ca\/secondaire\/wp-json\/wp\/v2\/pages\/782"}],"collection":[{"href":"https:\/\/www.brebeuf.qc.ca\/secondaire\/wp-json\/wp\/v2\/pages"}],"about":[{"href":"https:\/\/www.brebeuf.qc.ca\/secondaire\/wp-json\/wp\/v2\/types\/page"}],"author":[{"embeddable":true,"href":"https:\/\/www.brebeuf.qc.ca\/secondaire\/wp-json\/wp\/v2\/users\/3"}],"replies":[{"embeddable":true,"href":"https:\/\/www.brebeuf.qc.ca\/secondaire\/wp-json\/wp\/v2\/comments?post=782"}],"version-history":[{"count":5,"href":"https:\/\/www.brebeuf.qc.ca\/secondaire\/wp-json\/wp\/v2\/pages\/782\/revisions"}],"predecessor-version":[{"id":2216,"href":"https:\/\/www.brebeuf.qc.ca\/secondaire\/wp-json\/wp\/v2\/pages\/782\/revisions\/2216"}],"up":[{"embeddable":true,"href":"https:\/\/www.brebeuf.qc.ca\/secondaire\/wp-json\/wp\/v2\/pages\/288"}],"wp:featuredmedia":[{"embeddable":true,"href":"https:\/\/www.brebeuf.qc.ca\/secondaire\/wp-json\/wp\/v2\/media\/2192"}],"wp:attachment":[{"href":"https:\/\/www.brebeuf.qc.ca\/secondaire\/wp-json\/wp\/v2\/media?parent=782"}],"curies":[{"name":"wp","href":"https:\/\/api.w.org\/{rel}","templated":true}]}}