{"id":709,"date":"2015-09-03T15:11:55","date_gmt":"2015-09-03T15:11:55","guid":{"rendered":"https:\/\/www.brebeuf.qc.ca\/secondaire-garcons\/?page_id=709"},"modified":"2021-12-02T21:16:01","modified_gmt":"2021-12-02T21:16:01","slug":"basket-ball-elite-anciens","status":"publish","type":"page","link":"https:\/\/www.brebeuf.qc.ca\/secondaire\/sports-garcons\/basket-ball-elite\/basket-ball-elite-anciens\/","title":{"rendered":"Nos anciens &#8211; Basketball \u00e9lite"},"content":{"rendered":"\n<p>Plusieurs de nos joueurs sont s\u00e9lectionn\u00e9s pour faire partie de l\u2019\u00e9quipe canadienne junior, de l\u2019\u00e9quipe du Qu\u00e9bec et d\u2019une \u00e9quipe universitaire NCAA (18) ou USPORTS (28). Ils continuent aussi \u00e0 s\u2019impliquer dans le monde du sport apr\u00e8s leur passage \u00e0 Br\u00e9beuf.<\/p>\n\n\n\n<p><strong>Pierre-Marie Altidor-Cespedes<\/strong><\/p>\n\n\n\n<ul><li>Joueur, Universit\u00e9 Gonzaga, NCAA Division 1 (2004 \u00e0 2007)<\/li><li>Participation au Elite Eight de la NCAA (2004)<\/li><li>Membre de l\u2019\u00e9quipe canadienne junior (2005)<\/li><li>Joueur, Universit\u00e9 Marshall, NCAA Division 1 (2007-2008)<\/li><li>Joueur professionnel, Sumykhimprom Sumy, Ukraine Superleague (2008-2010)<\/li><\/ul>\n\n\n\n<p><strong>Patrick Arsenault<\/strong><\/p>\n\n\n\n<ul><li>Joueur, Universit\u00e9 McGill (1984-1989)<\/li><li>Semi-professionnel en Tha\u00eflande (1990)<\/li><li>Joueur, \u00c9quipe de Tha\u00eflande (1990)<\/li><\/ul>\n\n\n\n<p><strong>Abdul Atta<\/strong><\/p>\n\n\n\n<ul><li>Joueur, Universit\u00e9 McGill (2014-)<\/li><\/ul>\n\n\n\n<p><strong>Emmanuel Bandoumel<\/strong><\/p>\n\n\n\n<ul><li>Joueur, Universit\u00e9 Southern Methodist, NCAA Division 1 (2019- )<\/li><\/ul>\n\n\n\n<p><strong>Didier Boucard<\/strong><\/p>\n\n\n\n<ul><li>Capitaine, Universit\u00e9 Fairfield, NCAA Division 1 (1995-1999)<\/li><li>Membre de l\u2019\u00e9quipe canadienne junior (1994)<\/li><\/ul>\n\n\n\n<p><strong>Alexandre Bouchard<\/strong><\/p>\n\n\n\n<ul><li>Joueur, Universit\u00e9 McGill (2009-2010)<\/li><\/ul>\n\n\n\n<p><strong>Simon Bouchard<\/strong><\/p>\n\n\n\n<ul><li>Joueur, Universit\u00e9 McGill (2010-2011)<\/li><\/ul>\n\n\n\n<p><strong>Olivier Bouchard<\/strong><\/p>\n\n\n\n<ul><li>1\u00e8re \u00e9quipe d&rsquo;\u00e9toiles, RSEQ Coll\u00e9gial AAA (2008-2009)<\/li><li>Recrue de l\u2019ann\u00e9e, RSEQ Universitaire (2009-2010)<\/li><li>Joueur, Universit\u00e9 McGill (2009-2011)<\/li><\/ul>\n\n\n\n<p><strong>Olivier Boyard<\/strong><\/p>\n\n\n\n<ul><li>Joueur, UQAM (2007-2008)<\/li><\/ul>\n\n\n\n<p><strong>William Boyer-Richard<\/strong><\/p>\n\n\n\n<ul><li>Joueur, Universit\u00e9 Western Michigan, NCAA D1 (2018-2021)<\/li><li>Joueur, Universit\u00e9 Brock, (2021- )<\/li><\/ul>\n\n\n\n<p><strong>Louis Brouillet<\/strong><\/p>\n\n\n\n<ul><li>Joueur, Universit\u00e9 McGill (1980-1983)<\/li><\/ul>\n\n\n\n<p><strong>Olivier Cadieux<\/strong><\/p>\n\n\n\n<ul><li>Joueur, Universit\u00e9 Fairfield, NCAA D1 (2016-2018)<\/li><li>Joueur, Universit\u00e9 Ottawa, (2018-2020)<\/li><li>Joueur, Universit\u00e9 Concordia, (2020- )<\/li><\/ul>\n\n\n\n<p><strong>Nathan Cayo<\/strong><\/p>\n\n\n\n<ul><li>Joueur, Universit\u00e9 Richmond, NCAA D1 (2017- )<\/li><\/ul>\n\n\n\n<p><strong>Samuel Cayo<\/strong><\/p>\n\n\n\n<ul><li>Joueur, UQAM (2020- )<\/li><\/ul>\n\n\n\n<p><strong>Sylvain Castonguay<\/strong><\/p>\n\n\n\n<ul><li>Joueur, Universit\u00e9 McGill (1978-1981)<\/li><\/ul>\n\n\n\n<p><strong>Ramon Cespedes<\/strong><\/p>\n\n\n\n<ul><li>Joueur Universit\u00e9 Seton Hall, NCAA Division 1 (1996-1998)<\/li><\/ul>\n\n\n\n<p><strong>Nelson Cilien<\/strong><\/p>\n\n\n\n<ul><li>Joueur, Universit\u00e9 Ottawa, (2021- )<\/li><\/ul>\n\n\n\n<p><strong>Andr\u00e9 Caron<\/strong><\/p>\n\n\n\n<ul><li>Joueur, Universit\u00e9 de Montr\u00e9al (1970)<\/li><\/ul>\n\n\n\n<p><strong>Adrien Colas<\/strong><\/p>\n\n\n\n<ul><li>Joueur, Universit\u00e9 Concordia (2021- )<\/li><\/ul>\n\n\n\n<p><strong>Bernard C\u00f4t\u00e9<\/strong><\/p>\n\n\n\n<ul><li>Joueur, Universit\u00e9 Kentucky, NCAA Division 1 (2002-2004)<\/li><li>Joueur, Universit\u00e9 Northwestern, NCAA Division 1 (2004-2006)<\/li><\/ul>\n\n\n\n<p><strong>Patrick Arsenault<\/strong><\/p>\n\n\n\n<ul><li>Joueur, Universit\u00e9 McGill (1984-1989)<\/li><\/ul>\n\n\n\n<p><strong>Joseph Chartouny<\/strong><\/p>\n\n\n\n<ul><li>Joueur, Universit\u00e9 Fordham, NCAA Division 1 (2015-)<\/li><li>Joueur par excellence, RSEQ Coll\u00e9gial AA (2012-2013) et (2014-2015)<\/li><li>Joueur par excellence, RSEQ Coll\u00e9gial AA (2012-2013) et (2014-2015)<\/li><\/ul>\n\n\n\n<p><strong>L\u00e9onardo De Koninck<\/strong><\/p>\n\n\n\n<ul><li>Joueur, Universit\u00e9 McGill (2020- )<\/li><\/ul>\n\n\n\n<p><strong>Arian Dehnavi<\/strong><\/p>\n\n\n\n<ul><li>Joueur, Universit\u00e9 Central Connecticut, NCAA D1 (2021- )<\/li><\/ul>\n\n\n\n<p><strong>Marc-Andr\u00e9 Demers<\/strong><\/p>\n\n\n\n<ul><li>Capitaine, UQAM (2003-2004)<\/li><li>Responsable du programme de basketball masc. &#8211; St-Laurent (2005-2013)<\/li><\/ul>\n\n\n\n<p><strong>Anthony Fisiru<\/strong><\/p>\n\n\n\n<ul><li>Joueur, Universit\u00e9 McGill (2018-2019)<\/li><li>Joueur, Universit\u00e9 Concordia (2020- )<\/li><\/ul>\n\n\n\n<p><strong>Charles-Antoine Gaba<\/strong><\/p>\n\n\n\n<ul><li>Joueur, Universit\u00e9 Ottawa (2019- )<\/li><\/ul>\n\n\n\n<p><strong>Louis-Vincent Gauvin<\/strong><\/p>\n\n\n\n<ul><li>Joueur, Universit\u00e9 Concordia (2019- )<\/li><\/ul>\n\n\n\n<p><strong>Carl Nicolae<\/strong><\/p>\n\n\n\n<ul><li>Champion National Coll\u00e9gial AAA avec les Cheetahs du C\u00e9gep Vanier (2011)<\/li><li>Joueur, Universit\u00e9 Bishops (2013-2014)<\/li><\/ul>\n\n\n\n<p><strong>Hubert T. Lacroix<\/strong><\/p>\n\n\n\n<ul><li>Entra\u00eeneur-chef, universit\u00e9 McGill (f\u00e9minin)<\/li><li>Entra\u00eeneur \u00c9quipe du Qu\u00e9bec (f\u00e9minin)<\/li><li>Analyste pour Radio-Canada aux Jeux olympiques (1980 \u00e0 2000)<\/li><li>PDG de la Soci\u00e9t\u00e9 Radio-Canada<\/li><\/ul>\n\n\n\n<p><strong>Dr. Vincent J. Lacroix<\/strong><\/p>\n\n\n\n<ul><li>M\u00e9decin des Canadiens de Montr\u00e9al (avant 1996)<\/li><li>M\u00e9decin des Alouettes de Montr\u00e9al (depuis 1996)<\/li><\/ul>\n\n\n\n<p><strong>Bradley Laguerre<\/strong><\/p>\n\n\n\n<ul><li>Joueur, Universit\u00e9 McGill (2013-2014)<\/li><\/ul>\n\n\n\n<p><strong>S\u00e9bastien Lamaute<\/strong><\/p>\n\n\n\n<ul><li>Joueur par excellence, RSEQ Coll\u00e9gial D1 (2020)<\/li><li>1<sup>e<\/sup> \u00e9quipe d\u2019\u00e9toile canadienne CCAA (2020)<\/li><li>Joueur, Universit\u00e9 Farleigh-Dickinson, NCAA D1 (2021- )<\/li><\/ul>\n\n\n\n<p><strong>Vincent Lanct\u00f4t-Fortier<\/strong><\/p>\n\n\n\n<ul><li>Joueur par excellence, RSEQ Coll\u00e9gial AAA (2008-2009)<\/li><li>Joueur, UQAM (2010-2014)<\/li><\/ul>\n\n\n\n<p><strong>Valeriu \u00abVali\u00bb Lazarescu<\/strong><\/p>\n\n\n\n<ul><li>Joueur, Universit\u00e9 William &amp; Mary, NCAA Division 1 (2007-2008)<\/li><li>Joueur, Universit\u00e9 Concordia (2009-2010)<\/li><\/ul>\n\n\n\n<p><strong>Pierre Lissoir<\/strong><\/p>\n\n\n\n<ul><li>Joueur, Universit\u00e9 McGill (1979-1982)<\/li><\/ul>\n\n\n\n<p><strong>Simon Mercier<\/strong><\/p>\n\n\n\n<ul><li>Joueur, Universit\u00e9 Laval (2009-2013)<\/li><\/ul>\n\n\n\n<p><strong>Jonathan Mirambeau<\/strong><\/p>\n\n\n\n<ul><li>Joueur, Universit\u00e9 Concordia (2013-)<\/li><\/ul>\n\n\n\n<p><strong>Maxime Paulhus-Gosselin<\/strong><\/p>\n\n\n\n<ul><li>Joueur, Universit\u00e9 Davidson, NCAA Division 1 (2005-2009)<\/li><li>Membre de l&rsquo;\u00e9quipe canadienne, Universiade 2007, Bangkok, Tha\u00eflande<\/li><li>Participation au Elite Eight de la NCAA (2008)<\/li><li>Membre de l&rsquo;\u00e9quipe nationale de d\u00e9veloppement (2008)<\/li><li>Joueur d\u00e9fensif par excellence, Southern Conference (2008-2009)<\/li><li>Entra\u00eeneur-chef, Champlain St-Lambert, RSEQ Coll\u00e9gial AAA (2010-2011)<\/li><\/ul>\n\n\n\n<p><strong>Guillaume P\u00e9pin<\/strong><\/p>\n\n\n\n<ul><li>Joueur, Universit\u00e9 Ottawa (2018- )<\/li><\/ul>\n\n\n\n<p><strong>Steve Polycarpe Mbidia<\/strong><\/p>\n\n\n\n<ul><li>Joueur, Universit\u00e9 Concordia (2021- )<\/li><\/ul>\n\n\n\n<p><strong>St\u00e9phane Pr\u00e9fontaine<\/strong><\/p>\n\n\n\n<ul><li>A allum\u00e9 la flamme olympique aux Jeux Olympiques de Montr\u00e9al en 1976<\/li><\/ul>\n\n\n\n<p><strong>To Randriasalama<\/strong><\/p>\n\n\n\n<ul><li>Joueur, Universit\u00e9 Northeastern, NCAA Division 1 (2021- )<\/li><\/ul>\n\n\n\n<p><strong>Dr. Andr\u00e9 Roy<\/strong><\/p>\n\n\n\n<ul><li>M\u00e9decin des Alouettes de Montr\u00e9al<\/li><li>Fondateur, Clinique de M\u00e9decine Sportive de l\u2019Universit\u00e9 de Montr\u00e9al<\/li><\/ul>\n\n\n\n<p><strong>Patrick Steeves<\/strong><\/p>\n\n\n\n<ul><li>1\u00e8re \u00e9quipe d\u2019\u00e9toile, Championnat National U15<\/li><li>Joueur par excellence, ligue juv\u00e9nile AAA (2010-2011)<\/li><li>Membre de l\u2019\u00e9quipe Nationale U16 (2011)<\/li><li>M\u00e9daill\u00e9 de bronze, Championnat des Am\u00e9riques FIBA (2011)<\/li><li>Membre de l\u2019\u00e9quipe Nationale U17 de 3vs3, Championnat du monde (2011)<\/li><li>Membre de l\u2019\u00e9quipe Nationale U17 (2012)<\/li><li>M\u00e9daill\u00e9 de bronze, Championnat du monde FIBA (2012)<\/li><li>Joueur, Universit\u00e9 Harvard, NCAA Division 1 (2012-2016)<\/li><li>Joueur, Universit\u00e9 Georges-Washington, NCAA Division 1 (2016-2018)<\/li><\/ul>\n\n\n\n<p><strong>Zion Van Vervroegen-Inoue<\/strong><\/p>\n\n\n\n<ul><li>Joueur, Universit\u00e9 Bishop\u2019s (2018- )<\/li><\/ul>\n\n\n\n<p><strong>Jacques Vigneault<\/strong><\/p>\n\n\n\n<ul><li>Joueur, Universit\u00e9 Cornell, NCAA Division 1 (1999-2003)<\/li><li>Joueur semi-professionnel en France (2003-2004)<\/li><\/ul>\n\n\n\n<p><strong>Louis Vigneault<\/strong><\/p>\n\n\n\n<ul><li>Joueur, Universit\u00e9 Concordia (2001-2003)<\/li><\/ul>\n\n\n\n<p><strong>Jashonte Wright-Mcleish<\/strong><\/p>\n\n\n\n<ul><li>Joueur Universit\u00e9 Maine, NCAA Division 1 (2019- )<\/li><\/ul>\n\n\n\n<p><strong>Nemanja Zarkovic<\/strong><\/p>\n\n\n\n<ul><li>Joueur, Universit\u00e9 Fordham, NCAA Division 1 (2014-)<\/li><li>Joueur par excellence, RSEQ Coll\u00e9gial AA (2011-2012) et (2013-2014)<\/li><\/ul>\n","protected":false},"excerpt":{"rendered":"<p>Plusieurs de nos joueurs sont s\u00e9lectionn\u00e9s pour faire partie de l\u2019\u00e9quipe canadienne junior, de l\u2019\u00e9quipe du Qu\u00e9bec et d\u2019une \u00e9quipe universitaire NCAA (18) ou USPORTS (28). Ils continuent aussi \u00e0 s\u2019impliquer dans le monde du sport apr\u00e8s leur passage \u00e0&#8230;<\/p>\n","protected":false},"author":3,"featured_media":2198,"parent":286,"menu_order":0,"comment_status":"closed","ping_status":"closed","template":"templates\/template-personnalisable.php","meta":{"_editorskit_title_hidden":false,"_editorskit_reading_time":2,"_editorskit_typography_data":[],"_editorskit_blocks_typography":""},"yoast_head":"<!-- This site is optimized with the Yoast SEO plugin v16.3 - https:\/\/yoast.com\/wordpress\/plugins\/seo\/ -->\n<title>Nos anciens - Basketball \u00e9lite - Secondaire<\/title>\n<meta name=\"robots\" content=\"index, follow, max-snippet:-1, max-image-preview:large, max-video-preview:-1\" \/>\n<link rel=\"canonical\" href=\"https:\/\/www.brebeuf.qc.ca\/secondaire\/sports-garcons\/basket-ball-elite\/basket-ball-elite-anciens\/\" \/>\n<meta property=\"og:locale\" content=\"fr_FR\" \/>\n<meta property=\"og:type\" content=\"article\" \/>\n<meta property=\"og:title\" content=\"Nos anciens - Basketball \u00e9lite - Secondaire\" \/>\n<meta property=\"og:description\" content=\"Plusieurs de nos joueurs sont s\u00e9lectionn\u00e9s pour faire partie de l\u2019\u00e9quipe canadienne junior, de l\u2019\u00e9quipe du Qu\u00e9bec et d\u2019une \u00e9quipe universitaire NCAA (18) ou USPORTS (28). Ils continuent aussi \u00e0 s\u2019impliquer dans le monde du sport apr\u00e8s leur passage \u00e0...\" \/>\n<meta property=\"og:url\" content=\"https:\/\/www.brebeuf.qc.ca\/secondaire\/sports-garcons\/basket-ball-elite\/basket-ball-elite-anciens\/\" \/>\n<meta property=\"og:site_name\" content=\"Secondaire\" \/>\n<meta property=\"article:modified_time\" content=\"2021-12-02T21:16:01+00:00\" \/>\n<meta property=\"og:image\" content=\"https:\/\/www.brebeuf.qc.ca\/secondaire\/wp-content\/uploads\/sites\/4\/2020\/07\/entete_sport_baketball_garcons.jpg\" \/>\n\t<meta property=\"og:image:width\" content=\"1400\" \/>\n\t<meta property=\"og:image:height\" content=\"240\" \/>\n<meta name=\"twitter:label1\" content=\"Dur\u00e9e de lecture est.\">\n\t<meta name=\"twitter:data1\" content=\"4 minutes\">\n<script type=\"application\/ld+json\" class=\"yoast-schema-graph\">{\"@context\":\"https:\/\/schema.org\",\"@graph\":[{\"@type\":\"WebSite\",\"@id\":\"https:\/\/www.brebeuf.qc.ca\/secondaire\/#website\",\"url\":\"https:\/\/www.brebeuf.qc.ca\/secondaire\/\",\"name\":\"Secondaire\",\"description\":\"Coll\\u00e8ge priv\\u00e9 | Secondaire | Coll\\u00e9gial\",\"potentialAction\":[{\"@type\":\"SearchAction\",\"target\":\"https:\/\/www.brebeuf.qc.ca\/secondaire\/?s={search_term_string}\",\"query-input\":\"required name=search_term_string\"}],\"inLanguage\":\"fr-FR\"},{\"@type\":\"ImageObject\",\"@id\":\"https:\/\/www.brebeuf.qc.ca\/secondaire\/sports-garcons\/basket-ball-elite\/basket-ball-elite-anciens\/#primaryimage\",\"inLanguage\":\"fr-FR\",\"url\":\"https:\/\/www.brebeuf.qc.ca\/secondaire\/wp-content\/uploads\/sites\/4\/2020\/07\/entete_sport_baketball_garcons.jpg\",\"contentUrl\":\"https:\/\/www.brebeuf.qc.ca\/secondaire\/wp-content\/uploads\/sites\/4\/2020\/07\/entete_sport_baketball_garcons.jpg\",\"width\":1400,\"height\":240},{\"@type\":\"WebPage\",\"@id\":\"https:\/\/www.brebeuf.qc.ca\/secondaire\/sports-garcons\/basket-ball-elite\/basket-ball-elite-anciens\/#webpage\",\"url\":\"https:\/\/www.brebeuf.qc.ca\/secondaire\/sports-garcons\/basket-ball-elite\/basket-ball-elite-anciens\/\",\"name\":\"Nos anciens - Basketball \\u00e9lite - Secondaire\",\"isPartOf\":{\"@id\":\"https:\/\/www.brebeuf.qc.ca\/secondaire\/#website\"},\"primaryImageOfPage\":{\"@id\":\"https:\/\/www.brebeuf.qc.ca\/secondaire\/sports-garcons\/basket-ball-elite\/basket-ball-elite-anciens\/#primaryimage\"},\"datePublished\":\"2015-09-03T15:11:55+00:00\",\"dateModified\":\"2021-12-02T21:16:01+00:00\",\"breadcrumb\":{\"@id\":\"https:\/\/www.brebeuf.qc.ca\/secondaire\/sports-garcons\/basket-ball-elite\/basket-ball-elite-anciens\/#breadcrumb\"},\"inLanguage\":\"fr-FR\",\"potentialAction\":[{\"@type\":\"ReadAction\",\"target\":[\"https:\/\/www.brebeuf.qc.ca\/secondaire\/sports-garcons\/basket-ball-elite\/basket-ball-elite-anciens\/\"]}]},{\"@type\":\"BreadcrumbList\",\"@id\":\"https:\/\/www.brebeuf.qc.ca\/secondaire\/sports-garcons\/basket-ball-elite\/basket-ball-elite-anciens\/#breadcrumb\",\"itemListElement\":[{\"@type\":\"ListItem\",\"position\":1,\"item\":{\"@type\":\"WebPage\",\"@id\":\"https:\/\/www.brebeuf.qc.ca\/secondaire\/\",\"url\":\"https:\/\/www.brebeuf.qc.ca\/secondaire\/\",\"name\":\"Home\"}},{\"@type\":\"ListItem\",\"position\":2,\"item\":{\"@type\":\"WebPage\",\"@id\":\"https:\/\/www.brebeuf.qc.ca\/secondaire\/sports-garcons\/\",\"url\":\"https:\/\/www.brebeuf.qc.ca\/secondaire\/sports-garcons\/\",\"name\":\"Sports gar\\u00e7ons\"}},{\"@type\":\"ListItem\",\"position\":3,\"item\":{\"@type\":\"WebPage\",\"@id\":\"https:\/\/www.brebeuf.qc.ca\/secondaire\/sports-garcons\/basket-ball-elite\/\",\"url\":\"https:\/\/www.brebeuf.qc.ca\/secondaire\/sports-garcons\/basket-ball-elite\/\",\"name\":\"Basketball \\u00e9lite gar\\u00e7ons\"}},{\"@type\":\"ListItem\",\"position\":4,\"item\":{\"@id\":\"https:\/\/www.brebeuf.qc.ca\/secondaire\/sports-garcons\/basket-ball-elite\/basket-ball-elite-anciens\/#webpage\"}}]}]}<\/script>\n<!-- \/ Yoast SEO plugin. -->","_links":{"self":[{"href":"https:\/\/www.brebeuf.qc.ca\/secondaire\/wp-json\/wp\/v2\/pages\/709"}],"collection":[{"href":"https:\/\/www.brebeuf.qc.ca\/secondaire\/wp-json\/wp\/v2\/pages"}],"about":[{"href":"https:\/\/www.brebeuf.qc.ca\/secondaire\/wp-json\/wp\/v2\/types\/page"}],"author":[{"embeddable":true,"href":"https:\/\/www.brebeuf.qc.ca\/secondaire\/wp-json\/wp\/v2\/users\/3"}],"replies":[{"embeddable":true,"href":"https:\/\/www.brebeuf.qc.ca\/secondaire\/wp-json\/wp\/v2\/comments?post=709"}],"version-history":[{"count":9,"href":"https:\/\/www.brebeuf.qc.ca\/secondaire\/wp-json\/wp\/v2\/pages\/709\/revisions"}],"predecessor-version":[{"id":2994,"href":"https:\/\/www.brebeuf.qc.ca\/secondaire\/wp-json\/wp\/v2\/pages\/709\/revisions\/2994"}],"up":[{"embeddable":true,"href":"https:\/\/www.brebeuf.qc.ca\/secondaire\/wp-json\/wp\/v2\/pages\/286"}],"wp:featuredmedia":[{"embeddable":true,"href":"https:\/\/www.brebeuf.qc.ca\/secondaire\/wp-json\/wp\/v2\/media\/2198"}],"wp:attachment":[{"href":"https:\/\/www.brebeuf.qc.ca\/secondaire\/wp-json\/wp\/v2\/media?parent=709"}],"curies":[{"name":"wp","href":"https:\/\/api.w.org\/{rel}","templated":true}]}}