{"id":70,"date":"2014-07-30T17:01:27","date_gmt":"2014-07-30T17:01:27","guid":{"rendered":"https:\/\/www.brebeuf.qc.ca\/secondaire-garcons\/?page_id=70"},"modified":"2024-07-11T19:50:25","modified_gmt":"2024-07-11T19:50:25","slug":"engagement-communautaire","status":"publish","type":"page","link":"https:\/\/www.brebeuf.qc.ca\/secondaire\/vie-etudiante\/engagement-communautaire\/","title":{"rendered":"Valoriser et reconna\u00eetre l\u2019engagement social"},"content":{"rendered":"\n<p>Le projet \u00e9ducatif du Coll\u00e8ge Br\u00e9beuf promeut les valeurs humanistes d\u2019autonomie et de solidarit\u00e9 humaine.<\/p>\n\n\n\n<p>Il cherche \u00e0 former des citoyens et des citoyennes responsables et place l\u2019engagement communautaire au centre de ses intentions \u00e9ducatives.<\/p>\n\n\n\n<p>Le coll\u00e8ge souhaite valoriser la qualit\u00e9 de l\u2019engagement social et environnemental de nos \u00e9l\u00e8ves gr\u00e2ce \u00e0 une reconnaissance remise annuellement.<\/p>\n\n\n\n<h2><span id=\"Comment_la_Reconnaissance_de_lengagement_communautaire_est-elle_decernee\">Comment la Reconnaissance de l\u2019engagement communautaire est-elle d\u00e9cern\u00e9e?<\/span><\/h2>\n\n\n\n<p>L\u2019\u00e9l\u00e8ve obtient annuellement une Reconnaissance lorsqu\u2019il ou elle r\u00e9pond aux crit\u00e8res ci-dessous.<\/p>\n\n\n\n<p>Les activit\u00e9s de b\u00e9n\u00e9volat r\u00e9alis\u00e9es durant l\u2019\u00e9t\u00e9 sont valoris\u00e9es et peuvent \u00eatre inscrites au dossier de l\u2019\u00e9l\u00e8ve. Toutefois, pour recevoir la reconnaissance annuelle, l\u2019\u00e9l\u00e8ve <strong>doit participer \u00e0 un minimum d\u2019activit\u00e9s<\/strong> durant l\u2019ann\u00e9e scolaire.<\/p>\n\n\n\n<blockquote class=\"wp-block-quote\"><p><strong>1re secondaire<\/strong>&nbsp;: Participer \u00e0 au moins <strong>une activit\u00e9 de b\u00e9n\u00e9volat<\/strong> et compl\u00e9ter une r\u00e9flexion de fin d\u2019ann\u00e9e.<\/p><\/blockquote>\n\n\n\n<blockquote class=\"wp-block-quote\"><p><strong>2e secondaire <\/strong>: S\u2019impliquer dans <strong>au moins deux organismes<\/strong> \u00e0 but non lucratif (OBNL) diff\u00e9rents et compl\u00e9ter une r\u00e9flexion de fin d\u2019ann\u00e9e.<\/p><\/blockquote>\n\n\n\n<blockquote class=\"wp-block-quote\"><p><strong>3e secondaire <\/strong>: Participer \u00e0<strong> au moins trois activit\u00e9s<\/strong> d\u2019engagement communautaire et compl\u00e9ter une r\u00e9flexion de fin d\u2019ann\u00e9e.<\/p><\/blockquote>\n\n\n\n<blockquote class=\"wp-block-quote\"><p><strong>4e secondaire <\/strong>: Participer \u00e0<strong> au moins quatre activit\u00e9s<\/strong> d\u2019engagement communautaire dans un champ d\u2019action pr\u00e9cis, entre autres l&rsquo;alimentation, l&rsquo;environnement, l&rsquo;\u00e9ducation, la sant\u00e9, les arts et la culture, les droits de la personne, la solidarit\u00e9 internationale, l&rsquo;inclusion sociale, avec le m\u00eame OBNL ou avec des OBNL diff\u00e9rents, et compl\u00e9ter une r\u00e9flexion de fin d\u2019ann\u00e9e portant sur le domaine choisi.<\/p><\/blockquote>\n\n\n\n<blockquote class=\"wp-block-quote\"><p><strong>5e secondaire<\/strong>&nbsp;: S\u2019impliquer <strong>de mani\u00e8re r\u00e9currente<\/strong> au sein d\u2019un OBNL ou d\u2019un comit\u00e9, ou bien r\u00e9aliser un projet personnel \u00e0 vocation sociale. L\u2019\u00e9l\u00e8ve doit \u00e9galement compl\u00e9ter une r\u00e9flexion r\u00e9capitulative sur son implication communautaire durant tout le secondaire.<\/p><\/blockquote>\n\n\n\n<hr class=\"wp-block-separator\" \/>\n\n\n\n<p>La <strong>date limite<\/strong> pour remettre le formulaire d\u2019engagement communautaire est le <strong>31 mai 2023 pour les \u00e9l\u00e8ves de 5e secondaire<\/strong> et le <strong>15 juin 2023 pour les \u00e9l\u00e8ves de 1re \u00e0 4e secondaire<\/strong>. Le formulaire doit \u00eatre envoy\u00e9 par courriel au responsable de l\u2019engagement communautaire\u202f: <a href=\"mailto:samuel.couturebriere@brebeuf.qc.ca\" target=\"_blank\" rel=\"noreferrer noopener\">samuel.couturebriere@brebeuf.qc.ca<\/a> .<\/p>\n\n\n\n<blockquote class=\"wp-block-quote\"><p><a aria-label=\" (opens in a new tab)\" href=\"https:\/\/www.reconnaissancebrebeuf.com\/\" target=\"_blank\" rel=\"noreferrer noopener\" class=\"ek-link\">\u00bb\u00bb\u00bb Acc\u00e9der au dossier de l\u2019\u00e9l\u00e8ve en lien avec la Reconnaissance Br\u00e9beuf.<\/a><\/p><\/blockquote>\n\n\n\n<h2><span id=\"Engagement_communautaire_et_vie_spirituelle\">Engagement communautaire et vie spirituelle<\/span><\/h2>\n\n\n\n<p>Le secondaire repr\u00e9sente pour les jeunes une \u00e9tape-cl\u00e9 de leur d\u00e9veloppement personnel.<\/p>\n\n\n\n<p>Aux transformations d\u2019ordre psychologique se joignent des processus int\u00e9rieurs caract\u00e9ris\u00e9s par la recherche de sens \u00e0 la vie, de valeurs fondamentales, d\u2019implication personnelle et de spiritualit\u00e9.<\/p>\n\n\n\n<p>Dans cette optique, le service d\u2019animation spirituelle et d\u2019engagement communautaire se veut un instrument d\u2019accompagnement et de cheminement pour les jeunes. Ce service non confessionnel est offert \u00e0 l&rsquo;ensemble de nos \u00e9l\u00e8ves.<\/p>\n\n\n\n<p>Par le biais d\u2019activit\u00e9s, les \u00e9l\u00e8ves auront la chance de s\u2019engager dans des projets personnels et collectifs susceptibles d\u2019am\u00e9liorer leur milieu et la soci\u00e9t\u00e9.<\/p>\n\n\n\n<p>Voici quelques exemples d\u2019activit\u00e9s :<\/p>\n\n\n\n<ul><li>Comit\u00e9 d\u2019Amnistie internationale;<\/li><li>Comit\u00e9 environnemental;<\/li><li>Jardin communautaire de l\u2019\u00e9cole;<\/li><li>Groupe des pairs aidants;<\/li><li>Tutorat b\u00e9n\u00e9vole avec l\u2019organisme PROMIS;<\/li><li>Banque alimentaire Pointe-Saint-Charles;<\/li><li>B\u00e9n\u00e9volat au restaurant Robin des bois;<\/li><li>Campagne de collecte de fonds au profit de Centraide;<\/li><li>D\u00e9fis Jeunesse au profit de l\u2019H\u00f4pital Sainte-Justine;<\/li><li>Stage d\u2019initiation \u00e0 la coop\u00e9ration internationale en Am\u00e9rique Centrale;<\/li><li>S\u00e9jour d\u2019immersion culturelle au Nunavik;<\/li><li>Camp du lac Simon.<\/li><\/ul>\n\n\n\n<p><strong>L\u2019engagement communautaire : une contribution de l\u2019individu \u00e0 la vie collective<\/strong><\/p>\n\n\n\n<p>L\u2019engagement communautaire est une contribution de l\u2019individu \u00e0 la vie collective, fond\u00e9e sur la reconnaissance de la valeur et de la dignit\u00e9 des personnes, et orient\u00e9e vers la construction d\u2019une soci\u00e9t\u00e9 plus harmonieuse et plus solidaire.<\/p>\n\n\n\n<p><strong>La vie spirituelle : une d\u00e9marche<\/strong><\/p>\n\n\n\n<p>La vie spirituelle est une d\u00e9marche, situ\u00e9e dans une collectivit\u00e9, qui s\u2019enracine dans les questions fondamentales du sens de la vie et qui tend vers la construction d\u2019une vision de l\u2019existence coh\u00e9rente et mobilisatrice, en constante \u00e9volution.<\/p>\n\n\n\n<figure class=\"wp-block-gallery columns-3 is-cropped\"><ul class=\"blocks-gallery-grid\"><li class=\"blocks-gallery-item\"><figure><a href=\"https:\/\/www.brebeuf.qc.ca\/secondaire\/wp-content\/uploads\/sites\/4\/2020\/12\/engagement_communautaire11.jpg\" data-rel=\"lightbox-image-0\" data-rl_title=\"\" data-rl_caption=\"\" title=\"\"><img loading=\"lazy\" width=\"1380\" height=\"920\" src=\"https:\/\/www.brebeuf.qc.ca\/secondaire\/wp-content\/uploads\/sites\/4\/2020\/12\/engagement_communautaire11.jpg\" alt=\"\" data-id=\"2376\" data-full-url=\"https:\/\/www.brebeuf.qc.ca\/secondaire\/wp-content\/uploads\/sites\/4\/2020\/12\/engagement_communautaire11.jpg\" data-link=\"https:\/\/www.brebeuf.qc.ca\/secondaire\/vie-etudiante\/engagement-communautaire\/engagement_communautaire11\/\" class=\"wp-image-2376\" \/><\/a><\/figure><\/li><li class=\"blocks-gallery-item\"><figure><a href=\"https:\/\/www.brebeuf.qc.ca\/secondaire\/wp-content\/uploads\/sites\/4\/2020\/12\/engagement_communautaire10.jpg\" data-rel=\"lightbox-image-1\" data-rl_title=\"\" data-rl_caption=\"\" title=\"\"><img loading=\"lazy\" width=\"1380\" height=\"920\" src=\"https:\/\/www.brebeuf.qc.ca\/secondaire\/wp-content\/uploads\/sites\/4\/2020\/12\/engagement_communautaire10.jpg\" alt=\"\" data-id=\"2375\" data-full-url=\"https:\/\/www.brebeuf.qc.ca\/secondaire\/wp-content\/uploads\/sites\/4\/2020\/12\/engagement_communautaire10.jpg\" data-link=\"https:\/\/www.brebeuf.qc.ca\/secondaire\/vie-etudiante\/engagement-communautaire\/engagement_communautaire10\/\" class=\"wp-image-2375\" \/><\/a><\/figure><\/li><li class=\"blocks-gallery-item\"><figure><a href=\"https:\/\/www.brebeuf.qc.ca\/secondaire\/wp-content\/uploads\/sites\/4\/2020\/12\/engagement_communautaire9.jpg\" data-rel=\"lightbox-image-2\" data-rl_title=\"\" data-rl_caption=\"\" title=\"\"><img loading=\"lazy\" width=\"1380\" height=\"920\" src=\"https:\/\/www.brebeuf.qc.ca\/secondaire\/wp-content\/uploads\/sites\/4\/2020\/12\/engagement_communautaire9.jpg\" alt=\"\" data-id=\"2374\" data-full-url=\"https:\/\/www.brebeuf.qc.ca\/secondaire\/wp-content\/uploads\/sites\/4\/2020\/12\/engagement_communautaire9.jpg\" data-link=\"https:\/\/www.brebeuf.qc.ca\/secondaire\/vie-etudiante\/engagement-communautaire\/engagement_communautaire9\/\" class=\"wp-image-2374\" \/><\/a><\/figure><\/li><li class=\"blocks-gallery-item\"><figure><a href=\"https:\/\/www.brebeuf.qc.ca\/secondaire\/wp-content\/uploads\/sites\/4\/2020\/12\/engagement_communautaire8.jpg\" data-rel=\"lightbox-image-3\" data-rl_title=\"\" data-rl_caption=\"\" title=\"\"><img loading=\"lazy\" width=\"1380\" height=\"920\" src=\"https:\/\/www.brebeuf.qc.ca\/secondaire\/wp-content\/uploads\/sites\/4\/2020\/12\/engagement_communautaire8.jpg\" alt=\"\" data-id=\"2373\" data-full-url=\"https:\/\/www.brebeuf.qc.ca\/secondaire\/wp-content\/uploads\/sites\/4\/2020\/12\/engagement_communautaire8.jpg\" data-link=\"https:\/\/www.brebeuf.qc.ca\/secondaire\/vie-etudiante\/engagement-communautaire\/engagement_communautaire8\/\" class=\"wp-image-2373\" \/><\/a><\/figure><\/li><li class=\"blocks-gallery-item\"><figure><a href=\"https:\/\/www.brebeuf.qc.ca\/secondaire\/wp-content\/uploads\/sites\/4\/2020\/12\/engagement_communautaire7.jpg\" data-rel=\"lightbox-image-4\" data-rl_title=\"\" data-rl_caption=\"\" title=\"\"><img loading=\"lazy\" width=\"1380\" height=\"920\" src=\"https:\/\/www.brebeuf.qc.ca\/secondaire\/wp-content\/uploads\/sites\/4\/2020\/12\/engagement_communautaire7.jpg\" alt=\"\" data-id=\"2372\" data-full-url=\"https:\/\/www.brebeuf.qc.ca\/secondaire\/wp-content\/uploads\/sites\/4\/2020\/12\/engagement_communautaire7.jpg\" data-link=\"https:\/\/www.brebeuf.qc.ca\/secondaire\/vie-etudiante\/engagement-communautaire\/engagement_communautaire7\/\" class=\"wp-image-2372\" \/><\/a><\/figure><\/li><li class=\"blocks-gallery-item\"><figure><a href=\"https:\/\/www.brebeuf.qc.ca\/secondaire\/wp-content\/uploads\/sites\/4\/2020\/12\/engagement_communautaire6.jpg\" data-rel=\"lightbox-image-5\" data-rl_title=\"\" data-rl_caption=\"\" title=\"\"><img loading=\"lazy\" width=\"1380\" height=\"920\" src=\"https:\/\/www.brebeuf.qc.ca\/secondaire\/wp-content\/uploads\/sites\/4\/2020\/12\/engagement_communautaire6.jpg\" alt=\"\" data-id=\"2371\" data-full-url=\"https:\/\/www.brebeuf.qc.ca\/secondaire\/wp-content\/uploads\/sites\/4\/2020\/12\/engagement_communautaire6.jpg\" data-link=\"https:\/\/www.brebeuf.qc.ca\/secondaire\/vie-etudiante\/engagement-communautaire\/engagement_communautaire6\/\" class=\"wp-image-2371\" \/><\/a><\/figure><\/li><li class=\"blocks-gallery-item\"><figure><a href=\"https:\/\/www.brebeuf.qc.ca\/secondaire\/wp-content\/uploads\/sites\/4\/2020\/12\/engagement_communautaire5.jpg\" data-rel=\"lightbox-image-6\" data-rl_title=\"\" data-rl_caption=\"\" title=\"\"><img loading=\"lazy\" width=\"1380\" height=\"920\" src=\"https:\/\/www.brebeuf.qc.ca\/secondaire\/wp-content\/uploads\/sites\/4\/2020\/12\/engagement_communautaire5.jpg\" alt=\"\" data-id=\"2370\" data-full-url=\"https:\/\/www.brebeuf.qc.ca\/secondaire\/wp-content\/uploads\/sites\/4\/2020\/12\/engagement_communautaire5.jpg\" data-link=\"https:\/\/www.brebeuf.qc.ca\/secondaire\/vie-etudiante\/engagement-communautaire\/engagement_communautaire5\/\" class=\"wp-image-2370\" \/><\/a><\/figure><\/li><li class=\"blocks-gallery-item\"><figure><a href=\"https:\/\/www.brebeuf.qc.ca\/secondaire\/wp-content\/uploads\/sites\/4\/2020\/12\/engagement_communautaire4.jpg\" data-rel=\"lightbox-image-7\" data-rl_title=\"\" data-rl_caption=\"\" title=\"\"><img loading=\"lazy\" width=\"1380\" height=\"920\" src=\"https:\/\/www.brebeuf.qc.ca\/secondaire\/wp-content\/uploads\/sites\/4\/2020\/12\/engagement_communautaire4.jpg\" alt=\"\" data-id=\"2369\" data-full-url=\"https:\/\/www.brebeuf.qc.ca\/secondaire\/wp-content\/uploads\/sites\/4\/2020\/12\/engagement_communautaire4.jpg\" data-link=\"https:\/\/www.brebeuf.qc.ca\/secondaire\/vie-etudiante\/engagement-communautaire\/engagement_communautaire4\/\" class=\"wp-image-2369\" \/><\/a><\/figure><\/li><li class=\"blocks-gallery-item\"><figure><a href=\"https:\/\/www.brebeuf.qc.ca\/secondaire\/wp-content\/uploads\/sites\/4\/2020\/12\/engagement_communautaire3.jpg\" data-rel=\"lightbox-image-8\" data-rl_title=\"\" data-rl_caption=\"\" title=\"\"><img loading=\"lazy\" width=\"1380\" height=\"920\" src=\"https:\/\/www.brebeuf.qc.ca\/secondaire\/wp-content\/uploads\/sites\/4\/2020\/12\/engagement_communautaire3.jpg\" alt=\"\" data-id=\"2368\" data-full-url=\"https:\/\/www.brebeuf.qc.ca\/secondaire\/wp-content\/uploads\/sites\/4\/2020\/12\/engagement_communautaire3.jpg\" data-link=\"https:\/\/www.brebeuf.qc.ca\/secondaire\/vie-etudiante\/engagement-communautaire\/engagement_communautaire3\/\" class=\"wp-image-2368\" \/><\/a><\/figure><\/li><li class=\"blocks-gallery-item\"><figure><a href=\"https:\/\/www.brebeuf.qc.ca\/secondaire\/wp-content\/uploads\/sites\/4\/2020\/12\/engagement_communautaire2.jpg\" data-rel=\"lightbox-image-9\" data-rl_title=\"\" data-rl_caption=\"\" title=\"\"><img loading=\"lazy\" width=\"1380\" height=\"920\" src=\"https:\/\/www.brebeuf.qc.ca\/secondaire\/wp-content\/uploads\/sites\/4\/2020\/12\/engagement_communautaire2.jpg\" alt=\"\" data-id=\"2367\" data-full-url=\"https:\/\/www.brebeuf.qc.ca\/secondaire\/wp-content\/uploads\/sites\/4\/2020\/12\/engagement_communautaire2.jpg\" data-link=\"https:\/\/www.brebeuf.qc.ca\/secondaire\/vie-etudiante\/engagement-communautaire\/engagement_communautaire2\/\" class=\"wp-image-2367\" \/><\/a><\/figure><\/li><li class=\"blocks-gallery-item\"><figure><a href=\"https:\/\/www.brebeuf.qc.ca\/secondaire\/wp-content\/uploads\/sites\/4\/2020\/12\/engagement_communautaire1.jpg\" data-rel=\"lightbox-image-10\" data-rl_title=\"\" data-rl_caption=\"\" title=\"\"><img loading=\"lazy\" width=\"1380\" height=\"920\" src=\"https:\/\/www.brebeuf.qc.ca\/secondaire\/wp-content\/uploads\/sites\/4\/2020\/12\/engagement_communautaire1.jpg\" alt=\"\" data-id=\"2366\" data-full-url=\"https:\/\/www.brebeuf.qc.ca\/secondaire\/wp-content\/uploads\/sites\/4\/2020\/12\/engagement_communautaire1.jpg\" data-link=\"https:\/\/www.brebeuf.qc.ca\/secondaire\/vie-etudiante\/engagement-communautaire\/engagement_communautaire1\/\" class=\"wp-image-2366\" \/><\/a><\/figure><\/li><\/ul><\/figure>\n<div id=\"toc_container\" class=\"no_bullets\"><p class=\"toc_title\">Sommaire<\/p><ul class=\"toc_list\"><li><a href=\"#Comment_la_Reconnaissance_de_lengagement_communautaire_est-elle_decernee\">Comment la Reconnaissance de l\u2019engagement communautaire est-elle d\u00e9cern\u00e9e?<\/a><\/li><li><a href=\"#Engagement_communautaire_et_vie_spirituelle\">Engagement communautaire et vie spirituelle<\/a><\/li><\/ul><\/div>\n","protected":false},"excerpt":{"rendered":"<p>Le projet \u00e9ducatif du Coll\u00e8ge Br\u00e9beuf promeut les valeurs humanistes d\u2019autonomie et de solidarit\u00e9 humaine. Il cherche \u00e0 former des citoyens et des citoyennes responsables et place l\u2019engagement communautaire au centre de ses intentions \u00e9ducatives. Le coll\u00e8ge souhaite valoriser la&#8230;<\/p>\n","protected":false},"author":2,"featured_media":4392,"parent":25,"menu_order":4,"comment_status":"open","ping_status":"closed","template":"templates\/template-personnalisable.php","meta":{"_editorskit_title_hidden":false,"_editorskit_reading_time":2,"_editorskit_typography_data":[],"_editorskit_blocks_typography":""},"yoast_head":"<!-- This site is optimized with the Yoast SEO plugin v16.3 - https:\/\/yoast.com\/wordpress\/plugins\/seo\/ -->\n<title>Valoriser et reconna\u00eetre l\u2019engagement social - Secondaire<\/title>\n<meta name=\"robots\" content=\"index, follow, max-snippet:-1, max-image-preview:large, max-video-preview:-1\" \/>\n<link rel=\"canonical\" href=\"https:\/\/www.brebeuf.qc.ca\/secondaire\/vie-etudiante\/engagement-communautaire\/\" \/>\n<meta property=\"og:locale\" content=\"fr_FR\" \/>\n<meta property=\"og:type\" content=\"article\" \/>\n<meta property=\"og:title\" content=\"Valoriser et reconna\u00eetre l\u2019engagement social - Secondaire\" \/>\n<meta property=\"og:description\" content=\"Le projet \u00e9ducatif du Coll\u00e8ge Br\u00e9beuf promeut les valeurs humanistes d\u2019autonomie et de solidarit\u00e9 humaine. Il cherche \u00e0 former des citoyens et des citoyennes responsables et place l\u2019engagement communautaire au centre de ses intentions \u00e9ducatives. Le coll\u00e8ge souhaite valoriser la...\" \/>\n<meta property=\"og:url\" content=\"https:\/\/www.brebeuf.qc.ca\/secondaire\/vie-etudiante\/engagement-communautaire\/\" \/>\n<meta property=\"og:site_name\" content=\"Secondaire\" \/>\n<meta property=\"article:modified_time\" content=\"2024-07-11T19:50:25+00:00\" \/>\n<meta property=\"og:image\" content=\"https:\/\/www.brebeuf.qc.ca\/secondaire\/wp-content\/uploads\/sites\/4\/2024\/07\/Engagement.png\" \/>\n\t<meta property=\"og:image:width\" content=\"1400\" \/>\n\t<meta property=\"og:image:height\" content=\"240\" \/>\n<meta name=\"twitter:label1\" content=\"Dur\u00e9e de lecture est.\">\n\t<meta name=\"twitter:data1\" content=\"5 minutes\">\n<script type=\"application\/ld+json\" class=\"yoast-schema-graph\">{\"@context\":\"https:\/\/schema.org\",\"@graph\":[{\"@type\":\"WebSite\",\"@id\":\"https:\/\/www.brebeuf.qc.ca\/secondaire\/#website\",\"url\":\"https:\/\/www.brebeuf.qc.ca\/secondaire\/\",\"name\":\"Secondaire\",\"description\":\"Coll\\u00e8ge priv\\u00e9 | Secondaire | Coll\\u00e9gial\",\"potentialAction\":[{\"@type\":\"SearchAction\",\"target\":\"https:\/\/www.brebeuf.qc.ca\/secondaire\/?s={search_term_string}\",\"query-input\":\"required name=search_term_string\"}],\"inLanguage\":\"fr-FR\"},{\"@type\":\"ImageObject\",\"@id\":\"https:\/\/www.brebeuf.qc.ca\/secondaire\/vie-etudiante\/engagement-communautaire\/#primaryimage\",\"inLanguage\":\"fr-FR\",\"url\":\"https:\/\/www.brebeuf.qc.ca\/secondaire\/wp-content\/uploads\/sites\/4\/2024\/07\/Engagement.png\",\"contentUrl\":\"https:\/\/www.brebeuf.qc.ca\/secondaire\/wp-content\/uploads\/sites\/4\/2024\/07\/Engagement.png\",\"width\":1400,\"height\":240},{\"@type\":\"WebPage\",\"@id\":\"https:\/\/www.brebeuf.qc.ca\/secondaire\/vie-etudiante\/engagement-communautaire\/#webpage\",\"url\":\"https:\/\/www.brebeuf.qc.ca\/secondaire\/vie-etudiante\/engagement-communautaire\/\",\"name\":\"Valoriser et reconna\\u00eetre l\\u2019engagement social - Secondaire\",\"isPartOf\":{\"@id\":\"https:\/\/www.brebeuf.qc.ca\/secondaire\/#website\"},\"primaryImageOfPage\":{\"@id\":\"https:\/\/www.brebeuf.qc.ca\/secondaire\/vie-etudiante\/engagement-communautaire\/#primaryimage\"},\"datePublished\":\"2014-07-30T17:01:27+00:00\",\"dateModified\":\"2024-07-11T19:50:25+00:00\",\"breadcrumb\":{\"@id\":\"https:\/\/www.brebeuf.qc.ca\/secondaire\/vie-etudiante\/engagement-communautaire\/#breadcrumb\"},\"inLanguage\":\"fr-FR\",\"potentialAction\":[{\"@type\":\"ReadAction\",\"target\":[\"https:\/\/www.brebeuf.qc.ca\/secondaire\/vie-etudiante\/engagement-communautaire\/\"]}]},{\"@type\":\"BreadcrumbList\",\"@id\":\"https:\/\/www.brebeuf.qc.ca\/secondaire\/vie-etudiante\/engagement-communautaire\/#breadcrumb\",\"itemListElement\":[{\"@type\":\"ListItem\",\"position\":1,\"item\":{\"@type\":\"WebPage\",\"@id\":\"https:\/\/www.brebeuf.qc.ca\/secondaire\/\",\"url\":\"https:\/\/www.brebeuf.qc.ca\/secondaire\/\",\"name\":\"Home\"}},{\"@type\":\"ListItem\",\"position\":2,\"item\":{\"@type\":\"WebPage\",\"@id\":\"https:\/\/www.brebeuf.qc.ca\/secondaire\/vie-etudiante\/\",\"url\":\"https:\/\/www.brebeuf.qc.ca\/secondaire\/vie-etudiante\/\",\"name\":\"Vie \\u00e9tudiante\"}},{\"@type\":\"ListItem\",\"position\":3,\"item\":{\"@id\":\"https:\/\/www.brebeuf.qc.ca\/secondaire\/vie-etudiante\/engagement-communautaire\/#webpage\"}}]}]}<\/script>\n<!-- \/ Yoast SEO plugin. -->","_links":{"self":[{"href":"https:\/\/www.brebeuf.qc.ca\/secondaire\/wp-json\/wp\/v2\/pages\/70"}],"collection":[{"href":"https:\/\/www.brebeuf.qc.ca\/secondaire\/wp-json\/wp\/v2\/pages"}],"about":[{"href":"https:\/\/www.brebeuf.qc.ca\/secondaire\/wp-json\/wp\/v2\/types\/page"}],"author":[{"embeddable":true,"href":"https:\/\/www.brebeuf.qc.ca\/secondaire\/wp-json\/wp\/v2\/users\/2"}],"replies":[{"embeddable":true,"href":"https:\/\/www.brebeuf.qc.ca\/secondaire\/wp-json\/wp\/v2\/comments?post=70"}],"version-history":[{"count":32,"href":"https:\/\/www.brebeuf.qc.ca\/secondaire\/wp-json\/wp\/v2\/pages\/70\/revisions"}],"predecessor-version":[{"id":4393,"href":"https:\/\/www.brebeuf.qc.ca\/secondaire\/wp-json\/wp\/v2\/pages\/70\/revisions\/4393"}],"up":[{"embeddable":true,"href":"https:\/\/www.brebeuf.qc.ca\/secondaire\/wp-json\/wp\/v2\/pages\/25"}],"wp:featuredmedia":[{"embeddable":true,"href":"https:\/\/www.brebeuf.qc.ca\/secondaire\/wp-json\/wp\/v2\/media\/4392"}],"wp:attachment":[{"href":"https:\/\/www.brebeuf.qc.ca\/secondaire\/wp-json\/wp\/v2\/media?parent=70"}],"curies":[{"name":"wp","href":"https:\/\/api.w.org\/{rel}","templated":true}]}}