{"id":68,"date":"2014-07-30T17:01:00","date_gmt":"2014-07-30T17:01:00","guid":{"rendered":"https:\/\/www.brebeuf.qc.ca\/secondaire-garcons\/?page_id=68"},"modified":"2026-04-28T14:02:28","modified_gmt":"2026-04-28T14:02:28","slug":"services-aux-eleves","status":"publish","type":"page","link":"https:\/\/www.brebeuf.qc.ca\/secondaire\/vie-etudiante\/services-aux-eleves\/","title":{"rendered":"Services aux \u00e9l\u00e8ves"},"content":{"rendered":"\n<h2><span id=\"Secretariat\"><strong>Secr\u00e9tariat<\/strong><\/span><\/h2>\n\n\n\n<p>Les \u00e9l\u00e8ves se pr\u00e9sentent au secr\u00e9tariat pour pr\u00e9venir les autorit\u00e9s d\u2019un changement d\u2019adresse civique ou pour se procurer des documents d\u2019ordre p\u00e9dagogique. Les bureaux sont ouverts du lundi au vendredi, de 8 h \u00e0 12 h et de 13 h \u00e0 16 h 30.<\/p>\n\n\n\n<hr class=\"wp-block-separator\"\/>\n\n\n\n<h2><span id=\"Une_equipe_multidisciplinaire_au_service_des_eleves\"><strong>Une \u00e9quipe multidisciplinaire au service des \u00e9l\u00e8ves<\/strong><\/span><\/h2>\n\n\n\n<p>Bureaux : B2.80 et B2.90<\/p>\n\n\n\n<figure class=\"wp-block-embed is-type-video is-provider-youtube wp-block-embed-youtube wp-embed-aspect-16-9 wp-has-aspect-ratio\"><div class=\"wp-block-embed__wrapper\">\n<iframe loading=\"lazy\" title=\"L&#039;\u00e9quipe multidisciplinaire au secondaire\" width=\"1140\" height=\"641\" src=\"https:\/\/www.youtube.com\/embed\/sARPUj40J3Y?feature=oembed\" frameborder=\"0\" allow=\"accelerometer; autoplay; clipboard-write; encrypted-media; gyroscope; picture-in-picture; web-share\" referrerpolicy=\"strict-origin-when-cross-origin\" allowfullscreen><\/iframe>\n<\/div><\/figure>\n\n\n\n<h2><span id=\"Service_de_sante\"><strong>Service de sant\u00e9<\/strong><\/span><\/h2>\n\n\n\n<p><strong>Local du service de sant\u00e9 : B2.90<\/strong><\/p>\n\n\n\n<p><strong>Safae Salhi<\/strong>, infirmi\u00e8re<\/p>\n\n\n\n<ul><li>514 342-9342, poste 5423<\/li><li><a href=\"mailto:safae.salhi@brebeuf.qc.ca\">safae.salhi@brebeuf.qc.ca<\/a><\/li><\/ul>\n\n\n\n<p>Le service de sant\u00e9 offre un service <strong>du lundi au vendredi<\/strong> et poursuit les <strong>objectifs<\/strong> suivants :<\/p>\n\n\n\n<ul><li><strong>D\u00e9velopper et promouvoir<\/strong> le <strong>concept<\/strong> de <strong>sant\u00e9<\/strong> sous forme de kiosques, d\u2019ateliers en classe ou consultation individuelle;<\/li><li><strong>Prendre en charge<\/strong> les jeunes pr\u00e9sentant des <strong>conditions m\u00e9dicales particuli\u00e8res<\/strong> (sant\u00e9 chronique ou mentale) et si besoin \u00e9laborer des plans d\u2019intervention individualis\u00e9 en tenant compte des enjeux de bien-\u00eatre, m\u00e9dicaux et p\u00e9dagogiques de l\u2019\u00e9l\u00e8ve;<\/li><li><strong>R\u00e9pondre<\/strong> aux situations d<strong>\u2019urgences<\/strong> et en situation de <strong>crise<\/strong>;<\/li><li><strong>R\u00e9pondre<\/strong> \u00e0 toute demande de consultation tant sur le plan physique que sur le plan psychologique et diriger les \u00e9l\u00e8ves vers les instances appropri\u00e9es;<\/li><li><strong>Veiller au contr\u00f4le des maladies infectieuses<\/strong> et appliquer les mesures \u00e9mises par la Direction de sant\u00e9 publique. Les consultations au service de sant\u00e9 se font sur une base volontaire, pr\u00e9f\u00e9rablement lors des pauses, le midi ou en fin d\u2019apr\u00e8s- midi afin d\u2019optimiser le temps en classe. Dans le cas d\u2019une condition m\u00e9dicale particuli\u00e8re, le parent doit communiquer avec le service de sant\u00e9 et remplir chaque ann\u00e9e la fiche de sant\u00e9. Le parent doit communiquer avec le service de sant\u00e9 et la direction adjointe si l\u2019enfant est atteint d\u2019une infection qui risque d\u2019\u00eatre contagieuse et garder son enfant au domicile.<\/li><\/ul>\n\n\n\n<p><strong>Commotion c\u00e9r\u00e9brale : protocole<\/strong><\/p>\n\n\n\n<p>Le service de sant\u00e9 a \u00e9labor\u00e9 un protocole de commotion c\u00e9r\u00e9brale. Les documents suivants vous permettent de bien comprendre la conduite \u00e0 tenir en cas de traumatisme cr\u00e2nien l\u00e9ger.<\/p>\n\n\n\n<ul><li><strong><a href=\"https:\/\/www.brebeuf.qc.ca\/secondaire\/wp-content\/uploads\/sites\/4\/2021\/07\/dispense_sportive_commotion_cerebrale.pdf\" target=\"_blank\" rel=\"noopener\">Quoi faire en cas de dispense sportive (suspicion de commotion c\u00e9r\u00e9brale et autre blessure sportive)?<\/a><\/strong><\/li><li><strong><a href=\"https:\/\/www.brebeuf.qc.ca\/secondaire\/wp-content\/uploads\/sites\/4\/2021\/07\/fiche_suivi_protocole_commotion.pdf\" target=\"_blank\" rel=\"noopener\">Fiche de suivi du Coll\u00e8ge Br\u00e9beuf &#8211; Protocole de gestion des commotions c\u00e9r\u00e9brales<\/a><\/strong><\/li><li><strong><a href=\"https:\/\/www.brebeuf.qc.ca\/secondaire\/wp-content\/uploads\/sites\/4\/2021\/07\/etapes_gestion_commotion_cerebrale.pdf\" target=\"_blank\" rel=\"noopener\">\u00c9tapes de la gestion d&rsquo;une commotion c\u00e9r\u00e9brale<\/a><\/strong><\/li><li><strong><a href=\"https:\/\/bit.ly\/3qXslsI\" target=\"_blank\" rel=\"noopener\">Fiche de suivi du minist\u00e8re de l&rsquo;\u00c9ducation &#8211; Protocole de gestion des commotions c\u00e9r\u00e9brales<\/a><\/strong><\/li><\/ul>\n\n\n\n<p>Alexandra Fournier<strong> (Claudine Samson),<\/strong> sexologue<\/p>\n\n\n\n<ul><li>514 342-9342, poste 5214<\/li><li>Bureau : B2-90, 2B<\/li><\/ul>\n\n\n\n<p>Une sexologue accueille les \u00e9l\u00e8ves en \u00e9ducation et en relation d&rsquo;aide concernant des probl\u00e9matiques relationnelles, amoureuse ou sexuelles. Elle est \u00e9galement la ressource pour toute situation de violence \u00e0 caract\u00e8re sexuel, dont les agressions sexuelles. Puis, la sexologue est responsable des cours d&rsquo;\u00e9ducation \u00e0 la sexualit\u00e9 en accompagnant les enseignants \u00e0 dispenser ces cours ou en allant animer en classe selon le programme du minist\u00e8re.<\/p>\n\n\n\n<p><strong>Pr\u00e9venir et combattre les violences \u00e0 caract\u00e8re sexuel<\/strong><\/p>\n\n\n\n<p>On entend par violences \u00e0 caract\u00e8re sexuel \u00ab toute forme de violence commise par le biais de pratiques sexuelles ou en ciblant la sexualit\u00e9, dont l\u2019agression sexuelle. Cette notion s\u2019entend \u00e9galement de toute autre inconduite qui se manifeste notamment par des gestes, paroles, comportements ou attitudes \u00e0 connotation sexuelle non d\u00e9sir\u00e9s, incluant celles relatives aux diversit\u00e9s sexuelles ou de genre, exprim\u00e9es directement ou indirectement, y compris par un moyen technologique. \u00bb<\/p>\n\n\n\n<p><strong>Politique visant \u00e0 pr\u00e9venir et \u00e0 combattre les violences \u00e0 caract\u00e8re sexuel du Coll\u00e8ge Jean-de-Br\u00e9beuf<\/strong><\/p>\n\n\n\n<p><strong>Le Coll\u00e8ge Br\u00e9beuf se dote d&rsquo;une politique<\/strong><\/p>\n\n\n\n<p>Conform\u00e9ment \u00e0 la loi visant \u00e0 pr\u00e9venir et \u00e0 combattre les violences \u00e0 caract\u00e8re sexuel dans les \u00e9tablissements d\u2019enseignement sup\u00e9rieur, le Coll\u00e8ge s\u2019est dot\u00e9 d\u2019une politique qui vise \u00e0 <strong>renforcer les actions pour pr\u00e9venir et combattre<\/strong> les violences \u00e0 caract\u00e8re sexuel dans notre \u00e9tablissement.<\/p>\n\n\n\n<p>Cette politique favorise ainsi le maintien d\u2019un <strong>milieu de vie sain et s\u00e9curitaire<\/strong> pour les \u00e9tudiants, les membres du personnel, les stagiaires, les visiteurs et les sous\u2010traitants.<\/p>\n\n\n\n<p>Elle d\u00e9finit les <strong>modalit\u00e9s<\/strong> de <strong>pr\u00e9vention<\/strong>, de <strong>sensibilisation<\/strong>, de <strong>s\u00e9curit\u00e9<\/strong> ainsi que de <strong>gestion<\/strong> des <strong>plaintes<\/strong>.<\/p>\n\n\n\n<p>Conform\u00e9ment aux exigences l\u00e9gislatives, cette politique pr\u00e9voit aussi la mise en \u0153uvre de moyens de responsabilisation, d\u2019accompagnement et d\u2019aide pour tous.<\/p>\n\n\n\n<blockquote class=\"wp-block-quote\"><p>Toute personne victime ou t\u00e9moin, directement ou indirectement, peut d\u00e9poser une plainte ou un signalement en personne au guichet unique.<\/p><p>Il est aussi possible de d\u00e9noncer de fa\u00e7on anonyme par courriel : <a href=\"mailto:jedenonce@brebeuf.qc.ca\">jedenonce@brebeuf.qc.ca<\/a><br>ou par t\u00e9l\u00e9phone au poste 5999<\/p><\/blockquote>\n\n\n\n<p><strong><a href=\"https:\/\/www.brebeuf.qc.ca\/collegial\/wp-content\/uploads\/sites\/2\/2019\/12\/brebeuf_prevenir_combattre_violences_caractere_sexuel.pdf\" target=\"_blank\" rel=\"noopener noreferrer\">R\u00e9sum\u00e9 de la politique <em>Violences \u00e0 caract\u00e8re sexuel<\/em> du Coll\u00e8ge Br\u00e9beuf (document PDF)<\/a><\/strong><\/p>\n\n\n\n<hr class=\"wp-block-separator\"\/>\n\n\n\n<h2><span id=\"Services_drsquointervention_psychosociale\"><strong>Services d&rsquo;intervention psychosociale<\/strong><\/span><\/h2>\n\n\n\n<p><strong>Julien Normand<\/strong>, travailleur social<\/p>\n\n\n\n<ul><li>T\u00e9l\u00e9phone : 514 342-9342 poste 5310<\/li><li>Local D4-80<\/li><li>Horaire : du lundi au vendredi de 8 h 30 \u00e0 16 h 30<\/li><\/ul>\n\n\n\n<p>Les intervenants sociaux offrent un soutien aux \u00e9l\u00e8ves vivant des difficult\u00e9s d\u2019ordre personnel, social ou familial afin d\u2019am\u00e9liorer leur bien-\u00eatre et leur parcours scolaire. Selon le besoin identifi\u00e9, les intervenants peuvent r\u00e9f\u00e9rer l\u2019\u00e9l\u00e8ve vers d\u2019autres ressources \u00e0 l\u2019interne ou \u00e0 l\u2019externe.<\/p>\n\n\n\n<p>Le service offre aussi un soutien et des conseils aux parents qui le d\u00e9sirent.<\/p>\n\n\n\n<h2><span id=\"Service_drsquoorthopedagogie\"><strong>Service d&rsquo;orthop\u00e9dagogie<\/strong><\/span><\/h2>\n\n\n\n<p>Du lundi au vendredi de 9 h \u00e0 15 h 30<\/p>\n\n\n\n<p><strong>Catherine Charette<\/strong>, technicienne en \u00e9ducation sp\u00e9cialis\u00e9e<\/p>\n\n\n\n<ul><li style=\"text-align: justify\">T\u00e9l\u00e9phone : 514 342-9342, poste 5378<\/li><li style=\"text-align: justify\">Courriel : <a href=\"mailto:catherine.charette@brebeuf.qc.ca\">catherine.charette@brebeuf.qc.ca<\/a><\/li><li style=\"text-align: justify\">Local B2.90,6<\/li><\/ul>\n\n\n\n<p><strong>F\u00e9lix Barbeau<\/strong>, orthop\u00e9dagogue<\/p>\n\n\n\n<ul><li>T\u00e9l\u00e9phone : 514 342-9342, poste 5289<\/li><li>Courriel : <a href=\"mailto:felix.barbeau@brebeuf.qc.ca\">felix.barbeau@brebeuf.qc.ca<\/a><\/li><li>Local B2-80,1<\/li><\/ul>\n\n\n\n<p>Le service assure un suivi de court terme individuel ou de groupe; r\u00e9dige les plans d\u2019intervention; et met en place les mesures adaptatives pour les EHDAA, en collaboration avec les directions adjointes et les enseignants. Il offre aide et soutien scolaire aux \u00e9l\u00e8ves en difficult\u00e9 d\u2019apprentissage et \u00e0 leurs parents, en partenariat avec l\u2019\u00e9quipe-\u00e9cole et les autres membres de l\u2019\u00e9quipe Multi. De plus, un service de tutorat b\u00e9n\u00e9vole, d\u00e9butant en octobre, permet aux \u00e9l\u00e8ves du secondaire de recevoir du soutien scolaire d\u2019\u00e9tudiants du secondaire et du coll\u00e9gial. Enfin, un service externe de tutorat r\u00e9mun\u00e9r\u00e9 est disponible, au besoin, \u00e0 la suite d\u2019une recommandation du personnel enseignant.<\/p>\n\n\n\n<h2><span id=\"Intervenante_scolaire_et_conseillere_en_orientation_scolaire_et_professionnelle\"><strong>Intervenante scolaire et conseill\u00e8re en orientation scolaire et professionnelle<\/strong><\/span><\/h2>\n\n\n\n<p><strong>Radia Semghoun<\/strong>, responsable ISEP 2e cycle<\/p>\n\n\n\n<ul><li style=\"text-align: left\">T\u00e9l\u00e9phone : 514 342-9342, poste 5259<\/li><li>Courriel :&nbsp;<a class=\"infoPersonne\" href=\"mailto:Radia-Siham.Semghoun@brebeuf.qc.ca\">Radia-Siham.Semghoun@brebeuf.qc.ca<\/a><\/li><li style=\"text-align: left\">Local C3.35<\/li><li style=\"text-align: left\">Horaire : du lundi au vendredi de 8 h \u00e0 16 h<\/li><\/ul>\n\n\n\n<p>L\u2019intervenante scolaire offre un soutien aux \u00e9l\u00e8ves des groupes Sport et monde et de 5e secondaire, en appui \u00e0 la direction adjointe. Elle est aussi le guichet unique pour les situations d\u2019intimidation et de violence. Elle intervient aupr\u00e8s des \u00e9l\u00e8ves et soutien l\u2019\u00e9quipe \u00e0 la direction dans la mise en application de la loi no 56.<\/p>\n\n\n\n<blockquote class=\"wp-block-quote\"><p>Toute personne victime ou t\u00e9moin, directement ou indirectement, peut d\u00e9poser une plainte ou un signalement en personne au guichet unique.<\/p><p>Il est aussi possible de d\u00e9noncer de fa\u00e7on anonyme par courriel : <a href=\"mailto:jedenonce@brebeuf.qc.ca\">jedenonce@brebeuf.qc.ca<\/a><br>ou par t\u00e9l\u00e9phone au poste 5999<\/p><\/blockquote>\n\n\n\n<h2><span id=\"Service_drsquoinformation_et_drsquoorientation_scolaire\"><strong>Service d&rsquo;information et d&rsquo;orientation scolaire<\/strong><\/span><\/h2>\n\n\n\n<p class=\"x_MsoNormal\"><b>Conseil en information scolaire<\/b><\/p>\n\n\n\n<ul><li class=\"x_MsoListParagraph\">Organisation et planification d\u2019activit\u00e9s en orientation et en information scolaire en grand groupe au 2<sup>e<\/sup> cycle;<\/li><li class=\"x_MsoListParagraph\">Suivi de la r\u00e9ussite en 4e et 5e secondaire (enjeux de diplomation);<\/li><li class=\"x_MsoListParagraph\">Suivi individuel en information scolaire et accompagnement vers le coll\u00e9gial et les \u00e9tudes sup\u00e9rieures.<\/li><\/ul>\n\n\n\n<p>Les conseillers soutiennent l\u2019\u00e9l\u00e8ve dans sa d\u00e9marche personnelle d\u2019orientation scolaire et professionnelle en collaboration avec l\u2019\u00e9quipe d&rsquo;orientation de l\u2019\u00e9cole.<\/p>\n\n\n\n<p>Les conseillers accompagnent l\u2019\u00e9l\u00e8ve dans son projet personnel d\u2019orientation \u00e0 travers une d\u00e9marche \u00e9volutive de connaissance de soi, des domaines de formation et du march\u00e9 du travail. L\u2019\u00e9quipe d&rsquo;orientation vise le d\u00e9veloppement de comp\u00e9tences reli\u00e9es \u00e0 une int\u00e9gration professionnelle future r\u00e9ussie.<\/p>\n\n\n\n<p><strong>Au quotidien, la C.I.S.E.P<\/strong><\/p>\n\n\n\n<ul><li style=\"text-align: left\">Proc\u00e8de \u00e0 l&rsquo;analyse des besoins des \u00e9l\u00e8ves et du milieu en mati\u00e8re d&rsquo;information scolaire et professionnelle;<\/li><li style=\"text-align: left\">Participe \u00e0 l\u2019\u00e9laboration et \u00e0 la mise en \u0153uvre du service d\u2019information scolaire et professionnelle;<\/li><li style=\"text-align: left\">Organise diff\u00e9rentes activit\u00e9s destin\u00e9es \u00e0 informer les \u00e9l\u00e8ves sur leur choix de programme et le march\u00e9 du travail;<\/li><li style=\"text-align: left\">Voit \u00e0 l&rsquo;analyse, \u00e0 l&rsquo;\u00e9valuation, \u00e0 l&rsquo;adaptation et \u00e0 la diffusion des informations scolaires et professionnelles destin\u00e9es aux \u00e9l\u00e8ves;<\/li><li style=\"text-align: left\">Collabore avec les autres personnes intervenantes concern\u00e9es et conseille les \u00e9l\u00e8ves sur les modalit\u00e9s d\u2019admission au coll\u00e9gial et sur le contingentement pour les diff\u00e9rents types de programmes;<\/li><li style=\"text-align: left\">Voit \u00e0 l&rsquo;organisation de rencontres de sensibilisation des \u00e9l\u00e8ves aux questions d&rsquo;information scolaire et professionnelle;<\/li><li style=\"text-align: left\">Est responsable de l&rsquo;organisation et du fonctionnement d&rsquo;un centre de documentation sur le monde scolaire et sur celui des professions;<\/li><li style=\"text-align: left\">Assure l&rsquo;utilisation maximale de l&rsquo;ensemble des ressources de documentation propres \u00e0 informer les \u00e9l\u00e8ves.<\/li><\/ul>\n\n\n\n<p><strong>Durant l\u2019ann\u00e9e scolaire, la C.I.S.E.P organise des ateliers d\u2019information<\/strong><\/p>\n\n\n\n<ul><li>Journ\u00e9e \u00ab carri\u00e8re \u00bb;<\/li><li>Passation d\u2019un test d\u2019int\u00e9r\u00eat suivi d\u2019une rencontre avec une \u00e9quipe d\u2019orienteurs professionnels;<\/li><li>Rencontres d\u2019informations consacr\u00e9es \u00e0 chacun des programmes en collaboration avec les aides p\u00e9dagogiques du coll\u00e9gial pour les \u00e9l\u00e8ves de la 5e secondaire.<\/li><\/ul>\n\n\n\n<p><strong>Centre de documentation<\/strong><\/p>\n\n\n\n<p>Sur place au Coll\u00e8ge, les \u00e9l\u00e8ves peuvent consulter plusieurs documents de r\u00e9f\u00e9rences pour mieux d\u00e9finir leur plan d\u2019\u00e9tude.<\/p>\n\n\n\n<hr class=\"wp-block-separator\"\/>\n\n\n\n<h3><strong>Pour en savoir plus<\/strong><\/h3>\n\n\n\n<p>Par ailleurs, le minist\u00e8re de l&rsquo;\u00c9ducation, (MELS) met \u00e0 votre disposition sur son site internet (www.education.gouv.qc.ca), une section qui regroupe toute l&rsquo;information pertinente sur la demande d&rsquo;admission au coll\u00e9gial et \u00e0 l&rsquo;universit\u00e9 dans les \u00e9tablissements d&rsquo;enseignement du Qu\u00e9bec.<\/p>\n\n\n\n<p><strong>R\u00e9f\u00e9rences g\u00e9n\u00e9rales<\/strong><\/p>\n\n\n\n<ul><li style=\"text-align: left\">Guide pratique des \u00e9tudes coll\u00e9giales et universitaires<\/li><li style=\"text-align: left\"><a href=\"http:\/\/www.reperes.qc.ca\" target=\"_blank\" rel=\"noopener noreferrer\">Le site officiel de l\u2019information scolaire et professionnelle<\/a>\n<ul>\n<li style=\"text-align: left\">Pour acc\u00e9der \u00e0 ce site, vous avez besoin du code d\u2019utilisateur et du mot de passe de votre enfant.<\/li>\n<\/ul>\n<\/li><li style=\"text-align: left\"><a href=\"http:\/\/www.emploiavenir.ca\" target=\"_blank\" rel=\"noopener noreferrer\">Site national canadien d\u2019aide \u00e0 la planification professionnelle et scolaire &#8211; Gouvernement du Canada<\/a><\/li><li style=\"text-align: left\"><a href=\"http:\/\/www.afe.gouv.qc.ca\">Aide financi\u00e8re aux \u00e9tudes &#8211; Gouvernement du Qu\u00e9bec <\/a><\/li><li style=\"text-align: left\"><a href=\"http:\/\/www.sram.qc.ca\">Service r\u00e9gional d\u2019admission du Montr\u00e9al m\u00e9tropolitain (c\u00e9gep)<\/a><\/li><li style=\"text-align: left\"><a href=\"http:\/\/www.sracq.qc.ca\">Service r\u00e9gional d\u2019admission au coll\u00e9gial de Qu\u00e9bec<\/a><\/li><li style=\"text-align: left\"><a href=\"http:\/\/www.monemploi.com\">Information sur les programmes d\u2019\u00e9tudes et le march\u00e9 du travail<\/a><\/li><li style=\"text-align: left\"><a style=\"background-color: #ffffff\" href=\"https:\/\/www.bci-qc.ca\/\" target=\"_blank\" rel=\"noopener noreferrer\">Information sur la cote de rendement coll\u00e9gial (CRC\/COTE R)<\/a><\/li><\/ul>\n\n\n\n<p><strong>R\u00e9f\u00e9rences pour les parents<\/strong><\/p>\n\n\n\n<p>L&rsquo;Ordre&nbsp; des conseillers et conseill\u00e8res d&rsquo;orientation du Qu\u00e9bec en partenariat avec la F\u00e9d\u00e9ration des comit\u00e9s de parents du Qu\u00e9bec proposent sur le site web <em><strong>Espace virtuel pour les parents<\/strong><\/em> qui inclut des outils, des r\u00e9f\u00e9rences et des <a href=\"https:\/\/www.fcpq.qc.ca\/parents\/revue-action-parents\/\" target=\"_blank\" rel=\"noopener noreferrer\">guides pratiques<\/a> pour les parents.<\/p>\n\n\n\n<blockquote class=\"wp-block-quote\"><p><a href=\"http:\/\/choixavenir.ca\/parents\/\" target=\"_blank\" rel=\"noopener noreferrer\">Espace virtuel<\/a> est un espace pour mieux comprendre ce que vivent les jeunes&nbsp;concernant leur orientation scolaire et professionnelle, tout&nbsp;en donnant aux parents&nbsp;des&nbsp;strat\u00e9gies pour \u00eatre en mesure de mieux les accompagner dans leur d\u00e9veloppement personnel et identitaire.<\/p><\/blockquote>\n<div id=\"toc_container\" class=\"no_bullets\"><p class=\"toc_title\">Sommaire<\/p><ul class=\"toc_list\"><li><a href=\"#Secretariat\">Secr\u00e9tariat<\/a><\/li><li><a href=\"#Une_equipe_multidisciplinaire_au_service_des_eleves\">Une \u00e9quipe multidisciplinaire au service des \u00e9l\u00e8ves<\/a><\/li><li><a href=\"#Service_de_sante\">Service de sant\u00e9<\/a><\/li><li><a href=\"#Services_drsquointervention_psychosociale\">Services d&rsquo;intervention psychosociale<\/a><\/li><li><a href=\"#Service_drsquoorthopedagogie\">Service d&rsquo;orthop\u00e9dagogie<\/a><\/li><li><a href=\"#Intervenante_scolaire_et_conseillere_en_orientation_scolaire_et_professionnelle\">Intervenante scolaire et conseill\u00e8re en orientation scolaire et professionnelle<\/a><\/li><li><a href=\"#Service_drsquoinformation_et_drsquoorientation_scolaire\">Service d&rsquo;information et d&rsquo;orientation scolaire<\/a><\/li><\/ul><\/div>\n","protected":false},"excerpt":{"rendered":"<p>Secr\u00e9tariat Les \u00e9l\u00e8ves se pr\u00e9sentent au secr\u00e9tariat pour pr\u00e9venir les autorit\u00e9s d\u2019un changement d\u2019adresse civique ou pour se procurer des documents d\u2019ordre p\u00e9dagogique. Les bureaux sont ouverts du lundi au vendredi, de 8 h \u00e0 12 h et de 13&#8230;<\/p>\n","protected":false},"author":2,"featured_media":4397,"parent":25,"menu_order":3,"comment_status":"open","ping_status":"closed","template":"templates\/template-personnalisable.php","meta":{"_editorskit_title_hidden":false,"_editorskit_reading_time":6,"_editorskit_typography_data":[],"_editorskit_blocks_typography":""},"yoast_head":"<!-- This site is optimized with the Yoast SEO plugin v16.3 - https:\/\/yoast.com\/wordpress\/plugins\/seo\/ -->\n<title>Services aux \u00e9l\u00e8ves - Secondaire<\/title>\n<meta name=\"robots\" content=\"index, follow, max-snippet:-1, max-image-preview:large, max-video-preview:-1\" \/>\n<link rel=\"canonical\" href=\"https:\/\/www.brebeuf.qc.ca\/secondaire\/vie-etudiante\/services-aux-eleves\/\" \/>\n<meta property=\"og:locale\" content=\"fr_FR\" \/>\n<meta property=\"og:type\" content=\"article\" \/>\n<meta property=\"og:title\" content=\"Services aux \u00e9l\u00e8ves - Secondaire\" \/>\n<meta property=\"og:description\" content=\"Secr\u00e9tariat Les \u00e9l\u00e8ves se pr\u00e9sentent au secr\u00e9tariat pour pr\u00e9venir les autorit\u00e9s d\u2019un changement d\u2019adresse civique ou pour se procurer des documents d\u2019ordre p\u00e9dagogique. Les bureaux sont ouverts du lundi au vendredi, de 8 h \u00e0 12 h et de 13...\" \/>\n<meta property=\"og:url\" content=\"https:\/\/www.brebeuf.qc.ca\/secondaire\/vie-etudiante\/services-aux-eleves\/\" \/>\n<meta property=\"og:site_name\" content=\"Secondaire\" \/>\n<meta property=\"article:modified_time\" content=\"2026-04-28T14:02:28+00:00\" \/>\n<meta property=\"og:image\" content=\"https:\/\/www.brebeuf.qc.ca\/secondaire\/wp-content\/uploads\/sites\/4\/2024\/07\/Services-aux-eleves.png\" \/>\n\t<meta property=\"og:image:width\" content=\"1400\" \/>\n\t<meta property=\"og:image:height\" content=\"240\" \/>\n<meta name=\"twitter:label1\" content=\"Dur\u00e9e de lecture est.\">\n\t<meta name=\"twitter:data1\" content=\"7 minutes\">\n<script type=\"application\/ld+json\" class=\"yoast-schema-graph\">{\"@context\":\"https:\/\/schema.org\",\"@graph\":[{\"@type\":\"WebSite\",\"@id\":\"https:\/\/www.brebeuf.qc.ca\/secondaire\/#website\",\"url\":\"https:\/\/www.brebeuf.qc.ca\/secondaire\/\",\"name\":\"Secondaire\",\"description\":\"Coll\\u00e8ge priv\\u00e9 | Secondaire | Coll\\u00e9gial\",\"potentialAction\":[{\"@type\":\"SearchAction\",\"target\":\"https:\/\/www.brebeuf.qc.ca\/secondaire\/?s={search_term_string}\",\"query-input\":\"required name=search_term_string\"}],\"inLanguage\":\"fr-FR\"},{\"@type\":\"ImageObject\",\"@id\":\"https:\/\/www.brebeuf.qc.ca\/secondaire\/vie-etudiante\/services-aux-eleves\/#primaryimage\",\"inLanguage\":\"fr-FR\",\"url\":\"https:\/\/www.brebeuf.qc.ca\/secondaire\/wp-content\/uploads\/sites\/4\/2024\/07\/Services-aux-eleves.png\",\"contentUrl\":\"https:\/\/www.brebeuf.qc.ca\/secondaire\/wp-content\/uploads\/sites\/4\/2024\/07\/Services-aux-eleves.png\",\"width\":1400,\"height\":240},{\"@type\":\"WebPage\",\"@id\":\"https:\/\/www.brebeuf.qc.ca\/secondaire\/vie-etudiante\/services-aux-eleves\/#webpage\",\"url\":\"https:\/\/www.brebeuf.qc.ca\/secondaire\/vie-etudiante\/services-aux-eleves\/\",\"name\":\"Services aux \\u00e9l\\u00e8ves - Secondaire\",\"isPartOf\":{\"@id\":\"https:\/\/www.brebeuf.qc.ca\/secondaire\/#website\"},\"primaryImageOfPage\":{\"@id\":\"https:\/\/www.brebeuf.qc.ca\/secondaire\/vie-etudiante\/services-aux-eleves\/#primaryimage\"},\"datePublished\":\"2014-07-30T17:01:00+00:00\",\"dateModified\":\"2026-04-28T14:02:28+00:00\",\"breadcrumb\":{\"@id\":\"https:\/\/www.brebeuf.qc.ca\/secondaire\/vie-etudiante\/services-aux-eleves\/#breadcrumb\"},\"inLanguage\":\"fr-FR\",\"potentialAction\":[{\"@type\":\"ReadAction\",\"target\":[\"https:\/\/www.brebeuf.qc.ca\/secondaire\/vie-etudiante\/services-aux-eleves\/\"]}]},{\"@type\":\"BreadcrumbList\",\"@id\":\"https:\/\/www.brebeuf.qc.ca\/secondaire\/vie-etudiante\/services-aux-eleves\/#breadcrumb\",\"itemListElement\":[{\"@type\":\"ListItem\",\"position\":1,\"item\":{\"@type\":\"WebPage\",\"@id\":\"https:\/\/www.brebeuf.qc.ca\/secondaire\/\",\"url\":\"https:\/\/www.brebeuf.qc.ca\/secondaire\/\",\"name\":\"Home\"}},{\"@type\":\"ListItem\",\"position\":2,\"item\":{\"@type\":\"WebPage\",\"@id\":\"https:\/\/www.brebeuf.qc.ca\/secondaire\/vie-etudiante\/\",\"url\":\"https:\/\/www.brebeuf.qc.ca\/secondaire\/vie-etudiante\/\",\"name\":\"Vie \\u00e9tudiante\"}},{\"@type\":\"ListItem\",\"position\":3,\"item\":{\"@id\":\"https:\/\/www.brebeuf.qc.ca\/secondaire\/vie-etudiante\/services-aux-eleves\/#webpage\"}}]}]}<\/script>\n<!-- \/ Yoast SEO plugin. -->","_links":{"self":[{"href":"https:\/\/www.brebeuf.qc.ca\/secondaire\/wp-json\/wp\/v2\/pages\/68"}],"collection":[{"href":"https:\/\/www.brebeuf.qc.ca\/secondaire\/wp-json\/wp\/v2\/pages"}],"about":[{"href":"https:\/\/www.brebeuf.qc.ca\/secondaire\/wp-json\/wp\/v2\/types\/page"}],"author":[{"embeddable":true,"href":"https:\/\/www.brebeuf.qc.ca\/secondaire\/wp-json\/wp\/v2\/users\/2"}],"replies":[{"embeddable":true,"href":"https:\/\/www.brebeuf.qc.ca\/secondaire\/wp-json\/wp\/v2\/comments?post=68"}],"version-history":[{"count":76,"href":"https:\/\/www.brebeuf.qc.ca\/secondaire\/wp-json\/wp\/v2\/pages\/68\/revisions"}],"predecessor-version":[{"id":5322,"href":"https:\/\/www.brebeuf.qc.ca\/secondaire\/wp-json\/wp\/v2\/pages\/68\/revisions\/5322"}],"up":[{"embeddable":true,"href":"https:\/\/www.brebeuf.qc.ca\/secondaire\/wp-json\/wp\/v2\/pages\/25"}],"wp:featuredmedia":[{"embeddable":true,"href":"https:\/\/www.brebeuf.qc.ca\/secondaire\/wp-json\/wp\/v2\/media\/4397"}],"wp:attachment":[{"href":"https:\/\/www.brebeuf.qc.ca\/secondaire\/wp-json\/wp\/v2\/media?parent=68"}],"curies":[{"name":"wp","href":"https:\/\/api.w.org\/{rel}","templated":true}]}}