{"id":66,"date":"2014-07-30T17:00:37","date_gmt":"2014-07-30T17:00:37","guid":{"rendered":"https:\/\/www.brebeuf.qc.ca\/secondaire-garcons\/?page_id=66"},"modified":"2024-07-11T19:51:53","modified_gmt":"2024-07-11T19:51:53","slug":"activites-parascolaires","status":"publish","type":"page","link":"https:\/\/www.brebeuf.qc.ca\/secondaire\/vie-etudiante\/activites-parascolaires\/","title":{"rendered":"Activit\u00e9s parascolaires"},"content":{"rendered":"\n<h2><span id=\"Srsquoimpliquer_tout_en_se_divertissant\">S&rsquo;impliquer tout en se divertissant<\/span><\/h2>\n\n\n\n<figure class=\"wp-block-embed is-type-video is-provider-youtube wp-block-embed-youtube wp-embed-aspect-16-9 wp-has-aspect-ratio\"><div class=\"wp-block-embed__wrapper\">\n<iframe loading=\"lazy\" title=\"Carnaval au secondaire 2022 : les meilleurs moments\" width=\"1140\" height=\"641\" src=\"https:\/\/www.youtube.com\/embed\/QMJdu3s-Fns?feature=oembed\" frameborder=\"0\" allow=\"accelerometer; autoplay; clipboard-write; encrypted-media; gyroscope; picture-in-picture\" allowfullscreen><\/iframe>\n<\/div><figcaption><em><strong>Les meilleurs moments du carnaval 2022. Cette ann\u00e9e, le th\u00e8me \u00e9tait : 3200 lieues sous les mers.<\/strong><\/em><\/figcaption><\/figure>\n\n\n\n<p class=\"has-text-align-left\">En plus d\u2019offrir un enseignement de qualit\u00e9, Br\u00e9beuf propose aux \u00e9l\u00e8ves un programme compl\u00e9mentaire d\u2019activit\u00e9s stimulantes et divertissantes qui contribuent \u00e0 l\u2019\u00e9quilibre d\u2019un solide plan d\u2019\u00e9tudes. Les activit\u00e9s parascolaires sont captivantes et stimulantes.<\/p>\n\n\n\n<p class=\"has-text-align-left\">En plus de d\u00e9velopper l\u2019estime de soi, elles d\u00e9veloppent des habilet\u00e9s personnelles, encouragent des contacts avec des \u00e9l\u00e8ves qui ont les m\u00eames int\u00e9r\u00eats et favorisent l\u2019\u00e9panouissement de la personnalit\u00e9.<\/p>\n\n\n\n<blockquote class=\"wp-block-quote\"><p>Plusieurs activit\u00e9s parascolaires sont offertes aux \u00e9l\u00e8ves sur l\u2019heure du d\u00eener ou apr\u00e8s l\u2019\u00e9cole. Les \u00e9l\u00e8ves peuvent s\u2019inscrire dans le volet comp\u00e9titif ou r\u00e9cr\u00e9atif de quelques activit\u00e9s. Chaque ann\u00e9e, de nouvelles activit\u00e9s sont offertes afin de r\u00e9pondre aux int\u00e9r\u00eats des \u00e9l\u00e8ves.<\/p><\/blockquote>\n\n\n\n<h2><span id=\"Genies_en_herbe\">G\u00e9nies en herbe<\/span><\/h2>\n\n\n\n<p class=\"has-text-align-left\">Des \u00e9quipes de G\u00e9nies en herbe et de Jeunes d\u00e9mocrates s\u2019entra\u00eenent avec des dipl\u00f4m\u00e9s de Br\u00e9beuf et d\u2019autres coll\u00e8ges qui se sont illustr\u00e9s dans le cadre de l\u2019\u00e9mission t\u00e9l\u00e9vis\u00e9e du m\u00eame nom. Ces activit\u00e9s donnent aux \u00e9l\u00e8ves l\u2019occasion d\u2019exercer leur vivacit\u00e9 d\u2019esprit et leur concentration tout en s\u2019amusant.<\/p>\n\n\n\n<h2><span id=\"Les_echecs\">Les \u00e9checs<\/span><\/h2>\n\n\n\n<p class=\"has-text-align-left\">Les amateurs de jeu d\u2019\u00e9checs se regroupent tous les midis pour se mesurer \u00e0 leurs camarades. C\u2019est pour eux une excellente occasion de d\u00e9velopper des strat\u00e9gies afin de se pr\u00e9parer pour faire partie d\u2019une des \u00e9quipes inscrites dans la Ligue d\u2019\u00e9checs de l\u2019ARSEM.<\/p>\n\n\n\n<h2><span id=\"Ensemble_vocal_au_secondaire\">Ensemble vocal au secondaire<\/span><\/h2>\n\n\n\n<p class=\"has-text-align-left\">En collaboration avec l\u2019\u00e9cole de musique de Br\u00e9beuf, ce cours de chant choral vise \u00e0 mettre de l\u2019avant un apprentissage de la voix dans une pratique collective o\u00f9 nous explorerons un vaste r\u00e9pertoire permettant ainsi aux \u00e9l\u00e8ves de proposer certaines pi\u00e8ces actuelles et de d\u00e9couvrir le r\u00e9pertoire choral classique. Bienvenue \u00e0 tous ceux qui aiment travailler en groupe, chanter et qui d\u00e9sirent apprendre la technique vocale ainsi que monter des spectacles.<\/p>\n\n\n\n<h2><span id=\"Krav_Maga\">Krav Maga<\/span><\/h2>\n\n\n\n<p class=\"has-text-align-left\">Les cours de Krav Maga (auto-d\u00e9fense et tactiques de combat pour tous) sont bas\u00e9s sur la logique, la physique, la biom\u00e9canique et la strat\u00e9gie. Cette activit\u00e9 constitue un compl\u00e9ment id\u00e9al aux \u00e9tudes scolaires en permettant aux \u00e9l\u00e8ves de s\u2019entra\u00eener de mani\u00e8re ludique et intelligente en b\u00e2tissant une meilleure confiance en soi.<\/p>\n\n\n\n<h2><span id=\"Atelier_de_Manga\">Atelier de Manga<\/span><\/h2>\n\n\n\n<p class=\"has-text-align-left\">Par cette activit\u00e9, l\u2019\u00e9l\u00e8ve pourra partager sa passion des mangas avec les autres et apprendra avec une vraie manga-ka japonaise les techniques du dessin manga et l&rsquo;\u00e9criture de sc\u00e9narios pour r\u00e9aliser son propre manga, tout en \u00e9tant initi\u00e9 \u00e0 la culture japonaise!<\/p>\n\n\n\n<h2><span id=\"Concours_scientifiques\">Concours scientifiques<\/span><\/h2>\n\n\n\n<p class=\"has-text-align-left\">Plusieurs concours scientifiques sont offerts chaque ann\u00e9e aux jeunes du Qu\u00e9bec.<\/p>\n\n\n\n<p class=\"has-text-align-left\">Les \u00e9l\u00e8ves du coll\u00e8ge participent activement aux comp\u00e9titions, qui leur permettent de d\u00e9montrer ainsi leur ing\u00e9niosit\u00e9, de d\u00e9velopper leur esprit d\u2019\u00e9quipe et d&rsquo;atteindre l\u2019excellence.<\/p>\n\n\n\n<p class=\"has-text-align-left\">Le plus grand de ceux-ci en terme de participation, L\u2019Expo-sciences Hydro-Qu\u00e9bec, permet \u00e0 plus de 15 000 jeunes de 20 ans et moins de pr\u00e9senter, devant public, un projet scientifique r\u00e9alis\u00e9 pendant l\u2019ann\u00e9e scolaire.<\/p>\n\n\n\n<p class=\"has-text-align-left\">Le D\u00e9fi g\u00e9nie inventif est un autre concours o\u00f9 les \u00e9l\u00e8ves du secondaire doivent r\u00e9aliser un objet technique qui sera ensuite mis \u00e0 l\u2019\u00e9preuve dans le cadre d\u2019une comp\u00e9tition. PontPop est une comp\u00e9tition \u00e9tudiante de construction de ponts en b\u00e2tons de bois organis\u00e9e par l\u2019\u00c9cole de technologie sup\u00e9rieure pour les \u00e9l\u00e8ves de la 3e \u00e0 la 5e secondaire.<\/p>\n\n\n\n<p class=\"has-text-align-left\">Enfin, Br\u00e9beuf propose aux jeunes de relever le d\u00e9fi pancanadien Michael Smith administr\u00e9 par l\u2019Universit\u00e9 de la Colombie-Britannique. Ce d\u00e9fi permet aux jeunes de s\u2019illustrer lors d\u2019une \u00e9preuve \u00e9crite de connaissances scientifiques.<\/p>\n\n\n\n<h2><span id=\"Robotique\">Robotique<\/span><\/h2>\n\n\n\n<p class=\"has-text-align-left\">Les \u00e9l\u00e8ves du premier cycle ont la chance de participer au concours \u00ab Robotique FIRST Qu\u00e9bec \u00bb dont la mission est de \u00ab Favoriser l&rsquo;inspiration et la reconnaissance des sciences et de la technologie aupr\u00e8s des jeunes du Qu\u00e9bec [&#8230;] tout en favorisant un \u00e9quilibre de vie, y compris la confiance en soi, la communication et le leadership \u00bb.<\/p>\n\n\n\n<p class=\"has-text-align-left\">Les jeunes travailleront en \u00e9quipe avec pour mission de cr\u00e9er un robot qui fera ses preuves lors d&rsquo;une comp\u00e9tition de robotique au sein de la <a href=\"http:\/\/www.robotiquefirstquebec.org\/programmes\/fll\/\" target=\"_blank\" rel=\"noopener noreferrer\"><strong>Ligue First Lego (FLL)<\/strong><\/a> qui comprend plus de 230 000 participants de 9 \u00e0 14 ans dans le monde.<\/p>\n\n\n\n<h2><span id=\"Concours_national_de_version_latine\">Concours national de version latine<\/span><\/h2>\n\n\n\n<p class=\"has-text-align-left\">La Soci\u00e9t\u00e9 canadienne des \u00e9tudes classiques organise annuellement un concours de traduction latine pour les \u00e9l\u00e8ves canadiens inscrits \u00e0 un cours pr\u00e9-universitaire de latin.<\/p>\n\n\n\n<p class=\"has-text-align-left\">Lors de ce concours, les candidats doivent compl\u00e9ter la traduction d\u2019un texte latin de haut niveau, sans recourir \u00e0 une grammaire ou \u00e0 un dictionnaire. Bien que le Coll\u00e8ge pr\u00e9sente les plus jeunes candidats du Canada, de nombreux \u00e9l\u00e8ves ont r\u00e9ussi \u00e0 s\u2019illustrer. <a href=\"https:\/\/www.brebeuf.qc.ca\/secondaire\/wp-content\/uploads\/sites\/4\/2022\/01\/concours_version_latine_gagnants.pdf\" target=\"_blank\" aria-label=\" (opens in a new tab)\" rel=\"noreferrer noopener\" class=\"ek-link\">Liste des laur\u00e9ats<\/a><\/p>\n\n\n\n<h2><span id=\"Le_Carnaval_a_Brebeuf\">Le Carnaval \u00e0 Br\u00e9beuf<\/span><\/h2>\n\n\n\n<p><\/p>\n\n\n\n<p class=\"has-text-align-left\">Les f\u00eates occupent une place importante dans la vie \u00e9tudiante.<\/p>\n\n\n\n<p class=\"has-text-align-left\">Le Coll\u00e8ge organise un carnaval pendant l\u2019hiver. C&rsquo;est une semaine de divertissements que les \u00e9l\u00e8ves pr\u00e9parent avec les enseignants et les membres des Services aux \u00e9l\u00e8ves.<\/p>\n\n\n\n<p class=\"has-text-align-left\">Voici quelques \u00e9l\u00e9ments qui le composent :<\/p>\n\n\n\n<ul><li style=\"text-align: left\">Th\u00e9matique du carnaval;<\/li><li style=\"text-align: left\">Concours de costumes;<\/li><li style=\"text-align: left\">Activit\u00e9s ludiques;<\/li><li style=\"text-align: left\">D\u00e9cors en collaboration avec les \u00e9l\u00e8ves;<\/li><li style=\"text-align: left\">D\u00e9fis \u00e9l\u00e8ves\/membres du personnel;<\/li><li style=\"text-align: left\">Sorties de plein air.<\/li><\/ul>\n\n\n\n<h2><span id=\"Le_programme_du_merite_et_de_lrsquoengagement\">Le programme du m\u00e9rite et de l&rsquo;engagement<\/span><\/h2>\n\n\n\n<p class=\"has-text-align-left\">Cr\u00e9\u00e9 en 2001, ce programme a pour but de reconna\u00eetre officiellement des \u00e9l\u00e8ves qui se distinguent par la qualit\u00e9 de leur engagement dans diverses activit\u00e9s parascolaires et qui, par leur leadership, contribuent \u00e0 faire de leur \u00e9cole un milieu de vie dynamique et stimulant.<\/p>\n\n\n\n<p class=\"has-text-align-left\">Ce programme s\u2019adresse aux \u00e9l\u00e8ves de 2<sup>e<\/sup> \u00e0 4<sup>e<\/sup> secondaire des 120 \u00e9tablissements d\u2019enseignement secondaires membres de la F\u00e9d\u00e9ration des \u00e9tablissements d\u2019enseignement priv\u00e9s (FEEP). Ces \u00e9coles, r\u00e9parties sur le territoire du Qu\u00e9bec, comptent plus de 80 000 \u00e9l\u00e8ves.<\/p>\n<div id=\"toc_container\" class=\"no_bullets\"><p class=\"toc_title\">Sommaire<\/p><ul class=\"toc_list\"><li><a href=\"#Srsquoimpliquer_tout_en_se_divertissant\">S&rsquo;impliquer tout en se divertissant<\/a><\/li><li><a href=\"#Genies_en_herbe\">G\u00e9nies en herbe<\/a><\/li><li><a href=\"#Les_echecs\">Les \u00e9checs<\/a><\/li><li><a href=\"#Ensemble_vocal_au_secondaire\">Ensemble vocal au secondaire<\/a><\/li><li><a href=\"#Krav_Maga\">Krav Maga<\/a><\/li><li><a href=\"#Atelier_de_Manga\">Atelier de Manga<\/a><\/li><li><a href=\"#Concours_scientifiques\">Concours scientifiques<\/a><\/li><li><a href=\"#Robotique\">Robotique<\/a><\/li><li><a href=\"#Concours_national_de_version_latine\">Concours national de version latine<\/a><\/li><li><a href=\"#Le_Carnaval_a_Brebeuf\">Le Carnaval \u00e0 Br\u00e9beuf<\/a><\/li><li><a href=\"#Le_programme_du_merite_et_de_lrsquoengagement\">Le programme du m\u00e9rite et de l&rsquo;engagement<\/a><\/li><\/ul><\/div>\n","protected":false},"excerpt":{"rendered":"<p>S&rsquo;impliquer tout en se divertissant En plus d\u2019offrir un enseignement de qualit\u00e9, Br\u00e9beuf propose aux \u00e9l\u00e8ves un programme compl\u00e9mentaire d\u2019activit\u00e9s stimulantes et divertissantes qui contribuent \u00e0 l\u2019\u00e9quilibre d\u2019un solide plan d\u2019\u00e9tudes. Les activit\u00e9s parascolaires sont captivantes et stimulantes. En plus&#8230;<\/p>\n","protected":false},"author":2,"featured_media":4395,"parent":25,"menu_order":2,"comment_status":"open","ping_status":"closed","template":"templates\/template-personnalisable.php","meta":{"_editorskit_title_hidden":false,"_editorskit_reading_time":3,"_editorskit_typography_data":[],"_editorskit_blocks_typography":""},"yoast_head":"<!-- This site is optimized with the Yoast SEO plugin v16.3 - https:\/\/yoast.com\/wordpress\/plugins\/seo\/ -->\n<title>Activit\u00e9s parascolaires - Secondaire<\/title>\n<meta name=\"robots\" content=\"index, follow, max-snippet:-1, max-image-preview:large, max-video-preview:-1\" \/>\n<link rel=\"canonical\" href=\"https:\/\/www.brebeuf.qc.ca\/secondaire\/vie-etudiante\/activites-parascolaires\/\" \/>\n<meta property=\"og:locale\" content=\"fr_FR\" \/>\n<meta property=\"og:type\" content=\"article\" \/>\n<meta property=\"og:title\" content=\"Activit\u00e9s parascolaires - Secondaire\" \/>\n<meta property=\"og:description\" content=\"S&rsquo;impliquer tout en se divertissant En plus d\u2019offrir un enseignement de qualit\u00e9, Br\u00e9beuf propose aux \u00e9l\u00e8ves un programme compl\u00e9mentaire d\u2019activit\u00e9s stimulantes et divertissantes qui contribuent \u00e0 l\u2019\u00e9quilibre d\u2019un solide plan d\u2019\u00e9tudes. Les activit\u00e9s parascolaires sont captivantes et stimulantes. En plus...\" \/>\n<meta property=\"og:url\" content=\"https:\/\/www.brebeuf.qc.ca\/secondaire\/vie-etudiante\/activites-parascolaires\/\" \/>\n<meta property=\"og:site_name\" content=\"Secondaire\" \/>\n<meta property=\"article:modified_time\" content=\"2024-07-11T19:51:53+00:00\" \/>\n<meta property=\"og:image\" content=\"https:\/\/www.brebeuf.qc.ca\/secondaire\/wp-content\/uploads\/sites\/4\/2024\/07\/Activites-parasco.png\" \/>\n\t<meta property=\"og:image:width\" content=\"1400\" \/>\n\t<meta property=\"og:image:height\" content=\"240\" \/>\n<meta name=\"twitter:label1\" content=\"Dur\u00e9e de lecture est.\">\n\t<meta name=\"twitter:data1\" content=\"4 minutes\">\n<script type=\"application\/ld+json\" class=\"yoast-schema-graph\">{\"@context\":\"https:\/\/schema.org\",\"@graph\":[{\"@type\":\"WebSite\",\"@id\":\"https:\/\/www.brebeuf.qc.ca\/secondaire\/#website\",\"url\":\"https:\/\/www.brebeuf.qc.ca\/secondaire\/\",\"name\":\"Secondaire\",\"description\":\"Coll\\u00e8ge priv\\u00e9 | Secondaire | Coll\\u00e9gial\",\"potentialAction\":[{\"@type\":\"SearchAction\",\"target\":\"https:\/\/www.brebeuf.qc.ca\/secondaire\/?s={search_term_string}\",\"query-input\":\"required name=search_term_string\"}],\"inLanguage\":\"fr-FR\"},{\"@type\":\"ImageObject\",\"@id\":\"https:\/\/www.brebeuf.qc.ca\/secondaire\/vie-etudiante\/activites-parascolaires\/#primaryimage\",\"inLanguage\":\"fr-FR\",\"url\":\"https:\/\/www.brebeuf.qc.ca\/secondaire\/wp-content\/uploads\/sites\/4\/2024\/07\/Activites-parasco.png\",\"contentUrl\":\"https:\/\/www.brebeuf.qc.ca\/secondaire\/wp-content\/uploads\/sites\/4\/2024\/07\/Activites-parasco.png\",\"width\":1400,\"height\":240},{\"@type\":\"WebPage\",\"@id\":\"https:\/\/www.brebeuf.qc.ca\/secondaire\/vie-etudiante\/activites-parascolaires\/#webpage\",\"url\":\"https:\/\/www.brebeuf.qc.ca\/secondaire\/vie-etudiante\/activites-parascolaires\/\",\"name\":\"Activit\\u00e9s parascolaires - Secondaire\",\"isPartOf\":{\"@id\":\"https:\/\/www.brebeuf.qc.ca\/secondaire\/#website\"},\"primaryImageOfPage\":{\"@id\":\"https:\/\/www.brebeuf.qc.ca\/secondaire\/vie-etudiante\/activites-parascolaires\/#primaryimage\"},\"datePublished\":\"2014-07-30T17:00:37+00:00\",\"dateModified\":\"2024-07-11T19:51:53+00:00\",\"breadcrumb\":{\"@id\":\"https:\/\/www.brebeuf.qc.ca\/secondaire\/vie-etudiante\/activites-parascolaires\/#breadcrumb\"},\"inLanguage\":\"fr-FR\",\"potentialAction\":[{\"@type\":\"ReadAction\",\"target\":[\"https:\/\/www.brebeuf.qc.ca\/secondaire\/vie-etudiante\/activites-parascolaires\/\"]}]},{\"@type\":\"BreadcrumbList\",\"@id\":\"https:\/\/www.brebeuf.qc.ca\/secondaire\/vie-etudiante\/activites-parascolaires\/#breadcrumb\",\"itemListElement\":[{\"@type\":\"ListItem\",\"position\":1,\"item\":{\"@type\":\"WebPage\",\"@id\":\"https:\/\/www.brebeuf.qc.ca\/secondaire\/\",\"url\":\"https:\/\/www.brebeuf.qc.ca\/secondaire\/\",\"name\":\"Home\"}},{\"@type\":\"ListItem\",\"position\":2,\"item\":{\"@type\":\"WebPage\",\"@id\":\"https:\/\/www.brebeuf.qc.ca\/secondaire\/vie-etudiante\/\",\"url\":\"https:\/\/www.brebeuf.qc.ca\/secondaire\/vie-etudiante\/\",\"name\":\"Vie \\u00e9tudiante\"}},{\"@type\":\"ListItem\",\"position\":3,\"item\":{\"@id\":\"https:\/\/www.brebeuf.qc.ca\/secondaire\/vie-etudiante\/activites-parascolaires\/#webpage\"}}]}]}<\/script>\n<!-- \/ Yoast SEO plugin. -->","_links":{"self":[{"href":"https:\/\/www.brebeuf.qc.ca\/secondaire\/wp-json\/wp\/v2\/pages\/66"}],"collection":[{"href":"https:\/\/www.brebeuf.qc.ca\/secondaire\/wp-json\/wp\/v2\/pages"}],"about":[{"href":"https:\/\/www.brebeuf.qc.ca\/secondaire\/wp-json\/wp\/v2\/types\/page"}],"author":[{"embeddable":true,"href":"https:\/\/www.brebeuf.qc.ca\/secondaire\/wp-json\/wp\/v2\/users\/2"}],"replies":[{"embeddable":true,"href":"https:\/\/www.brebeuf.qc.ca\/secondaire\/wp-json\/wp\/v2\/comments?post=66"}],"version-history":[{"count":30,"href":"https:\/\/www.brebeuf.qc.ca\/secondaire\/wp-json\/wp\/v2\/pages\/66\/revisions"}],"predecessor-version":[{"id":4396,"href":"https:\/\/www.brebeuf.qc.ca\/secondaire\/wp-json\/wp\/v2\/pages\/66\/revisions\/4396"}],"up":[{"embeddable":true,"href":"https:\/\/www.brebeuf.qc.ca\/secondaire\/wp-json\/wp\/v2\/pages\/25"}],"wp:featuredmedia":[{"embeddable":true,"href":"https:\/\/www.brebeuf.qc.ca\/secondaire\/wp-json\/wp\/v2\/media\/4395"}],"wp:attachment":[{"href":"https:\/\/www.brebeuf.qc.ca\/secondaire\/wp-json\/wp\/v2\/media?parent=66"}],"curies":[{"name":"wp","href":"https:\/\/api.w.org\/{rel}","templated":true}]}}