{"id":640,"date":"2015-08-26T14:54:23","date_gmt":"2015-08-26T14:54:23","guid":{"rendered":"https:\/\/www.brebeuf.qc.ca\/secondaire-garcons\/?page_id=640"},"modified":"2025-02-11T15:45:57","modified_gmt":"2025-02-11T15:45:57","slug":"rugby","status":"publish","type":"page","link":"https:\/\/www.brebeuf.qc.ca\/secondaire\/sports-garcons\/rugby\/","title":{"rendered":"Rugby \u00c9lite gar\u00e7ons"},"content":{"rendered":"<p style=\"text-align: left;\">Le rugby est un sport en plein essor au Qu\u00e9bec, particuli\u00e8rement sur l\u2019\u00eele de Montr\u00e9al. Plus de 45 \u00e9quipes provenant d\u2019une vingtaine d\u2019\u00e9coles participent \u00e0 la ligue du Greater Montreal Athletic Association (GMAA). Au total, plus de 1700 athl\u00e8tes font partie de ce regroupement.<\/p>\n<p style=\"text-align: left;\">Nos \u00e9quipes de rugby connaissent de plus en plus de succ\u00e8s au sein de la ligue. Pour la premi\u00e8re fois, l\u2019\u00e9quipe juv\u00e9nile a atteint la grande finale lors de la saison 2014. Il est \u00e0 noter que la pr\u00e9sence d\u2019une organisation au coll\u00e9gial permet le d\u00e9veloppement des athl\u00e8tes en rugby sur une p\u00e9riode pouvant aller jusqu\u2019\u00e0 5 ans, de la 3e secondaire jusqu\u2019\u00e0 la 2e ann\u00e9e coll\u00e9giale.<\/p>\n<p style=\"text-align: left;\">Deux cat\u00e9gories sont offertes au secondaire, soit cadet pour les 3e secondaire et juv\u00e9nile pour les 4e et 5e secondaire. Durant la saison r\u00e9guli\u00e8re, les athl\u00e8tes s\u2019entra\u00eenent \u00e0 une fr\u00e9quence de 2 \u00e0 3 fois par semaine. Les matchs sont \u00e9galement disput\u00e9s la semaine. Nos joueurs ont la chance de pouvoir jouer et s\u2019entra\u00eener sur notre tout nouveau terrain synth\u00e9tique.<\/p>\n<p style=\"text-align: left;\">Le rugby est un sport spectaculaire mettant en vedette la coop\u00e9ration, le respect d\u2019autrui, la solidarit\u00e9 et surtout le d\u00e9passement de soi. Bienvenue \u00e0 tous!<\/p>\n<ul>\n<li style=\"text-align: left;\">Camp d\u2019entra\u00eenement : f\u00e9vrier et mars<\/li>\n<li style=\"text-align: left;\">Saison r\u00e9guli\u00e8re (GMAA) avril et mai<\/li>\n<\/ul>\n\n\n<hr class=\"wp-block-separator\"\/>\n\n\n\n<h2>Contacts<\/h2>\n\n\n\n<p><strong>Responsable du programme de rugby<\/strong><\/p>\n\n\n\n<ul><li><strong>Tobi Gauthier Beaudoin<\/strong><\/li><li>T\u00e9l : 514 342 9342, poste 5883<\/li><li><a href=\"mailto:tobi.gauthier-beaudoin@brebeuf.qc.ca\">tobi.gauthier-beaudoin@brebeuf.qc.ca<\/a><\/li><\/ul>\n","protected":false},"excerpt":{"rendered":"<p>Le rugby est un sport en plein essor au Qu\u00e9bec, particuli\u00e8rement sur l\u2019\u00eele de Montr\u00e9al. Plus de 45 \u00e9quipes provenant d\u2019une vingtaine d\u2019\u00e9coles participent \u00e0 la ligue du Greater Montreal Athletic Association (GMAA). Au total, plus de 1700 athl\u00e8tes font&#8230;<\/p>\n","protected":false},"author":3,"featured_media":3524,"parent":64,"menu_order":0,"comment_status":"closed","ping_status":"closed","template":"templates\/template-personnalisable.php","meta":{"_editorskit_title_hidden":false,"_editorskit_reading_time":0,"_editorskit_typography_data":[],"_editorskit_blocks_typography":""},"yoast_head":"<!-- This site is optimized with the Yoast SEO plugin v16.3 - https:\/\/yoast.com\/wordpress\/plugins\/seo\/ -->\n<title>Rugby \u00c9lite gar\u00e7ons - Secondaire<\/title>\n<meta name=\"robots\" content=\"index, follow, max-snippet:-1, max-image-preview:large, max-video-preview:-1\" \/>\n<link rel=\"canonical\" href=\"https:\/\/www.brebeuf.qc.ca\/secondaire\/sports-garcons\/rugby\/\" \/>\n<meta property=\"og:locale\" content=\"fr_FR\" \/>\n<meta property=\"og:type\" content=\"article\" \/>\n<meta property=\"og:title\" content=\"Rugby \u00c9lite gar\u00e7ons - Secondaire\" \/>\n<meta property=\"og:description\" content=\"Le rugby est un sport en plein essor au Qu\u00e9bec, particuli\u00e8rement sur l\u2019\u00eele de Montr\u00e9al. Plus de 45 \u00e9quipes provenant d\u2019une vingtaine d\u2019\u00e9coles participent \u00e0 la ligue du Greater Montreal Athletic Association (GMAA). Au total, plus de 1700 athl\u00e8tes font...\" \/>\n<meta property=\"og:url\" content=\"https:\/\/www.brebeuf.qc.ca\/secondaire\/sports-garcons\/rugby\/\" \/>\n<meta property=\"og:site_name\" content=\"Secondaire\" \/>\n<meta property=\"article:modified_time\" content=\"2025-02-11T15:45:57+00:00\" \/>\n<meta property=\"og:image\" content=\"https:\/\/www.brebeuf.qc.ca\/secondaire\/wp-content\/uploads\/sites\/4\/2022\/08\/sport_rugby_brebeuf.jpg\" \/>\n\t<meta property=\"og:image:width\" content=\"1400\" \/>\n\t<meta property=\"og:image:height\" content=\"240\" \/>\n<meta name=\"twitter:label1\" content=\"Dur\u00e9e de lecture est.\">\n\t<meta name=\"twitter:data1\" content=\"1 minute\">\n<script type=\"application\/ld+json\" class=\"yoast-schema-graph\">{\"@context\":\"https:\/\/schema.org\",\"@graph\":[{\"@type\":\"WebSite\",\"@id\":\"https:\/\/www.brebeuf.qc.ca\/secondaire\/#website\",\"url\":\"https:\/\/www.brebeuf.qc.ca\/secondaire\/\",\"name\":\"Secondaire\",\"description\":\"Coll\\u00e8ge priv\\u00e9 | Secondaire | Coll\\u00e9gial\",\"potentialAction\":[{\"@type\":\"SearchAction\",\"target\":\"https:\/\/www.brebeuf.qc.ca\/secondaire\/?s={search_term_string}\",\"query-input\":\"required name=search_term_string\"}],\"inLanguage\":\"fr-FR\"},{\"@type\":\"ImageObject\",\"@id\":\"https:\/\/www.brebeuf.qc.ca\/secondaire\/sports-garcons\/rugby\/#primaryimage\",\"inLanguage\":\"fr-FR\",\"url\":\"https:\/\/www.brebeuf.qc.ca\/secondaire\/wp-content\/uploads\/sites\/4\/2022\/08\/sport_rugby_brebeuf.jpg\",\"contentUrl\":\"https:\/\/www.brebeuf.qc.ca\/secondaire\/wp-content\/uploads\/sites\/4\/2022\/08\/sport_rugby_brebeuf.jpg\",\"width\":1400,\"height\":240},{\"@type\":\"WebPage\",\"@id\":\"https:\/\/www.brebeuf.qc.ca\/secondaire\/sports-garcons\/rugby\/#webpage\",\"url\":\"https:\/\/www.brebeuf.qc.ca\/secondaire\/sports-garcons\/rugby\/\",\"name\":\"Rugby \\u00c9lite gar\\u00e7ons - Secondaire\",\"isPartOf\":{\"@id\":\"https:\/\/www.brebeuf.qc.ca\/secondaire\/#website\"},\"primaryImageOfPage\":{\"@id\":\"https:\/\/www.brebeuf.qc.ca\/secondaire\/sports-garcons\/rugby\/#primaryimage\"},\"datePublished\":\"2015-08-26T14:54:23+00:00\",\"dateModified\":\"2025-02-11T15:45:57+00:00\",\"breadcrumb\":{\"@id\":\"https:\/\/www.brebeuf.qc.ca\/secondaire\/sports-garcons\/rugby\/#breadcrumb\"},\"inLanguage\":\"fr-FR\",\"potentialAction\":[{\"@type\":\"ReadAction\",\"target\":[\"https:\/\/www.brebeuf.qc.ca\/secondaire\/sports-garcons\/rugby\/\"]}]},{\"@type\":\"BreadcrumbList\",\"@id\":\"https:\/\/www.brebeuf.qc.ca\/secondaire\/sports-garcons\/rugby\/#breadcrumb\",\"itemListElement\":[{\"@type\":\"ListItem\",\"position\":1,\"item\":{\"@type\":\"WebPage\",\"@id\":\"https:\/\/www.brebeuf.qc.ca\/secondaire\/\",\"url\":\"https:\/\/www.brebeuf.qc.ca\/secondaire\/\",\"name\":\"Home\"}},{\"@type\":\"ListItem\",\"position\":2,\"item\":{\"@type\":\"WebPage\",\"@id\":\"https:\/\/www.brebeuf.qc.ca\/secondaire\/sports-garcons\/\",\"url\":\"https:\/\/www.brebeuf.qc.ca\/secondaire\/sports-garcons\/\",\"name\":\"Sports gar\\u00e7ons\"}},{\"@type\":\"ListItem\",\"position\":3,\"item\":{\"@id\":\"https:\/\/www.brebeuf.qc.ca\/secondaire\/sports-garcons\/rugby\/#webpage\"}}]}]}<\/script>\n<!-- \/ Yoast SEO plugin. -->","_links":{"self":[{"href":"https:\/\/www.brebeuf.qc.ca\/secondaire\/wp-json\/wp\/v2\/pages\/640"}],"collection":[{"href":"https:\/\/www.brebeuf.qc.ca\/secondaire\/wp-json\/wp\/v2\/pages"}],"about":[{"href":"https:\/\/www.brebeuf.qc.ca\/secondaire\/wp-json\/wp\/v2\/types\/page"}],"author":[{"embeddable":true,"href":"https:\/\/www.brebeuf.qc.ca\/secondaire\/wp-json\/wp\/v2\/users\/3"}],"replies":[{"embeddable":true,"href":"https:\/\/www.brebeuf.qc.ca\/secondaire\/wp-json\/wp\/v2\/comments?post=640"}],"version-history":[{"count":13,"href":"https:\/\/www.brebeuf.qc.ca\/secondaire\/wp-json\/wp\/v2\/pages\/640\/revisions"}],"predecessor-version":[{"id":4649,"href":"https:\/\/www.brebeuf.qc.ca\/secondaire\/wp-json\/wp\/v2\/pages\/640\/revisions\/4649"}],"up":[{"embeddable":true,"href":"https:\/\/www.brebeuf.qc.ca\/secondaire\/wp-json\/wp\/v2\/pages\/64"}],"wp:featuredmedia":[{"embeddable":true,"href":"https:\/\/www.brebeuf.qc.ca\/secondaire\/wp-json\/wp\/v2\/media\/3524"}],"wp:attachment":[{"href":"https:\/\/www.brebeuf.qc.ca\/secondaire\/wp-json\/wp\/v2\/media?parent=640"}],"curies":[{"name":"wp","href":"https:\/\/api.w.org\/{rel}","templated":true}]}}