{"id":4535,"date":"2024-11-29T15:53:47","date_gmt":"2024-11-29T15:53:47","guid":{"rendered":"https:\/\/www.brebeuf.qc.ca\/secondaire\/?page_id=4535"},"modified":"2024-11-29T18:08:38","modified_gmt":"2024-11-29T18:08:38","slug":"tennis","status":"publish","type":"page","link":"https:\/\/www.brebeuf.qc.ca\/secondaire\/tennis\/","title":{"rendered":"Tennis mixte"},"content":{"rendered":"\n<p>Le tennis est en pleine expansion et en passe de devenir un sport de premier plan au Canada. En 2023,&nbsp;6,5 millions&nbsp;de Canadiens ont foul\u00e9 les courts et la pratique du tennis a augment\u00e9 de 36 % au cours des deux derni\u00e8res ann\u00e9es. Un des avantages de pratiquer ce sport pour nos jeunes t\u00f4t au secondaire, est le fait de d\u00e9velopper leurs habilet\u00e9s et de pouvoir d\u00e9velopper leur int\u00e9r\u00eat \u00e0 le pratiquer tout au long de leur vie.<\/p>\n\n\n\n<p>Au coll\u00e8ge, nos \u00e9l\u00e8ves ont la chance d\u2019avoir acc\u00e8s \u00e0 trois terrains ext\u00e9rieurs afin de d\u00e9couvrir et de pratiquer ce sport.<\/p>\n\n\n\n<p>Depuis septembre 2024, nous avons d\u00e9but\u00e9 une ligue de tennis amicale qui regroupe plus de 50 joueurs et joueuses de 1<sup>re<\/sup> \u00e0 5<sup>e<\/sup> secondaire. Cette ligue de d\u00e9veloppement permet aux jeunes de pratiquer leur sport sous forme de le\u00e7ons et de situations de matchs selon leur calibre. La ligue se d\u00e9roule tous les midis \u00e0 l\u2019automne et au printemps pour un total de 16 semaines d\u2019entra\u00eenement. Un tournoi de fin de saison est pr\u00e9vu en mai afin de c\u00e9l\u00e9brer la fin de l\u2019ann\u00e9e scolaire.<\/p>\n\n\n\n<p>\u00c0 noter que nous offrons aussi des cours de tennis de 1<sup>re<\/sup> \u00e0 4<sup>e<\/sup> secondaire pendant les cours d\u2019\u00e9ducation physique dans l\u2019option sport gar\u00e7ons (hockey) et filles (sports individuels).<\/p>\n\n\n\n<hr class=\"wp-block-separator\"\/>\n\n\n\n<h2>Contacts <\/h2>\n\n\n\n<p>Pour toutes questions, veuillez-vous r\u00e9f\u00e9rer au responsable :<\/p>\n\n\n\n<ul><li><strong>Nicolas Beaudet<\/strong><\/li><li>T\u00e9l : 514-342-9342&nbsp;, poste 5301<\/li><li><a href=\"mailto:Nicolas.Beaudet@brebeuf.qc.ca\" class=\"ek-link\">Nicolas.Beaudet@brebeuf.qc.ca<\/a><\/li><\/ul>\n\n\n\n<hr class=\"wp-block-separator\"\/>\n\n\n\n<figure class=\"wp-block-gallery columns-1 is-cropped\"><ul class=\"blocks-gallery-grid\"><li class=\"blocks-gallery-item\"><figure><a href=\"https:\/\/www.brebeuf.qc.ca\/secondaire\/wp-content\/uploads\/sites\/4\/2024\/11\/Sports-1-1.png\" data-rel=\"lightbox-image-0\" data-rl_title=\"\" data-rl_caption=\"\" title=\"\"><img loading=\"lazy\" width=\"1200\" height=\"512\" src=\"https:\/\/www.brebeuf.qc.ca\/secondaire\/wp-content\/uploads\/sites\/4\/2024\/11\/Sports-1-1.png\" alt=\"\" data-id=\"4558\" data-link=\"https:\/\/www.brebeuf.qc.ca\/secondaire\/tennis\/sports-1-1\/\" class=\"wp-image-4558\"\/><\/a><figcaption class=\"blocks-gallery-item__caption\">Cr\u00e9dit photo : Anjanette Zaho<\/figcaption><\/figure><\/li><\/ul><\/figure>\n","protected":false},"excerpt":{"rendered":"<p>Le tennis est en pleine expansion et en passe de devenir un sport de premier plan au Canada. En 2023,&nbsp;6,5 millions&nbsp;de Canadiens ont foul\u00e9 les courts et la pratique du tennis a augment\u00e9 de 36 % au cours des deux&#8230;<\/p>\n","protected":false},"author":90,"featured_media":4540,"parent":0,"menu_order":0,"comment_status":"closed","ping_status":"closed","template":"templates\/template-personnalisable.php","meta":{"_editorskit_title_hidden":false,"_editorskit_reading_time":1,"_editorskit_typography_data":[],"_editorskit_blocks_typography":""},"yoast_head":"<!-- This site is optimized with the Yoast SEO plugin v16.3 - https:\/\/yoast.com\/wordpress\/plugins\/seo\/ -->\n<title>Tennis mixte - Secondaire<\/title>\n<meta name=\"robots\" content=\"index, follow, max-snippet:-1, max-image-preview:large, max-video-preview:-1\" \/>\n<link rel=\"canonical\" href=\"https:\/\/www.brebeuf.qc.ca\/secondaire\/tennis\/\" \/>\n<meta property=\"og:locale\" content=\"fr_FR\" \/>\n<meta property=\"og:type\" content=\"article\" \/>\n<meta property=\"og:title\" content=\"Tennis mixte - Secondaire\" \/>\n<meta property=\"og:description\" content=\"Le tennis est en pleine expansion et en passe de devenir un sport de premier plan au Canada. En 2023,&nbsp;6,5 millions&nbsp;de Canadiens ont foul\u00e9 les courts et la pratique du tennis a augment\u00e9 de 36 % au cours des deux...\" \/>\n<meta property=\"og:url\" content=\"https:\/\/www.brebeuf.qc.ca\/secondaire\/tennis\/\" \/>\n<meta property=\"og:site_name\" content=\"Secondaire\" \/>\n<meta property=\"article:modified_time\" content=\"2024-11-29T18:08:38+00:00\" \/>\n<meta property=\"og:image\" content=\"https:\/\/www.brebeuf.qc.ca\/secondaire\/wp-content\/uploads\/sites\/4\/2024\/11\/TENNIS_secondaire.png\" \/>\n\t<meta property=\"og:image:width\" content=\"1400\" \/>\n\t<meta property=\"og:image:height\" content=\"240\" \/>\n<meta name=\"twitter:label1\" content=\"Dur\u00e9e de lecture est.\">\n\t<meta name=\"twitter:data1\" content=\"2 minutes\">\n<script type=\"application\/ld+json\" class=\"yoast-schema-graph\">{\"@context\":\"https:\/\/schema.org\",\"@graph\":[{\"@type\":\"WebSite\",\"@id\":\"https:\/\/www.brebeuf.qc.ca\/secondaire\/#website\",\"url\":\"https:\/\/www.brebeuf.qc.ca\/secondaire\/\",\"name\":\"Secondaire\",\"description\":\"Coll\\u00e8ge priv\\u00e9 | Secondaire | Coll\\u00e9gial\",\"potentialAction\":[{\"@type\":\"SearchAction\",\"target\":\"https:\/\/www.brebeuf.qc.ca\/secondaire\/?s={search_term_string}\",\"query-input\":\"required name=search_term_string\"}],\"inLanguage\":\"fr-FR\"},{\"@type\":\"ImageObject\",\"@id\":\"https:\/\/www.brebeuf.qc.ca\/secondaire\/tennis\/#primaryimage\",\"inLanguage\":\"fr-FR\",\"url\":\"https:\/\/www.brebeuf.qc.ca\/secondaire\/wp-content\/uploads\/sites\/4\/2024\/11\/TENNIS_secondaire.png\",\"contentUrl\":\"https:\/\/www.brebeuf.qc.ca\/secondaire\/wp-content\/uploads\/sites\/4\/2024\/11\/TENNIS_secondaire.png\",\"width\":1400,\"height\":240},{\"@type\":\"WebPage\",\"@id\":\"https:\/\/www.brebeuf.qc.ca\/secondaire\/tennis\/#webpage\",\"url\":\"https:\/\/www.brebeuf.qc.ca\/secondaire\/tennis\/\",\"name\":\"Tennis mixte - Secondaire\",\"isPartOf\":{\"@id\":\"https:\/\/www.brebeuf.qc.ca\/secondaire\/#website\"},\"primaryImageOfPage\":{\"@id\":\"https:\/\/www.brebeuf.qc.ca\/secondaire\/tennis\/#primaryimage\"},\"datePublished\":\"2024-11-29T15:53:47+00:00\",\"dateModified\":\"2024-11-29T18:08:38+00:00\",\"breadcrumb\":{\"@id\":\"https:\/\/www.brebeuf.qc.ca\/secondaire\/tennis\/#breadcrumb\"},\"inLanguage\":\"fr-FR\",\"potentialAction\":[{\"@type\":\"ReadAction\",\"target\":[\"https:\/\/www.brebeuf.qc.ca\/secondaire\/tennis\/\"]}]},{\"@type\":\"BreadcrumbList\",\"@id\":\"https:\/\/www.brebeuf.qc.ca\/secondaire\/tennis\/#breadcrumb\",\"itemListElement\":[{\"@type\":\"ListItem\",\"position\":1,\"item\":{\"@type\":\"WebPage\",\"@id\":\"https:\/\/www.brebeuf.qc.ca\/secondaire\/\",\"url\":\"https:\/\/www.brebeuf.qc.ca\/secondaire\/\",\"name\":\"Home\"}},{\"@type\":\"ListItem\",\"position\":2,\"item\":{\"@id\":\"https:\/\/www.brebeuf.qc.ca\/secondaire\/tennis\/#webpage\"}}]}]}<\/script>\n<!-- \/ Yoast SEO plugin. -->","_links":{"self":[{"href":"https:\/\/www.brebeuf.qc.ca\/secondaire\/wp-json\/wp\/v2\/pages\/4535"}],"collection":[{"href":"https:\/\/www.brebeuf.qc.ca\/secondaire\/wp-json\/wp\/v2\/pages"}],"about":[{"href":"https:\/\/www.brebeuf.qc.ca\/secondaire\/wp-json\/wp\/v2\/types\/page"}],"author":[{"embeddable":true,"href":"https:\/\/www.brebeuf.qc.ca\/secondaire\/wp-json\/wp\/v2\/users\/90"}],"replies":[{"embeddable":true,"href":"https:\/\/www.brebeuf.qc.ca\/secondaire\/wp-json\/wp\/v2\/comments?post=4535"}],"version-history":[{"count":14,"href":"https:\/\/www.brebeuf.qc.ca\/secondaire\/wp-json\/wp\/v2\/pages\/4535\/revisions"}],"predecessor-version":[{"id":4559,"href":"https:\/\/www.brebeuf.qc.ca\/secondaire\/wp-json\/wp\/v2\/pages\/4535\/revisions\/4559"}],"wp:featuredmedia":[{"embeddable":true,"href":"https:\/\/www.brebeuf.qc.ca\/secondaire\/wp-json\/wp\/v2\/media\/4540"}],"wp:attachment":[{"href":"https:\/\/www.brebeuf.qc.ca\/secondaire\/wp-json\/wp\/v2\/media?parent=4535"}],"curies":[{"name":"wp","href":"https:\/\/api.w.org\/{rel}","templated":true}]}}