{"id":4509,"date":"2024-10-22T14:02:51","date_gmt":"2024-10-22T14:02:51","guid":{"rendered":"https:\/\/www.brebeuf.qc.ca\/secondaire\/?page_id=4509"},"modified":"2025-11-25T17:22:39","modified_gmt":"2025-11-25T17:22:39","slug":"politiques-et-reglements","status":"publish","type":"page","link":"https:\/\/www.brebeuf.qc.ca\/secondaire\/politiques-et-reglements\/","title":{"rendered":"Politiques et r\u00e8glements"},"content":{"rendered":"\n<h3>Les principaux r\u00e8glements et politiques du secondaire<\/h3>\n\n\n\n<ul><li><a href=\"https:\/\/www.brebeuf.qc.ca\/secondaire\/wp-content\/uploads\/sites\/4\/2025\/05\/Code-ethique-applicable-aux-membres-du-personnel-et-a-toute-personne-appelee-a-oeuvrer-aupres-eleves.pdf\" class=\"ek-link\"><strong>Code d\u2019\u00e9thique applicable aux membres du personnel et \u00e0 toute personne appel\u00e9e \u00e0 \u0153uvrer aupr\u00e8s d\u2019\u00e9l\u00e8ves mineurs ou handicap\u00e9s ou \u00e0 \u00eatre en contact avec eux (secondaire)<\/strong><\/a><\/li><li><strong><a href=\"https:\/\/www.brebeuf.qc.ca\/collegial\/wp-content\/uploads\/sites\/2\/2024\/10\/CA_10-juin_Politique-intimidation-et-violence.pdf\" class=\"ek-link\">Politique de pr\u00e9vention et d&rsquo;intervention contre l&rsquo;intimidation et la violence<\/a><\/strong><\/li><li><strong><a href=\"https:\/\/www.brebeuf.qc.ca\/collegial\/wp-content\/uploads\/sites\/2\/2024\/10\/Politique-des-services-aux-eleves-ayant-des-besoins-particuliers-2023.pdf\" class=\"ek-link\">Politique r\u00e9gissant l&rsquo;organisation des services aux \u00e9l\u00e8ves ayant des besoins particuliers au secondaire<\/a><\/strong><\/li><li><a href=\"https:\/\/www.brebeuf.qc.ca\/wp-content\/uploads\/2025\/06\/evaluation.pdf\" class=\"ek-link\"><strong>Politique d&rsquo;\u00e9valuation des apprentissages<\/strong><\/a><\/li><li><strong><a href=\"https:\/\/www.brebeuf.qc.ca\/collegial\/wp-content\/uploads\/sites\/2\/2024\/10\/Politique-sur-le-processus-admission-au-secondaire.pdf\" class=\"ek-link\">Politique sur le processus d&rsquo;admission au secondaire<\/a><\/strong><\/li><\/ul>\n\n\n\n<p><\/p>\n","protected":false},"excerpt":{"rendered":"<p>Les principaux r\u00e8glements et politiques du secondaire Code d\u2019\u00e9thique applicable aux membres du personnel et \u00e0 toute personne appel\u00e9e \u00e0 \u0153uvrer aupr\u00e8s d\u2019\u00e9l\u00e8ves mineurs ou handicap\u00e9s ou \u00e0 \u00eatre en contact avec eux (secondaire) Politique de pr\u00e9vention et d&rsquo;intervention contre&#8230;<\/p>\n","protected":false},"author":90,"featured_media":4386,"parent":0,"menu_order":0,"comment_status":"closed","ping_status":"closed","template":"templates\/template-personnalisable.php","meta":{"_editorskit_title_hidden":false,"_editorskit_reading_time":1,"_editorskit_typography_data":[],"_editorskit_blocks_typography":""},"yoast_head":"<!-- This site is optimized with the Yoast SEO plugin v16.3 - https:\/\/yoast.com\/wordpress\/plugins\/seo\/ -->\n<title>Politiques et r\u00e8glements - Secondaire<\/title>\n<meta name=\"robots\" content=\"index, follow, max-snippet:-1, max-image-preview:large, max-video-preview:-1\" \/>\n<link rel=\"canonical\" href=\"https:\/\/www.brebeuf.qc.ca\/secondaire\/politiques-et-reglements\/\" \/>\n<meta property=\"og:locale\" content=\"fr_FR\" \/>\n<meta property=\"og:type\" content=\"article\" \/>\n<meta property=\"og:title\" content=\"Politiques et r\u00e8glements - Secondaire\" \/>\n<meta property=\"og:description\" content=\"Les principaux r\u00e8glements et politiques du secondaire Code d\u2019\u00e9thique applicable aux membres du personnel et \u00e0 toute personne appel\u00e9e \u00e0 \u0153uvrer aupr\u00e8s d\u2019\u00e9l\u00e8ves mineurs ou handicap\u00e9s ou \u00e0 \u00eatre en contact avec eux (secondaire) Politique de pr\u00e9vention et d&rsquo;intervention contre...\" \/>\n<meta property=\"og:url\" content=\"https:\/\/www.brebeuf.qc.ca\/secondaire\/politiques-et-reglements\/\" \/>\n<meta property=\"og:site_name\" content=\"Secondaire\" \/>\n<meta property=\"article:modified_time\" content=\"2025-11-25T17:22:39+00:00\" \/>\n<meta property=\"og:image\" content=\"https:\/\/www.brebeuf.qc.ca\/secondaire\/wp-content\/uploads\/sites\/4\/2024\/07\/Calendrier-scolaire-.png\" \/>\n\t<meta property=\"og:image:width\" content=\"1400\" \/>\n\t<meta property=\"og:image:height\" content=\"240\" \/>\n<meta name=\"twitter:label1\" content=\"Dur\u00e9e de lecture est.\">\n\t<meta name=\"twitter:data1\" content=\"1 minute\">\n<script type=\"application\/ld+json\" class=\"yoast-schema-graph\">{\"@context\":\"https:\/\/schema.org\",\"@graph\":[{\"@type\":\"WebSite\",\"@id\":\"https:\/\/www.brebeuf.qc.ca\/secondaire\/#website\",\"url\":\"https:\/\/www.brebeuf.qc.ca\/secondaire\/\",\"name\":\"Secondaire\",\"description\":\"Coll\\u00e8ge priv\\u00e9 | Secondaire | Coll\\u00e9gial\",\"potentialAction\":[{\"@type\":\"SearchAction\",\"target\":\"https:\/\/www.brebeuf.qc.ca\/secondaire\/?s={search_term_string}\",\"query-input\":\"required name=search_term_string\"}],\"inLanguage\":\"fr-FR\"},{\"@type\":\"ImageObject\",\"@id\":\"https:\/\/www.brebeuf.qc.ca\/secondaire\/politiques-et-reglements\/#primaryimage\",\"inLanguage\":\"fr-FR\",\"url\":\"https:\/\/www.brebeuf.qc.ca\/secondaire\/wp-content\/uploads\/sites\/4\/2024\/07\/Calendrier-scolaire-.png\",\"contentUrl\":\"https:\/\/www.brebeuf.qc.ca\/secondaire\/wp-content\/uploads\/sites\/4\/2024\/07\/Calendrier-scolaire-.png\",\"width\":1400,\"height\":240},{\"@type\":\"WebPage\",\"@id\":\"https:\/\/www.brebeuf.qc.ca\/secondaire\/politiques-et-reglements\/#webpage\",\"url\":\"https:\/\/www.brebeuf.qc.ca\/secondaire\/politiques-et-reglements\/\",\"name\":\"Politiques et r\\u00e8glements - Secondaire\",\"isPartOf\":{\"@id\":\"https:\/\/www.brebeuf.qc.ca\/secondaire\/#website\"},\"primaryImageOfPage\":{\"@id\":\"https:\/\/www.brebeuf.qc.ca\/secondaire\/politiques-et-reglements\/#primaryimage\"},\"datePublished\":\"2024-10-22T14:02:51+00:00\",\"dateModified\":\"2025-11-25T17:22:39+00:00\",\"breadcrumb\":{\"@id\":\"https:\/\/www.brebeuf.qc.ca\/secondaire\/politiques-et-reglements\/#breadcrumb\"},\"inLanguage\":\"fr-FR\",\"potentialAction\":[{\"@type\":\"ReadAction\",\"target\":[\"https:\/\/www.brebeuf.qc.ca\/secondaire\/politiques-et-reglements\/\"]}]},{\"@type\":\"BreadcrumbList\",\"@id\":\"https:\/\/www.brebeuf.qc.ca\/secondaire\/politiques-et-reglements\/#breadcrumb\",\"itemListElement\":[{\"@type\":\"ListItem\",\"position\":1,\"item\":{\"@type\":\"WebPage\",\"@id\":\"https:\/\/www.brebeuf.qc.ca\/secondaire\/\",\"url\":\"https:\/\/www.brebeuf.qc.ca\/secondaire\/\",\"name\":\"Home\"}},{\"@type\":\"ListItem\",\"position\":2,\"item\":{\"@id\":\"https:\/\/www.brebeuf.qc.ca\/secondaire\/politiques-et-reglements\/#webpage\"}}]}]}<\/script>\n<!-- \/ Yoast SEO plugin. -->","_links":{"self":[{"href":"https:\/\/www.brebeuf.qc.ca\/secondaire\/wp-json\/wp\/v2\/pages\/4509"}],"collection":[{"href":"https:\/\/www.brebeuf.qc.ca\/secondaire\/wp-json\/wp\/v2\/pages"}],"about":[{"href":"https:\/\/www.brebeuf.qc.ca\/secondaire\/wp-json\/wp\/v2\/types\/page"}],"author":[{"embeddable":true,"href":"https:\/\/www.brebeuf.qc.ca\/secondaire\/wp-json\/wp\/v2\/users\/90"}],"replies":[{"embeddable":true,"href":"https:\/\/www.brebeuf.qc.ca\/secondaire\/wp-json\/wp\/v2\/comments?post=4509"}],"version-history":[{"count":12,"href":"https:\/\/www.brebeuf.qc.ca\/secondaire\/wp-json\/wp\/v2\/pages\/4509\/revisions"}],"predecessor-version":[{"id":5139,"href":"https:\/\/www.brebeuf.qc.ca\/secondaire\/wp-json\/wp\/v2\/pages\/4509\/revisions\/5139"}],"wp:featuredmedia":[{"embeddable":true,"href":"https:\/\/www.brebeuf.qc.ca\/secondaire\/wp-json\/wp\/v2\/media\/4386"}],"wp:attachment":[{"href":"https:\/\/www.brebeuf.qc.ca\/secondaire\/wp-json\/wp\/v2\/media?parent=4509"}],"curies":[{"name":"wp","href":"https:\/\/api.w.org\/{rel}","templated":true}]}}