{"id":4079,"date":"2024-03-13T19:37:16","date_gmt":"2024-03-13T19:37:16","guid":{"rendered":"https:\/\/www.brebeuf.qc.ca\/secondaire\/?page_id=4079"},"modified":"2026-03-27T16:40:46","modified_gmt":"2026-03-27T16:40:46","slug":"portes-ouvertes-basketball","status":"publish","type":"page","link":"https:\/\/www.brebeuf.qc.ca\/secondaire\/portes-ouvertes-basketball\/","title":{"rendered":"Portes ouvertes de basketball : 22 avril 2026"},"content":{"rendered":"\n<p>Les portes ouvertes du programme de basketball D1 du Coll\u00e8ge Br\u00e9beuf auront lieu le <strong>mercredi 22 avril prochain de 17h00 \u00e0<\/strong> <strong>19h45<\/strong> pour les&nbsp;<strong>gar\u00e7ons&nbsp;de 4e et 5e ann\u00e9e du primaire.<\/strong><\/p>\n\n\n\n<div class=\"wp-block-buttons is-content-justification-left\">\n<div class=\"wp-block-button\"><a class=\"wp-block-button__link\" href=\"https:\/\/forms.office.com\/Pages\/ResponsePage.aspx?id=kq86T4T8I0uEGcc4oYPGqqYhhPCkNsxAr6fRM9apjbFUMDhBNVg5WktZVUJRNFZaNDBCVTg0QU1MVi4u\"><span style=\"text-decoration: underline;\" class=\"ek-underline\">S&rsquo;inscrire aux portes ouvertes<\/span><\/a><\/div>\n<\/div>\n\n\n\n<p>Il y a 160 places de disponibles. La date limite pour remplir le formulaire ci-haut est le 20 avril 2026. Si vous avez des questions, veuillez communiquer avec Nabil Stambouli \u00e0 l&rsquo;adresse courriel suivante:&nbsp;<a href=\"mailto:nabil.stambouli@brebeuf.qc.ca\">nabil.stambouli@brebeuf.qc.ca<\/a><\/p>\n\n\n\n<hr class=\"wp-block-separator\"\/>\n\n\n\n<div class=\"wp-block-columns\">\n<div class=\"wp-block-column\">\n<figure class=\"wp-block-image size-large is-resized\"><a href=\"https:\/\/www.brebeuf.qc.ca\/secondaire\/wp-content\/uploads\/sites\/4\/2026\/03\/CJB_10_Oct23-1308-scaled.jpg\" data-rel=\"lightbox-image-0\" data-rl_title=\"\" data-rl_caption=\"\" title=\"\"><img loading=\"lazy\" src=\"https:\/\/www.brebeuf.qc.ca\/secondaire\/wp-content\/uploads\/sites\/4\/2026\/03\/CJB_10_Oct23-1308-1024x683.jpg\" alt=\"\" class=\"wp-image-5275\" width=\"399\" height=\"266\" srcset=\"https:\/\/www.brebeuf.qc.ca\/secondaire\/wp-content\/uploads\/sites\/4\/2026\/03\/CJB_10_Oct23-1308-1024x683.jpg 1024w, https:\/\/www.brebeuf.qc.ca\/secondaire\/wp-content\/uploads\/sites\/4\/2026\/03\/CJB_10_Oct23-1308-300x200.jpg 300w, https:\/\/www.brebeuf.qc.ca\/secondaire\/wp-content\/uploads\/sites\/4\/2026\/03\/CJB_10_Oct23-1308-768x512.jpg 768w, https:\/\/www.brebeuf.qc.ca\/secondaire\/wp-content\/uploads\/sites\/4\/2026\/03\/CJB_10_Oct23-1308-1536x1024.jpg 1536w, https:\/\/www.brebeuf.qc.ca\/secondaire\/wp-content\/uploads\/sites\/4\/2026\/03\/CJB_10_Oct23-1308-2048x1365.jpg 2048w\" sizes=\"(max-width: 399px) 100vw, 399px\" \/><\/a><\/figure>\n<\/div>\n\n\n\n<div class=\"wp-block-column\">\n<figure class=\"wp-block-image size-large is-resized\"><a href=\"https:\/\/www.brebeuf.qc.ca\/secondaire\/wp-content\/uploads\/sites\/4\/2026\/03\/CJB_10_Oct23-1316-scaled.jpg\" data-rel=\"lightbox-image-1\" data-rl_title=\"\" data-rl_caption=\"\" title=\"\"><img loading=\"lazy\" src=\"https:\/\/www.brebeuf.qc.ca\/secondaire\/wp-content\/uploads\/sites\/4\/2026\/03\/CJB_10_Oct23-1316-1024x683.jpg\" alt=\"\" class=\"wp-image-5276\" width=\"399\" height=\"266\" srcset=\"https:\/\/www.brebeuf.qc.ca\/secondaire\/wp-content\/uploads\/sites\/4\/2026\/03\/CJB_10_Oct23-1316-1024x683.jpg 1024w, https:\/\/www.brebeuf.qc.ca\/secondaire\/wp-content\/uploads\/sites\/4\/2026\/03\/CJB_10_Oct23-1316-300x200.jpg 300w, https:\/\/www.brebeuf.qc.ca\/secondaire\/wp-content\/uploads\/sites\/4\/2026\/03\/CJB_10_Oct23-1316-768x512.jpg 768w, https:\/\/www.brebeuf.qc.ca\/secondaire\/wp-content\/uploads\/sites\/4\/2026\/03\/CJB_10_Oct23-1316-1536x1024.jpg 1536w, https:\/\/www.brebeuf.qc.ca\/secondaire\/wp-content\/uploads\/sites\/4\/2026\/03\/CJB_10_Oct23-1316-2048x1365.jpg 2048w\" sizes=\"(max-width: 399px) 100vw, 399px\" \/><\/a><\/figure>\n<\/div>\n<\/div>\n\n\n\n<h2><span id=\"Notre_programme_de_basketball\">Notre programme de basketball<\/span><\/h2>\n\n\n\n<h4><strong>Une structure de d\u00e9veloppement de 7-8 ans<\/strong><\/h4>\n\n\n\n<ul><li>11 \u00e9quipes de atome \u00e0 coll\u00e9gial <\/li><li>Tous les niveaux offerts de D1 \u00e0 D4 <\/li><li>Plus de 50 anciens joueurs form\u00e9s au niveau universitaire <\/li><\/ul>\n\n\n\n<h4><strong>Une concentration-basketball optimale<\/strong><\/h4>\n\n\n\n<ul><li>2 cours de 90 minutes par semaine<\/li><li>2 enseignants-entra\u00eeneurs par groupe de 24 \u00e9l\u00e8ves<\/li><li>Sous la supervision de Basketball Qu\u00e9bec<\/li><\/ul>\n\n\n\n<h4><strong>L&rsquo;une des 2 institutions priv\u00e9es sur l&rsquo;\u00eele de Montr\u00e9al<\/strong><\/h4>\n\n\n\n<ul><li>\u00c0 \u00e9voluer dans le circuit Cadet D1 et Juv\u00e9nile D1<\/li><\/ul>\n\n\n\n<h4><strong>Un encadrement sportif difficile \u00e0 \u00e9galer<\/strong><\/h4>\n\n\n\n<ul><li>5 enseignants du coll\u00e8ge entra\u00eenent les 5 \u00e9quipes D2-D1 dont tous ont le niveau 2 ou 3 du PNCE<\/li><li>Un pr\u00e9parateur physique<\/li><li>Un entra\u00eeneur des habilet\u00e9s individuelles<\/li><\/ul>\n\n\n\n<h4>Une excellente r\u00e9putation acad\u00e9mique<\/h4>\n\n\n\n<ul><li>Un encadrement et une rigueur acad\u00e9mique de haut niveau<\/li><li>Un tuteur attitr\u00e9 pour les \u00e9l\u00e8ves-athl\u00e8tes en difficult\u00e9<\/li><\/ul>\n\n\n\n<h4>Qui peut s&rsquo;inscrire?<\/h4>\n\n\n\n<ul><li>Tous les<strong> gar\u00e7ons<\/strong> de 4e et 5e ann\u00e9e du primaire sont invit\u00e9s \u00e0 s&rsquo;inscrire.<\/li><li>Aucune exp\u00e9rience requise!<\/li><\/ul>\n\n\n\n<h2><span id=\"Horaire_de_la_porte_ouverte\">Horaire de la porte ouverte<\/span><\/h2>\n\n\n\n<p><strong>Accueil<\/strong><br>17h00 ou 18h30 <br><strong>Visite du Coll\u00e8ge <\/strong><br>17h15 ou 18h45<br><strong>Tournoi amical 3V3 <\/strong><br>17h30 ou 19h00<br><strong>Pr\u00e9sentation aux parents <\/strong><br>17h30 ou 19h<br><strong>Mot de la fin<\/strong><br>18h15 ou 19h45<\/p>\n\n\n\n<figure class=\"wp-block-gallery columns-3 is-cropped\"><ul class=\"blocks-gallery-grid\"><li class=\"blocks-gallery-item\"><figure><a href=\"https:\/\/www.brebeuf.qc.ca\/secondaire\/wp-content\/uploads\/sites\/4\/2024\/03\/Sans-titre-10-2.jpg\" data-rel=\"lightbox-image-2\" data-rl_title=\"\" data-rl_caption=\"\" title=\"\"><img loading=\"lazy\" width=\"960\" height=\"540\" src=\"https:\/\/www.brebeuf.qc.ca\/secondaire\/wp-content\/uploads\/sites\/4\/2024\/03\/Sans-titre-10-2.jpg\" alt=\"\" data-id=\"4135\" data-full-url=\"https:\/\/www.brebeuf.qc.ca\/secondaire\/wp-content\/uploads\/sites\/4\/2024\/03\/Sans-titre-10-2.jpg\" data-link=\"https:\/\/www.brebeuf.qc.ca\/secondaire\/portes-ouvertes-basketball\/sans-titre-10-2\/\" class=\"wp-image-4135\"\/><\/a><\/figure><\/li><li class=\"blocks-gallery-item\"><figure><a href=\"https:\/\/www.brebeuf.qc.ca\/secondaire\/wp-content\/uploads\/sites\/4\/2024\/03\/Sans-titre-9.1-1.jpg\" data-rel=\"lightbox-image-3\" data-rl_title=\"\" data-rl_caption=\"\" title=\"\"><img loading=\"lazy\" width=\"960\" height=\"540\" src=\"https:\/\/www.brebeuf.qc.ca\/secondaire\/wp-content\/uploads\/sites\/4\/2024\/03\/Sans-titre-9.1-1.jpg\" alt=\"\" data-id=\"4150\" data-full-url=\"https:\/\/www.brebeuf.qc.ca\/secondaire\/wp-content\/uploads\/sites\/4\/2024\/03\/Sans-titre-9.1-1.jpg\" data-link=\"https:\/\/www.brebeuf.qc.ca\/secondaire\/portes-ouvertes-basketball\/sans-titre-9-1-1\/\" class=\"wp-image-4150\"\/><\/a><\/figure><\/li><li class=\"blocks-gallery-item\"><figure><a href=\"https:\/\/www.brebeuf.qc.ca\/secondaire\/wp-content\/uploads\/sites\/4\/2024\/03\/Sans-titre-7-2.jpg\" data-rel=\"lightbox-image-4\" data-rl_title=\"\" data-rl_caption=\"\" title=\"\"><img loading=\"lazy\" width=\"960\" height=\"540\" src=\"https:\/\/www.brebeuf.qc.ca\/secondaire\/wp-content\/uploads\/sites\/4\/2024\/03\/Sans-titre-7-2.jpg\" alt=\"\" data-id=\"4163\" data-full-url=\"https:\/\/www.brebeuf.qc.ca\/secondaire\/wp-content\/uploads\/sites\/4\/2024\/03\/Sans-titre-7-2.jpg\" data-link=\"https:\/\/www.brebeuf.qc.ca\/secondaire\/portes-ouvertes-basketball\/sans-titre-7-2\/\" class=\"wp-image-4163\"\/><\/a><\/figure><\/li><li class=\"blocks-gallery-item\"><figure><a href=\"https:\/\/www.brebeuf.qc.ca\/secondaire\/wp-content\/uploads\/sites\/4\/2024\/03\/Sans-titre-11.jpg\" data-rel=\"lightbox-image-5\" data-rl_title=\"\" data-rl_caption=\"\" title=\"\"><img loading=\"lazy\" width=\"960\" height=\"540\" src=\"https:\/\/www.brebeuf.qc.ca\/secondaire\/wp-content\/uploads\/sites\/4\/2024\/03\/Sans-titre-11.jpg\" alt=\"\" data-id=\"4126\" data-full-url=\"https:\/\/www.brebeuf.qc.ca\/secondaire\/wp-content\/uploads\/sites\/4\/2024\/03\/Sans-titre-11.jpg\" data-link=\"https:\/\/www.brebeuf.qc.ca\/secondaire\/portes-ouvertes-basketball\/sans-titre-11\/\" class=\"wp-image-4126\"\/><\/a><\/figure><\/li><\/ul><\/figure>\n\n\n<div id=\"toc_container\" class=\"no_bullets\"><p class=\"toc_title\">Sommaire<\/p><ul class=\"toc_list\"><li><a href=\"#Notre_programme_de_basketball\">Notre programme de basketball<\/a><\/li><li><a href=\"#Horaire_de_la_porte_ouverte\">Horaire de la porte ouverte<\/a><\/li><\/ul><\/div>\n","protected":false},"excerpt":{"rendered":"<p>Les portes ouvertes du programme de basketball D1 du Coll\u00e8ge Br\u00e9beuf auront lieu le mercredi 22 avril prochain de 17h00 \u00e0 19h45 pour les&nbsp;gar\u00e7ons&nbsp;de 4e et 5e ann\u00e9e du primaire. Il y a 160 places de disponibles. La date limite&#8230;<\/p>\n","protected":false},"author":87,"featured_media":5273,"parent":0,"menu_order":0,"comment_status":"closed","ping_status":"closed","template":"templates\/template-personnalisable.php","meta":{"_editorskit_title_hidden":false,"_editorskit_reading_time":1,"_editorskit_typography_data":[],"_editorskit_blocks_typography":""},"yoast_head":"<!-- This site is optimized with the Yoast SEO plugin v16.3 - https:\/\/yoast.com\/wordpress\/plugins\/seo\/ -->\n<title>Portes ouvertes de basketball : 22 avril 2026 - Secondaire<\/title>\n<meta name=\"robots\" content=\"index, follow, max-snippet:-1, max-image-preview:large, max-video-preview:-1\" \/>\n<link rel=\"canonical\" href=\"https:\/\/www.brebeuf.qc.ca\/secondaire\/portes-ouvertes-basketball\/\" \/>\n<meta property=\"og:locale\" content=\"fr_FR\" \/>\n<meta property=\"og:type\" content=\"article\" \/>\n<meta property=\"og:title\" content=\"Portes ouvertes de basketball : 22 avril 2026 - Secondaire\" \/>\n<meta property=\"og:description\" content=\"Les portes ouvertes du programme de basketball D1 du Coll\u00e8ge Br\u00e9beuf auront lieu le mercredi 22 avril prochain de 17h00 \u00e0 19h45 pour les&nbsp;gar\u00e7ons&nbsp;de 4e et 5e ann\u00e9e du primaire. Il y a 160 places de disponibles. La date limite...\" \/>\n<meta property=\"og:url\" content=\"https:\/\/www.brebeuf.qc.ca\/secondaire\/portes-ouvertes-basketball\/\" \/>\n<meta property=\"og:site_name\" content=\"Secondaire\" \/>\n<meta property=\"article:modified_time\" content=\"2026-03-27T16:40:46+00:00\" \/>\n<meta property=\"og:image\" content=\"https:\/\/www.brebeuf.qc.ca\/secondaire\/wp-content\/uploads\/sites\/4\/2026\/03\/CJB_10_Oct23-1469-scaled.jpg\" \/>\n\t<meta property=\"og:image:width\" content=\"2560\" \/>\n\t<meta property=\"og:image:height\" content=\"1707\" \/>\n<meta name=\"twitter:label1\" content=\"Dur\u00e9e de lecture est.\">\n\t<meta name=\"twitter:data1\" content=\"3 minutes\">\n<script type=\"application\/ld+json\" class=\"yoast-schema-graph\">{\"@context\":\"https:\/\/schema.org\",\"@graph\":[{\"@type\":\"WebSite\",\"@id\":\"https:\/\/www.brebeuf.qc.ca\/secondaire\/#website\",\"url\":\"https:\/\/www.brebeuf.qc.ca\/secondaire\/\",\"name\":\"Secondaire\",\"description\":\"Coll\\u00e8ge priv\\u00e9 | Secondaire | Coll\\u00e9gial\",\"potentialAction\":[{\"@type\":\"SearchAction\",\"target\":\"https:\/\/www.brebeuf.qc.ca\/secondaire\/?s={search_term_string}\",\"query-input\":\"required name=search_term_string\"}],\"inLanguage\":\"fr-FR\"},{\"@type\":\"ImageObject\",\"@id\":\"https:\/\/www.brebeuf.qc.ca\/secondaire\/portes-ouvertes-basketball\/#primaryimage\",\"inLanguage\":\"fr-FR\",\"url\":\"https:\/\/www.brebeuf.qc.ca\/secondaire\/wp-content\/uploads\/sites\/4\/2026\/03\/CJB_10_Oct23-1469-scaled.jpg\",\"contentUrl\":\"https:\/\/www.brebeuf.qc.ca\/secondaire\/wp-content\/uploads\/sites\/4\/2026\/03\/CJB_10_Oct23-1469-scaled.jpg\",\"width\":2560,\"height\":1707},{\"@type\":\"WebPage\",\"@id\":\"https:\/\/www.brebeuf.qc.ca\/secondaire\/portes-ouvertes-basketball\/#webpage\",\"url\":\"https:\/\/www.brebeuf.qc.ca\/secondaire\/portes-ouvertes-basketball\/\",\"name\":\"Portes ouvertes de basketball : 22 avril 2026 - Secondaire\",\"isPartOf\":{\"@id\":\"https:\/\/www.brebeuf.qc.ca\/secondaire\/#website\"},\"primaryImageOfPage\":{\"@id\":\"https:\/\/www.brebeuf.qc.ca\/secondaire\/portes-ouvertes-basketball\/#primaryimage\"},\"datePublished\":\"2024-03-13T19:37:16+00:00\",\"dateModified\":\"2026-03-27T16:40:46+00:00\",\"breadcrumb\":{\"@id\":\"https:\/\/www.brebeuf.qc.ca\/secondaire\/portes-ouvertes-basketball\/#breadcrumb\"},\"inLanguage\":\"fr-FR\",\"potentialAction\":[{\"@type\":\"ReadAction\",\"target\":[\"https:\/\/www.brebeuf.qc.ca\/secondaire\/portes-ouvertes-basketball\/\"]}]},{\"@type\":\"BreadcrumbList\",\"@id\":\"https:\/\/www.brebeuf.qc.ca\/secondaire\/portes-ouvertes-basketball\/#breadcrumb\",\"itemListElement\":[{\"@type\":\"ListItem\",\"position\":1,\"item\":{\"@type\":\"WebPage\",\"@id\":\"https:\/\/www.brebeuf.qc.ca\/secondaire\/\",\"url\":\"https:\/\/www.brebeuf.qc.ca\/secondaire\/\",\"name\":\"Home\"}},{\"@type\":\"ListItem\",\"position\":2,\"item\":{\"@id\":\"https:\/\/www.brebeuf.qc.ca\/secondaire\/portes-ouvertes-basketball\/#webpage\"}}]}]}<\/script>\n<!-- \/ Yoast SEO plugin. -->","_links":{"self":[{"href":"https:\/\/www.brebeuf.qc.ca\/secondaire\/wp-json\/wp\/v2\/pages\/4079"}],"collection":[{"href":"https:\/\/www.brebeuf.qc.ca\/secondaire\/wp-json\/wp\/v2\/pages"}],"about":[{"href":"https:\/\/www.brebeuf.qc.ca\/secondaire\/wp-json\/wp\/v2\/types\/page"}],"author":[{"embeddable":true,"href":"https:\/\/www.brebeuf.qc.ca\/secondaire\/wp-json\/wp\/v2\/users\/87"}],"replies":[{"embeddable":true,"href":"https:\/\/www.brebeuf.qc.ca\/secondaire\/wp-json\/wp\/v2\/comments?post=4079"}],"version-history":[{"count":69,"href":"https:\/\/www.brebeuf.qc.ca\/secondaire\/wp-json\/wp\/v2\/pages\/4079\/revisions"}],"predecessor-version":[{"id":5292,"href":"https:\/\/www.brebeuf.qc.ca\/secondaire\/wp-json\/wp\/v2\/pages\/4079\/revisions\/5292"}],"wp:featuredmedia":[{"embeddable":true,"href":"https:\/\/www.brebeuf.qc.ca\/secondaire\/wp-json\/wp\/v2\/media\/5273"}],"wp:attachment":[{"href":"https:\/\/www.brebeuf.qc.ca\/secondaire\/wp-json\/wp\/v2\/media?parent=4079"}],"curies":[{"name":"wp","href":"https:\/\/api.w.org\/{rel}","templated":true}]}}