{"id":3598,"date":"2022-09-12T18:10:25","date_gmt":"2022-09-12T18:10:25","guid":{"rendered":"https:\/\/www.brebeuf.qc.ca\/secondaire\/?page_id=3598"},"modified":"2022-10-07T16:47:38","modified_gmt":"2022-10-07T16:47:38","slug":"admissions-secondaire-2023-2024","status":"publish","type":"page","link":"https:\/\/www.brebeuf.qc.ca\/secondaire\/admissions-secondaire-2023-2024\/","title":{"rendered":"Admissions au secondaire 2023-2024"},"content":{"rendered":"\n<p>L\u2019inscription pour les admissions en 1re secondaire pour 2023-2024 sont termin\u00e9es. Les prochaines portes ouvertes du secondaire auront lieu le <strong>1er juin 2023<\/strong> en pr\u00e9vision de la rentr\u00e9e pour <strong>l\u2019ann\u00e9e scolaire 2024-2025<\/strong>. Le module d&rsquo;admission sera \u00e9galement ouvert \u00e0 cette date.<\/p>\n\n\n\n<p>Pour ceux et celles qui souhaitent soumettre une demande d\u2019admission pour la <strong>2e \u00e0 la 5e secondaire<\/strong> <strong>pour l&rsquo;ann\u00e9e scolaire 2023-2024<\/strong>, le module d&rsquo;admission sera ouvert \u00e0 la <strong>mi-janvier 2023<\/strong>.<\/p>\n\n\n\n<p>D\u2019ici l\u00e0 nous vous invitons \u00e0 d\u00e9couvrir la nouvelle offre p\u00e9dagogique du secondaire du Coll\u00e8ge Jean-de-Br\u00e9beuf. En effet, de nombreuses nouveaut\u00e9s sont en place pour la rentr\u00e9e scolaire 2022-2023.<\/p>\n\n\n\n<p>Les nouveaut\u00e9s du cursus \u00e0 partir de la rentr\u00e9e 2022-2023 :<br><\/p>\n\n\n\n<ol type=\"1\"><li>L\u2019offre p\u00e9dagogique est sym\u00e9trique pour les filles et les gar\u00e7ons avec l\u2019ajout d\u2019une option Sport et monde pour les filles;<\/li><li>Les groupes sont d\u00e9cloisonn\u00e9s : chaque groupe sera compos\u00e9 d\u2019\u00e9l\u00e8ves provenant des trois options;<\/li><li>Un cours centr\u00e9 sur l\u2019engagement et les valeurs du Coll\u00e8ge sera donn\u00e9 pour tous les \u00e9l\u00e8ves de 1<sup>re<\/sup>&nbsp;secondaire;<\/li><li>L\u2019offre sportive est accrue pour tous les \u00e9l\u00e8ves.<\/li><\/ol>\n\n\n\n<p><br>\u00ab Mon \u00e9quipe et moi sommes tr\u00e8s fiers de la nouvelle offre p\u00e9dagogique au secondaire Br\u00e9beuf, qui est le fruit de deux ans de travail d\u2019analyse et de conception. Nos \u00e9l\u00e8ves auront toujours acc\u00e8s \u00e0 un parcours enrichi pour tous de la 1re \u00e0 la 5e secondaire, lequel a pour socle le \u00ab cursus Br\u00e9beuf \u00bb, un solide tronc commun compl\u00e9t\u00e9 par des options qui permettent un approfondissement en fonction des int\u00e9r\u00eats des \u00e9l\u00e8ves. \u00bb &#8211; <a href=\"https:\/\/www.brebeuf.qc.ca\/secondaire\/\" class=\"ek-link\">Audrey B\u00e9langer<\/a>, directrice des services p\u00e9dagogiques.<\/p>\n\n\n\n<p><a href=\"https:\/\/www.brebeuf.qc.ca\/secondaire\/cursus-valeurs-humanistes-engagement-communautaire\/\" class=\"ek-link\">D\u00e9couvrez en plus sur le cursus Br\u00e9beuf<\/a>.<\/p>\n","protected":false},"excerpt":{"rendered":"<p>L\u2019inscription pour les admissions en 1re secondaire pour 2023-2024 sont termin\u00e9es. Les prochaines portes ouvertes du secondaire auront lieu le 1er juin 2023 en pr\u00e9vision de la rentr\u00e9e pour l\u2019ann\u00e9e scolaire 2024-2025. Le module d&rsquo;admission sera \u00e9galement ouvert \u00e0 cette&#8230;<\/p>\n","protected":false},"author":87,"featured_media":0,"parent":0,"menu_order":1,"comment_status":"closed","ping_status":"closed","template":"templates\/template-programme-v2.php","meta":{"_editorskit_title_hidden":false,"_editorskit_reading_time":1,"_editorskit_typography_data":[],"_editorskit_blocks_typography":""},"yoast_head":"<!-- This site is optimized with the Yoast SEO plugin v16.3 - https:\/\/yoast.com\/wordpress\/plugins\/seo\/ -->\n<title>Admissions au secondaire 2023-2024 - Secondaire<\/title>\n<meta name=\"robots\" content=\"index, follow, max-snippet:-1, max-image-preview:large, max-video-preview:-1\" \/>\n<link rel=\"canonical\" href=\"https:\/\/www.brebeuf.qc.ca\/secondaire\/admissions-secondaire-2023-2024\/\" \/>\n<meta property=\"og:locale\" content=\"fr_FR\" \/>\n<meta property=\"og:type\" content=\"article\" \/>\n<meta property=\"og:title\" content=\"Admissions au secondaire 2023-2024 - Secondaire\" \/>\n<meta property=\"og:description\" content=\"L\u2019inscription pour les admissions en 1re secondaire pour 2023-2024 sont termin\u00e9es. Les prochaines portes ouvertes du secondaire auront lieu le 1er juin 2023 en pr\u00e9vision de la rentr\u00e9e pour l\u2019ann\u00e9e scolaire 2024-2025. Le module d&rsquo;admission sera \u00e9galement ouvert \u00e0 cette...\" \/>\n<meta property=\"og:url\" content=\"https:\/\/www.brebeuf.qc.ca\/secondaire\/admissions-secondaire-2023-2024\/\" \/>\n<meta property=\"og:site_name\" content=\"Secondaire\" \/>\n<meta property=\"article:modified_time\" content=\"2022-10-07T16:47:38+00:00\" \/>\n<meta name=\"twitter:label1\" content=\"Dur\u00e9e de lecture est.\">\n\t<meta name=\"twitter:data1\" content=\"2 minutes\">\n<script type=\"application\/ld+json\" class=\"yoast-schema-graph\">{\"@context\":\"https:\/\/schema.org\",\"@graph\":[{\"@type\":\"WebSite\",\"@id\":\"https:\/\/www.brebeuf.qc.ca\/secondaire\/#website\",\"url\":\"https:\/\/www.brebeuf.qc.ca\/secondaire\/\",\"name\":\"Secondaire\",\"description\":\"Coll\\u00e8ge priv\\u00e9 | Secondaire | Coll\\u00e9gial\",\"potentialAction\":[{\"@type\":\"SearchAction\",\"target\":\"https:\/\/www.brebeuf.qc.ca\/secondaire\/?s={search_term_string}\",\"query-input\":\"required name=search_term_string\"}],\"inLanguage\":\"fr-FR\"},{\"@type\":\"WebPage\",\"@id\":\"https:\/\/www.brebeuf.qc.ca\/secondaire\/admissions-secondaire-2023-2024\/#webpage\",\"url\":\"https:\/\/www.brebeuf.qc.ca\/secondaire\/admissions-secondaire-2023-2024\/\",\"name\":\"Admissions au secondaire 2023-2024 - Secondaire\",\"isPartOf\":{\"@id\":\"https:\/\/www.brebeuf.qc.ca\/secondaire\/#website\"},\"datePublished\":\"2022-09-12T18:10:25+00:00\",\"dateModified\":\"2022-10-07T16:47:38+00:00\",\"breadcrumb\":{\"@id\":\"https:\/\/www.brebeuf.qc.ca\/secondaire\/admissions-secondaire-2023-2024\/#breadcrumb\"},\"inLanguage\":\"fr-FR\",\"potentialAction\":[{\"@type\":\"ReadAction\",\"target\":[\"https:\/\/www.brebeuf.qc.ca\/secondaire\/admissions-secondaire-2023-2024\/\"]}]},{\"@type\":\"BreadcrumbList\",\"@id\":\"https:\/\/www.brebeuf.qc.ca\/secondaire\/admissions-secondaire-2023-2024\/#breadcrumb\",\"itemListElement\":[{\"@type\":\"ListItem\",\"position\":1,\"item\":{\"@type\":\"WebPage\",\"@id\":\"https:\/\/www.brebeuf.qc.ca\/secondaire\/\",\"url\":\"https:\/\/www.brebeuf.qc.ca\/secondaire\/\",\"name\":\"Home\"}},{\"@type\":\"ListItem\",\"position\":2,\"item\":{\"@id\":\"https:\/\/www.brebeuf.qc.ca\/secondaire\/admissions-secondaire-2023-2024\/#webpage\"}}]}]}<\/script>\n<!-- \/ Yoast SEO plugin. -->","_links":{"self":[{"href":"https:\/\/www.brebeuf.qc.ca\/secondaire\/wp-json\/wp\/v2\/pages\/3598"}],"collection":[{"href":"https:\/\/www.brebeuf.qc.ca\/secondaire\/wp-json\/wp\/v2\/pages"}],"about":[{"href":"https:\/\/www.brebeuf.qc.ca\/secondaire\/wp-json\/wp\/v2\/types\/page"}],"author":[{"embeddable":true,"href":"https:\/\/www.brebeuf.qc.ca\/secondaire\/wp-json\/wp\/v2\/users\/87"}],"replies":[{"embeddable":true,"href":"https:\/\/www.brebeuf.qc.ca\/secondaire\/wp-json\/wp\/v2\/comments?post=3598"}],"version-history":[{"count":4,"href":"https:\/\/www.brebeuf.qc.ca\/secondaire\/wp-json\/wp\/v2\/pages\/3598\/revisions"}],"predecessor-version":[{"id":3611,"href":"https:\/\/www.brebeuf.qc.ca\/secondaire\/wp-json\/wp\/v2\/pages\/3598\/revisions\/3611"}],"wp:attachment":[{"href":"https:\/\/www.brebeuf.qc.ca\/secondaire\/wp-json\/wp\/v2\/media?parent=3598"}],"curies":[{"name":"wp","href":"https:\/\/api.w.org\/{rel}","templated":true}]}}