{"id":292,"date":"2014-09-12T14:57:42","date_gmt":"2014-09-12T14:57:42","guid":{"rendered":"https:\/\/www.brebeuf.qc.ca\/secondaire-garcons\/?page_id=292"},"modified":"2026-04-24T17:34:21","modified_gmt":"2026-04-24T17:34:21","slug":"volley-ball-elite","status":"publish","type":"page","link":"https:\/\/www.brebeuf.qc.ca\/secondaire\/sports-garcons\/volley-ball-elite\/","title":{"rendered":"Volleyball \u00e9lite gar\u00e7ons"},"content":{"rendered":"\n<h2><span id=\"Les_equipes_2025-2026\">Les \u00e9quipes 2025-2026<\/span><\/h2>\n\n\n\n<figure class=\"wp-block-gallery columns-3 is-cropped\"><ul class=\"blocks-gallery-grid\"><li class=\"blocks-gallery-item\"><figure><a href=\"https:\/\/www.brebeuf.qc.ca\/secondaire\/wp-content\/uploads\/sites\/4\/2026\/04\/AMD3-1024x683.jpg\" data-rel=\"lightbox-image-0\" data-rl_title=\"\" data-rl_caption=\"\" title=\"\"><img loading=\"lazy\" width=\"1024\" height=\"683\" src=\"https:\/\/www.brebeuf.qc.ca\/secondaire\/wp-content\/uploads\/sites\/4\/2026\/04\/AMD3-1024x683.jpg\" alt=\"\" data-id=\"5309\" data-link=\"https:\/\/www.brebeuf.qc.ca\/secondaire\/sports-garcons\/volley-ball-elite\/amd3\/\" class=\"wp-image-5309\" srcset=\"https:\/\/www.brebeuf.qc.ca\/secondaire\/wp-content\/uploads\/sites\/4\/2026\/04\/AMD3-1024x683.jpg 1024w, https:\/\/www.brebeuf.qc.ca\/secondaire\/wp-content\/uploads\/sites\/4\/2026\/04\/AMD3-300x200.jpg 300w, https:\/\/www.brebeuf.qc.ca\/secondaire\/wp-content\/uploads\/sites\/4\/2026\/04\/AMD3-768x512.jpg 768w, https:\/\/www.brebeuf.qc.ca\/secondaire\/wp-content\/uploads\/sites\/4\/2026\/04\/AMD3-1536x1024.jpg 1536w, https:\/\/www.brebeuf.qc.ca\/secondaire\/wp-content\/uploads\/sites\/4\/2026\/04\/AMD3-2048x1365.jpg 2048w\" sizes=\"(max-width: 1024px) 100vw, 1024px\" \/><\/a><figcaption class=\"blocks-gallery-item__caption\">Atome masculin D3<\/figcaption><\/figure><\/li><li class=\"blocks-gallery-item\"><figure><a href=\"https:\/\/www.brebeuf.qc.ca\/secondaire\/wp-content\/uploads\/sites\/4\/2026\/04\/BMD3-1024x683.jpg\" data-rel=\"lightbox-image-1\" data-rl_title=\"\" data-rl_caption=\"\" title=\"\"><img loading=\"lazy\" width=\"1024\" height=\"683\" src=\"https:\/\/www.brebeuf.qc.ca\/secondaire\/wp-content\/uploads\/sites\/4\/2026\/04\/BMD3-1024x683.jpg\" alt=\"\" data-id=\"5311\" data-link=\"https:\/\/www.brebeuf.qc.ca\/secondaire\/sports-garcons\/volley-ball-elite\/bmd3\/\" class=\"wp-image-5311\" srcset=\"https:\/\/www.brebeuf.qc.ca\/secondaire\/wp-content\/uploads\/sites\/4\/2026\/04\/BMD3-1024x683.jpg 1024w, https:\/\/www.brebeuf.qc.ca\/secondaire\/wp-content\/uploads\/sites\/4\/2026\/04\/BMD3-300x200.jpg 300w, https:\/\/www.brebeuf.qc.ca\/secondaire\/wp-content\/uploads\/sites\/4\/2026\/04\/BMD3-768x512.jpg 768w, https:\/\/www.brebeuf.qc.ca\/secondaire\/wp-content\/uploads\/sites\/4\/2026\/04\/BMD3-1536x1024.jpg 1536w, https:\/\/www.brebeuf.qc.ca\/secondaire\/wp-content\/uploads\/sites\/4\/2026\/04\/BMD3-2048x1365.jpg 2048w\" sizes=\"(max-width: 1024px) 100vw, 1024px\" \/><\/a><figcaption class=\"blocks-gallery-item__caption\">Benjamin masculin D3<\/figcaption><\/figure><\/li><li class=\"blocks-gallery-item\"><figure><a href=\"https:\/\/www.brebeuf.qc.ca\/secondaire\/wp-content\/uploads\/sites\/4\/2026\/04\/CMD3D4-1024x683.jpg\" data-rel=\"lightbox-image-2\" data-rl_title=\"\" data-rl_caption=\"\" title=\"\"><img loading=\"lazy\" width=\"1024\" height=\"683\" src=\"https:\/\/www.brebeuf.qc.ca\/secondaire\/wp-content\/uploads\/sites\/4\/2026\/04\/CMD3D4-1024x683.jpg\" alt=\"\" data-id=\"5312\" data-link=\"https:\/\/www.brebeuf.qc.ca\/secondaire\/sports-garcons\/volley-ball-elite\/cmd3d4\/\" class=\"wp-image-5312\" srcset=\"https:\/\/www.brebeuf.qc.ca\/secondaire\/wp-content\/uploads\/sites\/4\/2026\/04\/CMD3D4-1024x683.jpg 1024w, https:\/\/www.brebeuf.qc.ca\/secondaire\/wp-content\/uploads\/sites\/4\/2026\/04\/CMD3D4-300x200.jpg 300w, https:\/\/www.brebeuf.qc.ca\/secondaire\/wp-content\/uploads\/sites\/4\/2026\/04\/CMD3D4-768x512.jpg 768w, https:\/\/www.brebeuf.qc.ca\/secondaire\/wp-content\/uploads\/sites\/4\/2026\/04\/CMD3D4-1536x1024.jpg 1536w, https:\/\/www.brebeuf.qc.ca\/secondaire\/wp-content\/uploads\/sites\/4\/2026\/04\/CMD3D4-2048x1365.jpg 2048w\" sizes=\"(max-width: 1024px) 100vw, 1024px\" \/><\/a><\/figure><\/li><li class=\"blocks-gallery-item\"><figure><a href=\"https:\/\/www.brebeuf.qc.ca\/secondaire\/wp-content\/uploads\/sites\/4\/2026\/04\/CM-D3D4-scaled.jpg\" data-rel=\"lightbox-image-3\" data-rl_title=\"\" data-rl_caption=\"\" title=\"\"><img loading=\"lazy\" width=\"1024\" height=\"683\" src=\"https:\/\/www.brebeuf.qc.ca\/secondaire\/wp-content\/uploads\/sites\/4\/2026\/04\/CM-D3D4-1024x683.jpg\" alt=\"\" data-id=\"5313\" data-full-url=\"https:\/\/www.brebeuf.qc.ca\/secondaire\/wp-content\/uploads\/sites\/4\/2026\/04\/CM-D3D4-scaled.jpg\" data-link=\"https:\/\/www.brebeuf.qc.ca\/secondaire\/sports-garcons\/volley-ball-elite\/cm-d3d4\/\" class=\"wp-image-5313\" srcset=\"https:\/\/www.brebeuf.qc.ca\/secondaire\/wp-content\/uploads\/sites\/4\/2026\/04\/CM-D3D4-1024x683.jpg 1024w, https:\/\/www.brebeuf.qc.ca\/secondaire\/wp-content\/uploads\/sites\/4\/2026\/04\/CM-D3D4-300x200.jpg 300w, https:\/\/www.brebeuf.qc.ca\/secondaire\/wp-content\/uploads\/sites\/4\/2026\/04\/CM-D3D4-768x512.jpg 768w, https:\/\/www.brebeuf.qc.ca\/secondaire\/wp-content\/uploads\/sites\/4\/2026\/04\/CM-D3D4-1536x1024.jpg 1536w, https:\/\/www.brebeuf.qc.ca\/secondaire\/wp-content\/uploads\/sites\/4\/2026\/04\/CM-D3D4-2048x1365.jpg 2048w\" sizes=\"(max-width: 1024px) 100vw, 1024px\" \/><\/a><figcaption class=\"blocks-gallery-item__caption\">Cadet masculin D3 et D4<\/figcaption><\/figure><\/li><\/ul><\/figure>\n\n\n<h2 style=\"text-align: left\"><span id=\"Programme_elite_de_volleyball\">Programme \u00e9lite de volleyball<\/span><\/h2>\n<p><strong>La tradition d&rsquo;excellence en volleyball<\/strong> au Coll\u00e8ge Br\u00e9beuf remonte <strong>\u00e0 plus de 60 ans!<\/strong><\/p>\n<p>Un programme des divisions 3 et 2 existe de la 1re secondaire jusqu&rsquo;au coll\u00e9gial.<\/p>\n<p><strong>La liste des \u00e9quipes :<\/strong><\/p>\n<ul>\n<li>Atome f\u00e9minin et masculin en 1re secondaire<\/li>\n<li>Benjamin f\u00e9minin et masculin en 2e secondaire<\/li>\n<li>Cadet f\u00e9minin et masculin en 3e et 4e secondaire<\/li>\n<li>Juv\u00e9nile f\u00e9minin et masculin en 5e secondaire<\/li>\n<\/ul>\n<p>L&rsquo;int\u00e9gration des \u00e9quipes de volleyball au coll\u00e9gial se fait en division 2.<\/p>\n<p>Chaque ann\u00e9e, des joueurs de Br\u00e9beuf sont s\u00e9lectionn\u00e9s au sein de l&rsquo;\u00e9quipe espoir du Qu\u00e9bec et parfois m\u00eame, du Canada. Des jeunes de notre programme obtiennent r\u00e9guli\u00e8rement des succ\u00e8s au niveau provincial.<\/p>\n<h2 style=\"text-align: left\"><span id=\"Un_programme_sportif_drsquoexcellence\">Un programme sportif d&rsquo;excellence<\/span><\/h2>\n<p>Un programme sportif d&rsquo;envergure favorise le meilleur d\u00e9veloppement de nos \u00e9l\u00e8ves athl\u00e8tes.<\/p>\n<p><strong>La saison se d\u00e9roule de septembre \u00e0 avril<\/strong>, avec des horaires adapt\u00e9s aux exigences scolaires :<\/p>\n<ul>\n<li>4 \u00e0 5 heures d&rsquo;entra\u00eenement par semaine, apr\u00e8s les heures de cours<\/li>\n<li>Une p\u00e9riode de pr\u00e9paration physique par semaine<\/li>\n<li>Participation \u00e0 la ligue scolaire RSEQ en division 3 et 2<\/li>\n<li>Participation \u00e0 quelques tournois entre octobre et avril<\/li>\n<li>Des tournois et des activit\u00e9s conjointes avec toutes les \u00e9quipes du programme de volley du coll\u00e8ge<\/li>\n<\/ul>\n<p>Notre \u00e9quipe est compos\u00e9e d&rsquo;entra\u00eeneurs qualifi\u00e9s et exp\u00e9riment\u00e9s : des \u00e9ducateurs physiques, un pr\u00e9parateur physique, d&rsquo;anciens joueurs de niveau universitaire et coll\u00e9gial, ainsi que des anciens du coll\u00e8ge.<\/p>\n<p>Nos entra\u00eeneurs ont tous v\u00e9cu la comp\u00e9tition de haut niveau et connaissent bien la tradition d&rsquo;excellence du Coll\u00e8ge Br\u00e9beuf.<\/p>\n<p>Une \u00e9troite collaboration avec le club civil celtique de Montr\u00e9al ainsi que les Carabins de l&rsquo;Universit\u00e9 de Montr\u00e9al contribue \u00e0 hausser le d\u00e9veloppement de nos \u00e9l\u00e8ves athl\u00e8tes au niveau \u00e9lite.<\/p>\n<hr>\n<p style=\"text-align: left\">Pour davantage d\u2019informations, veuillez contacter<\/p>\n<ul style=\"text-align: left\">\n<li style=\"text-align: justify\">M. Simon Beauregard<\/li>\n<li style=\"text-align: justify\">responsable du programme de volleyball<\/li>\n<li style=\"text-align: justify\"><strong>T\u00e9l. : 514 342-9342, <\/strong>poste <strong>5617<\/strong><\/li>\n<li><a href=\"mailto:simon.beauregard@brebeuf.qc.ca\" target=\"_blank\" rel=\"noopener noreferrer\" data-auth=\"NotApplicable\">simon.beauregard@brebeuf.qc.ca<\/a><\/li>\n<\/ul>\n<hr>\n<h2 style=\"text-align: left\"><span id=\"Horaire_et_resultats\">Horaire et r\u00e9sultats<\/span><\/h2>\n<p><a href=\"https:\/\/www.rseqmontreal.com\/fr\/secteur-secondaire\/volleyball\/\">Pour suivre la ligue scolaire RSEQ-Montr\u00e9al<\/a><\/p>\n\n\n<figure class=\"wp-block-gallery columns-4 is-cropped\"><ul class=\"blocks-gallery-grid\"><li class=\"blocks-gallery-item\"><figure><a href=\"https:\/\/www.brebeuf.qc.ca\/secondaire\/wp-content\/uploads\/sites\/4\/2021\/12\/volleyball_garcons.jpg\" data-rel=\"lightbox-image-4\" data-rl_title=\"\" data-rl_caption=\"\" title=\"\"><img loading=\"lazy\" width=\"775\" height=\"800\" src=\"https:\/\/www.brebeuf.qc.ca\/secondaire\/wp-content\/uploads\/sites\/4\/2021\/12\/volleyball_garcons.jpg\" alt=\"\" data-id=\"3084\" data-link=\"https:\/\/www.brebeuf.qc.ca\/secondaire\/sports-garcons\/volley-ball-elite\/photographe-10\/\" class=\"wp-image-3084\"\/><\/a><\/figure><\/li><li class=\"blocks-gallery-item\"><figure><a href=\"https:\/\/www.brebeuf.qc.ca\/secondaire\/wp-content\/uploads\/sites\/4\/2021\/12\/volleyball_garcons_2.jpg\" data-rel=\"lightbox-image-5\" data-rl_title=\"\" data-rl_caption=\"\" title=\"\"><img loading=\"lazy\" width=\"1000\" height=\"743\" src=\"https:\/\/www.brebeuf.qc.ca\/secondaire\/wp-content\/uploads\/sites\/4\/2021\/12\/volleyball_garcons_2.jpg\" alt=\"\" data-id=\"3085\" data-link=\"https:\/\/www.brebeuf.qc.ca\/secondaire\/sports-garcons\/volley-ball-elite\/photographe-11\/\" class=\"wp-image-3085\"\/><\/a><\/figure><\/li><li class=\"blocks-gallery-item\"><figure><a href=\"https:\/\/www.brebeuf.qc.ca\/secondaire\/wp-content\/uploads\/sites\/4\/2021\/12\/volleyball_garcons_3.jpg\" data-rel=\"lightbox-image-6\" data-rl_title=\"\" data-rl_caption=\"\" title=\"\"><img loading=\"lazy\" width=\"1000\" height=\"743\" src=\"https:\/\/www.brebeuf.qc.ca\/secondaire\/wp-content\/uploads\/sites\/4\/2021\/12\/volleyball_garcons_3.jpg\" alt=\"\" data-id=\"3086\" data-link=\"https:\/\/www.brebeuf.qc.ca\/secondaire\/sports-garcons\/volley-ball-elite\/photographe-12\/\" class=\"wp-image-3086\"\/><\/a><\/figure><\/li><li class=\"blocks-gallery-item\"><figure><a href=\"https:\/\/www.brebeuf.qc.ca\/secondaire\/wp-content\/uploads\/sites\/4\/2021\/12\/volleyball_garcons_4.jpg\" data-rel=\"lightbox-image-7\" data-rl_title=\"\" data-rl_caption=\"\" title=\"\"><img loading=\"lazy\" width=\"533\" height=\"800\" src=\"https:\/\/www.brebeuf.qc.ca\/secondaire\/wp-content\/uploads\/sites\/4\/2021\/12\/volleyball_garcons_4.jpg\" alt=\"\" data-id=\"3087\" data-link=\"https:\/\/www.brebeuf.qc.ca\/secondaire\/sports-garcons\/volley-ball-elite\/photographe-13\/\" class=\"wp-image-3087\"\/><\/a><\/figure><\/li><li class=\"blocks-gallery-item\"><figure><a href=\"https:\/\/www.brebeuf.qc.ca\/secondaire\/wp-content\/uploads\/sites\/4\/2021\/12\/volleyball_garcons_5.jpg\" data-rel=\"lightbox-image-8\" data-rl_title=\"\" data-rl_caption=\"\" title=\"\"><img loading=\"lazy\" width=\"582\" height=\"800\" src=\"https:\/\/www.brebeuf.qc.ca\/secondaire\/wp-content\/uploads\/sites\/4\/2021\/12\/volleyball_garcons_5.jpg\" alt=\"\" data-id=\"3088\" data-link=\"https:\/\/www.brebeuf.qc.ca\/secondaire\/sports-garcons\/volley-ball-elite\/photographe-14\/\" class=\"wp-image-3088\"\/><\/a><\/figure><\/li><li class=\"blocks-gallery-item\"><figure><a href=\"https:\/\/www.brebeuf.qc.ca\/secondaire\/wp-content\/uploads\/sites\/4\/2021\/12\/volleyball_garcons_6.jpg\" data-rel=\"lightbox-image-9\" data-rl_title=\"\" data-rl_caption=\"\" title=\"\"><img loading=\"lazy\" width=\"533\" height=\"800\" src=\"https:\/\/www.brebeuf.qc.ca\/secondaire\/wp-content\/uploads\/sites\/4\/2021\/12\/volleyball_garcons_6.jpg\" alt=\"\" data-id=\"3089\" data-link=\"https:\/\/www.brebeuf.qc.ca\/secondaire\/sports-garcons\/volley-ball-elite\/photographe-15\/\" class=\"wp-image-3089\"\/><\/a><\/figure><\/li><li class=\"blocks-gallery-item\"><figure><a href=\"https:\/\/www.brebeuf.qc.ca\/secondaire\/wp-content\/uploads\/sites\/4\/2021\/12\/volleyball_garcons_7.jpg\" data-rel=\"lightbox-image-10\" data-rl_title=\"\" data-rl_caption=\"\" title=\"\"><img loading=\"lazy\" width=\"533\" height=\"800\" src=\"https:\/\/www.brebeuf.qc.ca\/secondaire\/wp-content\/uploads\/sites\/4\/2021\/12\/volleyball_garcons_7.jpg\" alt=\"\" data-id=\"3090\" data-link=\"https:\/\/www.brebeuf.qc.ca\/secondaire\/sports-garcons\/volley-ball-elite\/photographe-16\/\" class=\"wp-image-3090\"\/><\/a><\/figure><\/li><li class=\"blocks-gallery-item\"><figure><a href=\"https:\/\/www.brebeuf.qc.ca\/secondaire\/wp-content\/uploads\/sites\/4\/2021\/12\/volleyball_garcons_8.jpg\" data-rel=\"lightbox-image-11\" data-rl_title=\"\" data-rl_caption=\"\" title=\"\"><img loading=\"lazy\" width=\"533\" height=\"800\" src=\"https:\/\/www.brebeuf.qc.ca\/secondaire\/wp-content\/uploads\/sites\/4\/2021\/12\/volleyball_garcons_8.jpg\" alt=\"\" data-id=\"3091\" data-link=\"https:\/\/www.brebeuf.qc.ca\/secondaire\/sports-garcons\/volley-ball-elite\/photographe-17\/\" class=\"wp-image-3091\"\/><\/a><\/figure><\/li><li class=\"blocks-gallery-item\"><figure><a href=\"https:\/\/www.brebeuf.qc.ca\/secondaire\/wp-content\/uploads\/sites\/4\/2021\/12\/volleyball_garcons_9.jpg\" data-rel=\"lightbox-image-12\" data-rl_title=\"\" data-rl_caption=\"\" title=\"\"><img loading=\"lazy\" width=\"533\" height=\"800\" src=\"https:\/\/www.brebeuf.qc.ca\/secondaire\/wp-content\/uploads\/sites\/4\/2021\/12\/volleyball_garcons_9.jpg\" alt=\"\" data-id=\"3092\" data-link=\"https:\/\/www.brebeuf.qc.ca\/secondaire\/sports-garcons\/volley-ball-elite\/photographe-18\/\" class=\"wp-image-3092\"\/><\/a><\/figure><\/li><li class=\"blocks-gallery-item\"><figure><a href=\"https:\/\/www.brebeuf.qc.ca\/secondaire\/wp-content\/uploads\/sites\/4\/2021\/12\/volleyball_garcons_10.jpg\" data-rel=\"lightbox-image-13\" data-rl_title=\"\" data-rl_caption=\"\" title=\"\"><img loading=\"lazy\" width=\"974\" height=\"800\" src=\"https:\/\/www.brebeuf.qc.ca\/secondaire\/wp-content\/uploads\/sites\/4\/2021\/12\/volleyball_garcons_10.jpg\" alt=\"\" data-id=\"3093\" data-link=\"https:\/\/www.brebeuf.qc.ca\/secondaire\/sports-garcons\/volley-ball-elite\/photographe-19\/\" class=\"wp-image-3093\"\/><\/a><\/figure><\/li><li class=\"blocks-gallery-item\"><figure><a href=\"https:\/\/www.brebeuf.qc.ca\/secondaire\/wp-content\/uploads\/sites\/4\/2021\/12\/volleyball_garcons_11.jpg\" data-rel=\"lightbox-image-14\" data-rl_title=\"\" data-rl_caption=\"\" title=\"\"><img loading=\"lazy\" width=\"533\" height=\"800\" src=\"https:\/\/www.brebeuf.qc.ca\/secondaire\/wp-content\/uploads\/sites\/4\/2021\/12\/volleyball_garcons_11.jpg\" alt=\"\" data-id=\"3094\" data-link=\"https:\/\/www.brebeuf.qc.ca\/secondaire\/sports-garcons\/volley-ball-elite\/photographe-20\/\" class=\"wp-image-3094\"\/><\/a><\/figure><\/li><li class=\"blocks-gallery-item\"><figure><a href=\"https:\/\/www.brebeuf.qc.ca\/secondaire\/wp-content\/uploads\/sites\/4\/2021\/12\/volleyball_garcons_12.jpg\" data-rel=\"lightbox-image-15\" data-rl_title=\"\" data-rl_caption=\"\" title=\"\"><img loading=\"lazy\" width=\"533\" height=\"800\" src=\"https:\/\/www.brebeuf.qc.ca\/secondaire\/wp-content\/uploads\/sites\/4\/2021\/12\/volleyball_garcons_12.jpg\" alt=\"\" data-id=\"3095\" data-link=\"https:\/\/www.brebeuf.qc.ca\/secondaire\/sports-garcons\/volley-ball-elite\/photographe-21\/\" class=\"wp-image-3095\"\/><\/a><\/figure><\/li><li class=\"blocks-gallery-item\"><figure><a href=\"https:\/\/www.brebeuf.qc.ca\/secondaire\/wp-content\/uploads\/sites\/4\/2021\/12\/volleyball_garcons_13.jpg\" data-rel=\"lightbox-image-16\" data-rl_title=\"\" data-rl_caption=\"\" title=\"\"><img loading=\"lazy\" width=\"533\" height=\"800\" src=\"https:\/\/www.brebeuf.qc.ca\/secondaire\/wp-content\/uploads\/sites\/4\/2021\/12\/volleyball_garcons_13.jpg\" alt=\"\" data-id=\"3096\" data-link=\"https:\/\/www.brebeuf.qc.ca\/secondaire\/sports-garcons\/volley-ball-elite\/photographe-22\/\" class=\"wp-image-3096\"\/><\/a><\/figure><\/li><li class=\"blocks-gallery-item\"><figure><a href=\"https:\/\/www.brebeuf.qc.ca\/secondaire\/wp-content\/uploads\/sites\/4\/2021\/12\/volleyball_garcons_14.jpg\" data-rel=\"lightbox-image-17\" data-rl_title=\"\" data-rl_caption=\"\" title=\"\"><img loading=\"lazy\" width=\"533\" height=\"800\" src=\"https:\/\/www.brebeuf.qc.ca\/secondaire\/wp-content\/uploads\/sites\/4\/2021\/12\/volleyball_garcons_14.jpg\" alt=\"\" data-id=\"3097\" data-link=\"https:\/\/www.brebeuf.qc.ca\/secondaire\/sports-garcons\/volley-ball-elite\/photographe-23\/\" class=\"wp-image-3097\"\/><\/a><\/figure><\/li><li class=\"blocks-gallery-item\"><figure><a href=\"https:\/\/www.brebeuf.qc.ca\/secondaire\/wp-content\/uploads\/sites\/4\/2021\/12\/volleyball_garcons_15.jpg\" data-rel=\"lightbox-image-18\" data-rl_title=\"\" data-rl_caption=\"\" title=\"\"><img loading=\"lazy\" width=\"533\" height=\"800\" src=\"https:\/\/www.brebeuf.qc.ca\/secondaire\/wp-content\/uploads\/sites\/4\/2021\/12\/volleyball_garcons_15.jpg\" alt=\"\" data-id=\"3098\" data-link=\"https:\/\/www.brebeuf.qc.ca\/secondaire\/sports-garcons\/volley-ball-elite\/photographe-24\/\" class=\"wp-image-3098\"\/><\/a><\/figure><\/li><li class=\"blocks-gallery-item\"><figure><a href=\"https:\/\/www.brebeuf.qc.ca\/secondaire\/wp-content\/uploads\/sites\/4\/2021\/12\/volleyball_garcons_16.jpg\" data-rel=\"lightbox-image-19\" data-rl_title=\"\" data-rl_caption=\"\" title=\"\"><img loading=\"lazy\" width=\"533\" height=\"800\" src=\"https:\/\/www.brebeuf.qc.ca\/secondaire\/wp-content\/uploads\/sites\/4\/2021\/12\/volleyball_garcons_16.jpg\" alt=\"\" data-id=\"3099\" data-link=\"https:\/\/www.brebeuf.qc.ca\/secondaire\/sports-garcons\/volley-ball-elite\/photographe-25\/\" class=\"wp-image-3099\"\/><\/a><\/figure><\/li><li class=\"blocks-gallery-item\"><figure><a href=\"https:\/\/www.brebeuf.qc.ca\/secondaire\/wp-content\/uploads\/sites\/4\/2021\/12\/volleyball_garcons_17.jpg\" data-rel=\"lightbox-image-20\" data-rl_title=\"\" data-rl_caption=\"\" title=\"\"><img loading=\"lazy\" width=\"533\" height=\"800\" src=\"https:\/\/www.brebeuf.qc.ca\/secondaire\/wp-content\/uploads\/sites\/4\/2021\/12\/volleyball_garcons_17.jpg\" alt=\"\" data-id=\"3100\" data-link=\"https:\/\/www.brebeuf.qc.ca\/secondaire\/sports-garcons\/volley-ball-elite\/photographe-26\/\" class=\"wp-image-3100\"\/><\/a><\/figure><\/li><li class=\"blocks-gallery-item\"><figure><a href=\"https:\/\/www.brebeuf.qc.ca\/secondaire\/wp-content\/uploads\/sites\/4\/2021\/12\/volleyball_garcons_18.jpg\" data-rel=\"lightbox-image-21\" data-rl_title=\"\" data-rl_caption=\"\" title=\"\"><img loading=\"lazy\" width=\"533\" height=\"800\" src=\"https:\/\/www.brebeuf.qc.ca\/secondaire\/wp-content\/uploads\/sites\/4\/2021\/12\/volleyball_garcons_18.jpg\" alt=\"\" data-id=\"3101\" data-link=\"https:\/\/www.brebeuf.qc.ca\/secondaire\/sports-garcons\/volley-ball-elite\/photographe-27\/\" class=\"wp-image-3101\"\/><\/a><\/figure><\/li><\/ul><\/figure>\n\n\n\n<p><\/p>\n<div id=\"toc_container\" class=\"no_bullets\"><p class=\"toc_title\">Sommaire<\/p><ul class=\"toc_list\"><li><a href=\"#Les_equipes_2025-2026\">Les \u00e9quipes 2025-2026<\/a><\/li><li><a href=\"#Programme_elite_de_volleyball\">Programme \u00e9lite de volleyball<\/a><\/li><li><a href=\"#Un_programme_sportif_drsquoexcellence\">Un programme sportif d&rsquo;excellence<\/a><\/li><li><a href=\"#Horaire_et_resultats\">Horaire et r\u00e9sultats<\/a><\/li><\/ul><\/div>\n","protected":false},"excerpt":{"rendered":"<p>Les \u00e9quipes 2025-2026 Programme \u00e9lite de volleyball La tradition d&rsquo;excellence en volleyball au Coll\u00e8ge Br\u00e9beuf remonte \u00e0 plus de 60 ans! Un programme des divisions 3 et 2 existe de la 1re secondaire jusqu&rsquo;au coll\u00e9gial. La liste des \u00e9quipes :&#8230;<\/p>\n","protected":false},"author":3,"featured_media":3516,"parent":64,"menu_order":0,"comment_status":"open","ping_status":"closed","template":"templates\/template-personnalisable.php","meta":{"_editorskit_title_hidden":false,"_editorskit_reading_time":1,"_editorskit_typography_data":[],"_editorskit_blocks_typography":""},"yoast_head":"<!-- This site is optimized with the Yoast SEO plugin v16.3 - https:\/\/yoast.com\/wordpress\/plugins\/seo\/ -->\n<title>Volleyball \u00e9lite gar\u00e7ons - Secondaire<\/title>\n<meta name=\"robots\" content=\"index, follow, max-snippet:-1, max-image-preview:large, max-video-preview:-1\" \/>\n<link rel=\"canonical\" href=\"https:\/\/www.brebeuf.qc.ca\/secondaire\/sports-garcons\/volley-ball-elite\/\" \/>\n<meta property=\"og:locale\" content=\"fr_FR\" \/>\n<meta property=\"og:type\" content=\"article\" \/>\n<meta property=\"og:title\" content=\"Volleyball \u00e9lite gar\u00e7ons - Secondaire\" \/>\n<meta property=\"og:description\" content=\"Les \u00e9quipes 2025-2026 Programme \u00e9lite de volleyball La tradition d&rsquo;excellence en volleyball au Coll\u00e8ge Br\u00e9beuf remonte \u00e0 plus de 60 ans! Un programme des divisions 3 et 2 existe de la 1re secondaire jusqu&rsquo;au coll\u00e9gial. La liste des \u00e9quipes :...\" \/>\n<meta property=\"og:url\" content=\"https:\/\/www.brebeuf.qc.ca\/secondaire\/sports-garcons\/volley-ball-elite\/\" \/>\n<meta property=\"og:site_name\" content=\"Secondaire\" \/>\n<meta property=\"article:modified_time\" content=\"2026-04-24T17:34:21+00:00\" \/>\n<meta property=\"og:image\" content=\"https:\/\/www.brebeuf.qc.ca\/secondaire\/wp-content\/uploads\/sites\/4\/2022\/08\/sport_volleyball_elite_garcons.jpg\" \/>\n\t<meta property=\"og:image:width\" content=\"1400\" \/>\n\t<meta property=\"og:image:height\" content=\"240\" \/>\n<meta name=\"twitter:label1\" content=\"Dur\u00e9e de lecture est.\">\n\t<meta name=\"twitter:data1\" content=\"6 minutes\">\n<script type=\"application\/ld+json\" class=\"yoast-schema-graph\">{\"@context\":\"https:\/\/schema.org\",\"@graph\":[{\"@type\":\"WebSite\",\"@id\":\"https:\/\/www.brebeuf.qc.ca\/secondaire\/#website\",\"url\":\"https:\/\/www.brebeuf.qc.ca\/secondaire\/\",\"name\":\"Secondaire\",\"description\":\"Coll\\u00e8ge priv\\u00e9 | Secondaire | Coll\\u00e9gial\",\"potentialAction\":[{\"@type\":\"SearchAction\",\"target\":\"https:\/\/www.brebeuf.qc.ca\/secondaire\/?s={search_term_string}\",\"query-input\":\"required name=search_term_string\"}],\"inLanguage\":\"fr-FR\"},{\"@type\":\"ImageObject\",\"@id\":\"https:\/\/www.brebeuf.qc.ca\/secondaire\/sports-garcons\/volley-ball-elite\/#primaryimage\",\"inLanguage\":\"fr-FR\",\"url\":\"https:\/\/www.brebeuf.qc.ca\/secondaire\/wp-content\/uploads\/sites\/4\/2022\/08\/sport_volleyball_elite_garcons.jpg\",\"contentUrl\":\"https:\/\/www.brebeuf.qc.ca\/secondaire\/wp-content\/uploads\/sites\/4\/2022\/08\/sport_volleyball_elite_garcons.jpg\",\"width\":1400,\"height\":240},{\"@type\":\"WebPage\",\"@id\":\"https:\/\/www.brebeuf.qc.ca\/secondaire\/sports-garcons\/volley-ball-elite\/#webpage\",\"url\":\"https:\/\/www.brebeuf.qc.ca\/secondaire\/sports-garcons\/volley-ball-elite\/\",\"name\":\"Volleyball \\u00e9lite gar\\u00e7ons - Secondaire\",\"isPartOf\":{\"@id\":\"https:\/\/www.brebeuf.qc.ca\/secondaire\/#website\"},\"primaryImageOfPage\":{\"@id\":\"https:\/\/www.brebeuf.qc.ca\/secondaire\/sports-garcons\/volley-ball-elite\/#primaryimage\"},\"datePublished\":\"2014-09-12T14:57:42+00:00\",\"dateModified\":\"2026-04-24T17:34:21+00:00\",\"breadcrumb\":{\"@id\":\"https:\/\/www.brebeuf.qc.ca\/secondaire\/sports-garcons\/volley-ball-elite\/#breadcrumb\"},\"inLanguage\":\"fr-FR\",\"potentialAction\":[{\"@type\":\"ReadAction\",\"target\":[\"https:\/\/www.brebeuf.qc.ca\/secondaire\/sports-garcons\/volley-ball-elite\/\"]}]},{\"@type\":\"BreadcrumbList\",\"@id\":\"https:\/\/www.brebeuf.qc.ca\/secondaire\/sports-garcons\/volley-ball-elite\/#breadcrumb\",\"itemListElement\":[{\"@type\":\"ListItem\",\"position\":1,\"item\":{\"@type\":\"WebPage\",\"@id\":\"https:\/\/www.brebeuf.qc.ca\/secondaire\/\",\"url\":\"https:\/\/www.brebeuf.qc.ca\/secondaire\/\",\"name\":\"Home\"}},{\"@type\":\"ListItem\",\"position\":2,\"item\":{\"@type\":\"WebPage\",\"@id\":\"https:\/\/www.brebeuf.qc.ca\/secondaire\/sports-garcons\/\",\"url\":\"https:\/\/www.brebeuf.qc.ca\/secondaire\/sports-garcons\/\",\"name\":\"Sports gar\\u00e7ons\"}},{\"@type\":\"ListItem\",\"position\":3,\"item\":{\"@id\":\"https:\/\/www.brebeuf.qc.ca\/secondaire\/sports-garcons\/volley-ball-elite\/#webpage\"}}]}]}<\/script>\n<!-- \/ Yoast SEO plugin. -->","_links":{"self":[{"href":"https:\/\/www.brebeuf.qc.ca\/secondaire\/wp-json\/wp\/v2\/pages\/292"}],"collection":[{"href":"https:\/\/www.brebeuf.qc.ca\/secondaire\/wp-json\/wp\/v2\/pages"}],"about":[{"href":"https:\/\/www.brebeuf.qc.ca\/secondaire\/wp-json\/wp\/v2\/types\/page"}],"author":[{"embeddable":true,"href":"https:\/\/www.brebeuf.qc.ca\/secondaire\/wp-json\/wp\/v2\/users\/3"}],"replies":[{"embeddable":true,"href":"https:\/\/www.brebeuf.qc.ca\/secondaire\/wp-json\/wp\/v2\/comments?post=292"}],"version-history":[{"count":47,"href":"https:\/\/www.brebeuf.qc.ca\/secondaire\/wp-json\/wp\/v2\/pages\/292\/revisions"}],"predecessor-version":[{"id":5316,"href":"https:\/\/www.brebeuf.qc.ca\/secondaire\/wp-json\/wp\/v2\/pages\/292\/revisions\/5316"}],"up":[{"embeddable":true,"href":"https:\/\/www.brebeuf.qc.ca\/secondaire\/wp-json\/wp\/v2\/pages\/64"}],"wp:featuredmedia":[{"embeddable":true,"href":"https:\/\/www.brebeuf.qc.ca\/secondaire\/wp-json\/wp\/v2\/media\/3516"}],"wp:attachment":[{"href":"https:\/\/www.brebeuf.qc.ca\/secondaire\/wp-json\/wp\/v2\/media?parent=292"}],"curies":[{"name":"wp","href":"https:\/\/api.w.org\/{rel}","templated":true}]}}