{"id":288,"date":"2014-09-12T14:52:30","date_gmt":"2014-09-12T14:52:30","guid":{"rendered":"https:\/\/www.brebeuf.qc.ca\/secondaire-garcons\/?page_id=288"},"modified":"2026-03-27T19:22:18","modified_gmt":"2026-03-27T19:22:18","slug":"escrime-elite-mixte","status":"publish","type":"page","link":"https:\/\/www.brebeuf.qc.ca\/secondaire\/escrime-elite-mixte\/","title":{"rendered":"Escrime \u00e9lite mixte"},"content":{"rendered":"\n<h1>Programme d&rsquo;escrime annuel<\/h1>\n\n\n\n<p>Sport \u00e9lite depuis 1984, l\u2019escrime est maintenant un des sports majeurs du coll\u00e8ge Jean-de-Br\u00e9beuf. Regroup\u00e9s sous cinq cat\u00e9gories selon leur \u00e2ge : moustique, benjamin, cadet, junior et s\u00e9nior, nos escrimeurs manient avec brio l\u2019\u00e9p\u00e9e ou le sabre. Le club d\u2019escrime de Br\u00e9beuf se classe ann\u00e9e apr\u00e8s ann\u00e9e parmi les meilleurs clubs de la F\u00e9d\u00e9ration d\u2019escrime du Qu\u00e9bec et de la F\u00e9d\u00e9ration d\u2019escrime canadienne.<\/p>\n\n\n\n<p>Le plaisir \u00e0 travers l\u2019entrainement et la comp\u00e9tition est caract\u00e9ristique du d\u00e9veloppement des \u00e9tudiants-athl\u00e8tes moustiques et benjamins. L\u2019emphase est mise sur l\u2019ex\u00e9cution d\u2019une belle touche, \u00e0 travers la compr\u00e9hension des positions de base dans des conditions enti\u00e8rement s\u00e9curitaires.<\/p>\n\n\n\n<p>L\u2019escrimeur cadet et junior est expos\u00e9 \u00e0 diverses situations d\u2019entrainement plus complexes. C\u2019est \u00e0 travers la r\u00e9p\u00e9tition que l\u2019\u00e9tudiant-athl\u00e8te d\u00e9veloppe la pr\u00e9cision et la coordination. Sa compr\u00e9hension du sport lui permet de d\u00e9couvrir et participer \u00e0 des comp\u00e9titions de niveau plus \u00e9lev\u00e9, telles que les Coupes Canada de la F\u00e9d\u00e9ration canadienne d\u2019escrime, les Coupes Nord-Am\u00e9ricaines de US Fencing, et les Coupes du monde de la F\u00e9d\u00e9ration internationale d\u2019escrime, sur s\u00e9lection.<\/p>\n\n\n\n<figure class=\"wp-block-gallery aligncenter columns-0 is-cropped\"><ul class=\"blocks-gallery-grid\"><li class=\"blocks-gallery-item\"><figure><a href=\"https:\/\/www.brebeuf.qc.ca\/secondaire\/wp-content\/uploads\/sites\/4\/2025\/04\/escrime.png\" data-rel=\"lightbox-image-0\" data-rl_title=\"\" data-rl_caption=\"\" title=\"\"><img loading=\"lazy\" width=\"1200\" height=\"512\" src=\"https:\/\/www.brebeuf.qc.ca\/secondaire\/wp-content\/uploads\/sites\/4\/2025\/04\/escrime.png\" alt=\"\" data-id=\"4800\" data-link=\"https:\/\/www.brebeuf.qc.ca\/secondaire\/sports-garcons\/escrime-elite\/escrime-4\/\" class=\"wp-image-4800\"\/><\/a><\/figure><\/li><\/ul><\/figure>\n\n\n\n<hr class=\"wp-block-separator\"\/>\n\n\n\n<div class=\"wp-block-buttons\">\n<div class=\"wp-block-button\"><a class=\"wp-block-button__link\" href=\"https:\/\/www.brebeuf.qc.ca\/camp-dete-descrime-2026\/\"><strong><span style=\"text-decoration: underline;\" class=\"ek-underline\">Camp d&rsquo;\u00e9t\u00e9 d&rsquo;escrime 2026<\/span><\/strong><\/a><\/div>\n<\/div>\n\n\n\n<hr class=\"wp-block-separator\"\/>\n\n\n\n<h2><span id=\"Entraineurs\">Entra\u00eeneurs<\/span><\/h2>\n\n\n\n<figure class=\"wp-block-image size-large is-resized\"><a href=\"https:\/\/www.brebeuf.qc.ca\/secondaire\/wp-content\/uploads\/sites\/4\/2024\/04\/Creation-sans-titre.png\" data-rel=\"lightbox-image-1\" data-rl_title=\"\" data-rl_caption=\"\" title=\"\"><img loading=\"lazy\" src=\"https:\/\/www.brebeuf.qc.ca\/secondaire\/wp-content\/uploads\/sites\/4\/2024\/04\/Creation-sans-titre.png\" alt=\"\" class=\"wp-image-4196\" width=\"125\" height=\"125\"\/><\/a><\/figure>\n\n\n\n<p><strong>Arthur Zatko<\/strong><\/p>\n\n\n\n<ul><li><a href=\"mailto:arthur.zatko@brebeuf.qc.ca\">arthur.zatko@brebeuf.qc.ca<\/a><\/li><li>Entra\u00eeneur Olympique Paris 2024<\/li><li>Entra\u00eeneur national de sabre depuis 2021<\/li><li>Entra\u00eeneur provincial de sabre depuis 2018<\/li><\/ul>\n\n\n\n<figure class=\"wp-block-image size-large is-resized\"><a href=\"https:\/\/www.brebeuf.qc.ca\/secondaire\/wp-content\/uploads\/sites\/4\/2015\/09\/Iulian-Badea.jpg\" data-rel=\"lightbox-image-2\" data-rl_title=\"\" data-rl_caption=\"\" title=\"\"><img loading=\"lazy\" src=\"https:\/\/www.brebeuf.qc.ca\/secondaire\/wp-content\/uploads\/sites\/4\/2015\/09\/Iulian-Badea.jpg\" alt=\"\" class=\"wp-image-764\" width=\"126\" height=\"126\"\/><\/a><\/figure>\n\n\n\n<p><strong>Iulian Badea<\/strong><\/p>\n\n\n\n<ul><li>Entraineur adjoint d\u2019\u00e9p\u00e9e \u00e0 Br\u00e9beuf depuis 2003-2004<\/li><li>Maitre d\u2019\u00e9p\u00e9e conna\u00eet beaucoup de succ\u00e8s international<\/li><li>A \u00e9t\u00e9 l\u2019entraineur de l\u2019\u00e9quipe handisport aux Championnats du Monde \u00e0 Paris en 2010<\/li><\/ul>\n\n\n\n<figure class=\"wp-block-image size-large is-resized\"><a href=\"https:\/\/www.brebeuf.qc.ca\/secondaire\/wp-content\/uploads\/sites\/4\/2024\/04\/borislav-iordanov.png\" data-rel=\"lightbox-image-3\" data-rl_title=\"\" data-rl_caption=\"\" title=\"\"><img loading=\"lazy\" src=\"https:\/\/www.brebeuf.qc.ca\/secondaire\/wp-content\/uploads\/sites\/4\/2024\/04\/borislav-iordanov.png\" alt=\"\" class=\"wp-image-4201\" width=\"132\" height=\"132\"\/><\/a><\/figure>\n\n\n\n<p><strong>Borislav Iordanov<\/strong><\/p>\n\n\n\n<ul><li>Entra\u00eeneur adjoint en sabre depuis 2023<\/li><li>&nbsp;Entra\u00eeneur des benjamin(e)s\/cadet(te)s et en charge du d\u00e9veloppement&nbsp;<\/li><\/ul>\n\n\n\n<p><strong>Abtin Abbasi<\/strong><\/p>\n\n\n\n<ul><li>Entra\u00eeneur adjoint de sabre depuis 2023<\/li><li>Entra\u00eeneur en charge des benjamin(e)s<\/li><\/ul>\n\n\n\n<hr class=\"wp-block-separator\"\/>\n\n\n\n<h2><span id=\"Plus_drsquoinformations\">Plus d&rsquo;informations<\/span><\/h2>\n\n\n\n<ul><li><strong>Tobi Gauthier Beaudoin<\/strong>&nbsp;: Responsable de l\u2019escrime au secondaire<\/li><li><a href=\"mailto:Tobi.gauthier-beaudoin@brebeuf.qc.ca\">Tobi.gauthier-beaudoin@brebeuf.qc.ca<\/a><\/li><li>T\u00e9l : 514-342-9342, poste 5883<\/li><\/ul>\n\n\n\n<ul><li><strong>Arthur Zatko :<\/strong> Responsable du programme escrime \u00e9lite depuis 2023<\/li><li><a href=\"mailto:arthur.zatko@brebeuf.qc.ca\" class=\"ek-link\">arthur.zatko@brebeuf.qc.ca<\/a><\/li><\/ul>\n\n\n\n<figure class=\"wp-block-gallery columns-3 is-cropped\"><ul class=\"blocks-gallery-grid\"><li class=\"blocks-gallery-item\"><figure><a href=\"https:\/\/www.brebeuf.qc.ca\/secondaire\/wp-content\/uploads\/sites\/4\/2014\/09\/escrime-brebeuf-2.jpg\" data-rel=\"lightbox-image-4\" data-rl_title=\"\" data-rl_caption=\"\" title=\"\"><img loading=\"lazy\" width=\"1024\" height=\"786\" src=\"https:\/\/www.brebeuf.qc.ca\/secondaire\/wp-content\/uploads\/sites\/4\/2014\/09\/escrime-brebeuf-2.jpg\" alt=\"\" data-id=\"323\" data-full-url=\"https:\/\/www.brebeuf.qc.ca\/secondaire\/wp-content\/uploads\/sites\/4\/2014\/09\/escrime-brebeuf-2.jpg\" data-link=\"https:\/\/www.brebeuf.qc.ca\/secondaire\/sports-garcons\/escrime-elite\/escrime-brebeuf-2\/\" class=\"wp-image-323\" srcset=\"https:\/\/www.brebeuf.qc.ca\/secondaire\/wp-content\/uploads\/sites\/4\/2014\/09\/escrime-brebeuf-2.jpg 1024w, https:\/\/www.brebeuf.qc.ca\/secondaire\/wp-content\/uploads\/sites\/4\/2014\/09\/escrime-brebeuf-2-300x230.jpg 300w\" sizes=\"(max-width: 1024px) 100vw, 1024px\" \/><\/a><\/figure><\/li><li class=\"blocks-gallery-item\"><figure><a href=\"https:\/\/www.brebeuf.qc.ca\/secondaire\/wp-content\/uploads\/sites\/4\/2014\/09\/escrime-brebeuf.jpg\" data-rel=\"lightbox-image-5\" data-rl_title=\"\" data-rl_caption=\"\" title=\"\"><img loading=\"lazy\" width=\"1024\" height=\"786\" src=\"https:\/\/www.brebeuf.qc.ca\/secondaire\/wp-content\/uploads\/sites\/4\/2014\/09\/escrime-brebeuf.jpg\" alt=\"\" data-id=\"322\" data-full-url=\"https:\/\/www.brebeuf.qc.ca\/secondaire\/wp-content\/uploads\/sites\/4\/2014\/09\/escrime-brebeuf.jpg\" data-link=\"https:\/\/www.brebeuf.qc.ca\/secondaire\/sports-garcons\/escrime-elite\/escrime-brebeuf\/\" class=\"wp-image-322\" srcset=\"https:\/\/www.brebeuf.qc.ca\/secondaire\/wp-content\/uploads\/sites\/4\/2014\/09\/escrime-brebeuf.jpg 1024w, https:\/\/www.brebeuf.qc.ca\/secondaire\/wp-content\/uploads\/sites\/4\/2014\/09\/escrime-brebeuf-300x230.jpg 300w\" sizes=\"(max-width: 1024px) 100vw, 1024px\" \/><\/a><\/figure><\/li><li class=\"blocks-gallery-item\"><figure><a href=\"https:\/\/www.brebeuf.qc.ca\/secondaire\/wp-content\/uploads\/sites\/4\/2014\/09\/escrime-brebeuf-3.jpg\" data-rel=\"lightbox-image-6\" data-rl_title=\"\" data-rl_caption=\"\" title=\"\"><img loading=\"lazy\" width=\"1024\" height=\"768\" src=\"https:\/\/www.brebeuf.qc.ca\/secondaire\/wp-content\/uploads\/sites\/4\/2014\/09\/escrime-brebeuf-3.jpg\" alt=\"\" data-id=\"324\" data-full-url=\"https:\/\/www.brebeuf.qc.ca\/secondaire\/wp-content\/uploads\/sites\/4\/2014\/09\/escrime-brebeuf-3.jpg\" data-link=\"https:\/\/www.brebeuf.qc.ca\/secondaire\/sports-garcons\/escrime-elite\/escrime-brebeuf-3\/\" class=\"wp-image-324\" srcset=\"https:\/\/www.brebeuf.qc.ca\/secondaire\/wp-content\/uploads\/sites\/4\/2014\/09\/escrime-brebeuf-3.jpg 1024w, https:\/\/www.brebeuf.qc.ca\/secondaire\/wp-content\/uploads\/sites\/4\/2014\/09\/escrime-brebeuf-3-300x225.jpg 300w\" sizes=\"(max-width: 1024px) 100vw, 1024px\" \/><\/a><\/figure><\/li><\/ul><\/figure>\n\n\n\n<h2><span id=\"Historique\">Historique<\/span><\/h2>\n\n\n\n<p>Le club remporte plus de&nbsp;<strong>100 m\u00e9dailles<\/strong>&nbsp;annuellement&nbsp;<strong>depuis 30 ans&nbsp;<\/strong>et a remport\u00e9 plus de&nbsp;<strong>75 titres provinciaux et 55 titres nationaux individuels.<\/strong><\/p>\n\n\n\n<blockquote class=\"wp-block-quote\"><p><a href=\"https:\/\/www.brebeuf.qc.ca\/secondaire\/sports-garcons\/escrime-elite\/historique-escrime\/\">En savoir plus<\/a><\/p><p><\/p><\/blockquote>\n<div id=\"toc_container\" class=\"no_bullets\"><p class=\"toc_title\">Sommaire<\/p><ul class=\"toc_list\"><li><a href=\"#Entraineurs\">Entra\u00eeneurs<\/a><\/li><li><a href=\"#Plus_drsquoinformations\">Plus d&rsquo;informations<\/a><\/li><li><a href=\"#Historique\">Historique<\/a><\/li><\/ul><\/div>\n","protected":false},"excerpt":{"rendered":"<p>Programme d&rsquo;escrime annuel Sport \u00e9lite depuis 1984, l\u2019escrime est maintenant un des sports majeurs du coll\u00e8ge Jean-de-Br\u00e9beuf. Regroup\u00e9s sous cinq cat\u00e9gories selon leur \u00e2ge : moustique, benjamin, cadet, junior et s\u00e9nior, nos escrimeurs manient avec brio l\u2019\u00e9p\u00e9e ou le sabre&#8230;.<\/p>\n","protected":false},"author":3,"featured_media":4805,"parent":0,"menu_order":0,"comment_status":"open","ping_status":"closed","template":"templates\/template-personnalisable.php","meta":{"_editorskit_title_hidden":false,"_editorskit_reading_time":2,"_editorskit_typography_data":[],"_editorskit_blocks_typography":""},"yoast_head":"<!-- This site is optimized with the Yoast SEO plugin v16.3 - https:\/\/yoast.com\/wordpress\/plugins\/seo\/ -->\n<title>Escrime \u00e9lite mixte - Secondaire<\/title>\n<meta name=\"robots\" content=\"index, follow, max-snippet:-1, max-image-preview:large, max-video-preview:-1\" \/>\n<link rel=\"canonical\" href=\"https:\/\/www.brebeuf.qc.ca\/secondaire\/escrime-elite-mixte\/\" \/>\n<meta property=\"og:locale\" content=\"fr_FR\" \/>\n<meta property=\"og:type\" content=\"article\" \/>\n<meta property=\"og:title\" content=\"Escrime \u00e9lite mixte - Secondaire\" \/>\n<meta property=\"og:description\" content=\"Programme d&rsquo;escrime annuel Sport \u00e9lite depuis 1984, l\u2019escrime est maintenant un des sports majeurs du coll\u00e8ge Jean-de-Br\u00e9beuf. Regroup\u00e9s sous cinq cat\u00e9gories selon leur \u00e2ge : moustique, benjamin, cadet, junior et s\u00e9nior, nos escrimeurs manient avec brio l\u2019\u00e9p\u00e9e ou le sabre....\" \/>\n<meta property=\"og:url\" content=\"https:\/\/www.brebeuf.qc.ca\/secondaire\/escrime-elite-mixte\/\" \/>\n<meta property=\"og:site_name\" content=\"Secondaire\" \/>\n<meta property=\"article:modified_time\" content=\"2026-03-27T19:22:18+00:00\" \/>\n<meta property=\"og:image\" content=\"https:\/\/www.brebeuf.qc.ca\/secondaire\/wp-content\/uploads\/sites\/4\/2025\/04\/Escrime-1.png\" \/>\n\t<meta property=\"og:image:width\" content=\"1400\" \/>\n\t<meta property=\"og:image:height\" content=\"240\" \/>\n<meta name=\"twitter:label1\" content=\"Dur\u00e9e de lecture est.\">\n\t<meta name=\"twitter:data1\" content=\"3 minutes\">\n<script type=\"application\/ld+json\" class=\"yoast-schema-graph\">{\"@context\":\"https:\/\/schema.org\",\"@graph\":[{\"@type\":\"WebSite\",\"@id\":\"https:\/\/www.brebeuf.qc.ca\/secondaire\/#website\",\"url\":\"https:\/\/www.brebeuf.qc.ca\/secondaire\/\",\"name\":\"Secondaire\",\"description\":\"Coll\\u00e8ge priv\\u00e9 | Secondaire | Coll\\u00e9gial\",\"potentialAction\":[{\"@type\":\"SearchAction\",\"target\":\"https:\/\/www.brebeuf.qc.ca\/secondaire\/?s={search_term_string}\",\"query-input\":\"required name=search_term_string\"}],\"inLanguage\":\"fr-FR\"},{\"@type\":\"ImageObject\",\"@id\":\"https:\/\/www.brebeuf.qc.ca\/secondaire\/escrime-elite-mixte\/#primaryimage\",\"inLanguage\":\"fr-FR\",\"url\":\"https:\/\/www.brebeuf.qc.ca\/secondaire\/wp-content\/uploads\/sites\/4\/2025\/04\/Escrime-1.png\",\"contentUrl\":\"https:\/\/www.brebeuf.qc.ca\/secondaire\/wp-content\/uploads\/sites\/4\/2025\/04\/Escrime-1.png\",\"width\":1400,\"height\":240},{\"@type\":\"WebPage\",\"@id\":\"https:\/\/www.brebeuf.qc.ca\/secondaire\/escrime-elite-mixte\/#webpage\",\"url\":\"https:\/\/www.brebeuf.qc.ca\/secondaire\/escrime-elite-mixte\/\",\"name\":\"Escrime \\u00e9lite mixte - Secondaire\",\"isPartOf\":{\"@id\":\"https:\/\/www.brebeuf.qc.ca\/secondaire\/#website\"},\"primaryImageOfPage\":{\"@id\":\"https:\/\/www.brebeuf.qc.ca\/secondaire\/escrime-elite-mixte\/#primaryimage\"},\"datePublished\":\"2014-09-12T14:52:30+00:00\",\"dateModified\":\"2026-03-27T19:22:18+00:00\",\"breadcrumb\":{\"@id\":\"https:\/\/www.brebeuf.qc.ca\/secondaire\/escrime-elite-mixte\/#breadcrumb\"},\"inLanguage\":\"fr-FR\",\"potentialAction\":[{\"@type\":\"ReadAction\",\"target\":[\"https:\/\/www.brebeuf.qc.ca\/secondaire\/escrime-elite-mixte\/\"]}]},{\"@type\":\"BreadcrumbList\",\"@id\":\"https:\/\/www.brebeuf.qc.ca\/secondaire\/escrime-elite-mixte\/#breadcrumb\",\"itemListElement\":[{\"@type\":\"ListItem\",\"position\":1,\"item\":{\"@type\":\"WebPage\",\"@id\":\"https:\/\/www.brebeuf.qc.ca\/secondaire\/\",\"url\":\"https:\/\/www.brebeuf.qc.ca\/secondaire\/\",\"name\":\"Home\"}},{\"@type\":\"ListItem\",\"position\":2,\"item\":{\"@id\":\"https:\/\/www.brebeuf.qc.ca\/secondaire\/escrime-elite-mixte\/#webpage\"}}]}]}<\/script>\n<!-- \/ Yoast SEO plugin. -->","_links":{"self":[{"href":"https:\/\/www.brebeuf.qc.ca\/secondaire\/wp-json\/wp\/v2\/pages\/288"}],"collection":[{"href":"https:\/\/www.brebeuf.qc.ca\/secondaire\/wp-json\/wp\/v2\/pages"}],"about":[{"href":"https:\/\/www.brebeuf.qc.ca\/secondaire\/wp-json\/wp\/v2\/types\/page"}],"author":[{"embeddable":true,"href":"https:\/\/www.brebeuf.qc.ca\/secondaire\/wp-json\/wp\/v2\/users\/3"}],"replies":[{"embeddable":true,"href":"https:\/\/www.brebeuf.qc.ca\/secondaire\/wp-json\/wp\/v2\/comments?post=288"}],"version-history":[{"count":112,"href":"https:\/\/www.brebeuf.qc.ca\/secondaire\/wp-json\/wp\/v2\/pages\/288\/revisions"}],"predecessor-version":[{"id":5296,"href":"https:\/\/www.brebeuf.qc.ca\/secondaire\/wp-json\/wp\/v2\/pages\/288\/revisions\/5296"}],"wp:featuredmedia":[{"embeddable":true,"href":"https:\/\/www.brebeuf.qc.ca\/secondaire\/wp-json\/wp\/v2\/media\/4805"}],"wp:attachment":[{"href":"https:\/\/www.brebeuf.qc.ca\/secondaire\/wp-json\/wp\/v2\/media?parent=288"}],"curies":[{"name":"wp","href":"https:\/\/api.w.org\/{rel}","templated":true}]}}