{"id":2603,"date":"2021-06-10T19:05:36","date_gmt":"2021-06-10T19:05:36","guid":{"rendered":"https:\/\/www.brebeuf.qc.ca\/secondaire\/?page_id=2603"},"modified":"2026-04-09T15:00:00","modified_gmt":"2026-04-09T15:00:00","slug":"sports","status":"publish","type":"page","link":"https:\/\/www.brebeuf.qc.ca\/secondaire\/sports\/","title":{"rendered":"Sports au secondaire"},"content":{"rendered":"\n<h2><span id=\"Le_sport_occupe_une_place_importante_au_College_Brebeuf\"><strong>Le sport occupe une place importante au Coll\u00e8ge Br\u00e9beuf<\/strong><\/span><\/h2>\n\n\n\n<p>Des \u00e9quipes \u00e9lites au sport intra en passant par l\u2019option Sport et monde, les activit\u00e9s sportives du vendredi et les cours d\u2019\u00e9ducation physique, l\u2019\u00e9l\u00e8ve du Coll\u00e8ge Br\u00e9beuf a toutes les possibilit\u00e9s de s\u2019amuser et de se d\u00e9passer.<\/p>\n\n\n\n<p><strong>Un complexe sportif dot\u00e9 d\u2019\u00e9quipements ultramodernes<\/strong><\/p>\n\n\n\n<p>En plus du gymnase double, de l\u2019ar\u00e9na, de la palestre et de la salle d\u2019escrime, les \u00e9l\u00e8ves peuvent utiliser le nouveau complexe sportif qui comporte entre autres deux gymnases suppl\u00e9mentaires, une salle d\u2019entra\u00eenement et une salle multifonctionnelle qui englobe notamment douze pistes d\u2019escrime.<\/p>\n\n\n\n<p>Les \u00e9l\u00e8ves peuvent \u00e9galement jouer sur le nouveau terrain synth\u00e9tique.<\/p>\n\n\n\n<h2><span id=\"Cours_deducation_physique_integres_a_lhoraire\"><strong>Cours d\u2019\u00e9ducation physique int\u00e9gr\u00e9s \u00e0 l\u2019horaire<\/strong><\/span><\/h2>\n\n\n\n<p>Le programme d\u2019\u00e9ducation physique int\u00e9gr\u00e9 \u00e0 l\u2019horaire r\u00e9gulier est diff\u00e9rent pour chaque ann\u00e9e du secondaire. Les disciplines enseign\u00e9es sont l\u2019athl\u00e9tisme, le badminton, le ballon sur glace, le basket-ball, la crosse, le tennis, l\u2019escrime, le flag-football, la gymnastique, le handball, le hockey, la mise en forme, le soccer, le touch-football, l\u2019<em>Ultimate Frisbee<\/em>&nbsp;et le volley-ball.<\/p>\n\n\n\n<h2><span id=\"Cours_pratique_deducation_physique\"><strong>Cours pratique d\u2019\u00e9ducation physique<\/strong><\/span><\/h2>\n\n\n\n<p>Afin de compl\u00e9ter leurs cours d\u2019\u00e9ducation physique, les \u00e9l\u00e8ves qui ne font pas partie d\u2019une \u00e9quipe \u00e9lite sont tenus de participer \u00e0 une vari\u00e9t\u00e9 de disciplines sportives au niveau de comp\u00e9tition adapt\u00e9 \u00e0 leur potentiel, au rythme d\u2019une fois par semaine pendant l\u2019heure du d\u00eener.<br>La pr\u00e9sence et la participation au cours pratique sont obligatoires.<\/p>\n\n\n\n<ul><li>Lors d\u2019une absence du Coll\u00e8ge, l\u2019\u00e9l\u00e8ve doit remettre le billet de motivation au professeur (avant le cours pratique suivant, sinon il aura une retenue du vendredi).<\/li><li>Une deuxi\u00e8me absence entra\u00eenera une retenue du vendredi de 120 minutes.<\/li><li>Une troisi\u00e8me absence entra\u00eenera une retenue du samedi.<br>Si l\u2019\u00e9l\u00e8ve n\u2019a pas le mat\u00e9riel requis et que cela emp\u00eache sa participation au cours, il aura une retenue. En cas de blessure ou de maladie, l\u2019\u00e9l\u00e8ve doit assister quand m\u00eame \u00e0 son cours et apporter le billet de l\u2019infirmi\u00e8re.<\/li><\/ul>\n\n\n\n<h2><span id=\"Activites_sportives_complementaires_obligatoires\"><strong>Activit\u00e9s sportives compl\u00e9mentaires obligatoires<\/strong><\/span><\/h2>\n\n\n\n<p>Les activit\u00e9s sportives du vendredi apr\u00e8s-midi, pour les \u00e9l\u00e8ves de 1re \u00e0 4e secondaire, sont obligatoires et sujettes au m\u00eame suivi qu\u2019un cours r\u00e9gulier.<\/p>\n\n\n\n<h2><span id=\"Activites_des_equipes_elites\"><strong>Activit\u00e9s des \u00e9quipes \u00e9lites<\/strong><\/span><\/h2>\n\n\n\n<p>Les \u00e9l\u00e8ves qui le d\u00e9sirent, et qui r\u00e9pondent aux crit\u00e8res de s\u00e9lection, peuvent faire partie de nos \u00e9quipes \u00e9lites. Ils doivent acquitter des frais selon la discipline et le niveau de comp\u00e9tition.<\/p>\n\n\n\n<figure class=\"wp-block-image size-large is-resized\" id=\"attachment_2822\"><img loading=\"lazy\" src=\"https:\/\/www.brebeuf.qc.ca\/secondaire\/wp-content\/uploads\/sites\/4\/2025\/07\/DSC6663.jpg\" alt=\"\" class=\"wp-image-5046\" width=\"651\" height=\"434\"\/><\/figure>\n\n\n\n<p>Les sports \u00e9lites offerts aux&nbsp;<strong>gar\u00e7ons<\/strong>&nbsp;sont :<\/p>\n\n\n\n<ul><li>le basket-ball, le volley-ball, l\u2019escrime et le hockey, de septembre \u00e0 avril;<\/li><li>l\u2019athl\u00e9tisme, la crosse au champ et le rugby, d\u2019avril \u00e0 juin.<\/li><\/ul>\n\n\n\n<p>Les sports \u00e9lites offerts aux&nbsp;<strong>filles<\/strong>&nbsp;sont :<\/p>\n\n\n\n<ul><li>le volley-ball et l\u2019escrime, de septembre \u00e0 avril;<\/li><li>l\u2019athl\u00e9tisme et le flag-football, d\u2019avril \u00e0 juin.<\/li><\/ul>\n\n\n\n<p>\u00c0 l\u2019automne, filles et gar\u00e7ons peuvent int\u00e9grer les \u00e9quipes \u00e9lites de soccer.<\/p>\n\n\n\n<figure class=\"wp-block-image size-large is-resized\" id=\"attachment_2823\"><img loading=\"lazy\" src=\"https:\/\/www.brebeuf.qc.ca\/secondaire\/wp-content\/uploads\/sites\/4\/2025\/07\/DSC_0527-min-1.jpg\" alt=\"\" class=\"wp-image-5047\" width=\"709\" height=\"469\"\/><\/figure>\n\n\n\n<p><strong>Le sport \u00e0 Br\u00e9beuf : de tout pour tous et toutes!<\/strong><\/p>\n\n\n\n<p>Le sport \u00e9lite offre \u00e0 l\u2019\u00e9l\u00e8ve qui souhaite pratiquer un sport de mani\u00e8re plus intensive l\u2019occasion de se r\u00e9aliser dans la pratique d\u2019une discipline qui l\u2019am\u00e8nera \u00e0 se d\u00e9passer en relevant les d\u00e9fis d\u2019une saine comp\u00e9tition. Br\u00e9beuf est particuli\u00e8rement fier de son sport \u00e9lite dont les r\u00e9sultats sont des plus \u00e9loquents, au Qu\u00e9bec comme au Canada.<\/p>\n\n\n\n<blockquote class=\"wp-block-quote\"><p>Rien n\u2019est laiss\u00e9 au hasard quand il s\u2019agit de canaliser correctement le potentiel des \u00e9l\u00e8ves qui excellent dans un sport.<\/p><\/blockquote>\n\n\n\n<ul><li>Des professeurs d\u2019\u00e9ducation physique qui entra\u00eenent et encadrent les \u00e9quipes.<\/li><li>Des comp\u00e9titions dans les ligues de sport \u00e9tudiant.<\/li><li>Des matchs et tournois au Qu\u00e9bec, au Canada, aux \u00c9tats-Unis et en Europe.<\/li><\/ul>\n\n\n\n<p><strong>Les \u00e9quipes masculines<\/strong><\/p>\n\n\n\n<ul><li>Basket-ball \u2013 7 \u00e9quipes, 80 joueurs de la 1re \u00e0 la 5e secondaire<\/li><li>Escrime \u2013 70 escrimeurs de la 1re \u00e0 la 5e secondaire<\/li><li>Hockey \u2013 5 \u00e9quipes, 95 joueurs de la 1re \u00e0 la 5e secondaire<\/li><li>Volley-ball \u2013 3 \u00e9quipes, 35 joueurs de la 1re \u00e0 la 4e secondaire<\/li><li>Crosse \u2013 3 \u00e9quipes, 60 joueurs<\/li><li>Athl\u00e9tisme \u2013 60 athl\u00e8tes<\/li><li>Rugby \u2013 25 athl\u00e8tes de la 3e \u00e0 la 5e secondaire<\/li><li>Soccer ext\u00e9rieur \u2013 2 \u00e9quipes, 30 joueurs de la 2e \u00e0 la 4e secondaire<\/li><\/ul>\n\n\n\n<p><strong>Les \u00e9quipes f\u00e9minines<\/strong><\/p>\n\n\n\n<ul><li>Escrime \u2013 60 escrimeuses de la 1re \u00e0 la 5e secondaire<\/li><li>Volley-ball \u2013 3 \u00e9quipes, 35 joueuses de la 1re \u00e0 la 4e secondaire<\/li><li>Athl\u00e9tisme \u2013 40-50 athl\u00e8tes de la 1re \u00e0 la 5e secondaire<\/li><li>Soccer ext\u00e9rieur \u2013 2 \u00e9quipes, 30 joueuses de la 2e \u00e0 la 4e secondaire<\/li><li>Flag football \u2013 2 \u00e9quipes \u2013 30 joueuses de la 1re \u00e0 la 5e secondaire<\/li><\/ul>\n\n\n\n<figure class=\"wp-block-image size-large is-resized\" id=\"attachment_2825\"><img loading=\"lazy\" src=\"https:\/\/www.brebeuf.qc.ca\/secondaire\/wp-content\/uploads\/sites\/4\/2025\/07\/CJB_10_Oct23-4994.jpg\" alt=\"\" class=\"wp-image-5048\" width=\"695\" height=\"463\"\/><\/figure>\n\n\n\n<h2><span id=\"Les_Olympiades_depuis_1962\">Les Olympiades, depuis 1962<\/span><\/h2>\n\n\n\n<p>La saison sportive \u00e0 Br\u00e9beuf se termine traditionnellement par deux journ\u00e9es d\u2019Olympiades.<\/p>\n\n\n\n<p>Bien qu\u2019elles constituent une grande f\u00eate rassemblant tous les \u00e9l\u00e8ves et les professeurs, elles tiennent aussi lieu d\u2019examen pour la derni\u00e8re \u00e9tape en \u00e9ducation physique et \u00e0 la sant\u00e9.<\/p>\n\n\n\n<h2><span id=\"Lathletisme_au_secondaire\">L\u2019athl\u00e9tisme au secondaire<\/span><\/h2>\n\n\n\n<h2><span id=\"Nos_installations_sportives\">Nos installations sportives<\/span><\/h2>\n\n\n\n<figure class=\"wp-block-gallery columns-4 is-cropped\"><ul class=\"blocks-gallery-grid\"><li class=\"blocks-gallery-item\"><figure><a href=\"https:\/\/www.brebeuf.qc.ca\/secondaire\/wp-content\/uploads\/sites\/4\/2019\/08\/plateau-multi-sport-3.jpg\" data-rel=\"lightbox-image-0\" data-rl_title=\"\" data-rl_caption=\"\" title=\"\"><img loading=\"lazy\" width=\"1024\" height=\"768\" src=\"https:\/\/www.brebeuf.qc.ca\/secondaire\/wp-content\/uploads\/sites\/4\/2019\/08\/plateau-multi-sport-3-1024x768.jpg\" alt=\"\" data-id=\"1744\" data-full-url=\"https:\/\/www.brebeuf.qc.ca\/secondaire\/wp-content\/uploads\/sites\/4\/2019\/08\/plateau-multi-sport-3.jpg\" data-link=\"https:\/\/www.brebeuf.qc.ca\/secondaire\/plateau-multi-sport-3\/\" class=\"wp-image-1744\" srcset=\"https:\/\/www.brebeuf.qc.ca\/secondaire\/wp-content\/uploads\/sites\/4\/2019\/08\/plateau-multi-sport-3.jpg 1024w, https:\/\/www.brebeuf.qc.ca\/secondaire\/wp-content\/uploads\/sites\/4\/2019\/08\/plateau-multi-sport-3-300x225.jpg 300w, https:\/\/www.brebeuf.qc.ca\/secondaire\/wp-content\/uploads\/sites\/4\/2019\/08\/plateau-multi-sport-3-768x576.jpg 768w\" sizes=\"(max-width: 1024px) 100vw, 1024px\" \/><\/a><\/figure><\/li><li class=\"blocks-gallery-item\"><figure><a href=\"https:\/\/www.brebeuf.qc.ca\/secondaire\/wp-content\/uploads\/sites\/4\/2019\/08\/9.jpg\" data-rel=\"lightbox-image-1\" data-rl_title=\"\" data-rl_caption=\"\" title=\"\"><img loading=\"lazy\" width=\"1024\" height=\"768\" src=\"https:\/\/www.brebeuf.qc.ca\/secondaire\/wp-content\/uploads\/sites\/4\/2019\/08\/9-1024x768.jpg\" alt=\"\" data-id=\"1722\" data-full-url=\"https:\/\/www.brebeuf.qc.ca\/secondaire\/wp-content\/uploads\/sites\/4\/2019\/08\/9.jpg\" data-link=\"https:\/\/www.brebeuf.qc.ca\/secondaire\/9-3\/\" class=\"wp-image-1722\" srcset=\"https:\/\/www.brebeuf.qc.ca\/secondaire\/wp-content\/uploads\/sites\/4\/2019\/08\/9.jpg 1024w, https:\/\/www.brebeuf.qc.ca\/secondaire\/wp-content\/uploads\/sites\/4\/2019\/08\/9-300x225.jpg 300w, https:\/\/www.brebeuf.qc.ca\/secondaire\/wp-content\/uploads\/sites\/4\/2019\/08\/9-768x576.jpg 768w\" sizes=\"(max-width: 1024px) 100vw, 1024px\" \/><\/a><\/figure><\/li><li class=\"blocks-gallery-item\"><figure><a href=\"https:\/\/www.brebeuf.qc.ca\/secondaire\/wp-content\/uploads\/sites\/4\/2019\/08\/5-1-1.jpg\" data-rel=\"lightbox-image-2\" data-rl_title=\"\" data-rl_caption=\"\" title=\"\"><img loading=\"lazy\" width=\"1024\" height=\"768\" src=\"https:\/\/www.brebeuf.qc.ca\/secondaire\/wp-content\/uploads\/sites\/4\/2019\/08\/5-1-1-1024x768.jpg\" alt=\"\" data-id=\"1719\" data-full-url=\"https:\/\/www.brebeuf.qc.ca\/secondaire\/wp-content\/uploads\/sites\/4\/2019\/08\/5-1-1.jpg\" data-link=\"https:\/\/www.brebeuf.qc.ca\/secondaire\/5-1\/\" class=\"wp-image-1719\" srcset=\"https:\/\/www.brebeuf.qc.ca\/secondaire\/wp-content\/uploads\/sites\/4\/2019\/08\/5-1-1.jpg 1024w, https:\/\/www.brebeuf.qc.ca\/secondaire\/wp-content\/uploads\/sites\/4\/2019\/08\/5-1-1-300x225.jpg 300w, https:\/\/www.brebeuf.qc.ca\/secondaire\/wp-content\/uploads\/sites\/4\/2019\/08\/5-1-1-768x576.jpg 768w\" sizes=\"(max-width: 1024px) 100vw, 1024px\" \/><\/a><\/figure><\/li><li class=\"blocks-gallery-item\"><figure><a href=\"https:\/\/www.brebeuf.qc.ca\/secondaire\/wp-content\/uploads\/sites\/4\/2019\/08\/4-1.jpg\" data-rel=\"lightbox-image-3\" data-rl_title=\"\" data-rl_caption=\"\" title=\"\"><img loading=\"lazy\" width=\"1024\" height=\"768\" src=\"https:\/\/www.brebeuf.qc.ca\/secondaire\/wp-content\/uploads\/sites\/4\/2019\/08\/4-1-1024x768.jpg\" alt=\"\" data-id=\"1718\" data-full-url=\"https:\/\/www.brebeuf.qc.ca\/secondaire\/wp-content\/uploads\/sites\/4\/2019\/08\/4-1.jpg\" data-link=\"https:\/\/www.brebeuf.qc.ca\/secondaire\/4-7\/\" class=\"wp-image-1718\" srcset=\"https:\/\/www.brebeuf.qc.ca\/secondaire\/wp-content\/uploads\/sites\/4\/2019\/08\/4-1.jpg 1024w, https:\/\/www.brebeuf.qc.ca\/secondaire\/wp-content\/uploads\/sites\/4\/2019\/08\/4-1-300x225.jpg 300w, https:\/\/www.brebeuf.qc.ca\/secondaire\/wp-content\/uploads\/sites\/4\/2019\/08\/4-1-768x576.jpg 768w\" sizes=\"(max-width: 1024px) 100vw, 1024px\" \/><\/a><\/figure><\/li><li class=\"blocks-gallery-item\"><figure><a href=\"https:\/\/www.brebeuf.qc.ca\/secondaire\/wp-content\/uploads\/sites\/4\/2019\/08\/5-2.jpg\" data-rel=\"lightbox-image-4\" data-rl_title=\"\" data-rl_caption=\"\" title=\"\"><img loading=\"lazy\" width=\"1024\" height=\"768\" src=\"https:\/\/www.brebeuf.qc.ca\/secondaire\/wp-content\/uploads\/sites\/4\/2019\/08\/5-2-1024x768.jpg\" alt=\"\" data-id=\"1720\" data-full-url=\"https:\/\/www.brebeuf.qc.ca\/secondaire\/wp-content\/uploads\/sites\/4\/2019\/08\/5-2.jpg\" data-link=\"https:\/\/www.brebeuf.qc.ca\/secondaire\/5-7\/\" class=\"wp-image-1720\" srcset=\"https:\/\/www.brebeuf.qc.ca\/secondaire\/wp-content\/uploads\/sites\/4\/2019\/08\/5-2.jpg 1024w, https:\/\/www.brebeuf.qc.ca\/secondaire\/wp-content\/uploads\/sites\/4\/2019\/08\/5-2-300x225.jpg 300w, https:\/\/www.brebeuf.qc.ca\/secondaire\/wp-content\/uploads\/sites\/4\/2019\/08\/5-2-768x576.jpg 768w\" sizes=\"(max-width: 1024px) 100vw, 1024px\" \/><\/a><\/figure><\/li><li class=\"blocks-gallery-item\"><figure><a href=\"https:\/\/www.brebeuf.qc.ca\/secondaire\/wp-content\/uploads\/sites\/4\/2019\/08\/18.jpg\" data-rel=\"lightbox-image-5\" data-rl_title=\"\" data-rl_caption=\"\" title=\"\"><img loading=\"lazy\" width=\"309\" height=\"301\" src=\"https:\/\/www.brebeuf.qc.ca\/secondaire\/wp-content\/uploads\/sites\/4\/2019\/08\/18.jpg\" alt=\"\" data-id=\"1804\" data-full-url=\"https:\/\/www.brebeuf.qc.ca\/secondaire\/wp-content\/uploads\/sites\/4\/2019\/08\/18.jpg\" data-link=\"https:\/\/www.brebeuf.qc.ca\/secondaire\/18-2\/\" class=\"wp-image-1804\" srcset=\"https:\/\/www.brebeuf.qc.ca\/secondaire\/wp-content\/uploads\/sites\/4\/2019\/08\/18.jpg 309w, https:\/\/www.brebeuf.qc.ca\/secondaire\/wp-content\/uploads\/sites\/4\/2019\/08\/18-300x292.jpg 300w\" sizes=\"(max-width: 309px) 100vw, 309px\" \/><\/a><\/figure><\/li><li class=\"blocks-gallery-item\"><figure><a href=\"https:\/\/www.brebeuf.qc.ca\/secondaire\/wp-content\/uploads\/sites\/4\/2019\/08\/19.jpg\" data-rel=\"lightbox-image-6\" data-rl_title=\"\" data-rl_caption=\"\" title=\"\"><img loading=\"lazy\" width=\"309\" height=\"300\" src=\"https:\/\/www.brebeuf.qc.ca\/secondaire\/wp-content\/uploads\/sites\/4\/2019\/08\/19.jpg\" alt=\"\" data-id=\"1805\" data-full-url=\"https:\/\/www.brebeuf.qc.ca\/secondaire\/wp-content\/uploads\/sites\/4\/2019\/08\/19.jpg\" data-link=\"https:\/\/www.brebeuf.qc.ca\/secondaire\/19-2\/\" class=\"wp-image-1805\" srcset=\"https:\/\/www.brebeuf.qc.ca\/secondaire\/wp-content\/uploads\/sites\/4\/2019\/08\/19.jpg 309w, https:\/\/www.brebeuf.qc.ca\/secondaire\/wp-content\/uploads\/sites\/4\/2019\/08\/19-300x291.jpg 300w\" sizes=\"(max-width: 309px) 100vw, 309px\" \/><\/a><\/figure><\/li><li class=\"blocks-gallery-item\"><figure><a href=\"https:\/\/www.brebeuf.qc.ca\/secondaire\/wp-content\/uploads\/sites\/4\/2019\/08\/17.jpg\" data-rel=\"lightbox-image-7\" data-rl_title=\"\" data-rl_caption=\"\" title=\"\"><img loading=\"lazy\" width=\"309\" height=\"300\" src=\"https:\/\/www.brebeuf.qc.ca\/secondaire\/wp-content\/uploads\/sites\/4\/2019\/08\/17.jpg\" alt=\"\" data-id=\"1803\" data-full-url=\"https:\/\/www.brebeuf.qc.ca\/secondaire\/wp-content\/uploads\/sites\/4\/2019\/08\/17.jpg\" data-link=\"https:\/\/www.brebeuf.qc.ca\/secondaire\/17-2\/\" class=\"wp-image-1803\" srcset=\"https:\/\/www.brebeuf.qc.ca\/secondaire\/wp-content\/uploads\/sites\/4\/2019\/08\/17.jpg 309w, https:\/\/www.brebeuf.qc.ca\/secondaire\/wp-content\/uploads\/sites\/4\/2019\/08\/17-300x291.jpg 300w\" sizes=\"(max-width: 309px) 100vw, 309px\" \/><\/a><\/figure><\/li><li class=\"blocks-gallery-item\"><figure><a href=\"https:\/\/www.brebeuf.qc.ca\/secondaire\/wp-content\/uploads\/sites\/4\/2019\/08\/24.jpg\" data-rel=\"lightbox-image-8\" data-rl_title=\"\" data-rl_caption=\"\" title=\"\"><img loading=\"lazy\" width=\"309\" height=\"301\" src=\"https:\/\/www.brebeuf.qc.ca\/secondaire\/wp-content\/uploads\/sites\/4\/2019\/08\/24.jpg\" alt=\"\" data-id=\"1810\" data-full-url=\"https:\/\/www.brebeuf.qc.ca\/secondaire\/wp-content\/uploads\/sites\/4\/2019\/08\/24.jpg\" data-link=\"https:\/\/www.brebeuf.qc.ca\/secondaire\/24-2\/\" class=\"wp-image-1810\" srcset=\"https:\/\/www.brebeuf.qc.ca\/secondaire\/wp-content\/uploads\/sites\/4\/2019\/08\/24.jpg 309w, https:\/\/www.brebeuf.qc.ca\/secondaire\/wp-content\/uploads\/sites\/4\/2019\/08\/24-300x292.jpg 300w\" sizes=\"(max-width: 309px) 100vw, 309px\" \/><\/a><\/figure><\/li><li class=\"blocks-gallery-item\"><figure><a href=\"https:\/\/www.brebeuf.qc.ca\/secondaire\/wp-content\/uploads\/sites\/4\/2019\/08\/23.jpg\" data-rel=\"lightbox-image-9\" data-rl_title=\"\" data-rl_caption=\"\" title=\"\"><img loading=\"lazy\" width=\"309\" height=\"300\" src=\"https:\/\/www.brebeuf.qc.ca\/secondaire\/wp-content\/uploads\/sites\/4\/2019\/08\/23.jpg\" alt=\"\" data-id=\"1809\" data-full-url=\"https:\/\/www.brebeuf.qc.ca\/secondaire\/wp-content\/uploads\/sites\/4\/2019\/08\/23.jpg\" data-link=\"https:\/\/www.brebeuf.qc.ca\/secondaire\/23-2\/\" class=\"wp-image-1809\" srcset=\"https:\/\/www.brebeuf.qc.ca\/secondaire\/wp-content\/uploads\/sites\/4\/2019\/08\/23.jpg 309w, https:\/\/www.brebeuf.qc.ca\/secondaire\/wp-content\/uploads\/sites\/4\/2019\/08\/23-300x291.jpg 300w\" sizes=\"(max-width: 309px) 100vw, 309px\" \/><\/a><\/figure><\/li><li class=\"blocks-gallery-item\"><figure><a href=\"https:\/\/www.brebeuf.qc.ca\/secondaire\/wp-content\/uploads\/sites\/4\/2019\/08\/22.jpg\" data-rel=\"lightbox-image-10\" data-rl_title=\"\" data-rl_caption=\"\" title=\"\"><img loading=\"lazy\" width=\"309\" height=\"300\" src=\"https:\/\/www.brebeuf.qc.ca\/secondaire\/wp-content\/uploads\/sites\/4\/2019\/08\/22.jpg\" alt=\"\" data-id=\"1808\" data-full-url=\"https:\/\/www.brebeuf.qc.ca\/secondaire\/wp-content\/uploads\/sites\/4\/2019\/08\/22.jpg\" data-link=\"https:\/\/www.brebeuf.qc.ca\/secondaire\/22-2\/\" class=\"wp-image-1808\" srcset=\"https:\/\/www.brebeuf.qc.ca\/secondaire\/wp-content\/uploads\/sites\/4\/2019\/08\/22.jpg 309w, https:\/\/www.brebeuf.qc.ca\/secondaire\/wp-content\/uploads\/sites\/4\/2019\/08\/22-300x291.jpg 300w\" sizes=\"(max-width: 309px) 100vw, 309px\" \/><\/a><\/figure><\/li><li class=\"blocks-gallery-item\"><figure><a href=\"https:\/\/www.brebeuf.qc.ca\/secondaire\/wp-content\/uploads\/sites\/4\/2019\/08\/20.jpg\" data-rel=\"lightbox-image-11\" data-rl_title=\"\" data-rl_caption=\"\" title=\"\"><img loading=\"lazy\" width=\"309\" height=\"300\" src=\"https:\/\/www.brebeuf.qc.ca\/secondaire\/wp-content\/uploads\/sites\/4\/2019\/08\/20.jpg\" alt=\"\" data-id=\"1806\" data-full-url=\"https:\/\/www.brebeuf.qc.ca\/secondaire\/wp-content\/uploads\/sites\/4\/2019\/08\/20.jpg\" data-link=\"https:\/\/www.brebeuf.qc.ca\/secondaire\/20-2\/\" class=\"wp-image-1806\" srcset=\"https:\/\/www.brebeuf.qc.ca\/secondaire\/wp-content\/uploads\/sites\/4\/2019\/08\/20.jpg 309w, https:\/\/www.brebeuf.qc.ca\/secondaire\/wp-content\/uploads\/sites\/4\/2019\/08\/20-300x291.jpg 300w\" sizes=\"(max-width: 309px) 100vw, 309px\" \/><\/a><\/figure><\/li><\/ul><\/figure>\n\n\n\n<hr class=\"wp-block-separator\"\/>\n\n\n\n<h2><span id=\"Politique\">Politique<\/span><\/h2>\n\n\n\n<ul><li><a href=\"https:\/\/www.brebeuf.qc.ca\/secondaire\/wp-content\/uploads\/sites\/4\/2025\/05\/POLITIQUE-EN-MATIERE-DE-PROTECTION-INTEGRITE_Juin-2025_RSEQ.pdf\">Politique en mati\u00e8re de protection de l\u2019int\u00e9grit\u00e9 (RSEQ)<\/a><\/li><\/ul>\n\n\n\n<p><\/p>\n<div id=\"toc_container\" class=\"no_bullets\"><p class=\"toc_title\">Sommaire<\/p><ul class=\"toc_list\"><li><a href=\"#Le_sport_occupe_une_place_importante_au_College_Brebeuf\">Le sport occupe une place importante au Coll\u00e8ge Br\u00e9beuf<\/a><\/li><li><a href=\"#Cours_deducation_physique_integres_a_lhoraire\">Cours d\u2019\u00e9ducation physique int\u00e9gr\u00e9s \u00e0 l\u2019horaire<\/a><\/li><li><a href=\"#Cours_pratique_deducation_physique\">Cours pratique d\u2019\u00e9ducation physique<\/a><\/li><li><a href=\"#Activites_sportives_complementaires_obligatoires\">Activit\u00e9s sportives compl\u00e9mentaires obligatoires<\/a><\/li><li><a href=\"#Activites_des_equipes_elites\">Activit\u00e9s des \u00e9quipes \u00e9lites<\/a><\/li><li><a href=\"#Les_Olympiades_depuis_1962\">Les Olympiades, depuis 1962<\/a><\/li><li><a href=\"#Lathletisme_au_secondaire\">L\u2019athl\u00e9tisme au secondaire<\/a><\/li><li><a href=\"#Nos_installations_sportives\">Nos installations sportives<\/a><\/li><li><a href=\"#Politique\">Politique<\/a><\/li><\/ul><\/div>\n","protected":false},"excerpt":{"rendered":"<p>Le sport occupe une place importante au Coll\u00e8ge Br\u00e9beuf Des \u00e9quipes \u00e9lites au sport intra en passant par l\u2019option Sport et monde, les activit\u00e9s sportives du vendredi et les cours d\u2019\u00e9ducation physique, l\u2019\u00e9l\u00e8ve du Coll\u00e8ge Br\u00e9beuf a toutes les possibilit\u00e9s&#8230;<\/p>\n","protected":false},"author":45,"featured_media":5054,"parent":0,"menu_order":0,"comment_status":"closed","ping_status":"closed","template":"templates\/template-personnalisable.php","meta":{"_editorskit_title_hidden":false,"_editorskit_reading_time":3,"_editorskit_typography_data":[],"_editorskit_blocks_typography":""},"yoast_head":"<!-- This site is optimized with the Yoast SEO plugin v16.3 - https:\/\/yoast.com\/wordpress\/plugins\/seo\/ -->\n<title>Sports au secondaire - Secondaire<\/title>\n<meta name=\"robots\" content=\"index, follow, max-snippet:-1, max-image-preview:large, max-video-preview:-1\" \/>\n<link rel=\"canonical\" href=\"https:\/\/www.brebeuf.qc.ca\/secondaire\/sports\/\" \/>\n<meta property=\"og:locale\" content=\"fr_FR\" \/>\n<meta property=\"og:type\" content=\"article\" \/>\n<meta property=\"og:title\" content=\"Sports au secondaire - Secondaire\" \/>\n<meta property=\"og:description\" content=\"Le sport occupe une place importante au Coll\u00e8ge Br\u00e9beuf Des \u00e9quipes \u00e9lites au sport intra en passant par l\u2019option Sport et monde, les activit\u00e9s sportives du vendredi et les cours d\u2019\u00e9ducation physique, l\u2019\u00e9l\u00e8ve du Coll\u00e8ge Br\u00e9beuf a toutes les possibilit\u00e9s...\" \/>\n<meta property=\"og:url\" content=\"https:\/\/www.brebeuf.qc.ca\/secondaire\/sports\/\" \/>\n<meta property=\"og:site_name\" content=\"Secondaire\" \/>\n<meta property=\"article:modified_time\" content=\"2026-04-09T15:00:00+00:00\" \/>\n<meta property=\"og:image\" content=\"https:\/\/www.brebeuf.qc.ca\/secondaire\/wp-content\/uploads\/sites\/4\/2025\/07\/Sports-au-secondaire-3.png\" \/>\n\t<meta property=\"og:image:width\" content=\"1400\" \/>\n\t<meta property=\"og:image:height\" content=\"240\" \/>\n<meta name=\"twitter:label1\" content=\"Dur\u00e9e de lecture est.\">\n\t<meta name=\"twitter:data1\" content=\"7 minutes\">\n<script type=\"application\/ld+json\" class=\"yoast-schema-graph\">{\"@context\":\"https:\/\/schema.org\",\"@graph\":[{\"@type\":\"WebSite\",\"@id\":\"https:\/\/www.brebeuf.qc.ca\/secondaire\/#website\",\"url\":\"https:\/\/www.brebeuf.qc.ca\/secondaire\/\",\"name\":\"Secondaire\",\"description\":\"Coll\\u00e8ge priv\\u00e9 | Secondaire | Coll\\u00e9gial\",\"potentialAction\":[{\"@type\":\"SearchAction\",\"target\":\"https:\/\/www.brebeuf.qc.ca\/secondaire\/?s={search_term_string}\",\"query-input\":\"required name=search_term_string\"}],\"inLanguage\":\"fr-FR\"},{\"@type\":\"ImageObject\",\"@id\":\"https:\/\/www.brebeuf.qc.ca\/secondaire\/sports\/#primaryimage\",\"inLanguage\":\"fr-FR\",\"url\":\"https:\/\/www.brebeuf.qc.ca\/secondaire\/wp-content\/uploads\/sites\/4\/2025\/07\/Sports-au-secondaire-3.png\",\"contentUrl\":\"https:\/\/www.brebeuf.qc.ca\/secondaire\/wp-content\/uploads\/sites\/4\/2025\/07\/Sports-au-secondaire-3.png\",\"width\":1400,\"height\":240},{\"@type\":\"WebPage\",\"@id\":\"https:\/\/www.brebeuf.qc.ca\/secondaire\/sports\/#webpage\",\"url\":\"https:\/\/www.brebeuf.qc.ca\/secondaire\/sports\/\",\"name\":\"Sports au secondaire - Secondaire\",\"isPartOf\":{\"@id\":\"https:\/\/www.brebeuf.qc.ca\/secondaire\/#website\"},\"primaryImageOfPage\":{\"@id\":\"https:\/\/www.brebeuf.qc.ca\/secondaire\/sports\/#primaryimage\"},\"datePublished\":\"2021-06-10T19:05:36+00:00\",\"dateModified\":\"2026-04-09T15:00:00+00:00\",\"breadcrumb\":{\"@id\":\"https:\/\/www.brebeuf.qc.ca\/secondaire\/sports\/#breadcrumb\"},\"inLanguage\":\"fr-FR\",\"potentialAction\":[{\"@type\":\"ReadAction\",\"target\":[\"https:\/\/www.brebeuf.qc.ca\/secondaire\/sports\/\"]}]},{\"@type\":\"BreadcrumbList\",\"@id\":\"https:\/\/www.brebeuf.qc.ca\/secondaire\/sports\/#breadcrumb\",\"itemListElement\":[{\"@type\":\"ListItem\",\"position\":1,\"item\":{\"@type\":\"WebPage\",\"@id\":\"https:\/\/www.brebeuf.qc.ca\/secondaire\/\",\"url\":\"https:\/\/www.brebeuf.qc.ca\/secondaire\/\",\"name\":\"Home\"}},{\"@type\":\"ListItem\",\"position\":2,\"item\":{\"@id\":\"https:\/\/www.brebeuf.qc.ca\/secondaire\/sports\/#webpage\"}}]}]}<\/script>\n<!-- \/ Yoast SEO plugin. -->","_links":{"self":[{"href":"https:\/\/www.brebeuf.qc.ca\/secondaire\/wp-json\/wp\/v2\/pages\/2603"}],"collection":[{"href":"https:\/\/www.brebeuf.qc.ca\/secondaire\/wp-json\/wp\/v2\/pages"}],"about":[{"href":"https:\/\/www.brebeuf.qc.ca\/secondaire\/wp-json\/wp\/v2\/types\/page"}],"author":[{"embeddable":true,"href":"https:\/\/www.brebeuf.qc.ca\/secondaire\/wp-json\/wp\/v2\/users\/45"}],"replies":[{"embeddable":true,"href":"https:\/\/www.brebeuf.qc.ca\/secondaire\/wp-json\/wp\/v2\/comments?post=2603"}],"version-history":[{"count":31,"href":"https:\/\/www.brebeuf.qc.ca\/secondaire\/wp-json\/wp\/v2\/pages\/2603\/revisions"}],"predecessor-version":[{"id":5302,"href":"https:\/\/www.brebeuf.qc.ca\/secondaire\/wp-json\/wp\/v2\/pages\/2603\/revisions\/5302"}],"wp:featuredmedia":[{"embeddable":true,"href":"https:\/\/www.brebeuf.qc.ca\/secondaire\/wp-json\/wp\/v2\/media\/5054"}],"wp:attachment":[{"href":"https:\/\/www.brebeuf.qc.ca\/secondaire\/wp-json\/wp\/v2\/media?parent=2603"}],"curies":[{"name":"wp","href":"https:\/\/api.w.org\/{rel}","templated":true}]}}