{"id":2587,"date":"2021-06-14T19:55:03","date_gmt":"2021-06-14T19:55:03","guid":{"rendered":"https:\/\/www.brebeuf.qc.ca\/secondaire\/?page_id=2587"},"modified":"2025-11-06T16:12:40","modified_gmt":"2025-11-06T16:12:40","slug":"espagnol-monde-histoire-hispanique","status":"publish","type":"page","link":"https:\/\/www.brebeuf.qc.ca\/secondaire\/espagnol-monde-histoire-hispanique\/","title":{"rendered":"Espagnol et monde"},"content":{"rendered":"\n<figure class=\"wp-block-embed is-type-video is-provider-youtube wp-block-embed-youtube wp-embed-aspect-16-9 wp-has-aspect-ratio\"><div class=\"wp-block-embed__wrapper\">\n<iframe loading=\"lazy\" title=\"L&#039;option Espagnol et monde\" width=\"1140\" height=\"641\" src=\"https:\/\/www.youtube.com\/embed\/HtjL1wPJao4?feature=oembed\" frameborder=\"0\" allow=\"accelerometer; autoplay; clipboard-write; encrypted-media; gyroscope; picture-in-picture; web-share\" referrerpolicy=\"strict-origin-when-cross-origin\" allowfullscreen><\/iframe>\n<\/div><\/figure>\n\n\n\n<p>Nous vivons une \u00e9poque o\u00f9 <strong>diversifier nos comp\u00e9tences<\/strong> et nos fa\u00e7ons d\u2019interagir avec le reste du monde n\u2019est plus simplement un atout, mais une n\u00e9cessit\u00e9 <strong>pour comprendre<\/strong> les enjeux politiques, \u00e9conomiques et culturels de demain.<\/p>\n\n\n\n<p><strong>L\u2019option Espagnol et monde<\/strong> r\u00e9pond \u00e0 cette r\u00e9alit\u00e9 avec une vision tourn\u00e9e vers l\u2019avenir&nbsp;: apprendre une troisi\u00e8me \u2014 voire une quatri\u00e8me \u2014 langue, <strong>c\u2019est ouvrir la porte \u00e0 plus de 20 pays<\/strong>, d\u00e9couvrir de nouvelles cultures et pouvoir communiquer avec plus de 450 millions de personnes hispanophones \u00e0 travers le monde.<\/p>\n\n\n\n<p>Par le biais de la litt\u00e9rature, de l\u2019analyse critique, du d\u00e9bat, de l\u2019\u00e9criture cr\u00e9ative et de la d\u00e9couverte culturelle, les \u00e9l\u00e8ves <strong>d\u00e9veloppent des comp\u00e9tences essentielles&nbsp;: aisance d\u2019expression, pens\u00e9e autonome, leadership, sensibilit\u00e9 interculturelle et curiosit\u00e9 pour le monde, <\/strong>ici comme ailleurs.<\/p>\n\n\n\n<p>Espagnol et monde, c\u2019est bien <strong>plus qu\u2019un simple cours de langue<\/strong>&nbsp;: c\u2019est un chemin vers un monde plus vaste, mais aussi plus riche en <strong>opportunit\u00e9s<\/strong> dans le monde de la <strong>culture<\/strong>, des <strong>sciences<\/strong>, de la <strong>politique<\/strong> et des <strong>affaires<\/strong>.<\/p>\n\n\n\n<p>Choisir Espagnol et Monde c\u2019est faire le choix d\u2019une <strong>formation solide et compl\u00e8te<\/strong>, qui pr\u00e9pare non seulement aux \u00e9tudes coll\u00e9giales et universitaires, mais aussi \u00e0 un monde en constante \u00e9volution, o\u00f9 les citoyens engag\u00e9s, ouverts et plurilingues sont plus que jamais recherch\u00e9s.<\/p>\n\n\n\n<h2>R\u00e9partition des cours de l&rsquo;option Espagnol et monde<\/h2>\n\n\n\n<ul><li>1re secondaire&nbsp;: 2 p\u00e9riodes<\/li><li>2e secondaire&nbsp;: 3 p\u00e9riodes<\/li><li>3e secondaire&nbsp;: 4 p\u00e9riodes<\/li><li>4e secondaire&nbsp;: 3 p\u00e9riodes<\/li><\/ul>\n\n\n\n<p>Les cours sont donn\u00e9s par des <strong>professeurs hispanophones<\/strong> ayant v\u00e9cu dans un pays hispanophone.<\/p>\n","protected":false},"excerpt":{"rendered":"<p>Nous vivons une \u00e9poque o\u00f9 diversifier nos comp\u00e9tences et nos fa\u00e7ons d\u2019interagir avec le reste du monde n\u2019est plus simplement un atout, mais une n\u00e9cessit\u00e9 pour comprendre les enjeux politiques, \u00e9conomiques et culturels de demain. L\u2019option Espagnol et monde r\u00e9pond&#8230;<\/p>\n","protected":false},"author":45,"featured_media":-1,"parent":0,"menu_order":4,"comment_status":"closed","ping_status":"closed","template":"templates\/template-programme-v2.php","meta":{"_editorskit_title_hidden":false,"_editorskit_reading_time":1,"_editorskit_typography_data":[],"_editorskit_blocks_typography":""},"yoast_head":"<!-- This site is optimized with the Yoast SEO plugin v16.3 - https:\/\/yoast.com\/wordpress\/plugins\/seo\/ -->\n<title>Espagnol et monde - Secondaire<\/title>\n<meta name=\"robots\" content=\"index, follow, max-snippet:-1, max-image-preview:large, max-video-preview:-1\" \/>\n<link rel=\"canonical\" href=\"https:\/\/www.brebeuf.qc.ca\/secondaire\/espagnol-monde-histoire-hispanique\/\" \/>\n<meta property=\"og:locale\" content=\"fr_FR\" \/>\n<meta property=\"og:type\" content=\"article\" \/>\n<meta property=\"og:title\" content=\"Espagnol et monde - Secondaire\" \/>\n<meta property=\"og:description\" content=\"Nous vivons une \u00e9poque o\u00f9 diversifier nos comp\u00e9tences et nos fa\u00e7ons d\u2019interagir avec le reste du monde n\u2019est plus simplement un atout, mais une n\u00e9cessit\u00e9 pour comprendre les enjeux politiques, \u00e9conomiques et culturels de demain. L\u2019option Espagnol et monde r\u00e9pond...\" \/>\n<meta property=\"og:url\" content=\"https:\/\/www.brebeuf.qc.ca\/secondaire\/espagnol-monde-histoire-hispanique\/\" \/>\n<meta property=\"og:site_name\" content=\"Secondaire\" \/>\n<meta property=\"article:modified_time\" content=\"2025-11-06T16:12:40+00:00\" \/>\n<meta name=\"twitter:label1\" content=\"Dur\u00e9e de lecture est.\">\n\t<meta name=\"twitter:data1\" content=\"2 minutes\">\n<script type=\"application\/ld+json\" class=\"yoast-schema-graph\">{\"@context\":\"https:\/\/schema.org\",\"@graph\":[{\"@type\":\"WebSite\",\"@id\":\"https:\/\/www.brebeuf.qc.ca\/secondaire\/#website\",\"url\":\"https:\/\/www.brebeuf.qc.ca\/secondaire\/\",\"name\":\"Secondaire\",\"description\":\"Coll\\u00e8ge priv\\u00e9 | Secondaire | Coll\\u00e9gial\",\"potentialAction\":[{\"@type\":\"SearchAction\",\"target\":\"https:\/\/www.brebeuf.qc.ca\/secondaire\/?s={search_term_string}\",\"query-input\":\"required name=search_term_string\"}],\"inLanguage\":\"fr-FR\"},{\"@type\":\"ImageObject\",\"@id\":\"https:\/\/www.brebeuf.qc.ca\/secondaire\/espagnol-monde-histoire-hispanique\/#primaryimage\",\"inLanguage\":\"fr-FR\",\"url\":\"\",\"contentUrl\":\"\"},{\"@type\":\"WebPage\",\"@id\":\"https:\/\/www.brebeuf.qc.ca\/secondaire\/espagnol-monde-histoire-hispanique\/#webpage\",\"url\":\"https:\/\/www.brebeuf.qc.ca\/secondaire\/espagnol-monde-histoire-hispanique\/\",\"name\":\"Espagnol et monde - Secondaire\",\"isPartOf\":{\"@id\":\"https:\/\/www.brebeuf.qc.ca\/secondaire\/#website\"},\"primaryImageOfPage\":{\"@id\":\"https:\/\/www.brebeuf.qc.ca\/secondaire\/espagnol-monde-histoire-hispanique\/#primaryimage\"},\"datePublished\":\"2021-06-14T19:55:03+00:00\",\"dateModified\":\"2025-11-06T16:12:40+00:00\",\"breadcrumb\":{\"@id\":\"https:\/\/www.brebeuf.qc.ca\/secondaire\/espagnol-monde-histoire-hispanique\/#breadcrumb\"},\"inLanguage\":\"fr-FR\",\"potentialAction\":[{\"@type\":\"ReadAction\",\"target\":[\"https:\/\/www.brebeuf.qc.ca\/secondaire\/espagnol-monde-histoire-hispanique\/\"]}]},{\"@type\":\"BreadcrumbList\",\"@id\":\"https:\/\/www.brebeuf.qc.ca\/secondaire\/espagnol-monde-histoire-hispanique\/#breadcrumb\",\"itemListElement\":[{\"@type\":\"ListItem\",\"position\":1,\"item\":{\"@type\":\"WebPage\",\"@id\":\"https:\/\/www.brebeuf.qc.ca\/secondaire\/\",\"url\":\"https:\/\/www.brebeuf.qc.ca\/secondaire\/\",\"name\":\"Home\"}},{\"@type\":\"ListItem\",\"position\":2,\"item\":{\"@id\":\"https:\/\/www.brebeuf.qc.ca\/secondaire\/espagnol-monde-histoire-hispanique\/#webpage\"}}]}]}<\/script>\n<!-- \/ Yoast SEO plugin. -->","_links":{"self":[{"href":"https:\/\/www.brebeuf.qc.ca\/secondaire\/wp-json\/wp\/v2\/pages\/2587"}],"collection":[{"href":"https:\/\/www.brebeuf.qc.ca\/secondaire\/wp-json\/wp\/v2\/pages"}],"about":[{"href":"https:\/\/www.brebeuf.qc.ca\/secondaire\/wp-json\/wp\/v2\/types\/page"}],"author":[{"embeddable":true,"href":"https:\/\/www.brebeuf.qc.ca\/secondaire\/wp-json\/wp\/v2\/users\/45"}],"replies":[{"embeddable":true,"href":"https:\/\/www.brebeuf.qc.ca\/secondaire\/wp-json\/wp\/v2\/comments?post=2587"}],"version-history":[{"count":24,"href":"https:\/\/www.brebeuf.qc.ca\/secondaire\/wp-json\/wp\/v2\/pages\/2587\/revisions"}],"predecessor-version":[{"id":5137,"href":"https:\/\/www.brebeuf.qc.ca\/secondaire\/wp-json\/wp\/v2\/pages\/2587\/revisions\/5137"}],"wp:featuredmedia":[{"embeddable":true,"href":"https:\/\/www.brebeuf.qc.ca\/secondaire\/wp-json\/wp\/v2\/media\/-1"}],"wp:attachment":[{"href":"https:\/\/www.brebeuf.qc.ca\/secondaire\/wp-json\/wp\/v2\/media?parent=2587"}],"curies":[{"name":"wp","href":"https:\/\/api.w.org\/{rel}","templated":true}]}}