{"id":168,"date":"2014-08-22T20:33:27","date_gmt":"2014-08-22T20:33:27","guid":{"rendered":"https:\/\/www.brebeuf.qc.ca\/secondaire-garcons\/?page_id=168"},"modified":"2026-01-08T16:22:18","modified_gmt":"2026-01-08T16:22:18","slug":"non-lintimidation","status":"publish","type":"page","link":"https:\/\/www.brebeuf.qc.ca\/secondaire\/non-lintimidation\/","title":{"rendered":"Non \u00e0 l&rsquo;intimidation et \u00e0 la violence"},"content":{"rendered":"<p style=\"text-align: left;\">Le Coll\u00e8ge pratique <strong>la tol\u00e9rance z\u00e9ro<\/strong> envers toute situation probl\u00e9matique et tout comportement inappropri\u00e9 qui peuvent porter atteinte \u00e0 l\u2019int\u00e9grit\u00e9 de nos \u00e9l\u00e8ves. Nous nous engageons \u00e0 pr\u00eater assistance \u00e0 tous les \u00e9l\u00e8ves qui sont victimes de violence et d\u2019intimidation.<\/p>\n<p style=\"text-align: left;\">Divers moyens ont \u00e9t\u00e9 mis \u00e0 votre disposition pour signaler un acte d\u2019intimidation. Nous encourageons les t\u00e9moins et les parents \u00e0 s\u2019adresser \u00e0 un membre de l\u2019\u00e9quipe-\u00e9cole qui l\u2019accueillera et l\u2019accompagnera tout au long de la d\u00e9marche en toute confidentialit\u00e9.<\/p>\n<p style=\"text-align: left;\"><strong>Pour effectuer un signalement :<\/strong><\/p>\n<ul style=\"text-align: left;\">\n<li>Pour d\u00e9noncer une situation d\u2019intimidation ou de violence entre des \u00e9l\u00e8ves de fa\u00e7on anonyme*, cliquez <a href=\"https:\/\/brebeuf-estd.omnivox.ca\/estd\/frma\/?ID=385\"><strong>ici.<\/strong><\/a><\/li>\n<li>Adresse courriel \u00e0 l&rsquo;interne <a href=\"mailto:jedenonce@brebeuf.qc.ca\">jedenonce@brebeuf.qc.ca<\/a>.<\/li>\n<li>Ligne t\u00e9l\u00e9phonique anonyme <strong>514 342-9342<\/strong> poste <strong>5999<\/strong>.<\/li>\n<\/ul>\n<p><em>*Sachez que pour intervenir de mani\u00e8re efficace, nous avons besoin de faits concrets (exemples) pour faire notre enqu\u00eate. Au minimum, le nom des \u00e9l\u00e8ves impliqu\u00e9s dans la situation doit \u00eatre mentionn\u00e9.<\/em><\/p>\n<p style=\"text-align: left;\"><strong>Guide des parents<\/strong><\/p>\n<ul>\n<li><a href=\"https:\/\/www.brebeuf.qc.ca\/secondaire\/wp-content\/uploads\/sites\/4\/2021\/09\/lexique_intimidation.pdf\" target=\"_blank\" rel=\"noopener noreferrer\">Lexique commun de l&rsquo;intimidation<\/a><!--StartFragment --><\/li>\n<li class=\"pf0\"><span class=\"cf0\">Plan de lutte contre l\u2019intimidation et la violence<\/span><\/li>\n<\/ul>\n<p><!--EndFragment --><\/p>\n","protected":false},"excerpt":{"rendered":"<p>Le Coll\u00e8ge pratique la tol\u00e9rance z\u00e9ro envers toute situation probl\u00e9matique et tout comportement inappropri\u00e9 qui peuvent porter atteinte \u00e0 l\u2019int\u00e9grit\u00e9 de nos \u00e9l\u00e8ves. Nous nous engageons \u00e0 pr\u00eater assistance \u00e0 tous les \u00e9l\u00e8ves qui sont victimes de violence et d\u2019intimidation&#8230;.<\/p>\n","protected":false},"author":3,"featured_media":4390,"parent":0,"menu_order":0,"comment_status":"open","ping_status":"closed","template":"templates\/template-personnalisable.php","meta":{"_editorskit_title_hidden":false,"_editorskit_reading_time":0,"_editorskit_typography_data":[],"_editorskit_blocks_typography":""},"yoast_head":"<!-- This site is optimized with the Yoast SEO plugin v16.3 - https:\/\/yoast.com\/wordpress\/plugins\/seo\/ -->\n<title>Non \u00e0 l&#039;intimidation et \u00e0 la violence - Secondaire<\/title>\n<meta name=\"robots\" content=\"index, follow, max-snippet:-1, max-image-preview:large, max-video-preview:-1\" \/>\n<link rel=\"canonical\" href=\"https:\/\/www.brebeuf.qc.ca\/secondaire\/non-lintimidation\/\" \/>\n<meta property=\"og:locale\" content=\"fr_FR\" \/>\n<meta property=\"og:type\" content=\"article\" \/>\n<meta property=\"og:title\" content=\"Non \u00e0 l&#039;intimidation et \u00e0 la violence - Secondaire\" \/>\n<meta property=\"og:description\" content=\"Le Coll\u00e8ge pratique la tol\u00e9rance z\u00e9ro envers toute situation probl\u00e9matique et tout comportement inappropri\u00e9 qui peuvent porter atteinte \u00e0 l\u2019int\u00e9grit\u00e9 de nos \u00e9l\u00e8ves. Nous nous engageons \u00e0 pr\u00eater assistance \u00e0 tous les \u00e9l\u00e8ves qui sont victimes de violence et d\u2019intimidation....\" \/>\n<meta property=\"og:url\" content=\"https:\/\/www.brebeuf.qc.ca\/secondaire\/non-lintimidation\/\" \/>\n<meta property=\"og:site_name\" content=\"Secondaire\" \/>\n<meta property=\"article:modified_time\" content=\"2026-01-08T16:22:18+00:00\" \/>\n<meta property=\"og:image\" content=\"https:\/\/www.brebeuf.qc.ca\/secondaire\/wp-content\/uploads\/sites\/4\/2024\/07\/Intimidation.png\" \/>\n\t<meta property=\"og:image:width\" content=\"1400\" \/>\n\t<meta property=\"og:image:height\" content=\"240\" \/>\n<meta name=\"twitter:label1\" content=\"Dur\u00e9e de lecture est.\">\n\t<meta name=\"twitter:data1\" content=\"1 minute\">\n<script type=\"application\/ld+json\" class=\"yoast-schema-graph\">{\"@context\":\"https:\/\/schema.org\",\"@graph\":[{\"@type\":\"WebSite\",\"@id\":\"https:\/\/www.brebeuf.qc.ca\/secondaire\/#website\",\"url\":\"https:\/\/www.brebeuf.qc.ca\/secondaire\/\",\"name\":\"Secondaire\",\"description\":\"Coll\\u00e8ge priv\\u00e9 | Secondaire | Coll\\u00e9gial\",\"potentialAction\":[{\"@type\":\"SearchAction\",\"target\":\"https:\/\/www.brebeuf.qc.ca\/secondaire\/?s={search_term_string}\",\"query-input\":\"required name=search_term_string\"}],\"inLanguage\":\"fr-FR\"},{\"@type\":\"ImageObject\",\"@id\":\"https:\/\/www.brebeuf.qc.ca\/secondaire\/non-lintimidation\/#primaryimage\",\"inLanguage\":\"fr-FR\",\"url\":\"https:\/\/www.brebeuf.qc.ca\/secondaire\/wp-content\/uploads\/sites\/4\/2024\/07\/Intimidation.png\",\"contentUrl\":\"https:\/\/www.brebeuf.qc.ca\/secondaire\/wp-content\/uploads\/sites\/4\/2024\/07\/Intimidation.png\",\"width\":1400,\"height\":240},{\"@type\":\"WebPage\",\"@id\":\"https:\/\/www.brebeuf.qc.ca\/secondaire\/non-lintimidation\/#webpage\",\"url\":\"https:\/\/www.brebeuf.qc.ca\/secondaire\/non-lintimidation\/\",\"name\":\"Non \\u00e0 l'intimidation et \\u00e0 la violence - Secondaire\",\"isPartOf\":{\"@id\":\"https:\/\/www.brebeuf.qc.ca\/secondaire\/#website\"},\"primaryImageOfPage\":{\"@id\":\"https:\/\/www.brebeuf.qc.ca\/secondaire\/non-lintimidation\/#primaryimage\"},\"datePublished\":\"2014-08-22T20:33:27+00:00\",\"dateModified\":\"2026-01-08T16:22:18+00:00\",\"breadcrumb\":{\"@id\":\"https:\/\/www.brebeuf.qc.ca\/secondaire\/non-lintimidation\/#breadcrumb\"},\"inLanguage\":\"fr-FR\",\"potentialAction\":[{\"@type\":\"ReadAction\",\"target\":[\"https:\/\/www.brebeuf.qc.ca\/secondaire\/non-lintimidation\/\"]}]},{\"@type\":\"BreadcrumbList\",\"@id\":\"https:\/\/www.brebeuf.qc.ca\/secondaire\/non-lintimidation\/#breadcrumb\",\"itemListElement\":[{\"@type\":\"ListItem\",\"position\":1,\"item\":{\"@type\":\"WebPage\",\"@id\":\"https:\/\/www.brebeuf.qc.ca\/secondaire\/\",\"url\":\"https:\/\/www.brebeuf.qc.ca\/secondaire\/\",\"name\":\"Home\"}},{\"@type\":\"ListItem\",\"position\":2,\"item\":{\"@id\":\"https:\/\/www.brebeuf.qc.ca\/secondaire\/non-lintimidation\/#webpage\"}}]}]}<\/script>\n<!-- \/ Yoast SEO plugin. -->","_links":{"self":[{"href":"https:\/\/www.brebeuf.qc.ca\/secondaire\/wp-json\/wp\/v2\/pages\/168"}],"collection":[{"href":"https:\/\/www.brebeuf.qc.ca\/secondaire\/wp-json\/wp\/v2\/pages"}],"about":[{"href":"https:\/\/www.brebeuf.qc.ca\/secondaire\/wp-json\/wp\/v2\/types\/page"}],"author":[{"embeddable":true,"href":"https:\/\/www.brebeuf.qc.ca\/secondaire\/wp-json\/wp\/v2\/users\/3"}],"replies":[{"embeddable":true,"href":"https:\/\/www.brebeuf.qc.ca\/secondaire\/wp-json\/wp\/v2\/comments?post=168"}],"version-history":[{"count":14,"href":"https:\/\/www.brebeuf.qc.ca\/secondaire\/wp-json\/wp\/v2\/pages\/168\/revisions"}],"predecessor-version":[{"id":5176,"href":"https:\/\/www.brebeuf.qc.ca\/secondaire\/wp-json\/wp\/v2\/pages\/168\/revisions\/5176"}],"wp:featuredmedia":[{"embeddable":true,"href":"https:\/\/www.brebeuf.qc.ca\/secondaire\/wp-json\/wp\/v2\/media\/4390"}],"wp:attachment":[{"href":"https:\/\/www.brebeuf.qc.ca\/secondaire\/wp-json\/wp\/v2\/media?parent=168"}],"curies":[{"name":"wp","href":"https:\/\/api.w.org\/{rel}","templated":true}]}}