{"id":156,"date":"2014-08-22T20:16:42","date_gmt":"2014-08-22T20:16:42","guid":{"rendered":"https:\/\/www.brebeuf.qc.ca\/secondaire-garcons\/?page_id=156"},"modified":"2026-01-08T16:19:52","modified_gmt":"2026-01-08T16:19:52","slug":"code-vestimentaire","status":"publish","type":"page","link":"https:\/\/www.brebeuf.qc.ca\/secondaire\/code-vestimentaire\/","title":{"rendered":"Code vestimentaire pour tous les \u00e9l\u00e8ves"},"content":{"rendered":"\n<h4><strong>Notez que le code vestimentaire doit \u00eatre respect\u00e9 d\u00e8s le premier jour de la rentr\u00e9e scolaire et ce, jusqu\u2019au dernier jour des examens de juin.<\/strong><\/h4>\n\n\n\n<h2><span id=\"De_la_1re_a_la_4e_secondaire\"><strong>De la 1<sup>re<\/sup> \u00e0 la 4<sup>e<\/sup> secondaire<\/strong><\/span><\/h2>\n\n\n\n<p><strong>Tenue vestimentaire prescrite<\/strong><\/p>\n\n\n\n<ul><li>Polo ou col roul\u00e9 de type classique port\u00e9 aux hanches, manches courtes ou longues;<\/li><li>Chemise ou blouse avec col, manches courtes ou longues, boutonn\u00e9e convenablement;<\/li><li>Coton ouat\u00e9 \u00e0 col rond, qui respecte les restrictions de motifs, messages et logos, port\u00e9 par-dessus le polo, le col roul\u00e9, la chemise ou la blouse;<\/li><li>Pull ou cardigan port\u00e9 par-dessus le polo, la chemise ou la blouse \u00e0 col;<\/li><li>Pantalon de ville de couleur neutre;<\/li><li>Bermuda de style \u00ab golf \u00bb, robe avec col boutonn\u00e9 convenablement ou jupe, port\u00e9s au genou et opaques;<\/li><li>Chaussettes ou collants opaques;<\/li><li>Chaussures de cuir ferm\u00e9es, non marquantes, de couleur unie (noire, brune ou marine), dont le talon ou la semelle ne d\u00e9passe pas 5 cm de hauteur.<\/li><\/ul>\n\n\n\n<p><strong>Ne sont pas autoris\u00e9s<\/strong><\/p>\n\n\n\n<ul><li>Les espadrilles sport, les bottes et les bottillons ;\u202f<\/li><li>Les v\u00eatements trou\u00e9s ou effiloch\u00e9s;<\/li><li>Les pantalons ou jupes de jeans, de coton ouat\u00e9, les cargos ou les leggings et les v\u00eatements de sport (incluant les v\u00eatements des sports-\u00e9lites);<\/li><li>Les v\u00eatements qui d\u00e9couvrent les \u00e9paules, le ventre, le dos et les cuisses;<\/li><li>Les chandails de style kangourou, incluant celui de Br\u00e9beuf;<\/li><li>Les gaminets sans col (T-shirt), les vestes de sport et les chandails et vestes en laine polaire;<\/li><li>Les casquettes, chapeaux, bonnets;<\/li><li>Les motifs de type \u00ab camouflage \u00bb;<\/li><li>Tout v\u00eatement ou accessoire faisant la promotion de l&rsquo;alcool, de la drogue et de la pornographie, ou incitant \u00e0 la violence, au racisme, au sexisme, etc.<\/li><li>Tout v\u00eatement avec marque, dessin, \u00e9criture ou logo surdimensionn\u00e9 (qui d\u00e9passe la dimension de 5&#215;5 cm).<\/li><\/ul>\n\n\n\n<h2><span id=\"De_la_5e_secondaire\"><strong>De la 5<sup>e<\/sup> secondaire<\/strong><\/span><\/h2>\n\n\n\n<p>Le code vestimentaire de la 5<sup>e<\/sup> secondaire est le m\u00eame que celui de la 1<sup>re<\/sup> \u00e0 la 4<sup>e<\/sup> secondaire, qui veut que la tenue soit propre et soign\u00e9e.<\/p>\n\n\n\n<p><strong>Toutefois, \u00e0 celui-ci s\u2019ajoute le privil\u00e8ge du port&nbsp;:<\/strong><\/p>\n\n\n\n<ul><li>Des pantalons ou jupes de jeans et pantalons cargos, non trou\u00e9s ou effiloch\u00e9s;<\/li><li>Des gaminets sans col (T-shirt \u00e0 col rond), qui respectent les restrictions de messages. Notez que les cols en V et les cols de type bateau ne sont pas autoris\u00e9s.<\/li><li>De toute chaussure ferm\u00e9e non marquante, dont le talon ou la semelle ne d\u00e9passe pas 5 cm de hauteur.\u202f Notez que les mules, les bottes et les bottillons ne sont pas autoris\u00e9s.\u202f<\/li><li>Des chandails \u00e0 capuchon qui respectent les restrictions de messages, en notant que le capuchon ne soit pas port\u00e9 sur la t\u00eate.<\/li><\/ul>\n\n\n\n<p>Le code vestimentaire participe \u00e0 une ambiance propice aux \u00e9tudes. Il rappelle en effet que l&rsquo;\u00e9cole n\u2019est pas un lieu comme les autres. C\u2019est un lieu o\u00f9 l&rsquo;on doit adopter une certaine tenue, dans tous les sens du terme, afin de relever les d\u00e9fis propres \u00e0 ceux d\u2019un \u00e9l\u00e8ve. Nous souhaitons ainsi cr\u00e9er un environnement empreint de professionnalisme et de d\u00e9corum.<\/p>\n\n\n\n<p>Il serait plus facile d\u2019imposer un uniforme, mais en appelant \u00e0 se conformer \u00e0 un code plut\u00f4t qu&rsquo;\u00e0 obliger l&rsquo;uniforme, on enjoint davantage l\u2019\u00e9l\u00e8ve \u00e0 exercer son jugement et \u00e0 faire preuve de discernement; disposition plus en phase avec la philosophie de l\u2019\u00e9ducation qui pr\u00e9vaut au Coll\u00e8ge.<\/p>\n\n\n\n<h2><span id=\"Tenue_vestimentaire_pour_la_pratique_des_sports\"><strong>Tenue vestimentaire pour la pratique des sports<\/strong><\/span><\/h2>\n\n\n\n<p>Pour des raisons d\u2019hygi\u00e8ne et de confort, les \u00e9l\u00e8ves qui pratiquent une activit\u00e9 physique doivent porter des v\u00eatements de sport du Coll\u00e8ge et des chaussures multisports qui ne marquent pas les planchers (\u00e0 proscrire : chaussures de planche \u00e0 roulettes, chaussures de randonn\u00e9e, etc.).<\/p>\n\n\n\n<p>Il est recommand\u00e9 d\u2019avoir une paire de chaussures diff\u00e9rente pour les sports int\u00e9rieurs et pour les sports ext\u00e9rieurs.<\/p>\n\n\n\n<p>La tenue d\u2019\u00e9ducation physique du Coll\u00e8ge (short, t-shirt, camisole et surv\u00eatement complet) est exig\u00e9e lors des cours int\u00e9gr\u00e9s \u00e0 l\u2019horaire.<\/p>\n\n\n\n<p>Pour des raisons de s\u00e9curit\u00e9, les cheveux longs doivent \u00eatre attach\u00e9s, et le hijab sportif est fortement recommand\u00e9 pour celles qui le portent.<\/p>\n<div id=\"toc_container\" class=\"no_bullets\"><p class=\"toc_title\">Sommaire<\/p><ul class=\"toc_list\"><li><a href=\"#De_la_1re_a_la_4e_secondaire\">De la 1re \u00e0 la 4e secondaire<\/a><\/li><li><a href=\"#De_la_5e_secondaire\">De la 5e secondaire<\/a><\/li><li><a href=\"#Tenue_vestimentaire_pour_la_pratique_des_sports\">Tenue vestimentaire pour la pratique des sports<\/a><\/li><\/ul><\/div>\n","protected":false},"excerpt":{"rendered":"<p>Notez que le code vestimentaire doit \u00eatre respect\u00e9 d\u00e8s le premier jour de la rentr\u00e9e scolaire et ce, jusqu\u2019au dernier jour des examens de juin. De la 1re \u00e0 la 4e secondaire Tenue vestimentaire prescrite Polo ou col roul\u00e9 de&#8230;<\/p>\n","protected":false},"author":3,"featured_media":4888,"parent":0,"menu_order":0,"comment_status":"open","ping_status":"closed","template":"templates\/template-personnalisable.php","meta":{"_editorskit_title_hidden":false,"_editorskit_reading_time":2,"_editorskit_typography_data":[],"_editorskit_blocks_typography":""},"yoast_head":"<!-- This site is optimized with the Yoast SEO plugin v16.3 - https:\/\/yoast.com\/wordpress\/plugins\/seo\/ -->\n<title>Code vestimentaire pour tous les \u00e9l\u00e8ves - Secondaire<\/title>\n<meta name=\"robots\" content=\"index, follow, max-snippet:-1, max-image-preview:large, max-video-preview:-1\" \/>\n<link rel=\"canonical\" href=\"https:\/\/www.brebeuf.qc.ca\/secondaire\/code-vestimentaire\/\" \/>\n<meta property=\"og:locale\" content=\"fr_FR\" \/>\n<meta property=\"og:type\" content=\"article\" \/>\n<meta property=\"og:title\" content=\"Code vestimentaire pour tous les \u00e9l\u00e8ves - Secondaire\" \/>\n<meta property=\"og:description\" content=\"Notez que le code vestimentaire doit \u00eatre respect\u00e9 d\u00e8s le premier jour de la rentr\u00e9e scolaire et ce, jusqu\u2019au dernier jour des examens de juin. De la 1re \u00e0 la 4e secondaire Tenue vestimentaire prescrite Polo ou col roul\u00e9 de...\" \/>\n<meta property=\"og:url\" content=\"https:\/\/www.brebeuf.qc.ca\/secondaire\/code-vestimentaire\/\" \/>\n<meta property=\"og:site_name\" content=\"Secondaire\" \/>\n<meta property=\"article:modified_time\" content=\"2026-01-08T16:19:52+00:00\" \/>\n<meta property=\"og:image\" content=\"https:\/\/www.brebeuf.qc.ca\/secondaire\/wp-content\/uploads\/sites\/4\/2025\/05\/Code-vestimentaire.png\" \/>\n\t<meta property=\"og:image:width\" content=\"1400\" \/>\n\t<meta property=\"og:image:height\" content=\"240\" \/>\n<meta name=\"twitter:label1\" content=\"Dur\u00e9e de lecture est.\">\n\t<meta name=\"twitter:data1\" content=\"3 minutes\">\n<script type=\"application\/ld+json\" class=\"yoast-schema-graph\">{\"@context\":\"https:\/\/schema.org\",\"@graph\":[{\"@type\":\"WebSite\",\"@id\":\"https:\/\/www.brebeuf.qc.ca\/secondaire\/#website\",\"url\":\"https:\/\/www.brebeuf.qc.ca\/secondaire\/\",\"name\":\"Secondaire\",\"description\":\"Coll\\u00e8ge priv\\u00e9 | Secondaire | Coll\\u00e9gial\",\"potentialAction\":[{\"@type\":\"SearchAction\",\"target\":\"https:\/\/www.brebeuf.qc.ca\/secondaire\/?s={search_term_string}\",\"query-input\":\"required name=search_term_string\"}],\"inLanguage\":\"fr-FR\"},{\"@type\":\"ImageObject\",\"@id\":\"https:\/\/www.brebeuf.qc.ca\/secondaire\/code-vestimentaire\/#primaryimage\",\"inLanguage\":\"fr-FR\",\"url\":\"https:\/\/www.brebeuf.qc.ca\/secondaire\/wp-content\/uploads\/sites\/4\/2025\/05\/Code-vestimentaire.png\",\"contentUrl\":\"https:\/\/www.brebeuf.qc.ca\/secondaire\/wp-content\/uploads\/sites\/4\/2025\/05\/Code-vestimentaire.png\",\"width\":1400,\"height\":240},{\"@type\":\"WebPage\",\"@id\":\"https:\/\/www.brebeuf.qc.ca\/secondaire\/code-vestimentaire\/#webpage\",\"url\":\"https:\/\/www.brebeuf.qc.ca\/secondaire\/code-vestimentaire\/\",\"name\":\"Code vestimentaire pour tous les \\u00e9l\\u00e8ves - Secondaire\",\"isPartOf\":{\"@id\":\"https:\/\/www.brebeuf.qc.ca\/secondaire\/#website\"},\"primaryImageOfPage\":{\"@id\":\"https:\/\/www.brebeuf.qc.ca\/secondaire\/code-vestimentaire\/#primaryimage\"},\"datePublished\":\"2014-08-22T20:16:42+00:00\",\"dateModified\":\"2026-01-08T16:19:52+00:00\",\"breadcrumb\":{\"@id\":\"https:\/\/www.brebeuf.qc.ca\/secondaire\/code-vestimentaire\/#breadcrumb\"},\"inLanguage\":\"fr-FR\",\"potentialAction\":[{\"@type\":\"ReadAction\",\"target\":[\"https:\/\/www.brebeuf.qc.ca\/secondaire\/code-vestimentaire\/\"]}]},{\"@type\":\"BreadcrumbList\",\"@id\":\"https:\/\/www.brebeuf.qc.ca\/secondaire\/code-vestimentaire\/#breadcrumb\",\"itemListElement\":[{\"@type\":\"ListItem\",\"position\":1,\"item\":{\"@type\":\"WebPage\",\"@id\":\"https:\/\/www.brebeuf.qc.ca\/secondaire\/\",\"url\":\"https:\/\/www.brebeuf.qc.ca\/secondaire\/\",\"name\":\"Home\"}},{\"@type\":\"ListItem\",\"position\":2,\"item\":{\"@id\":\"https:\/\/www.brebeuf.qc.ca\/secondaire\/code-vestimentaire\/#webpage\"}}]}]}<\/script>\n<!-- \/ Yoast SEO plugin. -->","_links":{"self":[{"href":"https:\/\/www.brebeuf.qc.ca\/secondaire\/wp-json\/wp\/v2\/pages\/156"}],"collection":[{"href":"https:\/\/www.brebeuf.qc.ca\/secondaire\/wp-json\/wp\/v2\/pages"}],"about":[{"href":"https:\/\/www.brebeuf.qc.ca\/secondaire\/wp-json\/wp\/v2\/types\/page"}],"author":[{"embeddable":true,"href":"https:\/\/www.brebeuf.qc.ca\/secondaire\/wp-json\/wp\/v2\/users\/3"}],"replies":[{"embeddable":true,"href":"https:\/\/www.brebeuf.qc.ca\/secondaire\/wp-json\/wp\/v2\/comments?post=156"}],"version-history":[{"count":29,"href":"https:\/\/www.brebeuf.qc.ca\/secondaire\/wp-json\/wp\/v2\/pages\/156\/revisions"}],"predecessor-version":[{"id":5174,"href":"https:\/\/www.brebeuf.qc.ca\/secondaire\/wp-json\/wp\/v2\/pages\/156\/revisions\/5174"}],"wp:featuredmedia":[{"embeddable":true,"href":"https:\/\/www.brebeuf.qc.ca\/secondaire\/wp-json\/wp\/v2\/media\/4888"}],"wp:attachment":[{"href":"https:\/\/www.brebeuf.qc.ca\/secondaire\/wp-json\/wp\/v2\/media?parent=156"}],"curies":[{"name":"wp","href":"https:\/\/api.w.org\/{rel}","templated":true}]}}