{"id":1349,"date":"2019-08-19T16:27:00","date_gmt":"2019-08-19T16:27:00","guid":{"rendered":"https:\/\/www.brebeuf.qc.ca\/secondaire\/?page_id=1349"},"modified":"2026-01-28T17:00:07","modified_gmt":"2026-01-28T17:00:07","slug":"volleyball-elite","status":"publish","type":"page","link":"https:\/\/www.brebeuf.qc.ca\/secondaire\/sports-filles\/volleyball-elite\/","title":{"rendered":"Volleyball \u00e9lite filles"},"content":{"rendered":"\n<h2><span id=\"Les_equipes_2025-2026\">Les \u00e9quipes 2025-2026<\/span><\/h2>\n\n\n\n<figure class=\"wp-block-gallery columns-3 is-cropped\"><ul class=\"blocks-gallery-grid\"><li class=\"blocks-gallery-item\"><figure><a href=\"https:\/\/www.brebeuf.qc.ca\/secondaire\/wp-content\/uploads\/sites\/4\/2026\/01\/A1_3412.jpg\" data-rel=\"lightbox-image-0\" data-rl_title=\"\" data-rl_caption=\"\" title=\"\"><img loading=\"lazy\" width=\"3000\" height=\"2000\" src=\"https:\/\/www.brebeuf.qc.ca\/secondaire\/wp-content\/uploads\/sites\/4\/2026\/01\/A1_3412.jpg\" alt=\"\" data-id=\"5197\" data-link=\"https:\/\/www.brebeuf.qc.ca\/secondaire\/sports-filles\/volleyball-elite\/a1_3412\/\" class=\"wp-image-5197\"\/><\/a><figcaption class=\"blocks-gallery-item__caption\">Atome f\u00e9minin D3<\/figcaption><\/figure><\/li><li class=\"blocks-gallery-item\"><figure><a href=\"https:\/\/www.brebeuf.qc.ca\/secondaire\/wp-content\/uploads\/sites\/4\/2026\/01\/A1_3304.jpg\" data-rel=\"lightbox-image-1\" data-rl_title=\"\" data-rl_caption=\"\" title=\"\"><img loading=\"lazy\" width=\"3000\" height=\"2000\" src=\"https:\/\/www.brebeuf.qc.ca\/secondaire\/wp-content\/uploads\/sites\/4\/2026\/01\/A1_3304.jpg\" alt=\"\" data-id=\"5198\" data-link=\"https:\/\/www.brebeuf.qc.ca\/secondaire\/sports-filles\/volleyball-elite\/a1_3304\/\" class=\"wp-image-5198\"\/><\/a><figcaption class=\"blocks-gallery-item__caption\">Atome f\u00e9minin D4<\/figcaption><\/figure><\/li><li class=\"blocks-gallery-item\"><figure><a href=\"https:\/\/www.brebeuf.qc.ca\/secondaire\/wp-content\/uploads\/sites\/4\/2026\/01\/A1_3391.jpg\" data-rel=\"lightbox-image-2\" data-rl_title=\"\" data-rl_caption=\"\" title=\"\"><img loading=\"lazy\" width=\"3000\" height=\"2000\" src=\"https:\/\/www.brebeuf.qc.ca\/secondaire\/wp-content\/uploads\/sites\/4\/2026\/01\/A1_3391.jpg\" alt=\"\" data-id=\"5200\" data-link=\"https:\/\/www.brebeuf.qc.ca\/secondaire\/sports-filles\/volleyball-elite\/a1_3391\/\" class=\"wp-image-5200\"\/><\/a><figcaption class=\"blocks-gallery-item__caption\">Benjamin f\u00e9minin D3<\/figcaption><\/figure><\/li><li class=\"blocks-gallery-item\"><figure><a href=\"https:\/\/www.brebeuf.qc.ca\/secondaire\/wp-content\/uploads\/sites\/4\/2026\/01\/A1_3368.jpg\" data-rel=\"lightbox-image-3\" data-rl_title=\"\" data-rl_caption=\"\" title=\"\"><img loading=\"lazy\" width=\"3000\" height=\"2000\" src=\"https:\/\/www.brebeuf.qc.ca\/secondaire\/wp-content\/uploads\/sites\/4\/2026\/01\/A1_3368.jpg\" alt=\"\" data-id=\"5201\" data-link=\"https:\/\/www.brebeuf.qc.ca\/secondaire\/sports-filles\/volleyball-elite\/a1_3368\/\" class=\"wp-image-5201\"\/><\/a><figcaption class=\"blocks-gallery-item__caption\">Benjamin f\u00e9minin D4<\/figcaption><\/figure><\/li><li class=\"blocks-gallery-item\"><figure><a href=\"https:\/\/www.brebeuf.qc.ca\/secondaire\/wp-content\/uploads\/sites\/4\/2026\/01\/A1_3552.jpg\" data-rel=\"lightbox-image-4\" data-rl_title=\"\" data-rl_caption=\"\" title=\"\"><img loading=\"lazy\" width=\"3000\" height=\"2000\" src=\"https:\/\/www.brebeuf.qc.ca\/secondaire\/wp-content\/uploads\/sites\/4\/2026\/01\/A1_3552.jpg\" alt=\"\" data-id=\"5203\" data-link=\"https:\/\/www.brebeuf.qc.ca\/secondaire\/sports-filles\/volleyball-elite\/a1_3552\/\" class=\"wp-image-5203\"\/><\/a><figcaption class=\"blocks-gallery-item__caption\">Cadet f\u00e9minin D3<\/figcaption><\/figure><\/li><li class=\"blocks-gallery-item\"><figure><a href=\"https:\/\/www.brebeuf.qc.ca\/secondaire\/wp-content\/uploads\/sites\/4\/2026\/01\/A1_3585.jpg\" data-rel=\"lightbox-image-5\" data-rl_title=\"\" data-rl_caption=\"\" title=\"\"><img loading=\"lazy\" width=\"3000\" height=\"2000\" src=\"https:\/\/www.brebeuf.qc.ca\/secondaire\/wp-content\/uploads\/sites\/4\/2026\/01\/A1_3585.jpg\" alt=\"\" data-id=\"5202\" data-link=\"https:\/\/www.brebeuf.qc.ca\/secondaire\/sports-filles\/volleyball-elite\/a1_3585\/\" class=\"wp-image-5202\"\/><\/a><figcaption class=\"blocks-gallery-item__caption\">Cadet f\u00e9minin D4<\/figcaption><\/figure><\/li><li class=\"blocks-gallery-item\"><figure><a href=\"https:\/\/www.brebeuf.qc.ca\/secondaire\/wp-content\/uploads\/sites\/4\/2026\/01\/A1_3327.jpg\" data-rel=\"lightbox-image-6\" data-rl_title=\"\" data-rl_caption=\"\" title=\"\"><img loading=\"lazy\" width=\"3000\" height=\"2000\" src=\"https:\/\/www.brebeuf.qc.ca\/secondaire\/wp-content\/uploads\/sites\/4\/2026\/01\/A1_3327.jpg\" alt=\"\" data-id=\"5204\" data-link=\"https:\/\/www.brebeuf.qc.ca\/secondaire\/sports-filles\/volleyball-elite\/a1_3327\/\" class=\"wp-image-5204\"\/><\/a><figcaption class=\"blocks-gallery-item__caption\">Cadet f\u00e9minin D4<\/figcaption><\/figure><\/li><li class=\"blocks-gallery-item\"><figure><a href=\"https:\/\/www.brebeuf.qc.ca\/secondaire\/wp-content\/uploads\/sites\/4\/2026\/01\/A1_3349.jpg\" data-rel=\"lightbox-image-7\" data-rl_title=\"\" data-rl_caption=\"\" title=\"\"><img loading=\"lazy\" width=\"3000\" height=\"2000\" src=\"https:\/\/www.brebeuf.qc.ca\/secondaire\/wp-content\/uploads\/sites\/4\/2026\/01\/A1_3349.jpg\" alt=\"\" data-id=\"5205\" data-link=\"https:\/\/www.brebeuf.qc.ca\/secondaire\/sports-filles\/volleyball-elite\/a1_3349\/\" class=\"wp-image-5205\"\/><\/a><figcaption class=\"blocks-gallery-item__caption\">Cadet f\u00e9minin D4<\/figcaption><\/figure><\/li><\/ul><\/figure>\n\n\n<h2><span id=\"Programme_de_volleyball\">Programme de volleyball<\/span><\/h2>\n<p><strong>La tradition d&rsquo;excellence en volleyball<\/strong> au Coll\u00e8ge Br\u00e9beuf remonte <strong>\u00e0 plus de 60 ans!<\/strong><\/p>\n<p>Un programme des divisions 3 et 2 existe de la 1re secondaire jusqu&rsquo;au coll\u00e9gial.<\/p>\n<p><strong>La liste des \u00e9quipes :<\/strong><\/p>\n<ul>\n<li>Atome f\u00e9minin et masculin en 1re secondaire<\/li>\n<li>Benjamin f\u00e9minin et masculin en 2e secondaire<\/li>\n<li>Cadet f\u00e9minin et masculin en 3e et 4e secondaire<\/li>\n<li>Juv\u00e9nile f\u00e9minin et masculin en 5e secondaire<\/li>\n<\/ul>\n<p>L&rsquo;int\u00e9gration des \u00e9quipes de volleyball au coll\u00e9gial se fait en division 2.<\/p>\n<p>Chaque ann\u00e9e, des joueurs de Br\u00e9beuf sont s\u00e9lectionn\u00e9s au sein de l&rsquo;\u00e9quipe espoir du Qu\u00e9bec et parfois m\u00eame, du Canada. Des jeunes de notre programme obtiennent r\u00e9guli\u00e8rement des succ\u00e8s au niveau provincial.<\/p>\n<h2><span id=\"Un_programme_sportif_drsquoexcellence\">Un programme sportif d&rsquo;excellence<\/span><\/h2>\n<p>Un programme sportif d&rsquo;envergure favorise le meilleur d\u00e9veloppement de nos \u00e9l\u00e8ves athl\u00e8tes.<\/p>\n<p><strong>La saison se d\u00e9roule de septembre \u00e0 avril<\/strong>, avec des horaires adapt\u00e9s aux exigences scolaires :<\/p>\n<ul>\n<li>4 \u00e0 5 heures d&rsquo;entra\u00eenement par semaine, apr\u00e8s les heures de cours<\/li>\n<li>Une p\u00e9riode de pr\u00e9paration physique par semaine<\/li>\n<li>Participation \u00e0 la ligue scolaire RSEQ en division 3 et 2<\/li>\n<li>Participation \u00e0 quelques tournois entre octobre et avril<\/li>\n<li>Des tournois et des activit\u00e9s conjointes avec toutes les \u00e9quipes du programme de volley du coll\u00e8ge<\/li>\n<\/ul>\n<p>Notre \u00e9quipe est compos\u00e9e d&rsquo;entra\u00eeneurs qualifi\u00e9s et exp\u00e9riment\u00e9s : des \u00e9ducateurs physiques, un pr\u00e9parateur physique, d&rsquo;anciens joueurs de niveau universitaire et coll\u00e9gial, ainsi que des anciens du coll\u00e8ge.<\/p>\n<p>Nos entra\u00eeneurs ont tous v\u00e9cu la comp\u00e9tition de haut niveau et connaissent bien la tradition d&rsquo;excellence du Coll\u00e8ge Br\u00e9beuf.<\/p>\n<p>Une \u00e9troite collaboration avec le club civil celtique de Montr\u00e9al ainsi que les Carabins de l&rsquo;Universit\u00e9 de Montr\u00e9al contribue \u00e0 hausser le d\u00e9veloppement de nos \u00e9l\u00e8ves athl\u00e8tes au niveau \u00e9lite.<\/p>\n<hr>\n<p>Pour davantage d\u2019informations, veuillez contacter<\/p>\n<ul>\n<li style=\"text-align: justify\">M. Simon Beauregard<\/li>\n<li style=\"text-align: justify\">responsable du programme de volleyball<\/li>\n<li style=\"text-align: justify\"><strong>T\u00e9l. : 514 342-9342<\/strong> poste <strong>5617<\/strong><\/li>\n<li><a href=\"mailto:simon.beauregard@brebeuf.qc.ca\" target=\"_blank\" rel=\"noopener noreferrer\" data-auth=\"NotApplicable\">simon.beauregard@brebeuf.qc.ca<\/a><\/li>\n<\/ul>\n<hr>\n<h3>Horaires et r\u00e9sultats<\/h3>\n<p><strong>Pour suivre la ligue scolaire RSEQ-Montr\u00e9al<\/strong><\/p>\n<ul>\n<li><strong><a href=\"http:\/\/diffusion.rseq.ca\/Default.aspx?Type=Team&amp;TeamId=4413a0a8-dd17-40c0-8687-093f0f6262df\"><span lang=\"en-CA\">Atome f\u00e9minin<\/span><\/a><\/strong><\/li>\n<li><strong><a href=\"http:\/\/diffusion.rseq.ca\/Default.aspx?Type=Team&amp;TeamId=3c1a0171-c06b-4c81-8477-8e2f31c511db\">Benjamin f\u00e9minin<\/a><\/strong><\/li>\n<li><strong><a href=\"http:\/\/diffusion.rseq.ca\/Default.aspx?Type=Team&amp;TeamId=8357c75c-873f-45dc-ae18-defe8b032b99\">Cadet f\u00e9minin<\/a><\/strong><\/li>\n<\/ul>\n\n\n<figure class=\"wp-block-gallery columns-6 is-cropped\"><ul class=\"blocks-gallery-grid\"><li class=\"blocks-gallery-item\"><figure><a href=\"https:\/\/www.brebeuf.qc.ca\/secondaire\/wp-content\/uploads\/sites\/4\/2021\/12\/volleyball_filles_4.jpg\" data-rel=\"lightbox-image-8\" data-rl_title=\"\" data-rl_caption=\"\" title=\"\"><img loading=\"lazy\" width=\"533\" height=\"800\" src=\"https:\/\/www.brebeuf.qc.ca\/secondaire\/wp-content\/uploads\/sites\/4\/2021\/12\/volleyball_filles_4.jpg\" alt=\"\" data-id=\"3108\" data-link=\"https:\/\/www.brebeuf.qc.ca\/secondaire\/sports-filles\/volleyball-elite\/photographe-31\/\" class=\"wp-image-3108\"\/><\/a><\/figure><\/li><li class=\"blocks-gallery-item\"><figure><a href=\"https:\/\/www.brebeuf.qc.ca\/secondaire\/wp-content\/uploads\/sites\/4\/2021\/12\/volleyball_filles_5.jpg\" data-rel=\"lightbox-image-9\" data-rl_title=\"\" data-rl_caption=\"\" title=\"\"><img loading=\"lazy\" width=\"533\" height=\"800\" src=\"https:\/\/www.brebeuf.qc.ca\/secondaire\/wp-content\/uploads\/sites\/4\/2021\/12\/volleyball_filles_5.jpg\" alt=\"\" data-id=\"3109\" data-link=\"https:\/\/www.brebeuf.qc.ca\/secondaire\/sports-filles\/volleyball-elite\/photographe-32\/\" class=\"wp-image-3109\"\/><\/a><\/figure><\/li><li class=\"blocks-gallery-item\"><figure><a href=\"https:\/\/www.brebeuf.qc.ca\/secondaire\/wp-content\/uploads\/sites\/4\/2021\/12\/volleyball_filles_6.jpg\" data-rel=\"lightbox-image-10\" data-rl_title=\"\" data-rl_caption=\"\" title=\"\"><img loading=\"lazy\" width=\"607\" height=\"800\" src=\"https:\/\/www.brebeuf.qc.ca\/secondaire\/wp-content\/uploads\/sites\/4\/2021\/12\/volleyball_filles_6.jpg\" alt=\"\" data-id=\"3110\" data-link=\"https:\/\/www.brebeuf.qc.ca\/secondaire\/sports-filles\/volleyball-elite\/photographe-33\/\" class=\"wp-image-3110\"\/><\/a><\/figure><\/li><li class=\"blocks-gallery-item\"><figure><a href=\"https:\/\/www.brebeuf.qc.ca\/secondaire\/wp-content\/uploads\/sites\/4\/2021\/12\/volleyball_filles_7.jpg\" data-rel=\"lightbox-image-11\" data-rl_title=\"\" data-rl_caption=\"\" title=\"\"><img loading=\"lazy\" width=\"696\" height=\"800\" src=\"https:\/\/www.brebeuf.qc.ca\/secondaire\/wp-content\/uploads\/sites\/4\/2021\/12\/volleyball_filles_7.jpg\" alt=\"\" data-id=\"3111\" data-link=\"https:\/\/www.brebeuf.qc.ca\/secondaire\/sports-filles\/volleyball-elite\/photographe-34\/\" class=\"wp-image-3111\"\/><\/a><\/figure><\/li><li class=\"blocks-gallery-item\"><figure><a href=\"https:\/\/www.brebeuf.qc.ca\/secondaire\/wp-content\/uploads\/sites\/4\/2021\/12\/volleyball_filles_8.jpg\" data-rel=\"lightbox-image-12\" data-rl_title=\"\" data-rl_caption=\"\" title=\"\"><img loading=\"lazy\" width=\"533\" height=\"800\" src=\"https:\/\/www.brebeuf.qc.ca\/secondaire\/wp-content\/uploads\/sites\/4\/2021\/12\/volleyball_filles_8.jpg\" alt=\"\" data-id=\"3112\" data-link=\"https:\/\/www.brebeuf.qc.ca\/secondaire\/sports-filles\/volleyball-elite\/photographe-35\/\" class=\"wp-image-3112\"\/><\/a><\/figure><\/li><li class=\"blocks-gallery-item\"><figure><a href=\"https:\/\/www.brebeuf.qc.ca\/secondaire\/wp-content\/uploads\/sites\/4\/2021\/12\/volleyball_filles_9.jpg\" data-rel=\"lightbox-image-13\" data-rl_title=\"\" data-rl_caption=\"\" title=\"\"><img loading=\"lazy\" width=\"533\" height=\"800\" src=\"https:\/\/www.brebeuf.qc.ca\/secondaire\/wp-content\/uploads\/sites\/4\/2021\/12\/volleyball_filles_9.jpg\" alt=\"\" data-id=\"3113\" data-link=\"https:\/\/www.brebeuf.qc.ca\/secondaire\/sports-filles\/volleyball-elite\/photographe-36\/\" class=\"wp-image-3113\"\/><\/a><\/figure><\/li><li class=\"blocks-gallery-item\"><figure><a href=\"https:\/\/www.brebeuf.qc.ca\/secondaire\/wp-content\/uploads\/sites\/4\/2021\/12\/volleyball_filles_10.jpg\" data-rel=\"lightbox-image-14\" data-rl_title=\"\" data-rl_caption=\"\" title=\"\"><img loading=\"lazy\" width=\"533\" height=\"800\" src=\"https:\/\/www.brebeuf.qc.ca\/secondaire\/wp-content\/uploads\/sites\/4\/2021\/12\/volleyball_filles_10.jpg\" alt=\"\" data-id=\"3114\" data-link=\"https:\/\/www.brebeuf.qc.ca\/secondaire\/sports-filles\/volleyball-elite\/photographe-37\/\" class=\"wp-image-3114\"\/><\/a><\/figure><\/li><li class=\"blocks-gallery-item\"><figure><a href=\"https:\/\/www.brebeuf.qc.ca\/secondaire\/wp-content\/uploads\/sites\/4\/2021\/12\/volleyball_filles_11.jpg\" data-rel=\"lightbox-image-15\" data-rl_title=\"\" data-rl_caption=\"\" title=\"\"><img loading=\"lazy\" width=\"533\" height=\"800\" src=\"https:\/\/www.brebeuf.qc.ca\/secondaire\/wp-content\/uploads\/sites\/4\/2021\/12\/volleyball_filles_11.jpg\" alt=\"\" data-id=\"3115\" data-link=\"https:\/\/www.brebeuf.qc.ca\/secondaire\/sports-filles\/volleyball-elite\/photographe-38\/\" class=\"wp-image-3115\"\/><\/a><\/figure><\/li><li class=\"blocks-gallery-item\"><figure><a href=\"https:\/\/www.brebeuf.qc.ca\/secondaire\/wp-content\/uploads\/sites\/4\/2021\/12\/volleyball_filles_12.jpg\" data-rel=\"lightbox-image-16\" data-rl_title=\"\" data-rl_caption=\"\" title=\"\"><img loading=\"lazy\" width=\"533\" height=\"800\" src=\"https:\/\/www.brebeuf.qc.ca\/secondaire\/wp-content\/uploads\/sites\/4\/2021\/12\/volleyball_filles_12.jpg\" alt=\"\" data-id=\"3116\" data-link=\"https:\/\/www.brebeuf.qc.ca\/secondaire\/sports-filles\/volleyball-elite\/photographe-39\/\" class=\"wp-image-3116\"\/><\/a><\/figure><\/li><li class=\"blocks-gallery-item\"><figure><a href=\"https:\/\/www.brebeuf.qc.ca\/secondaire\/wp-content\/uploads\/sites\/4\/2021\/12\/volleyball_filles_13.jpg\" data-rel=\"lightbox-image-17\" data-rl_title=\"\" data-rl_caption=\"\" title=\"\"><img loading=\"lazy\" width=\"533\" height=\"800\" src=\"https:\/\/www.brebeuf.qc.ca\/secondaire\/wp-content\/uploads\/sites\/4\/2021\/12\/volleyball_filles_13.jpg\" alt=\"\" data-id=\"3117\" data-link=\"https:\/\/www.brebeuf.qc.ca\/secondaire\/sports-filles\/volleyball-elite\/photographe-40\/\" class=\"wp-image-3117\"\/><\/a><\/figure><\/li><li class=\"blocks-gallery-item\"><figure><a href=\"https:\/\/www.brebeuf.qc.ca\/secondaire\/wp-content\/uploads\/sites\/4\/2021\/12\/volleyball_filles_14.jpg\" data-rel=\"lightbox-image-18\" data-rl_title=\"\" data-rl_caption=\"\" title=\"\"><img loading=\"lazy\" width=\"533\" height=\"800\" src=\"https:\/\/www.brebeuf.qc.ca\/secondaire\/wp-content\/uploads\/sites\/4\/2021\/12\/volleyball_filles_14.jpg\" alt=\"\" data-id=\"3118\" data-link=\"https:\/\/www.brebeuf.qc.ca\/secondaire\/sports-filles\/volleyball-elite\/photographe-41\/\" class=\"wp-image-3118\"\/><\/a><\/figure><\/li><li class=\"blocks-gallery-item\"><figure><a href=\"https:\/\/www.brebeuf.qc.ca\/secondaire\/wp-content\/uploads\/sites\/4\/2021\/12\/volleyball_filles_15.jpg\" data-rel=\"lightbox-image-19\" data-rl_title=\"\" data-rl_caption=\"\" title=\"\"><img loading=\"lazy\" width=\"533\" height=\"800\" src=\"https:\/\/www.brebeuf.qc.ca\/secondaire\/wp-content\/uploads\/sites\/4\/2021\/12\/volleyball_filles_15.jpg\" alt=\"\" data-id=\"3119\" data-link=\"https:\/\/www.brebeuf.qc.ca\/secondaire\/sports-filles\/volleyball-elite\/photographe-42\/\" class=\"wp-image-3119\"\/><\/a><\/figure><\/li><li class=\"blocks-gallery-item\"><figure><a href=\"https:\/\/www.brebeuf.qc.ca\/secondaire\/wp-content\/uploads\/sites\/4\/2021\/12\/volleyball_filles_16.jpg\" data-rel=\"lightbox-image-20\" data-rl_title=\"\" data-rl_caption=\"\" title=\"\"><img loading=\"lazy\" width=\"533\" height=\"800\" src=\"https:\/\/www.brebeuf.qc.ca\/secondaire\/wp-content\/uploads\/sites\/4\/2021\/12\/volleyball_filles_16.jpg\" alt=\"\" data-id=\"3121\" data-link=\"https:\/\/www.brebeuf.qc.ca\/secondaire\/sports-filles\/volleyball-elite\/photographe-43\/\" class=\"wp-image-3121\"\/><\/a><\/figure><\/li><li class=\"blocks-gallery-item\"><figure><a href=\"https:\/\/www.brebeuf.qc.ca\/secondaire\/wp-content\/uploads\/sites\/4\/2021\/12\/volleyball_filles_17.jpg\" data-rel=\"lightbox-image-21\" data-rl_title=\"\" data-rl_caption=\"\" title=\"\"><img loading=\"lazy\" width=\"533\" height=\"800\" src=\"https:\/\/www.brebeuf.qc.ca\/secondaire\/wp-content\/uploads\/sites\/4\/2021\/12\/volleyball_filles_17.jpg\" alt=\"\" data-id=\"3122\" data-link=\"https:\/\/www.brebeuf.qc.ca\/secondaire\/sports-filles\/volleyball-elite\/photographe-44\/\" class=\"wp-image-3122\"\/><\/a><\/figure><\/li><li class=\"blocks-gallery-item\"><figure><a href=\"https:\/\/www.brebeuf.qc.ca\/secondaire\/wp-content\/uploads\/sites\/4\/2021\/12\/volleyball_filles_18.jpg\" data-rel=\"lightbox-image-22\" data-rl_title=\"\" data-rl_caption=\"\" title=\"\"><img loading=\"lazy\" width=\"1000\" height=\"667\" src=\"https:\/\/www.brebeuf.qc.ca\/secondaire\/wp-content\/uploads\/sites\/4\/2021\/12\/volleyball_filles_18.jpg\" alt=\"\" data-id=\"3123\" data-link=\"https:\/\/www.brebeuf.qc.ca\/secondaire\/sports-filles\/volleyball-elite\/photographe-45\/\" class=\"wp-image-3123\"\/><\/a><\/figure><\/li><li class=\"blocks-gallery-item\"><figure><a href=\"https:\/\/www.brebeuf.qc.ca\/secondaire\/wp-content\/uploads\/sites\/4\/2021\/12\/volleyball_filles_19.jpg\" data-rel=\"lightbox-image-23\" data-rl_title=\"\" data-rl_caption=\"\" title=\"\"><img loading=\"lazy\" width=\"904\" height=\"800\" src=\"https:\/\/www.brebeuf.qc.ca\/secondaire\/wp-content\/uploads\/sites\/4\/2021\/12\/volleyball_filles_19.jpg\" alt=\"\" data-id=\"3124\" data-link=\"https:\/\/www.brebeuf.qc.ca\/secondaire\/sports-filles\/volleyball-elite\/photographe-46\/\" class=\"wp-image-3124\"\/><\/a><\/figure><\/li><\/ul><\/figure>\n<div id=\"toc_container\" class=\"no_bullets\"><p class=\"toc_title\">Sommaire<\/p><ul class=\"toc_list\"><li><a href=\"#Les_equipes_2025-2026\">Les \u00e9quipes 2025-2026<\/a><\/li><li><a href=\"#Programme_de_volleyball\">Programme de volleyball<\/a><\/li><li><a href=\"#Un_programme_sportif_drsquoexcellence\">Un programme sportif d&rsquo;excellence<\/a><\/li><\/ul><\/div>\n","protected":false},"excerpt":{"rendered":"<p>Les \u00e9quipes 2025-2026 Programme de volleyball La tradition d&rsquo;excellence en volleyball au Coll\u00e8ge Br\u00e9beuf remonte \u00e0 plus de 60 ans! Un programme des divisions 3 et 2 existe de la 1re secondaire jusqu&rsquo;au coll\u00e9gial. La liste des \u00e9quipes : Atome&#8230;<\/p>\n","protected":false},"author":1,"featured_media":4378,"parent":1341,"menu_order":0,"comment_status":"closed","ping_status":"closed","template":"templates\/template-personnalisable.php","meta":{"_editorskit_title_hidden":false,"_editorskit_reading_time":2,"_editorskit_typography_data":[],"_editorskit_blocks_typography":""},"yoast_head":"<!-- This site is optimized with the Yoast SEO plugin v16.3 - https:\/\/yoast.com\/wordpress\/plugins\/seo\/ -->\n<title>Volleyball \u00e9lite filles - Secondaire<\/title>\n<meta name=\"robots\" content=\"index, follow, max-snippet:-1, max-image-preview:large, max-video-preview:-1\" \/>\n<link rel=\"canonical\" href=\"https:\/\/www.brebeuf.qc.ca\/secondaire\/sports-filles\/volleyball-elite\/\" \/>\n<meta property=\"og:locale\" content=\"fr_FR\" \/>\n<meta property=\"og:type\" content=\"article\" \/>\n<meta property=\"og:title\" content=\"Volleyball \u00e9lite filles - Secondaire\" \/>\n<meta property=\"og:description\" content=\"Les \u00e9quipes 2025-2026 Programme de volleyball La tradition d&rsquo;excellence en volleyball au Coll\u00e8ge Br\u00e9beuf remonte \u00e0 plus de 60 ans! Un programme des divisions 3 et 2 existe de la 1re secondaire jusqu&rsquo;au coll\u00e9gial. La liste des \u00e9quipes : Atome...\" \/>\n<meta property=\"og:url\" content=\"https:\/\/www.brebeuf.qc.ca\/secondaire\/sports-filles\/volleyball-elite\/\" \/>\n<meta property=\"og:site_name\" content=\"Secondaire\" \/>\n<meta property=\"article:modified_time\" content=\"2026-01-28T17:00:07+00:00\" \/>\n<meta property=\"og:image\" content=\"https:\/\/www.brebeuf.qc.ca\/secondaire\/wp-content\/uploads\/sites\/4\/2024\/07\/Volleyball_secondaire-1.png\" \/>\n\t<meta property=\"og:image:width\" content=\"1400\" \/>\n\t<meta property=\"og:image:height\" content=\"240\" \/>\n<meta name=\"twitter:label1\" content=\"Dur\u00e9e de lecture est.\">\n\t<meta name=\"twitter:data1\" content=\"7 minutes\">\n<script type=\"application\/ld+json\" class=\"yoast-schema-graph\">{\"@context\":\"https:\/\/schema.org\",\"@graph\":[{\"@type\":\"WebSite\",\"@id\":\"https:\/\/www.brebeuf.qc.ca\/secondaire\/#website\",\"url\":\"https:\/\/www.brebeuf.qc.ca\/secondaire\/\",\"name\":\"Secondaire\",\"description\":\"Coll\\u00e8ge priv\\u00e9 | Secondaire | Coll\\u00e9gial\",\"potentialAction\":[{\"@type\":\"SearchAction\",\"target\":\"https:\/\/www.brebeuf.qc.ca\/secondaire\/?s={search_term_string}\",\"query-input\":\"required name=search_term_string\"}],\"inLanguage\":\"fr-FR\"},{\"@type\":\"ImageObject\",\"@id\":\"https:\/\/www.brebeuf.qc.ca\/secondaire\/sports-filles\/volleyball-elite\/#primaryimage\",\"inLanguage\":\"fr-FR\",\"url\":\"https:\/\/www.brebeuf.qc.ca\/secondaire\/wp-content\/uploads\/sites\/4\/2024\/07\/Volleyball_secondaire-1.png\",\"contentUrl\":\"https:\/\/www.brebeuf.qc.ca\/secondaire\/wp-content\/uploads\/sites\/4\/2024\/07\/Volleyball_secondaire-1.png\",\"width\":1400,\"height\":240},{\"@type\":\"WebPage\",\"@id\":\"https:\/\/www.brebeuf.qc.ca\/secondaire\/sports-filles\/volleyball-elite\/#webpage\",\"url\":\"https:\/\/www.brebeuf.qc.ca\/secondaire\/sports-filles\/volleyball-elite\/\",\"name\":\"Volleyball \\u00e9lite filles - Secondaire\",\"isPartOf\":{\"@id\":\"https:\/\/www.brebeuf.qc.ca\/secondaire\/#website\"},\"primaryImageOfPage\":{\"@id\":\"https:\/\/www.brebeuf.qc.ca\/secondaire\/sports-filles\/volleyball-elite\/#primaryimage\"},\"datePublished\":\"2019-08-19T16:27:00+00:00\",\"dateModified\":\"2026-01-28T17:00:07+00:00\",\"breadcrumb\":{\"@id\":\"https:\/\/www.brebeuf.qc.ca\/secondaire\/sports-filles\/volleyball-elite\/#breadcrumb\"},\"inLanguage\":\"fr-FR\",\"potentialAction\":[{\"@type\":\"ReadAction\",\"target\":[\"https:\/\/www.brebeuf.qc.ca\/secondaire\/sports-filles\/volleyball-elite\/\"]}]},{\"@type\":\"BreadcrumbList\",\"@id\":\"https:\/\/www.brebeuf.qc.ca\/secondaire\/sports-filles\/volleyball-elite\/#breadcrumb\",\"itemListElement\":[{\"@type\":\"ListItem\",\"position\":1,\"item\":{\"@type\":\"WebPage\",\"@id\":\"https:\/\/www.brebeuf.qc.ca\/secondaire\/\",\"url\":\"https:\/\/www.brebeuf.qc.ca\/secondaire\/\",\"name\":\"Home\"}},{\"@type\":\"ListItem\",\"position\":2,\"item\":{\"@type\":\"WebPage\",\"@id\":\"https:\/\/www.brebeuf.qc.ca\/secondaire\/sports-filles\/\",\"url\":\"https:\/\/www.brebeuf.qc.ca\/secondaire\/sports-filles\/\",\"name\":\"Sports filles\"}},{\"@type\":\"ListItem\",\"position\":3,\"item\":{\"@id\":\"https:\/\/www.brebeuf.qc.ca\/secondaire\/sports-filles\/volleyball-elite\/#webpage\"}}]}]}<\/script>\n<!-- \/ Yoast SEO plugin. -->","_links":{"self":[{"href":"https:\/\/www.brebeuf.qc.ca\/secondaire\/wp-json\/wp\/v2\/pages\/1349"}],"collection":[{"href":"https:\/\/www.brebeuf.qc.ca\/secondaire\/wp-json\/wp\/v2\/pages"}],"about":[{"href":"https:\/\/www.brebeuf.qc.ca\/secondaire\/wp-json\/wp\/v2\/types\/page"}],"author":[{"embeddable":true,"href":"https:\/\/www.brebeuf.qc.ca\/secondaire\/wp-json\/wp\/v2\/users\/1"}],"replies":[{"embeddable":true,"href":"https:\/\/www.brebeuf.qc.ca\/secondaire\/wp-json\/wp\/v2\/comments?post=1349"}],"version-history":[{"count":35,"href":"https:\/\/www.brebeuf.qc.ca\/secondaire\/wp-json\/wp\/v2\/pages\/1349\/revisions"}],"predecessor-version":[{"id":5211,"href":"https:\/\/www.brebeuf.qc.ca\/secondaire\/wp-json\/wp\/v2\/pages\/1349\/revisions\/5211"}],"up":[{"embeddable":true,"href":"https:\/\/www.brebeuf.qc.ca\/secondaire\/wp-json\/wp\/v2\/pages\/1341"}],"wp:featuredmedia":[{"embeddable":true,"href":"https:\/\/www.brebeuf.qc.ca\/secondaire\/wp-json\/wp\/v2\/media\/4378"}],"wp:attachment":[{"href":"https:\/\/www.brebeuf.qc.ca\/secondaire\/wp-json\/wp\/v2\/media?parent=1349"}],"curies":[{"name":"wp","href":"https:\/\/api.w.org\/{rel}","templated":true}]}}