{"id":98,"date":"2014-07-30T16:41:21","date_gmt":"2014-07-30T16:41:21","guid":{"rendered":"http:\/\/www.brebeuf.qc.ca\/collegial\/?page_id=98"},"modified":"2024-07-11T20:05:20","modified_gmt":"2024-07-11T20:05:20","slug":"concours-intercollegiaux","status":"publish","type":"page","link":"https:\/\/www.brebeuf.qc.ca\/collegial\/vie-etudiante\/concours-intercollegiaux\/","title":{"rendered":"Concours"},"content":{"rendered":"\n<p>Dans tous les domaines d\u2019activit\u00e9s, le Coll\u00e8ge encourage le d\u00e9passement de l\u2019excellence par une vari\u00e9t\u00e9 de concours permettant aux \u00e9tudiants de se mesurer.<\/p>\n\n\n\n<h2><span id=\"Cegeps_en_spectacle\"><a href=\"https:\/\/www.brebeuf.qc.ca\/collegial\/vie-etudiante\/activites_socioculturelles_comites\/cegeps-en-spectacle\/\" target=\"_blank\" aria-label=\" (opens in a new tab)\" rel=\"noreferrer noopener\" class=\"ek-link\">C\u00e9geps en spectacle<\/a><\/span><\/h2>\n\n\n\n<p>Tu as du talent en arts de la sc\u00e8ne? Comme interpr\u00e8te ou auteur-compositeur, que ce soit en th\u00e9\u00e2tre, art oratoire, humour, cirque, danse, musique ou chant, ce concours est pour toi!<\/p>\n\n\n\n<ul id=\"block-1c823443-0ad4-4e78-b32a-bf1f023d1210\"><li>Plusieurs prix \u00e0 gagner \u00e0 chaque \u00e9tape.<\/li><li>2 r\u00e8gles essentielles: 100% francophone et amateur.<\/li><li>Pour tous les d\u00e9tails: <a href=\"http:\/\/www.riasq.qc.ca\/\" target=\"_blank\" rel=\"noreferrer noopener\" class=\"ek-link\">www.riasq.qc.ca<\/a><\/li><\/ul>\n\n\n\n<p>Concours en trois \u00e9tapes :<\/p>\n\n\n\n<ol><li>Finale locale en f\u00e9vrier. 1 gagnant parmi les participants du coll\u00e8ge ira \u00e0 l\u2019\u00e9tape 2.<\/li><li>Finale r\u00e9gionale de Montr\u00e9al en mars. 2 gagnants passent \u00e0 l\u2019\u00e9tape 3.<\/li><li>Finale nationale en avril.<\/li><\/ol>\n\n\n\n<h2><span id=\"Concours_intercollegial_decriture_dramatique_lEgregore\">Concours intercoll\u00e9gial d\u2019\u00e9criture dramatique l\u2019\u00c9gr\u00e9gore<\/span><\/h2>\n\n\n\n<ul><li>Concours intercoll\u00e9gial de cr\u00e9ation th\u00e9\u00e2trale sans th\u00e8me impos\u00e9, organis\u00e9 par le Centre des auteurs dramatiques le RIASQ<\/li><li>Forme du texte : une pi\u00e8ce de th\u00e9\u00e2tre (pour le reste, la forme est libre, en autant qu\u2019elle respecte les r\u00e8gles de l\u2019\u00e9criture dramatique\u202f: personnages, didascalies, r\u00e9pliques\u2026)<\/li><li>\u00c0 gagner : stage de neuf heures avec un conseiller dramaturgique professionnel du CEAD et mise en lecture de la pi\u00e8ce.<\/li><li>Pour tous les d\u00e9tails: <a href=\"http:\/\/www.riasq.qc.ca\/\" target=\"_blank\" rel=\"noreferrer noopener\">www.riasq.qc.ca<\/a><\/li><\/ul>\n\n\n\n<h2><span id=\"Concours_litteraire_intercollegial_Critere\">Concours litt\u00e9raire intercoll\u00e9gial Crit\u00e8re<\/span><\/h2>\n\n\n\n<ul><li>Le concours <strong>Crit\u00e8re<\/strong> a pour objectif de faire rayonner la litt\u00e9rature, de mettre en lumi\u00e8re les jeunes auteurs et autrices de talent ainsi que de les accompagner dans un processus d\u2019\u00e9dition et de publication.<\/li><li>Les participants et participantes doivent soumettre une cr\u00e9ation originale qui respecte le th\u00e8me de l\u2019ann\u00e9e. Ils re\u00e7oivent une r\u00e9troaction des membres du jury compos\u00e9 d\u2019\u00e9crivains et d\u2019\u00e9crivaines ainsi que d\u2019enseignants et d\u2019enseignantes de litt\u00e9rature.<\/li><li>Les textes des huit gagnantes ou gagnants sont publi\u00e9s dans le Livre des laur\u00e9ats et ils se partagent 5 000 $ en prix.<\/li><\/ul>\n\n\n\n<h2><span id=\"ConcoursnbspLes_voix_de_la_poesie\">Concours&nbsp;<em>Les voix de la po\u00e9sie<\/em><\/span><\/h2>\n\n\n\n<ul><li>Le concours canadien de r\u00e9citation&nbsp;<em>Les voix de la po\u00e9sie<\/em>&nbsp;a lieu chaque ann\u00e9e de l\u2019automne au printemps.<\/li><li>Sa particularit\u00e9: son bilinguisme! Chacun peut participer au volet francophone, anglophone ou bilingue.<\/li><li>Les \u00e9tudiants choisissent des po\u00e8mes classiques et contemporains dans l\u2019anthologie fournie par l\u2019organisme&nbsp;<em>Les Voix de la po\u00e9sie<\/em>, organisateur de l\u2019\u00e9v\u00e9nement.<\/li><li>Ces po\u00e8mes seront ensuite analys\u00e9s en d\u00e9tail et m\u00e9moris\u00e9s, leur r\u00e9citation perfectionn\u00e9e et les \u00e9tudiants entreront en comp\u00e9tition pour gagner plus de 75 000 $ en prix et en voyage.<\/li><li>Concours en 4 \u00e9tapes : Concours en classe, Concours d\u2019\u00e9tablissement, Demi-finales en ligne et Grande finale dans une grande ville canadienne<\/li><li>Pour les d\u00e9tails:&nbsp;<a href=\"https:\/\/www.lesvoixdelapoesie.com\/reciter\" target=\"_blank\" rel=\"noreferrer noopener\">www.lesvoixdelapoesie.com\/reciter<\/a><\/li><\/ul>\n\n\n\n<h2><span id=\"Concours_Reflection_Second_Language_Writing\">Concours Reflection Second Language Writing<\/span><\/h2>\n\n\n\n<p>Concours litt\u00e9raire anglophone en collaboration avec le coll\u00e8ge Marianopolis.&nbsp;<\/p>\n\n\n\n<h2><span id=\"Recueil_intercollegial_de_poesienbspPour_linstant\">Recueil intercoll\u00e9gial de po\u00e9sie&nbsp;<em>Pour l\u2019instant<\/em><\/span><\/h2>\n\n\n\n<ul><li>Concours intercoll\u00e9gial de cr\u00e9ation po\u00e9tique sans th\u00e8me impos\u00e9<\/li><li>Forme du texte : prose ou vers libre, longueur maximale de 36 lignes par po\u00e8me<\/li><li>Les trois po\u00e8mes gagnants de Br\u00e9beuf seront soumis au concours provincial.<\/li><li>Les po\u00e8mes prim\u00e9s seront publi\u00e9s dans un recueil lanc\u00e9 en mai au coll\u00e8ge Ahuntsic.<\/li><li>Prix en argent \u00e0 gagner.<\/li><li>Pour tous les d\u00e9tails: <a href=\"http:\/\/www.riasq.qc.ca\/\" target=\"_blank\" rel=\"noreferrer noopener\" class=\"ek-link\">www.riasq.qc.ca<\/a><\/li><\/ul>\n\n\n\n<h2><span id=\"Revue_et_concours_Grave-Pupilles\">Revue et concours <em>Grave-Pupilles<\/em><\/span><\/h2>\n\n\n\n<ul><li>La revue litt\u00e9raire du Coll\u00e8ge est lanc\u00e9e chaque ann\u00e9e au d\u00e9but du mois de mai. Son comit\u00e9 de r\u00e9daction est constitu\u00e9 d\u2019\u00e9tudiant.es et de professeur.es. La forme et le contenu des textes soumis sont libres (genre narratif, th\u00e9\u00e2tre, po\u00e9sie, essai, forme hybride\u2026). Il peut s\u2019agir de cr\u00e9ations litt\u00e9raires r\u00e9alis\u00e9es dans le cadre des cours ou \u00e0 l\u2019ext\u00e9rieur des cours, plusieurs textes peuvent \u00eatre soumis.<\/li><li>Prix en argent \u00e0 gagner, pour la prose, la po\u00e9sie et les illustrations.<\/li><\/ul>\n\n\n\n<h2><span id=\"Concours_OSEntreprendre\">Concours OSEntreprendre<\/span><\/h2>\n\n\n\n<ul><li>Le concours d&rsquo;entrepreneuriat social (OSEntreprendre) invite les \u00e9tudiants int\u00e9ress\u00e9s \u00e0 approfondir des r\u00e9alit\u00e9s sociales o\u00f9 les moyens \u00e9conomiques sont limit\u00e9s pour r\u00e9pondre aux besoins d&rsquo;une population en particulier.<\/li><li>Tous les domaines de la vie en soci\u00e9t\u00e9 peuvent \u00eatre consid\u00e9r\u00e9s : sant\u00e9, \u00e9ducation, travail, immigration, alimentation, transport, communication, etc. <\/li><li>es \u00e9tudiants sont invit\u00e9s \u00e0 d\u00e9couvrir et \u00e0 s&rsquo;initier \u00e0 des mod\u00e8les alternatifs de gestion dans le but de d\u00e9velopper un projet d&rsquo;entrepreneuriat social qui r\u00e9pond \u00e0 un besoin sp\u00e9cifique d&rsquo;une population tout en recherchant la rentabilit\u00e9 \u00e9conomique du projet.<\/li><\/ul>\n\n\n\n<h2><span id=\"Concours_Philosopher\">Concours Philosopher<\/span><\/h2>\n\n\n\n<ul><li>Concours provincial s\u2019adressant \u00e0 tous les \u00e9tudiants du coll\u00e9gial.<\/li><li>Composition d\u2019un texte argumentatif de 2000 mots sur le sujet propos\u00e9.<\/li><li>On cherche \u00e0 d\u00e9velopper la r\u00e9flexion et l\u2019esprit critique.<\/li><li>Jury provincial.<\/li><\/ul>\n\n\n\n<h2><span id=\"Concours_de_mathematiques\">Concours de math\u00e9matiques<\/span><\/h2>\n\n\n\n<p>Plusieurs concours math\u00e9matiques ont lieu chaque ann\u00e9e et servent de pr\u00e9paration aux Olympiades canadiennes de math\u00e9matiques. Parmi ceux-ci, soulignons le concours de l\u2019Association math\u00e9matique du Qu\u00e9bec (AMQ) et le prestigieux concours Descartes de l\u2019Universit\u00e9 de Waterloo.<\/p>\n\n\n\n<h2><span id=\"Concours_Science_on_tourne\">Concours <em>Science, on tourne!<\/em><\/span><\/h2>\n\n\n\n<ul><li>Chaque ann\u00e9e,\u202f<em>Science, on tourne!\u202f<\/em>lance un d\u00e9fi scientifique et technique diff\u00e9rent que les participantes et les participants doivent relever en usant d\u2019ing\u00e9niosit\u00e9 et de d\u00e9brouillardise.<\/li><li>En faisant intervenir des ph\u00e9nom\u00e8nes physiques, chimiques, \u00e9lectriques et technologiques vari\u00e9s que les participants doivent \u00eatre capables d\u2019expliquer et de vulgariser, ce concours d\u00e9montre le caract\u00e8re passionnant de la science et favorise l\u2019int\u00e9gration d\u2019apprentissages techniques et scientifiques.<\/li><li>Annuellement, l\u2019\u00e9v\u00e9nement suscite la participation d\u2019environ 400 \u00e9tudiantes et \u00e9tudiants d\u2019une quarantaine de coll\u00e8ges.<\/li><\/ul>\n\n\n\n<h2><span id=\"Autres_concours\">Autres concours<\/span><\/h2>\n\n\n\n<ul><li><strong>Bourstad<\/strong> \u2013 Activit\u00e9 de simulation boursi\u00e8re provinciale sur internet. Ouvert aux \u00e9tudiants.<\/li><li><strong>Concours national de biologie<\/strong> \u2013 Concours ayant lieu \u00e0 l\u2019Universit\u00e9 de Toronto, s\u2019adressant \u00e0 tous les \u00e9tudiants du secondaire et du coll\u00e9gial et portant sur le programme de biologie du secondaire.<\/li><li><strong>Concours Expo Science<\/strong> \u2013 Concours de pr\u00e9sentation de projets scientifiques (en vulgarisation, exp\u00e9rimentation ou conception) favorisant la cr\u00e9ativit\u00e9 et le respect de la d\u00e9marche scientifique.<\/li><li><strong>Concours \u00ab G\u00e9nies en herbe g\u00e9n\u00e9tiquement modifi\u00e9s \u00bb<\/strong> \u2013 Ce concours a lieu tous les midis durant la Semaine des Sciences. Il s\u2019agit d\u2019un concours o\u00f9 des \u00e9quipes r\u00e9pondent \u00e0 des questions de chimie et de biologie. S\u00e9rieux et plaisirs assur\u00e9s!<\/li><\/ul>\n<div id=\"toc_container\" class=\"no_bullets\"><p class=\"toc_title\">Sommaire<\/p><ul class=\"toc_list\"><li><a href=\"#Cegeps_en_spectacle\">C\u00e9geps en spectacle<\/a><\/li><li><a href=\"#Concours_intercollegial_decriture_dramatique_lEgregore\">Concours intercoll\u00e9gial d\u2019\u00e9criture dramatique l\u2019\u00c9gr\u00e9gore<\/a><\/li><li><a href=\"#Concours_litteraire_intercollegial_Critere\">Concours litt\u00e9raire intercoll\u00e9gial Crit\u00e8re<\/a><\/li><li><a href=\"#ConcoursnbspLes_voix_de_la_poesie\">Concours&nbsp;Les voix de la po\u00e9sie<\/a><\/li><li><a href=\"#Concours_Reflection_Second_Language_Writing\">Concours Reflection Second Language Writing<\/a><\/li><li><a href=\"#Recueil_intercollegial_de_poesienbspPour_linstant\">Recueil intercoll\u00e9gial de po\u00e9sie&nbsp;Pour l\u2019instant<\/a><\/li><li><a href=\"#Revue_et_concours_Grave-Pupilles\">Revue et concours Grave-Pupilles<\/a><\/li><li><a href=\"#Concours_OSEntreprendre\">Concours OSEntreprendre<\/a><\/li><li><a href=\"#Concours_Philosopher\">Concours Philosopher<\/a><\/li><li><a href=\"#Concours_de_mathematiques\">Concours de math\u00e9matiques<\/a><\/li><li><a href=\"#Concours_Science_on_tourne\">Concours Science, on tourne!<\/a><\/li><li><a href=\"#Autres_concours\">Autres concours<\/a><\/li><\/ul><\/div>\n","protected":false},"excerpt":{"rendered":"<p>Dans tous les domaines d\u2019activit\u00e9s, le Coll\u00e8ge encourage le d\u00e9passement de l\u2019excellence par une vari\u00e9t\u00e9 de concours permettant aux \u00e9tudiants de se mesurer. C\u00e9geps en spectacle Tu as du talent en arts de la sc\u00e8ne? Comme interpr\u00e8te ou auteur-compositeur, que&#8230;<\/p>\n","protected":false},"author":2,"featured_media":8327,"parent":31,"menu_order":3,"comment_status":"open","ping_status":"closed","template":"templates\/template-personnalisable.php","meta":{"_editorskit_title_hidden":false,"_editorskit_reading_time":3,"_editorskit_typography_data":[],"_editorskit_blocks_typography":""},"yoast_head":"<!-- This site is optimized with the Yoast SEO plugin v16.3 - https:\/\/yoast.com\/wordpress\/plugins\/seo\/ -->\n<title>Concours - Coll\u00e9gial<\/title>\n<meta name=\"robots\" content=\"index, follow, max-snippet:-1, max-image-preview:large, max-video-preview:-1\" \/>\n<link rel=\"canonical\" href=\"https:\/\/www.brebeuf.qc.ca\/collegial\/vie-etudiante\/concours-intercollegiaux\/\" \/>\n<meta property=\"og:locale\" content=\"fr_FR\" \/>\n<meta property=\"og:type\" content=\"article\" \/>\n<meta property=\"og:title\" content=\"Concours - Coll\u00e9gial\" \/>\n<meta property=\"og:description\" content=\"Dans tous les domaines d\u2019activit\u00e9s, le Coll\u00e8ge encourage le d\u00e9passement de l\u2019excellence par une vari\u00e9t\u00e9 de concours permettant aux \u00e9tudiants de se mesurer. C\u00e9geps en spectacle Tu as du talent en arts de la sc\u00e8ne? Comme interpr\u00e8te ou auteur-compositeur, que...\" \/>\n<meta property=\"og:url\" content=\"https:\/\/www.brebeuf.qc.ca\/collegial\/vie-etudiante\/concours-intercollegiaux\/\" \/>\n<meta property=\"og:site_name\" content=\"Coll\u00e9gial\" \/>\n<meta property=\"article:modified_time\" content=\"2024-07-11T20:05:20+00:00\" \/>\n<meta property=\"og:image\" content=\"https:\/\/www.brebeuf.qc.ca\/collegial\/wp-content\/uploads\/sites\/2\/2024\/07\/Concours.png\" \/>\n\t<meta property=\"og:image:width\" content=\"1400\" \/>\n\t<meta property=\"og:image:height\" content=\"240\" \/>\n<meta name=\"twitter:label1\" content=\"Dur\u00e9e de lecture est.\">\n\t<meta name=\"twitter:data1\" content=\"4 minutes\">\n<script type=\"application\/ld+json\" class=\"yoast-schema-graph\">{\"@context\":\"https:\/\/schema.org\",\"@graph\":[{\"@type\":\"WebSite\",\"@id\":\"https:\/\/www.brebeuf.qc.ca\/collegial\/#website\",\"url\":\"https:\/\/www.brebeuf.qc.ca\/collegial\/\",\"name\":\"Coll\\u00e9gial\",\"description\":\"Coll\\u00e8ge priv\\u00e9 | Secondaire | Coll\\u00e9gial\",\"potentialAction\":[{\"@type\":\"SearchAction\",\"target\":\"https:\/\/www.brebeuf.qc.ca\/collegial\/?s={search_term_string}\",\"query-input\":\"required name=search_term_string\"}],\"inLanguage\":\"fr-FR\"},{\"@type\":\"ImageObject\",\"@id\":\"https:\/\/www.brebeuf.qc.ca\/collegial\/vie-etudiante\/concours-intercollegiaux\/#primaryimage\",\"inLanguage\":\"fr-FR\",\"url\":\"https:\/\/www.brebeuf.qc.ca\/collegial\/wp-content\/uploads\/sites\/2\/2024\/07\/Concours.png\",\"contentUrl\":\"https:\/\/www.brebeuf.qc.ca\/collegial\/wp-content\/uploads\/sites\/2\/2024\/07\/Concours.png\",\"width\":1400,\"height\":240},{\"@type\":\"WebPage\",\"@id\":\"https:\/\/www.brebeuf.qc.ca\/collegial\/vie-etudiante\/concours-intercollegiaux\/#webpage\",\"url\":\"https:\/\/www.brebeuf.qc.ca\/collegial\/vie-etudiante\/concours-intercollegiaux\/\",\"name\":\"Concours - Coll\\u00e9gial\",\"isPartOf\":{\"@id\":\"https:\/\/www.brebeuf.qc.ca\/collegial\/#website\"},\"primaryImageOfPage\":{\"@id\":\"https:\/\/www.brebeuf.qc.ca\/collegial\/vie-etudiante\/concours-intercollegiaux\/#primaryimage\"},\"datePublished\":\"2014-07-30T16:41:21+00:00\",\"dateModified\":\"2024-07-11T20:05:20+00:00\",\"breadcrumb\":{\"@id\":\"https:\/\/www.brebeuf.qc.ca\/collegial\/vie-etudiante\/concours-intercollegiaux\/#breadcrumb\"},\"inLanguage\":\"fr-FR\",\"potentialAction\":[{\"@type\":\"ReadAction\",\"target\":[\"https:\/\/www.brebeuf.qc.ca\/collegial\/vie-etudiante\/concours-intercollegiaux\/\"]}]},{\"@type\":\"BreadcrumbList\",\"@id\":\"https:\/\/www.brebeuf.qc.ca\/collegial\/vie-etudiante\/concours-intercollegiaux\/#breadcrumb\",\"itemListElement\":[{\"@type\":\"ListItem\",\"position\":1,\"item\":{\"@type\":\"WebPage\",\"@id\":\"https:\/\/www.brebeuf.qc.ca\/collegial\/\",\"url\":\"https:\/\/www.brebeuf.qc.ca\/collegial\/\",\"name\":\"Home\"}},{\"@type\":\"ListItem\",\"position\":2,\"item\":{\"@type\":\"WebPage\",\"@id\":\"https:\/\/www.brebeuf.qc.ca\/collegial\/vie-etudiante\/\",\"url\":\"https:\/\/www.brebeuf.qc.ca\/collegial\/vie-etudiante\/\",\"name\":\"Vie \\u00e9tudiante\"}},{\"@type\":\"ListItem\",\"position\":3,\"item\":{\"@id\":\"https:\/\/www.brebeuf.qc.ca\/collegial\/vie-etudiante\/concours-intercollegiaux\/#webpage\"}}]}]}<\/script>\n<!-- \/ Yoast SEO plugin. -->","_links":{"self":[{"href":"https:\/\/www.brebeuf.qc.ca\/collegial\/wp-json\/wp\/v2\/pages\/98"}],"collection":[{"href":"https:\/\/www.brebeuf.qc.ca\/collegial\/wp-json\/wp\/v2\/pages"}],"about":[{"href":"https:\/\/www.brebeuf.qc.ca\/collegial\/wp-json\/wp\/v2\/types\/page"}],"author":[{"embeddable":true,"href":"https:\/\/www.brebeuf.qc.ca\/collegial\/wp-json\/wp\/v2\/users\/2"}],"replies":[{"embeddable":true,"href":"https:\/\/www.brebeuf.qc.ca\/collegial\/wp-json\/wp\/v2\/comments?post=98"}],"version-history":[{"count":19,"href":"https:\/\/www.brebeuf.qc.ca\/collegial\/wp-json\/wp\/v2\/pages\/98\/revisions"}],"predecessor-version":[{"id":7647,"href":"https:\/\/www.brebeuf.qc.ca\/collegial\/wp-json\/wp\/v2\/pages\/98\/revisions\/7647"}],"up":[{"embeddable":true,"href":"https:\/\/www.brebeuf.qc.ca\/collegial\/wp-json\/wp\/v2\/pages\/31"}],"wp:featuredmedia":[{"embeddable":true,"href":"https:\/\/www.brebeuf.qc.ca\/collegial\/wp-json\/wp\/v2\/media\/8327"}],"wp:attachment":[{"href":"https:\/\/www.brebeuf.qc.ca\/collegial\/wp-json\/wp\/v2\/media?parent=98"}],"curies":[{"name":"wp","href":"https:\/\/api.w.org\/{rel}","templated":true}]}}