{"id":958,"date":"2014-11-04T19:58:03","date_gmt":"2014-11-04T19:58:03","guid":{"rendered":"http:\/\/www.brebeuf.qc.ca\/collegial\/?page_id=958"},"modified":"2026-03-25T20:10:47","modified_gmt":"2026-03-25T20:10:47","slug":"admissions-foire-aux-questions","status":"publish","type":"page","link":"https:\/\/www.brebeuf.qc.ca\/collegial\/admissions-foire-aux-questions\/","title":{"rendered":"Admission &#8211; Foire aux questions"},"content":{"rendered":"\n<p><strong>Quelle est l&rsquo;adresse du bureau des admissions du coll\u00e9gial?<\/strong><\/p>\n\n\n\n<ul><li>Coll\u00e8ge Jean-de-Br\u00e9beuf<\/li><li>Bureau des admissions coll\u00e9giales<\/li><li>3200, chemin de la C\u00f4te-Sainte-Catherine<\/li><li>Montr\u00e9al (Qu\u00e9bec)&nbsp;&nbsp; H3T 1C1<\/li><\/ul>\n\n\n\n<p><strong>Quels sont le num\u00e9ro de t\u00e9l\u00e9phone et le courriel du bureau des admissions (niveau coll\u00e9gial)?<\/strong><\/p>\n\n\n\n<ul><li>T\u00e9l\u00e9phone : (514) 342-9342 poste 5355<\/li><li><a href=\"mailto:admission.collegial@brebeuf.qc.ca\">admission.collegial@brebeuf.qc.ca<\/a><\/li><\/ul>\n\n\n\n<hr class=\"wp-block-separator\"\/>\n\n\n\n<h2>Questions fr\u00e9quemment pos\u00e9es<\/h2>\n\n\n\n<p><strong>Quelles sont les mati\u00e8res comprises dans la moyenne g\u00e9n\u00e9rale?<\/strong><\/p>\n\n\n\n<p>Fran\u00e7ais, anglais, math\u00e9matiques, \u00e9thique et culture religieuse ou \u00e9ducation financi\u00e8re. Pour les demandes dans un programme en sciences, les notes de physique et de chimie seront aussi consid\u00e9r\u00e9es.<\/p>\n\n\n\n<p><strong>Les \u00e9l\u00e8ves du secondaire \u00e0 Br\u00e9beuf doivent-ils passer par le processus d\u2019admission pour poursuivre le cheminement scolaire dans l\u2019\u00e9tablissement?<\/strong><\/p>\n\n\n\n<p>Oui, car il faut choisir un programme et indiquer son premier et deuxi\u00e8me choix, et les profils le cas \u00e9ch\u00e9ant. Ces \u00e9l\u00e8ves doivent donc remplir le formulaire d\u2019admission en ligne. Les r\u00e9sultats scolaires nous seront fournis par le SRAM comme pour tous les \u00e9tudiants.<\/p>\n\n\n\n<p><strong>Si je suis sur la liste d\u2019attente de mon programme, puis-je d\u00e9poser une autre demande dans un autre coll\u00e8ge?<\/strong><\/p>\n\n\n\n<p>Le Coll\u00e8ge Br\u00e9beuf est un coll\u00e8ge ind\u00e9pendant, alors il est possible de d\u00e9poser une demande dans un autre coll\u00e8ge, qu\u2019il soit public ou priv\u00e9.<\/p>\n\n\n\n<p><strong>Si je suis refus\u00e9 au Baccalaur\u00e9at international (BI), serai-je automatiquement consid\u00e9r\u00e9 pour l\u2019\u00e9quivalent DEC r\u00e9gulier?<\/strong><\/p>\n\n\n\n<p>Non, sauf si l\u2019\u00e9quivalent DEC r\u00e9gulier est le deuxi\u00e8me choix dans votre demande d\u2019admission.<\/p>\n\n\n\n<p><strong>Quelle est la date de d\u00e9but des inscriptions?<\/strong><\/p>\n\n\n\n<p>Si vous avez \u00e9t\u00e9 admis dans le programme de votre choix, vous pourrez vous inscrire d\u00e8s la r\u00e9ception de votre r\u00e9ponse, qui peut \u00eatre re\u00e7ue d\u00e8s le d\u00e9but du mois de f\u00e9vrier.<\/p>\n\n\n\n<p><strong>Une fois admis dans le programme choisi, ma place est-elle assur\u00e9e?<\/strong><\/p>\n\n\n\n<p>Non. Votre place sera r\u00e9serv\u00e9e une fois le contrat d\u2019inscription sign\u00e9 et les frais d\u2019inscription de 200$ pay\u00e9s.<\/p>\n\n\n\n<p><strong>Les \u00e9l\u00e8ves du secondaire \u00e0 Br\u00e9beuf sont-ils avantag\u00e9s dans l\u2019admission au coll\u00e9gial?<\/strong><\/p>\n\n\n\n<p>Non. Par contre, ceux-ci font g\u00e9n\u00e9ralement leur demande d\u2019admission rapidement et celles-ci peuvent \u00eatre \u00e9tudi\u00e9es plus rapidement. En ce sens, ils se positionnent eux-m\u00eames pour avoir de meilleures chances d\u2019\u00eatre admis au coll\u00e9gial. Cependant, le Coll\u00e8ge ne fait aucune discrimination bas\u00e9e sur l\u2019\u00e9tablissement d\u2019enseignement secondaire des demandeurs d\u2019admission.<\/p>\n\n\n\n<p><strong>Dois-je faire une demande pour les r\u00e9sidences en m\u00eame temps que ma demande d\u2019admission?<\/strong><\/p>\n\n\n\n<p>Oui. Les places \u00e9tant limit\u00e9es, plus la demande est envoy\u00e9e t\u00f4t, plus elle a de chances d\u2019\u00eatre retenue. Il vaut mieux envoyer sa demande avant le 1er mars. <a href=\"https:\/\/www.brebeuf.qc.ca\/collegial\/vie-etudiante\/residence\/\">Le formulaire de demande est disponible ici.<\/a><\/p>\n\n\n\n<p><strong>Les tests de classement d\u00e9terminent-ils si on est admis ou non?<\/strong><\/p>\n\n\n\n<p>Pas du tout. Ils servent simplement \u00e0 d\u00e9terminer le niveau qui vous convient dans certaines mati\u00e8res (ex. anglais) si votre demande d\u2019admission est retenue.<\/p>\n","protected":false},"excerpt":{"rendered":"<p>Quelle est l&rsquo;adresse du bureau des admissions du coll\u00e9gial? Coll\u00e8ge Jean-de-Br\u00e9beuf Bureau des admissions coll\u00e9giales 3200, chemin de la C\u00f4te-Sainte-Catherine Montr\u00e9al (Qu\u00e9bec)&nbsp;&nbsp; H3T 1C1 Quels sont le num\u00e9ro de t\u00e9l\u00e9phone et le courriel du bureau des admissions (niveau coll\u00e9gial)? T\u00e9l\u00e9phone&#8230;<\/p>\n","protected":false},"author":15,"featured_media":8332,"parent":0,"menu_order":2,"comment_status":"open","ping_status":"closed","template":"templates\/template-personnalisable.php","meta":{"_editorskit_title_hidden":false,"_editorskit_reading_time":2,"_editorskit_typography_data":[],"_editorskit_blocks_typography":""},"yoast_head":"<!-- This site is optimized with the Yoast SEO plugin v16.3 - https:\/\/yoast.com\/wordpress\/plugins\/seo\/ -->\n<title>Admission - Foire aux questions - Coll\u00e9gial<\/title>\n<meta name=\"robots\" content=\"index, follow, max-snippet:-1, max-image-preview:large, max-video-preview:-1\" \/>\n<link rel=\"canonical\" href=\"https:\/\/www.brebeuf.qc.ca\/collegial\/admissions-foire-aux-questions\/\" \/>\n<meta property=\"og:locale\" content=\"fr_FR\" \/>\n<meta property=\"og:type\" content=\"article\" \/>\n<meta property=\"og:title\" content=\"Admission - Foire aux questions - Coll\u00e9gial\" \/>\n<meta property=\"og:description\" content=\"Quelle est l&rsquo;adresse du bureau des admissions du coll\u00e9gial? Coll\u00e8ge Jean-de-Br\u00e9beuf Bureau des admissions coll\u00e9giales 3200, chemin de la C\u00f4te-Sainte-Catherine Montr\u00e9al (Qu\u00e9bec)&nbsp;&nbsp; H3T 1C1 Quels sont le num\u00e9ro de t\u00e9l\u00e9phone et le courriel du bureau des admissions (niveau coll\u00e9gial)? T\u00e9l\u00e9phone...\" \/>\n<meta property=\"og:url\" content=\"https:\/\/www.brebeuf.qc.ca\/collegial\/admissions-foire-aux-questions\/\" \/>\n<meta property=\"og:site_name\" content=\"Coll\u00e9gial\" \/>\n<meta property=\"article:modified_time\" content=\"2026-03-25T20:10:47+00:00\" \/>\n<meta property=\"og:image\" content=\"https:\/\/www.brebeuf.qc.ca\/collegial\/wp-content\/uploads\/sites\/2\/2024\/07\/FAQ-collegial.png\" \/>\n\t<meta property=\"og:image:width\" content=\"1400\" \/>\n\t<meta property=\"og:image:height\" content=\"240\" \/>\n<meta name=\"twitter:label1\" content=\"Dur\u00e9e de lecture est.\">\n\t<meta name=\"twitter:data1\" content=\"2 minutes\">\n<script type=\"application\/ld+json\" class=\"yoast-schema-graph\">{\"@context\":\"https:\/\/schema.org\",\"@graph\":[{\"@type\":\"WebSite\",\"@id\":\"https:\/\/www.brebeuf.qc.ca\/collegial\/#website\",\"url\":\"https:\/\/www.brebeuf.qc.ca\/collegial\/\",\"name\":\"Coll\\u00e9gial\",\"description\":\"Coll\\u00e8ge priv\\u00e9 | Secondaire | Coll\\u00e9gial\",\"potentialAction\":[{\"@type\":\"SearchAction\",\"target\":\"https:\/\/www.brebeuf.qc.ca\/collegial\/?s={search_term_string}\",\"query-input\":\"required name=search_term_string\"}],\"inLanguage\":\"fr-FR\"},{\"@type\":\"ImageObject\",\"@id\":\"https:\/\/www.brebeuf.qc.ca\/collegial\/admissions-foire-aux-questions\/#primaryimage\",\"inLanguage\":\"fr-FR\",\"url\":\"https:\/\/www.brebeuf.qc.ca\/collegial\/wp-content\/uploads\/sites\/2\/2024\/07\/FAQ-collegial.png\",\"contentUrl\":\"https:\/\/www.brebeuf.qc.ca\/collegial\/wp-content\/uploads\/sites\/2\/2024\/07\/FAQ-collegial.png\",\"width\":1400,\"height\":240},{\"@type\":\"WebPage\",\"@id\":\"https:\/\/www.brebeuf.qc.ca\/collegial\/admissions-foire-aux-questions\/#webpage\",\"url\":\"https:\/\/www.brebeuf.qc.ca\/collegial\/admissions-foire-aux-questions\/\",\"name\":\"Admission - Foire aux questions - Coll\\u00e9gial\",\"isPartOf\":{\"@id\":\"https:\/\/www.brebeuf.qc.ca\/collegial\/#website\"},\"primaryImageOfPage\":{\"@id\":\"https:\/\/www.brebeuf.qc.ca\/collegial\/admissions-foire-aux-questions\/#primaryimage\"},\"datePublished\":\"2014-11-04T19:58:03+00:00\",\"dateModified\":\"2026-03-25T20:10:47+00:00\",\"breadcrumb\":{\"@id\":\"https:\/\/www.brebeuf.qc.ca\/collegial\/admissions-foire-aux-questions\/#breadcrumb\"},\"inLanguage\":\"fr-FR\",\"potentialAction\":[{\"@type\":\"ReadAction\",\"target\":[\"https:\/\/www.brebeuf.qc.ca\/collegial\/admissions-foire-aux-questions\/\"]}]},{\"@type\":\"BreadcrumbList\",\"@id\":\"https:\/\/www.brebeuf.qc.ca\/collegial\/admissions-foire-aux-questions\/#breadcrumb\",\"itemListElement\":[{\"@type\":\"ListItem\",\"position\":1,\"item\":{\"@type\":\"WebPage\",\"@id\":\"https:\/\/www.brebeuf.qc.ca\/collegial\/\",\"url\":\"https:\/\/www.brebeuf.qc.ca\/collegial\/\",\"name\":\"Home\"}},{\"@type\":\"ListItem\",\"position\":2,\"item\":{\"@id\":\"https:\/\/www.brebeuf.qc.ca\/collegial\/admissions-foire-aux-questions\/#webpage\"}}]}]}<\/script>\n<!-- \/ Yoast SEO plugin. -->","_links":{"self":[{"href":"https:\/\/www.brebeuf.qc.ca\/collegial\/wp-json\/wp\/v2\/pages\/958"}],"collection":[{"href":"https:\/\/www.brebeuf.qc.ca\/collegial\/wp-json\/wp\/v2\/pages"}],"about":[{"href":"https:\/\/www.brebeuf.qc.ca\/collegial\/wp-json\/wp\/v2\/types\/page"}],"author":[{"embeddable":true,"href":"https:\/\/www.brebeuf.qc.ca\/collegial\/wp-json\/wp\/v2\/users\/15"}],"replies":[{"embeddable":true,"href":"https:\/\/www.brebeuf.qc.ca\/collegial\/wp-json\/wp\/v2\/comments?post=958"}],"version-history":[{"count":26,"href":"https:\/\/www.brebeuf.qc.ca\/collegial\/wp-json\/wp\/v2\/pages\/958\/revisions"}],"predecessor-version":[{"id":9815,"href":"https:\/\/www.brebeuf.qc.ca\/collegial\/wp-json\/wp\/v2\/pages\/958\/revisions\/9815"}],"wp:featuredmedia":[{"embeddable":true,"href":"https:\/\/www.brebeuf.qc.ca\/collegial\/wp-json\/wp\/v2\/media\/8332"}],"wp:attachment":[{"href":"https:\/\/www.brebeuf.qc.ca\/collegial\/wp-json\/wp\/v2\/media?parent=958"}],"curies":[{"name":"wp","href":"https:\/\/api.w.org\/{rel}","templated":true}]}}