{"id":946,"date":"2014-11-04T19:10:05","date_gmt":"2014-11-04T19:10:05","guid":{"rendered":"http:\/\/www.brebeuf.qc.ca\/collegial\/?page_id=946"},"modified":"2026-02-03T15:38:53","modified_gmt":"2026-02-03T15:38:53","slug":"processus-dadmission","status":"publish","type":"page","link":"https:\/\/www.brebeuf.qc.ca\/collegial\/processus-dadmission\/","title":{"rendered":"Processus d&rsquo;admission"},"content":{"rendered":"\n<div class=\"wp-block-buttons\">\n<div class=\"wp-block-button is-style-outline\"><a class=\"wp-block-button__link\" href=\"https:\/\/brebeuf-estd.omnivox.ca\/estd\/adms2\/Admission.ovx\">Je fais ma demande d&rsquo;admission<\/a><\/div>\n\n\n\n<div class=\"wp-block-button is-style-outline\"><a class=\"wp-block-button__link\" href=\"https:\/\/brebeuf-estd.omnivox.ca\/Estd\/Net\/DemandeAdmission\/Loginv2.aspx\">Je consulte l&rsquo;\u00e9tat de ma demande<\/a><\/div>\n<\/div>\n\n\n\n<p><strong>L\u2019admission se fait par voie \u00e9lectronique.<\/strong><\/p>\n\n\n\n<p><strong>Automne 2026<\/strong><\/p>\n\n\n\n<p>Le module d\u2019admission est maintenant ouvert pour la session d\u2019automne 2026.<\/p>\n\n\n\n<p>Du 9 janvier midi au 9 f\u00e9vrier midi, demandes trait\u00e9es en priorit\u00e9 pour une r\u00e9ponse avant le 1er mars.<\/p>\n\n\n\n<hr class=\"wp-block-separator\"\/>\n\n\n\n<ul class=\"is-style-arrow\"><li>Au moment de sa demande d\u2019admission, le candidat peut faire un premier et un second choix de programme.<\/li><li><strong>Le candidat est responsable de s\u2019assurer qu\u2019il poss\u00e8de bien les cours pr\u00e9alables aux divers programmes ou profils de programmes.\u00a0<a href=\"https:\/\/www.brebeuf.qc.ca\/wp-content\/uploads\/2026\/01\/Brebeuf_cours_pralable_admission-collegial_2025.pdf\" class=\"ek-link\">Cliquez ici<\/a>\u00a0pour voir les pr\u00e9alables.<\/strong><\/li><li>Un montant de 50 $, non remboursable, est exig\u00e9 au moment de la demande d\u2019admission.<\/li><li>Le candidat peut faire sa demande au Coll\u00e8ge Jean-de-Br\u00e9beuf m\u00eame s\u2019il pr\u00e9voit en faire parvenir une au SRAM.<\/li><li>Pour la session d\u2019hiver, en raison du d\u00e9lai de traitement des dossiers, nous ne prenons aucune demande d\u2019\u00e9tudiant international. Une seule demande d\u2019admission par \u00e9tudiant sera trait\u00e9e.<\/li><li>Si le candidat pr\u00e9sente des r\u00e9sultats scolaires d\u2019un \u00e9tablissement \u00e0 l\u2019\u00e9tranger ou hors Qu\u00e9bec, un montant de 125 $ sera exig\u00e9 pour l\u2019\u00e9valuation comparative de la formation scolaire acquise \u00e0 l\u2019\u00e9tranger.<\/li><li><strong><strong>Les \u00e9tudiants internationaux qui voudront d\u00e9poser une demande d\u2019admission au Coll\u00e8ge pour l\u2019automne devront le faire au plus tard le 9 f\u00e9vrier midi.<\/strong><\/strong><\/li><\/ul>\n\n\n\n<blockquote class=\"wp-block-quote\"><p><em><a href=\"https:\/\/www.brebeuf.qc.ca\/wp-content\/uploads\/2025\/11\/Processus_admission.pdf\" class=\"ek-link\">Comprendre le processus d\u2019admission en un coup d\u2019\u0153il<\/a><\/em><\/p><\/blockquote>\n\n\n\n<p>1 &#8211; <strong>Faire la demande d\u2019admission en ligne et choisir deux programmes ou profils qui vous int\u00e9ressent<br><\/strong>Si vous \u00eates admis \u00e0 votre premier choix, le second ne sera pas analys\u00e9.<\/p>\n\n\n\n<p><strong>Le candidat est responsable de s\u2019assurer qu\u2019il poss\u00e8de bien les cours pr\u00e9alables aux divers programmes ou profils de programmes. <a href=\"https:\/\/www.brebeuf.qc.ca\/wp-content\/uploads\/2026\/01\/Brebeuf_cours_pralable_admission-collegial_2025.pdf\" class=\"ek-link\">Cliquez ici<\/a> pour voir les pr\u00e9alables.<\/strong><\/p>\n\n\n\n<p>2 &#8211; <strong>Joindre le certificat de naissance.<br><\/strong>D\u2019autres pi\u00e8ces d\u2019identit\u00e9 seront requises, si vous \u00eates n\u00e9 hors Qu\u00e9bec.<\/p>\n\n\n\n<p>3 &#8211; <strong>Nous importons nous-m\u00eames vos r\u00e9sultats de 4e et 5e secondaire par une base de donn\u00e9es.<\/strong><br>Les \u00e9tudiants qui ont fait des \u00e9tudes \u00e0 l\u2019\u00e9tranger doivent joindre les bulletins des trois derni\u00e8res ann\u00e9es. Les \u00e9l\u00e8ves des \u00e9tablissements de l&rsquo;AEFE au Qu\u00e9bec (Coll\u00e8ges Stanislas et Marie-de-France) nous vous contacterons par courriel concernant les pi\u00e8ces \u00e0 fournir.<\/p>\n\n\n\n<p>4 &#8211; <strong>Vous recevrez un courriel dans les semaines suivantes vous invitant \u00e0 consulter votre verdict en ligne et la lettre associ\u00e9e au verdict.<br><\/strong>Cela se fait au m\u00eame endroit o\u00f9 vous avez fait la demande \u00e0 l\u2019aide de votre num\u00e9ro d\u2019admission.<\/p>\n\n\n\n<p>5 &#8211; <strong>Nous vous enverrons par courriel les tests de classement en anglais, en fran\u00e7ais et en espagnol.<br><\/strong>Ceux-ci sont tous obligatoires et ne servent qu\u2019\u00e0 titre de classification, ils n\u2019auront aucune incidence sur votre verdict.<\/p>\n\n\n\n<p>6 &#8211; <strong>Si vous \u00eates admis, vous devrez compl\u00e9ter l\u2019inscription et acquitter les frais d\u2019inscription avant la date limite.<br><\/strong>Les instructions ainsi que la date vous seront communiqu\u00e9es dans la lettre.<\/p>\n\n\n\n<p>7 &#8211; <strong>La proc\u00e9dure de choix de cours vous sera envoy\u00e9e par courriel.<br><\/strong>Ceux-ci devront \u00eatre faits sans faute avant la date limite qui vous sera communiqu\u00e9e.<\/p>\n\n\n\n<p>8 &#8211; <strong>Vous recevrez deux autres communications.<br><\/strong>Une en juin et une au d\u00e9but du mois d\u2019ao\u00fbt.<\/p>\n\n\n\n<hr class=\"wp-block-separator\"\/>\n\n\n\n<h2>Contact<\/h2>\n\n\n\n<p>Si vous d\u00e9sirez obtenir de plus amples informations, n\u2019h\u00e9sitez pas \u00e0 nous contacter. <\/p>\n\n\n\n<p>Coordonn\u00e9es <\/p>\n\n\n\n<ul><li>T\u00e9l\u00e9phone: (514) 342-9342, poste 5355 <\/li><li>Courriel: <a href=\"mailto:admission@brebeuf.qc.ca\" class=\"ek-link\"><a href=\"mailto:admission.collegial@brebeuf.qc.ca\">admission.collegial@brebeuf.qc.ca<\/a><\/a><\/li><\/ul>\n","protected":false},"excerpt":{"rendered":"<p>L\u2019admission se fait par voie \u00e9lectronique. Automne 2026 Le module d\u2019admission est maintenant ouvert pour la session d\u2019automne 2026. Du 9 janvier midi au 9 f\u00e9vrier midi, demandes trait\u00e9es en priorit\u00e9 pour une r\u00e9ponse avant le 1er mars. Au moment&#8230;<\/p>\n","protected":false},"author":15,"featured_media":8361,"parent":0,"menu_order":38,"comment_status":"open","ping_status":"closed","template":"templates\/template-personnalisable.php","meta":{"_editorskit_title_hidden":false,"_editorskit_reading_time":2,"_editorskit_typography_data":[],"_editorskit_blocks_typography":""},"yoast_head":"<!-- This site is optimized with the Yoast SEO plugin v16.3 - https:\/\/yoast.com\/wordpress\/plugins\/seo\/ -->\n<title>Processus d&#039;admission - Coll\u00e9gial<\/title>\n<meta name=\"robots\" content=\"index, follow, max-snippet:-1, max-image-preview:large, max-video-preview:-1\" \/>\n<link rel=\"canonical\" href=\"https:\/\/www.brebeuf.qc.ca\/collegial\/processus-dadmission\/\" \/>\n<meta property=\"og:locale\" content=\"fr_FR\" \/>\n<meta property=\"og:type\" content=\"article\" \/>\n<meta property=\"og:title\" content=\"Processus d&#039;admission - Coll\u00e9gial\" \/>\n<meta property=\"og:description\" content=\"L\u2019admission se fait par voie \u00e9lectronique. Automne 2026 Le module d\u2019admission est maintenant ouvert pour la session d\u2019automne 2026. Du 9 janvier midi au 9 f\u00e9vrier midi, demandes trait\u00e9es en priorit\u00e9 pour une r\u00e9ponse avant le 1er mars. Au moment...\" \/>\n<meta property=\"og:url\" content=\"https:\/\/www.brebeuf.qc.ca\/collegial\/processus-dadmission\/\" \/>\n<meta property=\"og:site_name\" content=\"Coll\u00e9gial\" \/>\n<meta property=\"article:modified_time\" content=\"2026-02-03T15:38:53+00:00\" \/>\n<meta property=\"og:image\" content=\"https:\/\/www.brebeuf.qc.ca\/collegial\/wp-content\/uploads\/sites\/2\/2024\/08\/Processus-admission-collegial.png\" \/>\n\t<meta property=\"og:image:width\" content=\"1400\" \/>\n\t<meta property=\"og:image:height\" content=\"240\" \/>\n<meta name=\"twitter:label1\" content=\"Dur\u00e9e de lecture est.\">\n\t<meta name=\"twitter:data1\" content=\"3 minutes\">\n<script type=\"application\/ld+json\" class=\"yoast-schema-graph\">{\"@context\":\"https:\/\/schema.org\",\"@graph\":[{\"@type\":\"WebSite\",\"@id\":\"https:\/\/www.brebeuf.qc.ca\/collegial\/#website\",\"url\":\"https:\/\/www.brebeuf.qc.ca\/collegial\/\",\"name\":\"Coll\\u00e9gial\",\"description\":\"Coll\\u00e8ge priv\\u00e9 | Secondaire | Coll\\u00e9gial\",\"potentialAction\":[{\"@type\":\"SearchAction\",\"target\":\"https:\/\/www.brebeuf.qc.ca\/collegial\/?s={search_term_string}\",\"query-input\":\"required name=search_term_string\"}],\"inLanguage\":\"fr-FR\"},{\"@type\":\"ImageObject\",\"@id\":\"https:\/\/www.brebeuf.qc.ca\/collegial\/processus-dadmission\/#primaryimage\",\"inLanguage\":\"fr-FR\",\"url\":\"https:\/\/www.brebeuf.qc.ca\/collegial\/wp-content\/uploads\/sites\/2\/2024\/08\/Processus-admission-collegial.png\",\"contentUrl\":\"https:\/\/www.brebeuf.qc.ca\/collegial\/wp-content\/uploads\/sites\/2\/2024\/08\/Processus-admission-collegial.png\",\"width\":1400,\"height\":240},{\"@type\":\"WebPage\",\"@id\":\"https:\/\/www.brebeuf.qc.ca\/collegial\/processus-dadmission\/#webpage\",\"url\":\"https:\/\/www.brebeuf.qc.ca\/collegial\/processus-dadmission\/\",\"name\":\"Processus d'admission - Coll\\u00e9gial\",\"isPartOf\":{\"@id\":\"https:\/\/www.brebeuf.qc.ca\/collegial\/#website\"},\"primaryImageOfPage\":{\"@id\":\"https:\/\/www.brebeuf.qc.ca\/collegial\/processus-dadmission\/#primaryimage\"},\"datePublished\":\"2014-11-04T19:10:05+00:00\",\"dateModified\":\"2026-02-03T15:38:53+00:00\",\"breadcrumb\":{\"@id\":\"https:\/\/www.brebeuf.qc.ca\/collegial\/processus-dadmission\/#breadcrumb\"},\"inLanguage\":\"fr-FR\",\"potentialAction\":[{\"@type\":\"ReadAction\",\"target\":[\"https:\/\/www.brebeuf.qc.ca\/collegial\/processus-dadmission\/\"]}]},{\"@type\":\"BreadcrumbList\",\"@id\":\"https:\/\/www.brebeuf.qc.ca\/collegial\/processus-dadmission\/#breadcrumb\",\"itemListElement\":[{\"@type\":\"ListItem\",\"position\":1,\"item\":{\"@type\":\"WebPage\",\"@id\":\"https:\/\/www.brebeuf.qc.ca\/collegial\/\",\"url\":\"https:\/\/www.brebeuf.qc.ca\/collegial\/\",\"name\":\"Home\"}},{\"@type\":\"ListItem\",\"position\":2,\"item\":{\"@id\":\"https:\/\/www.brebeuf.qc.ca\/collegial\/processus-dadmission\/#webpage\"}}]}]}<\/script>\n<!-- \/ Yoast SEO plugin. -->","_links":{"self":[{"href":"https:\/\/www.brebeuf.qc.ca\/collegial\/wp-json\/wp\/v2\/pages\/946"}],"collection":[{"href":"https:\/\/www.brebeuf.qc.ca\/collegial\/wp-json\/wp\/v2\/pages"}],"about":[{"href":"https:\/\/www.brebeuf.qc.ca\/collegial\/wp-json\/wp\/v2\/types\/page"}],"author":[{"embeddable":true,"href":"https:\/\/www.brebeuf.qc.ca\/collegial\/wp-json\/wp\/v2\/users\/15"}],"replies":[{"embeddable":true,"href":"https:\/\/www.brebeuf.qc.ca\/collegial\/wp-json\/wp\/v2\/comments?post=946"}],"version-history":[{"count":100,"href":"https:\/\/www.brebeuf.qc.ca\/collegial\/wp-json\/wp\/v2\/pages\/946\/revisions"}],"predecessor-version":[{"id":9540,"href":"https:\/\/www.brebeuf.qc.ca\/collegial\/wp-json\/wp\/v2\/pages\/946\/revisions\/9540"}],"wp:featuredmedia":[{"embeddable":true,"href":"https:\/\/www.brebeuf.qc.ca\/collegial\/wp-json\/wp\/v2\/media\/8361"}],"wp:attachment":[{"href":"https:\/\/www.brebeuf.qc.ca\/collegial\/wp-json\/wp\/v2\/media?parent=946"}],"curies":[{"name":"wp","href":"https:\/\/api.w.org\/{rel}","templated":true}]}}