{"id":94,"date":"2014-07-30T16:39:40","date_gmt":"2014-07-30T16:39:40","guid":{"rendered":"http:\/\/www.brebeuf.qc.ca\/collegial\/?page_id=94"},"modified":"2020-01-14T20:41:13","modified_gmt":"2020-01-14T20:41:13","slug":"benevolat","status":"publish","type":"page","link":"https:\/\/www.brebeuf.qc.ca\/collegial\/vie-etudiante\/benevolat\/","title":{"rendered":"B\u00e9n\u00e9volat"},"content":{"rendered":"<h2>B\u00e9n\u00e9volat dans la communaut\u00e9<\/h2>\n<p style=\"text-align: justify;\">L\u2019engagement b\u00e9n\u00e9vole des \u00e9tudiants peut s\u2019effectuer au Coll\u00e8ge via des activit\u00e9s parascolaires (Groupe d\u2019intervention en secourisme, R\u00e9seau d\u2019entraide des \u00e9tudiants de Br\u00e9beuf, Amnistie internationale, le Comit\u00e9 \u00e9cologique ou ROTARACT).<\/p>\n<p style=\"text-align: justify;\">On peut d\u00e9sirer \u00e9galement s\u2019engager dans la communaut\u00e9 locale via l\u2019un des organismes suivants :<\/p>\n<ul>\n<li>Association montr\u00e9alaise pour aveugles<\/li>\n<li>Centre d&rsquo;action b\u00e9n\u00e9vole de Montr\u00e9al \/ Centre d&rsquo;action b\u00e9n\u00e9vole de St-Laurent<\/li>\n<li>Centre communautaire C\u00f4te-des-Neiges<\/li>\n<li>Centre hospitalier g\u00e9riatrique Ma\u00efmondides<\/li>\n<li>Centre hospitalier de St-Mary<\/li>\n<li>CHUM<\/li>\n<li>CLSC C\u00f4te-des-Neiges<\/li>\n<li>\u00c9cole du petit chapiteau<\/li>\n<li>Fondation de l&rsquo;H\u00f4pital Ste-Justine<\/li>\n<li>H\u00e9ma-Qu\u00e9bec<\/li>\n<li>H\u00f4pital G\u00e9n\u00e9ral Juif<\/li>\n<li>H\u00f4pital Ste-Justine<\/li>\n<li>Institut Baron de Hirsch<\/li>\n<li>Institut de r\u00e9adaptation Gingras-Lindsay de Montr\u00e9al<\/li>\n<li>L&rsquo;Ancre des jeunes<\/li>\n<li>L&rsquo;Arche de Montr\u00e9al<\/li>\n<li>Le Baobab familial<\/li>\n<li>Multicaf<\/li>\n<li>OEIL, Organisation d&rsquo;\u00e9ducation et d&rsquo;information lgoement de C\u00f4te-des-Neiges<\/li>\n<li>Parrainage civique des Maronniers<\/li>\n<li>PROMIS<\/li>\n<li>Robin des bois<\/li>\n<li>Santropol<\/li>\n<li>Vues et voix<\/li>\n<\/ul>\n<blockquote><p>On peut obtenir plus de renseignements aupr\u00e8s de <strong>Fran\u00e7ois Morissette<\/strong>: 514-342-9342, poste 5287 ou <a href=\"mailto:fran\u00e7ois.morissette@brebeuf.qc.ca\">fran\u00e7ois.morissette@brebeuf.qc.ca<\/a><\/p><\/blockquote>\n","protected":false},"excerpt":{"rendered":"<p>B\u00e9n\u00e9volat dans la communaut\u00e9 L\u2019engagement b\u00e9n\u00e9vole des \u00e9tudiants peut s\u2019effectuer au Coll\u00e8ge via des activit\u00e9s parascolaires (Groupe d\u2019intervention en secourisme, R\u00e9seau d\u2019entraide des \u00e9tudiants de Br\u00e9beuf, Amnistie internationale, le Comit\u00e9 \u00e9cologique ou ROTARACT). On peut d\u00e9sirer \u00e9galement s\u2019engager dans la&#8230;<\/p>\n","protected":false},"author":2,"featured_media":639,"parent":31,"menu_order":2,"comment_status":"open","ping_status":"closed","template":"templates\/template-personnalisable.php","meta":{"_editorskit_title_hidden":false,"_editorskit_reading_time":0,"_editorskit_typography_data":[],"_editorskit_blocks_typography":""},"yoast_head":"<!-- This site is optimized with the Yoast SEO plugin v16.3 - https:\/\/yoast.com\/wordpress\/plugins\/seo\/ -->\n<title>B\u00e9n\u00e9volat - Coll\u00e9gial<\/title>\n<meta name=\"robots\" content=\"index, follow, max-snippet:-1, max-image-preview:large, max-video-preview:-1\" \/>\n<link rel=\"canonical\" href=\"https:\/\/www.brebeuf.qc.ca\/collegial\/vie-etudiante\/benevolat\/\" \/>\n<meta property=\"og:locale\" content=\"fr_FR\" \/>\n<meta property=\"og:type\" content=\"article\" \/>\n<meta property=\"og:title\" content=\"B\u00e9n\u00e9volat - Coll\u00e9gial\" \/>\n<meta property=\"og:description\" content=\"B\u00e9n\u00e9volat dans la communaut\u00e9 L\u2019engagement b\u00e9n\u00e9vole des \u00e9tudiants peut s\u2019effectuer au Coll\u00e8ge via des activit\u00e9s parascolaires (Groupe d\u2019intervention en secourisme, R\u00e9seau d\u2019entraide des \u00e9tudiants de Br\u00e9beuf, Amnistie internationale, le Comit\u00e9 \u00e9cologique ou ROTARACT). On peut d\u00e9sirer \u00e9galement s\u2019engager dans la...\" \/>\n<meta property=\"og:url\" content=\"https:\/\/www.brebeuf.qc.ca\/collegial\/vie-etudiante\/benevolat\/\" \/>\n<meta property=\"og:site_name\" content=\"Coll\u00e9gial\" \/>\n<meta property=\"article:modified_time\" content=\"2020-01-14T20:41:13+00:00\" \/>\n<meta property=\"og:image\" content=\"https:\/\/www.brebeuf.qc.ca\/collegial\/wp-content\/uploads\/sites\/2\/2014\/10\/banniere-4.jpg\" \/>\n\t<meta property=\"og:image:width\" content=\"1400\" \/>\n\t<meta property=\"og:image:height\" content=\"240\" \/>\n<meta name=\"twitter:label1\" content=\"Dur\u00e9e de lecture est.\">\n\t<meta name=\"twitter:data1\" content=\"1 minute\">\n<script type=\"application\/ld+json\" class=\"yoast-schema-graph\">{\"@context\":\"https:\/\/schema.org\",\"@graph\":[{\"@type\":\"WebSite\",\"@id\":\"https:\/\/www.brebeuf.qc.ca\/collegial\/#website\",\"url\":\"https:\/\/www.brebeuf.qc.ca\/collegial\/\",\"name\":\"Coll\\u00e9gial\",\"description\":\"Coll\\u00e8ge priv\\u00e9 | Secondaire | Coll\\u00e9gial\",\"potentialAction\":[{\"@type\":\"SearchAction\",\"target\":\"https:\/\/www.brebeuf.qc.ca\/collegial\/?s={search_term_string}\",\"query-input\":\"required name=search_term_string\"}],\"inLanguage\":\"fr-FR\"},{\"@type\":\"ImageObject\",\"@id\":\"https:\/\/www.brebeuf.qc.ca\/collegial\/vie-etudiante\/benevolat\/#primaryimage\",\"inLanguage\":\"fr-FR\",\"url\":\"https:\/\/www.brebeuf.qc.ca\/collegial\/wp-content\/uploads\/sites\/2\/2014\/10\/banniere-4.jpg\",\"contentUrl\":\"https:\/\/www.brebeuf.qc.ca\/collegial\/wp-content\/uploads\/sites\/2\/2014\/10\/banniere-4.jpg\",\"width\":1400,\"height\":240},{\"@type\":\"WebPage\",\"@id\":\"https:\/\/www.brebeuf.qc.ca\/collegial\/vie-etudiante\/benevolat\/#webpage\",\"url\":\"https:\/\/www.brebeuf.qc.ca\/collegial\/vie-etudiante\/benevolat\/\",\"name\":\"B\\u00e9n\\u00e9volat - Coll\\u00e9gial\",\"isPartOf\":{\"@id\":\"https:\/\/www.brebeuf.qc.ca\/collegial\/#website\"},\"primaryImageOfPage\":{\"@id\":\"https:\/\/www.brebeuf.qc.ca\/collegial\/vie-etudiante\/benevolat\/#primaryimage\"},\"datePublished\":\"2014-07-30T16:39:40+00:00\",\"dateModified\":\"2020-01-14T20:41:13+00:00\",\"breadcrumb\":{\"@id\":\"https:\/\/www.brebeuf.qc.ca\/collegial\/vie-etudiante\/benevolat\/#breadcrumb\"},\"inLanguage\":\"fr-FR\",\"potentialAction\":[{\"@type\":\"ReadAction\",\"target\":[\"https:\/\/www.brebeuf.qc.ca\/collegial\/vie-etudiante\/benevolat\/\"]}]},{\"@type\":\"BreadcrumbList\",\"@id\":\"https:\/\/www.brebeuf.qc.ca\/collegial\/vie-etudiante\/benevolat\/#breadcrumb\",\"itemListElement\":[{\"@type\":\"ListItem\",\"position\":1,\"item\":{\"@type\":\"WebPage\",\"@id\":\"https:\/\/www.brebeuf.qc.ca\/collegial\/\",\"url\":\"https:\/\/www.brebeuf.qc.ca\/collegial\/\",\"name\":\"Home\"}},{\"@type\":\"ListItem\",\"position\":2,\"item\":{\"@type\":\"WebPage\",\"@id\":\"https:\/\/www.brebeuf.qc.ca\/collegial\/vie-etudiante\/\",\"url\":\"https:\/\/www.brebeuf.qc.ca\/collegial\/vie-etudiante\/\",\"name\":\"Vie \\u00e9tudiante\"}},{\"@type\":\"ListItem\",\"position\":3,\"item\":{\"@id\":\"https:\/\/www.brebeuf.qc.ca\/collegial\/vie-etudiante\/benevolat\/#webpage\"}}]}]}<\/script>\n<!-- \/ Yoast SEO plugin. -->","_links":{"self":[{"href":"https:\/\/www.brebeuf.qc.ca\/collegial\/wp-json\/wp\/v2\/pages\/94"}],"collection":[{"href":"https:\/\/www.brebeuf.qc.ca\/collegial\/wp-json\/wp\/v2\/pages"}],"about":[{"href":"https:\/\/www.brebeuf.qc.ca\/collegial\/wp-json\/wp\/v2\/types\/page"}],"author":[{"embeddable":true,"href":"https:\/\/www.brebeuf.qc.ca\/collegial\/wp-json\/wp\/v2\/users\/2"}],"replies":[{"embeddable":true,"href":"https:\/\/www.brebeuf.qc.ca\/collegial\/wp-json\/wp\/v2\/comments?post=94"}],"version-history":[{"count":13,"href":"https:\/\/www.brebeuf.qc.ca\/collegial\/wp-json\/wp\/v2\/pages\/94\/revisions"}],"predecessor-version":[{"id":4954,"href":"https:\/\/www.brebeuf.qc.ca\/collegial\/wp-json\/wp\/v2\/pages\/94\/revisions\/4954"}],"up":[{"embeddable":true,"href":"https:\/\/www.brebeuf.qc.ca\/collegial\/wp-json\/wp\/v2\/pages\/31"}],"wp:featuredmedia":[{"embeddable":true,"href":"https:\/\/www.brebeuf.qc.ca\/collegial\/wp-json\/wp\/v2\/media\/639"}],"wp:attachment":[{"href":"https:\/\/www.brebeuf.qc.ca\/collegial\/wp-json\/wp\/v2\/media?parent=94"}],"curies":[{"name":"wp","href":"https:\/\/api.w.org\/{rel}","templated":true}]}}