{"id":936,"date":"2014-11-04T16:37:23","date_gmt":"2014-11-04T16:37:23","guid":{"rendered":"http:\/\/www.brebeuf.qc.ca\/collegial\/?page_id=936"},"modified":"2026-03-25T20:12:01","modified_gmt":"2026-03-25T20:12:01","slug":"processus-dinscription","status":"publish","type":"page","link":"https:\/\/www.brebeuf.qc.ca\/collegial\/processus-dinscription\/","title":{"rendered":"Processus d&rsquo;inscription"},"content":{"rendered":"\n<h2><span id=\"Inscription\">Inscription<\/span><\/h2>\n\n\n\n<p>Le candidat admis doit confirmer son int\u00e9r\u00eat \u00e0 poursuivre des \u00e9tudes au Coll\u00e8ge en retournant son contrat d\u2019inscription d\u00fbment sign\u00e9, avant la date limite communiqu\u00e9e par courriel, accompagn\u00e9 d\u2019un ch\u00e8que de 200 $. Le tout peut se faire par la poste ou en personne au bureau des admissions.<\/p>\n\n\n\n<h2><span id=\"Tests_de_classement\">Tests de classement<\/span><\/h2>\n\n\n\n<p>Le Coll\u00e8ge invitera un candidat qui a d\u00e9pos\u00e9 une demande d\u2019admission \u00e0 faire en ligne des tests de classement en fran\u00e7ais, anglais et espagnol. Les r\u00e9sultats obtenus \u00e0 ces tests permettent au Coll\u00e8ge d\u2019inscrire le candidat dans le cours dont le niveau d\u2019apprentissage est appropri\u00e9 en anglais et en espagnol, puis dans les cours de mise \u00e0 niveau en fran\u00e7ais, le cas \u00e9ch\u00e9ant. Ils ne modifient pas la d\u00e9cision d\u2019admission. Pour la session d\u2019hiver, les \u00e9tudiants concern\u00e9s seront convoqu\u00e9s.<\/p>\n\n\n\n<h2><span id=\"Choix_de_cours\">Choix de cours<\/span><\/h2>\n\n\n\n<p>Tous les \u00e9tudiants qui ont retourn\u00e9 leur contrat d\u2019inscription seront inform\u00e9s de la marche \u00e0 suivre pour leur choix de cours par la responsable des admissions, ainsi que la date limite pour proc\u00e9der \u00e0 ceux-ci.<\/p>\n\n\n\n<hr class=\"wp-block-separator\"\/>\n\n\n\n<p><strong>Coordonn\u00e9es du bureau des admissions<\/strong><\/p>\n\n\n\n<ul><li><strong>Adresse<\/strong><br>Coll\u00e8ge Jean-de-Br\u00e9beuf<br>Bureau des admissions coll\u00e9giales<br>3200, chemin de la C\u00f4te-Sainte-Catherine<br>Montr\u00e9al (Qu\u00e9bec) H3T 1C1<\/li><\/ul>\n\n\n\n<ul><li>T\u00e9l. : (514) 342-9342. poste 5355<\/li><li>Courriel : <a aria-label=\"admission@brebeuf.qc.ca (opens in a new tab)\" href=\"mailto:admission@brebeuf.qc.ca\" target=\"_blank\" rel=\"noreferrer noopener\" class=\"ek-link\"><a href=\"mailto:admission.collegial@brebeuf.qc.ca\">admission.collegial@brebeuf.qc.ca<\/a><\/a><\/li><\/ul>\n<div id=\"toc_container\" class=\"no_bullets\"><p class=\"toc_title\">Sommaire<\/p><ul class=\"toc_list\"><li><a href=\"#Inscription\">Inscription<\/a><\/li><li><a href=\"#Tests_de_classement\">Tests de classement<\/a><\/li><li><a href=\"#Choix_de_cours\">Choix de cours<\/a><\/li><\/ul><\/div>\n","protected":false},"excerpt":{"rendered":"<p>Inscription Le candidat admis doit confirmer son int\u00e9r\u00eat \u00e0 poursuivre des \u00e9tudes au Coll\u00e8ge en retournant son contrat d\u2019inscription d\u00fbment sign\u00e9, avant la date limite communiqu\u00e9e par courriel, accompagn\u00e9 d\u2019un ch\u00e8que de 200 $. Le tout peut se faire par&#8230;<\/p>\n","protected":false},"author":15,"featured_media":8362,"parent":0,"menu_order":39,"comment_status":"open","ping_status":"closed","template":"templates\/template-personnalisable.php","meta":{"_editorskit_title_hidden":false,"_editorskit_reading_time":0,"_editorskit_typography_data":[],"_editorskit_blocks_typography":""},"yoast_head":"<!-- This site is optimized with the Yoast SEO plugin v16.3 - https:\/\/yoast.com\/wordpress\/plugins\/seo\/ -->\n<title>Processus d&#039;inscription - Coll\u00e9gial<\/title>\n<meta name=\"robots\" content=\"index, follow, max-snippet:-1, max-image-preview:large, max-video-preview:-1\" \/>\n<link rel=\"canonical\" href=\"https:\/\/www.brebeuf.qc.ca\/collegial\/processus-dinscription\/\" \/>\n<meta property=\"og:locale\" content=\"fr_FR\" \/>\n<meta property=\"og:type\" content=\"article\" \/>\n<meta property=\"og:title\" content=\"Processus d&#039;inscription - Coll\u00e9gial\" \/>\n<meta property=\"og:description\" content=\"Inscription Le candidat admis doit confirmer son int\u00e9r\u00eat \u00e0 poursuivre des \u00e9tudes au Coll\u00e8ge en retournant son contrat d\u2019inscription d\u00fbment sign\u00e9, avant la date limite communiqu\u00e9e par courriel, accompagn\u00e9 d\u2019un ch\u00e8que de 200 $. Le tout peut se faire par...\" \/>\n<meta property=\"og:url\" content=\"https:\/\/www.brebeuf.qc.ca\/collegial\/processus-dinscription\/\" \/>\n<meta property=\"og:site_name\" content=\"Coll\u00e9gial\" \/>\n<meta property=\"article:modified_time\" content=\"2026-03-25T20:12:01+00:00\" \/>\n<meta property=\"og:image\" content=\"https:\/\/www.brebeuf.qc.ca\/collegial\/wp-content\/uploads\/sites\/2\/2024\/08\/Processus-inscription-collegial.png\" \/>\n\t<meta property=\"og:image:width\" content=\"1400\" \/>\n\t<meta property=\"og:image:height\" content=\"240\" \/>\n<meta name=\"twitter:label1\" content=\"Dur\u00e9e de lecture est.\">\n\t<meta name=\"twitter:data1\" content=\"1 minute\">\n<script type=\"application\/ld+json\" class=\"yoast-schema-graph\">{\"@context\":\"https:\/\/schema.org\",\"@graph\":[{\"@type\":\"WebSite\",\"@id\":\"https:\/\/www.brebeuf.qc.ca\/collegial\/#website\",\"url\":\"https:\/\/www.brebeuf.qc.ca\/collegial\/\",\"name\":\"Coll\\u00e9gial\",\"description\":\"Coll\\u00e8ge priv\\u00e9 | Secondaire | Coll\\u00e9gial\",\"potentialAction\":[{\"@type\":\"SearchAction\",\"target\":\"https:\/\/www.brebeuf.qc.ca\/collegial\/?s={search_term_string}\",\"query-input\":\"required name=search_term_string\"}],\"inLanguage\":\"fr-FR\"},{\"@type\":\"ImageObject\",\"@id\":\"https:\/\/www.brebeuf.qc.ca\/collegial\/processus-dinscription\/#primaryimage\",\"inLanguage\":\"fr-FR\",\"url\":\"https:\/\/www.brebeuf.qc.ca\/collegial\/wp-content\/uploads\/sites\/2\/2024\/08\/Processus-inscription-collegial.png\",\"contentUrl\":\"https:\/\/www.brebeuf.qc.ca\/collegial\/wp-content\/uploads\/sites\/2\/2024\/08\/Processus-inscription-collegial.png\",\"width\":1400,\"height\":240},{\"@type\":\"WebPage\",\"@id\":\"https:\/\/www.brebeuf.qc.ca\/collegial\/processus-dinscription\/#webpage\",\"url\":\"https:\/\/www.brebeuf.qc.ca\/collegial\/processus-dinscription\/\",\"name\":\"Processus d'inscription - Coll\\u00e9gial\",\"isPartOf\":{\"@id\":\"https:\/\/www.brebeuf.qc.ca\/collegial\/#website\"},\"primaryImageOfPage\":{\"@id\":\"https:\/\/www.brebeuf.qc.ca\/collegial\/processus-dinscription\/#primaryimage\"},\"datePublished\":\"2014-11-04T16:37:23+00:00\",\"dateModified\":\"2026-03-25T20:12:01+00:00\",\"breadcrumb\":{\"@id\":\"https:\/\/www.brebeuf.qc.ca\/collegial\/processus-dinscription\/#breadcrumb\"},\"inLanguage\":\"fr-FR\",\"potentialAction\":[{\"@type\":\"ReadAction\",\"target\":[\"https:\/\/www.brebeuf.qc.ca\/collegial\/processus-dinscription\/\"]}]},{\"@type\":\"BreadcrumbList\",\"@id\":\"https:\/\/www.brebeuf.qc.ca\/collegial\/processus-dinscription\/#breadcrumb\",\"itemListElement\":[{\"@type\":\"ListItem\",\"position\":1,\"item\":{\"@type\":\"WebPage\",\"@id\":\"https:\/\/www.brebeuf.qc.ca\/collegial\/\",\"url\":\"https:\/\/www.brebeuf.qc.ca\/collegial\/\",\"name\":\"Home\"}},{\"@type\":\"ListItem\",\"position\":2,\"item\":{\"@id\":\"https:\/\/www.brebeuf.qc.ca\/collegial\/processus-dinscription\/#webpage\"}}]}]}<\/script>\n<!-- \/ Yoast SEO plugin. -->","_links":{"self":[{"href":"https:\/\/www.brebeuf.qc.ca\/collegial\/wp-json\/wp\/v2\/pages\/936"}],"collection":[{"href":"https:\/\/www.brebeuf.qc.ca\/collegial\/wp-json\/wp\/v2\/pages"}],"about":[{"href":"https:\/\/www.brebeuf.qc.ca\/collegial\/wp-json\/wp\/v2\/types\/page"}],"author":[{"embeddable":true,"href":"https:\/\/www.brebeuf.qc.ca\/collegial\/wp-json\/wp\/v2\/users\/15"}],"replies":[{"embeddable":true,"href":"https:\/\/www.brebeuf.qc.ca\/collegial\/wp-json\/wp\/v2\/comments?post=936"}],"version-history":[{"count":6,"href":"https:\/\/www.brebeuf.qc.ca\/collegial\/wp-json\/wp\/v2\/pages\/936\/revisions"}],"predecessor-version":[{"id":9817,"href":"https:\/\/www.brebeuf.qc.ca\/collegial\/wp-json\/wp\/v2\/pages\/936\/revisions\/9817"}],"wp:featuredmedia":[{"embeddable":true,"href":"https:\/\/www.brebeuf.qc.ca\/collegial\/wp-json\/wp\/v2\/media\/8362"}],"wp:attachment":[{"href":"https:\/\/www.brebeuf.qc.ca\/collegial\/wp-json\/wp\/v2\/media?parent=936"}],"curies":[{"name":"wp","href":"https:\/\/api.w.org\/{rel}","templated":true}]}}