{"id":9305,"date":"2025-12-17T18:48:30","date_gmt":"2025-12-17T18:48:30","guid":{"rendered":"https:\/\/www.brebeuf.qc.ca\/collegial\/?page_id=9305"},"modified":"2026-03-23T19:48:35","modified_gmt":"2026-03-23T19:48:35","slug":"arts-lettres-et-communication-2026","status":"publish","type":"page","link":"https:\/\/www.brebeuf.qc.ca\/collegial\/arts-lettres-et-communication-2026\/","title":{"rendered":"DEC &#8211; Arts, lettres et communication"},"content":{"rendered":"\n<div class=\"wp-block-columns\">\n<div class=\"wp-block-column\">\n<figure class=\"wp-block-image size-large is-resized\"><a href=\"https:\/\/www.brebeuf.qc.ca\/bourse-dentree-pour-le-programme-arts-lettres-et-communication-alc\/\"><img loading=\"lazy\" src=\"https:\/\/www.brebeuf.qc.ca\/collegial\/wp-content\/uploads\/sites\/2\/2025\/12\/Bandeau_Infolettre_2024-960-x-250.png\" alt=\"\" class=\"wp-image-9306\" width=\"444\" height=\"116\"\/><\/a><\/figure>\n\n\n\n<div class=\"wp-block-columns\">\n<div class=\"wp-block-column\">\n<div class=\"wp-block-buttons\">\n<div class=\"wp-block-button\"><a class=\"wp-block-button__link\" href=\"https:\/\/www.brebeuf.qc.ca\/bourse-dentree-pour-le-programme-arts-lettres-et-communication-alc\/\">D\u00e9tails des bourses&nbsp;<\/a><\/div>\n<\/div>\n<\/div>\n\n\n\n<div class=\"wp-block-column\">\n<div class=\"wp-block-buttons\">\n<div class=\"wp-block-button\"><a class=\"wp-block-button__link\" href=\"mailto:bourses.ALC@brebeuf.qc.ca\">D\u00e9pose ton portfolio!<\/a><\/div>\n<\/div>\n<\/div>\n<\/div>\n<\/div>\n\n\n\n<div class=\"wp-block-column\">\n<figure class=\"wp-block-image size-large is-resized\"><a href=\"https:\/\/www.brebeuf.qc.ca\/collegial\/wp-content\/uploads\/sites\/2\/2025\/12\/Bandeau_Infolettre_2024-960-x-250-1.png\" data-rel=\"lightbox-image-0\" data-rl_title=\"\" data-rl_caption=\"\" title=\"\"><img loading=\"lazy\" src=\"https:\/\/www.brebeuf.qc.ca\/collegial\/wp-content\/uploads\/sites\/2\/2025\/12\/Bandeau_Infolettre_2024-960-x-250-1.png\" alt=\"\" class=\"wp-image-9308\" width=\"448\" height=\"116\"\/><\/a><\/figure>\n\n\n\n<div class=\"wp-block-columns\">\n<div class=\"wp-block-column\">\n<div class=\"wp-block-buttons\">\n<div class=\"wp-block-button\"><a class=\"wp-block-button__link\" href=\"https:\/\/brebeuf-estd.omnivox.ca\/estd\/adms2\/Admission.ovx?Ref=135746710782&amp;C=BRE&amp;L=FRA&amp;Client=&amp;isModeiFrame=\">Demande d&rsquo;admission<\/a><\/div>\n<\/div>\n<\/div>\n\n\n\n<div class=\"wp-block-column\">\n<div class=\"wp-block-buttons\">\n<div class=\"wp-block-button\"><a class=\"wp-block-button__link\" href=\"https:\/\/brebeuf-estd.omnivox.ca\/Estd\/Net\/DemandeAdmission\/Loginv2.aspx\">Consulter l&rsquo;\u00e9tat de ma demande<\/a><\/div>\n<\/div>\n<\/div>\n<\/div>\n<\/div>\n<\/div>\n\n\n\n<h2><span id=\"Ce_programme_trsquoouvre_les_portes_de_facultes_universitaires_variees_en_offrant_une_solide_formation_multidisciplinaire\">Ce programme t&rsquo;ouvre les portes de facult\u00e9s universitaires vari\u00e9es, en offrant une solide formation multidisciplinaire.<\/span><\/h2>\n\n\n\n<p><strong>Tu es cr\u00e9atif\/cr\u00e9ative et curieux\/curieuse, int\u00e9ress\u00e9.e par la culture.<\/strong><\/p>\n\n\n\n<p>Le DEC Arts, lettres et communication \u00e0 Br\u00e9beuf t\u2019offre une formation diversifi\u00e9e multidisciplinaire qui te permet de d\u00e9velopper ta sensibilit\u00e9, ton imagination, ta cr\u00e9ativit\u00e9, ton sens du langage, au moyen de l\u2019\u00e9criture, du th\u00e9\u00e2tre, des arts visuels ou des m\u00e9dias num\u00e9riques.<\/p>\n\n\n\n<p><strong>Un programme personnalis\u00e9 visant le d\u00e9veloppement du plein potentiel de chaque \u00e9tudiant et \u00e9tudiante.<\/strong><\/p>\n\n\n\n<blockquote class=\"wp-block-quote\"><p><a href=\"https:\/\/www.brebeuf.qc.ca\/wp-content\/uploads\/2025\/09\/1486-BREBEUF-Collegial-2025-26-Depliant-ALC-numerique.pdf\" class=\"ek-link\"><strong>T\u00e9l\u00e9charger le&nbsp;d\u00e9pliant&nbsp;du DEC Arts, lettres et communication (ALC) 2025<\/strong><\/a><\/p><p><a href=\"https:\/\/www.brebeuf.qc.ca\/collegial\/faq-dec-arts-lettres-et-communication\/\" class=\"ek-link\">Acc\u00e9der \u00e0 la&nbsp;<strong>FAQ<\/strong>&nbsp;du DEC Arts, lettres et communication (ALC)<\/a><\/p><\/blockquote>\n\n\n\n<hr class=\"wp-block-separator\"\/>\n\n\n\n<h1><strong>Cr\u00e9e un parcours \u00e0 ton image<\/strong><\/h1>\n\n\n\n<h2><span id=\"Ta_specialisation_se_construit_selon_tes_interets_a_travers_tes_choix_de_cours\">Ta sp\u00e9cialisation se construit selon tes int\u00e9r\u00eats, \u00e0 travers tes choix de cours<\/span><\/h2>\n\n\n\n<div class=\"wp-block-buttons\">\n<div class=\"wp-block-button\"><a class=\"wp-block-button__link\" href=\"https:\/\/www.brebeuf.qc.ca\/collegial\/wp-content\/uploads\/sites\/2\/2026\/03\/Grille_D5ALC-2026.pdf\">Grille de cours<\/a><\/div>\n<\/div>\n\n\n\n<h2><span id=\"Tronc_commun\">Tronc commun<\/span><\/h2>\n\n\n\n<p>Tous les \u00e9tudiants et les \u00e9tudiantes du programme Arts, lettres et communication suivront des cours d&rsquo;Histoire de l&rsquo;art, de Cin\u00e9ma, de Photographie et de Communication.<\/p>\n\n\n\n<div style=\"height:13px\" aria-hidden=\"true\" class=\"wp-block-spacer\"><\/div>\n\n\n\n<h1>5 exemples de parcours selon tes int\u00e9r\u00eats<\/h1>\n\n\n\n<h2><span id=\"_Art_design_et_architecture\">\u2022 Art, design et architecture<\/span><\/h2>\n\n\n\n<div class=\"wp-block-buttons\">\n<div class=\"wp-block-button\"><a class=\"wp-block-button__link\" href=\"https:\/\/www.brebeuf.qc.ca\/collegial\/wp-content\/uploads\/sites\/2\/2026\/03\/Arts-design-et-architechture.pdf\">Cours propos\u00e9s pour art, design et architecture<\/a><\/div>\n<\/div>\n\n\n\n<figure class=\"wp-block-image size-large is-resized\"><a href=\"https:\/\/www.brebeuf.qc.ca\/collegial\/wp-content\/uploads\/sites\/2\/2026\/03\/1.png\" data-rel=\"lightbox-image-1\" data-rl_title=\"\" data-rl_caption=\"\" title=\"\"><img loading=\"lazy\" src=\"https:\/\/www.brebeuf.qc.ca\/collegial\/wp-content\/uploads\/sites\/2\/2026\/03\/1.png\" alt=\"\" class=\"wp-image-9794\" width=\"406\" height=\"180\"\/><\/a><\/figure>\n\n\n\n<h2><span id=\"_Cinema\">\u2022 Cin\u00e9ma<\/span><\/h2>\n\n\n\n<div class=\"wp-block-buttons\">\n<div class=\"wp-block-button\"><a class=\"wp-block-button__link\" href=\"https:\/\/www.brebeuf.qc.ca\/collegial\/wp-content\/uploads\/sites\/2\/2026\/03\/Cinema.pdf\">Cours propos\u00e9s pour cin\u00e9ma<\/a><\/div>\n<\/div>\n\n\n\n<figure class=\"wp-block-image size-large is-resized\"><a href=\"https:\/\/www.brebeuf.qc.ca\/collegial\/wp-content\/uploads\/sites\/2\/2026\/03\/2.png\" data-rel=\"lightbox-image-2\" data-rl_title=\"\" data-rl_caption=\"\" title=\"\"><img loading=\"lazy\" src=\"https:\/\/www.brebeuf.qc.ca\/collegial\/wp-content\/uploads\/sites\/2\/2026\/03\/2.png\" alt=\"\" class=\"wp-image-9795\" width=\"406\" height=\"170\"\/><\/a><\/figure>\n\n\n\n<h2><span id=\"_Communications\">\u2022 Communications<\/span><\/h2>\n\n\n\n<div class=\"wp-block-buttons\">\n<div class=\"wp-block-button\"><a class=\"wp-block-button__link\" href=\"https:\/\/www.brebeuf.qc.ca\/collegial\/wp-content\/uploads\/sites\/2\/2026\/03\/Communictions.pdf\">Cours propos\u00e9s pour communications<\/a><\/div>\n<\/div>\n\n\n\n<figure class=\"wp-block-image size-large is-resized\"><a href=\"https:\/\/www.brebeuf.qc.ca\/collegial\/wp-content\/uploads\/sites\/2\/2026\/03\/3.png\" data-rel=\"lightbox-image-3\" data-rl_title=\"\" data-rl_caption=\"\" title=\"\"><img loading=\"lazy\" src=\"https:\/\/www.brebeuf.qc.ca\/collegial\/wp-content\/uploads\/sites\/2\/2026\/03\/3.png\" alt=\"\" class=\"wp-image-9797\" width=\"411\" height=\"181\"\/><\/a><\/figure>\n\n\n\n<h2><span id=\"_Lettres_et_theatre\">\u2022 Lettres et th\u00e9\u00e2tre<\/span><\/h2>\n\n\n\n<div class=\"wp-block-buttons\">\n<div class=\"wp-block-button\"><a class=\"wp-block-button__link\" href=\"https:\/\/www.brebeuf.qc.ca\/collegial\/wp-content\/uploads\/sites\/2\/2026\/03\/Lettres-et-theatre.pdf\">Cours propos\u00e9s pour lettres et th\u00e9\u00e2tre<\/a><\/div>\n<\/div>\n\n\n\n<figure class=\"wp-block-image size-large is-resized\"><a href=\"https:\/\/www.brebeuf.qc.ca\/collegial\/wp-content\/uploads\/sites\/2\/2026\/03\/4.png\" data-rel=\"lightbox-image-4\" data-rl_title=\"\" data-rl_caption=\"\" title=\"\"><img loading=\"lazy\" src=\"https:\/\/www.brebeuf.qc.ca\/collegial\/wp-content\/uploads\/sites\/2\/2026\/03\/4.png\" alt=\"\" class=\"wp-image-9798\" width=\"401\" height=\"168\"\/><\/a><\/figure>\n\n\n\n<h2><span id=\"_Medias_numeriques\">\u2022 M\u00e9dias num\u00e9riques<\/span><\/h2>\n\n\n\n<div class=\"wp-block-buttons\">\n<div class=\"wp-block-button\"><a class=\"wp-block-button__link\" href=\"https:\/\/www.brebeuf.qc.ca\/collegial\/wp-content\/uploads\/sites\/2\/2026\/03\/Medias_numeriques.pdf\">Cours propos\u00e9s pour m\u00e9dias num\u00e9riques<\/a><\/div>\n<\/div>\n\n\n\n<figure class=\"wp-block-image size-large is-resized\"><a href=\"https:\/\/www.brebeuf.qc.ca\/collegial\/wp-content\/uploads\/sites\/2\/2026\/03\/5.png\" data-rel=\"lightbox-image-5\" data-rl_title=\"\" data-rl_caption=\"\" title=\"\"><img loading=\"lazy\" src=\"https:\/\/www.brebeuf.qc.ca\/collegial\/wp-content\/uploads\/sites\/2\/2026\/03\/5.png\" alt=\"\" class=\"wp-image-9799\" width=\"384\" height=\"166\"\/><\/a><\/figure>\n\n\n\n<hr class=\"wp-block-separator\"\/>\n\n\n\n<h1>Quels sont les avantages du programme ALC \u00e0 Br\u00e9beuf?<\/h1>\n\n\n\n<ul><li>La majorit\u00e9 des dipl\u00f4m\u00e9.es int\u00e8grent des facult\u00e9s contingent\u00e9es ou de grandes \u00e9coles gr\u00e2ce \u00e0 la qualit\u00e9 de leur formation.<\/li><li>Encadrement pour l\u2019\u00e9laboration d\u2019un porte-folio et la pr\u00e9paration aux entrevues d\u2019admission \u00e0 l\u2018universit\u00e9.&nbsp;<\/li><li>Proposition de projets \u00e0 la hauteur des exigences professionnels<\/li><li>Installation de grande qualit\u00e9&nbsp;<\/li><li>B\u00e9n\u00e9ficier d\u2019un soutien technique gr\u00e2ce \u00e0 notre technicienne en travaux pratiques<\/li><li>Liens privil\u00e9gi\u00e9s avec plusieurs ancienn.es du programme se d\u00e9marquant dans le domaine des arts et des communications.&nbsp;<\/li><li>Chaque semaine, proposition de classe de ma\u00eetre, conf\u00e9rence, ou formation avec des professionnelles du milieu.&nbsp;<\/li><\/ul>\n\n\n\n<hr class=\"wp-block-separator\"\/>\n\n\n\n<h1>O\u00f9 vont les finissants et les finissantes en Arts, lettres et communication?<\/h1>\n\n\n\n<p>Les <strong>facult\u00e9s<\/strong> et <strong>programmes universitaires<\/strong> qui accueillent le plus de dipl\u00f4m\u00e9.es du Coll\u00e8ge Br\u00e9beuf en <strong>Arts, lettres et communication<\/strong> sont :<\/p>\n\n\n\n<ul><li>Cin\u00e9ma<\/li><li>Communication et journalisme<\/li><li>Design de l&rsquo;environnement<\/li><li>Design graphique<\/li><li>Design industriel<\/li><li>\u00c9ducation<\/li><li>Lettres<\/li><li>Psychologie<\/li><\/ul>\n\n\n\n<p>Les dipl\u00f4m\u00e9s d&rsquo;<strong>ALC<\/strong> Br\u00e9beuf poursuivent leurs \u00e9tudes dans des<strong> domaines tr\u00e8s vari\u00e9s <\/strong>:<\/p>\n\n\n\n<ul><li>Animation 3D<\/li><li>Architecture<\/li><li>Arts visuels et m\u00e9diatiques<\/li><li>Droit<\/li><li>M\u00e9dias interactifs<\/li><li>Photographie<\/li><li>T\u00e9l\u00e9vision<\/li><li>Th\u00e9\u00e2tre: interpr\u00e9tation et sc\u00e9nographie<\/li><\/ul>\n\n\n\n<p><strong><a href=\"https:\/\/www.brebeuf.qc.ca\/collegial\/dec-arts-lettres-et-communication\/des-anciens-du-programme-arts-lettres-et-communications-nous-parlent-de-leurs-parcours\/\" class=\"ek-link\">D\u00e9couvrir le parcours inspirant de nos ancien.nes<\/a><\/strong><\/p>\n\n\n\n<figure class=\"wp-block-image size-large is-resized\"><a href=\"https:\/\/www.brebeuf.qc.ca\/collegial\/wp-content\/uploads\/sites\/2\/2025\/12\/Bandeau_Infolettre_2024-960-x-250-2.png\" data-rel=\"lightbox-image-6\" data-rl_title=\"\" data-rl_caption=\"\" title=\"\"><img loading=\"lazy\" src=\"https:\/\/www.brebeuf.qc.ca\/collegial\/wp-content\/uploads\/sites\/2\/2025\/12\/Bandeau_Infolettre_2024-960-x-250-2.png\" alt=\"\" class=\"wp-image-9373\" width=\"740\" height=\"192\"\/><\/a><figcaption><strong>Genevi\u00e8ve Tardif,<\/strong> animatrice sportive; <strong>Charles Beauchesne,<\/strong> podcasteur, auteur et humoriste; <strong>P\u00e9n\u00e9lope McQuade<\/strong>, animatrice de radio et de t\u00e9l\u00e9vision; <strong>Vassili Schneider<\/strong>, com\u00e9dien; <strong>Charlotte Cardin<\/strong>, auteure-compositrice-interpr\u00e8te; et plus encore.<\/figcaption><\/figure>\n\n\n\n<p><strong><a href=\"https:\/\/www.ledevoir.com\/bis\/674358\/college-brebeuf-pourquoi-son-programme-arts-lettres-et-communication-est-une-veritable-reference\" class=\"ek-link\">Lire l&rsquo;article sur le DEC ALC dans le journal&nbsp;<em>Le Devoir<\/em><\/a><\/strong>&nbsp;<\/p>\n\n\n\n<hr class=\"wp-block-separator\"\/>\n\n\n\n<h2><span id=\"Contact\">Contact<\/span><\/h2>\n\n\n\n<p>Si vous d\u00e9sirez obtenir de plus amples informations, n\u2019h\u00e9sitez pas \u00e0 nous contacter.<\/p>\n\n\n\n<p>Coordonn\u00e9es<\/p>\n\n\n\n<ul><li>T\u00e9l\u00e9phone: (514) 342-9342, poste 5355<\/li><li>Courriel:&nbsp;<a href=\"mailto:admission.collegial@brebeuf.qc.ca\">admission.collegial@brebeuf.qc.ca<\/a><\/li><\/ul>\n<div id=\"toc_container\" class=\"no_bullets\"><p class=\"toc_title\">Sommaire<\/p><ul class=\"toc_list\"><li><a href=\"#Ce_programme_trsquoouvre_les_portes_de_facultes_universitaires_variees_en_offrant_une_solide_formation_multidisciplinaire\">Ce programme t&rsquo;ouvre les portes de facult\u00e9s universitaires vari\u00e9es, en offrant une solide formation multidisciplinaire.<\/a><\/li><li><a href=\"#Ta_specialisation_se_construit_selon_tes_interets_a_travers_tes_choix_de_cours\">Ta sp\u00e9cialisation se construit selon tes int\u00e9r\u00eats, \u00e0 travers tes choix de cours<\/a><\/li><li><a href=\"#Tronc_commun\">Tronc commun<\/a><\/li><li><a href=\"#_Art_design_et_architecture\">\u2022 Art, design et architecture<\/a><\/li><li><a href=\"#_Cinema\">\u2022 Cin\u00e9ma<\/a><\/li><li><a href=\"#_Communications\">\u2022 Communications<\/a><\/li><li><a href=\"#_Lettres_et_theatre\">\u2022 Lettres et th\u00e9\u00e2tre<\/a><\/li><li><a href=\"#_Medias_numeriques\">\u2022 M\u00e9dias num\u00e9riques<\/a><\/li><li><a href=\"#Contact\">Contact<\/a><\/li><\/ul><\/div>\n","protected":false},"excerpt":{"rendered":"<p>Ce programme t&rsquo;ouvre les portes de facult\u00e9s universitaires vari\u00e9es, en offrant une solide formation multidisciplinaire. Tu es cr\u00e9atif\/cr\u00e9ative et curieux\/curieuse, int\u00e9ress\u00e9.e par la culture. Le DEC Arts, lettres et communication \u00e0 Br\u00e9beuf t\u2019offre une formation diversifi\u00e9e multidisciplinaire qui te permet&#8230;<\/p>\n","protected":false},"author":90,"featured_media":0,"parent":0,"menu_order":9,"comment_status":"closed","ping_status":"closed","template":"templates\/template-programme-v2.php","meta":{"_editorskit_title_hidden":false,"_editorskit_reading_time":3,"_editorskit_typography_data":[],"_editorskit_blocks_typography":""},"yoast_head":"<!-- This site is optimized with the Yoast SEO plugin v16.3 - https:\/\/yoast.com\/wordpress\/plugins\/seo\/ -->\n<title>DEC - Arts, lettres et communication - Coll\u00e9gial<\/title>\n<meta name=\"robots\" content=\"index, follow, max-snippet:-1, max-image-preview:large, max-video-preview:-1\" \/>\n<link rel=\"canonical\" href=\"https:\/\/www.brebeuf.qc.ca\/collegial\/arts-lettres-et-communication-2026\/\" \/>\n<meta property=\"og:locale\" content=\"fr_FR\" \/>\n<meta property=\"og:type\" content=\"article\" \/>\n<meta property=\"og:title\" content=\"DEC - Arts, lettres et communication - Coll\u00e9gial\" \/>\n<meta property=\"og:description\" content=\"Ce programme t&rsquo;ouvre les portes de facult\u00e9s universitaires vari\u00e9es, en offrant une solide formation multidisciplinaire. Tu es cr\u00e9atif\/cr\u00e9ative et curieux\/curieuse, int\u00e9ress\u00e9.e par la culture. Le DEC Arts, lettres et communication \u00e0 Br\u00e9beuf t\u2019offre une formation diversifi\u00e9e multidisciplinaire qui te permet...\" \/>\n<meta property=\"og:url\" content=\"https:\/\/www.brebeuf.qc.ca\/collegial\/arts-lettres-et-communication-2026\/\" \/>\n<meta property=\"og:site_name\" content=\"Coll\u00e9gial\" \/>\n<meta property=\"article:modified_time\" content=\"2026-03-23T19:48:35+00:00\" \/>\n<meta property=\"og:image\" content=\"https:\/\/www.brebeuf.qc.ca\/collegial\/wp-content\/uploads\/sites\/2\/2025\/12\/Bandeau_Infolettre_2024-960-x-250.png\" \/>\n<meta name=\"twitter:label1\" content=\"Dur\u00e9e de lecture est.\">\n\t<meta name=\"twitter:data1\" content=\"4 minutes\">\n<script type=\"application\/ld+json\" class=\"yoast-schema-graph\">{\"@context\":\"https:\/\/schema.org\",\"@graph\":[{\"@type\":\"WebSite\",\"@id\":\"https:\/\/www.brebeuf.qc.ca\/collegial\/#website\",\"url\":\"https:\/\/www.brebeuf.qc.ca\/collegial\/\",\"name\":\"Coll\\u00e9gial\",\"description\":\"Coll\\u00e8ge priv\\u00e9 | Secondaire | Coll\\u00e9gial\",\"potentialAction\":[{\"@type\":\"SearchAction\",\"target\":\"https:\/\/www.brebeuf.qc.ca\/collegial\/?s={search_term_string}\",\"query-input\":\"required name=search_term_string\"}],\"inLanguage\":\"fr-FR\"},{\"@type\":\"ImageObject\",\"@id\":\"https:\/\/www.brebeuf.qc.ca\/collegial\/arts-lettres-et-communication-2026\/#primaryimage\",\"inLanguage\":\"fr-FR\",\"url\":\"https:\/\/www.brebeuf.qc.ca\/collegial\/wp-content\/uploads\/sites\/2\/2025\/12\/Bandeau_Infolettre_2024-960-x-250.png\",\"contentUrl\":\"https:\/\/www.brebeuf.qc.ca\/collegial\/wp-content\/uploads\/sites\/2\/2025\/12\/Bandeau_Infolettre_2024-960-x-250.png\",\"width\":960,\"height\":250},{\"@type\":\"WebPage\",\"@id\":\"https:\/\/www.brebeuf.qc.ca\/collegial\/arts-lettres-et-communication-2026\/#webpage\",\"url\":\"https:\/\/www.brebeuf.qc.ca\/collegial\/arts-lettres-et-communication-2026\/\",\"name\":\"DEC - Arts, lettres et communication - Coll\\u00e9gial\",\"isPartOf\":{\"@id\":\"https:\/\/www.brebeuf.qc.ca\/collegial\/#website\"},\"primaryImageOfPage\":{\"@id\":\"https:\/\/www.brebeuf.qc.ca\/collegial\/arts-lettres-et-communication-2026\/#primaryimage\"},\"datePublished\":\"2025-12-17T18:48:30+00:00\",\"dateModified\":\"2026-03-23T19:48:35+00:00\",\"breadcrumb\":{\"@id\":\"https:\/\/www.brebeuf.qc.ca\/collegial\/arts-lettres-et-communication-2026\/#breadcrumb\"},\"inLanguage\":\"fr-FR\",\"potentialAction\":[{\"@type\":\"ReadAction\",\"target\":[\"https:\/\/www.brebeuf.qc.ca\/collegial\/arts-lettres-et-communication-2026\/\"]}]},{\"@type\":\"BreadcrumbList\",\"@id\":\"https:\/\/www.brebeuf.qc.ca\/collegial\/arts-lettres-et-communication-2026\/#breadcrumb\",\"itemListElement\":[{\"@type\":\"ListItem\",\"position\":1,\"item\":{\"@type\":\"WebPage\",\"@id\":\"https:\/\/www.brebeuf.qc.ca\/collegial\/\",\"url\":\"https:\/\/www.brebeuf.qc.ca\/collegial\/\",\"name\":\"Home\"}},{\"@type\":\"ListItem\",\"position\":2,\"item\":{\"@id\":\"https:\/\/www.brebeuf.qc.ca\/collegial\/arts-lettres-et-communication-2026\/#webpage\"}}]}]}<\/script>\n<!-- \/ Yoast SEO plugin. -->","_links":{"self":[{"href":"https:\/\/www.brebeuf.qc.ca\/collegial\/wp-json\/wp\/v2\/pages\/9305"}],"collection":[{"href":"https:\/\/www.brebeuf.qc.ca\/collegial\/wp-json\/wp\/v2\/pages"}],"about":[{"href":"https:\/\/www.brebeuf.qc.ca\/collegial\/wp-json\/wp\/v2\/types\/page"}],"author":[{"embeddable":true,"href":"https:\/\/www.brebeuf.qc.ca\/collegial\/wp-json\/wp\/v2\/users\/90"}],"replies":[{"embeddable":true,"href":"https:\/\/www.brebeuf.qc.ca\/collegial\/wp-json\/wp\/v2\/comments?post=9305"}],"version-history":[{"count":106,"href":"https:\/\/www.brebeuf.qc.ca\/collegial\/wp-json\/wp\/v2\/pages\/9305\/revisions"}],"predecessor-version":[{"id":9812,"href":"https:\/\/www.brebeuf.qc.ca\/collegial\/wp-json\/wp\/v2\/pages\/9305\/revisions\/9812"}],"wp:attachment":[{"href":"https:\/\/www.brebeuf.qc.ca\/collegial\/wp-json\/wp\/v2\/media?parent=9305"}],"curies":[{"name":"wp","href":"https:\/\/api.w.org\/{rel}","templated":true}]}}