{"id":839,"date":"2014-10-30T18:55:06","date_gmt":"2014-10-30T18:55:06","guid":{"rendered":"http:\/\/www.brebeuf.qc.ca\/collegial\/?page_id=839"},"modified":"2014-10-31T16:40:40","modified_gmt":"2014-10-31T16:40:40","slug":"cours","status":"publish","type":"page","link":"https:\/\/www.brebeuf.qc.ca\/collegial\/vie-academique\/communications\/cours\/","title":{"rendered":"Cours"},"content":{"rendered":"<h2><span id=\"Television\"><strong>T\u00e9l\u00e9vision<\/strong><\/span><\/h2>\n<p>L&rsquo;\u00e9tudiant se retrouvera en situation concr\u00e8te de recherche et sera confront\u00e9 aux probl\u00e8mes inh\u00e9rents \u00e0 tout travail de pr\u00e9paration d&rsquo;une oeuvre de cr\u00e9ation qui sera diffus\u00e9e. l sera \u00e9galement initi\u00e9 aux notions de base du processus de communication qui lui fourniront une instrumentation th\u00e9orique fondamentale dans l&rsquo;\u00e9tude des ph\u00e9nom\u00e8nes de communication.\u00a0Il pourra \u00e9galement exprimer et d\u00e9velopper sa cr\u00e9ativit\u00e9 en utilisant des moyens d\u2019expression propres au langage t\u00e9l\u00e9visuel.<\/p>\n<h2><\/h2>\n<h2><span id=\"Publicite\"><strong>Publicit\u00e9<\/strong><\/span><\/h2>\n<p>L\u2019\u00e9tudiant sera amen\u00e9 \u00e0 consid\u00e9rer le ph\u00e9nom\u00e8ne publicitaire dans son sens large (publicit\u00e9 commerciale, politique, soci\u00e9tale). L\u2019\u00e9tude de la publicit\u00e9 s\u2019appuiera sur des notions th\u00e9oriques (s\u00e9miologie de l\u2019image, mod\u00e8le de la communication) et pratiques (r\u00e9alisation de publicit\u00e9s radiophoniques et t\u00e9l\u00e9visuelles). L\u2019\u00e9tudiant comparera des publicit\u00e9s contemporaines pour en d\u00e9gager les ressemblances et les diff\u00e9rences. La publicit\u00e9 sera \u00e9tudi\u00e9e comme \u00e9tant un reflet de la soci\u00e9t\u00e9 qui la produit.<\/p>\n<h2><\/h2>\n<h2><span id=\"Journalisme\"><strong>Journalisme<\/strong><\/span><\/h2>\n<p>L\u2019\u00e9tudiant explorera les grandes tendances du journalisme contemporain (convergence -concentration de la presse, m\u00e9lange des genres &#8211; hybridation, multiplication des plateformes de diffusion) \u00e0 partir de productions journalistiques vari\u00e9es (articles de la presse \u00e9crite, chroniques, \u00e9ditoriaux, reportages t\u00e9l\u00e9vis\u00e9s ou radiodiffus\u00e9s, articles de blogue, par exemple) issues de diff\u00e9rentes cultures.\u00a0 L\u2019\u00e9tudiant explorera plusieurs facettes du m\u00e9tier de journaliste\u00a0: il r\u00e9alisera plusieurs projets pratiques (r\u00e9daction d\u2019articles,\u00a0 r\u00e9alisation de reportages, notamment) qu\u2019il devra mettre en contexte.<\/p>\n<h2><\/h2>\n<h2><span id=\"Photographie\"><strong>Photographie<\/strong><\/span><\/h2>\n<p>L\u2019\u00e9tudiant abordera des notions th\u00e9oriques et techniques de diff\u00e9rentes manifestations de la photographie contemporaine \u00e0 travers le monde telles que la photo de mode, \u00ab\u00a0street style\u00a0\u00bb, d\u2019art, de guerre, sportive et animali\u00e8re. Fort de l\u2019analyse de ces diverses formes selon les cultures contemporaines, l\u2019\u00e9tudiant sera amen\u00e9 \u00e0 s\u2019exprimer dans des \u0153uvres num\u00e9riques en ma\u00eetrisant la lumi\u00e8re et les manipulations esth\u00e9tiques avec des logiciels tels que <em>Photoshop<\/em>.<\/p>\n<p>&nbsp;<\/p>\n<div id=\"toc_container\" class=\"no_bullets\"><p class=\"toc_title\">Sommaire<\/p><ul class=\"toc_list\"><li><a href=\"#Television\">T\u00e9l\u00e9vision<\/a><\/li><li><a href=\"#Publicite\">Publicit\u00e9<\/a><\/li><li><a href=\"#Journalisme\">Journalisme<\/a><\/li><li><a href=\"#Photographie\">Photographie<\/a><\/li><\/ul><\/div>\n","protected":false},"excerpt":{"rendered":"<p>T\u00e9l\u00e9vision L&rsquo;\u00e9tudiant se retrouvera en situation concr\u00e8te de recherche et sera confront\u00e9 aux probl\u00e8mes inh\u00e9rents \u00e0 tout travail de pr\u00e9paration d&rsquo;une oeuvre de cr\u00e9ation qui sera diffus\u00e9e. l sera \u00e9galement initi\u00e9 aux notions de base du processus de communication qui&#8230;<\/p>\n","protected":false},"author":3,"featured_media":933,"parent":552,"menu_order":0,"comment_status":"open","ping_status":"closed","template":"templates\/template-personnalisable.php","meta":{"_editorskit_title_hidden":false,"_editorskit_reading_time":0,"_editorskit_typography_data":[],"_editorskit_blocks_typography":""},"yoast_head":"<!-- This site is optimized with the Yoast SEO plugin v16.3 - https:\/\/yoast.com\/wordpress\/plugins\/seo\/ -->\n<title>Cours - Coll\u00e9gial<\/title>\n<meta name=\"robots\" content=\"index, follow, max-snippet:-1, max-image-preview:large, max-video-preview:-1\" \/>\n<link rel=\"canonical\" href=\"https:\/\/www.brebeuf.qc.ca\/collegial\/vie-academique\/communications\/cours\/\" \/>\n<meta property=\"og:locale\" content=\"fr_FR\" \/>\n<meta property=\"og:type\" content=\"article\" \/>\n<meta property=\"og:title\" content=\"Cours - Coll\u00e9gial\" \/>\n<meta property=\"og:description\" content=\"T\u00e9l\u00e9vision L&rsquo;\u00e9tudiant se retrouvera en situation concr\u00e8te de recherche et sera confront\u00e9 aux probl\u00e8mes inh\u00e9rents \u00e0 tout travail de pr\u00e9paration d&rsquo;une oeuvre de cr\u00e9ation qui sera diffus\u00e9e. l sera \u00e9galement initi\u00e9 aux notions de base du processus de communication qui...\" \/>\n<meta property=\"og:url\" content=\"https:\/\/www.brebeuf.qc.ca\/collegial\/vie-academique\/communications\/cours\/\" \/>\n<meta property=\"og:site_name\" content=\"Coll\u00e9gial\" \/>\n<meta property=\"article:modified_time\" content=\"2014-10-31T16:40:40+00:00\" \/>\n<meta property=\"og:image\" content=\"https:\/\/www.brebeuf.qc.ca\/collegial\/wp-content\/uploads\/sites\/2\/2014\/10\/communication-TV.jpg\" \/>\n\t<meta property=\"og:image:width\" content=\"1800\" \/>\n\t<meta property=\"og:image:height\" content=\"308\" \/>\n<meta name=\"twitter:label1\" content=\"Dur\u00e9e de lecture est.\">\n\t<meta name=\"twitter:data1\" content=\"2 minutes\">\n<script type=\"application\/ld+json\" class=\"yoast-schema-graph\">{\"@context\":\"https:\/\/schema.org\",\"@graph\":[{\"@type\":\"WebSite\",\"@id\":\"https:\/\/www.brebeuf.qc.ca\/collegial\/#website\",\"url\":\"https:\/\/www.brebeuf.qc.ca\/collegial\/\",\"name\":\"Coll\\u00e9gial\",\"description\":\"Coll\\u00e8ge priv\\u00e9 | Secondaire | Coll\\u00e9gial\",\"potentialAction\":[{\"@type\":\"SearchAction\",\"target\":\"https:\/\/www.brebeuf.qc.ca\/collegial\/?s={search_term_string}\",\"query-input\":\"required name=search_term_string\"}],\"inLanguage\":\"fr-FR\"},{\"@type\":\"ImageObject\",\"@id\":\"https:\/\/www.brebeuf.qc.ca\/collegial\/vie-academique\/communications\/cours\/#primaryimage\",\"inLanguage\":\"fr-FR\",\"url\":\"https:\/\/www.brebeuf.qc.ca\/collegial\/wp-content\/uploads\/sites\/2\/2014\/10\/communication-TV.jpg\",\"contentUrl\":\"https:\/\/www.brebeuf.qc.ca\/collegial\/wp-content\/uploads\/sites\/2\/2014\/10\/communication-TV.jpg\",\"width\":1800,\"height\":308},{\"@type\":\"WebPage\",\"@id\":\"https:\/\/www.brebeuf.qc.ca\/collegial\/vie-academique\/communications\/cours\/#webpage\",\"url\":\"https:\/\/www.brebeuf.qc.ca\/collegial\/vie-academique\/communications\/cours\/\",\"name\":\"Cours - Coll\\u00e9gial\",\"isPartOf\":{\"@id\":\"https:\/\/www.brebeuf.qc.ca\/collegial\/#website\"},\"primaryImageOfPage\":{\"@id\":\"https:\/\/www.brebeuf.qc.ca\/collegial\/vie-academique\/communications\/cours\/#primaryimage\"},\"datePublished\":\"2014-10-30T18:55:06+00:00\",\"dateModified\":\"2014-10-31T16:40:40+00:00\",\"breadcrumb\":{\"@id\":\"https:\/\/www.brebeuf.qc.ca\/collegial\/vie-academique\/communications\/cours\/#breadcrumb\"},\"inLanguage\":\"fr-FR\",\"potentialAction\":[{\"@type\":\"ReadAction\",\"target\":[\"https:\/\/www.brebeuf.qc.ca\/collegial\/vie-academique\/communications\/cours\/\"]}]},{\"@type\":\"BreadcrumbList\",\"@id\":\"https:\/\/www.brebeuf.qc.ca\/collegial\/vie-academique\/communications\/cours\/#breadcrumb\",\"itemListElement\":[{\"@type\":\"ListItem\",\"position\":1,\"item\":{\"@type\":\"WebPage\",\"@id\":\"https:\/\/www.brebeuf.qc.ca\/collegial\/\",\"url\":\"https:\/\/www.brebeuf.qc.ca\/collegial\/\",\"name\":\"Home\"}},{\"@type\":\"ListItem\",\"position\":2,\"item\":{\"@type\":\"WebPage\",\"@id\":\"https:\/\/www.brebeuf.qc.ca\/collegial\/vie-academique\/\",\"url\":\"https:\/\/www.brebeuf.qc.ca\/collegial\/vie-academique\/\",\"name\":\"Vie acad\\u00e9mique\"}},{\"@type\":\"ListItem\",\"position\":3,\"item\":{\"@type\":\"WebPage\",\"@id\":\"https:\/\/www.brebeuf.qc.ca\/collegial\/vie-academique\/communications\/\",\"url\":\"https:\/\/www.brebeuf.qc.ca\/collegial\/vie-academique\/communications\/\",\"name\":\"Communications\"}},{\"@type\":\"ListItem\",\"position\":4,\"item\":{\"@id\":\"https:\/\/www.brebeuf.qc.ca\/collegial\/vie-academique\/communications\/cours\/#webpage\"}}]}]}<\/script>\n<!-- \/ Yoast SEO plugin. -->","_links":{"self":[{"href":"https:\/\/www.brebeuf.qc.ca\/collegial\/wp-json\/wp\/v2\/pages\/839"}],"collection":[{"href":"https:\/\/www.brebeuf.qc.ca\/collegial\/wp-json\/wp\/v2\/pages"}],"about":[{"href":"https:\/\/www.brebeuf.qc.ca\/collegial\/wp-json\/wp\/v2\/types\/page"}],"author":[{"embeddable":true,"href":"https:\/\/www.brebeuf.qc.ca\/collegial\/wp-json\/wp\/v2\/users\/3"}],"replies":[{"embeddable":true,"href":"https:\/\/www.brebeuf.qc.ca\/collegial\/wp-json\/wp\/v2\/comments?post=839"}],"version-history":[{"count":3,"href":"https:\/\/www.brebeuf.qc.ca\/collegial\/wp-json\/wp\/v2\/pages\/839\/revisions"}],"predecessor-version":[{"id":901,"href":"https:\/\/www.brebeuf.qc.ca\/collegial\/wp-json\/wp\/v2\/pages\/839\/revisions\/901"}],"up":[{"embeddable":true,"href":"https:\/\/www.brebeuf.qc.ca\/collegial\/wp-json\/wp\/v2\/pages\/552"}],"wp:featuredmedia":[{"embeddable":true,"href":"https:\/\/www.brebeuf.qc.ca\/collegial\/wp-json\/wp\/v2\/media\/933"}],"wp:attachment":[{"href":"https:\/\/www.brebeuf.qc.ca\/collegial\/wp-json\/wp\/v2\/media?parent=839"}],"curies":[{"name":"wp","href":"https:\/\/api.w.org\/{rel}","templated":true}]}}