{"id":831,"date":"2014-10-30T16:58:12","date_gmt":"2014-10-30T16:58:12","guid":{"rendered":"http:\/\/www.brebeuf.qc.ca\/collegial\/?page_id=831"},"modified":"2019-07-23T16:55:09","modified_gmt":"2019-07-23T16:55:09","slug":"cours","status":"publish","type":"page","link":"https:\/\/www.brebeuf.qc.ca\/collegial\/vie-academique\/cinema\/cours\/","title":{"rendered":"Cours"},"content":{"rendered":"<h2><span id=\"Histoire_du_cinema\"><strong>Histoire du cin\u00e9ma <\/strong><\/span><\/h2>\n<p>L\u2019\u00e9tudiant abordera des notions th\u00e9oriques et techniques pour soutenir l\u2019\u00e9tude d\u2019au moins quatre courants\u00a0: l\u2019expressionnisme (\u00e9clairage et d\u00e9cors), le classicisme (sc\u00e9nario et genres), le n\u00e9or\u00e9alisme (sc\u00e9nario d\u2019enqu\u00eate et tournage hors studio) et la modernit\u00e9 (rupture avec le mod\u00e8le classique et nouveaux r\u00f4les f\u00e9minins et masculins). Il sera aussi question de <em>studio system<\/em>, <em>star system<\/em>, codes de censure, r\u00e9gimes politiques ainsi que de l\u2019\u00e9tude de sc\u00e9nario.<\/p>\n<p>&nbsp;<\/p>\n<h2><span id=\"Cinema_quebecois_et_creation\"><strong>Cin\u00e9ma qu\u00e9b\u00e9cois et cr\u00e9ation <\/strong><\/span><\/h2>\n<p>L\u2019\u00e9tudiant s\u2019initiera aux \u00e9v\u00e9nements importants du Qu\u00e9bec du XX<sup>e<\/sup> si\u00e8cle (la Grande noirceur, la R\u00e9volution tranquille, la Crise d\u2019octobre, les r\u00e9f\u00e9rendums). Il envisagera le r\u00f4le des diff\u00e9rents acteurs culturels en lien avec la production cin\u00e9matographique qu\u00e9b\u00e9coise (T\u00e9l\u00e9film Canada, SODEC, ONF, Bureau de censure, les festivals, la critique). L\u2019\u00e9tudiant sera amen\u00e9 \u00e0 reconna\u00eetre dans des oeuvres les grandes th\u00e9matiques du cin\u00e9ma qu\u00e9b\u00e9cois (identit\u00e9, alt\u00e9rit\u00e9, recherche du p\u00e8re et matriarcat). Enfin, l\u2019\u00e9tudiant explorera les \u00e9tapes de la r\u00e9alisation d\u2019une oeuvre (sc\u00e9narisation, r\u00e9alisation et montage).<\/p>\n<p>&nbsp;<\/p>\n<h2><span id=\"Analyse_de_films\"><strong>Analyse de films<\/strong><\/span><\/h2>\n<p>L\u2019\u00e9tudiant s\u2019initiera \u00e0 diff\u00e9rents mod\u00e8les d\u2019analyse en \u00e9tudes cin\u00e9matographiques et \u00e0 leur terminologie propre (qu\u00eate, savoir du spectateur et du personnage, symbolisme, inconscient,\u00a0contexte de production et de r\u00e9ception). Il sera en mesure d\u2019analyser des oeuvres d\u2019horizons diff\u00e9rents (du film d\u2019auteur au cin\u00e9ma de genres). Enfin, il sera amen\u00e9 \u00e0 choisir et \u00e0 appliquer le ou les mod\u00e8le(s) pertinent(s) \u00e0 l\u2019analyse d\u2019une oeuvre.<\/p>\n<div id=\"toc_container\" class=\"no_bullets\"><p class=\"toc_title\">Sommaire<\/p><ul class=\"toc_list\"><li><a href=\"#Histoire_du_cinema\">Histoire du cin\u00e9ma <\/a><\/li><li><a href=\"#Cinema_quebecois_et_creation\">Cin\u00e9ma qu\u00e9b\u00e9cois et cr\u00e9ation <\/a><\/li><li><a href=\"#Analyse_de_films\">Analyse de films<\/a><\/li><\/ul><\/div>\n","protected":false},"excerpt":{"rendered":"<p>Histoire du cin\u00e9ma L\u2019\u00e9tudiant abordera des notions th\u00e9oriques et techniques pour soutenir l\u2019\u00e9tude d\u2019au moins quatre courants\u00a0: l\u2019expressionnisme (\u00e9clairage et d\u00e9cors), le classicisme (sc\u00e9nario et genres), le n\u00e9or\u00e9alisme (sc\u00e9nario d\u2019enqu\u00eate et tournage hors studio) et la modernit\u00e9 (rupture avec le&#8230;<\/p>\n","protected":false},"author":3,"featured_media":2565,"parent":549,"menu_order":0,"comment_status":"open","ping_status":"closed","template":"templates\/template-personnalisable.php","meta":{"_editorskit_title_hidden":false,"_editorskit_reading_time":0,"_editorskit_typography_data":[],"_editorskit_blocks_typography":""},"yoast_head":"<!-- This site is optimized with the Yoast SEO plugin v16.3 - https:\/\/yoast.com\/wordpress\/plugins\/seo\/ -->\n<title>Cours - Coll\u00e9gial<\/title>\n<meta name=\"robots\" content=\"index, follow, max-snippet:-1, max-image-preview:large, max-video-preview:-1\" \/>\n<link rel=\"canonical\" href=\"https:\/\/www.brebeuf.qc.ca\/collegial\/vie-academique\/cinema\/cours\/\" \/>\n<meta property=\"og:locale\" content=\"fr_FR\" \/>\n<meta property=\"og:type\" content=\"article\" \/>\n<meta property=\"og:title\" content=\"Cours - Coll\u00e9gial\" \/>\n<meta property=\"og:description\" content=\"Histoire du cin\u00e9ma L\u2019\u00e9tudiant abordera des notions th\u00e9oriques et techniques pour soutenir l\u2019\u00e9tude d\u2019au moins quatre courants\u00a0: l\u2019expressionnisme (\u00e9clairage et d\u00e9cors), le classicisme (sc\u00e9nario et genres), le n\u00e9or\u00e9alisme (sc\u00e9nario d\u2019enqu\u00eate et tournage hors studio) et la modernit\u00e9 (rupture avec le...\" \/>\n<meta property=\"og:url\" content=\"https:\/\/www.brebeuf.qc.ca\/collegial\/vie-academique\/cinema\/cours\/\" \/>\n<meta property=\"og:site_name\" content=\"Coll\u00e9gial\" \/>\n<meta property=\"article:modified_time\" content=\"2019-07-23T16:55:09+00:00\" \/>\n<meta property=\"og:image\" content=\"https:\/\/www.brebeuf.qc.ca\/collegial\/wp-content\/uploads\/sites\/2\/2014\/10\/site-web_cinema1.jpg\" \/>\n\t<meta property=\"og:image:width\" content=\"1400\" \/>\n\t<meta property=\"og:image:height\" content=\"240\" \/>\n<meta name=\"twitter:label1\" content=\"Dur\u00e9e de lecture est.\">\n\t<meta name=\"twitter:data1\" content=\"1 minute\">\n<script type=\"application\/ld+json\" class=\"yoast-schema-graph\">{\"@context\":\"https:\/\/schema.org\",\"@graph\":[{\"@type\":\"WebSite\",\"@id\":\"https:\/\/www.brebeuf.qc.ca\/collegial\/#website\",\"url\":\"https:\/\/www.brebeuf.qc.ca\/collegial\/\",\"name\":\"Coll\\u00e9gial\",\"description\":\"Coll\\u00e8ge priv\\u00e9 | Secondaire | Coll\\u00e9gial\",\"potentialAction\":[{\"@type\":\"SearchAction\",\"target\":\"https:\/\/www.brebeuf.qc.ca\/collegial\/?s={search_term_string}\",\"query-input\":\"required name=search_term_string\"}],\"inLanguage\":\"fr-FR\"},{\"@type\":\"ImageObject\",\"@id\":\"https:\/\/www.brebeuf.qc.ca\/collegial\/vie-academique\/cinema\/cours\/#primaryimage\",\"inLanguage\":\"fr-FR\",\"url\":\"https:\/\/www.brebeuf.qc.ca\/collegial\/wp-content\/uploads\/sites\/2\/2014\/10\/site-web_cinema1.jpg\",\"contentUrl\":\"https:\/\/www.brebeuf.qc.ca\/collegial\/wp-content\/uploads\/sites\/2\/2014\/10\/site-web_cinema1.jpg\",\"width\":1400,\"height\":240},{\"@type\":\"WebPage\",\"@id\":\"https:\/\/www.brebeuf.qc.ca\/collegial\/vie-academique\/cinema\/cours\/#webpage\",\"url\":\"https:\/\/www.brebeuf.qc.ca\/collegial\/vie-academique\/cinema\/cours\/\",\"name\":\"Cours - Coll\\u00e9gial\",\"isPartOf\":{\"@id\":\"https:\/\/www.brebeuf.qc.ca\/collegial\/#website\"},\"primaryImageOfPage\":{\"@id\":\"https:\/\/www.brebeuf.qc.ca\/collegial\/vie-academique\/cinema\/cours\/#primaryimage\"},\"datePublished\":\"2014-10-30T16:58:12+00:00\",\"dateModified\":\"2019-07-23T16:55:09+00:00\",\"breadcrumb\":{\"@id\":\"https:\/\/www.brebeuf.qc.ca\/collegial\/vie-academique\/cinema\/cours\/#breadcrumb\"},\"inLanguage\":\"fr-FR\",\"potentialAction\":[{\"@type\":\"ReadAction\",\"target\":[\"https:\/\/www.brebeuf.qc.ca\/collegial\/vie-academique\/cinema\/cours\/\"]}]},{\"@type\":\"BreadcrumbList\",\"@id\":\"https:\/\/www.brebeuf.qc.ca\/collegial\/vie-academique\/cinema\/cours\/#breadcrumb\",\"itemListElement\":[{\"@type\":\"ListItem\",\"position\":1,\"item\":{\"@type\":\"WebPage\",\"@id\":\"https:\/\/www.brebeuf.qc.ca\/collegial\/\",\"url\":\"https:\/\/www.brebeuf.qc.ca\/collegial\/\",\"name\":\"Home\"}},{\"@type\":\"ListItem\",\"position\":2,\"item\":{\"@type\":\"WebPage\",\"@id\":\"https:\/\/www.brebeuf.qc.ca\/collegial\/vie-academique\/\",\"url\":\"https:\/\/www.brebeuf.qc.ca\/collegial\/vie-academique\/\",\"name\":\"Vie acad\\u00e9mique\"}},{\"@type\":\"ListItem\",\"position\":3,\"item\":{\"@type\":\"WebPage\",\"@id\":\"https:\/\/www.brebeuf.qc.ca\/collegial\/vie-academique\/cinema\/\",\"url\":\"https:\/\/www.brebeuf.qc.ca\/collegial\/vie-academique\/cinema\/\",\"name\":\"Cin\\u00e9ma\"}},{\"@type\":\"ListItem\",\"position\":4,\"item\":{\"@id\":\"https:\/\/www.brebeuf.qc.ca\/collegial\/vie-academique\/cinema\/cours\/#webpage\"}}]}]}<\/script>\n<!-- \/ Yoast SEO plugin. -->","_links":{"self":[{"href":"https:\/\/www.brebeuf.qc.ca\/collegial\/wp-json\/wp\/v2\/pages\/831"}],"collection":[{"href":"https:\/\/www.brebeuf.qc.ca\/collegial\/wp-json\/wp\/v2\/pages"}],"about":[{"href":"https:\/\/www.brebeuf.qc.ca\/collegial\/wp-json\/wp\/v2\/types\/page"}],"author":[{"embeddable":true,"href":"https:\/\/www.brebeuf.qc.ca\/collegial\/wp-json\/wp\/v2\/users\/3"}],"replies":[{"embeddable":true,"href":"https:\/\/www.brebeuf.qc.ca\/collegial\/wp-json\/wp\/v2\/comments?post=831"}],"version-history":[{"count":2,"href":"https:\/\/www.brebeuf.qc.ca\/collegial\/wp-json\/wp\/v2\/pages\/831\/revisions"}],"predecessor-version":[{"id":923,"href":"https:\/\/www.brebeuf.qc.ca\/collegial\/wp-json\/wp\/v2\/pages\/831\/revisions\/923"}],"up":[{"embeddable":true,"href":"https:\/\/www.brebeuf.qc.ca\/collegial\/wp-json\/wp\/v2\/pages\/549"}],"wp:featuredmedia":[{"embeddable":true,"href":"https:\/\/www.brebeuf.qc.ca\/collegial\/wp-json\/wp\/v2\/media\/2565"}],"wp:attachment":[{"href":"https:\/\/www.brebeuf.qc.ca\/collegial\/wp-json\/wp\/v2\/media?parent=831"}],"curies":[{"name":"wp","href":"https:\/\/api.w.org\/{rel}","templated":true}]}}