{"id":74,"date":"2014-07-18T19:41:05","date_gmt":"2014-07-18T19:41:05","guid":{"rendered":"http:\/\/localhost\/brebeuf\/collegial\/?page_id=74"},"modified":"2024-07-11T20:01:02","modified_gmt":"2024-07-11T20:01:02","slug":"vie-academique","status":"publish","type":"page","link":"https:\/\/www.brebeuf.qc.ca\/collegial\/vie-academique\/","title":{"rendered":"Vie acad\u00e9mique"},"content":{"rendered":"<h2>Liste des d\u00e9partements et des disciplines du coll\u00e9gial<\/h2>\n<ul>\n<li><a href=\"https:\/\/www.brebeuf.qc.ca\/collegial\/vie-academique\/anthropologie\/\">Anthropologie<\/a><\/li>\n<li><a href=\"https:\/\/www.brebeuf.qc.ca\/collegial\/vie-academique\/psychologie\/\">Psychologie<\/a><\/li>\n<\/ul>\n<h3>Arts visuels et communication<\/h3>\n<ul>\n<li><a href=\"https:\/\/www.brebeuf.qc.ca\/collegial\/vie-academique\/arts-visuels\/\">Art et design<\/a><\/li>\n<li><a href=\"https:\/\/www.brebeuf.qc.ca\/collegial\/vie-academique\/cinema\/\">Cin\u00e9ma<\/a><\/li>\n<li><a href=\"https:\/\/www.brebeuf.qc.ca\/collegial\/vie-academique\/communications\/\">Communications<\/a><\/li>\n<li><a href=\"https:\/\/www.brebeuf.qc.ca\/collegial\/vie-academique\/histoire-lart\/\">Histoire de l\u2019art<\/a><\/li>\n<li><a href=\"https:\/\/www.brebeuf.qc.ca\/collegial\/vie-academique\/multimedia\/\">M\u00e9dias num\u00e9riques<\/a><\/li>\n<li><a href=\"https:\/\/www.brebeuf.qc.ca\/collegial\/vie-academique\/theatre\/\">Th\u00e9\u00e2tre<\/a><\/li>\n<\/ul>\n<h3>Biologie<\/h3>\n<ul>\n<li><a href=\"https:\/\/www.brebeuf.qc.ca\/collegial\/vie-academique\/biologie\/\">Biologie<\/a><\/li>\n<\/ul>\n<h3>Chimie<\/h3>\n<ul>\n<li><a href=\"https:\/\/www.brebeuf.qc.ca\/collegial\/vie-academique\/chimie\/\">Chimie<\/a><\/li>\n<\/ul>\n<h3>\u00c9ducation physique<\/h3>\n<ul>\n<li><a href=\"https:\/\/www.brebeuf.qc.ca\/collegial\/vie-academique\/education-physique\/\">\u00c9ducation physique<\/a><\/li>\n<\/ul>\n<h3>Langues<\/h3>\n<ul>\n<li><a href=\"https:\/\/www.brebeuf.qc.ca\/collegial\/vie-academique\/allemand\/\">Allemand<\/a><\/li>\n<li><a href=\"https:\/\/www.brebeuf.qc.ca\/collegial\/vie-academique\/anglais\/\">Anglais<\/a><\/li>\n<li><a href=\"https:\/\/www.brebeuf.qc.ca\/collegial\/vie-academique\/espagnol\/\">Espagnol<\/a><\/li>\n<\/ul>\n<h3>Litt\u00e9rature<\/h3>\n<ul>\n<li><a href=\"https:\/\/www.brebeuf.qc.ca\/collegial\/vie-academique\/francais\/\">Fran\u00e7ais<\/a><\/li>\n<\/ul>\n<h3>Math\u00e9matiques et informatique<\/h3>\n<ul>\n<li><a href=\"https:\/\/www.brebeuf.qc.ca\/collegial\/vie-academique\/informatique\/https:\/\/www.brebeuf.qc.ca\/collegial\/vie-academique\/informatique\/\">Informatique<\/a><\/li>\n<li><a href=\"https:\/\/www.brebeuf.qc.ca\/collegial\/vie-academique\/mathematiques\/\">Math\u00e9matiques<\/a><\/li>\n<\/ul>\n<ul>\n<li><a href=\"https:\/\/www.brebeuf.qc.ca\/collegial\/vie-academique\/administration\/\">Administration<\/a><\/li>\n<li><a href=\"https:\/\/www.brebeuf.qc.ca\/collegial\/vie-academique\/economie\/\">\u00c9conomie<\/a><\/li>\n<li><a href=\"https:\/\/www.brebeuf.qc.ca\/collegial\/vie-academique\/histoire\/\">Histoire<\/a><\/li>\n<li><a href=\"https:\/\/www.brebeuf.qc.ca\/collegial\/vie-academique\/politique\/\">Politique<\/a><\/li>\n<li><a href=\"https:\/\/www.brebeuf.qc.ca\/collegial\/sociologie\/\">Sociologie<\/a><\/li>\n<\/ul>\n<h3>Philosophie<\/h3>\n<ul>\n<li><a href=\"https:\/\/www.brebeuf.qc.ca\/collegial\/vie-academique\/philosophie\/%20\">Philosophie<\/a><\/li>\n<\/ul>\n<h3>Physique<\/h3>\n<ul>\n<li><a href=\"https:\/\/www.brebeuf.qc.ca\/collegial\/vie-academique\/physique\/\">Physique<\/a><\/li>\n<\/ul>\n<h3>Technologies de l\u2019information et des communications<\/h3>\n<ul>\n<li><a href=\"https:\/\/www.brebeuf.qc.ca\/collegial\/vie-academique\/tic-magellan\/\">TIC \u2013 Magellan<\/a><\/li>\n<\/ul>\n","protected":false},"excerpt":{"rendered":"<p>Liste des d\u00e9partements et des disciplines du coll\u00e9gial Anthropologie Psychologie Arts visuels et communication Art et design Cin\u00e9ma Communications Histoire de l\u2019art M\u00e9dias num\u00e9riques Th\u00e9\u00e2tre Biologie Biologie Chimie Chimie \u00c9ducation physique \u00c9ducation physique Langues Allemand Anglais Espagnol Litt\u00e9rature Fran\u00e7ais Math\u00e9matiques&#8230;<\/p>\n","protected":false},"author":1,"featured_media":8319,"parent":0,"menu_order":10,"comment_status":"open","ping_status":"closed","template":"templates\/template-generique.php","meta":{"_editorskit_title_hidden":false,"_editorskit_reading_time":1,"_editorskit_typography_data":[],"_editorskit_blocks_typography":""},"yoast_head":"<!-- This site is optimized with the Yoast SEO plugin v16.3 - https:\/\/yoast.com\/wordpress\/plugins\/seo\/ -->\n<title>Vie acad\u00e9mique - Coll\u00e9gial<\/title>\n<meta name=\"robots\" content=\"index, follow, max-snippet:-1, max-image-preview:large, max-video-preview:-1\" \/>\n<link rel=\"canonical\" href=\"https:\/\/www.brebeuf.qc.ca\/collegial\/vie-academique\/\" \/>\n<meta property=\"og:locale\" content=\"fr_FR\" \/>\n<meta property=\"og:type\" content=\"article\" \/>\n<meta property=\"og:title\" content=\"Vie acad\u00e9mique - Coll\u00e9gial\" \/>\n<meta property=\"og:description\" content=\"Liste des d\u00e9partements et des disciplines du coll\u00e9gial Anthropologie Psychologie Arts visuels et communication Art et design Cin\u00e9ma Communications Histoire de l\u2019art M\u00e9dias num\u00e9riques Th\u00e9\u00e2tre Biologie Biologie Chimie Chimie \u00c9ducation physique \u00c9ducation physique Langues Allemand Anglais Espagnol Litt\u00e9rature Fran\u00e7ais Math\u00e9matiques...\" \/>\n<meta property=\"og:url\" content=\"https:\/\/www.brebeuf.qc.ca\/collegial\/vie-academique\/\" \/>\n<meta property=\"og:site_name\" content=\"Coll\u00e9gial\" \/>\n<meta property=\"article:modified_time\" content=\"2024-07-11T20:01:02+00:00\" \/>\n<meta property=\"og:image\" content=\"https:\/\/www.brebeuf.qc.ca\/collegial\/wp-content\/uploads\/sites\/2\/2024\/07\/Vie-academique-coll.png\" \/>\n\t<meta property=\"og:image:width\" content=\"1400\" \/>\n\t<meta property=\"og:image:height\" content=\"240\" \/>\n<meta name=\"twitter:label1\" content=\"Dur\u00e9e de lecture est.\">\n\t<meta name=\"twitter:data1\" content=\"1 minute\">\n<script type=\"application\/ld+json\" class=\"yoast-schema-graph\">{\"@context\":\"https:\/\/schema.org\",\"@graph\":[{\"@type\":\"WebSite\",\"@id\":\"https:\/\/www.brebeuf.qc.ca\/collegial\/#website\",\"url\":\"https:\/\/www.brebeuf.qc.ca\/collegial\/\",\"name\":\"Coll\\u00e9gial\",\"description\":\"Coll\\u00e8ge priv\\u00e9 | Secondaire | Coll\\u00e9gial\",\"potentialAction\":[{\"@type\":\"SearchAction\",\"target\":\"https:\/\/www.brebeuf.qc.ca\/collegial\/?s={search_term_string}\",\"query-input\":\"required name=search_term_string\"}],\"inLanguage\":\"fr-FR\"},{\"@type\":\"ImageObject\",\"@id\":\"https:\/\/www.brebeuf.qc.ca\/collegial\/vie-academique\/#primaryimage\",\"inLanguage\":\"fr-FR\",\"url\":\"https:\/\/www.brebeuf.qc.ca\/collegial\/wp-content\/uploads\/sites\/2\/2024\/07\/Vie-academique-coll.png\",\"contentUrl\":\"https:\/\/www.brebeuf.qc.ca\/collegial\/wp-content\/uploads\/sites\/2\/2024\/07\/Vie-academique-coll.png\",\"width\":1400,\"height\":240},{\"@type\":\"WebPage\",\"@id\":\"https:\/\/www.brebeuf.qc.ca\/collegial\/vie-academique\/#webpage\",\"url\":\"https:\/\/www.brebeuf.qc.ca\/collegial\/vie-academique\/\",\"name\":\"Vie acad\\u00e9mique - Coll\\u00e9gial\",\"isPartOf\":{\"@id\":\"https:\/\/www.brebeuf.qc.ca\/collegial\/#website\"},\"primaryImageOfPage\":{\"@id\":\"https:\/\/www.brebeuf.qc.ca\/collegial\/vie-academique\/#primaryimage\"},\"datePublished\":\"2014-07-18T19:41:05+00:00\",\"dateModified\":\"2024-07-11T20:01:02+00:00\",\"breadcrumb\":{\"@id\":\"https:\/\/www.brebeuf.qc.ca\/collegial\/vie-academique\/#breadcrumb\"},\"inLanguage\":\"fr-FR\",\"potentialAction\":[{\"@type\":\"ReadAction\",\"target\":[\"https:\/\/www.brebeuf.qc.ca\/collegial\/vie-academique\/\"]}]},{\"@type\":\"BreadcrumbList\",\"@id\":\"https:\/\/www.brebeuf.qc.ca\/collegial\/vie-academique\/#breadcrumb\",\"itemListElement\":[{\"@type\":\"ListItem\",\"position\":1,\"item\":{\"@type\":\"WebPage\",\"@id\":\"https:\/\/www.brebeuf.qc.ca\/collegial\/\",\"url\":\"https:\/\/www.brebeuf.qc.ca\/collegial\/\",\"name\":\"Home\"}},{\"@type\":\"ListItem\",\"position\":2,\"item\":{\"@id\":\"https:\/\/www.brebeuf.qc.ca\/collegial\/vie-academique\/#webpage\"}}]}]}<\/script>\n<!-- \/ Yoast SEO plugin. -->","_links":{"self":[{"href":"https:\/\/www.brebeuf.qc.ca\/collegial\/wp-json\/wp\/v2\/pages\/74"}],"collection":[{"href":"https:\/\/www.brebeuf.qc.ca\/collegial\/wp-json\/wp\/v2\/pages"}],"about":[{"href":"https:\/\/www.brebeuf.qc.ca\/collegial\/wp-json\/wp\/v2\/types\/page"}],"author":[{"embeddable":true,"href":"https:\/\/www.brebeuf.qc.ca\/collegial\/wp-json\/wp\/v2\/users\/1"}],"replies":[{"embeddable":true,"href":"https:\/\/www.brebeuf.qc.ca\/collegial\/wp-json\/wp\/v2\/comments?post=74"}],"version-history":[{"count":51,"href":"https:\/\/www.brebeuf.qc.ca\/collegial\/wp-json\/wp\/v2\/pages\/74\/revisions"}],"predecessor-version":[{"id":8293,"href":"https:\/\/www.brebeuf.qc.ca\/collegial\/wp-json\/wp\/v2\/pages\/74\/revisions\/8293"}],"wp:featuredmedia":[{"embeddable":true,"href":"https:\/\/www.brebeuf.qc.ca\/collegial\/wp-json\/wp\/v2\/media\/8319"}],"wp:attachment":[{"href":"https:\/\/www.brebeuf.qc.ca\/collegial\/wp-json\/wp\/v2\/media?parent=74"}],"curies":[{"name":"wp","href":"https:\/\/api.w.org\/{rel}","templated":true}]}}