{"id":6912,"date":"2022-09-27T14:52:16","date_gmt":"2022-09-27T14:52:16","guid":{"rendered":"https:\/\/www.brebeuf.qc.ca\/collegial\/?page_id=6912"},"modified":"2026-01-09T14:58:48","modified_gmt":"2026-01-09T14:58:48","slug":"brochures-de-programmes","status":"publish","type":"page","link":"https:\/\/www.brebeuf.qc.ca\/collegial\/brochures-de-programmes\/","title":{"rendered":"Brochures de programmes"},"content":{"rendered":"\n<p>Vous pouvez maintenant t\u00e9l\u00e9charger les brochures de programme de votre choix en cliquant sur les liens ci-dessous :<\/p>\n\n\n\n<blockquote class=\"wp-block-quote\"><p>T<a href=\"https:\/\/www.brebeuf.qc.ca\/collegial\/wp-content\/uploads\/sites\/2\/2025\/09\/Brochure_generale_compressed-avec-compression.pdf\" class=\"ek-link\">\u00e9l\u00e9charger le <strong>d\u00e9pliant <\/strong>de pr\u00e9sentation du coll\u00e9gial<\/a><\/p><p><a href=\"https:\/\/www.brebeuf.qc.ca\/wp-content\/uploads\/2025\/09\/1486-BREBEUF-Collegial-2025-26-Depliant-BI-SH-numerique.pdf\">T\u00e9l\u00e9charger le <strong>d\u00e9pliant <\/strong>du BI Sciences humaines 2025<\/a><\/p><p><a href=\"https:\/\/www.brebeuf.qc.ca\/wp-content\/uploads\/2025\/09\/1486-BREBEUF-Collegial-2025-26-Depliant-BI-SN-numerique.pdf\">T\u00e9l\u00e9charger le <strong>d\u00e9pliant <\/strong>du BI Sciences de la nature 2025<\/a><\/p><p><a href=\"https:\/\/www.brebeuf.qc.ca\/wp-content\/uploads\/2025\/09\/1486-BREBEUF-Collegial-2025-26-Depliant-ALC-numerique.pdf\" class=\"ek-link\">T\u00e9l\u00e9charger le <strong>d\u00e9pliant<\/strong> du DEC Arts, lettres et communication 2025<\/a><\/p><p><a href=\"https:\/\/www.brebeuf.qc.ca\/wp-content\/uploads\/2025\/09\/1486-BREBEUF-Collegial-2025-26-Depliant-SH-numerique.pdf\">T\u00e9l\u00e9charger le <strong>d\u00e9pliant<\/strong> du DEC Sciences humaines 2025<\/a><\/p><p><a href=\"https:\/\/www.brebeuf.qc.ca\/wp-content\/uploads\/2025\/09\/1486-BREBEUF-Collegial-2025-26-Depliant-SN-numerique.pdf\">T\u00e9l\u00e9charger le <strong>d\u00e9pliant<\/strong> du DEC Sciences de la nature 2025<\/a><\/p><p><a href=\"https:\/\/www.brebeuf.qc.ca\/wp-content\/uploads\/2025\/09\/1486-BREBEUF-Collegial-2025-26-Depliant-SLA-numerique.pdf\">T\u00e9l\u00e9charger le <strong>d\u00e9pliant<\/strong> du DEC Sciences, lettres et arts 2025<\/a><\/p><p><\/p><\/blockquote>\n","protected":false},"excerpt":{"rendered":"<p>Vous pouvez maintenant t\u00e9l\u00e9charger les brochures de programme de votre choix en cliquant sur les liens ci-dessous : T\u00e9l\u00e9charger le d\u00e9pliant de pr\u00e9sentation du coll\u00e9gial T\u00e9l\u00e9charger le d\u00e9pliant du BI Sciences humaines 2025 T\u00e9l\u00e9charger le d\u00e9pliant du BI Sciences de&#8230;<\/p>\n","protected":false},"author":87,"featured_media":0,"parent":0,"menu_order":0,"comment_status":"closed","ping_status":"closed","template":"templates\/template-personnalisable.php","meta":{"_editorskit_title_hidden":false,"_editorskit_reading_time":1,"_editorskit_typography_data":[],"_editorskit_blocks_typography":""},"yoast_head":"<!-- This site is optimized with the Yoast SEO plugin v16.3 - https:\/\/yoast.com\/wordpress\/plugins\/seo\/ -->\n<title>Brochures de programmes - Coll\u00e9gial<\/title>\n<meta name=\"robots\" content=\"index, follow, max-snippet:-1, max-image-preview:large, max-video-preview:-1\" \/>\n<link rel=\"canonical\" href=\"https:\/\/www.brebeuf.qc.ca\/collegial\/brochures-de-programmes\/\" \/>\n<meta property=\"og:locale\" content=\"fr_FR\" \/>\n<meta property=\"og:type\" content=\"article\" \/>\n<meta property=\"og:title\" content=\"Brochures de programmes - Coll\u00e9gial\" \/>\n<meta property=\"og:description\" content=\"Vous pouvez maintenant t\u00e9l\u00e9charger les brochures de programme de votre choix en cliquant sur les liens ci-dessous : T\u00e9l\u00e9charger le d\u00e9pliant de pr\u00e9sentation du coll\u00e9gial T\u00e9l\u00e9charger le d\u00e9pliant du BI Sciences humaines 2025 T\u00e9l\u00e9charger le d\u00e9pliant du BI Sciences de...\" \/>\n<meta property=\"og:url\" content=\"https:\/\/www.brebeuf.qc.ca\/collegial\/brochures-de-programmes\/\" \/>\n<meta property=\"og:site_name\" content=\"Coll\u00e9gial\" \/>\n<meta property=\"article:modified_time\" content=\"2026-01-09T14:58:48+00:00\" \/>\n<meta name=\"twitter:label1\" content=\"Dur\u00e9e de lecture est.\">\n\t<meta name=\"twitter:data1\" content=\"1 minute\">\n<script type=\"application\/ld+json\" class=\"yoast-schema-graph\">{\"@context\":\"https:\/\/schema.org\",\"@graph\":[{\"@type\":\"WebSite\",\"@id\":\"https:\/\/www.brebeuf.qc.ca\/collegial\/#website\",\"url\":\"https:\/\/www.brebeuf.qc.ca\/collegial\/\",\"name\":\"Coll\\u00e9gial\",\"description\":\"Coll\\u00e8ge priv\\u00e9 | Secondaire | Coll\\u00e9gial\",\"potentialAction\":[{\"@type\":\"SearchAction\",\"target\":\"https:\/\/www.brebeuf.qc.ca\/collegial\/?s={search_term_string}\",\"query-input\":\"required name=search_term_string\"}],\"inLanguage\":\"fr-FR\"},{\"@type\":\"WebPage\",\"@id\":\"https:\/\/www.brebeuf.qc.ca\/collegial\/brochures-de-programmes\/#webpage\",\"url\":\"https:\/\/www.brebeuf.qc.ca\/collegial\/brochures-de-programmes\/\",\"name\":\"Brochures de programmes - Coll\\u00e9gial\",\"isPartOf\":{\"@id\":\"https:\/\/www.brebeuf.qc.ca\/collegial\/#website\"},\"datePublished\":\"2022-09-27T14:52:16+00:00\",\"dateModified\":\"2026-01-09T14:58:48+00:00\",\"breadcrumb\":{\"@id\":\"https:\/\/www.brebeuf.qc.ca\/collegial\/brochures-de-programmes\/#breadcrumb\"},\"inLanguage\":\"fr-FR\",\"potentialAction\":[{\"@type\":\"ReadAction\",\"target\":[\"https:\/\/www.brebeuf.qc.ca\/collegial\/brochures-de-programmes\/\"]}]},{\"@type\":\"BreadcrumbList\",\"@id\":\"https:\/\/www.brebeuf.qc.ca\/collegial\/brochures-de-programmes\/#breadcrumb\",\"itemListElement\":[{\"@type\":\"ListItem\",\"position\":1,\"item\":{\"@type\":\"WebPage\",\"@id\":\"https:\/\/www.brebeuf.qc.ca\/collegial\/\",\"url\":\"https:\/\/www.brebeuf.qc.ca\/collegial\/\",\"name\":\"Home\"}},{\"@type\":\"ListItem\",\"position\":2,\"item\":{\"@id\":\"https:\/\/www.brebeuf.qc.ca\/collegial\/brochures-de-programmes\/#webpage\"}}]}]}<\/script>\n<!-- \/ Yoast SEO plugin. -->","_links":{"self":[{"href":"https:\/\/www.brebeuf.qc.ca\/collegial\/wp-json\/wp\/v2\/pages\/6912"}],"collection":[{"href":"https:\/\/www.brebeuf.qc.ca\/collegial\/wp-json\/wp\/v2\/pages"}],"about":[{"href":"https:\/\/www.brebeuf.qc.ca\/collegial\/wp-json\/wp\/v2\/types\/page"}],"author":[{"embeddable":true,"href":"https:\/\/www.brebeuf.qc.ca\/collegial\/wp-json\/wp\/v2\/users\/87"}],"replies":[{"embeddable":true,"href":"https:\/\/www.brebeuf.qc.ca\/collegial\/wp-json\/wp\/v2\/comments?post=6912"}],"version-history":[{"count":24,"href":"https:\/\/www.brebeuf.qc.ca\/collegial\/wp-json\/wp\/v2\/pages\/6912\/revisions"}],"predecessor-version":[{"id":9465,"href":"https:\/\/www.brebeuf.qc.ca\/collegial\/wp-json\/wp\/v2\/pages\/6912\/revisions\/9465"}],"wp:attachment":[{"href":"https:\/\/www.brebeuf.qc.ca\/collegial\/wp-json\/wp\/v2\/media?parent=6912"}],"curies":[{"name":"wp","href":"https:\/\/api.w.org\/{rel}","templated":true}]}}