{"id":69,"date":"2014-07-18T18:34:14","date_gmt":"2014-07-18T18:34:14","guid":{"rendered":"http:\/\/localhost\/brebeuf\/collegial\/?page_id=69"},"modified":"2026-01-09T15:47:07","modified_gmt":"2026-01-09T15:47:07","slug":"dec-sciences-de-la-nature","status":"publish","type":"page","link":"https:\/\/www.brebeuf.qc.ca\/collegial\/dec-sciences-de-la-nature\/","title":{"rendered":"DEC &#8211; Sciences de la nature"},"content":{"rendered":"\n<div class=\"wp-block-buttons\">\n<div class=\"wp-block-button is-style-outline\"><a class=\"wp-block-button__link\" href=\"https:\/\/brebeuf-estd.omnivox.ca\/estd\/adms2\/Admission.ovx\">Je fais ma demande d&rsquo;admission<\/a><\/div>\n\n\n\n<div class=\"wp-block-button is-style-outline\"><a class=\"wp-block-button__link\" href=\"https:\/\/brebeuf-estd.omnivox.ca\/Estd\/Net\/DemandeAdmission\/Loginv2.aspx\">Je consulte l&rsquo;\u00e9tat de ma demande<\/a><\/div>\n<\/div>\n\n\n<p>Le programme Sciences de la nature permet d\u2019acqu\u00e9rir des connaissances et des m\u00e9thodes de travail en math\u00e9matiques, en biologie, en chimie et en physique.<\/p>\n<blockquote>\n<p><a href=\"https:\/\/www.brebeuf.qc.ca\/wp-content\/uploads\/2025\/09\/1486-BREBEUF-Collegial-2025-26-Depliant-SN-numerique.pdf\">T\u00e9l\u00e9charger le <strong>d\u00e9pliant<\/strong> du DEC Sciences de la nature 2025<\/a><\/p>\n<\/blockquote>\n<p><strong>\u00c0 Br\u00e9beuf, quatre profils sont offerts en Sciences de la nature.<\/strong><\/p>","protected":false},"excerpt":{"rendered":"<p>Le programme Sciences de la nature permet d\u2019acqu\u00e9rir des connaissances et des m\u00e9thodes de travail en math\u00e9matiques, en biologie, en chimie et en physique. T\u00e9l\u00e9charger le d\u00e9pliant du DEC Sciences de la nature 2025 \u00c0 Br\u00e9beuf, quatre profils sont offerts&#8230;<\/p>\n","protected":false},"author":1,"featured_media":620,"parent":0,"menu_order":4,"comment_status":"open","ping_status":"closed","template":"templates\/template-programme-v2.php","meta":{"_editorskit_title_hidden":false,"_editorskit_reading_time":1,"_editorskit_typography_data":[],"_editorskit_blocks_typography":""},"yoast_head":"<!-- This site is optimized with the Yoast SEO plugin v16.3 - https:\/\/yoast.com\/wordpress\/plugins\/seo\/ -->\n<title>DEC - Sciences de la nature - Coll\u00e9gial<\/title>\n<meta name=\"robots\" content=\"index, follow, max-snippet:-1, max-image-preview:large, max-video-preview:-1\" \/>\n<link rel=\"canonical\" href=\"https:\/\/www.brebeuf.qc.ca\/collegial\/dec-sciences-de-la-nature\/\" \/>\n<meta property=\"og:locale\" content=\"fr_FR\" \/>\n<meta property=\"og:type\" content=\"article\" \/>\n<meta property=\"og:title\" content=\"DEC - Sciences de la nature - Coll\u00e9gial\" \/>\n<meta property=\"og:description\" content=\"Le programme Sciences de la nature permet d\u2019acqu\u00e9rir des connaissances et des m\u00e9thodes de travail en math\u00e9matiques, en biologie, en chimie et en physique. T\u00e9l\u00e9charger le d\u00e9pliant du DEC Sciences de la nature 2025 \u00c0 Br\u00e9beuf, quatre profils sont offerts...\" \/>\n<meta property=\"og:url\" content=\"https:\/\/www.brebeuf.qc.ca\/collegial\/dec-sciences-de-la-nature\/\" \/>\n<meta property=\"og:site_name\" content=\"Coll\u00e9gial\" \/>\n<meta property=\"article:modified_time\" content=\"2026-01-09T15:47:07+00:00\" \/>\n<meta property=\"og:image\" content=\"https:\/\/www.brebeuf.qc.ca\/collegial\/wp-content\/uploads\/sites\/2\/2014\/07\/science-de-la-nature.jpg\" \/>\n\t<meta property=\"og:image:width\" content=\"1400\" \/>\n\t<meta property=\"og:image:height\" content=\"240\" \/>\n<meta name=\"twitter:label1\" content=\"Dur\u00e9e de lecture est.\">\n\t<meta name=\"twitter:data1\" content=\"1 minute\">\n<script type=\"application\/ld+json\" class=\"yoast-schema-graph\">{\"@context\":\"https:\/\/schema.org\",\"@graph\":[{\"@type\":\"WebSite\",\"@id\":\"https:\/\/www.brebeuf.qc.ca\/collegial\/#website\",\"url\":\"https:\/\/www.brebeuf.qc.ca\/collegial\/\",\"name\":\"Coll\\u00e9gial\",\"description\":\"Coll\\u00e8ge priv\\u00e9 | Secondaire | Coll\\u00e9gial\",\"potentialAction\":[{\"@type\":\"SearchAction\",\"target\":\"https:\/\/www.brebeuf.qc.ca\/collegial\/?s={search_term_string}\",\"query-input\":\"required name=search_term_string\"}],\"inLanguage\":\"fr-FR\"},{\"@type\":\"ImageObject\",\"@id\":\"https:\/\/www.brebeuf.qc.ca\/collegial\/dec-sciences-de-la-nature\/#primaryimage\",\"inLanguage\":\"fr-FR\",\"url\":\"https:\/\/www.brebeuf.qc.ca\/collegial\/wp-content\/uploads\/sites\/2\/2014\/07\/science-de-la-nature.jpg\",\"contentUrl\":\"https:\/\/www.brebeuf.qc.ca\/collegial\/wp-content\/uploads\/sites\/2\/2014\/07\/science-de-la-nature.jpg\",\"width\":1400,\"height\":240,\"caption\":\"DEC SCIENCES DE LA NATURE\"},{\"@type\":\"WebPage\",\"@id\":\"https:\/\/www.brebeuf.qc.ca\/collegial\/dec-sciences-de-la-nature\/#webpage\",\"url\":\"https:\/\/www.brebeuf.qc.ca\/collegial\/dec-sciences-de-la-nature\/\",\"name\":\"DEC - Sciences de la nature - Coll\\u00e9gial\",\"isPartOf\":{\"@id\":\"https:\/\/www.brebeuf.qc.ca\/collegial\/#website\"},\"primaryImageOfPage\":{\"@id\":\"https:\/\/www.brebeuf.qc.ca\/collegial\/dec-sciences-de-la-nature\/#primaryimage\"},\"datePublished\":\"2014-07-18T18:34:14+00:00\",\"dateModified\":\"2026-01-09T15:47:07+00:00\",\"breadcrumb\":{\"@id\":\"https:\/\/www.brebeuf.qc.ca\/collegial\/dec-sciences-de-la-nature\/#breadcrumb\"},\"inLanguage\":\"fr-FR\",\"potentialAction\":[{\"@type\":\"ReadAction\",\"target\":[\"https:\/\/www.brebeuf.qc.ca\/collegial\/dec-sciences-de-la-nature\/\"]}]},{\"@type\":\"BreadcrumbList\",\"@id\":\"https:\/\/www.brebeuf.qc.ca\/collegial\/dec-sciences-de-la-nature\/#breadcrumb\",\"itemListElement\":[{\"@type\":\"ListItem\",\"position\":1,\"item\":{\"@type\":\"WebPage\",\"@id\":\"https:\/\/www.brebeuf.qc.ca\/collegial\/\",\"url\":\"https:\/\/www.brebeuf.qc.ca\/collegial\/\",\"name\":\"Home\"}},{\"@type\":\"ListItem\",\"position\":2,\"item\":{\"@id\":\"https:\/\/www.brebeuf.qc.ca\/collegial\/dec-sciences-de-la-nature\/#webpage\"}}]}]}<\/script>\n<!-- \/ Yoast SEO plugin. -->","_links":{"self":[{"href":"https:\/\/www.brebeuf.qc.ca\/collegial\/wp-json\/wp\/v2\/pages\/69"}],"collection":[{"href":"https:\/\/www.brebeuf.qc.ca\/collegial\/wp-json\/wp\/v2\/pages"}],"about":[{"href":"https:\/\/www.brebeuf.qc.ca\/collegial\/wp-json\/wp\/v2\/types\/page"}],"author":[{"embeddable":true,"href":"https:\/\/www.brebeuf.qc.ca\/collegial\/wp-json\/wp\/v2\/users\/1"}],"replies":[{"embeddable":true,"href":"https:\/\/www.brebeuf.qc.ca\/collegial\/wp-json\/wp\/v2\/comments?post=69"}],"version-history":[{"count":55,"href":"https:\/\/www.brebeuf.qc.ca\/collegial\/wp-json\/wp\/v2\/pages\/69\/revisions"}],"predecessor-version":[{"id":9466,"href":"https:\/\/www.brebeuf.qc.ca\/collegial\/wp-json\/wp\/v2\/pages\/69\/revisions\/9466"}],"wp:featuredmedia":[{"embeddable":true,"href":"https:\/\/www.brebeuf.qc.ca\/collegial\/wp-json\/wp\/v2\/media\/620"}],"wp:attachment":[{"href":"https:\/\/www.brebeuf.qc.ca\/collegial\/wp-json\/wp\/v2\/media?parent=69"}],"curies":[{"name":"wp","href":"https:\/\/api.w.org\/{rel}","templated":true}]}}