{"id":6749,"date":"2022-02-28T22:03:32","date_gmt":"2022-02-28T22:03:32","guid":{"rendered":"https:\/\/www.brebeuf.qc.ca\/collegial\/?page_id=6749"},"modified":"2022-02-28T22:05:45","modified_gmt":"2022-02-28T22:05:45","slug":"cours-alc-pratiques-theatrales-contemporaines","status":"publish","type":"page","link":"https:\/\/www.brebeuf.qc.ca\/collegial\/dec-arts-lettres-et-communication\/cours-alc-pratiques-theatrales-contemporaines\/","title":{"rendered":"Cours ALC &#8211; Pratiques th\u00e9\u00e2trales contemporaines"},"content":{"rendered":"\n<p><strong>Session 4 \u2013 Hiver<\/strong><\/p>\n\n\n\n<ul><li>THE-A07-19<\/li><li>Code minist\u00e9riel : 560-T17-BR<\/li><li>2-1-3 [2 unit\u00e9s]<\/li><\/ul>\n\n\n\n<p><strong>Comp\u00e9tence<\/strong>&nbsp;[054 T] : <strong>Appr\u00e9cier la diversit\u00e9 culturelle contemporaine (Atteinte compl\u00e8te)<\/strong><\/p>\n\n\n\n<p><strong>Contribution du cours dans le programme<\/strong><\/p>\n\n\n\n<p>Par ce cours, l\u2019\u00e9tudiant sera en mesure d\u2019ouvrir ses horizons sur la diversit\u00e9 culturelle des pratiques th\u00e9\u00e2trales actuelles. L\u2019\u00e9tude des tendances principales du th\u00e9\u00e2tre post-dramatique lui permettra d\u2019apprivoiser et d\u2019appr\u00e9cier la d\u00e9marche de cr\u00e9ateurs d\u2019ici et d\u2019ailleurs. De plus, cette ouverture \u00e0 la diversit\u00e9 culturelle ne pourra qu\u2019enrichir sa cr\u00e9ation et sa vision artistique pour le projet d\u2019int\u00e9gration : R\u00e9alisation d\u2019un court-m\u00e9trage.<\/p>\n\n\n\n<p><strong>Objectifs p\u00e9dagogiques<\/strong><\/p>\n\n\n\n<ul><li>Reconna\u00eetre les pratiques actuelles du th\u00e9\u00e2tre post-dramatique de diverses cultures incluant la n\u00f4tre.<\/li><li>Entrer en contact avec la d\u00e9marche de cr\u00e9ateurs d\u2019ici et d\u2019ailleurs.<\/li><li>Contextualiser et comparer des pratiques th\u00e9\u00e2trales provenant de diverses cultures.<\/li><li>Explorer la d\u00e9marche de cr\u00e9ateurs par le biais de la cr\u00e9ation.<\/li><\/ul>\n\n\n\n<p><strong>Contenus essentiels<\/strong><\/p>\n\n\n\n<p>Dans ce cours, l\u2019\u00e9tudiant se familiarisera avec le th\u00e9\u00e2tre post-dramatique d\u2019ici et d\u2019ailleurs. Une pratique artistique non ax\u00e9e sur l\u2019action et le r\u00e9cit mais sur la fragmentation de la structure, la situation, l\u2019\u00e9tat, la transformation du rapport sc\u00e8ne\/salle, le m\u00e9tissage des langages artistiques et le caract\u00e8re performatif de la repr\u00e9sentation. Outre cette \u00e9tude des pratiques actuelles, l\u2019\u00e9tudiant entrera en contact avec certains cr\u00e9ateurs, selon le calendrier culturel propos\u00e9 durant la session, que ce soit sous forme de repr\u00e9sentations, d\u2019ateliers, de conf\u00e9rences, d\u2019entrevues, etc. Cet \u00e9change artistique avec des cr\u00e9ateurs, hors ou \u00e0 l\u2019int\u00e9rieur des murs du coll\u00e8ge, portera une attention particuli\u00e8re sur la diversit\u00e9 des pratiques et des cultures. De ces exp\u00e9riences avec des cr\u00e9ateurs professionnels, l\u2019\u00e9tudiant sera amen\u00e9 \u00e0 explorer sa propre pratique par le biais de la cr\u00e9ation.<\/p>\n","protected":false},"excerpt":{"rendered":"<p>Session 4 \u2013 Hiver THE-A07-19 Code minist\u00e9riel : 560-T17-BR 2-1-3 [2 unit\u00e9s] Comp\u00e9tence&nbsp;[054 T] : Appr\u00e9cier la diversit\u00e9 culturelle contemporaine (Atteinte compl\u00e8te) Contribution du cours dans le programme Par ce cours, l\u2019\u00e9tudiant sera en mesure d\u2019ouvrir ses horizons sur la&#8230;<\/p>\n","protected":false},"author":45,"featured_media":6751,"parent":65,"menu_order":0,"comment_status":"closed","ping_status":"closed","template":"templates\/template-personnalisable.php","meta":{"_editorskit_title_hidden":false,"_editorskit_reading_time":1,"_editorskit_typography_data":[],"_editorskit_blocks_typography":""},"yoast_head":"<!-- This site is optimized with the Yoast SEO plugin v16.3 - https:\/\/yoast.com\/wordpress\/plugins\/seo\/ -->\n<title>Cours ALC - Pratiques th\u00e9\u00e2trales contemporaines - Coll\u00e9gial<\/title>\n<meta name=\"robots\" content=\"index, follow, max-snippet:-1, max-image-preview:large, max-video-preview:-1\" \/>\n<link rel=\"canonical\" href=\"https:\/\/www.brebeuf.qc.ca\/collegial\/dec-arts-lettres-et-communication\/cours-alc-pratiques-theatrales-contemporaines\/\" \/>\n<meta property=\"og:locale\" content=\"fr_FR\" \/>\n<meta property=\"og:type\" content=\"article\" \/>\n<meta property=\"og:title\" content=\"Cours ALC - Pratiques th\u00e9\u00e2trales contemporaines - Coll\u00e9gial\" \/>\n<meta property=\"og:description\" content=\"Session 4 \u2013 Hiver THE-A07-19 Code minist\u00e9riel : 560-T17-BR 2-1-3 [2 unit\u00e9s] Comp\u00e9tence&nbsp;[054 T] : Appr\u00e9cier la diversit\u00e9 culturelle contemporaine (Atteinte compl\u00e8te) Contribution du cours dans le programme Par ce cours, l\u2019\u00e9tudiant sera en mesure d\u2019ouvrir ses horizons sur la...\" \/>\n<meta property=\"og:url\" content=\"https:\/\/www.brebeuf.qc.ca\/collegial\/dec-arts-lettres-et-communication\/cours-alc-pratiques-theatrales-contemporaines\/\" \/>\n<meta property=\"og:site_name\" content=\"Coll\u00e9gial\" \/>\n<meta property=\"article:modified_time\" content=\"2022-02-28T22:05:45+00:00\" \/>\n<meta property=\"og:image\" content=\"https:\/\/www.brebeuf.qc.ca\/collegial\/wp-content\/uploads\/sites\/2\/2022\/02\/entete_cours_pratiques_theatrales_contemporaines.jpg\" \/>\n\t<meta property=\"og:image:width\" content=\"1400\" \/>\n\t<meta property=\"og:image:height\" content=\"240\" \/>\n<meta name=\"twitter:label1\" content=\"Dur\u00e9e de lecture est.\">\n\t<meta name=\"twitter:data1\" content=\"2 minutes\">\n<script type=\"application\/ld+json\" class=\"yoast-schema-graph\">{\"@context\":\"https:\/\/schema.org\",\"@graph\":[{\"@type\":\"WebSite\",\"@id\":\"https:\/\/www.brebeuf.qc.ca\/collegial\/#website\",\"url\":\"https:\/\/www.brebeuf.qc.ca\/collegial\/\",\"name\":\"Coll\\u00e9gial\",\"description\":\"Coll\\u00e8ge priv\\u00e9 | Secondaire | Coll\\u00e9gial\",\"potentialAction\":[{\"@type\":\"SearchAction\",\"target\":\"https:\/\/www.brebeuf.qc.ca\/collegial\/?s={search_term_string}\",\"query-input\":\"required name=search_term_string\"}],\"inLanguage\":\"fr-FR\"},{\"@type\":\"ImageObject\",\"@id\":\"https:\/\/www.brebeuf.qc.ca\/collegial\/dec-arts-lettres-et-communication\/cours-alc-pratiques-theatrales-contemporaines\/#primaryimage\",\"inLanguage\":\"fr-FR\",\"url\":\"https:\/\/www.brebeuf.qc.ca\/collegial\/wp-content\/uploads\/sites\/2\/2022\/02\/entete_cours_pratiques_theatrales_contemporaines.jpg\",\"contentUrl\":\"https:\/\/www.brebeuf.qc.ca\/collegial\/wp-content\/uploads\/sites\/2\/2022\/02\/entete_cours_pratiques_theatrales_contemporaines.jpg\",\"width\":1400,\"height\":240},{\"@type\":\"WebPage\",\"@id\":\"https:\/\/www.brebeuf.qc.ca\/collegial\/dec-arts-lettres-et-communication\/cours-alc-pratiques-theatrales-contemporaines\/#webpage\",\"url\":\"https:\/\/www.brebeuf.qc.ca\/collegial\/dec-arts-lettres-et-communication\/cours-alc-pratiques-theatrales-contemporaines\/\",\"name\":\"Cours ALC - Pratiques th\\u00e9\\u00e2trales contemporaines - Coll\\u00e9gial\",\"isPartOf\":{\"@id\":\"https:\/\/www.brebeuf.qc.ca\/collegial\/#website\"},\"primaryImageOfPage\":{\"@id\":\"https:\/\/www.brebeuf.qc.ca\/collegial\/dec-arts-lettres-et-communication\/cours-alc-pratiques-theatrales-contemporaines\/#primaryimage\"},\"datePublished\":\"2022-02-28T22:03:32+00:00\",\"dateModified\":\"2022-02-28T22:05:45+00:00\",\"breadcrumb\":{\"@id\":\"https:\/\/www.brebeuf.qc.ca\/collegial\/dec-arts-lettres-et-communication\/cours-alc-pratiques-theatrales-contemporaines\/#breadcrumb\"},\"inLanguage\":\"fr-FR\",\"potentialAction\":[{\"@type\":\"ReadAction\",\"target\":[\"https:\/\/www.brebeuf.qc.ca\/collegial\/dec-arts-lettres-et-communication\/cours-alc-pratiques-theatrales-contemporaines\/\"]}]},{\"@type\":\"BreadcrumbList\",\"@id\":\"https:\/\/www.brebeuf.qc.ca\/collegial\/dec-arts-lettres-et-communication\/cours-alc-pratiques-theatrales-contemporaines\/#breadcrumb\",\"itemListElement\":[{\"@type\":\"ListItem\",\"position\":1,\"item\":{\"@type\":\"WebPage\",\"@id\":\"https:\/\/www.brebeuf.qc.ca\/collegial\/\",\"url\":\"https:\/\/www.brebeuf.qc.ca\/collegial\/\",\"name\":\"Home\"}},{\"@type\":\"ListItem\",\"position\":2,\"item\":{\"@type\":\"WebPage\",\"@id\":\"https:\/\/www.brebeuf.qc.ca\/collegial\/?page_id=65\",\"url\":\"https:\/\/www.brebeuf.qc.ca\/collegial\/?page_id=65\",\"name\":\"DEC &#8211; Arts, lettres et communication2\"}},{\"@type\":\"ListItem\",\"position\":3,\"item\":{\"@id\":\"https:\/\/www.brebeuf.qc.ca\/collegial\/dec-arts-lettres-et-communication\/cours-alc-pratiques-theatrales-contemporaines\/#webpage\"}}]}]}<\/script>\n<!-- \/ Yoast SEO plugin. -->","_links":{"self":[{"href":"https:\/\/www.brebeuf.qc.ca\/collegial\/wp-json\/wp\/v2\/pages\/6749"}],"collection":[{"href":"https:\/\/www.brebeuf.qc.ca\/collegial\/wp-json\/wp\/v2\/pages"}],"about":[{"href":"https:\/\/www.brebeuf.qc.ca\/collegial\/wp-json\/wp\/v2\/types\/page"}],"author":[{"embeddable":true,"href":"https:\/\/www.brebeuf.qc.ca\/collegial\/wp-json\/wp\/v2\/users\/45"}],"replies":[{"embeddable":true,"href":"https:\/\/www.brebeuf.qc.ca\/collegial\/wp-json\/wp\/v2\/comments?post=6749"}],"version-history":[{"count":2,"href":"https:\/\/www.brebeuf.qc.ca\/collegial\/wp-json\/wp\/v2\/pages\/6749\/revisions"}],"predecessor-version":[{"id":6752,"href":"https:\/\/www.brebeuf.qc.ca\/collegial\/wp-json\/wp\/v2\/pages\/6749\/revisions\/6752"}],"up":[{"embeddable":true,"href":"https:\/\/www.brebeuf.qc.ca\/collegial\/wp-json\/wp\/v2\/pages\/65"}],"wp:featuredmedia":[{"embeddable":true,"href":"https:\/\/www.brebeuf.qc.ca\/collegial\/wp-json\/wp\/v2\/media\/6751"}],"wp:attachment":[{"href":"https:\/\/www.brebeuf.qc.ca\/collegial\/wp-json\/wp\/v2\/media?parent=6749"}],"curies":[{"name":"wp","href":"https:\/\/api.w.org\/{rel}","templated":true}]}}