{"id":67,"date":"2014-07-18T18:33:53","date_gmt":"2014-07-18T18:33:53","guid":{"rendered":"http:\/\/localhost\/brebeuf\/collegial\/?page_id=67"},"modified":"2026-01-08T18:23:34","modified_gmt":"2026-01-08T18:23:34","slug":"dec-sciences-humaines","status":"publish","type":"page","link":"https:\/\/www.brebeuf.qc.ca\/collegial\/dec-sciences-humaines\/","title":{"rendered":"DEC &#8211; Sciences humaines"},"content":{"rendered":"\n<div class=\"wp-block-buttons\">\n<div class=\"wp-block-button is-style-outline\"><a class=\"wp-block-button__link\" href=\"https:\/\/brebeuf-estd.omnivox.ca\/estd\/adms2\/Admission.ovx\">Je fais ma demande d&rsquo;admission<\/a><\/div>\n\n\n\n<div class=\"wp-block-button is-style-outline\"><a class=\"wp-block-button__link\" href=\"https:\/\/brebeuf-estd.omnivox.ca\/Estd\/Net\/DemandeAdmission\/Loginv2.aspx\">Je consulte l&rsquo;\u00e9tat de ma demande<\/a><\/div>\n<\/div>\n\n\n\n<p>Si tu es curieux, que tu souhaites mieux comprendre les enjeux organisationnels, humains, sociaux et mondiaux et t\u2019\u00e9panouir intellectuellement, le programme de <strong>sciences humaines<\/strong> est fait pour toi.<\/p>\n\n\n\n<h3>C\u2019est un programme avec ou sans math\u00e9matiques selon les pr\u00e9alables universitaires requis.<\/h3>\n\n\n\n<p>Consulte les profils ci-dessous pour trouver le profil qui correspond \u00e0 tes int\u00e9r\u00eats. <\/p>\n\n\n\n<blockquote class=\"wp-block-quote\"><p><a aria-label=\" (opens in a new tab)\" href=\"https:\/\/www.brebeuf.qc.ca\/collegial\/wp-content\/uploads\/sites\/2\/2023\/09\/1412-Brebeuf-Collegial-23-24-Depliant-SH-WEB.pdf\" target=\"_blank\" rel=\"noreferrer noopener\" class=\"ek-link\"><\/a><a href=\"https:\/\/www.brebeuf.qc.ca\/wp-content\/uploads\/2025\/09\/1486-BREBEUF-Collegial-2025-26-Depliant-SH-numerique.pdf\" class=\"ek-link\">T\u00e9l\u00e9charger le <strong>d\u00e9pliant<\/strong> du DEC Sciences humaines 2025<\/a><\/p><p><a href=\"https:\/\/www.brebeuf.qc.ca\/collegial\/faq-dec-sciences-humaines\/\" class=\"ek-link\">Acc\u00e9der \u00e0 la FAQ du DEC Sciences humaines<\/a><\/p><p><\/p><\/blockquote>\n","protected":false},"excerpt":{"rendered":"<p>Si tu es curieux, que tu souhaites mieux comprendre les enjeux organisationnels, humains, sociaux et mondiaux et t\u2019\u00e9panouir intellectuellement, le programme de sciences humaines est fait pour toi. C\u2019est un programme avec ou sans math\u00e9matiques selon les pr\u00e9alables universitaires requis&#8230;.<\/p>\n","protected":false},"author":1,"featured_media":587,"parent":0,"menu_order":3,"comment_status":"open","ping_status":"closed","template":"templates\/template-programme-v2.php","meta":{"_editorskit_title_hidden":false,"_editorskit_reading_time":1,"_editorskit_typography_data":[],"_editorskit_blocks_typography":""},"yoast_head":"<!-- This site is optimized with the Yoast SEO plugin v16.3 - https:\/\/yoast.com\/wordpress\/plugins\/seo\/ -->\n<title>DEC - Sciences Humaines<\/title>\n<meta name=\"description\" content=\"La meilleure chance d\u2019obtenir son dipl\u00f4me en 2 ans, poursuivre des \u00e9tudes en droit, en administration ou en psychologie, entrer en facult\u00e9s contingent\u00e9es.\" \/>\n<meta name=\"robots\" content=\"index, follow, max-snippet:-1, max-image-preview:large, max-video-preview:-1\" \/>\n<link rel=\"canonical\" href=\"https:\/\/www.brebeuf.qc.ca\/collegial\/dec-sciences-humaines\/\" \/>\n<meta property=\"og:locale\" content=\"fr_FR\" \/>\n<meta property=\"og:type\" content=\"article\" \/>\n<meta property=\"og:title\" content=\"DEC - Sciences Humaines\" \/>\n<meta property=\"og:description\" content=\"La meilleure chance d\u2019obtenir son dipl\u00f4me en 2 ans, poursuivre des \u00e9tudes en droit, en administration ou en psychologie, entrer en facult\u00e9s contingent\u00e9es.\" \/>\n<meta property=\"og:url\" content=\"https:\/\/www.brebeuf.qc.ca\/collegial\/dec-sciences-humaines\/\" \/>\n<meta property=\"og:site_name\" content=\"Coll\u00e9gial\" \/>\n<meta property=\"article:modified_time\" content=\"2026-01-08T18:23:34+00:00\" \/>\n<meta property=\"og:image\" content=\"https:\/\/www.brebeuf.qc.ca\/collegial\/wp-content\/uploads\/sites\/2\/2014\/07\/dec-sciences-humaines-2.jpg\" \/>\n\t<meta property=\"og:image:width\" content=\"1400\" \/>\n\t<meta property=\"og:image:height\" content=\"240\" \/>\n<meta name=\"twitter:label1\" content=\"Dur\u00e9e de lecture est.\">\n\t<meta name=\"twitter:data1\" content=\"1 minute\">\n<script type=\"application\/ld+json\" class=\"yoast-schema-graph\">{\"@context\":\"https:\/\/schema.org\",\"@graph\":[{\"@type\":\"WebSite\",\"@id\":\"https:\/\/www.brebeuf.qc.ca\/collegial\/#website\",\"url\":\"https:\/\/www.brebeuf.qc.ca\/collegial\/\",\"name\":\"Coll\\u00e9gial\",\"description\":\"Coll\\u00e8ge priv\\u00e9 | Secondaire | Coll\\u00e9gial\",\"potentialAction\":[{\"@type\":\"SearchAction\",\"target\":\"https:\/\/www.brebeuf.qc.ca\/collegial\/?s={search_term_string}\",\"query-input\":\"required name=search_term_string\"}],\"inLanguage\":\"fr-FR\"},{\"@type\":\"ImageObject\",\"@id\":\"https:\/\/www.brebeuf.qc.ca\/collegial\/dec-sciences-humaines\/#primaryimage\",\"inLanguage\":\"fr-FR\",\"url\":\"https:\/\/www.brebeuf.qc.ca\/collegial\/wp-content\/uploads\/sites\/2\/2014\/07\/dec-sciences-humaines-2.jpg\",\"contentUrl\":\"https:\/\/www.brebeuf.qc.ca\/collegial\/wp-content\/uploads\/sites\/2\/2014\/07\/dec-sciences-humaines-2.jpg\",\"width\":1400,\"height\":240,\"caption\":\"DEC \\u2013 SCIENCES HUMAINES\"},{\"@type\":\"WebPage\",\"@id\":\"https:\/\/www.brebeuf.qc.ca\/collegial\/dec-sciences-humaines\/#webpage\",\"url\":\"https:\/\/www.brebeuf.qc.ca\/collegial\/dec-sciences-humaines\/\",\"name\":\"DEC - Sciences Humaines\",\"isPartOf\":{\"@id\":\"https:\/\/www.brebeuf.qc.ca\/collegial\/#website\"},\"primaryImageOfPage\":{\"@id\":\"https:\/\/www.brebeuf.qc.ca\/collegial\/dec-sciences-humaines\/#primaryimage\"},\"datePublished\":\"2014-07-18T18:33:53+00:00\",\"dateModified\":\"2026-01-08T18:23:34+00:00\",\"description\":\"La meilleure chance d\\u2019obtenir son dipl\\u00f4me en 2 ans, poursuivre des \\u00e9tudes en droit, en administration ou en psychologie, entrer en facult\\u00e9s contingent\\u00e9es.\",\"breadcrumb\":{\"@id\":\"https:\/\/www.brebeuf.qc.ca\/collegial\/dec-sciences-humaines\/#breadcrumb\"},\"inLanguage\":\"fr-FR\",\"potentialAction\":[{\"@type\":\"ReadAction\",\"target\":[\"https:\/\/www.brebeuf.qc.ca\/collegial\/dec-sciences-humaines\/\"]}]},{\"@type\":\"BreadcrumbList\",\"@id\":\"https:\/\/www.brebeuf.qc.ca\/collegial\/dec-sciences-humaines\/#breadcrumb\",\"itemListElement\":[{\"@type\":\"ListItem\",\"position\":1,\"item\":{\"@type\":\"WebPage\",\"@id\":\"https:\/\/www.brebeuf.qc.ca\/collegial\/\",\"url\":\"https:\/\/www.brebeuf.qc.ca\/collegial\/\",\"name\":\"Home\"}},{\"@type\":\"ListItem\",\"position\":2,\"item\":{\"@id\":\"https:\/\/www.brebeuf.qc.ca\/collegial\/dec-sciences-humaines\/#webpage\"}}]}]}<\/script>\n<!-- \/ Yoast SEO plugin. -->","_links":{"self":[{"href":"https:\/\/www.brebeuf.qc.ca\/collegial\/wp-json\/wp\/v2\/pages\/67"}],"collection":[{"href":"https:\/\/www.brebeuf.qc.ca\/collegial\/wp-json\/wp\/v2\/pages"}],"about":[{"href":"https:\/\/www.brebeuf.qc.ca\/collegial\/wp-json\/wp\/v2\/types\/page"}],"author":[{"embeddable":true,"href":"https:\/\/www.brebeuf.qc.ca\/collegial\/wp-json\/wp\/v2\/users\/1"}],"replies":[{"embeddable":true,"href":"https:\/\/www.brebeuf.qc.ca\/collegial\/wp-json\/wp\/v2\/comments?post=67"}],"version-history":[{"count":87,"href":"https:\/\/www.brebeuf.qc.ca\/collegial\/wp-json\/wp\/v2\/pages\/67\/revisions"}],"predecessor-version":[{"id":9004,"href":"https:\/\/www.brebeuf.qc.ca\/collegial\/wp-json\/wp\/v2\/pages\/67\/revisions\/9004"}],"wp:featuredmedia":[{"embeddable":true,"href":"https:\/\/www.brebeuf.qc.ca\/collegial\/wp-json\/wp\/v2\/media\/587"}],"wp:attachment":[{"href":"https:\/\/www.brebeuf.qc.ca\/collegial\/wp-json\/wp\/v2\/media?parent=67"}],"curies":[{"name":"wp","href":"https:\/\/api.w.org\/{rel}","templated":true}]}}