{"id":6457,"date":"2022-01-13T19:58:07","date_gmt":"2022-01-13T19:58:07","guid":{"rendered":"https:\/\/www.brebeuf.qc.ca\/collegial\/?page_id=6457"},"modified":"2025-10-14T20:51:11","modified_gmt":"2025-10-14T20:51:11","slug":"activites-et-comites-organismes-elus","status":"publish","type":"page","link":"https:\/\/www.brebeuf.qc.ca\/collegial\/vie-etudiante\/activites_socioculturelles_comites\/activites-et-comites-organismes-elus\/","title":{"rendered":"Activit\u00e9s et comit\u00e9s &#8211; Organismes \u00e9lus"},"content":{"rendered":"\n<h2><span id=\"AGEB_Association_generale_des_etudiants_de_Brebeuf\">AGEB \u2013 Association g\u00e9n\u00e9rale des \u00e9tudiants de Br\u00e9beuf<\/span><\/h2>\n\n\n\n<p>L\u2019Association g\u00e9n\u00e9rale des \u00e9tudiants de Br\u00e9beuf est l\u2019organisme officiel charg\u00e9 de r\u00e9unir et de repr\u00e9senter les \u00e9tudiants inscrits au cours coll\u00e9gial. Son acteur permanent est le comit\u00e9 ex\u00e9cutif \u00e9lu chaque ann\u00e9e (7 postes) qui doit veiller \u00e0 d\u00e9fendre les droits des \u00e9tudiants, \u00e0 coordonner et animer la vie \u00e9tudiante au niveau coll\u00e9gial. Vous pouvez leur \u00e9crire:\u202f<a href=\"mailto:ageb@brebeuf.qc.ca\" target=\"_blank\" rel=\"noreferrer noopener\">ageb@brebeuf.qc.ca<\/a>&nbsp;<\/p>\n\n\n\n<p><strong>L\u2019ex\u00e9cutif 2025-2026\u00a0<\/strong><\/p>\n\n\n\n<ul><li><strong>Pr\u00e9sident\u00a0: <\/strong>Thomas Bernier<\/li><li><strong>Vice-pr\u00e9sidente\u00a0:<\/strong> Lyna Bennouna<\/li><li><strong>Tr\u00e9sorier\u00a0: <\/strong>Philippe Germain<\/li><li><strong>Conseill\u00e8re culturelle\u00a0:<\/strong> Marianna Fionda<\/li><li><strong>Conseiller p\u00e9dagogique\u00a0: <\/strong>C\u00e9dric Biakolo<\/li><li><strong>Conseiller \u00e0 l\u2019environnement\u00a0:<\/strong> Arnaud Henssen<\/li><li><strong>Conseill\u00e8re aux communications\u00a0: <\/strong>Lilia Boutana.<\/li><\/ul>\n\n\n\n<h2><span id=\"Conseil_drsquoadministration_de_lrsquoAGEB\">Conseil d&rsquo;administration de l&rsquo;AGEB<\/span><\/h2>\n\n\n\n<p>L\u2019AGEB est un organisme sans but lucratif r\u00e9gi par une constitution et dot\u00e9 d\u2019un conseil d\u2019administration. Son r\u00f4le consiste \u00e0 administrer l\u2019association en collaboration avec le comit\u00e9 ex\u00e9cutif \u00e9lu de 7 membres.&nbsp;&nbsp;<\/p>\n\n\n\n<p>Une belle fa\u00e7on de s\u2019engager aupr\u00e8s de la communaut\u00e9 \u00e9tudiante.&nbsp;<\/p>\n\n\n\n<h2><span id=\"Comite_a_la_vie_sociale\">Comit\u00e9 \u00e0 la vie sociale<\/span><\/h2>\n\n\n\n<p>Le Comit\u00e9 \u00e0 la vie sociale est compos\u00e9 de quatre membres \u00e9lus ayant la charge d\u2019organiser des \u00e9v\u00e9nements sp\u00e9ciaux touchant tous les membres de l\u2019AGEB. Il a \u00e9galement la charge de la programmation et de l\u2019animation musicale quotidienne (radio \u00e9tudiante). Il est compos\u00e9 de:<\/p>\n\n\n\n<ul><li>D\u00e9l\u00e9gu\u00e9.e principal<\/li><li>D\u00e9l\u00e9gu\u00e9.e aux affaires logistiques<\/li><li>D\u00e9l\u00e9gu\u00e9.e \u00e0 la radio \u00e9tudiante<\/li><li>D\u00e9l\u00e9gu\u00e9.e aux communications<\/li><\/ul>\n\n\n\n<h2><span id=\"COOPSCO\">COOPSCO<\/span><\/h2>\n\n\n\n<p><a href=\"https:\/\/www.brebeuf.qc.ca\/coopsco-brebeuf\/\" target=\"_blank\" rel=\"noreferrer noopener\">L\u2019Association coop\u00e9rative du Coll\u00e8ge Jean-de-Br\u00e9beuf<\/a>&nbsp;regroupe des \u00e9tudiants d\u00e9sireux de s\u2019impliquer dans la vie \u00e9tudiante et dans le mouvement coop\u00e9ratif. On peut en devenir membre-usager par l\u2019achat d\u2019une part sociale. Les membres obtiennent des r\u00e9ductions sur les divers biens et services offerts.&nbsp;<\/p>\n\n\n\n<h2><span id=\"Le_Graffiti\">Le Graffiti<\/span><\/h2>\n\n\n\n<p>L\u2019\u00e9quipe du Graffiti (4 postes) publie un journal d\u2019information et d\u2019opinion touchant tous les aspects du milieu \u00e9tudiant de Br\u00e9beuf. Il donne ainsi la chance \u00e0 tous les \u00e9tudiants de s\u2019exprimer et d\u2019exercer leurs talents litt\u00e9raires et journalistiques. Il est compos\u00e9 de:<\/p>\n\n\n\n<ul><li>R\u00e9dacteur\/trice en chef<\/li><li>Directeur\/trice de l\u2019information<\/li><li>Directeur\/trice financier<\/li><li>Correcteur\/trice en chef<\/li><\/ul>\n<div id=\"toc_container\" class=\"no_bullets\"><p class=\"toc_title\">Sommaire<\/p><ul class=\"toc_list\"><li><a href=\"#AGEB_Association_generale_des_etudiants_de_Brebeuf\">AGEB \u2013 Association g\u00e9n\u00e9rale des \u00e9tudiants de Br\u00e9beuf<\/a><\/li><li><a href=\"#Conseil_drsquoadministration_de_lrsquoAGEB\">Conseil d&rsquo;administration de l&rsquo;AGEB<\/a><\/li><li><a href=\"#Comite_a_la_vie_sociale\">Comit\u00e9 \u00e0 la vie sociale<\/a><\/li><li><a href=\"#COOPSCO\">COOPSCO<\/a><\/li><li><a href=\"#Le_Graffiti\">Le Graffiti<\/a><\/li><\/ul><\/div>\n","protected":false},"excerpt":{"rendered":"<p>AGEB \u2013 Association g\u00e9n\u00e9rale des \u00e9tudiants de Br\u00e9beuf L\u2019Association g\u00e9n\u00e9rale des \u00e9tudiants de Br\u00e9beuf est l\u2019organisme officiel charg\u00e9 de r\u00e9unir et de repr\u00e9senter les \u00e9tudiants inscrits au cours coll\u00e9gial. Son acteur permanent est le comit\u00e9 ex\u00e9cutif \u00e9lu chaque ann\u00e9e (7&#8230;<\/p>\n","protected":false},"author":45,"featured_media":6479,"parent":92,"menu_order":0,"comment_status":"closed","ping_status":"closed","template":"templates\/template-personnalisable.php","meta":{"_editorskit_title_hidden":false,"_editorskit_reading_time":1,"_editorskit_typography_data":[],"_editorskit_blocks_typography":""},"yoast_head":"<!-- This site is optimized with the Yoast SEO plugin v16.3 - https:\/\/yoast.com\/wordpress\/plugins\/seo\/ -->\n<title>Activit\u00e9s et comit\u00e9s - Organismes \u00e9lus - Coll\u00e9gial<\/title>\n<meta name=\"description\" content=\"Association g\u00e9n\u00e9rale des \u00e9tudiants de Br\u00e9beuf, Le Graffiti, journal d\u2019information et d\u2019opinion, comit\u00e9 \u00e0 la vie sociale, Coop Br\u00e9beuf.\" \/>\n<meta name=\"robots\" content=\"index, follow, max-snippet:-1, max-image-preview:large, max-video-preview:-1\" \/>\n<link rel=\"canonical\" href=\"https:\/\/www.brebeuf.qc.ca\/collegial\/vie-etudiante\/activites_socioculturelles_comites\/activites-et-comites-organismes-elus\/\" \/>\n<meta property=\"og:locale\" content=\"fr_FR\" \/>\n<meta property=\"og:type\" content=\"article\" \/>\n<meta property=\"og:title\" content=\"Activit\u00e9s et comit\u00e9s - Organismes \u00e9lus - Coll\u00e9gial\" \/>\n<meta property=\"og:description\" content=\"Association g\u00e9n\u00e9rale des \u00e9tudiants de Br\u00e9beuf, Le Graffiti, journal d\u2019information et d\u2019opinion, comit\u00e9 \u00e0 la vie sociale, Coop Br\u00e9beuf.\" \/>\n<meta property=\"og:url\" content=\"https:\/\/www.brebeuf.qc.ca\/collegial\/vie-etudiante\/activites_socioculturelles_comites\/activites-et-comites-organismes-elus\/\" \/>\n<meta property=\"og:site_name\" content=\"Coll\u00e9gial\" \/>\n<meta property=\"article:modified_time\" content=\"2025-10-14T20:51:11+00:00\" \/>\n<meta property=\"og:image\" content=\"https:\/\/www.brebeuf.qc.ca\/collegial\/wp-content\/uploads\/sites\/2\/2022\/01\/entete_organismes_elus.jpeg\" \/>\n\t<meta property=\"og:image:width\" content=\"1400\" \/>\n\t<meta property=\"og:image:height\" content=\"240\" \/>\n<meta name=\"twitter:label1\" content=\"Dur\u00e9e de lecture est.\">\n\t<meta name=\"twitter:data1\" content=\"2 minutes\">\n<script type=\"application\/ld+json\" class=\"yoast-schema-graph\">{\"@context\":\"https:\/\/schema.org\",\"@graph\":[{\"@type\":\"WebSite\",\"@id\":\"https:\/\/www.brebeuf.qc.ca\/collegial\/#website\",\"url\":\"https:\/\/www.brebeuf.qc.ca\/collegial\/\",\"name\":\"Coll\\u00e9gial\",\"description\":\"Coll\\u00e8ge priv\\u00e9 | Secondaire | Coll\\u00e9gial\",\"potentialAction\":[{\"@type\":\"SearchAction\",\"target\":\"https:\/\/www.brebeuf.qc.ca\/collegial\/?s={search_term_string}\",\"query-input\":\"required name=search_term_string\"}],\"inLanguage\":\"fr-FR\"},{\"@type\":\"ImageObject\",\"@id\":\"https:\/\/www.brebeuf.qc.ca\/collegial\/vie-etudiante\/activites_socioculturelles_comites\/activites-et-comites-organismes-elus\/#primaryimage\",\"inLanguage\":\"fr-FR\",\"url\":\"https:\/\/www.brebeuf.qc.ca\/collegial\/wp-content\/uploads\/sites\/2\/2022\/01\/entete_organismes_elus.jpeg\",\"contentUrl\":\"https:\/\/www.brebeuf.qc.ca\/collegial\/wp-content\/uploads\/sites\/2\/2022\/01\/entete_organismes_elus.jpeg\",\"width\":1400,\"height\":240},{\"@type\":\"WebPage\",\"@id\":\"https:\/\/www.brebeuf.qc.ca\/collegial\/vie-etudiante\/activites_socioculturelles_comites\/activites-et-comites-organismes-elus\/#webpage\",\"url\":\"https:\/\/www.brebeuf.qc.ca\/collegial\/vie-etudiante\/activites_socioculturelles_comites\/activites-et-comites-organismes-elus\/\",\"name\":\"Activit\\u00e9s et comit\\u00e9s - Organismes \\u00e9lus - Coll\\u00e9gial\",\"isPartOf\":{\"@id\":\"https:\/\/www.brebeuf.qc.ca\/collegial\/#website\"},\"primaryImageOfPage\":{\"@id\":\"https:\/\/www.brebeuf.qc.ca\/collegial\/vie-etudiante\/activites_socioculturelles_comites\/activites-et-comites-organismes-elus\/#primaryimage\"},\"datePublished\":\"2022-01-13T19:58:07+00:00\",\"dateModified\":\"2025-10-14T20:51:11+00:00\",\"description\":\"Association g\\u00e9n\\u00e9rale des \\u00e9tudiants de Br\\u00e9beuf, Le Graffiti, journal d\\u2019information et d\\u2019opinion, comit\\u00e9 \\u00e0 la vie sociale, Coop Br\\u00e9beuf.\",\"breadcrumb\":{\"@id\":\"https:\/\/www.brebeuf.qc.ca\/collegial\/vie-etudiante\/activites_socioculturelles_comites\/activites-et-comites-organismes-elus\/#breadcrumb\"},\"inLanguage\":\"fr-FR\",\"potentialAction\":[{\"@type\":\"ReadAction\",\"target\":[\"https:\/\/www.brebeuf.qc.ca\/collegial\/vie-etudiante\/activites_socioculturelles_comites\/activites-et-comites-organismes-elus\/\"]}]},{\"@type\":\"BreadcrumbList\",\"@id\":\"https:\/\/www.brebeuf.qc.ca\/collegial\/vie-etudiante\/activites_socioculturelles_comites\/activites-et-comites-organismes-elus\/#breadcrumb\",\"itemListElement\":[{\"@type\":\"ListItem\",\"position\":1,\"item\":{\"@type\":\"WebPage\",\"@id\":\"https:\/\/www.brebeuf.qc.ca\/collegial\/\",\"url\":\"https:\/\/www.brebeuf.qc.ca\/collegial\/\",\"name\":\"Home\"}},{\"@type\":\"ListItem\",\"position\":2,\"item\":{\"@type\":\"WebPage\",\"@id\":\"https:\/\/www.brebeuf.qc.ca\/collegial\/vie-etudiante\/\",\"url\":\"https:\/\/www.brebeuf.qc.ca\/collegial\/vie-etudiante\/\",\"name\":\"Vie \\u00e9tudiante\"}},{\"@type\":\"ListItem\",\"position\":3,\"item\":{\"@type\":\"WebPage\",\"@id\":\"https:\/\/www.brebeuf.qc.ca\/collegial\/vie-etudiante\/activites_socioculturelles_comites\/\",\"url\":\"https:\/\/www.brebeuf.qc.ca\/collegial\/vie-etudiante\/activites_socioculturelles_comites\/\",\"name\":\"Activit\\u00e9s socioculturelles et comit\\u00e9s\"}},{\"@type\":\"ListItem\",\"position\":4,\"item\":{\"@id\":\"https:\/\/www.brebeuf.qc.ca\/collegial\/vie-etudiante\/activites_socioculturelles_comites\/activites-et-comites-organismes-elus\/#webpage\"}}]}]}<\/script>\n<!-- \/ Yoast SEO plugin. -->","_links":{"self":[{"href":"https:\/\/www.brebeuf.qc.ca\/collegial\/wp-json\/wp\/v2\/pages\/6457"}],"collection":[{"href":"https:\/\/www.brebeuf.qc.ca\/collegial\/wp-json\/wp\/v2\/pages"}],"about":[{"href":"https:\/\/www.brebeuf.qc.ca\/collegial\/wp-json\/wp\/v2\/types\/page"}],"author":[{"embeddable":true,"href":"https:\/\/www.brebeuf.qc.ca\/collegial\/wp-json\/wp\/v2\/users\/45"}],"replies":[{"embeddable":true,"href":"https:\/\/www.brebeuf.qc.ca\/collegial\/wp-json\/wp\/v2\/comments?post=6457"}],"version-history":[{"count":8,"href":"https:\/\/www.brebeuf.qc.ca\/collegial\/wp-json\/wp\/v2\/pages\/6457\/revisions"}],"predecessor-version":[{"id":9120,"href":"https:\/\/www.brebeuf.qc.ca\/collegial\/wp-json\/wp\/v2\/pages\/6457\/revisions\/9120"}],"up":[{"embeddable":true,"href":"https:\/\/www.brebeuf.qc.ca\/collegial\/wp-json\/wp\/v2\/pages\/92"}],"wp:featuredmedia":[{"embeddable":true,"href":"https:\/\/www.brebeuf.qc.ca\/collegial\/wp-json\/wp\/v2\/media\/6479"}],"wp:attachment":[{"href":"https:\/\/www.brebeuf.qc.ca\/collegial\/wp-json\/wp\/v2\/media?parent=6457"}],"curies":[{"name":"wp","href":"https:\/\/api.w.org\/{rel}","templated":true}]}}