{"id":6455,"date":"2022-01-13T19:56:32","date_gmt":"2022-01-13T19:56:32","guid":{"rendered":"https:\/\/www.brebeuf.qc.ca\/collegial\/?page_id=6455"},"modified":"2025-10-23T16:09:55","modified_gmt":"2025-10-23T16:09:55","slug":"service-autrui","status":"publish","type":"page","link":"https:\/\/www.brebeuf.qc.ca\/collegial\/vie-etudiante\/activites_socioculturelles_comites\/service-autrui\/","title":{"rendered":"Activit\u00e9s et comit\u00e9s &#8211; Service \u00e0 autrui"},"content":{"rendered":"\n<h2><span id=\"Comite_Arbre_de_Noel\">Comit\u00e9 Arbre de No\u00ebl<\/span><\/h2>\n\n\n\n<p>Comit\u00e9 associ\u00e9 \u00e0 l\u2019ONG PROMIS afin d\u2019offrir aux jeunes de familles immigrantes un cadeau de No\u00ebl personnalis\u00e9 pour chaque enfant. Assurer le suivi avec PROMIS, organisation, planification, jumelage entre des membres de la communaut\u00e9 de Br\u00e9beuf et des jeunes de familles nouvellement arriv\u00e9es \u00e0 Montr\u00e9al, emballage et distribution des cadeaux.<\/p>\n\n\n\n<h2><span id=\"Futurs_medecins_sans_frontiere\">Futurs m\u00e9decins sans fronti\u00e8re<\/span><\/h2>\n\n\n\n<p>Futurs m\u00e9decins sans fronti\u00e8re est un Club qui a pour but de promouvoir les activit\u00e9s de MSF qui ont lieu \u00e0 travers le monde. Nous travaillons \u00e0 sensibiliser les membres de la communaut\u00e9 \u00e0 diff\u00e9rentes crises sanitaires dans le monde tout en organisant des levers fonds.<\/p>\n\n\n\n<h2><span id=\"Comite_Equilibre\">Comit\u00e9 \u00c9quilibre<\/span><\/h2>\n\n\n\n<ul><li>Comit\u00e9 li\u00e9 \u00e0 l\u2019organisme caritatif Jack.org qui milite pour la sensibilisation des jeunes aux enjeux entourant les questions de sant\u00e9 mentale.<\/li><li>Organisation de conf\u00e9rences.<\/li><\/ul>\n\n\n\n<h2><span id=\"REEB_Reseau_dentraide_etudiant_de_Brebeuf\">REEB (R\u00e9seau d\u2019entraide \u00e9tudiant de Br\u00e9beuf)<\/span><\/h2>\n\n\n\n<p>Le REEB est un r\u00e9seau d\u2019entraidants qui a \u00e9t\u00e9 constitu\u00e9 pour pr\u00e9venir les situations de d\u00e9tresse qu\u2019on peut retrouver au Coll\u00e8ge ou dans les divers milieux de vie des \u00e9tudiants. Les membres du R\u00e9seau re\u00e7oivent une formation de base solide en entraide pour d\u00e9velopper les habilet\u00e9s d\u2019accueil, d\u2019\u00e9coute et de r\u00e9f\u00e9rence de m\u00eame que les attitudes \u00e9thiques et de confidentialit\u00e9. De nombreuses capsules d\u2019information sur des r\u00e9alit\u00e9s touchant les jeunes (relations affectives, toxicomanie, d\u00e9pression, suicide, troubles alimentaires, etc.) sont \u00e9galement offertes \u00e0 l\u2019ensemble de la population \u00e9tudiante tout au long de l\u2019ann\u00e9e acad\u00e9mique.<\/p>\n\n\n\n<h2><span id=\"Groupe_dintervention_en_secourisme_de_Brebeuf_GISB\"><a href=\"https:\/\/www.brebeuf.qc.ca\/collegial\/vie-etudiante\/activites_socioculturelles_comites\/groupe-intervention-en-secourisme\/\" target=\"_blank\" aria-label=\" (opens in a new tab)\" rel=\"noreferrer noopener\" class=\"ek-link\">Groupe d\u2019intervention en secourisme de Br\u00e9beuf (GISB)<\/a><\/span><\/h2>\n\n\n\n<ul><li>En collaboration avec le Service de sant\u00e9, le Groupe d\u2019intervention en secourisme de Br\u00e9beuf (GISB) est un organisme \u00e9tudiant regroupant des b\u00e9n\u00e9voles qui d\u00e9vouent leur temps et leur \u00e9nergie pour venir en aide \u00e0 la communaut\u00e9 du coll\u00e8ge.<\/li><li>En plus de promulguer des services de premiers soins aux autres \u00e9tudiants et \u00e9l\u00e8ves, les membres participent activement \u00e0 la pr\u00e9vention de certaines probl\u00e9matiques reli\u00e9es \u00e0 la sant\u00e9 (kiosque de sensibilisation ou r\u00e9daction d\u2019articles).&nbsp; Obtention de cartes de comp\u00e9tences officielles. Le b\u00e9n\u00e9volat repr\u00e9sente deux heures par semaine et des rencontres seront obligatoires au cours de la session.&nbsp;&nbsp;<\/li><\/ul>\n\n\n\n<h2><span id=\"MEDLIFE\">MEDLIFE<\/span><\/h2>\n\n\n\n<p>Le comit\u00e9 MEDLIFE de Br\u00e9beuf est un collectif d\u2019\u00e9tudiants dont le but est de promouvoir un monde \u00e9galitaire, dans un souci de solidarit\u00e9 et de collaboration. Pour ce faire, ils organisent des collectes de fonds et s\u2019impliquent \u00e9galement comme b\u00e9n\u00e9voles locaux \u00e0 Multicaf, une ressource communautaire en alimentation, en plus de participer \u00e0 un stage de solidarit\u00e9 en \u00c9quateur ou au P\u00e9rou. Ce voyage est l\u2019opportunit\u00e9 d\u2019en apprendre davantage sur la r\u00e9alit\u00e9 des populations locales, tout en venant en aide aux m\u00e9decins locaux. Comme les places sont limit\u00e9es, la passation d\u2019entrevues est n\u00e9cessaire pour cibler les personnes qui se distinguent par leur d\u00e9sir d\u2019engagement entre autres.<\/p>\n\n\n\n<h2><span id=\"Tutorat_au_secondaire\">Tutorat au secondaire<\/span><\/h2>\n\n\n\n<p>Accompagnement scolaire b\u00e9n\u00e9vole aupr\u00e8s des \u00e9l\u00e8ves du cours secondaire ayant des difficult\u00e9s scolaires. Pour tous les \u00e9tudiants int\u00e9ress\u00e9s \u00e0 faire une diff\u00e9rence dans l\u2019apprentissage d\u2019un jeune.<\/p>\n\n\n\n<h2><span id=\"Tu_pourras_aussi_timpliquer_avecnbsp\">Tu pourras aussi t\u2019impliquer avec:&nbsp;<\/span><\/h2>\n\n\n\n<ul><li>Projet Ganym\u00e8de (soutien \u00e0 l\u2019itin\u00e9rance)<\/li><li>Comit\u00e9 Croix-Rouge\u00a0<\/li><li>Comit\u00e9 Rotaract\u00a0<\/li><li>Comit\u00e9 Unicef\u00a0<\/li><li>Comit\u00e9 CODA Br\u00e9beuf\u00a0<\/li><li>Swab Br\u00e9beuf<\/li><li>Coop B\u00e9cyk<\/li><li>Comit\u00e9 ANEB Br\u00e9beuf\u00a0<\/li><li>Stages de coop\u00e9ration internationale: viens t\u2019informer sur les divers organismes offrant ce service.\u00a0<\/li><\/ul>\n<div id=\"toc_container\" class=\"no_bullets\"><p class=\"toc_title\">Sommaire<\/p><ul class=\"toc_list\"><li><a href=\"#Comite_Arbre_de_Noel\">Comit\u00e9 Arbre de No\u00ebl<\/a><\/li><li><a href=\"#Futurs_medecins_sans_frontiere\">Futurs m\u00e9decins sans fronti\u00e8re<\/a><\/li><li><a href=\"#Comite_Equilibre\">Comit\u00e9 \u00c9quilibre<\/a><\/li><li><a href=\"#REEB_Reseau_dentraide_etudiant_de_Brebeuf\">REEB (R\u00e9seau d\u2019entraide \u00e9tudiant de Br\u00e9beuf)<\/a><\/li><li><a href=\"#Groupe_dintervention_en_secourisme_de_Brebeuf_GISB\">Groupe d\u2019intervention en secourisme de Br\u00e9beuf (GISB)<\/a><\/li><li><a href=\"#MEDLIFE\">MEDLIFE<\/a><\/li><li><a href=\"#Tutorat_au_secondaire\">Tutorat au secondaire<\/a><\/li><li><a href=\"#Tu_pourras_aussi_timpliquer_avecnbsp\">Tu pourras aussi t\u2019impliquer avec:&nbsp;<\/a><\/li><\/ul><\/div>\n","protected":false},"excerpt":{"rendered":"<p>Comit\u00e9 Arbre de No\u00ebl Comit\u00e9 associ\u00e9 \u00e0 l\u2019ONG PROMIS afin d\u2019offrir aux jeunes de familles immigrantes un cadeau de No\u00ebl personnalis\u00e9 pour chaque enfant. Assurer le suivi avec PROMIS, organisation, planification, jumelage entre des membres de la communaut\u00e9 de Br\u00e9beuf&#8230;<\/p>\n","protected":false},"author":45,"featured_media":6580,"parent":92,"menu_order":0,"comment_status":"closed","ping_status":"closed","template":"templates\/template-personnalisable.php","meta":{"_editorskit_title_hidden":false,"_editorskit_reading_time":2,"_editorskit_typography_data":[],"_editorskit_blocks_typography":""},"yoast_head":"<!-- This site is optimized with the Yoast SEO plugin v16.3 - https:\/\/yoast.com\/wordpress\/plugins\/seo\/ -->\n<title>Activit\u00e9s et comit\u00e9s - Service \u00e0 autrui - Coll\u00e9gial<\/title>\n<meta name=\"description\" content=\"Arbre de No\u00ebl, M\u00e9decins sans fronti\u00e8res, UNICEF, immigration, aide scolaire, alphab\u00e9tisation, coop\u00e9ration internationale, sant\u00e9 mentale.\" \/>\n<meta name=\"robots\" content=\"index, follow, max-snippet:-1, max-image-preview:large, max-video-preview:-1\" \/>\n<link rel=\"canonical\" href=\"https:\/\/www.brebeuf.qc.ca\/collegial\/vie-etudiante\/activites_socioculturelles_comites\/service-autrui\/\" \/>\n<meta property=\"og:locale\" content=\"fr_FR\" \/>\n<meta property=\"og:type\" content=\"article\" \/>\n<meta property=\"og:title\" content=\"Activit\u00e9s et comit\u00e9s - Service \u00e0 autrui - Coll\u00e9gial\" \/>\n<meta property=\"og:description\" content=\"Arbre de No\u00ebl, M\u00e9decins sans fronti\u00e8res, UNICEF, immigration, aide scolaire, alphab\u00e9tisation, coop\u00e9ration internationale, sant\u00e9 mentale.\" \/>\n<meta property=\"og:url\" content=\"https:\/\/www.brebeuf.qc.ca\/collegial\/vie-etudiante\/activites_socioculturelles_comites\/service-autrui\/\" \/>\n<meta property=\"og:site_name\" content=\"Coll\u00e9gial\" \/>\n<meta property=\"article:modified_time\" content=\"2025-10-23T16:09:55+00:00\" \/>\n<meta property=\"og:image\" content=\"https:\/\/www.brebeuf.qc.ca\/collegial\/wp-content\/uploads\/sites\/2\/2022\/01\/entete_service_autrui_2.jpeg\" \/>\n\t<meta property=\"og:image:width\" content=\"1400\" \/>\n\t<meta property=\"og:image:height\" content=\"240\" \/>\n<meta name=\"twitter:label1\" content=\"Dur\u00e9e de lecture est.\">\n\t<meta name=\"twitter:data1\" content=\"3 minutes\">\n<script type=\"application\/ld+json\" class=\"yoast-schema-graph\">{\"@context\":\"https:\/\/schema.org\",\"@graph\":[{\"@type\":\"WebSite\",\"@id\":\"https:\/\/www.brebeuf.qc.ca\/collegial\/#website\",\"url\":\"https:\/\/www.brebeuf.qc.ca\/collegial\/\",\"name\":\"Coll\\u00e9gial\",\"description\":\"Coll\\u00e8ge priv\\u00e9 | Secondaire | Coll\\u00e9gial\",\"potentialAction\":[{\"@type\":\"SearchAction\",\"target\":\"https:\/\/www.brebeuf.qc.ca\/collegial\/?s={search_term_string}\",\"query-input\":\"required name=search_term_string\"}],\"inLanguage\":\"fr-FR\"},{\"@type\":\"ImageObject\",\"@id\":\"https:\/\/www.brebeuf.qc.ca\/collegial\/vie-etudiante\/activites_socioculturelles_comites\/service-autrui\/#primaryimage\",\"inLanguage\":\"fr-FR\",\"url\":\"https:\/\/www.brebeuf.qc.ca\/collegial\/wp-content\/uploads\/sites\/2\/2022\/01\/entete_service_autrui_2.jpeg\",\"contentUrl\":\"https:\/\/www.brebeuf.qc.ca\/collegial\/wp-content\/uploads\/sites\/2\/2022\/01\/entete_service_autrui_2.jpeg\",\"width\":1400,\"height\":240},{\"@type\":\"WebPage\",\"@id\":\"https:\/\/www.brebeuf.qc.ca\/collegial\/vie-etudiante\/activites_socioculturelles_comites\/service-autrui\/#webpage\",\"url\":\"https:\/\/www.brebeuf.qc.ca\/collegial\/vie-etudiante\/activites_socioculturelles_comites\/service-autrui\/\",\"name\":\"Activit\\u00e9s et comit\\u00e9s - Service \\u00e0 autrui - Coll\\u00e9gial\",\"isPartOf\":{\"@id\":\"https:\/\/www.brebeuf.qc.ca\/collegial\/#website\"},\"primaryImageOfPage\":{\"@id\":\"https:\/\/www.brebeuf.qc.ca\/collegial\/vie-etudiante\/activites_socioculturelles_comites\/service-autrui\/#primaryimage\"},\"datePublished\":\"2022-01-13T19:56:32+00:00\",\"dateModified\":\"2025-10-23T16:09:55+00:00\",\"description\":\"Arbre de No\\u00ebl, M\\u00e9decins sans fronti\\u00e8res, UNICEF, immigration, aide scolaire, alphab\\u00e9tisation, coop\\u00e9ration internationale, sant\\u00e9 mentale.\",\"breadcrumb\":{\"@id\":\"https:\/\/www.brebeuf.qc.ca\/collegial\/vie-etudiante\/activites_socioculturelles_comites\/service-autrui\/#breadcrumb\"},\"inLanguage\":\"fr-FR\",\"potentialAction\":[{\"@type\":\"ReadAction\",\"target\":[\"https:\/\/www.brebeuf.qc.ca\/collegial\/vie-etudiante\/activites_socioculturelles_comites\/service-autrui\/\"]}]},{\"@type\":\"BreadcrumbList\",\"@id\":\"https:\/\/www.brebeuf.qc.ca\/collegial\/vie-etudiante\/activites_socioculturelles_comites\/service-autrui\/#breadcrumb\",\"itemListElement\":[{\"@type\":\"ListItem\",\"position\":1,\"item\":{\"@type\":\"WebPage\",\"@id\":\"https:\/\/www.brebeuf.qc.ca\/collegial\/\",\"url\":\"https:\/\/www.brebeuf.qc.ca\/collegial\/\",\"name\":\"Home\"}},{\"@type\":\"ListItem\",\"position\":2,\"item\":{\"@type\":\"WebPage\",\"@id\":\"https:\/\/www.brebeuf.qc.ca\/collegial\/vie-etudiante\/\",\"url\":\"https:\/\/www.brebeuf.qc.ca\/collegial\/vie-etudiante\/\",\"name\":\"Vie \\u00e9tudiante\"}},{\"@type\":\"ListItem\",\"position\":3,\"item\":{\"@type\":\"WebPage\",\"@id\":\"https:\/\/www.brebeuf.qc.ca\/collegial\/vie-etudiante\/activites_socioculturelles_comites\/\",\"url\":\"https:\/\/www.brebeuf.qc.ca\/collegial\/vie-etudiante\/activites_socioculturelles_comites\/\",\"name\":\"Activit\\u00e9s socioculturelles et comit\\u00e9s\"}},{\"@type\":\"ListItem\",\"position\":4,\"item\":{\"@id\":\"https:\/\/www.brebeuf.qc.ca\/collegial\/vie-etudiante\/activites_socioculturelles_comites\/service-autrui\/#webpage\"}}]}]}<\/script>\n<!-- \/ Yoast SEO plugin. -->","_links":{"self":[{"href":"https:\/\/www.brebeuf.qc.ca\/collegial\/wp-json\/wp\/v2\/pages\/6455"}],"collection":[{"href":"https:\/\/www.brebeuf.qc.ca\/collegial\/wp-json\/wp\/v2\/pages"}],"about":[{"href":"https:\/\/www.brebeuf.qc.ca\/collegial\/wp-json\/wp\/v2\/types\/page"}],"author":[{"embeddable":true,"href":"https:\/\/www.brebeuf.qc.ca\/collegial\/wp-json\/wp\/v2\/users\/45"}],"replies":[{"embeddable":true,"href":"https:\/\/www.brebeuf.qc.ca\/collegial\/wp-json\/wp\/v2\/comments?post=6455"}],"version-history":[{"count":8,"href":"https:\/\/www.brebeuf.qc.ca\/collegial\/wp-json\/wp\/v2\/pages\/6455\/revisions"}],"predecessor-version":[{"id":9187,"href":"https:\/\/www.brebeuf.qc.ca\/collegial\/wp-json\/wp\/v2\/pages\/6455\/revisions\/9187"}],"up":[{"embeddable":true,"href":"https:\/\/www.brebeuf.qc.ca\/collegial\/wp-json\/wp\/v2\/pages\/92"}],"wp:featuredmedia":[{"embeddable":true,"href":"https:\/\/www.brebeuf.qc.ca\/collegial\/wp-json\/wp\/v2\/media\/6580"}],"wp:attachment":[{"href":"https:\/\/www.brebeuf.qc.ca\/collegial\/wp-json\/wp\/v2\/media?parent=6455"}],"curies":[{"name":"wp","href":"https:\/\/api.w.org\/{rel}","templated":true}]}}