{"id":6451,"date":"2022-01-13T20:05:52","date_gmt":"2022-01-13T20:05:52","guid":{"rendered":"https:\/\/www.brebeuf.qc.ca\/collegial\/?page_id=6451"},"modified":"2025-10-23T16:12:21","modified_gmt":"2025-10-23T16:12:21","slug":"activites-et-comites-sciences","status":"publish","type":"page","link":"https:\/\/www.brebeuf.qc.ca\/collegial\/vie-etudiante\/activites_socioculturelles_comites\/activites-et-comites-sciences\/","title":{"rendered":"Activit\u00e9s et comit\u00e9s &#8211; Sciences"},"content":{"rendered":"\n<h2><span id=\"BrebeufHxnbsp\">Br\u00e9beufHx&nbsp;<\/span><\/h2>\n\n\n\n<ul><li>Le comit\u00e9 Br\u00e9beufHx organise l\u2019hackathon annuel (ou comp\u00e9tition amicale de programmation) de Br\u00e9beuf qui a lieu en janvier.&nbsp;<\/li><li>Les membres participent aussi \u00e0 des comp\u00e9titions de programmation qu\u00e9b\u00e9coises et canadiennes, encadr\u00e9s par un professeur du coll\u00e8ge.&nbsp;<\/li><li>Le comit\u00e9 s\u2019implique aussi dans la communaut\u00e9 en donnant des ateliers de programmation \u00e0 des enfants de milieu plus d\u00e9favoris\u00e9s.&nbsp;<\/li><li>La particularit\u00e9 : ce comit\u00e9 regroupe des \u00e9tudiants du coll\u00e9gial et des \u00e9l\u00e8ves de 5e secondaire.&nbsp;<\/li><\/ul>\n\n\n\n<h2><span id=\"Club_de_robotique\">Club de robotique<\/span><\/h2>\n\n\n\n<p>L\u2019activit\u00e9 est centr\u00e9e sur la programmation d\u2019un microcontr\u00f4leur et l\u2019utilisation de capteurs \u00e9lectroniques afin de cr\u00e9er un robot autonome. Cette activit\u00e9 est ouverte \u00e0 tous les \u00e9tudiants et \u00e9tudiantes de tous les programmes d\u2019\u00e9tude. Des formations permettront une initiation \u00e0 l\u2019\u00e9lectronique, au fonctionnement d\u2019un microcontr\u00f4leur et \u00e0 sa programmation. Les \u00e9tudiants qui le d\u00e9sirent pourront participer \u00e0 une comp\u00e9tition locale. Maximum de 12 \u00e9quipes de 3 \u00e9tudiants.<\/p>\n\n\n\n<h2><span id=\"Club_scientifique\">Club scientifique<\/span><\/h2>\n\n\n\n<ul><li>Organisation de midis-conf\u00e9rences hebdomadaires (jeudi), pr\u00e9sent\u00e9s conjointement par les r\u00e9pondants et des membres \u00e9tudiants du Club sur des sujets scientifiques vari\u00e9s.<\/li><li>Nombreux invit\u00e9s de l\u2019ext\u00e9rieur.<\/li><\/ul>\n\n\n\n<h2><span id=\"Perceptum_Journal_scientifique\">Perceptum \u2013 Journal scientifique<\/span><\/h2>\n\n\n\n<ul><li>Journal scientifique \u00e9tudiant touchant tous les domaines du savoir scientifique. Possibilit\u00e9 de r\u00e9daction d\u2019articles scientifiques.<\/li><li>D\u00e9marche rigoureuse.<\/li><li>En savoir plus :&nbsp;<a href=\"https:\/\/journalperceptum.wordpress.com\/\" target=\"_blank\" rel=\"noreferrer noopener\">https:\/\/journalperceptum.wordpress.com\/<\/a><\/li><\/ul>\n<div id=\"toc_container\" class=\"no_bullets\"><p class=\"toc_title\">Sommaire<\/p><ul class=\"toc_list\"><li><a href=\"#BrebeufHxnbsp\">Br\u00e9beufHx&nbsp;<\/a><\/li><li><a href=\"#Club_de_robotique\">Club de robotique<\/a><\/li><li><a href=\"#Club_scientifique\">Club scientifique<\/a><\/li><li><a href=\"#Perceptum_Journal_scientifique\">Perceptum \u2013 Journal scientifique<\/a><\/li><\/ul><\/div>\n","protected":false},"excerpt":{"rendered":"<p>Br\u00e9beufHx&nbsp; Le comit\u00e9 Br\u00e9beufHx organise l\u2019hackathon annuel (ou comp\u00e9tition amicale de programmation) de Br\u00e9beuf qui a lieu en janvier.&nbsp; Les membres participent aussi \u00e0 des comp\u00e9titions de programmation qu\u00e9b\u00e9coises et canadiennes, encadr\u00e9s par un professeur du coll\u00e8ge.&nbsp; Le comit\u00e9 s\u2019implique&#8230;<\/p>\n","protected":false},"author":45,"featured_media":6474,"parent":92,"menu_order":0,"comment_status":"closed","ping_status":"closed","template":"templates\/template-personnalisable.php","meta":{"_editorskit_title_hidden":false,"_editorskit_reading_time":1,"_editorskit_typography_data":[],"_editorskit_blocks_typography":""},"yoast_head":"<!-- This site is optimized with the Yoast SEO plugin v16.3 - https:\/\/yoast.com\/wordpress\/plugins\/seo\/ -->\n<title>Activit\u00e9s et comit\u00e9s - Sciences - Coll\u00e9gial<\/title>\n<meta name=\"description\" content=\"Robotique, club scientifique, cuisine mol\u00e9culaire, journal scientifique Perceptum, hackathon, fus\u00e9onautique.\" \/>\n<meta name=\"robots\" content=\"index, follow, max-snippet:-1, max-image-preview:large, max-video-preview:-1\" \/>\n<link rel=\"canonical\" href=\"https:\/\/www.brebeuf.qc.ca\/collegial\/vie-etudiante\/activites_socioculturelles_comites\/activites-et-comites-sciences\/\" \/>\n<meta property=\"og:locale\" content=\"fr_FR\" \/>\n<meta property=\"og:type\" content=\"article\" \/>\n<meta property=\"og:title\" content=\"Activit\u00e9s et comit\u00e9s - Sciences - Coll\u00e9gial\" \/>\n<meta property=\"og:description\" content=\"Robotique, club scientifique, cuisine mol\u00e9culaire, journal scientifique Perceptum, hackathon, fus\u00e9onautique.\" \/>\n<meta property=\"og:url\" content=\"https:\/\/www.brebeuf.qc.ca\/collegial\/vie-etudiante\/activites_socioculturelles_comites\/activites-et-comites-sciences\/\" \/>\n<meta property=\"og:site_name\" content=\"Coll\u00e9gial\" \/>\n<meta property=\"article:modified_time\" content=\"2025-10-23T16:12:21+00:00\" \/>\n<meta property=\"og:image\" content=\"https:\/\/www.brebeuf.qc.ca\/collegial\/wp-content\/uploads\/sites\/2\/2022\/01\/entete_sciences.jpeg\" \/>\n\t<meta property=\"og:image:width\" content=\"1400\" \/>\n\t<meta property=\"og:image:height\" content=\"240\" \/>\n<meta name=\"twitter:label1\" content=\"Dur\u00e9e de lecture est.\">\n\t<meta name=\"twitter:data1\" content=\"1 minute\">\n<script type=\"application\/ld+json\" class=\"yoast-schema-graph\">{\"@context\":\"https:\/\/schema.org\",\"@graph\":[{\"@type\":\"WebSite\",\"@id\":\"https:\/\/www.brebeuf.qc.ca\/collegial\/#website\",\"url\":\"https:\/\/www.brebeuf.qc.ca\/collegial\/\",\"name\":\"Coll\\u00e9gial\",\"description\":\"Coll\\u00e8ge priv\\u00e9 | Secondaire | Coll\\u00e9gial\",\"potentialAction\":[{\"@type\":\"SearchAction\",\"target\":\"https:\/\/www.brebeuf.qc.ca\/collegial\/?s={search_term_string}\",\"query-input\":\"required name=search_term_string\"}],\"inLanguage\":\"fr-FR\"},{\"@type\":\"ImageObject\",\"@id\":\"https:\/\/www.brebeuf.qc.ca\/collegial\/vie-etudiante\/activites_socioculturelles_comites\/activites-et-comites-sciences\/#primaryimage\",\"inLanguage\":\"fr-FR\",\"url\":\"https:\/\/www.brebeuf.qc.ca\/collegial\/wp-content\/uploads\/sites\/2\/2022\/01\/entete_sciences.jpeg\",\"contentUrl\":\"https:\/\/www.brebeuf.qc.ca\/collegial\/wp-content\/uploads\/sites\/2\/2022\/01\/entete_sciences.jpeg\",\"width\":1400,\"height\":240},{\"@type\":\"WebPage\",\"@id\":\"https:\/\/www.brebeuf.qc.ca\/collegial\/vie-etudiante\/activites_socioculturelles_comites\/activites-et-comites-sciences\/#webpage\",\"url\":\"https:\/\/www.brebeuf.qc.ca\/collegial\/vie-etudiante\/activites_socioculturelles_comites\/activites-et-comites-sciences\/\",\"name\":\"Activit\\u00e9s et comit\\u00e9s - Sciences - Coll\\u00e9gial\",\"isPartOf\":{\"@id\":\"https:\/\/www.brebeuf.qc.ca\/collegial\/#website\"},\"primaryImageOfPage\":{\"@id\":\"https:\/\/www.brebeuf.qc.ca\/collegial\/vie-etudiante\/activites_socioculturelles_comites\/activites-et-comites-sciences\/#primaryimage\"},\"datePublished\":\"2022-01-13T20:05:52+00:00\",\"dateModified\":\"2025-10-23T16:12:21+00:00\",\"description\":\"Robotique, club scientifique, cuisine mol\\u00e9culaire, journal scientifique Perceptum, hackathon, fus\\u00e9onautique.\",\"breadcrumb\":{\"@id\":\"https:\/\/www.brebeuf.qc.ca\/collegial\/vie-etudiante\/activites_socioculturelles_comites\/activites-et-comites-sciences\/#breadcrumb\"},\"inLanguage\":\"fr-FR\",\"potentialAction\":[{\"@type\":\"ReadAction\",\"target\":[\"https:\/\/www.brebeuf.qc.ca\/collegial\/vie-etudiante\/activites_socioculturelles_comites\/activites-et-comites-sciences\/\"]}]},{\"@type\":\"BreadcrumbList\",\"@id\":\"https:\/\/www.brebeuf.qc.ca\/collegial\/vie-etudiante\/activites_socioculturelles_comites\/activites-et-comites-sciences\/#breadcrumb\",\"itemListElement\":[{\"@type\":\"ListItem\",\"position\":1,\"item\":{\"@type\":\"WebPage\",\"@id\":\"https:\/\/www.brebeuf.qc.ca\/collegial\/\",\"url\":\"https:\/\/www.brebeuf.qc.ca\/collegial\/\",\"name\":\"Home\"}},{\"@type\":\"ListItem\",\"position\":2,\"item\":{\"@type\":\"WebPage\",\"@id\":\"https:\/\/www.brebeuf.qc.ca\/collegial\/vie-etudiante\/\",\"url\":\"https:\/\/www.brebeuf.qc.ca\/collegial\/vie-etudiante\/\",\"name\":\"Vie \\u00e9tudiante\"}},{\"@type\":\"ListItem\",\"position\":3,\"item\":{\"@type\":\"WebPage\",\"@id\":\"https:\/\/www.brebeuf.qc.ca\/collegial\/vie-etudiante\/activites_socioculturelles_comites\/\",\"url\":\"https:\/\/www.brebeuf.qc.ca\/collegial\/vie-etudiante\/activites_socioculturelles_comites\/\",\"name\":\"Activit\\u00e9s socioculturelles et comit\\u00e9s\"}},{\"@type\":\"ListItem\",\"position\":4,\"item\":{\"@id\":\"https:\/\/www.brebeuf.qc.ca\/collegial\/vie-etudiante\/activites_socioculturelles_comites\/activites-et-comites-sciences\/#webpage\"}}]}]}<\/script>\n<!-- \/ Yoast SEO plugin. -->","_links":{"self":[{"href":"https:\/\/www.brebeuf.qc.ca\/collegial\/wp-json\/wp\/v2\/pages\/6451"}],"collection":[{"href":"https:\/\/www.brebeuf.qc.ca\/collegial\/wp-json\/wp\/v2\/pages"}],"about":[{"href":"https:\/\/www.brebeuf.qc.ca\/collegial\/wp-json\/wp\/v2\/types\/page"}],"author":[{"embeddable":true,"href":"https:\/\/www.brebeuf.qc.ca\/collegial\/wp-json\/wp\/v2\/users\/45"}],"replies":[{"embeddable":true,"href":"https:\/\/www.brebeuf.qc.ca\/collegial\/wp-json\/wp\/v2\/comments?post=6451"}],"version-history":[{"count":8,"href":"https:\/\/www.brebeuf.qc.ca\/collegial\/wp-json\/wp\/v2\/pages\/6451\/revisions"}],"predecessor-version":[{"id":9189,"href":"https:\/\/www.brebeuf.qc.ca\/collegial\/wp-json\/wp\/v2\/pages\/6451\/revisions\/9189"}],"up":[{"embeddable":true,"href":"https:\/\/www.brebeuf.qc.ca\/collegial\/wp-json\/wp\/v2\/pages\/92"}],"wp:featuredmedia":[{"embeddable":true,"href":"https:\/\/www.brebeuf.qc.ca\/collegial\/wp-json\/wp\/v2\/media\/6474"}],"wp:attachment":[{"href":"https:\/\/www.brebeuf.qc.ca\/collegial\/wp-json\/wp\/v2\/media?parent=6451"}],"curies":[{"name":"wp","href":"https:\/\/api.w.org\/{rel}","templated":true}]}}