{"id":6446,"date":"2022-01-13T19:49:54","date_gmt":"2022-01-13T19:49:54","guid":{"rendered":"https:\/\/www.brebeuf.qc.ca\/collegial\/?page_id=6446"},"modified":"2023-09-29T15:17:10","modified_gmt":"2023-09-29T15:17:10","slug":"activites-et-comites-economie","status":"publish","type":"page","link":"https:\/\/www.brebeuf.qc.ca\/collegial\/vie-etudiante\/activites_socioculturelles_comites\/activites-et-comites-economie\/","title":{"rendered":"Activit\u00e9s et comit\u00e9s &#8211; \u00c9conomie"},"content":{"rendered":"\n<h3>Club d\u2019investissement Br\u00e9beuf<\/h3>\n\n\n\n<p>Le club d\u2019investissement compte environ 20 membres passionn\u00e9s par la finance et l\u2019investissement dans les march\u00e9s boursiers. Participation \u00e0 de nombreux \u00e9v\u00e9nements comme des simulations, conf\u00e9rences et soir\u00e9es de r\u00e9seautage. Les membres seniors du club \u00e9duquent les nouveaux sur une panoplie de sujets et concepts cl\u00e9s en investissement. Organisons d\u2019une simulation priv\u00e9e entre les membres et de la Simulation boursi\u00e8re Br\u00e9beuf, ouverte au grand public.<\/p>\n\n\n\n<h3>Club Entrepreneuriat Br\u00e9beuf<\/h3>\n\n\n\n<p>Le Club Entrepreneuriat de Br\u00e9beuf, affili\u00e9 avec l\u2019Association des Clubs d\u2019Entrepreneurs \u00c9tudiants du Qu\u00e9bec (ACEE), vise \u00e0 promouvoir les valeurs entrepreneuriales et \u00e0 offrir du mat\u00e9riel tangible aux \u00e9tudiants coll\u00e9giaux pour que ces derniers d\u00e9couvrent les bases de l\u2019entrepreneuriat et explorent les avenues du monde des affaires. La mise en \u0153uvre de projets concrets est privil\u00e9gi\u00e9e. Compos\u00e9 de trois d\u00e9partements, soit marketing, relations publiques et logistiques\/finances, le club regroupe chaque ann\u00e9e entre 15 et 20 \u00e9tudiants passionn\u00e9s par l\u2019entrepreneuriat.<\/p>\n","protected":false},"excerpt":{"rendered":"<p>Club d\u2019investissement Br\u00e9beuf Le club d\u2019investissement compte environ 20 membres passionn\u00e9s par la finance et l\u2019investissement dans les march\u00e9s boursiers. Participation \u00e0 de nombreux \u00e9v\u00e9nements comme des simulations, conf\u00e9rences et soir\u00e9es de r\u00e9seautage. Les membres seniors du club \u00e9duquent les&#8230;<\/p>\n","protected":false},"author":45,"featured_media":6483,"parent":92,"menu_order":0,"comment_status":"closed","ping_status":"closed","template":"templates\/template-personnalisable.php","meta":{"_editorskit_title_hidden":false,"_editorskit_reading_time":1,"_editorskit_typography_data":[],"_editorskit_blocks_typography":""},"yoast_head":"<!-- This site is optimized with the Yoast SEO plugin v16.3 - https:\/\/yoast.com\/wordpress\/plugins\/seo\/ -->\n<title>Activit\u00e9s et comit\u00e9s - \u00c9conomie - Coll\u00e9gial<\/title>\n<meta name=\"description\" content=\"Simulation boursi\u00e8re, club d&#039;investissement, club d&#039;entrepreneuriat.\" \/>\n<meta name=\"robots\" content=\"index, follow, max-snippet:-1, max-image-preview:large, max-video-preview:-1\" \/>\n<link rel=\"canonical\" href=\"https:\/\/www.brebeuf.qc.ca\/collegial\/vie-etudiante\/activites_socioculturelles_comites\/activites-et-comites-economie\/\" \/>\n<meta property=\"og:locale\" content=\"fr_FR\" \/>\n<meta property=\"og:type\" content=\"article\" \/>\n<meta property=\"og:title\" content=\"Activit\u00e9s et comit\u00e9s - \u00c9conomie - Coll\u00e9gial\" \/>\n<meta property=\"og:description\" content=\"Simulation boursi\u00e8re, club d&#039;investissement, club d&#039;entrepreneuriat.\" \/>\n<meta property=\"og:url\" content=\"https:\/\/www.brebeuf.qc.ca\/collegial\/vie-etudiante\/activites_socioculturelles_comites\/activites-et-comites-economie\/\" \/>\n<meta property=\"og:site_name\" content=\"Coll\u00e9gial\" \/>\n<meta property=\"article:modified_time\" content=\"2023-09-29T15:17:10+00:00\" \/>\n<meta property=\"og:image\" content=\"https:\/\/www.brebeuf.qc.ca\/collegial\/wp-content\/uploads\/sites\/2\/2022\/01\/entete_economie.jpeg\" \/>\n\t<meta property=\"og:image:width\" content=\"1400\" \/>\n\t<meta property=\"og:image:height\" content=\"240\" \/>\n<meta name=\"twitter:label1\" content=\"Dur\u00e9e de lecture est.\">\n\t<meta name=\"twitter:data1\" content=\"1 minute\">\n<script type=\"application\/ld+json\" class=\"yoast-schema-graph\">{\"@context\":\"https:\/\/schema.org\",\"@graph\":[{\"@type\":\"WebSite\",\"@id\":\"https:\/\/www.brebeuf.qc.ca\/collegial\/#website\",\"url\":\"https:\/\/www.brebeuf.qc.ca\/collegial\/\",\"name\":\"Coll\\u00e9gial\",\"description\":\"Coll\\u00e8ge priv\\u00e9 | Secondaire | Coll\\u00e9gial\",\"potentialAction\":[{\"@type\":\"SearchAction\",\"target\":\"https:\/\/www.brebeuf.qc.ca\/collegial\/?s={search_term_string}\",\"query-input\":\"required name=search_term_string\"}],\"inLanguage\":\"fr-FR\"},{\"@type\":\"ImageObject\",\"@id\":\"https:\/\/www.brebeuf.qc.ca\/collegial\/vie-etudiante\/activites_socioculturelles_comites\/activites-et-comites-economie\/#primaryimage\",\"inLanguage\":\"fr-FR\",\"url\":\"https:\/\/www.brebeuf.qc.ca\/collegial\/wp-content\/uploads\/sites\/2\/2022\/01\/entete_economie.jpeg\",\"contentUrl\":\"https:\/\/www.brebeuf.qc.ca\/collegial\/wp-content\/uploads\/sites\/2\/2022\/01\/entete_economie.jpeg\",\"width\":1400,\"height\":240},{\"@type\":\"WebPage\",\"@id\":\"https:\/\/www.brebeuf.qc.ca\/collegial\/vie-etudiante\/activites_socioculturelles_comites\/activites-et-comites-economie\/#webpage\",\"url\":\"https:\/\/www.brebeuf.qc.ca\/collegial\/vie-etudiante\/activites_socioculturelles_comites\/activites-et-comites-economie\/\",\"name\":\"Activit\\u00e9s et comit\\u00e9s - \\u00c9conomie - Coll\\u00e9gial\",\"isPartOf\":{\"@id\":\"https:\/\/www.brebeuf.qc.ca\/collegial\/#website\"},\"primaryImageOfPage\":{\"@id\":\"https:\/\/www.brebeuf.qc.ca\/collegial\/vie-etudiante\/activites_socioculturelles_comites\/activites-et-comites-economie\/#primaryimage\"},\"datePublished\":\"2022-01-13T19:49:54+00:00\",\"dateModified\":\"2023-09-29T15:17:10+00:00\",\"description\":\"Simulation boursi\\u00e8re, club d'investissement, club d'entrepreneuriat.\",\"breadcrumb\":{\"@id\":\"https:\/\/www.brebeuf.qc.ca\/collegial\/vie-etudiante\/activites_socioculturelles_comites\/activites-et-comites-economie\/#breadcrumb\"},\"inLanguage\":\"fr-FR\",\"potentialAction\":[{\"@type\":\"ReadAction\",\"target\":[\"https:\/\/www.brebeuf.qc.ca\/collegial\/vie-etudiante\/activites_socioculturelles_comites\/activites-et-comites-economie\/\"]}]},{\"@type\":\"BreadcrumbList\",\"@id\":\"https:\/\/www.brebeuf.qc.ca\/collegial\/vie-etudiante\/activites_socioculturelles_comites\/activites-et-comites-economie\/#breadcrumb\",\"itemListElement\":[{\"@type\":\"ListItem\",\"position\":1,\"item\":{\"@type\":\"WebPage\",\"@id\":\"https:\/\/www.brebeuf.qc.ca\/collegial\/\",\"url\":\"https:\/\/www.brebeuf.qc.ca\/collegial\/\",\"name\":\"Home\"}},{\"@type\":\"ListItem\",\"position\":2,\"item\":{\"@type\":\"WebPage\",\"@id\":\"https:\/\/www.brebeuf.qc.ca\/collegial\/vie-etudiante\/\",\"url\":\"https:\/\/www.brebeuf.qc.ca\/collegial\/vie-etudiante\/\",\"name\":\"Vie \\u00e9tudiante\"}},{\"@type\":\"ListItem\",\"position\":3,\"item\":{\"@type\":\"WebPage\",\"@id\":\"https:\/\/www.brebeuf.qc.ca\/collegial\/vie-etudiante\/activites_socioculturelles_comites\/\",\"url\":\"https:\/\/www.brebeuf.qc.ca\/collegial\/vie-etudiante\/activites_socioculturelles_comites\/\",\"name\":\"Activit\\u00e9s socioculturelles et comit\\u00e9s\"}},{\"@type\":\"ListItem\",\"position\":4,\"item\":{\"@id\":\"https:\/\/www.brebeuf.qc.ca\/collegial\/vie-etudiante\/activites_socioculturelles_comites\/activites-et-comites-economie\/#webpage\"}}]}]}<\/script>\n<!-- \/ Yoast SEO plugin. -->","_links":{"self":[{"href":"https:\/\/www.brebeuf.qc.ca\/collegial\/wp-json\/wp\/v2\/pages\/6446"}],"collection":[{"href":"https:\/\/www.brebeuf.qc.ca\/collegial\/wp-json\/wp\/v2\/pages"}],"about":[{"href":"https:\/\/www.brebeuf.qc.ca\/collegial\/wp-json\/wp\/v2\/types\/page"}],"author":[{"embeddable":true,"href":"https:\/\/www.brebeuf.qc.ca\/collegial\/wp-json\/wp\/v2\/users\/45"}],"replies":[{"embeddable":true,"href":"https:\/\/www.brebeuf.qc.ca\/collegial\/wp-json\/wp\/v2\/comments?post=6446"}],"version-history":[{"count":3,"href":"https:\/\/www.brebeuf.qc.ca\/collegial\/wp-json\/wp\/v2\/pages\/6446\/revisions"}],"predecessor-version":[{"id":7630,"href":"https:\/\/www.brebeuf.qc.ca\/collegial\/wp-json\/wp\/v2\/pages\/6446\/revisions\/7630"}],"up":[{"embeddable":true,"href":"https:\/\/www.brebeuf.qc.ca\/collegial\/wp-json\/wp\/v2\/pages\/92"}],"wp:featuredmedia":[{"embeddable":true,"href":"https:\/\/www.brebeuf.qc.ca\/collegial\/wp-json\/wp\/v2\/media\/6483"}],"wp:attachment":[{"href":"https:\/\/www.brebeuf.qc.ca\/collegial\/wp-json\/wp\/v2\/media?parent=6446"}],"curies":[{"name":"wp","href":"https:\/\/api.w.org\/{rel}","templated":true}]}}