{"id":6443,"date":"2022-01-13T19:53:51","date_gmt":"2022-01-13T19:53:51","guid":{"rendered":"https:\/\/www.brebeuf.qc.ca\/collegial\/?page_id=6443"},"modified":"2025-10-28T19:11:47","modified_gmt":"2025-10-28T19:11:47","slug":"defense-droits","status":"publish","type":"page","link":"https:\/\/www.brebeuf.qc.ca\/collegial\/vie-etudiante\/activites_socioculturelles_comites\/defense-droits\/","title":{"rendered":"Activit\u00e9s et comit\u00e9s &#8211; D\u00e9fense des droits"},"content":{"rendered":"\n<h2><span id=\"Amnistie_internationale\">Amnistie internationale<\/span><\/h2>\n\n\n\n<p>Regroupement local de l\u2019organisme non gouvernemental (ONG) engag\u00e9 dans la d\u00e9fense des droits des prisonniers politiques \u00e0 travers le monde. Sensibilisation aux enjeux mondiaux \u00e0 travers diverses campagnes et activit\u00e9s, telles que la r\u00e9daction de lettres \u00e0 des autorit\u00e9s politiques pour promouvoir les droits de l\u2019homme.&nbsp;<\/p>\n\n\n\n<h2><span id=\"Comite_feministe\">Comit\u00e9 f\u00e9ministe<\/span><\/h2>\n\n\n\n<p>Le comit\u00e9 f\u00e9ministe a pour but de promouvoir les valeurs du f\u00e9minisme intersectionnel avec ses membres et les autres \u00e9tudiants du coll\u00e8ge. Le comit\u00e9 organise toute sorte d\u2019\u00e9v\u00e9nements comme des discussions, des kiosques d\u2019information ou des conf\u00e9rences.<\/p>\n\n\n\n<h2><span id=\"Club_Polychrome_LGBTQ\">Club Polychrome \u2013 LGBTQ+<\/span><\/h2>\n\n\n\n<ul><li>Groupe LGBTQ+ du cours coll\u00e9gial de Br\u00e9beuf.<\/li><li>Une belle occasion de r\u00e9unir les membres de la communaut\u00e9 LGBTQ+ et leurs amis&nbsp;<em>LGBTQ+ friendly<\/em>.<\/li><li>Activit\u00e9s de sensibilisation et de socialisation.<\/li><\/ul>\n\n\n\n<h2><span id=\"Dignite_mensuellenbspet_sante_feminine\">Dignit\u00e9 mensuelle&nbsp;et sant\u00e9 f\u00e9minine<\/span><\/h2>\n\n\n\n<p>Le Comit\u00e9 Dignit\u00e9 Mensuelle et Sant\u00e9 F\u00e9minine est une branche de l\u2019OBNL Monthly Dignity (fond\u00e9e en 2017 par des \u00e9tudiantes de Mcgill) et a pour buts de distribuer des produits mentruels gratuits \u00e0 Br\u00e9beuf et \u00e0 des organismes de charit\u00e9, de sensibiliser la communaut\u00e9 du coll\u00e8ge \u00e0 la pr\u00e9carit\u00e9 menstruelle, de promouvoir la recherche scientifique sur la sant\u00e9 f\u00e9minine et de d\u00e9stigmatiser les tabous et la g\u00eane reli\u00e9s aux menstruations. &nbsp;<\/p>\n\n\n\n<h2><span id=\"EN_ENVIRONNEMENT\"><strong>EN ENVIRONNEMENT<\/strong><\/span><\/h2>\n\n\n\n<h2><span id=\"Comite_ecologique_et_developpement_durable\">Comit\u00e9 \u00e9cologique et d\u00e9veloppement durable<\/span><\/h2>\n\n\n\n<p>Regroupement d\u2019\u00e9tudiants impliqu\u00e9s dans des projets de protection de l\u2019environnement. Actions concr\u00e8tes pour contrer la surconsommation (recyclage, caf\u00e9 \u00e9quitable). Sensibilisation aux in\u00e9galit\u00e9s \u00e9conomiques et \u00e0 la justice sociale en plus d\u2019assurer la promotion du commerce \u00e9quitable.<\/p>\n\n\n\n<h2><span id=\"Brebouffenbsp\">Br\u00e9bouffe&nbsp;<\/span><\/h2>\n\n\n\n<p>Br\u00e9bouffe a pour but de promouvoir l\u2019agriculture urbaine \u00e0 petite \u00e9chelle, en utilisant des parcelles du terrain du Coll\u00e8ge qui ne sont pr\u00e9sentement que peu ou pas utilis\u00e9es pour y faire de l\u2019am\u00e9nagement comestible durable. Br\u00e9bouffe vise \u00e0 \u00eatre autosuffisant. Les r\u00e9coltes seront ainsi vendues afin d\u2019autofinancer d\u2019autres projets en lien avec le comit\u00e9.&nbsp;<\/p>\n\n\n\n<h2><span id=\"De_fil_en_aiguille\">De fil en aiguille<\/span><\/h2>\n\n\n\n<p>Le comit\u00e9 De fil en aiguille vise enseigner aux \u00e9tudiants la base de la couture, du crochet et du tricot \u00e0 travers la cr\u00e9ation de divers projets de surcyclage. Ces projets visent\u2009\u00e0 donner une seconde vie aux v\u00eatements et textiles non r\u00e9utilisables destin\u00e9s \u00e0 l\u2019enfouissement en les transformant en articles du quotidien utiles. Le comit\u00e9 organise la vente de ces cr\u00e9ations afin de ramasser des fonds pour des causes sociales et environnementales.<\/p>\n\n\n\n<h2><span id=\"nbsp\">&nbsp;<\/span><\/h2>\n<div id=\"toc_container\" class=\"no_bullets\"><p class=\"toc_title\">Sommaire<\/p><ul class=\"toc_list\"><li><a href=\"#Amnistie_internationale\">Amnistie internationale<\/a><\/li><li><a href=\"#Comite_feministe\">Comit\u00e9 f\u00e9ministe<\/a><\/li><li><a href=\"#Club_Polychrome_LGBTQ\">Club Polychrome \u2013 LGBTQ+<\/a><\/li><li><a href=\"#Dignite_mensuellenbspet_sante_feminine\">Dignit\u00e9 mensuelle&nbsp;et sant\u00e9 f\u00e9minine<\/a><\/li><li><a href=\"#EN_ENVIRONNEMENT\">EN ENVIRONNEMENT<\/a><\/li><li><a href=\"#Comite_ecologique_et_developpement_durable\">Comit\u00e9 \u00e9cologique et d\u00e9veloppement durable<\/a><\/li><li><a href=\"#Brebouffenbsp\">Br\u00e9bouffe&nbsp;<\/a><\/li><li><a href=\"#De_fil_en_aiguille\">De fil en aiguille<\/a><\/li><li><a href=\"#nbsp\">&nbsp;<\/a><\/li><\/ul><\/div>\n","protected":false},"excerpt":{"rendered":"<p>Amnistie internationale Regroupement local de l\u2019organisme non gouvernemental (ONG) engag\u00e9 dans la d\u00e9fense des droits des prisonniers politiques \u00e0 travers le monde. Sensibilisation aux enjeux mondiaux \u00e0 travers diverses campagnes et activit\u00e9s, telles que la r\u00e9daction de lettres \u00e0 des&#8230;<\/p>\n","protected":false},"author":45,"featured_media":6482,"parent":92,"menu_order":0,"comment_status":"closed","ping_status":"closed","template":"templates\/template-personnalisable.php","meta":{"_editorskit_title_hidden":false,"_editorskit_reading_time":1,"_editorskit_typography_data":[],"_editorskit_blocks_typography":""},"yoast_head":"<!-- This site is optimized with the Yoast SEO plugin v16.3 - https:\/\/yoast.com\/wordpress\/plugins\/seo\/ -->\n<title>Activit\u00e9s et comit\u00e9s - D\u00e9fense des droits - Coll\u00e9gial<\/title>\n<meta name=\"description\" content=\"Consommation des produits animaux, f\u00e9minisme, droits des personnes lgbtq+, Amnistie internationale, \u00e9cologie.\" \/>\n<meta name=\"robots\" content=\"index, follow, max-snippet:-1, max-image-preview:large, max-video-preview:-1\" \/>\n<link rel=\"canonical\" href=\"https:\/\/www.brebeuf.qc.ca\/collegial\/vie-etudiante\/activites_socioculturelles_comites\/defense-droits\/\" \/>\n<meta property=\"og:locale\" content=\"fr_FR\" \/>\n<meta property=\"og:type\" content=\"article\" \/>\n<meta property=\"og:title\" content=\"Activit\u00e9s et comit\u00e9s - D\u00e9fense des droits - Coll\u00e9gial\" \/>\n<meta property=\"og:description\" content=\"Consommation des produits animaux, f\u00e9minisme, droits des personnes lgbtq+, Amnistie internationale, \u00e9cologie.\" \/>\n<meta property=\"og:url\" content=\"https:\/\/www.brebeuf.qc.ca\/collegial\/vie-etudiante\/activites_socioculturelles_comites\/defense-droits\/\" \/>\n<meta property=\"og:site_name\" content=\"Coll\u00e9gial\" \/>\n<meta property=\"article:modified_time\" content=\"2025-10-28T19:11:47+00:00\" \/>\n<meta property=\"og:image\" content=\"https:\/\/www.brebeuf.qc.ca\/collegial\/wp-content\/uploads\/sites\/2\/2022\/01\/entete_droits_humains.jpeg\" \/>\n\t<meta property=\"og:image:width\" content=\"1400\" \/>\n\t<meta property=\"og:image:height\" content=\"240\" \/>\n<meta name=\"twitter:label1\" content=\"Dur\u00e9e de lecture est.\">\n\t<meta name=\"twitter:data1\" content=\"2 minutes\">\n<script type=\"application\/ld+json\" class=\"yoast-schema-graph\">{\"@context\":\"https:\/\/schema.org\",\"@graph\":[{\"@type\":\"WebSite\",\"@id\":\"https:\/\/www.brebeuf.qc.ca\/collegial\/#website\",\"url\":\"https:\/\/www.brebeuf.qc.ca\/collegial\/\",\"name\":\"Coll\\u00e9gial\",\"description\":\"Coll\\u00e8ge priv\\u00e9 | Secondaire | Coll\\u00e9gial\",\"potentialAction\":[{\"@type\":\"SearchAction\",\"target\":\"https:\/\/www.brebeuf.qc.ca\/collegial\/?s={search_term_string}\",\"query-input\":\"required name=search_term_string\"}],\"inLanguage\":\"fr-FR\"},{\"@type\":\"ImageObject\",\"@id\":\"https:\/\/www.brebeuf.qc.ca\/collegial\/vie-etudiante\/activites_socioculturelles_comites\/defense-droits\/#primaryimage\",\"inLanguage\":\"fr-FR\",\"url\":\"https:\/\/www.brebeuf.qc.ca\/collegial\/wp-content\/uploads\/sites\/2\/2022\/01\/entete_droits_humains.jpeg\",\"contentUrl\":\"https:\/\/www.brebeuf.qc.ca\/collegial\/wp-content\/uploads\/sites\/2\/2022\/01\/entete_droits_humains.jpeg\",\"width\":1400,\"height\":240},{\"@type\":\"WebPage\",\"@id\":\"https:\/\/www.brebeuf.qc.ca\/collegial\/vie-etudiante\/activites_socioculturelles_comites\/defense-droits\/#webpage\",\"url\":\"https:\/\/www.brebeuf.qc.ca\/collegial\/vie-etudiante\/activites_socioculturelles_comites\/defense-droits\/\",\"name\":\"Activit\\u00e9s et comit\\u00e9s - D\\u00e9fense des droits - Coll\\u00e9gial\",\"isPartOf\":{\"@id\":\"https:\/\/www.brebeuf.qc.ca\/collegial\/#website\"},\"primaryImageOfPage\":{\"@id\":\"https:\/\/www.brebeuf.qc.ca\/collegial\/vie-etudiante\/activites_socioculturelles_comites\/defense-droits\/#primaryimage\"},\"datePublished\":\"2022-01-13T19:53:51+00:00\",\"dateModified\":\"2025-10-28T19:11:47+00:00\",\"description\":\"Consommation des produits animaux, f\\u00e9minisme, droits des personnes lgbtq+, Amnistie internationale, \\u00e9cologie.\",\"breadcrumb\":{\"@id\":\"https:\/\/www.brebeuf.qc.ca\/collegial\/vie-etudiante\/activites_socioculturelles_comites\/defense-droits\/#breadcrumb\"},\"inLanguage\":\"fr-FR\",\"potentialAction\":[{\"@type\":\"ReadAction\",\"target\":[\"https:\/\/www.brebeuf.qc.ca\/collegial\/vie-etudiante\/activites_socioculturelles_comites\/defense-droits\/\"]}]},{\"@type\":\"BreadcrumbList\",\"@id\":\"https:\/\/www.brebeuf.qc.ca\/collegial\/vie-etudiante\/activites_socioculturelles_comites\/defense-droits\/#breadcrumb\",\"itemListElement\":[{\"@type\":\"ListItem\",\"position\":1,\"item\":{\"@type\":\"WebPage\",\"@id\":\"https:\/\/www.brebeuf.qc.ca\/collegial\/\",\"url\":\"https:\/\/www.brebeuf.qc.ca\/collegial\/\",\"name\":\"Home\"}},{\"@type\":\"ListItem\",\"position\":2,\"item\":{\"@type\":\"WebPage\",\"@id\":\"https:\/\/www.brebeuf.qc.ca\/collegial\/vie-etudiante\/\",\"url\":\"https:\/\/www.brebeuf.qc.ca\/collegial\/vie-etudiante\/\",\"name\":\"Vie \\u00e9tudiante\"}},{\"@type\":\"ListItem\",\"position\":3,\"item\":{\"@type\":\"WebPage\",\"@id\":\"https:\/\/www.brebeuf.qc.ca\/collegial\/vie-etudiante\/activites_socioculturelles_comites\/\",\"url\":\"https:\/\/www.brebeuf.qc.ca\/collegial\/vie-etudiante\/activites_socioculturelles_comites\/\",\"name\":\"Activit\\u00e9s socioculturelles et comit\\u00e9s\"}},{\"@type\":\"ListItem\",\"position\":4,\"item\":{\"@id\":\"https:\/\/www.brebeuf.qc.ca\/collegial\/vie-etudiante\/activites_socioculturelles_comites\/defense-droits\/#webpage\"}}]}]}<\/script>\n<!-- \/ Yoast SEO plugin. -->","_links":{"self":[{"href":"https:\/\/www.brebeuf.qc.ca\/collegial\/wp-json\/wp\/v2\/pages\/6443"}],"collection":[{"href":"https:\/\/www.brebeuf.qc.ca\/collegial\/wp-json\/wp\/v2\/pages"}],"about":[{"href":"https:\/\/www.brebeuf.qc.ca\/collegial\/wp-json\/wp\/v2\/types\/page"}],"author":[{"embeddable":true,"href":"https:\/\/www.brebeuf.qc.ca\/collegial\/wp-json\/wp\/v2\/users\/45"}],"replies":[{"embeddable":true,"href":"https:\/\/www.brebeuf.qc.ca\/collegial\/wp-json\/wp\/v2\/comments?post=6443"}],"version-history":[{"count":10,"href":"https:\/\/www.brebeuf.qc.ca\/collegial\/wp-json\/wp\/v2\/pages\/6443\/revisions"}],"predecessor-version":[{"id":9205,"href":"https:\/\/www.brebeuf.qc.ca\/collegial\/wp-json\/wp\/v2\/pages\/6443\/revisions\/9205"}],"up":[{"embeddable":true,"href":"https:\/\/www.brebeuf.qc.ca\/collegial\/wp-json\/wp\/v2\/pages\/92"}],"wp:featuredmedia":[{"embeddable":true,"href":"https:\/\/www.brebeuf.qc.ca\/collegial\/wp-json\/wp\/v2\/media\/6482"}],"wp:attachment":[{"href":"https:\/\/www.brebeuf.qc.ca\/collegial\/wp-json\/wp\/v2\/media?parent=6443"}],"curies":[{"name":"wp","href":"https:\/\/api.w.org\/{rel}","templated":true}]}}