{"id":6436,"date":"2022-01-13T20:00:24","date_gmt":"2022-01-13T20:00:24","guid":{"rendered":"https:\/\/www.brebeuf.qc.ca\/collegial\/?page_id=6436"},"modified":"2025-10-28T19:12:16","modified_gmt":"2025-10-28T19:12:16","slug":"activites-et-comites-culture-generale","status":"publish","type":"page","link":"https:\/\/www.brebeuf.qc.ca\/collegial\/vie-etudiante\/activites_socioculturelles_comites\/activites-et-comites-culture-generale\/","title":{"rendered":"Activit\u00e9s et comit\u00e9s &#8211; Culture g\u00e9n\u00e9rale"},"content":{"rendered":"\n<h2><span id=\"Centre_de_lecture_rapide\">Centre de lecture rapide<\/span><\/h2>\n\n\n\n<p>Cours d\u2019entra\u00eenement en lecture rapide strat\u00e9gique offert chaque session par le Centre de lecture rapide, afin d\u2019augmenter de 3 \u00e0 7 fois sa vitesse de lecture tout en am\u00e9liorant son taux de compr\u00e9hension et de m\u00e9morisation. Ce cours a un impact direct sur ses r\u00e9sultats scolaires. Cours de 3 heures chaque semaine et pratique personnelle \u00e0 la maison.<\/p>\n\n\n\n<h2><span id=\"Cine-Club\">Cin\u00e9-Club<\/span><\/h2>\n\n\n\n<p>Toutes les deux semaines, le comit\u00e9 du Cin\u00e9-club organise la projection d\u2019un film sur grand \u00e9cran au local G1-52. Le comit\u00e9 est \u00e9galement responsable de faire la promotion des projections au coll\u00e8ge (affiches, r\u00e9seaux sociaux, etc.) L\u2019objectif est de faire d\u00e9couvrir des films, de fiction ou documentaires, r\u00e9cents ou anciens, europ\u00e9ens, asiatiques, africains ou am\u00e9ricains, \u00e0 vos coll\u00e8gues \u00e9tudiant.es.<\/p>\n\n\n\n<h2><span id=\"Club_de_debats_oratoires\"><a href=\"https:\/\/www.brebeuf.qc.ca\/collegial\/vie-etudiante\/activites_socioculturelles_comites\/debats-oratoires\/\" target=\"_blank\" aria-label=\" (opens in a new tab)\" rel=\"noreferrer noopener\" class=\"ek-link\">Club de d\u00e9bats oratoires<\/a><\/span><\/h2>\n\n\n\n<ul><li>Club de prise de parole en public. Apprentissage du discours et de la rh\u00e9torique via divers concours : D\u00e9bats du barreau, D\u00e9bats parlementaires.&nbsp;&nbsp;<\/li><li>Pr\u00e9paration et ex\u00e9cution en \u00e9quipe.&nbsp;<\/li><li>1 \u00e0 2 rencontres par semaine.&nbsp;<\/li><\/ul>\n\n\n\n<h2><span id=\"Club_de_plaidoiries_Juripop\">Club de plaidoiries Juripop<\/span><\/h2>\n\n\n\n<ul><li>Concours de plaidoiries juridiques o\u00f9 les \u00e9tudiants du coll\u00e9gial sont jumel\u00e9s avec des \u00e9tudiants en droit pour plaider une cause de droit criminel.<\/li><li>Concours provincial associ\u00e9 \u00e0 l\u2019organisme Juripop.<\/li><li>1 rencontre par semaine.<\/li><\/ul>\n\n\n\n<h2><span id=\"Genies_en_herbe\"><a aria-label=\" (opens in a new tab)\" href=\"https:\/\/www.brebeuf.qc.ca\/collegial\/vie-etudiante\/activites_socioculturelles_comites\/jeunes-democrates\/\" target=\"_blank\" rel=\"noreferrer noopener\" class=\"ek-link\">G\u00e9nies en herbe<\/a><\/span><\/h2>\n\n\n\n<ul><li>Comp\u00e9tition locale par \u00e9quipe, portant sur les connaissances g\u00e9n\u00e9rales. <\/li><li>A lieu tous les mercredis.<\/li><\/ul>\n\n\n\n<h2><span id=\"Et_dautres_aussinbsp\">Et d\u2019autres aussi:&nbsp;<\/span><\/h2>\n\n\n\n<ul><li>Club d\u2019\u00e9chec&nbsp;<\/li><li>Club historique 1928&nbsp;<\/li><li>Comit\u00e9 Architecture et design<\/li><li>Festival intercoll\u00e9gial de philosophie<\/li><\/ul>\n<div id=\"toc_container\" class=\"no_bullets\"><p class=\"toc_title\">Sommaire<\/p><ul class=\"toc_list\"><li><a href=\"#Centre_de_lecture_rapide\">Centre de lecture rapide<\/a><\/li><li><a href=\"#Cine-Club\">Cin\u00e9-Club<\/a><\/li><li><a href=\"#Club_de_debats_oratoires\">Club de d\u00e9bats oratoires<\/a><\/li><li><a href=\"#Club_de_plaidoiries_Juripop\">Club de plaidoiries Juripop<\/a><\/li><li><a href=\"#Genies_en_herbe\">G\u00e9nies en herbe<\/a><\/li><li><a href=\"#Et_dautres_aussinbsp\">Et d\u2019autres aussi:&nbsp;<\/a><\/li><\/ul><\/div>\n","protected":false},"excerpt":{"rendered":"<p>Centre de lecture rapide Cours d\u2019entra\u00eenement en lecture rapide strat\u00e9gique offert chaque session par le Centre de lecture rapide, afin d\u2019augmenter de 3 \u00e0 7 fois sa vitesse de lecture tout en am\u00e9liorant son taux de compr\u00e9hension et de m\u00e9morisation&#8230;.<\/p>\n","protected":false},"author":45,"featured_media":6478,"parent":92,"menu_order":0,"comment_status":"closed","ping_status":"closed","template":"templates\/template-personnalisable.php","meta":{"_editorskit_title_hidden":false,"_editorskit_reading_time":1,"_editorskit_typography_data":[],"_editorskit_blocks_typography":""},"yoast_head":"<!-- This site is optimized with the Yoast SEO plugin v16.3 - https:\/\/yoast.com\/wordpress\/plugins\/seo\/ -->\n<title>Activit\u00e9s et comit\u00e9s - Culture g\u00e9n\u00e9rale - Coll\u00e9gial<\/title>\n<meta name=\"description\" content=\"Lecture rapide, cin\u00e9-club, plaidoirie Juripop, conf\u00e9rences TEDx Br\u00e9beuf, clubs de cours, d&#039;\u00e9checs et plein air, agriculture urbaine.\" \/>\n<meta name=\"robots\" content=\"index, follow, max-snippet:-1, max-image-preview:large, max-video-preview:-1\" \/>\n<link rel=\"canonical\" href=\"https:\/\/www.brebeuf.qc.ca\/collegial\/vie-etudiante\/activites_socioculturelles_comites\/activites-et-comites-culture-generale\/\" \/>\n<meta property=\"og:locale\" content=\"fr_FR\" \/>\n<meta property=\"og:type\" content=\"article\" \/>\n<meta property=\"og:title\" content=\"Activit\u00e9s et comit\u00e9s - Culture g\u00e9n\u00e9rale - Coll\u00e9gial\" \/>\n<meta property=\"og:description\" content=\"Lecture rapide, cin\u00e9-club, plaidoirie Juripop, conf\u00e9rences TEDx Br\u00e9beuf, clubs de cours, d&#039;\u00e9checs et plein air, agriculture urbaine.\" \/>\n<meta property=\"og:url\" content=\"https:\/\/www.brebeuf.qc.ca\/collegial\/vie-etudiante\/activites_socioculturelles_comites\/activites-et-comites-culture-generale\/\" \/>\n<meta property=\"og:site_name\" content=\"Coll\u00e9gial\" \/>\n<meta property=\"article:modified_time\" content=\"2025-10-28T19:12:16+00:00\" \/>\n<meta property=\"og:image\" content=\"https:\/\/www.brebeuf.qc.ca\/collegial\/wp-content\/uploads\/sites\/2\/2022\/01\/entete_culture_generale.jpeg\" \/>\n\t<meta property=\"og:image:width\" content=\"1400\" \/>\n\t<meta property=\"og:image:height\" content=\"240\" \/>\n<meta name=\"twitter:label1\" content=\"Dur\u00e9e de lecture est.\">\n\t<meta name=\"twitter:data1\" content=\"2 minutes\">\n<script type=\"application\/ld+json\" class=\"yoast-schema-graph\">{\"@context\":\"https:\/\/schema.org\",\"@graph\":[{\"@type\":\"WebSite\",\"@id\":\"https:\/\/www.brebeuf.qc.ca\/collegial\/#website\",\"url\":\"https:\/\/www.brebeuf.qc.ca\/collegial\/\",\"name\":\"Coll\\u00e9gial\",\"description\":\"Coll\\u00e8ge priv\\u00e9 | Secondaire | Coll\\u00e9gial\",\"potentialAction\":[{\"@type\":\"SearchAction\",\"target\":\"https:\/\/www.brebeuf.qc.ca\/collegial\/?s={search_term_string}\",\"query-input\":\"required name=search_term_string\"}],\"inLanguage\":\"fr-FR\"},{\"@type\":\"ImageObject\",\"@id\":\"https:\/\/www.brebeuf.qc.ca\/collegial\/vie-etudiante\/activites_socioculturelles_comites\/activites-et-comites-culture-generale\/#primaryimage\",\"inLanguage\":\"fr-FR\",\"url\":\"https:\/\/www.brebeuf.qc.ca\/collegial\/wp-content\/uploads\/sites\/2\/2022\/01\/entete_culture_generale.jpeg\",\"contentUrl\":\"https:\/\/www.brebeuf.qc.ca\/collegial\/wp-content\/uploads\/sites\/2\/2022\/01\/entete_culture_generale.jpeg\",\"width\":1400,\"height\":240},{\"@type\":\"WebPage\",\"@id\":\"https:\/\/www.brebeuf.qc.ca\/collegial\/vie-etudiante\/activites_socioculturelles_comites\/activites-et-comites-culture-generale\/#webpage\",\"url\":\"https:\/\/www.brebeuf.qc.ca\/collegial\/vie-etudiante\/activites_socioculturelles_comites\/activites-et-comites-culture-generale\/\",\"name\":\"Activit\\u00e9s et comit\\u00e9s - Culture g\\u00e9n\\u00e9rale - Coll\\u00e9gial\",\"isPartOf\":{\"@id\":\"https:\/\/www.brebeuf.qc.ca\/collegial\/#website\"},\"primaryImageOfPage\":{\"@id\":\"https:\/\/www.brebeuf.qc.ca\/collegial\/vie-etudiante\/activites_socioculturelles_comites\/activites-et-comites-culture-generale\/#primaryimage\"},\"datePublished\":\"2022-01-13T20:00:24+00:00\",\"dateModified\":\"2025-10-28T19:12:16+00:00\",\"description\":\"Lecture rapide, cin\\u00e9-club, plaidoirie Juripop, conf\\u00e9rences TEDx Br\\u00e9beuf, clubs de cours, d'\\u00e9checs et plein air, agriculture urbaine.\",\"breadcrumb\":{\"@id\":\"https:\/\/www.brebeuf.qc.ca\/collegial\/vie-etudiante\/activites_socioculturelles_comites\/activites-et-comites-culture-generale\/#breadcrumb\"},\"inLanguage\":\"fr-FR\",\"potentialAction\":[{\"@type\":\"ReadAction\",\"target\":[\"https:\/\/www.brebeuf.qc.ca\/collegial\/vie-etudiante\/activites_socioculturelles_comites\/activites-et-comites-culture-generale\/\"]}]},{\"@type\":\"BreadcrumbList\",\"@id\":\"https:\/\/www.brebeuf.qc.ca\/collegial\/vie-etudiante\/activites_socioculturelles_comites\/activites-et-comites-culture-generale\/#breadcrumb\",\"itemListElement\":[{\"@type\":\"ListItem\",\"position\":1,\"item\":{\"@type\":\"WebPage\",\"@id\":\"https:\/\/www.brebeuf.qc.ca\/collegial\/\",\"url\":\"https:\/\/www.brebeuf.qc.ca\/collegial\/\",\"name\":\"Home\"}},{\"@type\":\"ListItem\",\"position\":2,\"item\":{\"@type\":\"WebPage\",\"@id\":\"https:\/\/www.brebeuf.qc.ca\/collegial\/vie-etudiante\/\",\"url\":\"https:\/\/www.brebeuf.qc.ca\/collegial\/vie-etudiante\/\",\"name\":\"Vie \\u00e9tudiante\"}},{\"@type\":\"ListItem\",\"position\":3,\"item\":{\"@type\":\"WebPage\",\"@id\":\"https:\/\/www.brebeuf.qc.ca\/collegial\/vie-etudiante\/activites_socioculturelles_comites\/\",\"url\":\"https:\/\/www.brebeuf.qc.ca\/collegial\/vie-etudiante\/activites_socioculturelles_comites\/\",\"name\":\"Activit\\u00e9s socioculturelles et comit\\u00e9s\"}},{\"@type\":\"ListItem\",\"position\":4,\"item\":{\"@id\":\"https:\/\/www.brebeuf.qc.ca\/collegial\/vie-etudiante\/activites_socioculturelles_comites\/activites-et-comites-culture-generale\/#webpage\"}}]}]}<\/script>\n<!-- \/ Yoast SEO plugin. -->","_links":{"self":[{"href":"https:\/\/www.brebeuf.qc.ca\/collegial\/wp-json\/wp\/v2\/pages\/6436"}],"collection":[{"href":"https:\/\/www.brebeuf.qc.ca\/collegial\/wp-json\/wp\/v2\/pages"}],"about":[{"href":"https:\/\/www.brebeuf.qc.ca\/collegial\/wp-json\/wp\/v2\/types\/page"}],"author":[{"embeddable":true,"href":"https:\/\/www.brebeuf.qc.ca\/collegial\/wp-json\/wp\/v2\/users\/45"}],"replies":[{"embeddable":true,"href":"https:\/\/www.brebeuf.qc.ca\/collegial\/wp-json\/wp\/v2\/comments?post=6436"}],"version-history":[{"count":13,"href":"https:\/\/www.brebeuf.qc.ca\/collegial\/wp-json\/wp\/v2\/pages\/6436\/revisions"}],"predecessor-version":[{"id":9206,"href":"https:\/\/www.brebeuf.qc.ca\/collegial\/wp-json\/wp\/v2\/pages\/6436\/revisions\/9206"}],"up":[{"embeddable":true,"href":"https:\/\/www.brebeuf.qc.ca\/collegial\/wp-json\/wp\/v2\/pages\/92"}],"wp:featuredmedia":[{"embeddable":true,"href":"https:\/\/www.brebeuf.qc.ca\/collegial\/wp-json\/wp\/v2\/media\/6478"}],"wp:attachment":[{"href":"https:\/\/www.brebeuf.qc.ca\/collegial\/wp-json\/wp\/v2\/media?parent=6436"}],"curies":[{"name":"wp","href":"https:\/\/api.w.org\/{rel}","templated":true}]}}