{"id":6404,"date":"2022-01-13T20:11:32","date_gmt":"2022-01-13T20:11:32","guid":{"rendered":"https:\/\/www.brebeuf.qc.ca\/collegial\/?page_id=6404"},"modified":"2025-10-28T19:25:26","modified_gmt":"2025-10-28T19:25:26","slug":"artistiques","status":"publish","type":"page","link":"https:\/\/www.brebeuf.qc.ca\/collegial\/vie-etudiante\/activites_socioculturelles_comites\/artistiques\/","title":{"rendered":"Activit\u00e9s et comit\u00e9s artistiques"},"content":{"rendered":"\n<h2><span id=\"Equipe_technique\">\u00c9quipe technique<\/span><\/h2>\n\n\n\n<p>Activit\u00e9 parascolaire permettant de parfaire ses connaissances en son et en \u00e9clairage de sc\u00e8ne. \u00c0 la premi\u00e8re session, les \u00e9tudiants participent \u00e0 une formation th\u00e9orique et pratique. \u00c0 la deuxi\u00e8me session, les \u00e9tudiants mettent en pratique les connaissances acquises en travaillant sur des spectacles parascolaires pr\u00e9sent\u00e9s \u00e0 la Salle Jacques Maurice.<\/p>\n\n\n\n<h2><span id=\"Globalista\">Globalista<\/span><\/h2>\n\n\n\n<ul><li>Un d\u00e9fil\u00e9 de mode organis\u00e9 de A \u00e0 Z par des \u00e9tudiants<\/li><li>Men\u00e9 par un comit\u00e9 ex\u00e9cutif et soutenu par divers collaborateurs recrut\u00e9s par le comit\u00e9<\/li><li>Pr\u00e9sentation du d\u00e9fil\u00e9 en avril<\/li><li>Tous les profits de l\u2019\u00e9v\u00e9nement sont remis au camp du Lac Simon, qui offre des s\u00e9jours \u00e0 des enfants d\u00e9favoris\u00e9s<\/li><\/ul>\n\n\n\n<h2><span id=\"Impro_Brebeuf\"><a aria-label=\" (opens in a new tab)\" href=\"https:\/\/www.brebeuf.qc.ca\/collegial\/vie-etudiante\/activites_socioculturelles_comites\/improvisation\/\" target=\"_blank\" rel=\"noreferrer noopener\" class=\"ek-link\">Impro Br\u00e9beuf<\/a><\/span><\/h2>\n\n\n\n<figure class=\"wp-block-image size-large is-resized\"><a href=\"https:\/\/www.brebeuf.qc.ca\/collegial\/wp-content\/uploads\/sites\/2\/2025\/10\/LOGO-IMPRO-BREBEUF-1.jpg\" data-rel=\"lightbox-image-0\" data-rl_title=\"\" data-rl_caption=\"\" title=\"\"><img loading=\"lazy\" src=\"https:\/\/www.brebeuf.qc.ca\/collegial\/wp-content\/uploads\/sites\/2\/2025\/10\/LOGO-IMPRO-BREBEUF-1.jpg\" alt=\"\" class=\"wp-image-9210\" width=\"166\" height=\"137\"\/><\/a><\/figure>\n\n\n\n<ul><li>2 \u00e9quipes : la BRIC et la BRAC<\/li><li>Pratique ou match tous les mercredis<\/li><li>Participation \u00e0 la ligue des Pamplemousses<\/li><li>2 \u00e0 3 tournois par ann\u00e9e pour chaque \u00e9quipe<\/li><li>2 entra\u00eeneurs exceptionnels<\/li><\/ul>\n\n\n\n<h2><span id=\"The_Fountain_Pen_Brebeufs_english_art_magazine\"><em>The Fountain Pen<\/em> (Brebeuf\u2019s english &amp; art magazine)<\/span><\/h2>\n\n\n\n<p>Journal \u00e9tudiant d\u2019opinion, d\u2019information artistique et litt\u00e9raire. Le contenu, exclusivement en anglais, en fait une de ses particularit\u00e9s. Il est possible de participer de plusieurs fa\u00e7ons : en tant que journaliste, photographe, artiste ou membre d\u2019un comit\u00e9 de r\u00e9daction, de correction ou d\u2019\u00e9dition.<\/p>\n\n\n\n<h2><span id=\"The_Thespian_Theatre\"><em><a href=\"https:\/\/www.brebeuf.qc.ca\/collegial\/vie-etudiante\/activites_socioculturelles_comites\/thespian-theatre-troupe-theatre-anglais\/\" target=\"_blank\" aria-label=\" (opens in a new tab)\" rel=\"noreferrer noopener\" class=\"ek-link\">The Thespian Theatre<\/a><\/em><\/span><\/h2>\n\n\n\n<ul><li>Troupe de th\u00e9\u00e2tre anglophone<\/li><li>Men\u00e9e par des anciens \u00e9tudiants du Coll\u00e8ge \u00e0 la mise en sc\u00e8ne et la production<\/li><li>Rencontre deux fois par semaine<\/li><li>Repr\u00e9sentations en mars<\/li><\/ul>\n\n\n\n<h2><span id=\"Troupe_de_comedie_musicale_LrsquoEpopee_imaginaire\"><a aria-label=\" (opens in a new tab)\" href=\"https:\/\/www.brebeuf.qc.ca\/collegial\/vie-etudiante\/activites_socioculturelles_comites\/epopee-imaginaire\/\" target=\"_blank\" rel=\"noreferrer noopener\" class=\"ek-link\">Troupe de com\u00e9die musicale<em> L&rsquo;\u00c9pop\u00e9e imaginaire<\/em><\/a><\/span><\/h2>\n\n\n\n<ul><li>Troupe form\u00e9e d\u2019\u00e9tudiants et d\u2019\u00e9tudiantes du coll\u00e8ge et supervis\u00e9e par des anciens<\/li><li>Production annuelle d\u2019une com\u00e9die musicale, o\u00f9 les \u00e9tudiants sont les com\u00e9diens, les chanteurs, les danseurs et les musiciens<\/li><li>1 \u00e0 3 rencontres par semaine selon le r\u00f4le<\/li><li>Intensives lors de la rel\u00e2che et de la fin de semaine de P\u00e2ques<\/li><li>Repr\u00e9sentations en avril<\/li><\/ul>\n\n\n\n<h2><span id=\"Troupe_de_danse_Les_Magnetiques\">Troupe de danse <em>Les Magn\u00e9tiques<\/em><\/span><\/h2>\n\n\n\n<figure class=\"wp-block-image size-large is-resized\"><a href=\"https:\/\/www.brebeuf.qc.ca\/collegial\/wp-content\/uploads\/sites\/2\/2025\/10\/logoMAGNETIQUES.png\" data-rel=\"lightbox-image-1\" data-rl_title=\"\" data-rl_caption=\"\" title=\"\"><img loading=\"lazy\" src=\"https:\/\/www.brebeuf.qc.ca\/collegial\/wp-content\/uploads\/sites\/2\/2025\/10\/logoMAGNETIQUES.png\" alt=\"\" class=\"wp-image-9207\" width=\"195\" height=\"81\"\/><\/a><\/figure>\n\n\n\n<ul><li>Troupe de danse urbaine mixte et inclusive : peu importe ton style, tu es bienvenue !<\/li><li>2 soirs de pratique par semaine<\/li><li>Des classes de ma\u00eetre par des pros<\/li><li>Participation \u00e0 l\u2019intercoll\u00e9gial de danse<\/li><li>D\u00e9monstrations lors des matchs de basket D1 ou d\u00e8s que c\u2019est possible<\/li><li>Un entra\u00eeneur-chor\u00e9graphe<\/li><\/ul>\n\n\n\n<h2><span id=\"Troupe_de_theatre_Le_Vaisseau_drsquoor\"><a aria-label=\" (opens in a new tab)\" href=\"https:\/\/www.brebeuf.qc.ca\/collegial\/vie-etudiante\/activites_socioculturelles_comites\/troupe-de-theatre-vaisseau-or\/\" target=\"_blank\" rel=\"noreferrer noopener\" class=\"ek-link\">Troupe de th\u00e9\u00e2tre <em>Le Vaisseau d&rsquo;or<\/em><\/a><\/span><\/h2>\n\n\n\n<ul><li>Troupe de th\u00e9\u00e2tre \u00ab classique \u00bb<\/li><li>Sous la supervision d\u2019un metteur en sc\u00e8ne externe<\/li><li>Rencontre une fois ou plus par semaine<\/li><li>Repr\u00e9sentations en avril<\/li><\/ul>\n\n\n\n<h2><span id=\"Radio_etudiante_du_college_CJDBnbsp\">Radio \u00e9tudiante du coll\u00e8ge CJDB&nbsp;<\/span><\/h2>\n\n\n\n<h2><span id=\"Et_encore_plusieurs_autresnbsp\">Et encore plusieurs autres:&nbsp;<\/span><\/h2>\n\n\n\n<ul><li>&nbsp;Club photo<\/li><li>Artocoeur<\/li><li>Festival intercoll\u00e9gial de cin\u00e9ma&nbsp;<\/li><li>Marathon d\u2019\u00e9criture intercoll\u00e9gial&nbsp;<\/li><li>Prix coll\u00e9gien de la chanson de l\u2019ann\u00e9e&nbsp;<\/li><li>Prix litt\u00e9raire des coll\u00e9giens&nbsp;<\/li><li>Prix BD des coll\u00e9giens&nbsp;<\/li><li>Prix coll\u00e9gien du cin\u00e9ma qu\u00e9b\u00e9cois&nbsp;<\/li><li>En Marge<\/li><\/ul>\n<div id=\"toc_container\" class=\"no_bullets\"><p class=\"toc_title\">Sommaire<\/p><ul class=\"toc_list\"><li><a href=\"#Equipe_technique\">\u00c9quipe technique<\/a><\/li><li><a href=\"#Globalista\">Globalista<\/a><\/li><li><a href=\"#Impro_Brebeuf\">Impro Br\u00e9beuf<\/a><\/li><li><a href=\"#The_Fountain_Pen_Brebeufs_english_art_magazine\">The Fountain Pen (Brebeuf\u2019s english &amp; art magazine)<\/a><\/li><li><a href=\"#The_Thespian_Theatre\">The Thespian Theatre<\/a><\/li><li><a href=\"#Troupe_de_comedie_musicale_LrsquoEpopee_imaginaire\">Troupe de com\u00e9die musicale L&rsquo;\u00c9pop\u00e9e imaginaire<\/a><\/li><li><a href=\"#Troupe_de_danse_Les_Magnetiques\">Troupe de danse Les Magn\u00e9tiques<\/a><\/li><li><a href=\"#Troupe_de_theatre_Le_Vaisseau_drsquoor\">Troupe de th\u00e9\u00e2tre Le Vaisseau d&rsquo;or<\/a><\/li><li><a href=\"#Radio_etudiante_du_college_CJDBnbsp\">Radio \u00e9tudiante du coll\u00e8ge CJDB&nbsp;<\/a><\/li><li><a href=\"#Et_encore_plusieurs_autresnbsp\">Et encore plusieurs autres:&nbsp;<\/a><\/li><\/ul><\/div>\n","protected":false},"excerpt":{"rendered":"<p>\u00c9quipe technique Activit\u00e9 parascolaire permettant de parfaire ses connaissances en son et en \u00e9clairage de sc\u00e8ne. \u00c0 la premi\u00e8re session, les \u00e9tudiants participent \u00e0 une formation th\u00e9orique et pratique. \u00c0 la deuxi\u00e8me session, les \u00e9tudiants mettent en pratique les connaissances&#8230;<\/p>\n","protected":false},"author":45,"featured_media":6417,"parent":92,"menu_order":0,"comment_status":"closed","ping_status":"closed","template":"templates\/template-personnalisable.php","meta":{"_editorskit_title_hidden":false,"_editorskit_reading_time":1,"_editorskit_typography_data":[],"_editorskit_blocks_typography":""},"yoast_head":"<!-- This site is optimized with the Yoast SEO plugin v16.3 - https:\/\/yoast.com\/wordpress\/plugins\/seo\/ -->\n<title>Activit\u00e9s et comit\u00e9s artistiques - Coll\u00e9gial<\/title>\n<meta name=\"description\" content=\"Th\u00e9\u00e2tre, improvisation, d\u00e9fil\u00e9 de mode, \u00e9criture, musique, cin\u00e9ma, musique, mise en sc\u00e8ne.\" \/>\n<meta name=\"robots\" content=\"index, follow, max-snippet:-1, max-image-preview:large, max-video-preview:-1\" \/>\n<link rel=\"canonical\" href=\"https:\/\/www.brebeuf.qc.ca\/collegial\/vie-etudiante\/activites_socioculturelles_comites\/artistiques\/\" \/>\n<meta property=\"og:locale\" content=\"fr_FR\" \/>\n<meta property=\"og:type\" content=\"article\" \/>\n<meta property=\"og:title\" content=\"Activit\u00e9s et comit\u00e9s artistiques - Coll\u00e9gial\" \/>\n<meta property=\"og:description\" content=\"Th\u00e9\u00e2tre, improvisation, d\u00e9fil\u00e9 de mode, \u00e9criture, musique, cin\u00e9ma, musique, mise en sc\u00e8ne.\" \/>\n<meta property=\"og:url\" content=\"https:\/\/www.brebeuf.qc.ca\/collegial\/vie-etudiante\/activites_socioculturelles_comites\/artistiques\/\" \/>\n<meta property=\"og:site_name\" content=\"Coll\u00e9gial\" \/>\n<meta property=\"article:modified_time\" content=\"2025-10-28T19:25:26+00:00\" \/>\n<meta property=\"og:image\" content=\"https:\/\/www.brebeuf.qc.ca\/collegial\/wp-content\/uploads\/sites\/2\/2022\/01\/entete_activite_comite_artistiques.jpeg\" \/>\n\t<meta property=\"og:image:width\" content=\"1400\" \/>\n\t<meta property=\"og:image:height\" content=\"240\" \/>\n<meta name=\"twitter:label1\" content=\"Dur\u00e9e de lecture est.\">\n\t<meta name=\"twitter:data1\" content=\"3 minutes\">\n<script type=\"application\/ld+json\" class=\"yoast-schema-graph\">{\"@context\":\"https:\/\/schema.org\",\"@graph\":[{\"@type\":\"WebSite\",\"@id\":\"https:\/\/www.brebeuf.qc.ca\/collegial\/#website\",\"url\":\"https:\/\/www.brebeuf.qc.ca\/collegial\/\",\"name\":\"Coll\\u00e9gial\",\"description\":\"Coll\\u00e8ge priv\\u00e9 | Secondaire | Coll\\u00e9gial\",\"potentialAction\":[{\"@type\":\"SearchAction\",\"target\":\"https:\/\/www.brebeuf.qc.ca\/collegial\/?s={search_term_string}\",\"query-input\":\"required name=search_term_string\"}],\"inLanguage\":\"fr-FR\"},{\"@type\":\"ImageObject\",\"@id\":\"https:\/\/www.brebeuf.qc.ca\/collegial\/vie-etudiante\/activites_socioculturelles_comites\/artistiques\/#primaryimage\",\"inLanguage\":\"fr-FR\",\"url\":\"https:\/\/www.brebeuf.qc.ca\/collegial\/wp-content\/uploads\/sites\/2\/2022\/01\/entete_activite_comite_artistiques.jpeg\",\"contentUrl\":\"https:\/\/www.brebeuf.qc.ca\/collegial\/wp-content\/uploads\/sites\/2\/2022\/01\/entete_activite_comite_artistiques.jpeg\",\"width\":1400,\"height\":240},{\"@type\":\"WebPage\",\"@id\":\"https:\/\/www.brebeuf.qc.ca\/collegial\/vie-etudiante\/activites_socioculturelles_comites\/artistiques\/#webpage\",\"url\":\"https:\/\/www.brebeuf.qc.ca\/collegial\/vie-etudiante\/activites_socioculturelles_comites\/artistiques\/\",\"name\":\"Activit\\u00e9s et comit\\u00e9s artistiques - Coll\\u00e9gial\",\"isPartOf\":{\"@id\":\"https:\/\/www.brebeuf.qc.ca\/collegial\/#website\"},\"primaryImageOfPage\":{\"@id\":\"https:\/\/www.brebeuf.qc.ca\/collegial\/vie-etudiante\/activites_socioculturelles_comites\/artistiques\/#primaryimage\"},\"datePublished\":\"2022-01-13T20:11:32+00:00\",\"dateModified\":\"2025-10-28T19:25:26+00:00\",\"description\":\"Th\\u00e9\\u00e2tre, improvisation, d\\u00e9fil\\u00e9 de mode, \\u00e9criture, musique, cin\\u00e9ma, musique, mise en sc\\u00e8ne.\",\"breadcrumb\":{\"@id\":\"https:\/\/www.brebeuf.qc.ca\/collegial\/vie-etudiante\/activites_socioculturelles_comites\/artistiques\/#breadcrumb\"},\"inLanguage\":\"fr-FR\",\"potentialAction\":[{\"@type\":\"ReadAction\",\"target\":[\"https:\/\/www.brebeuf.qc.ca\/collegial\/vie-etudiante\/activites_socioculturelles_comites\/artistiques\/\"]}]},{\"@type\":\"BreadcrumbList\",\"@id\":\"https:\/\/www.brebeuf.qc.ca\/collegial\/vie-etudiante\/activites_socioculturelles_comites\/artistiques\/#breadcrumb\",\"itemListElement\":[{\"@type\":\"ListItem\",\"position\":1,\"item\":{\"@type\":\"WebPage\",\"@id\":\"https:\/\/www.brebeuf.qc.ca\/collegial\/\",\"url\":\"https:\/\/www.brebeuf.qc.ca\/collegial\/\",\"name\":\"Home\"}},{\"@type\":\"ListItem\",\"position\":2,\"item\":{\"@type\":\"WebPage\",\"@id\":\"https:\/\/www.brebeuf.qc.ca\/collegial\/vie-etudiante\/\",\"url\":\"https:\/\/www.brebeuf.qc.ca\/collegial\/vie-etudiante\/\",\"name\":\"Vie \\u00e9tudiante\"}},{\"@type\":\"ListItem\",\"position\":3,\"item\":{\"@type\":\"WebPage\",\"@id\":\"https:\/\/www.brebeuf.qc.ca\/collegial\/vie-etudiante\/activites_socioculturelles_comites\/\",\"url\":\"https:\/\/www.brebeuf.qc.ca\/collegial\/vie-etudiante\/activites_socioculturelles_comites\/\",\"name\":\"Activit\\u00e9s socioculturelles et comit\\u00e9s\"}},{\"@type\":\"ListItem\",\"position\":4,\"item\":{\"@id\":\"https:\/\/www.brebeuf.qc.ca\/collegial\/vie-etudiante\/activites_socioculturelles_comites\/artistiques\/#webpage\"}}]}]}<\/script>\n<!-- \/ Yoast SEO plugin. -->","_links":{"self":[{"href":"https:\/\/www.brebeuf.qc.ca\/collegial\/wp-json\/wp\/v2\/pages\/6404"}],"collection":[{"href":"https:\/\/www.brebeuf.qc.ca\/collegial\/wp-json\/wp\/v2\/pages"}],"about":[{"href":"https:\/\/www.brebeuf.qc.ca\/collegial\/wp-json\/wp\/v2\/types\/page"}],"author":[{"embeddable":true,"href":"https:\/\/www.brebeuf.qc.ca\/collegial\/wp-json\/wp\/v2\/users\/45"}],"replies":[{"embeddable":true,"href":"https:\/\/www.brebeuf.qc.ca\/collegial\/wp-json\/wp\/v2\/comments?post=6404"}],"version-history":[{"count":15,"href":"https:\/\/www.brebeuf.qc.ca\/collegial\/wp-json\/wp\/v2\/pages\/6404\/revisions"}],"predecessor-version":[{"id":9211,"href":"https:\/\/www.brebeuf.qc.ca\/collegial\/wp-json\/wp\/v2\/pages\/6404\/revisions\/9211"}],"up":[{"embeddable":true,"href":"https:\/\/www.brebeuf.qc.ca\/collegial\/wp-json\/wp\/v2\/pages\/92"}],"wp:featuredmedia":[{"embeddable":true,"href":"https:\/\/www.brebeuf.qc.ca\/collegial\/wp-json\/wp\/v2\/media\/6417"}],"wp:attachment":[{"href":"https:\/\/www.brebeuf.qc.ca\/collegial\/wp-json\/wp\/v2\/media?parent=6404"}],"curies":[{"name":"wp","href":"https:\/\/api.w.org\/{rel}","templated":true}]}}