{"id":634,"date":"2014-10-14T20:06:15","date_gmt":"2014-10-14T20:06:15","guid":{"rendered":"http:\/\/www.brebeuf.qc.ca\/collegial\/?page_id=634"},"modified":"2025-11-24T22:01:05","modified_gmt":"2025-11-24T22:01:05","slug":"bourses","status":"publish","type":"page","link":"https:\/\/www.brebeuf.qc.ca\/collegial\/bourses\/","title":{"rendered":"Bourses d&rsquo;excellence"},"content":{"rendered":"\n<h2><span id=\"Les_bourses_dexcellence_a_lentree\"><span style=\"color: inherit;font-family: inherit;font-size: 24px\">Les bourses d\u2019excellence \u00e0 l\u2019entr\u00e9e<\/span><\/span><\/h2>\n\n\n\n<p>Le coll\u00e9gial Br\u00e9beuf distribuera en 2026 pr\u00e8s de<strong> 85 bourses d\u2019excellence<\/strong>.<\/p>\n\n\n\n<p><strong>Grande Bourse Br\u00e9beuf : 4500 $<\/strong><\/p>\n\n\n\n<p><strong>Grande Bourse sportive : 4500 $<\/strong><\/p>\n\n\n\n<p><strong>Bourses par programme<\/strong> : 1 500 $ chacune, pour un total de 19 500 $<\/p>\n\n\n\n<ul><li>3 bourses pour le programme du DEC sciences de la nature;<\/li><li>3 bourses pour le programme du DEC en sciences humaines;<\/li><li>3 bourses pour les programmes du Baccalaur\u00e9at International (dont une pour un dipl\u00f4m\u00e9 du programme international du secondaire);<\/li><li>2 bourses pour le programme du DEC en Arts, lettres et communication;<\/li><li>2 bourses pour le programme du DEC en Sciences, lettres et arts.<\/li><\/ul>\n\n\n\n<p><strong>70 bourses pour les \u00e9tudiants leaders<\/strong> : 1000 $ chacune, pour un total de 70 000 $<\/p>\n\n\n\n<blockquote class=\"wp-block-quote\"><p><a href=\"https:\/\/www.brebeuf.qc.ca\/collegial\/bourses\/faq-bourses-excellences-aide\/\">Acc\u00e9der \u00e0 la <strong>FAQ<\/strong> sur les bourses d&rsquo;excellences et les bourses d&rsquo;aide<\/a><\/p><\/blockquote>\n\n\n\n<hr class=\"wp-block-separator\"\/>\n\n\n\n<h2><span id=\"Que_faut-il_pour_avoir_acces_au_programme_de_bourses_drsquoexcellence\">Que faut-il pour avoir acc\u00e8s au programme de bourses d&rsquo;excellence?<\/span><\/h2>\n\n\n\n<h3><strong>Dossier de candidature<\/strong><\/h3>\n\n\n\n<p class=\"has-text-align-left\">La date limite pour soumettre sa candidature est le <span style=\"text-decoration: underline;\" class=\"ek-underline\"><span style=\"background-color:#fcb900\" class=\"has-inline-background\"><strong>10 f\u00e9vrier 2026 avant 22h.<\/strong><\/span><\/span> Le dossier de candidature pour la Grande Bourse Br\u00e9beuf, pour les bourses programme et pour celles qui r\u00e9compensent le leadership \u00e9tudiant comporte les m\u00eames pi\u00e8ces ci-dessous :<\/p>\n\n\n\n<ul><li>Un curriculum vitae qui fait \u00e9tat des principales r\u00e9alisations scolaires, ainsi que des principales activit\u00e9s parascolaires, sportives, de b\u00e9n\u00e9volat et d\u2019implications.<\/li><li>Si le candidat le juge pertinent, il peut ajouter des pi\u00e8ces suppl\u00e9mentaires \u00e0 son dossier.<\/li><\/ul>\n\n\n\n<div class=\"wp-block-buttons\">\n<div class=\"wp-block-button\"><a class=\"wp-block-button__link\" href=\"https:\/\/brebeuf-estd.omnivox.ca\/estd\/svea\/?SV=D52975\"><span style=\"text-decoration: underline;\" class=\"ek-underline\">Dossier de candidature<\/span><\/a><\/div>\n<\/div>\n\n\n\n<p><strong><span style=\"text-decoration: underline;\" class=\"ek-underline\"><a href=\"https:\/\/www.brebeuf.qc.ca\/wp-content\/uploads\/2024\/11\/College-Jean-de-Brebeuf-Formulaire-candidat-exemple.pdf\" class=\"ek-link\">Version PDF<\/a><\/span><\/strong> ( temporaire ) du formulaire du candidat (\u00e0 titre pr\u00e9paratoire uniquement; <span style=\"text-decoration: underline;\" class=\"ek-underline\">veuillez soumettre votre candidature en utilisant le lien vers le formulaire officiel<\/span>).<\/p>\n\n\n\n<h3><strong>Pour les r\u00e9pondants qui recommandent le candidat<\/strong><\/h3>\n\n\n\n<p class=\"has-text-align-left\">Les deux r\u00e9pondants peuvent \u00eatre des membres du personnel de l\u2019\u00e9cole fr\u00e9quent\u00e9e, un employeur ou une personne ayant supervis\u00e9 une activit\u00e9 parascolaire, sportive ou de b\u00e9n\u00e9volat \u00e0 laquelle le candidat a particip\u00e9.<\/p>\n\n\n\n<div class=\"wp-block-buttons\">\n<div class=\"wp-block-button\"><a class=\"wp-block-button__link\" href=\"https:\/\/brebeuf-estd.omnivox.ca\/estd\/svea\/?SV=8D2D4F\"><span style=\"text-decoration: underline;\" class=\"ek-underline\">Formulaire pour les r\u00e9pondants<\/span><\/a><\/div>\n<\/div>\n\n\n\n<h3><strong>Crit\u00e8res de s\u00e9lection<\/strong><\/h3>\n\n\n\n<p class=\"has-text-align-left\">Les crit\u00e8res de s\u00e9lection pour la Bourse Br\u00e9beuf, pour les bourses programme et celles r\u00e9compensant le leadership \u00e9tudiant sont les m\u00eames :<\/p>\n\n\n\n<ul><li>Excellence du dossier scolaire, vari\u00e9t\u00e9 et dur\u00e9e des implications dans son milieu, ainsi que le leadership d\u00e9montr\u00e9;<\/li><li>Qualit\u00e9 du dossier de candidature, c\u2019est-\u00e0-dire la valeur des engagements et la qualit\u00e9 de la pr\u00e9sentation.<\/li><\/ul>\n\n\n\n<p class=\"has-text-align-left\">Pour les bourses de programme, l\u2019admission dans le programme est un crit\u00e8re obligatoire. <\/p>\n\n\n\n<h3><strong>Grande Bourse sportive<\/strong><\/h3>\n\n\n\n<p class=\"has-text-align-left\">L&rsquo;athl\u00e8te doit \u00eatre identifi\u00e9 par sa f\u00e9d\u00e9ration sportive comme rel\u00e8ve (espoir), \u00e9lite ou excellence.<\/p>\n\n\n\n<h3><strong>D\u00e9p\u00f4t des pi\u00e8ces suppl\u00e9mentaires au dossier de candidature<\/strong><\/h3>\n\n\n\n<ul><li>Envoyez tous les documents suppl\u00e9mentaires en format PDF par courriel \u00e0 l\u2019adresse suivante&nbsp;:&nbsp;<a href=\"mailto:bourses@brebeuf.qc.ca\">bourses@brebeuf.qc.ca<\/a>, au plus tard le 10 f\u00e9vrier 2026 avant 22h.<\/li><\/ul>\n\n\n\n<p class=\"has-text-align-left\">Seuls les dossiers des \u00e9tudiants ayant fait une demande d\u2019admission sont \u00e9tudi\u00e9s.<\/p>\n\n\n\n<h3><strong>R\u00e9ponse aux candidats<\/strong><\/h3>\n\n\n\n<p class=\"has-text-align-left\">Les candidats re\u00e7oivent une r\u00e9ponse \u00e0 leur candidature pendant la semaine du 15 mars 2026.<\/p>\n\n\n\n<hr class=\"wp-block-separator\"\/>\n\n\n\n<h2><span id=\"Les_bourses_dexcellence_pour_les_etudiants_de_deuxieme_annee\">Les bourses d\u2019excellence pour les \u00e9tudiants de deuxi\u00e8me ann\u00e9e<\/span><\/h2>\n\n\n\n<p>Le Coll\u00e8ge souhaite reconna\u00eetre les \u00e9tudiants de ses diff\u00e9rents programmes qui se d\u00e9marquent par leur passion et qui laissent leur marque, tant par leur soif d\u2019apprendre en classe que par leur engagement dans la communaut\u00e9, engagement notamment li\u00e9 \u00e0 leur domaine d\u2019\u00e9tudes.<\/p>\n\n\n\n<p><strong>Bourse d\u2019excellence Dominic Roy<\/strong><br>Sciences humaines &#8211; 1500 $<\/p>\n\n\n\n<p>Dominic Roy a \u00e9t\u00e9 professeur d\u2019histoire au coll\u00e9gial pendant vingt-cinq ans. Il a partag\u00e9 avec la communaut\u00e9 et ses \u00e9tudiants sa passion pour l\u2019histoire contemporaine et les relations diplomatiques et internationales.<\/p>\n\n\n\n<p><strong>Bourse d\u2019excellence de l\u2019Honorable Juge Jeffrey Edwards<br><\/strong>Sciences humaines \u2013 1500 $<\/p>\n\n\n\n<p>L\u2019honorable Juge Jeffrey Edwards est dipl\u00f4m\u00e9, D.E.C . 1982, du programme de Sciences humaines du Coll\u00e8ge Jean de Br\u00e9beuf. Depuis 2019, il est Juge \u00e0 la Cour sup\u00e9rieure du Qu\u00e9bec. En offrant cette bourse, le Juge Edwards d\u00e9sire encourager l\u2019excellence dans les \u00e9tudes de sciences humaines et l\u2019implication dans la vie \u00e9tudiante.<\/p>\n\n\n\n<p><strong>Bourse d\u2019excellence COOPSCO Br\u00e9beuf<\/strong><br>Arts, lettres et communication &#8211; 1500 $<\/p>\n\n\n\n<p>La librairie coop\u00e9rative du Coll\u00e8ge a \u00e9t\u00e9 fond\u00e9e en 1966 par des \u00e9tudiants. Chaque ann\u00e9e, la Coop s\u2019associe activement aux activit\u00e9s de sa collectivit\u00e9 en supportant les activit\u00e9s et projets des \u00e9tudiants.<\/p>\n\n\n\n<p><strong>Bourses d\u2019excellence Famille Vujanovic<\/strong><br>Sciences de la nature et Sciences, lettres et arts \u2013 2 bourses de 1500 $<\/p>\n\n\n\n<p>Gojko, Josko et Silva Vujanovic ont fait leurs \u00e9tudes au Coll\u00e8ge Jean-de-Br\u00e9beuf au d\u00e9but des ann\u00e9es 2000. La famille d\u00e9sire inciter la rel\u00e8ve \u00e0 d\u00e9velopper une meilleure compr\u00e9hension du monde qui nous entoure et des progr\u00e8s technologiques et biotechnologiques.<\/p>\n\n\n\n<p><strong>Bourses d\u2019excellence Lucien Bouchard<\/strong><br>BI Sciences humaines et BI Sciences de la nature \u2013 1 bourse de 1500 $<\/p>\n\n\n\n<p>La bourse a \u00e9t\u00e9 cr\u00e9\u00e9e par le Coll\u00e8ge afin de remercier Monsieur Lucien Bouchard pour son implication et sa contribution au rayonnement du programme du Baccalaur\u00e9at international du Coll\u00e8ge Br\u00e9beuf.<\/p>\n\n\n\n<hr class=\"wp-block-separator\"\/>\n\n\n\n<h2><span id=\"Les_bourses_de_lAssociation_des_parents_du_College_Jean-de-Brebeuf\">Les bourses de l\u2019Association des parents du Coll\u00e8ge Jean-de-Br\u00e9beuf<\/span><\/h2>\n\n\n\n<p class=\"has-text-align-left\">L\u2019Association des parents du Coll\u00e8ge Br\u00e9beuf remet \u00e9galement, chaque ann\u00e9e, quatre bourses aux \u00e9tudiants du coll\u00e9gial. Il s\u2019agit de :<\/p>\n\n\n\n<ul><li style=\"text-align: justify\">Deux bourses de 1000 $, qui r\u00e9compensent le leadership \u00e9tudiant.<\/li><li style=\"text-align: justify\">Deux bourses de 1000 $, qui r\u00e9compensent l\u2019engagement social.<\/li><\/ul>\n\n\n\n<hr class=\"wp-block-separator\"\/>\n\n\n\n<h2><span id=\"Autres_bourses\">Autres bourses<\/span><\/h2>\n\n\n\n<p class=\"has-text-align-left\">Pour les bourses d&rsquo;aide financi\u00e8re distribu\u00e9es par le Coll\u00e8ge, cliquez <strong><a href=\"https:\/\/www.brebeuf.qc.ca\/collegial\/cout-des-etudes-collegiales\/\" target=\"_blank\" aria-label=\" (opens in a new tab)\" rel=\"noreferrer noopener\" class=\"ek-link\">ici<\/a>.<\/strong><\/p>\n\n\n\n<p class=\"has-text-align-left\">Pour en savoir plus \u00e0 propos de l&rsquo;aide financi\u00e8re gouvernementale, cliquez <strong><a href=\"https:\/\/www.brebeuf.qc.ca\/collegial\/cout-des-etudes-collegiales\/\" target=\"_blank\" aria-label=\" (opens in a new tab)\" rel=\"noreferrer noopener\" class=\"ek-link\">ici<\/a><\/strong>.<\/p>\n<div id=\"toc_container\" class=\"no_bullets\"><p class=\"toc_title\">Sommaire<\/p><ul class=\"toc_list\"><li><a href=\"#Les_bourses_dexcellence_a_lentree\">Les bourses d\u2019excellence \u00e0 l\u2019entr\u00e9e<\/a><\/li><li><a href=\"#Que_faut-il_pour_avoir_acces_au_programme_de_bourses_drsquoexcellence\">Que faut-il pour avoir acc\u00e8s au programme de bourses d&rsquo;excellence?<\/a><\/li><li><a href=\"#Les_bourses_dexcellence_pour_les_etudiants_de_deuxieme_annee\">Les bourses d\u2019excellence pour les \u00e9tudiants de deuxi\u00e8me ann\u00e9e<\/a><\/li><li><a href=\"#Les_bourses_de_lAssociation_des_parents_du_College_Jean-de-Brebeuf\">Les bourses de l\u2019Association des parents du Coll\u00e8ge Jean-de-Br\u00e9beuf<\/a><\/li><li><a href=\"#Autres_bourses\">Autres bourses<\/a><\/li><\/ul><\/div>\n","protected":false},"excerpt":{"rendered":"<p>Les bourses d\u2019excellence \u00e0 l\u2019entr\u00e9e Le coll\u00e9gial Br\u00e9beuf distribuera en 2026 pr\u00e8s de 85 bourses d\u2019excellence. Grande Bourse Br\u00e9beuf : 4500 $ Grande Bourse sportive : 4500 $ Bourses par programme : 1 500 $ chacune, pour un total de&#8230;<\/p>\n","protected":false},"author":3,"featured_media":3859,"parent":0,"menu_order":6,"comment_status":"open","ping_status":"closed","template":"templates\/template-personnalisable.php","meta":{"_editorskit_title_hidden":false,"_editorskit_reading_time":3,"_editorskit_typography_data":[],"_editorskit_blocks_typography":""},"yoast_head":"<!-- This site is optimized with the Yoast SEO plugin v16.3 - https:\/\/yoast.com\/wordpress\/plugins\/seo\/ -->\n<title>Bourses d&#039;excellence - Coll\u00e9gial<\/title>\n<meta name=\"robots\" content=\"index, follow, max-snippet:-1, max-image-preview:large, max-video-preview:-1\" \/>\n<link rel=\"canonical\" href=\"https:\/\/www.brebeuf.qc.ca\/collegial\/bourses\/\" \/>\n<meta property=\"og:locale\" content=\"fr_FR\" \/>\n<meta property=\"og:type\" content=\"article\" \/>\n<meta property=\"og:title\" content=\"Bourses d&#039;excellence - Coll\u00e9gial\" \/>\n<meta property=\"og:description\" content=\"Les bourses d\u2019excellence \u00e0 l\u2019entr\u00e9e Le coll\u00e9gial Br\u00e9beuf distribuera en 2026 pr\u00e8s de 85 bourses d\u2019excellence. Grande Bourse Br\u00e9beuf : 4500 $ Grande Bourse sportive : 4500 $ Bourses par programme : 1 500 $ chacune, pour un total de...\" \/>\n<meta property=\"og:url\" content=\"https:\/\/www.brebeuf.qc.ca\/collegial\/bourses\/\" \/>\n<meta property=\"og:site_name\" content=\"Coll\u00e9gial\" \/>\n<meta property=\"article:modified_time\" content=\"2025-11-24T22:01:05+00:00\" \/>\n<meta property=\"og:image\" content=\"https:\/\/www.brebeuf.qc.ca\/collegial\/wp-content\/uploads\/sites\/2\/2014\/10\/bourses_entree_disponibles.png\" \/>\n\t<meta property=\"og:image:width\" content=\"1400\" \/>\n\t<meta property=\"og:image:height\" content=\"240\" \/>\n<meta name=\"twitter:label1\" content=\"Dur\u00e9e de lecture est.\">\n\t<meta name=\"twitter:data1\" content=\"4 minutes\">\n<script type=\"application\/ld+json\" class=\"yoast-schema-graph\">{\"@context\":\"https:\/\/schema.org\",\"@graph\":[{\"@type\":\"WebSite\",\"@id\":\"https:\/\/www.brebeuf.qc.ca\/collegial\/#website\",\"url\":\"https:\/\/www.brebeuf.qc.ca\/collegial\/\",\"name\":\"Coll\\u00e9gial\",\"description\":\"Coll\\u00e8ge priv\\u00e9 | Secondaire | Coll\\u00e9gial\",\"potentialAction\":[{\"@type\":\"SearchAction\",\"target\":\"https:\/\/www.brebeuf.qc.ca\/collegial\/?s={search_term_string}\",\"query-input\":\"required name=search_term_string\"}],\"inLanguage\":\"fr-FR\"},{\"@type\":\"ImageObject\",\"@id\":\"https:\/\/www.brebeuf.qc.ca\/collegial\/bourses\/#primaryimage\",\"inLanguage\":\"fr-FR\",\"url\":\"https:\/\/www.brebeuf.qc.ca\/collegial\/wp-content\/uploads\/sites\/2\/2014\/10\/bourses_entree_disponibles.png\",\"contentUrl\":\"https:\/\/www.brebeuf.qc.ca\/collegial\/wp-content\/uploads\/sites\/2\/2014\/10\/bourses_entree_disponibles.png\",\"width\":1400,\"height\":240},{\"@type\":\"WebPage\",\"@id\":\"https:\/\/www.brebeuf.qc.ca\/collegial\/bourses\/#webpage\",\"url\":\"https:\/\/www.brebeuf.qc.ca\/collegial\/bourses\/\",\"name\":\"Bourses d'excellence - Coll\\u00e9gial\",\"isPartOf\":{\"@id\":\"https:\/\/www.brebeuf.qc.ca\/collegial\/#website\"},\"primaryImageOfPage\":{\"@id\":\"https:\/\/www.brebeuf.qc.ca\/collegial\/bourses\/#primaryimage\"},\"datePublished\":\"2014-10-14T20:06:15+00:00\",\"dateModified\":\"2025-11-24T22:01:05+00:00\",\"breadcrumb\":{\"@id\":\"https:\/\/www.brebeuf.qc.ca\/collegial\/bourses\/#breadcrumb\"},\"inLanguage\":\"fr-FR\",\"potentialAction\":[{\"@type\":\"ReadAction\",\"target\":[\"https:\/\/www.brebeuf.qc.ca\/collegial\/bourses\/\"]}]},{\"@type\":\"BreadcrumbList\",\"@id\":\"https:\/\/www.brebeuf.qc.ca\/collegial\/bourses\/#breadcrumb\",\"itemListElement\":[{\"@type\":\"ListItem\",\"position\":1,\"item\":{\"@type\":\"WebPage\",\"@id\":\"https:\/\/www.brebeuf.qc.ca\/collegial\/\",\"url\":\"https:\/\/www.brebeuf.qc.ca\/collegial\/\",\"name\":\"Home\"}},{\"@type\":\"ListItem\",\"position\":2,\"item\":{\"@id\":\"https:\/\/www.brebeuf.qc.ca\/collegial\/bourses\/#webpage\"}}]}]}<\/script>\n<!-- \/ Yoast SEO plugin. -->","_links":{"self":[{"href":"https:\/\/www.brebeuf.qc.ca\/collegial\/wp-json\/wp\/v2\/pages\/634"}],"collection":[{"href":"https:\/\/www.brebeuf.qc.ca\/collegial\/wp-json\/wp\/v2\/pages"}],"about":[{"href":"https:\/\/www.brebeuf.qc.ca\/collegial\/wp-json\/wp\/v2\/types\/page"}],"author":[{"embeddable":true,"href":"https:\/\/www.brebeuf.qc.ca\/collegial\/wp-json\/wp\/v2\/users\/3"}],"replies":[{"embeddable":true,"href":"https:\/\/www.brebeuf.qc.ca\/collegial\/wp-json\/wp\/v2\/comments?post=634"}],"version-history":[{"count":132,"href":"https:\/\/www.brebeuf.qc.ca\/collegial\/wp-json\/wp\/v2\/pages\/634\/revisions"}],"predecessor-version":[{"id":9288,"href":"https:\/\/www.brebeuf.qc.ca\/collegial\/wp-json\/wp\/v2\/pages\/634\/revisions\/9288"}],"wp:featuredmedia":[{"embeddable":true,"href":"https:\/\/www.brebeuf.qc.ca\/collegial\/wp-json\/wp\/v2\/media\/3859"}],"wp:attachment":[{"href":"https:\/\/www.brebeuf.qc.ca\/collegial\/wp-json\/wp\/v2\/media?parent=634"}],"curies":[{"name":"wp","href":"https:\/\/api.w.org\/{rel}","templated":true}]}}