{"id":605,"date":"2014-10-09T16:05:58","date_gmt":"2014-10-09T16:05:58","guid":{"rendered":"http:\/\/www.brebeuf.qc.ca\/collegial\/?page_id=605"},"modified":"2019-09-02T17:47:30","modified_gmt":"2019-09-02T17:47:30","slug":"economie","status":"publish","type":"page","link":"https:\/\/www.brebeuf.qc.ca\/collegial\/vie-academique\/economie\/","title":{"rendered":"\u00c9conomie"},"content":{"rendered":"<p style=\"text-align: left\">Nous pouvons d\u00e9finir l&rsquo;\u00e9conomie comme la science de la raret\u00e9. De fa\u00e7on plus pr\u00e9cise, disons que l&rsquo;\u00e9conomie est la science d\u00e9crivant de quelle fa\u00e7on les individus et les soci\u00e9t\u00e9s r\u00e9agissent lorsqu&rsquo;ils constatent que leurs besoins sont plus grands que ce que peuvent produire les ressources limit\u00e9es disponibles pour les satisfaire.<\/p>\n<p style=\"text-align: left\">L&rsquo;\u00e9tudiant en \u00e9conomie verra donc comment les agents \u00e9conomiques tels les m\u00e9nages, les entreprises et les gouvernements prennent leurs d\u00e9cisions dans l&rsquo;allocation des ressources.<\/p>\n<p style=\"text-align: left\">L&rsquo;\u00e9tude de cette discipline peut \u00eatre d&rsquo;ordre micro\u00e9conomique, o\u00f9 l&rsquo;on \u00e9tudie particuli\u00e8rement le comportement des entreprises et des consommateurs, ou bien d&rsquo;ordre macro\u00e9conomique.<\/p>\n<p style=\"text-align: left\">Cette derni\u00e8re perspective privil\u00e9gie l&rsquo;approche globale, o\u00f9 l&rsquo;\u00e9tude porte plut\u00f4t sur des agr\u00e9gats \u00e9conomiques comme la production et l&#8217;emploi.<\/p>\n<p style=\"text-align: left\">N&rsquo;h\u00e9sitez pas \u00e0 visiter le webzine <em><strong><a title=\"Monde68\" href=\"http:\/\/monde68.brebeuf.qc.ca\/\" target=\"_blank\" rel=\"noopener noreferrer\">Monde68<\/a><\/strong>, \u00ab\u00a0parce que l&rsquo;international n&rsquo;est pas une affaire \u00e9trang\u00e8re\u00a0\u00bb.<\/em><\/p>\n","protected":false},"excerpt":{"rendered":"<p>Nous pouvons d\u00e9finir l&rsquo;\u00e9conomie comme la science de la raret\u00e9. De fa\u00e7on plus pr\u00e9cise, disons que l&rsquo;\u00e9conomie est la science d\u00e9crivant de quelle fa\u00e7on les individus et les soci\u00e9t\u00e9s r\u00e9agissent lorsqu&rsquo;ils constatent que leurs besoins sont plus grands que ce&#8230;<\/p>\n","protected":false},"author":3,"featured_media":749,"parent":74,"menu_order":0,"comment_status":"open","ping_status":"closed","template":"templates\/template-personnalisable.php","meta":{"_editorskit_title_hidden":false,"_editorskit_reading_time":0,"_editorskit_typography_data":[],"_editorskit_blocks_typography":""},"yoast_head":"<!-- This site is optimized with the Yoast SEO plugin v16.3 - https:\/\/yoast.com\/wordpress\/plugins\/seo\/ -->\n<title>\u00c9conomie - Coll\u00e9gial<\/title>\n<meta name=\"robots\" content=\"index, follow, max-snippet:-1, max-image-preview:large, max-video-preview:-1\" \/>\n<link rel=\"canonical\" href=\"https:\/\/www.brebeuf.qc.ca\/collegial\/vie-academique\/economie\/\" \/>\n<meta property=\"og:locale\" content=\"fr_FR\" \/>\n<meta property=\"og:type\" content=\"article\" \/>\n<meta property=\"og:title\" content=\"\u00c9conomie - Coll\u00e9gial\" \/>\n<meta property=\"og:description\" content=\"Nous pouvons d\u00e9finir l&rsquo;\u00e9conomie comme la science de la raret\u00e9. De fa\u00e7on plus pr\u00e9cise, disons que l&rsquo;\u00e9conomie est la science d\u00e9crivant de quelle fa\u00e7on les individus et les soci\u00e9t\u00e9s r\u00e9agissent lorsqu&rsquo;ils constatent que leurs besoins sont plus grands que ce...\" \/>\n<meta property=\"og:url\" content=\"https:\/\/www.brebeuf.qc.ca\/collegial\/vie-academique\/economie\/\" \/>\n<meta property=\"og:site_name\" content=\"Coll\u00e9gial\" \/>\n<meta property=\"article:modified_time\" content=\"2019-09-02T17:47:30+00:00\" \/>\n<meta property=\"og:image\" content=\"https:\/\/www.brebeuf.qc.ca\/collegial\/wp-content\/uploads\/sites\/2\/2014\/10\/economie-brebeuf.jpg\" \/>\n\t<meta property=\"og:image:width\" content=\"1400\" \/>\n\t<meta property=\"og:image:height\" content=\"240\" \/>\n<meta name=\"twitter:label1\" content=\"Dur\u00e9e de lecture est.\">\n\t<meta name=\"twitter:data1\" content=\"1 minute\">\n<script type=\"application\/ld+json\" class=\"yoast-schema-graph\">{\"@context\":\"https:\/\/schema.org\",\"@graph\":[{\"@type\":\"WebSite\",\"@id\":\"https:\/\/www.brebeuf.qc.ca\/collegial\/#website\",\"url\":\"https:\/\/www.brebeuf.qc.ca\/collegial\/\",\"name\":\"Coll\\u00e9gial\",\"description\":\"Coll\\u00e8ge priv\\u00e9 | Secondaire | Coll\\u00e9gial\",\"potentialAction\":[{\"@type\":\"SearchAction\",\"target\":\"https:\/\/www.brebeuf.qc.ca\/collegial\/?s={search_term_string}\",\"query-input\":\"required name=search_term_string\"}],\"inLanguage\":\"fr-FR\"},{\"@type\":\"ImageObject\",\"@id\":\"https:\/\/www.brebeuf.qc.ca\/collegial\/vie-academique\/economie\/#primaryimage\",\"inLanguage\":\"fr-FR\",\"url\":\"https:\/\/www.brebeuf.qc.ca\/collegial\/wp-content\/uploads\/sites\/2\/2014\/10\/economie-brebeuf.jpg\",\"contentUrl\":\"https:\/\/www.brebeuf.qc.ca\/collegial\/wp-content\/uploads\/sites\/2\/2014\/10\/economie-brebeuf.jpg\",\"width\":1400,\"height\":240},{\"@type\":\"WebPage\",\"@id\":\"https:\/\/www.brebeuf.qc.ca\/collegial\/vie-academique\/economie\/#webpage\",\"url\":\"https:\/\/www.brebeuf.qc.ca\/collegial\/vie-academique\/economie\/\",\"name\":\"\\u00c9conomie - Coll\\u00e9gial\",\"isPartOf\":{\"@id\":\"https:\/\/www.brebeuf.qc.ca\/collegial\/#website\"},\"primaryImageOfPage\":{\"@id\":\"https:\/\/www.brebeuf.qc.ca\/collegial\/vie-academique\/economie\/#primaryimage\"},\"datePublished\":\"2014-10-09T16:05:58+00:00\",\"dateModified\":\"2019-09-02T17:47:30+00:00\",\"breadcrumb\":{\"@id\":\"https:\/\/www.brebeuf.qc.ca\/collegial\/vie-academique\/economie\/#breadcrumb\"},\"inLanguage\":\"fr-FR\",\"potentialAction\":[{\"@type\":\"ReadAction\",\"target\":[\"https:\/\/www.brebeuf.qc.ca\/collegial\/vie-academique\/economie\/\"]}]},{\"@type\":\"BreadcrumbList\",\"@id\":\"https:\/\/www.brebeuf.qc.ca\/collegial\/vie-academique\/economie\/#breadcrumb\",\"itemListElement\":[{\"@type\":\"ListItem\",\"position\":1,\"item\":{\"@type\":\"WebPage\",\"@id\":\"https:\/\/www.brebeuf.qc.ca\/collegial\/\",\"url\":\"https:\/\/www.brebeuf.qc.ca\/collegial\/\",\"name\":\"Home\"}},{\"@type\":\"ListItem\",\"position\":2,\"item\":{\"@type\":\"WebPage\",\"@id\":\"https:\/\/www.brebeuf.qc.ca\/collegial\/vie-academique\/\",\"url\":\"https:\/\/www.brebeuf.qc.ca\/collegial\/vie-academique\/\",\"name\":\"Vie acad\\u00e9mique\"}},{\"@type\":\"ListItem\",\"position\":3,\"item\":{\"@id\":\"https:\/\/www.brebeuf.qc.ca\/collegial\/vie-academique\/economie\/#webpage\"}}]}]}<\/script>\n<!-- \/ Yoast SEO plugin. -->","_links":{"self":[{"href":"https:\/\/www.brebeuf.qc.ca\/collegial\/wp-json\/wp\/v2\/pages\/605"}],"collection":[{"href":"https:\/\/www.brebeuf.qc.ca\/collegial\/wp-json\/wp\/v2\/pages"}],"about":[{"href":"https:\/\/www.brebeuf.qc.ca\/collegial\/wp-json\/wp\/v2\/types\/page"}],"author":[{"embeddable":true,"href":"https:\/\/www.brebeuf.qc.ca\/collegial\/wp-json\/wp\/v2\/users\/3"}],"replies":[{"embeddable":true,"href":"https:\/\/www.brebeuf.qc.ca\/collegial\/wp-json\/wp\/v2\/comments?post=605"}],"version-history":[{"count":6,"href":"https:\/\/www.brebeuf.qc.ca\/collegial\/wp-json\/wp\/v2\/pages\/605\/revisions"}],"predecessor-version":[{"id":4470,"href":"https:\/\/www.brebeuf.qc.ca\/collegial\/wp-json\/wp\/v2\/pages\/605\/revisions\/4470"}],"up":[{"embeddable":true,"href":"https:\/\/www.brebeuf.qc.ca\/collegial\/wp-json\/wp\/v2\/pages\/74"}],"wp:featuredmedia":[{"embeddable":true,"href":"https:\/\/www.brebeuf.qc.ca\/collegial\/wp-json\/wp\/v2\/media\/749"}],"wp:attachment":[{"href":"https:\/\/www.brebeuf.qc.ca\/collegial\/wp-json\/wp\/v2\/media?parent=605"}],"curies":[{"name":"wp","href":"https:\/\/api.w.org\/{rel}","templated":true}]}}