{"id":598,"date":"2014-10-09T15:50:09","date_gmt":"2014-10-09T15:50:09","guid":{"rendered":"http:\/\/www.brebeuf.qc.ca\/collegial\/?page_id=598"},"modified":"2019-09-02T17:45:53","modified_gmt":"2019-09-02T17:45:53","slug":"administration","status":"publish","type":"page","link":"https:\/\/www.brebeuf.qc.ca\/collegial\/vie-academique\/administration\/","title":{"rendered":"Administration"},"content":{"rendered":"<p style=\"text-align: left\">Descripteurs des cours d&rsquo;Administration (<a href=\"http:\/\/www.brebeuf.qc.ca\/collegial\/wp-content\/uploads\/sites\/2\/2014\/10\/cours_-_administration.pdf\" target=\"_blank\" rel=\"noopener noreferrer\">version pdf<\/a>)<\/p>\n<p style=\"text-align: left\"><strong>Professeurs d&rsquo;administration<\/strong><\/p>\n<ul>\n<li style=\"text-align: left\">Marie-Claude Reid, bureau: G3.75 (T\u00e9l.: 514.342.1320 poste 5168)<\/li>\n<li style=\"text-align: left\">Georges Perron, bureau: G3.75 (T\u00e9l.: 514.342.1320 poste 5168)<\/li>\n<\/ul>\n<p style=\"text-align: left\">N&rsquo;h\u00e9sitez pas \u00e0 visiter le webzine <em><strong><a title=\"Monde68\" href=\"http:\/\/monde68.brebeuf.qc.ca\/\" target=\"_blank\" rel=\"noopener noreferrer\">Monde68<\/a><\/strong>, \u00ab\u00a0parce que l&rsquo;international n&rsquo;est pas une affaire \u00e9trang\u00e8re\u00a0\u00bb.<\/em><\/p>\n","protected":false},"excerpt":{"rendered":"<p>Descripteurs des cours d&rsquo;Administration (version pdf) Professeurs d&rsquo;administration Marie-Claude Reid, bureau: G3.75 (T\u00e9l.: 514.342.1320 poste 5168) Georges Perron, bureau: G3.75 (T\u00e9l.: 514.342.1320 poste 5168) N&rsquo;h\u00e9sitez pas \u00e0 visiter le webzine Monde68, \u00ab\u00a0parce que l&rsquo;international n&rsquo;est pas une affaire \u00e9trang\u00e8re\u00a0\u00bb.<\/p>\n","protected":false},"author":3,"featured_media":639,"parent":74,"menu_order":1,"comment_status":"open","ping_status":"closed","template":"templates\/template-personnalisable.php","meta":{"_editorskit_title_hidden":false,"_editorskit_reading_time":0,"_editorskit_typography_data":[],"_editorskit_blocks_typography":""},"yoast_head":"<!-- This site is optimized with the Yoast SEO plugin v16.3 - https:\/\/yoast.com\/wordpress\/plugins\/seo\/ -->\n<title>Administration - Coll\u00e9gial<\/title>\n<meta name=\"robots\" content=\"index, follow, max-snippet:-1, max-image-preview:large, max-video-preview:-1\" \/>\n<link rel=\"canonical\" href=\"https:\/\/www.brebeuf.qc.ca\/collegial\/vie-academique\/administration\/\" \/>\n<meta property=\"og:locale\" content=\"fr_FR\" \/>\n<meta property=\"og:type\" content=\"article\" \/>\n<meta property=\"og:title\" content=\"Administration - Coll\u00e9gial\" \/>\n<meta property=\"og:description\" content=\"Descripteurs des cours d&rsquo;Administration (version pdf) Professeurs d&rsquo;administration Marie-Claude Reid, bureau: G3.75 (T\u00e9l.: 514.342.1320 poste 5168) Georges Perron, bureau: G3.75 (T\u00e9l.: 514.342.1320 poste 5168) N&rsquo;h\u00e9sitez pas \u00e0 visiter le webzine Monde68, \u00ab\u00a0parce que l&rsquo;international n&rsquo;est pas une affaire \u00e9trang\u00e8re\u00a0\u00bb.\" \/>\n<meta property=\"og:url\" content=\"https:\/\/www.brebeuf.qc.ca\/collegial\/vie-academique\/administration\/\" \/>\n<meta property=\"og:site_name\" content=\"Coll\u00e9gial\" \/>\n<meta property=\"article:modified_time\" content=\"2019-09-02T17:45:53+00:00\" \/>\n<meta property=\"og:image\" content=\"https:\/\/www.brebeuf.qc.ca\/collegial\/wp-content\/uploads\/sites\/2\/2014\/10\/banniere-4.jpg\" \/>\n\t<meta property=\"og:image:width\" content=\"1400\" \/>\n\t<meta property=\"og:image:height\" content=\"240\" \/>\n<script type=\"application\/ld+json\" class=\"yoast-schema-graph\">{\"@context\":\"https:\/\/schema.org\",\"@graph\":[{\"@type\":\"WebSite\",\"@id\":\"https:\/\/www.brebeuf.qc.ca\/collegial\/#website\",\"url\":\"https:\/\/www.brebeuf.qc.ca\/collegial\/\",\"name\":\"Coll\\u00e9gial\",\"description\":\"Coll\\u00e8ge priv\\u00e9 | Secondaire | Coll\\u00e9gial\",\"potentialAction\":[{\"@type\":\"SearchAction\",\"target\":\"https:\/\/www.brebeuf.qc.ca\/collegial\/?s={search_term_string}\",\"query-input\":\"required name=search_term_string\"}],\"inLanguage\":\"fr-FR\"},{\"@type\":\"ImageObject\",\"@id\":\"https:\/\/www.brebeuf.qc.ca\/collegial\/vie-academique\/administration\/#primaryimage\",\"inLanguage\":\"fr-FR\",\"url\":\"https:\/\/www.brebeuf.qc.ca\/collegial\/wp-content\/uploads\/sites\/2\/2014\/10\/banniere-4.jpg\",\"contentUrl\":\"https:\/\/www.brebeuf.qc.ca\/collegial\/wp-content\/uploads\/sites\/2\/2014\/10\/banniere-4.jpg\",\"width\":1400,\"height\":240},{\"@type\":\"WebPage\",\"@id\":\"https:\/\/www.brebeuf.qc.ca\/collegial\/vie-academique\/administration\/#webpage\",\"url\":\"https:\/\/www.brebeuf.qc.ca\/collegial\/vie-academique\/administration\/\",\"name\":\"Administration - Coll\\u00e9gial\",\"isPartOf\":{\"@id\":\"https:\/\/www.brebeuf.qc.ca\/collegial\/#website\"},\"primaryImageOfPage\":{\"@id\":\"https:\/\/www.brebeuf.qc.ca\/collegial\/vie-academique\/administration\/#primaryimage\"},\"datePublished\":\"2014-10-09T15:50:09+00:00\",\"dateModified\":\"2019-09-02T17:45:53+00:00\",\"breadcrumb\":{\"@id\":\"https:\/\/www.brebeuf.qc.ca\/collegial\/vie-academique\/administration\/#breadcrumb\"},\"inLanguage\":\"fr-FR\",\"potentialAction\":[{\"@type\":\"ReadAction\",\"target\":[\"https:\/\/www.brebeuf.qc.ca\/collegial\/vie-academique\/administration\/\"]}]},{\"@type\":\"BreadcrumbList\",\"@id\":\"https:\/\/www.brebeuf.qc.ca\/collegial\/vie-academique\/administration\/#breadcrumb\",\"itemListElement\":[{\"@type\":\"ListItem\",\"position\":1,\"item\":{\"@type\":\"WebPage\",\"@id\":\"https:\/\/www.brebeuf.qc.ca\/collegial\/\",\"url\":\"https:\/\/www.brebeuf.qc.ca\/collegial\/\",\"name\":\"Home\"}},{\"@type\":\"ListItem\",\"position\":2,\"item\":{\"@type\":\"WebPage\",\"@id\":\"https:\/\/www.brebeuf.qc.ca\/collegial\/vie-academique\/\",\"url\":\"https:\/\/www.brebeuf.qc.ca\/collegial\/vie-academique\/\",\"name\":\"Vie acad\\u00e9mique\"}},{\"@type\":\"ListItem\",\"position\":3,\"item\":{\"@id\":\"https:\/\/www.brebeuf.qc.ca\/collegial\/vie-academique\/administration\/#webpage\"}}]}]}<\/script>\n<!-- \/ Yoast SEO plugin. -->","_links":{"self":[{"href":"https:\/\/www.brebeuf.qc.ca\/collegial\/wp-json\/wp\/v2\/pages\/598"}],"collection":[{"href":"https:\/\/www.brebeuf.qc.ca\/collegial\/wp-json\/wp\/v2\/pages"}],"about":[{"href":"https:\/\/www.brebeuf.qc.ca\/collegial\/wp-json\/wp\/v2\/types\/page"}],"author":[{"embeddable":true,"href":"https:\/\/www.brebeuf.qc.ca\/collegial\/wp-json\/wp\/v2\/users\/3"}],"replies":[{"embeddable":true,"href":"https:\/\/www.brebeuf.qc.ca\/collegial\/wp-json\/wp\/v2\/comments?post=598"}],"version-history":[{"count":11,"href":"https:\/\/www.brebeuf.qc.ca\/collegial\/wp-json\/wp\/v2\/pages\/598\/revisions"}],"predecessor-version":[{"id":4467,"href":"https:\/\/www.brebeuf.qc.ca\/collegial\/wp-json\/wp\/v2\/pages\/598\/revisions\/4467"}],"up":[{"embeddable":true,"href":"https:\/\/www.brebeuf.qc.ca\/collegial\/wp-json\/wp\/v2\/pages\/74"}],"wp:featuredmedia":[{"embeddable":true,"href":"https:\/\/www.brebeuf.qc.ca\/collegial\/wp-json\/wp\/v2\/media\/639"}],"wp:attachment":[{"href":"https:\/\/www.brebeuf.qc.ca\/collegial\/wp-json\/wp\/v2\/media?parent=598"}],"curies":[{"name":"wp","href":"https:\/\/api.w.org\/{rel}","templated":true}]}}