{"id":5970,"date":"2021-10-13T17:13:30","date_gmt":"2021-10-13T17:13:30","guid":{"rendered":"https:\/\/www.brebeuf.qc.ca\/collegial\/?page_id=5970"},"modified":"2023-08-29T19:26:10","modified_gmt":"2023-08-29T19:26:10","slug":"information-scolaire","status":"publish","type":"page","link":"https:\/\/www.brebeuf.qc.ca\/collegial\/aide-la-reussite\/information-scolaire\/","title":{"rendered":"Information scolaire et professionnelle"},"content":{"rendered":"\n<p class=\"has-text-align-left\">La conseill\u00e8re en information scolaire et professionnelle vous aide \u00e0 planifier votre choix de carri\u00e8re et vous fournit des renseignements pertinents sur les professions, le monde du travail et l\u2019admission \u00e0 l\u2019universit\u00e9.<\/p>\n\n\n\n<h2><span id=\"Quand_consulter\">Quand consulter?<\/span><\/h2>\n\n\n\n<ul><li>Vous avez des questions concernant certains programmes d\u2019\u00e9tudes.<\/li><li>Vous d\u00e9sirez des informations sur des professions.<\/li><li>Vous h\u00e9sitez entre quelques choix de programmes.<\/li><li>Vous aimeriez en conna\u00eetre davantage sur les pr\u00e9alables de certains programmes.<\/li><li>Vous d\u00e9sirez conna\u00eetre les perspectives d\u2019emploi de certaines professions.<\/li><li>Vous d\u00e9sirez des informations sur le march\u00e9 du travail.<\/li><li>Vous d\u00e9sirez des renseignements sur les programmes contingent\u00e9s.<\/li><li>Vous voulez \u00e9valuer vos chances d\u2019\u00eatre accept\u00e9 dans le programme de votre choix.<\/li><li>Vous d\u00e9sirez des informations sur le march\u00e9 du travail.<\/li><li>Vous avez des questions concernant le processus d\u2019admission.<\/li><li>Vous d\u00e9sirez conna\u00eetre les documents \u00e0 joindre \u00e0 votre demande d\u2019admission.<\/li><li>Vous n\u2019avez pas la cote R exig\u00e9e pour entrer dans le programme choisi.<\/li><li>Vous \u00eates refus\u00e9 dans votre programme d\u2019\u00e9tudes.<\/li><li>Vous voulez \u00e9tudier \u00e0 l\u2019\u00e9tranger.<\/li><li>Vous voulez \u00e9tudier dans une autre province canadienne.<\/li><li>Vous aimeriez participer \u00e0 un stage d\u2019un jour.<\/li><li>Vous d\u00e9sirez de l\u2019information sur les bourses d\u2019\u00e9tudes.<\/li><li>Vous d\u00e9sirez consulter de la documentation.<\/li><li>Vous aimeriez savoir comment r\u00e9diger une lettre de motivation.<\/li><li>Vous d\u00e9sirez vous pr\u00e9parer \u00e0 une entrevue de s\u00e9lection.<\/li><li>Vous voulez suivre un cours de langues \u00e0 l\u2019\u00e9t\u00e9.<\/li><li>Vous avez une \u00ab petite question \u00bb.<\/li><\/ul>\n\n\n\n<h2><span id=\"Comment_prendre_un_rendez-vous\">Comment prendre un rendez-vous ?<\/span><\/h2>\n\n\n\n<p>Pour prendre un rendez-vous avec une conseill\u00e8re en information scolaire et professionnelle, vous devez cliquer sur l\u2019hyperlien <strong><em>Prise de rendez-vous en ligne<\/em><\/strong> sur Omnivox sous l\u2019onglet <strong><em>Mes services Br\u00e9beuf<\/em><\/strong>.<\/p>\n\n\n\n<p><strong>Dominique Rochefort<\/strong><\/p>\n\n\n\n<ul><li>Bureau : D2.09, poste 5319<\/li><li>Courriel :&nbsp;<a href=\"mailto:dominique.rochefort@brebeuf.qc.ca\">dominique.rochefort@brebeuf.qc.ca<\/a><\/li><\/ul>\n\n\n\n<p><strong>Sadja Selmane<\/strong><strong><\/strong><\/p>\n\n\n\n<ul type=\"1\"><li>Bureau : D2.09, poste 5317<\/li><li>Courriel :\u00a0<a href=\"mailto:sadja.selmane@brebeuf.qc.ca\" class=\"ek-link\">sadja.selmane@brebeuf.qc.ca<\/a><\/li><\/ul>\n\n\n\n<h2><span id=\"Documents_a_consulter\">Documents \u00e0 consulter<\/span><\/h2>\n\n\n\n<ul><li>Guide d\u2019information sur l\u2019admission \u00e0 l\u2019universit\u00e9<\/li><li>Programmes universitaires \u2013 principaux renseignements<\/li><li>Les cheminements professionnels possibles apr\u00e8s le programme Arts, lettres et communications<\/li><li>La s\u00e9lection et le d\u00e9p\u00f4t des dossiers en Arts, lettres et communications<\/li><li>Les cheminements professionnels possibles apr\u00e8s le programme Sciences humaines<\/li><li>R\u00e9pertoire d\u2019activit\u00e9s parascolaires \u2013 Programmes d\u2019immersion en langues<\/li><li>Annuaires et guides d\u2019admission des universit\u00e9s au centre de documentation<\/li><li>Calendrier des portes ouvertes des universit\u00e9s<\/li><li>Tous les autres documents au centre de documentation (ex : guides des carri\u00e8res, programmes d\u2019\u00e9tudes au secondaire et coll\u00e9gial);<\/li><li>Logiciel d\u2019information scolaire et professionnelle Rep\u00e8res.<\/li><\/ul>\n\n\n\n<h2><span id=\"Les_meilleures_astuces_de_nos_conseilleres_en_information_scolaire_et_professionnelle\">Les meilleures astuces de nos conseill\u00e8res en information scolaire et professionnelle<\/span><\/h2>\n\n\n\n<ul><li>Identifiez quelques programmes d\u2019\u00e9tudes diff\u00e9rents;<\/li><li>Consultez la documentation et les site Web;<\/li><li>V\u00e9rifez les pr\u00e9alables exig\u00e9s;<\/li><li>Consulter <strong><a aria-label=\" (opens in a new tab)\" href=\"https:\/\/reperes.qc.ca\/\" target=\"_blank\" rel=\"noreferrer noopener\" class=\"ek-link\">Rep\u00e8res, site Web sp\u00e9cialis\u00e9 en information scolaire et professionnelle<\/a><\/strong>;<\/li><li>Renseignez-vous au moins un an \u00e0 l\u2019avance pour les \u00e9tudes \u00e0 l\u2019\u00e9tranger;<\/li><li>Assister aux midis-carri\u00e8res et aux pr\u00e9sentations des repr\u00e9sentants universitaires;<\/li><li>Inscrivez-vous aux stages d\u2019un jour;<\/li><li>Consultez la conseill\u00e8re.<\/li><\/ul>\n<div id=\"toc_container\" class=\"no_bullets\"><p class=\"toc_title\">Sommaire<\/p><ul class=\"toc_list\"><li><a href=\"#Quand_consulter\">Quand consulter?<\/a><\/li><li><a href=\"#Comment_prendre_un_rendez-vous\">Comment prendre un rendez-vous ?<\/a><\/li><li><a href=\"#Documents_a_consulter\">Documents \u00e0 consulter<\/a><\/li><li><a href=\"#Les_meilleures_astuces_de_nos_conseilleres_en_information_scolaire_et_professionnelle\">Les meilleures astuces de nos conseill\u00e8res en information scolaire et professionnelle<\/a><\/li><\/ul><\/div>\n","protected":false},"excerpt":{"rendered":"<p>La conseill\u00e8re en information scolaire et professionnelle vous aide \u00e0 planifier votre choix de carri\u00e8re et vous fournit des renseignements pertinents sur les professions, le monde du travail et l\u2019admission \u00e0 l\u2019universit\u00e9. Quand consulter? Vous avez des questions concernant certains&#8230;<\/p>\n","protected":false},"author":45,"featured_media":5978,"parent":357,"menu_order":0,"comment_status":"closed","ping_status":"closed","template":"templates\/template-personnalisable.php","meta":{"_editorskit_title_hidden":false,"_editorskit_reading_time":2,"_editorskit_typography_data":[],"_editorskit_blocks_typography":""},"yoast_head":"<!-- This site is optimized with the Yoast SEO plugin v16.3 - https:\/\/yoast.com\/wordpress\/plugins\/seo\/ -->\n<title>Information scolaire et professionnelle - Coll\u00e9gial<\/title>\n<meta name=\"robots\" content=\"index, follow, max-snippet:-1, max-image-preview:large, max-video-preview:-1\" \/>\n<link rel=\"canonical\" href=\"https:\/\/www.brebeuf.qc.ca\/collegial\/aide-la-reussite\/information-scolaire\/\" \/>\n<meta property=\"og:locale\" content=\"fr_FR\" \/>\n<meta property=\"og:type\" content=\"article\" \/>\n<meta property=\"og:title\" content=\"Information scolaire et professionnelle - Coll\u00e9gial\" \/>\n<meta property=\"og:description\" content=\"La conseill\u00e8re en information scolaire et professionnelle vous aide \u00e0 planifier votre choix de carri\u00e8re et vous fournit des renseignements pertinents sur les professions, le monde du travail et l\u2019admission \u00e0 l\u2019universit\u00e9. Quand consulter? Vous avez des questions concernant certains...\" \/>\n<meta property=\"og:url\" content=\"https:\/\/www.brebeuf.qc.ca\/collegial\/aide-la-reussite\/information-scolaire\/\" \/>\n<meta property=\"og:site_name\" content=\"Coll\u00e9gial\" \/>\n<meta property=\"article:modified_time\" content=\"2023-08-29T19:26:10+00:00\" \/>\n<meta property=\"og:image\" content=\"https:\/\/www.brebeuf.qc.ca\/collegial\/wp-content\/uploads\/sites\/2\/2021\/10\/information_scolaire_professionelle.jpeg\" \/>\n\t<meta property=\"og:image:width\" content=\"1400\" \/>\n\t<meta property=\"og:image:height\" content=\"240\" \/>\n<meta name=\"twitter:label1\" content=\"Dur\u00e9e de lecture est.\">\n\t<meta name=\"twitter:data1\" content=\"2 minutes\">\n<script type=\"application\/ld+json\" class=\"yoast-schema-graph\">{\"@context\":\"https:\/\/schema.org\",\"@graph\":[{\"@type\":\"WebSite\",\"@id\":\"https:\/\/www.brebeuf.qc.ca\/collegial\/#website\",\"url\":\"https:\/\/www.brebeuf.qc.ca\/collegial\/\",\"name\":\"Coll\\u00e9gial\",\"description\":\"Coll\\u00e8ge priv\\u00e9 | Secondaire | Coll\\u00e9gial\",\"potentialAction\":[{\"@type\":\"SearchAction\",\"target\":\"https:\/\/www.brebeuf.qc.ca\/collegial\/?s={search_term_string}\",\"query-input\":\"required name=search_term_string\"}],\"inLanguage\":\"fr-FR\"},{\"@type\":\"ImageObject\",\"@id\":\"https:\/\/www.brebeuf.qc.ca\/collegial\/aide-la-reussite\/information-scolaire\/#primaryimage\",\"inLanguage\":\"fr-FR\",\"url\":\"https:\/\/www.brebeuf.qc.ca\/collegial\/wp-content\/uploads\/sites\/2\/2021\/10\/information_scolaire_professionelle.jpeg\",\"contentUrl\":\"https:\/\/www.brebeuf.qc.ca\/collegial\/wp-content\/uploads\/sites\/2\/2021\/10\/information_scolaire_professionelle.jpeg\",\"width\":1400,\"height\":240},{\"@type\":\"WebPage\",\"@id\":\"https:\/\/www.brebeuf.qc.ca\/collegial\/aide-la-reussite\/information-scolaire\/#webpage\",\"url\":\"https:\/\/www.brebeuf.qc.ca\/collegial\/aide-la-reussite\/information-scolaire\/\",\"name\":\"Information scolaire et professionnelle - Coll\\u00e9gial\",\"isPartOf\":{\"@id\":\"https:\/\/www.brebeuf.qc.ca\/collegial\/#website\"},\"primaryImageOfPage\":{\"@id\":\"https:\/\/www.brebeuf.qc.ca\/collegial\/aide-la-reussite\/information-scolaire\/#primaryimage\"},\"datePublished\":\"2021-10-13T17:13:30+00:00\",\"dateModified\":\"2023-08-29T19:26:10+00:00\",\"breadcrumb\":{\"@id\":\"https:\/\/www.brebeuf.qc.ca\/collegial\/aide-la-reussite\/information-scolaire\/#breadcrumb\"},\"inLanguage\":\"fr-FR\",\"potentialAction\":[{\"@type\":\"ReadAction\",\"target\":[\"https:\/\/www.brebeuf.qc.ca\/collegial\/aide-la-reussite\/information-scolaire\/\"]}]},{\"@type\":\"BreadcrumbList\",\"@id\":\"https:\/\/www.brebeuf.qc.ca\/collegial\/aide-la-reussite\/information-scolaire\/#breadcrumb\",\"itemListElement\":[{\"@type\":\"ListItem\",\"position\":1,\"item\":{\"@type\":\"WebPage\",\"@id\":\"https:\/\/www.brebeuf.qc.ca\/collegial\/\",\"url\":\"https:\/\/www.brebeuf.qc.ca\/collegial\/\",\"name\":\"Home\"}},{\"@type\":\"ListItem\",\"position\":2,\"item\":{\"@type\":\"WebPage\",\"@id\":\"https:\/\/www.brebeuf.qc.ca\/collegial\/aide-la-reussite\/\",\"url\":\"https:\/\/www.brebeuf.qc.ca\/collegial\/aide-la-reussite\/\",\"name\":\"Aides \\u00e0 la r\\u00e9ussite et information scolaire\"}},{\"@type\":\"ListItem\",\"position\":3,\"item\":{\"@id\":\"https:\/\/www.brebeuf.qc.ca\/collegial\/aide-la-reussite\/information-scolaire\/#webpage\"}}]}]}<\/script>\n<!-- \/ Yoast SEO plugin. -->","_links":{"self":[{"href":"https:\/\/www.brebeuf.qc.ca\/collegial\/wp-json\/wp\/v2\/pages\/5970"}],"collection":[{"href":"https:\/\/www.brebeuf.qc.ca\/collegial\/wp-json\/wp\/v2\/pages"}],"about":[{"href":"https:\/\/www.brebeuf.qc.ca\/collegial\/wp-json\/wp\/v2\/types\/page"}],"author":[{"embeddable":true,"href":"https:\/\/www.brebeuf.qc.ca\/collegial\/wp-json\/wp\/v2\/users\/45"}],"replies":[{"embeddable":true,"href":"https:\/\/www.brebeuf.qc.ca\/collegial\/wp-json\/wp\/v2\/comments?post=5970"}],"version-history":[{"count":8,"href":"https:\/\/www.brebeuf.qc.ca\/collegial\/wp-json\/wp\/v2\/pages\/5970\/revisions"}],"predecessor-version":[{"id":7520,"href":"https:\/\/www.brebeuf.qc.ca\/collegial\/wp-json\/wp\/v2\/pages\/5970\/revisions\/7520"}],"up":[{"embeddable":true,"href":"https:\/\/www.brebeuf.qc.ca\/collegial\/wp-json\/wp\/v2\/pages\/357"}],"wp:featuredmedia":[{"embeddable":true,"href":"https:\/\/www.brebeuf.qc.ca\/collegial\/wp-json\/wp\/v2\/media\/5978"}],"wp:attachment":[{"href":"https:\/\/www.brebeuf.qc.ca\/collegial\/wp-json\/wp\/v2\/media?parent=5970"}],"curies":[{"name":"wp","href":"https:\/\/api.w.org\/{rel}","templated":true}]}}