{"id":5959,"date":"2021-10-13T15:58:00","date_gmt":"2021-10-13T15:58:00","guid":{"rendered":"https:\/\/www.brebeuf.qc.ca\/collegial\/?page_id=5959"},"modified":"2022-09-07T15:01:06","modified_gmt":"2022-09-07T15:01:06","slug":"centres-aide-perfectionnement","status":"publish","type":"page","link":"https:\/\/www.brebeuf.qc.ca\/collegial\/aide-la-reussite\/centres-aide-perfectionnement\/","title":{"rendered":"Centres d&rsquo;aide et de perfectionnement"},"content":{"rendered":"\n<p class=\"has-text-align-left\">Le Coll\u00e8ge met \u00e0 votre disposition des centres d\u2019aide ainsi que des mesures de soutien qui vous permettront de mieux r\u00e9ussir vos cours mais aussi, dans certains cas, de mieux vous pr\u00e9parer aux divers comit\u00e9s de s\u00e9lection universitaires.<\/p>\n\n\n\n<ul><li>Centre d\u2019aide et de perfectionnement en <strong>fran\u00e7ais<\/strong>;<\/li><li>Centre d\u2019aide et de perfectionnement en <strong>philosophie<\/strong>;<\/li><li>Centre d\u2019aide et de perfectionnement en <strong>sciences<\/strong>;<\/li><li>Centre d\u2019aide et de perfectionnement en <strong>anglais<\/strong>;<\/li><li>Centre de tutorat en <strong>math\u00e9matiques<\/strong> pour les \u00e9tudiants de sciences humaines;<\/li><li>Pr\u00e9paration aux auditions en <strong>th\u00e9\u00e2tre<\/strong>;<\/li><li>Soutien \u00e0 la pr\u00e9paration des <strong>portfolios<\/strong>.<\/li><\/ul>\n","protected":false},"excerpt":{"rendered":"<p>Le Coll\u00e8ge met \u00e0 votre disposition des centres d\u2019aide ainsi que des mesures de soutien qui vous permettront de mieux r\u00e9ussir vos cours mais aussi, dans certains cas, de mieux vous pr\u00e9parer aux divers comit\u00e9s de s\u00e9lection universitaires. Centre d\u2019aide&#8230;<\/p>\n","protected":false},"author":45,"featured_media":5961,"parent":357,"menu_order":0,"comment_status":"closed","ping_status":"closed","template":"templates\/template-personnalisable.php","meta":{"_editorskit_title_hidden":false,"_editorskit_reading_time":1,"_editorskit_typography_data":[],"_editorskit_blocks_typography":""},"yoast_head":"<!-- This site is optimized with the Yoast SEO plugin v16.3 - https:\/\/yoast.com\/wordpress\/plugins\/seo\/ -->\n<title>Centres d&#039;aide et de perfectionnement - Coll\u00e9gial<\/title>\n<meta name=\"robots\" content=\"index, follow, max-snippet:-1, max-image-preview:large, max-video-preview:-1\" \/>\n<link rel=\"canonical\" href=\"https:\/\/www.brebeuf.qc.ca\/collegial\/aide-la-reussite\/centres-aide-perfectionnement\/\" \/>\n<meta property=\"og:locale\" content=\"fr_FR\" \/>\n<meta property=\"og:type\" content=\"article\" \/>\n<meta property=\"og:title\" content=\"Centres d&#039;aide et de perfectionnement - Coll\u00e9gial\" \/>\n<meta property=\"og:description\" content=\"Le Coll\u00e8ge met \u00e0 votre disposition des centres d\u2019aide ainsi que des mesures de soutien qui vous permettront de mieux r\u00e9ussir vos cours mais aussi, dans certains cas, de mieux vous pr\u00e9parer aux divers comit\u00e9s de s\u00e9lection universitaires. Centre d\u2019aide...\" \/>\n<meta property=\"og:url\" content=\"https:\/\/www.brebeuf.qc.ca\/collegial\/aide-la-reussite\/centres-aide-perfectionnement\/\" \/>\n<meta property=\"og:site_name\" content=\"Coll\u00e9gial\" \/>\n<meta property=\"article:modified_time\" content=\"2022-09-07T15:01:06+00:00\" \/>\n<meta property=\"og:image\" content=\"https:\/\/www.brebeuf.qc.ca\/collegial\/wp-content\/uploads\/sites\/2\/2021\/10\/centres_aide_perfectionnement.jpeg\" \/>\n\t<meta property=\"og:image:width\" content=\"1400\" \/>\n\t<meta property=\"og:image:height\" content=\"240\" \/>\n<meta name=\"twitter:label1\" content=\"Dur\u00e9e de lecture est.\">\n\t<meta name=\"twitter:data1\" content=\"1 minute\">\n<script type=\"application\/ld+json\" class=\"yoast-schema-graph\">{\"@context\":\"https:\/\/schema.org\",\"@graph\":[{\"@type\":\"WebSite\",\"@id\":\"https:\/\/www.brebeuf.qc.ca\/collegial\/#website\",\"url\":\"https:\/\/www.brebeuf.qc.ca\/collegial\/\",\"name\":\"Coll\\u00e9gial\",\"description\":\"Coll\\u00e8ge priv\\u00e9 | Secondaire | Coll\\u00e9gial\",\"potentialAction\":[{\"@type\":\"SearchAction\",\"target\":\"https:\/\/www.brebeuf.qc.ca\/collegial\/?s={search_term_string}\",\"query-input\":\"required name=search_term_string\"}],\"inLanguage\":\"fr-FR\"},{\"@type\":\"ImageObject\",\"@id\":\"https:\/\/www.brebeuf.qc.ca\/collegial\/aide-la-reussite\/centres-aide-perfectionnement\/#primaryimage\",\"inLanguage\":\"fr-FR\",\"url\":\"https:\/\/www.brebeuf.qc.ca\/collegial\/wp-content\/uploads\/sites\/2\/2021\/10\/centres_aide_perfectionnement.jpeg\",\"contentUrl\":\"https:\/\/www.brebeuf.qc.ca\/collegial\/wp-content\/uploads\/sites\/2\/2021\/10\/centres_aide_perfectionnement.jpeg\",\"width\":1400,\"height\":240},{\"@type\":\"WebPage\",\"@id\":\"https:\/\/www.brebeuf.qc.ca\/collegial\/aide-la-reussite\/centres-aide-perfectionnement\/#webpage\",\"url\":\"https:\/\/www.brebeuf.qc.ca\/collegial\/aide-la-reussite\/centres-aide-perfectionnement\/\",\"name\":\"Centres d'aide et de perfectionnement - Coll\\u00e9gial\",\"isPartOf\":{\"@id\":\"https:\/\/www.brebeuf.qc.ca\/collegial\/#website\"},\"primaryImageOfPage\":{\"@id\":\"https:\/\/www.brebeuf.qc.ca\/collegial\/aide-la-reussite\/centres-aide-perfectionnement\/#primaryimage\"},\"datePublished\":\"2021-10-13T15:58:00+00:00\",\"dateModified\":\"2022-09-07T15:01:06+00:00\",\"breadcrumb\":{\"@id\":\"https:\/\/www.brebeuf.qc.ca\/collegial\/aide-la-reussite\/centres-aide-perfectionnement\/#breadcrumb\"},\"inLanguage\":\"fr-FR\",\"potentialAction\":[{\"@type\":\"ReadAction\",\"target\":[\"https:\/\/www.brebeuf.qc.ca\/collegial\/aide-la-reussite\/centres-aide-perfectionnement\/\"]}]},{\"@type\":\"BreadcrumbList\",\"@id\":\"https:\/\/www.brebeuf.qc.ca\/collegial\/aide-la-reussite\/centres-aide-perfectionnement\/#breadcrumb\",\"itemListElement\":[{\"@type\":\"ListItem\",\"position\":1,\"item\":{\"@type\":\"WebPage\",\"@id\":\"https:\/\/www.brebeuf.qc.ca\/collegial\/\",\"url\":\"https:\/\/www.brebeuf.qc.ca\/collegial\/\",\"name\":\"Home\"}},{\"@type\":\"ListItem\",\"position\":2,\"item\":{\"@type\":\"WebPage\",\"@id\":\"https:\/\/www.brebeuf.qc.ca\/collegial\/aide-la-reussite\/\",\"url\":\"https:\/\/www.brebeuf.qc.ca\/collegial\/aide-la-reussite\/\",\"name\":\"Aides \\u00e0 la r\\u00e9ussite et information scolaire\"}},{\"@type\":\"ListItem\",\"position\":3,\"item\":{\"@id\":\"https:\/\/www.brebeuf.qc.ca\/collegial\/aide-la-reussite\/centres-aide-perfectionnement\/#webpage\"}}]}]}<\/script>\n<!-- \/ Yoast SEO plugin. -->","_links":{"self":[{"href":"https:\/\/www.brebeuf.qc.ca\/collegial\/wp-json\/wp\/v2\/pages\/5959"}],"collection":[{"href":"https:\/\/www.brebeuf.qc.ca\/collegial\/wp-json\/wp\/v2\/pages"}],"about":[{"href":"https:\/\/www.brebeuf.qc.ca\/collegial\/wp-json\/wp\/v2\/types\/page"}],"author":[{"embeddable":true,"href":"https:\/\/www.brebeuf.qc.ca\/collegial\/wp-json\/wp\/v2\/users\/45"}],"replies":[{"embeddable":true,"href":"https:\/\/www.brebeuf.qc.ca\/collegial\/wp-json\/wp\/v2\/comments?post=5959"}],"version-history":[{"count":2,"href":"https:\/\/www.brebeuf.qc.ca\/collegial\/wp-json\/wp\/v2\/pages\/5959\/revisions"}],"predecessor-version":[{"id":5963,"href":"https:\/\/www.brebeuf.qc.ca\/collegial\/wp-json\/wp\/v2\/pages\/5959\/revisions\/5963"}],"up":[{"embeddable":true,"href":"https:\/\/www.brebeuf.qc.ca\/collegial\/wp-json\/wp\/v2\/pages\/357"}],"wp:featuredmedia":[{"embeddable":true,"href":"https:\/\/www.brebeuf.qc.ca\/collegial\/wp-json\/wp\/v2\/media\/5961"}],"wp:attachment":[{"href":"https:\/\/www.brebeuf.qc.ca\/collegial\/wp-json\/wp\/v2\/media?parent=5959"}],"curies":[{"name":"wp","href":"https:\/\/api.w.org\/{rel}","templated":true}]}}