{"id":5950,"date":"2021-10-13T15:13:22","date_gmt":"2021-10-13T15:13:22","guid":{"rendered":"https:\/\/www.brebeuf.qc.ca\/collegial\/?page_id=5950"},"modified":"2026-01-12T19:16:59","modified_gmt":"2026-01-12T19:16:59","slug":"aide-pedagogique-individuelle","status":"publish","type":"page","link":"https:\/\/www.brebeuf.qc.ca\/collegial\/aide-la-reussite\/aide-pedagogique-individuelle\/","title":{"rendered":"Aide p\u00e9dagogique individuelle"},"content":{"rendered":"\n<p>Les aides p\u00e9dagogiques individuelles supervisent le choix de cours des \u00e9tudiants, r\u00e9pondent aux questions concernant leur cheminement scolaire, accompagnent ceux et celles qui, pour une raison ou une autre, \u00e9prouvent des difficult\u00e9s pendant leur s\u00e9jour au coll\u00e9gial.<\/p>\n\n\n\n<h2><span id=\"Pourquoi_les_consulter\">Pourquoi les consulter?<\/span><\/h2>\n\n\n\n<ul><li>Vous avez des questions concernant votre choix de cours, votre programme.<\/li><li>Vous voulez discuter de la possibilit\u00e9 d\u2019annuler un cours.<\/li><li>Vous songez \u00e0 changer de programme.<\/li><li>Vous devez vous inscrire \u00e0 un cours d\u2019\u00e9t\u00e9.<\/li><li>Vous devez all\u00e9ger votre session.<\/li><li>Vous voulez faire reconna\u00eetre une formation ou un cours suivis ailleurs.<\/li><li>Vous \u00e9prouvez des difficult\u00e9s dans vos cours.<\/li><li>Vous aimeriez mieux g\u00e9rer votre temps.<\/li><li>Vous voulez \u00e9tudier plus efficacement, am\u00e9liorer votre prise de notes.<\/li><li>Vous avez de la difficult\u00e9 \u00e0 vous concentrer, \u00e0 rester calme lors des examens.<\/li><li>Vous vivez des moments difficiles qui ont un impact sur vos \u00e9tudes.<\/li><li>Vous \u00eates malade et vous devez abandonner certains cours.<\/li><li>Vous \u00eates malade et vous devez vous absenter quelques temps.<\/li><li>Vous vous sentez d\u00e9prim\u00e9 et vous avez besoin d\u2019en parler.<\/li><li>Vous stress est \u00e9lev\u00e9.<\/li><li>Vous \u00eates fatigu\u00e9 et cela affecte vos \u00e9tudes.<\/li><li>Vous \u00eates moins motiv\u00e9.<\/li><li>Vous \u00eates d\u00e9courag\u00e9.<\/li><li>Vous avez des inqui\u00e9tudes concernant vos cours ou votre avenir.<\/li><li>Vous avez des questions.<\/li><\/ul>\n\n\n\n<h2><span id=\"Comment_prendre_un_rendez-vous\">Comment prendre un rendez-vous?<\/span><\/h2>\n\n\n\n<p><strong>Pour prendre un rendez-vous avec votre aide p\u00e9dagogique individuelle (API), vous devez cliquer sur l\u2019hyperlien <em>Prise de rendez-vous<\/em> en ligne sur Omnivox sous l\u2019onglet <em>Mes services Br\u00e9beuf<\/em>.<\/strong><\/p>\n\n\n\n<p><strong>Les aides p\u00e9dagogiques individuelles supervisent les programmes.<\/strong><\/p>\n\n\n\n<figure class=\"wp-block-table is-style-stripes\"><table><tbody><tr><td><strong><span style=\"color:#79242e\" class=\"has-inline-color\">ROGRAMME<\/span><\/strong><\/td><td> <\/td><td><strong><span style=\"color:#79242e\" class=\"has-inline-color\">AIDE P\u00c9DAGOGIQUE INDIVIDUELLE<\/span><\/strong> <\/td><td><\/td><td><\/td><td class=\"has-text-align-left\" data-align=\"left\"><\/td><td><\/td><\/tr><tr><td><span style=\"color:#79242e\" class=\"has-inline-color\">BI Sc humaines (B3)<br>BI Sc de la nature<\/span> <span style=\"color:#79242e\" class=\"has-inline-color\">(B2)<\/span><\/td><td> <\/td><td><strong>Sadja Selmane<br>Claudia Trudel<\/strong><\/td><td><\/td><td><\/td><td class=\"has-text-align-left\" data-align=\"left\"><\/td><td><\/td><\/tr><tr><td><span style=\"color:#79242e\" class=\"has-inline-color\">DEC sciences de la nature<\/span> <span style=\"color:#79242e\" class=\"has-inline-color\">(D2)<\/span><\/td><td> <\/td><td>Nom de famille <br><strong><span style=\"color:#79242e\" class=\"has-inline-color\">A \u00e0 C<\/span> <\/strong>: <strong>Claudia Trudel<\/strong><br><span style=\"color:#79242e\" class=\"has-inline-color\"><strong>D \u00e0 N :<\/strong><\/span><strong> Dave V\u00e9zina<\/strong><br><strong><span style=\"color:#79242e\" class=\"has-inline-color\">O \u00e0 Z :<\/span> Sadja Selmane<\/strong>          <\/td><td><\/td><td><\/td><td class=\"has-text-align-left\" data-align=\"left\"><\/td><td><\/td><\/tr><tr><td><span style=\"color:#79242e\" class=\"has-inline-color\">DEC sciences humaines (D3)<\/span><\/td><td> <\/td><td><span style=\"color:#79242e\" class=\"has-inline-color\"><strong>A \u00e0 E :<\/strong><\/span> <strong>Sadja Selmane<\/strong><br><strong><span style=\"color:#79242e\" class=\"has-inline-color\">F \u00e0 L :<\/span> Claudia Trudel<\/strong><br><span style=\"color:#79242e\" class=\"has-inline-color\"><strong>M \u00e0 Z :<\/strong><\/span> <strong>Dominique Rochefort<\/strong><\/td><td><\/td><td><br><\/td><td class=\"has-text-align-left\" data-align=\"left\"><\/td><td><\/td><\/tr><tr><td><span style=\"color:#79242e\" class=\"has-inline-color\">DEC arts, lettres et communication (D5)<br>\u00c9tudiants athl\u00e8tes<\/span><\/td><td> <\/td><td><strong>Dave V\u00e9zina<\/strong><\/td><td><\/td><td><\/td><td class=\"has-text-align-left\" data-align=\"left\"><\/td><td><\/td><\/tr><tr><td><span style=\"color:#79242e\" class=\"has-inline-color\">DEC sciences, lettres et arts (D7)<br>Double DEC<\/span> <span style=\"color:#79242e\" class=\"has-inline-color\">(M)<\/span><\/td><td> <\/td><td><strong>Dominique Rochefort<\/strong><\/td><td><\/td><td><\/td><td class=\"has-text-align-left\" data-align=\"left\"><\/td><td><\/td><\/tr><\/tbody><\/table><\/figure>\n\n\n\n<hr class=\"wp-block-separator\"\/>\n\n\n\n<h3>\u00c9tudiants et \u00e9tudiantes des services adapt\u00e9s<\/h3>\n\n\n\n<ul><li>Si votre conseill\u00e8re en services adapt\u00e9s est Karine Aubut, elle est votre API pour tous les programmes, sauf pour le BI ou si vous \u00eates \u00e9tudiant athl\u00e8te. Pour prendre rendez-vous, vous devez cliquer sur l\u2019hyperlien <em>Prise de rendez-vous<\/em> en ligne sur Omnivox sous l\u2019onglet <em>Mes services Br\u00e9beuf<\/em>.<\/li><\/ul>\n\n\n\n<ul><li>Si votre conseiller en services adapt\u00e9s est Hugo Lavall\u00e9e, il est votre API pour le programme de Sciences de la nature. Autrement, votre API est la personne indiqu\u00e9e dans le tableau ci-dessus selon votre programme, votre nom de famille et votre statut d\u2019\u00e9tudiant athl\u00e8te.<\/li><\/ul>\n\n\n\n<hr class=\"wp-block-separator\"\/>\n\n\n\n<p><strong>Conseill\u00e8res en services adapt\u00e9s<\/strong> <strong>et aide p\u00e9dagogique individuel<\/strong><\/p>\n\n\n\n<ul><li><strong>Karine Aubut<\/strong><\/li><li><strong>Hugo Lavall\u00e9e<\/strong><\/li><\/ul>\n\n\n\n<p><strong>Intervenante psychosociale<\/strong><\/p>\n\n\n\n<p>Pour tous les \u00e9tudiants<\/p>\n\n\n\n<ul><li><strong>Alexandra Denomm\u00e9e<\/strong><\/li><li><strong>M\u00e9lanie Mercier-Duquette<\/strong><\/li><\/ul>\n\n\n\n<h2><span id=\"Documents_a_consulter_sur_place\">Documents \u00e0 consulter sur place<\/span><\/h2>\n\n\n\n<ul id=\"block-bd003350-7fe8-47f0-b17b-7ea5b04d732e\"><li>Les notes de cours : un jeu d\u2019enfant? ;<\/li><li>Voir plus loin que le bout de son nez ou l\u2019art de ma\u00eetriser son temps ;<\/li><li>Pour sauver du temps : une once de concentration ;<\/li><li>100 % m\u00e9moire! ;<\/li><li>Mes examens, je les pr\u00e9pare d\u2019avance ;<\/li><li>Se lib\u00e9rer du stress, de l\u2019anxi\u00e9t\u00e9 ou de toute \u00e9motion envahissante ;<\/li><li>Avant, pendant et apr\u00e8s l&rsquo;\u00e9valuation, je g\u00e8re mon stress.<\/li><\/ul>\n\n\n\n<h2><span id=\"Les_aides_pedagogiques_individuelles_vous_conseillent\">Les aides p\u00e9dagogiques individuelles vous conseillent<\/span><\/h2>\n\n\n\n<ul><li>R\u00e9server chaque semaine, en plus des cours, entre 20 et 25 heures pour r\u00e9aliser l\u2019ensemble des travaux scolaires ;<\/li><li>Commencer \u00e0 travailler d\u00e8s le d\u00e9but de la session ;<\/li><li>Faire les travaux au fur et \u00e0 mesure ;<\/li><li>Tous les jours, de r\u00e9viser vos notes de cours et de compl\u00e9ter les exercices sugg\u00e9r\u00e9s par les professeurs ;<\/li><li>Pr\u00e9parer vos cours en r\u00e9visant vos notes de cours ;<\/li><li>Arriver en classe en ayant lu d\u2019avance le chapitre que le professeur expliquera, surtout si vous avez de la difficult\u00e9 \u00e0 prendre des notes de cours ;<\/li><li>Faire des r\u00e9sum\u00e9s et des tableaux synth\u00e8se \u00e0 partir de vos notes de cours et de vos notes de lecture ;<\/li><li>Consulter vos professeurs rapidement si vous avez de la difficult\u00e9 \u00e0 comprendre ;<\/li><li>Faire chaque semaine une r\u00e9vision compl\u00e8te de tous vos cours ;<\/li><li>Ne pas pr\u00e9parer vos examens \u00e0 la derni\u00e8re minute ;<\/li><li>Consulter rapidement l\u2019API ou le service de sant\u00e9 quand \u00e7a va mal.<\/li><\/ul>\n<div id=\"toc_container\" class=\"no_bullets\"><p class=\"toc_title\">Sommaire<\/p><ul class=\"toc_list\"><li><a href=\"#Pourquoi_les_consulter\">Pourquoi les consulter?<\/a><\/li><li><a href=\"#Comment_prendre_un_rendez-vous\">Comment prendre un rendez-vous?<\/a><\/li><li><a href=\"#Documents_a_consulter_sur_place\">Documents \u00e0 consulter sur place<\/a><\/li><li><a href=\"#Les_aides_pedagogiques_individuelles_vous_conseillent\">Les aides p\u00e9dagogiques individuelles vous conseillent<\/a><\/li><\/ul><\/div>\n","protected":false},"excerpt":{"rendered":"<p>Les aides p\u00e9dagogiques individuelles supervisent le choix de cours des \u00e9tudiants, r\u00e9pondent aux questions concernant leur cheminement scolaire, accompagnent ceux et celles qui, pour une raison ou une autre, \u00e9prouvent des difficult\u00e9s pendant leur s\u00e9jour au coll\u00e9gial. Pourquoi les consulter?&#8230;<\/p>\n","protected":false},"author":45,"featured_media":5954,"parent":357,"menu_order":0,"comment_status":"closed","ping_status":"closed","template":"templates\/template-personnalisable.php","meta":{"_editorskit_title_hidden":false,"_editorskit_reading_time":2,"_editorskit_typography_data":[],"_editorskit_blocks_typography":""},"yoast_head":"<!-- This site is optimized with the Yoast SEO plugin v16.3 - https:\/\/yoast.com\/wordpress\/plugins\/seo\/ -->\n<title>Aide p\u00e9dagogique individuelle - Coll\u00e9gial<\/title>\n<meta name=\"robots\" content=\"index, follow, max-snippet:-1, max-image-preview:large, max-video-preview:-1\" \/>\n<link rel=\"canonical\" href=\"https:\/\/www.brebeuf.qc.ca\/collegial\/aide-la-reussite\/aide-pedagogique-individuelle\/\" \/>\n<meta property=\"og:locale\" content=\"fr_FR\" \/>\n<meta property=\"og:type\" content=\"article\" \/>\n<meta property=\"og:title\" content=\"Aide p\u00e9dagogique individuelle - Coll\u00e9gial\" \/>\n<meta property=\"og:description\" content=\"Les aides p\u00e9dagogiques individuelles supervisent le choix de cours des \u00e9tudiants, r\u00e9pondent aux questions concernant leur cheminement scolaire, accompagnent ceux et celles qui, pour une raison ou une autre, \u00e9prouvent des difficult\u00e9s pendant leur s\u00e9jour au coll\u00e9gial. Pourquoi les consulter?...\" \/>\n<meta property=\"og:url\" content=\"https:\/\/www.brebeuf.qc.ca\/collegial\/aide-la-reussite\/aide-pedagogique-individuelle\/\" \/>\n<meta property=\"og:site_name\" content=\"Coll\u00e9gial\" \/>\n<meta property=\"article:modified_time\" content=\"2026-01-12T19:16:59+00:00\" \/>\n<meta property=\"og:image\" content=\"https:\/\/www.brebeuf.qc.ca\/collegial\/wp-content\/uploads\/sites\/2\/2021\/10\/aide_pedagogique_individuelle.jpeg\" \/>\n\t<meta property=\"og:image:width\" content=\"1400\" \/>\n\t<meta property=\"og:image:height\" content=\"240\" \/>\n<meta name=\"twitter:label1\" content=\"Dur\u00e9e de lecture est.\">\n\t<meta name=\"twitter:data1\" content=\"3 minutes\">\n<script type=\"application\/ld+json\" class=\"yoast-schema-graph\">{\"@context\":\"https:\/\/schema.org\",\"@graph\":[{\"@type\":\"WebSite\",\"@id\":\"https:\/\/www.brebeuf.qc.ca\/collegial\/#website\",\"url\":\"https:\/\/www.brebeuf.qc.ca\/collegial\/\",\"name\":\"Coll\\u00e9gial\",\"description\":\"Coll\\u00e8ge priv\\u00e9 | Secondaire | Coll\\u00e9gial\",\"potentialAction\":[{\"@type\":\"SearchAction\",\"target\":\"https:\/\/www.brebeuf.qc.ca\/collegial\/?s={search_term_string}\",\"query-input\":\"required name=search_term_string\"}],\"inLanguage\":\"fr-FR\"},{\"@type\":\"ImageObject\",\"@id\":\"https:\/\/www.brebeuf.qc.ca\/collegial\/aide-la-reussite\/aide-pedagogique-individuelle\/#primaryimage\",\"inLanguage\":\"fr-FR\",\"url\":\"https:\/\/www.brebeuf.qc.ca\/collegial\/wp-content\/uploads\/sites\/2\/2021\/10\/aide_pedagogique_individuelle.jpeg\",\"contentUrl\":\"https:\/\/www.brebeuf.qc.ca\/collegial\/wp-content\/uploads\/sites\/2\/2021\/10\/aide_pedagogique_individuelle.jpeg\",\"width\":1400,\"height\":240},{\"@type\":\"WebPage\",\"@id\":\"https:\/\/www.brebeuf.qc.ca\/collegial\/aide-la-reussite\/aide-pedagogique-individuelle\/#webpage\",\"url\":\"https:\/\/www.brebeuf.qc.ca\/collegial\/aide-la-reussite\/aide-pedagogique-individuelle\/\",\"name\":\"Aide p\\u00e9dagogique individuelle - Coll\\u00e9gial\",\"isPartOf\":{\"@id\":\"https:\/\/www.brebeuf.qc.ca\/collegial\/#website\"},\"primaryImageOfPage\":{\"@id\":\"https:\/\/www.brebeuf.qc.ca\/collegial\/aide-la-reussite\/aide-pedagogique-individuelle\/#primaryimage\"},\"datePublished\":\"2021-10-13T15:13:22+00:00\",\"dateModified\":\"2026-01-12T19:16:59+00:00\",\"breadcrumb\":{\"@id\":\"https:\/\/www.brebeuf.qc.ca\/collegial\/aide-la-reussite\/aide-pedagogique-individuelle\/#breadcrumb\"},\"inLanguage\":\"fr-FR\",\"potentialAction\":[{\"@type\":\"ReadAction\",\"target\":[\"https:\/\/www.brebeuf.qc.ca\/collegial\/aide-la-reussite\/aide-pedagogique-individuelle\/\"]}]},{\"@type\":\"BreadcrumbList\",\"@id\":\"https:\/\/www.brebeuf.qc.ca\/collegial\/aide-la-reussite\/aide-pedagogique-individuelle\/#breadcrumb\",\"itemListElement\":[{\"@type\":\"ListItem\",\"position\":1,\"item\":{\"@type\":\"WebPage\",\"@id\":\"https:\/\/www.brebeuf.qc.ca\/collegial\/\",\"url\":\"https:\/\/www.brebeuf.qc.ca\/collegial\/\",\"name\":\"Home\"}},{\"@type\":\"ListItem\",\"position\":2,\"item\":{\"@type\":\"WebPage\",\"@id\":\"https:\/\/www.brebeuf.qc.ca\/collegial\/aide-la-reussite\/\",\"url\":\"https:\/\/www.brebeuf.qc.ca\/collegial\/aide-la-reussite\/\",\"name\":\"Aides \\u00e0 la r\\u00e9ussite et information scolaire\"}},{\"@type\":\"ListItem\",\"position\":3,\"item\":{\"@id\":\"https:\/\/www.brebeuf.qc.ca\/collegial\/aide-la-reussite\/aide-pedagogique-individuelle\/#webpage\"}}]}]}<\/script>\n<!-- \/ Yoast SEO plugin. -->","_links":{"self":[{"href":"https:\/\/www.brebeuf.qc.ca\/collegial\/wp-json\/wp\/v2\/pages\/5950"}],"collection":[{"href":"https:\/\/www.brebeuf.qc.ca\/collegial\/wp-json\/wp\/v2\/pages"}],"about":[{"href":"https:\/\/www.brebeuf.qc.ca\/collegial\/wp-json\/wp\/v2\/types\/page"}],"author":[{"embeddable":true,"href":"https:\/\/www.brebeuf.qc.ca\/collegial\/wp-json\/wp\/v2\/users\/45"}],"replies":[{"embeddable":true,"href":"https:\/\/www.brebeuf.qc.ca\/collegial\/wp-json\/wp\/v2\/comments?post=5950"}],"version-history":[{"count":33,"href":"https:\/\/www.brebeuf.qc.ca\/collegial\/wp-json\/wp\/v2\/pages\/5950\/revisions"}],"predecessor-version":[{"id":9482,"href":"https:\/\/www.brebeuf.qc.ca\/collegial\/wp-json\/wp\/v2\/pages\/5950\/revisions\/9482"}],"up":[{"embeddable":true,"href":"https:\/\/www.brebeuf.qc.ca\/collegial\/wp-json\/wp\/v2\/pages\/357"}],"wp:featuredmedia":[{"embeddable":true,"href":"https:\/\/www.brebeuf.qc.ca\/collegial\/wp-json\/wp\/v2\/media\/5954"}],"wp:attachment":[{"href":"https:\/\/www.brebeuf.qc.ca\/collegial\/wp-json\/wp\/v2\/media?parent=5950"}],"curies":[{"name":"wp","href":"https:\/\/api.w.org\/{rel}","templated":true}]}}