{"id":577,"date":"2014-10-08T21:23:46","date_gmt":"2014-10-08T21:23:46","guid":{"rendered":"http:\/\/www.brebeuf.qc.ca\/collegial\/?page_id=577"},"modified":"2019-09-16T17:05:40","modified_gmt":"2019-09-16T17:05:40","slug":"mathematiques","status":"publish","type":"page","link":"https:\/\/www.brebeuf.qc.ca\/collegial\/vie-academique\/mathematiques\/","title":{"rendered":"MATH\u00c9MATIQUES"},"content":{"rendered":"<h2 style=\"text-align: left\"><span id=\"Mathematiques_en_Sciences_de_la_nature\">Math\u00e9matiques en Sciences de la nature<\/span><\/h2>\n<p style=\"text-align: left\">\u00c0 travers trois cours, en Sciences de la Sant\u00e9, ou quatre, en Sciences Pures et Appliqu\u00e9es, les cours de math\u00e9matiques visent l\u2019acquisition et la ma\u00eetrise des notions fondamentales des math\u00e9matiques : calcul infinit\u00e9simal, g\u00e9om\u00e9trie vectorielle, alg\u00e8bre lin\u00e9aire.<\/p>\n<p style=\"text-align: left\">Celles-ci sont vues \u00e0 la fois comme constituant l\u2019une des grandes r\u00e9alisations de l\u2019esprit humain et, \u00e0 ce titre, int\u00e9ressantes en elles-m\u00eames, mais aussi comme l\u2019outil indispensable dans ses applications aux autres sciences.<\/p>\n<h2 style=\"text-align: left\"><span id=\"Mathematiques_en_Sciences_humaines\">Math\u00e9matiques en Sciences humaines<\/span><\/h2>\n<p style=\"text-align: left\">En sciences humaines, les cours de math\u00e9matiques permettent aux \u00e9tudiants de d\u00e9velopper l\u2019esprit d\u2019analyse et de synth\u00e8se n\u00e9cessaire \u00e0 une d\u00e9marche de r\u00e9solution de probl\u00e8mes.<\/p>\n<p style=\"text-align: left\">Sans laisser tomber la rigueur, l\u2019approche graphique qui y est privil\u00e9gi\u00e9e favorise une plus grande intuition math\u00e9matique et une meilleure compr\u00e9hension des concepts.<\/p>\n<p style=\"text-align: left\">De plus, on y acquiert les connaissances essentielles \u00e0 la r\u00e9alisation du volet quantitatif d\u2019une recherche en sciences humaines.<\/p>\n<div id=\"toc_container\" class=\"no_bullets\"><p class=\"toc_title\">Sommaire<\/p><ul class=\"toc_list\"><li><a href=\"#Mathematiques_en_Sciences_de_la_nature\">Math\u00e9matiques en Sciences de la nature<\/a><\/li><li><a href=\"#Mathematiques_en_Sciences_humaines\">Math\u00e9matiques en Sciences humaines<\/a><\/li><\/ul><\/div>\n","protected":false},"excerpt":{"rendered":"<p>Math\u00e9matiques en Sciences de la nature \u00c0 travers trois cours, en Sciences de la Sant\u00e9, ou quatre, en Sciences Pures et Appliqu\u00e9es, les cours de math\u00e9matiques visent l\u2019acquisition et la ma\u00eetrise des notions fondamentales des math\u00e9matiques : calcul infinit\u00e9simal, g\u00e9om\u00e9trie&#8230;<\/p>\n","protected":false},"author":3,"featured_media":680,"parent":74,"menu_order":0,"comment_status":"open","ping_status":"closed","template":"templates\/template-personnalisable.php","meta":{"_editorskit_title_hidden":false,"_editorskit_reading_time":0,"_editorskit_typography_data":[],"_editorskit_blocks_typography":""},"yoast_head":"<!-- This site is optimized with the Yoast SEO plugin v16.3 - https:\/\/yoast.com\/wordpress\/plugins\/seo\/ -->\n<title>MATH\u00c9MATIQUES - Coll\u00e9gial<\/title>\n<meta name=\"robots\" content=\"index, follow, max-snippet:-1, max-image-preview:large, max-video-preview:-1\" \/>\n<link rel=\"canonical\" href=\"https:\/\/www.brebeuf.qc.ca\/collegial\/vie-academique\/mathematiques\/\" \/>\n<meta property=\"og:locale\" content=\"fr_FR\" \/>\n<meta property=\"og:type\" content=\"article\" \/>\n<meta property=\"og:title\" content=\"MATH\u00c9MATIQUES - Coll\u00e9gial\" \/>\n<meta property=\"og:description\" content=\"Math\u00e9matiques en Sciences de la nature \u00c0 travers trois cours, en Sciences de la Sant\u00e9, ou quatre, en Sciences Pures et Appliqu\u00e9es, les cours de math\u00e9matiques visent l\u2019acquisition et la ma\u00eetrise des notions fondamentales des math\u00e9matiques : calcul infinit\u00e9simal, g\u00e9om\u00e9trie...\" \/>\n<meta property=\"og:url\" content=\"https:\/\/www.brebeuf.qc.ca\/collegial\/vie-academique\/mathematiques\/\" \/>\n<meta property=\"og:site_name\" content=\"Coll\u00e9gial\" \/>\n<meta property=\"article:modified_time\" content=\"2019-09-16T17:05:40+00:00\" \/>\n<meta property=\"og:image\" content=\"https:\/\/www.brebeuf.qc.ca\/collegial\/wp-content\/uploads\/sites\/2\/2014\/10\/maths_brebeuf.jpg\" \/>\n\t<meta property=\"og:image:width\" content=\"1400\" \/>\n\t<meta property=\"og:image:height\" content=\"240\" \/>\n<meta name=\"twitter:label1\" content=\"Dur\u00e9e de lecture est.\">\n\t<meta name=\"twitter:data1\" content=\"1 minute\">\n<script type=\"application\/ld+json\" class=\"yoast-schema-graph\">{\"@context\":\"https:\/\/schema.org\",\"@graph\":[{\"@type\":\"WebSite\",\"@id\":\"https:\/\/www.brebeuf.qc.ca\/collegial\/#website\",\"url\":\"https:\/\/www.brebeuf.qc.ca\/collegial\/\",\"name\":\"Coll\\u00e9gial\",\"description\":\"Coll\\u00e8ge priv\\u00e9 | Secondaire | Coll\\u00e9gial\",\"potentialAction\":[{\"@type\":\"SearchAction\",\"target\":\"https:\/\/www.brebeuf.qc.ca\/collegial\/?s={search_term_string}\",\"query-input\":\"required name=search_term_string\"}],\"inLanguage\":\"fr-FR\"},{\"@type\":\"ImageObject\",\"@id\":\"https:\/\/www.brebeuf.qc.ca\/collegial\/vie-academique\/mathematiques\/#primaryimage\",\"inLanguage\":\"fr-FR\",\"url\":\"https:\/\/www.brebeuf.qc.ca\/collegial\/wp-content\/uploads\/sites\/2\/2014\/10\/maths_brebeuf.jpg\",\"contentUrl\":\"https:\/\/www.brebeuf.qc.ca\/collegial\/wp-content\/uploads\/sites\/2\/2014\/10\/maths_brebeuf.jpg\",\"width\":1400,\"height\":240},{\"@type\":\"WebPage\",\"@id\":\"https:\/\/www.brebeuf.qc.ca\/collegial\/vie-academique\/mathematiques\/#webpage\",\"url\":\"https:\/\/www.brebeuf.qc.ca\/collegial\/vie-academique\/mathematiques\/\",\"name\":\"MATH\\u00c9MATIQUES - Coll\\u00e9gial\",\"isPartOf\":{\"@id\":\"https:\/\/www.brebeuf.qc.ca\/collegial\/#website\"},\"primaryImageOfPage\":{\"@id\":\"https:\/\/www.brebeuf.qc.ca\/collegial\/vie-academique\/mathematiques\/#primaryimage\"},\"datePublished\":\"2014-10-08T21:23:46+00:00\",\"dateModified\":\"2019-09-16T17:05:40+00:00\",\"breadcrumb\":{\"@id\":\"https:\/\/www.brebeuf.qc.ca\/collegial\/vie-academique\/mathematiques\/#breadcrumb\"},\"inLanguage\":\"fr-FR\",\"potentialAction\":[{\"@type\":\"ReadAction\",\"target\":[\"https:\/\/www.brebeuf.qc.ca\/collegial\/vie-academique\/mathematiques\/\"]}]},{\"@type\":\"BreadcrumbList\",\"@id\":\"https:\/\/www.brebeuf.qc.ca\/collegial\/vie-academique\/mathematiques\/#breadcrumb\",\"itemListElement\":[{\"@type\":\"ListItem\",\"position\":1,\"item\":{\"@type\":\"WebPage\",\"@id\":\"https:\/\/www.brebeuf.qc.ca\/collegial\/\",\"url\":\"https:\/\/www.brebeuf.qc.ca\/collegial\/\",\"name\":\"Home\"}},{\"@type\":\"ListItem\",\"position\":2,\"item\":{\"@type\":\"WebPage\",\"@id\":\"https:\/\/www.brebeuf.qc.ca\/collegial\/vie-academique\/\",\"url\":\"https:\/\/www.brebeuf.qc.ca\/collegial\/vie-academique\/\",\"name\":\"Vie acad\\u00e9mique\"}},{\"@type\":\"ListItem\",\"position\":3,\"item\":{\"@id\":\"https:\/\/www.brebeuf.qc.ca\/collegial\/vie-academique\/mathematiques\/#webpage\"}}]}]}<\/script>\n<!-- \/ Yoast SEO plugin. -->","_links":{"self":[{"href":"https:\/\/www.brebeuf.qc.ca\/collegial\/wp-json\/wp\/v2\/pages\/577"}],"collection":[{"href":"https:\/\/www.brebeuf.qc.ca\/collegial\/wp-json\/wp\/v2\/pages"}],"about":[{"href":"https:\/\/www.brebeuf.qc.ca\/collegial\/wp-json\/wp\/v2\/types\/page"}],"author":[{"embeddable":true,"href":"https:\/\/www.brebeuf.qc.ca\/collegial\/wp-json\/wp\/v2\/users\/3"}],"replies":[{"embeddable":true,"href":"https:\/\/www.brebeuf.qc.ca\/collegial\/wp-json\/wp\/v2\/comments?post=577"}],"version-history":[{"count":8,"href":"https:\/\/www.brebeuf.qc.ca\/collegial\/wp-json\/wp\/v2\/pages\/577\/revisions"}],"predecessor-version":[{"id":4583,"href":"https:\/\/www.brebeuf.qc.ca\/collegial\/wp-json\/wp\/v2\/pages\/577\/revisions\/4583"}],"up":[{"embeddable":true,"href":"https:\/\/www.brebeuf.qc.ca\/collegial\/wp-json\/wp\/v2\/pages\/74"}],"wp:featuredmedia":[{"embeddable":true,"href":"https:\/\/www.brebeuf.qc.ca\/collegial\/wp-json\/wp\/v2\/media\/680"}],"wp:attachment":[{"href":"https:\/\/www.brebeuf.qc.ca\/collegial\/wp-json\/wp\/v2\/media?parent=577"}],"curies":[{"name":"wp","href":"https:\/\/api.w.org\/{rel}","templated":true}]}}