{"id":568,"date":"2014-10-08T21:16:23","date_gmt":"2014-10-08T21:16:23","guid":{"rendered":"http:\/\/www.brebeuf.qc.ca\/collegial\/?page_id=568"},"modified":"2019-09-02T17:37:29","modified_gmt":"2019-09-02T17:37:29","slug":"espagnol","status":"publish","type":"page","link":"https:\/\/www.brebeuf.qc.ca\/collegial\/vie-academique\/espagnol\/","title":{"rendered":"Espagnol"},"content":{"rendered":"<p style=\"text-align: left\">Quatre niveaux de cours de langue espagnole sont dispens\u00e9s au Coll\u00e8ge Jean-de-Br\u00e9beuf.<br \/>\nL\u2019\u00e9tudiant inscrit \u00e0 l\u2019un ou l\u2019autre de ces cours acquiert des connaissances, parfait ses habilet\u00e9s langagi\u00e8res ou approfondit ce qu\u2019il sait des cultures des pays de langue espagnole.<\/p>\n<p style=\"text-align: left\">Tout en respectant les exigences des programmes du Minist\u00e8re de l\u2019\u00c9ducation du Qu\u00e9bec, les cours de langue dispens\u00e9s au Coll\u00e8ge sont orient\u00e9s vers la culture, la musique, le cin\u00e9ma et la litt\u00e9rature des auteurs et des pays de langue espagnole.<\/p>\n","protected":false},"excerpt":{"rendered":"<p>Quatre niveaux de cours de langue espagnole sont dispens\u00e9s au Coll\u00e8ge Jean-de-Br\u00e9beuf. L\u2019\u00e9tudiant inscrit \u00e0 l\u2019un ou l\u2019autre de ces cours acquiert des connaissances, parfait ses habilet\u00e9s langagi\u00e8res ou approfondit ce qu\u2019il sait des cultures des pays de langue espagnole&#8230;.<\/p>\n","protected":false},"author":3,"featured_media":656,"parent":74,"menu_order":0,"comment_status":"open","ping_status":"closed","template":"templates\/template-personnalisable.php","meta":{"_editorskit_title_hidden":false,"_editorskit_reading_time":0,"_editorskit_typography_data":[],"_editorskit_blocks_typography":""},"yoast_head":"<!-- This site is optimized with the Yoast SEO plugin v16.3 - https:\/\/yoast.com\/wordpress\/plugins\/seo\/ -->\n<title>Espagnol - Coll\u00e9gial<\/title>\n<meta name=\"robots\" content=\"index, follow, max-snippet:-1, max-image-preview:large, max-video-preview:-1\" \/>\n<link rel=\"canonical\" href=\"https:\/\/www.brebeuf.qc.ca\/collegial\/vie-academique\/espagnol\/\" \/>\n<meta property=\"og:locale\" content=\"fr_FR\" \/>\n<meta property=\"og:type\" content=\"article\" \/>\n<meta property=\"og:title\" content=\"Espagnol - Coll\u00e9gial\" \/>\n<meta property=\"og:description\" content=\"Quatre niveaux de cours de langue espagnole sont dispens\u00e9s au Coll\u00e8ge Jean-de-Br\u00e9beuf. L\u2019\u00e9tudiant inscrit \u00e0 l\u2019un ou l\u2019autre de ces cours acquiert des connaissances, parfait ses habilet\u00e9s langagi\u00e8res ou approfondit ce qu\u2019il sait des cultures des pays de langue espagnole....\" \/>\n<meta property=\"og:url\" content=\"https:\/\/www.brebeuf.qc.ca\/collegial\/vie-academique\/espagnol\/\" \/>\n<meta property=\"og:site_name\" content=\"Coll\u00e9gial\" \/>\n<meta property=\"article:modified_time\" content=\"2019-09-02T17:37:29+00:00\" \/>\n<meta property=\"og:image\" content=\"https:\/\/www.brebeuf.qc.ca\/collegial\/wp-content\/uploads\/sites\/2\/2014\/10\/spanish_flag.jpg\" \/>\n\t<meta property=\"og:image:width\" content=\"1400\" \/>\n\t<meta property=\"og:image:height\" content=\"240\" \/>\n<script type=\"application\/ld+json\" class=\"yoast-schema-graph\">{\"@context\":\"https:\/\/schema.org\",\"@graph\":[{\"@type\":\"WebSite\",\"@id\":\"https:\/\/www.brebeuf.qc.ca\/collegial\/#website\",\"url\":\"https:\/\/www.brebeuf.qc.ca\/collegial\/\",\"name\":\"Coll\\u00e9gial\",\"description\":\"Coll\\u00e8ge priv\\u00e9 | Secondaire | Coll\\u00e9gial\",\"potentialAction\":[{\"@type\":\"SearchAction\",\"target\":\"https:\/\/www.brebeuf.qc.ca\/collegial\/?s={search_term_string}\",\"query-input\":\"required name=search_term_string\"}],\"inLanguage\":\"fr-FR\"},{\"@type\":\"ImageObject\",\"@id\":\"https:\/\/www.brebeuf.qc.ca\/collegial\/vie-academique\/espagnol\/#primaryimage\",\"inLanguage\":\"fr-FR\",\"url\":\"https:\/\/www.brebeuf.qc.ca\/collegial\/wp-content\/uploads\/sites\/2\/2014\/10\/spanish_flag.jpg\",\"contentUrl\":\"https:\/\/www.brebeuf.qc.ca\/collegial\/wp-content\/uploads\/sites\/2\/2014\/10\/spanish_flag.jpg\",\"width\":1400,\"height\":240},{\"@type\":\"WebPage\",\"@id\":\"https:\/\/www.brebeuf.qc.ca\/collegial\/vie-academique\/espagnol\/#webpage\",\"url\":\"https:\/\/www.brebeuf.qc.ca\/collegial\/vie-academique\/espagnol\/\",\"name\":\"Espagnol - Coll\\u00e9gial\",\"isPartOf\":{\"@id\":\"https:\/\/www.brebeuf.qc.ca\/collegial\/#website\"},\"primaryImageOfPage\":{\"@id\":\"https:\/\/www.brebeuf.qc.ca\/collegial\/vie-academique\/espagnol\/#primaryimage\"},\"datePublished\":\"2014-10-08T21:16:23+00:00\",\"dateModified\":\"2019-09-02T17:37:29+00:00\",\"breadcrumb\":{\"@id\":\"https:\/\/www.brebeuf.qc.ca\/collegial\/vie-academique\/espagnol\/#breadcrumb\"},\"inLanguage\":\"fr-FR\",\"potentialAction\":[{\"@type\":\"ReadAction\",\"target\":[\"https:\/\/www.brebeuf.qc.ca\/collegial\/vie-academique\/espagnol\/\"]}]},{\"@type\":\"BreadcrumbList\",\"@id\":\"https:\/\/www.brebeuf.qc.ca\/collegial\/vie-academique\/espagnol\/#breadcrumb\",\"itemListElement\":[{\"@type\":\"ListItem\",\"position\":1,\"item\":{\"@type\":\"WebPage\",\"@id\":\"https:\/\/www.brebeuf.qc.ca\/collegial\/\",\"url\":\"https:\/\/www.brebeuf.qc.ca\/collegial\/\",\"name\":\"Home\"}},{\"@type\":\"ListItem\",\"position\":2,\"item\":{\"@type\":\"WebPage\",\"@id\":\"https:\/\/www.brebeuf.qc.ca\/collegial\/vie-academique\/\",\"url\":\"https:\/\/www.brebeuf.qc.ca\/collegial\/vie-academique\/\",\"name\":\"Vie acad\\u00e9mique\"}},{\"@type\":\"ListItem\",\"position\":3,\"item\":{\"@id\":\"https:\/\/www.brebeuf.qc.ca\/collegial\/vie-academique\/espagnol\/#webpage\"}}]}]}<\/script>\n<!-- \/ Yoast SEO plugin. -->","_links":{"self":[{"href":"https:\/\/www.brebeuf.qc.ca\/collegial\/wp-json\/wp\/v2\/pages\/568"}],"collection":[{"href":"https:\/\/www.brebeuf.qc.ca\/collegial\/wp-json\/wp\/v2\/pages"}],"about":[{"href":"https:\/\/www.brebeuf.qc.ca\/collegial\/wp-json\/wp\/v2\/types\/page"}],"author":[{"embeddable":true,"href":"https:\/\/www.brebeuf.qc.ca\/collegial\/wp-json\/wp\/v2\/users\/3"}],"replies":[{"embeddable":true,"href":"https:\/\/www.brebeuf.qc.ca\/collegial\/wp-json\/wp\/v2\/comments?post=568"}],"version-history":[{"count":2,"href":"https:\/\/www.brebeuf.qc.ca\/collegial\/wp-json\/wp\/v2\/pages\/568\/revisions"}],"predecessor-version":[{"id":4456,"href":"https:\/\/www.brebeuf.qc.ca\/collegial\/wp-json\/wp\/v2\/pages\/568\/revisions\/4456"}],"up":[{"embeddable":true,"href":"https:\/\/www.brebeuf.qc.ca\/collegial\/wp-json\/wp\/v2\/pages\/74"}],"wp:featuredmedia":[{"embeddable":true,"href":"https:\/\/www.brebeuf.qc.ca\/collegial\/wp-json\/wp\/v2\/media\/656"}],"wp:attachment":[{"href":"https:\/\/www.brebeuf.qc.ca\/collegial\/wp-json\/wp\/v2\/media?parent=568"}],"curies":[{"name":"wp","href":"https:\/\/api.w.org\/{rel}","templated":true}]}}