{"id":564,"date":"2014-10-08T21:14:37","date_gmt":"2014-10-08T21:14:37","guid":{"rendered":"http:\/\/www.brebeuf.qc.ca\/collegial\/?page_id=564"},"modified":"2019-09-16T17:00:50","modified_gmt":"2019-09-16T17:00:50","slug":"anglais","status":"publish","type":"page","link":"https:\/\/www.brebeuf.qc.ca\/collegial\/vie-academique\/anglais\/","title":{"rendered":"Anglais"},"content":{"rendered":"<p style=\"text-align: left\">Dans le cadre des cours d&rsquo;anglais, l&rsquo;\u00e9tudiant est amen\u00e9 \u00e0 parfaire sa ma\u00eetrise de la langue au niveau des quatre habilet\u00e9s langagi\u00e8res, c&rsquo;est-\u00e0-dire l&rsquo;\u00e9coute, la lecture, la parole et l&rsquo;\u00e9crit.<\/p>\n<p style=\"text-align: left\">Le premier des deux cours obligatoires a pour object l&rsquo;acquisition d&rsquo;une ma\u00eetrise sup\u00e9rieure de la langue anglaise \u00e0 partir de th\u00e8mes litt\u00e9raires, sociaux et culturels.<\/p>\n<p style=\"text-align: left\">Le deuxi\u00e8me cours puise ses th\u00e8mes \u00e0 m\u00eame les diff\u00e9rents champs d&rsquo;\u00e9tudes et vise \u00e0 consolider les comp\u00e9tences acquises afin de rendre l&rsquo;\u00e9tudiant apte \u00e0 se servir de l&rsquo;anglais au niveau universitaire.<\/p>\n","protected":false},"excerpt":{"rendered":"<p>Dans le cadre des cours d&rsquo;anglais, l&rsquo;\u00e9tudiant est amen\u00e9 \u00e0 parfaire sa ma\u00eetrise de la langue au niveau des quatre habilet\u00e9s langagi\u00e8res, c&rsquo;est-\u00e0-dire l&rsquo;\u00e9coute, la lecture, la parole et l&rsquo;\u00e9crit. Le premier des deux cours obligatoires a pour object l&rsquo;acquisition&#8230;<\/p>\n","protected":false},"author":3,"featured_media":654,"parent":74,"menu_order":0,"comment_status":"open","ping_status":"closed","template":"templates\/template-personnalisable.php","meta":{"_editorskit_title_hidden":false,"_editorskit_reading_time":0,"_editorskit_typography_data":[],"_editorskit_blocks_typography":""},"yoast_head":"<!-- This site is optimized with the Yoast SEO plugin v16.3 - https:\/\/yoast.com\/wordpress\/plugins\/seo\/ -->\n<title>Anglais - Coll\u00e9gial<\/title>\n<meta name=\"robots\" content=\"index, follow, max-snippet:-1, max-image-preview:large, max-video-preview:-1\" \/>\n<link rel=\"canonical\" href=\"https:\/\/www.brebeuf.qc.ca\/collegial\/vie-academique\/anglais\/\" \/>\n<meta property=\"og:locale\" content=\"fr_FR\" \/>\n<meta property=\"og:type\" content=\"article\" \/>\n<meta property=\"og:title\" content=\"Anglais - Coll\u00e9gial\" \/>\n<meta property=\"og:description\" content=\"Dans le cadre des cours d&rsquo;anglais, l&rsquo;\u00e9tudiant est amen\u00e9 \u00e0 parfaire sa ma\u00eetrise de la langue au niveau des quatre habilet\u00e9s langagi\u00e8res, c&rsquo;est-\u00e0-dire l&rsquo;\u00e9coute, la lecture, la parole et l&rsquo;\u00e9crit. Le premier des deux cours obligatoires a pour object l&rsquo;acquisition...\" \/>\n<meta property=\"og:url\" content=\"https:\/\/www.brebeuf.qc.ca\/collegial\/vie-academique\/anglais\/\" \/>\n<meta property=\"og:site_name\" content=\"Coll\u00e9gial\" \/>\n<meta property=\"article:modified_time\" content=\"2019-09-16T17:00:50+00:00\" \/>\n<meta property=\"og:image\" content=\"https:\/\/www.brebeuf.qc.ca\/collegial\/wp-content\/uploads\/sites\/2\/2014\/10\/English_flag.jpg\" \/>\n\t<meta property=\"og:image:width\" content=\"1400\" \/>\n\t<meta property=\"og:image:height\" content=\"240\" \/>\n<meta name=\"twitter:label1\" content=\"Dur\u00e9e de lecture est.\">\n\t<meta name=\"twitter:data1\" content=\"1 minute\">\n<script type=\"application\/ld+json\" class=\"yoast-schema-graph\">{\"@context\":\"https:\/\/schema.org\",\"@graph\":[{\"@type\":\"WebSite\",\"@id\":\"https:\/\/www.brebeuf.qc.ca\/collegial\/#website\",\"url\":\"https:\/\/www.brebeuf.qc.ca\/collegial\/\",\"name\":\"Coll\\u00e9gial\",\"description\":\"Coll\\u00e8ge priv\\u00e9 | Secondaire | Coll\\u00e9gial\",\"potentialAction\":[{\"@type\":\"SearchAction\",\"target\":\"https:\/\/www.brebeuf.qc.ca\/collegial\/?s={search_term_string}\",\"query-input\":\"required name=search_term_string\"}],\"inLanguage\":\"fr-FR\"},{\"@type\":\"ImageObject\",\"@id\":\"https:\/\/www.brebeuf.qc.ca\/collegial\/vie-academique\/anglais\/#primaryimage\",\"inLanguage\":\"fr-FR\",\"url\":\"https:\/\/www.brebeuf.qc.ca\/collegial\/wp-content\/uploads\/sites\/2\/2014\/10\/English_flag.jpg\",\"contentUrl\":\"https:\/\/www.brebeuf.qc.ca\/collegial\/wp-content\/uploads\/sites\/2\/2014\/10\/English_flag.jpg\",\"width\":1400,\"height\":240},{\"@type\":\"WebPage\",\"@id\":\"https:\/\/www.brebeuf.qc.ca\/collegial\/vie-academique\/anglais\/#webpage\",\"url\":\"https:\/\/www.brebeuf.qc.ca\/collegial\/vie-academique\/anglais\/\",\"name\":\"Anglais - Coll\\u00e9gial\",\"isPartOf\":{\"@id\":\"https:\/\/www.brebeuf.qc.ca\/collegial\/#website\"},\"primaryImageOfPage\":{\"@id\":\"https:\/\/www.brebeuf.qc.ca\/collegial\/vie-academique\/anglais\/#primaryimage\"},\"datePublished\":\"2014-10-08T21:14:37+00:00\",\"dateModified\":\"2019-09-16T17:00:50+00:00\",\"breadcrumb\":{\"@id\":\"https:\/\/www.brebeuf.qc.ca\/collegial\/vie-academique\/anglais\/#breadcrumb\"},\"inLanguage\":\"fr-FR\",\"potentialAction\":[{\"@type\":\"ReadAction\",\"target\":[\"https:\/\/www.brebeuf.qc.ca\/collegial\/vie-academique\/anglais\/\"]}]},{\"@type\":\"BreadcrumbList\",\"@id\":\"https:\/\/www.brebeuf.qc.ca\/collegial\/vie-academique\/anglais\/#breadcrumb\",\"itemListElement\":[{\"@type\":\"ListItem\",\"position\":1,\"item\":{\"@type\":\"WebPage\",\"@id\":\"https:\/\/www.brebeuf.qc.ca\/collegial\/\",\"url\":\"https:\/\/www.brebeuf.qc.ca\/collegial\/\",\"name\":\"Home\"}},{\"@type\":\"ListItem\",\"position\":2,\"item\":{\"@type\":\"WebPage\",\"@id\":\"https:\/\/www.brebeuf.qc.ca\/collegial\/vie-academique\/\",\"url\":\"https:\/\/www.brebeuf.qc.ca\/collegial\/vie-academique\/\",\"name\":\"Vie acad\\u00e9mique\"}},{\"@type\":\"ListItem\",\"position\":3,\"item\":{\"@id\":\"https:\/\/www.brebeuf.qc.ca\/collegial\/vie-academique\/anglais\/#webpage\"}}]}]}<\/script>\n<!-- \/ Yoast SEO plugin. -->","_links":{"self":[{"href":"https:\/\/www.brebeuf.qc.ca\/collegial\/wp-json\/wp\/v2\/pages\/564"}],"collection":[{"href":"https:\/\/www.brebeuf.qc.ca\/collegial\/wp-json\/wp\/v2\/pages"}],"about":[{"href":"https:\/\/www.brebeuf.qc.ca\/collegial\/wp-json\/wp\/v2\/types\/page"}],"author":[{"embeddable":true,"href":"https:\/\/www.brebeuf.qc.ca\/collegial\/wp-json\/wp\/v2\/users\/3"}],"replies":[{"embeddable":true,"href":"https:\/\/www.brebeuf.qc.ca\/collegial\/wp-json\/wp\/v2\/comments?post=564"}],"version-history":[{"count":12,"href":"https:\/\/www.brebeuf.qc.ca\/collegial\/wp-json\/wp\/v2\/pages\/564\/revisions"}],"predecessor-version":[{"id":4578,"href":"https:\/\/www.brebeuf.qc.ca\/collegial\/wp-json\/wp\/v2\/pages\/564\/revisions\/4578"}],"up":[{"embeddable":true,"href":"https:\/\/www.brebeuf.qc.ca\/collegial\/wp-json\/wp\/v2\/pages\/74"}],"wp:featuredmedia":[{"embeddable":true,"href":"https:\/\/www.brebeuf.qc.ca\/collegial\/wp-json\/wp\/v2\/media\/654"}],"wp:attachment":[{"href":"https:\/\/www.brebeuf.qc.ca\/collegial\/wp-json\/wp\/v2\/media?parent=564"}],"curies":[{"name":"wp","href":"https:\/\/api.w.org\/{rel}","templated":true}]}}