{"id":558,"date":"2014-10-08T21:06:57","date_gmt":"2014-10-08T21:06:57","guid":{"rendered":"http:\/\/www.brebeuf.qc.ca\/collegial\/?page_id=558"},"modified":"2016-09-28T14:29:51","modified_gmt":"2016-09-28T14:29:51","slug":"education-physique","status":"publish","type":"page","link":"https:\/\/www.brebeuf.qc.ca\/collegial\/vie-academique\/education-physique\/","title":{"rendered":"\u00c9ducation physique"},"content":{"rendered":"<p>L&rsquo;\u00e9ducation physique au coll\u00e9gial vise l&rsquo;int\u00e9gration de la pratique de l&rsquo;activit\u00e9 physique au mode de vie de l&rsquo;\u00e9tudiant et l&rsquo;acquisition de saines habitudes de vie dans une perspective de sant\u00e9.<\/p>\n<p>Le programme en \u00e9ducation physique est constitu\u00e9 de trois cours qui peuvent se d\u00e9rouler selon une formule traditionnelle (2 heures par semaine), semi-intensive ou intensive. L&rsquo;\u00e9tudiant devra choisir, pour chacun de ses cours, une activit\u00e9 parmi celles propos\u00e9es (tennis, escalade, flag-football, canot camping&#8230;). Le premier cours demande \u00e0 l&rsquo;\u00e9tudiant de situer sa pratique de l&rsquo;activit\u00e9 physique parmi les habitudes de vie favorisant sa sant\u00e9. Le deuxi\u00e8me cours am\u00e8nera l&rsquo;\u00e9tudiant \u00e0 am\u00e9liorer son efficacit\u00e9 dans la pratique de l&rsquo;activit\u00e9 physique choisie alors que, dans le troisi\u00e8me cours, l&rsquo;\u00e9tudiant devra d\u00e9montrer sa capacit\u00e9 \u00e0 prendre en charge sa pratique de l&rsquo;activit\u00e9 physique.<\/p>\n","protected":false},"excerpt":{"rendered":"<p>L&rsquo;\u00e9ducation physique au coll\u00e9gial vise l&rsquo;int\u00e9gration de la pratique de l&rsquo;activit\u00e9 physique au mode de vie de l&rsquo;\u00e9tudiant et l&rsquo;acquisition de saines habitudes de vie dans une perspective de sant\u00e9. Le programme en \u00e9ducation physique est constitu\u00e9 de trois cours&#8230;<\/p>\n","protected":false},"author":3,"featured_media":0,"parent":74,"menu_order":0,"comment_status":"closed","ping_status":"closed","template":"templates\/template-generique.php","meta":{"_editorskit_title_hidden":false,"_editorskit_reading_time":0,"_editorskit_typography_data":[],"_editorskit_blocks_typography":""},"yoast_head":"<!-- This site is optimized with the Yoast SEO plugin v16.3 - https:\/\/yoast.com\/wordpress\/plugins\/seo\/ -->\n<title>L&#039;\u00e9ducation physique au coll\u00e8ge Jean-de-Br\u00e9beuf<\/title>\n<meta name=\"robots\" content=\"index, follow, max-snippet:-1, max-image-preview:large, max-video-preview:-1\" \/>\n<link rel=\"canonical\" href=\"https:\/\/www.brebeuf.qc.ca\/collegial\/vie-academique\/education-physique\/\" \/>\n<meta property=\"og:locale\" content=\"fr_FR\" \/>\n<meta property=\"og:type\" content=\"article\" \/>\n<meta property=\"og:title\" content=\"L&#039;\u00e9ducation physique au coll\u00e8ge Jean-de-Br\u00e9beuf\" \/>\n<meta property=\"og:description\" content=\"L&rsquo;\u00e9ducation physique au coll\u00e9gial vise l&rsquo;int\u00e9gration de la pratique de l&rsquo;activit\u00e9 physique au mode de vie de l&rsquo;\u00e9tudiant et l&rsquo;acquisition de saines habitudes de vie dans une perspective de sant\u00e9. Le programme en \u00e9ducation physique est constitu\u00e9 de trois cours...\" \/>\n<meta property=\"og:url\" content=\"https:\/\/www.brebeuf.qc.ca\/collegial\/vie-academique\/education-physique\/\" \/>\n<meta property=\"og:site_name\" content=\"Coll\u00e9gial\" \/>\n<meta property=\"article:modified_time\" content=\"2016-09-28T14:29:51+00:00\" \/>\n<meta name=\"twitter:label1\" content=\"Dur\u00e9e de lecture est.\">\n\t<meta name=\"twitter:data1\" content=\"1 minute\">\n<script type=\"application\/ld+json\" class=\"yoast-schema-graph\">{\"@context\":\"https:\/\/schema.org\",\"@graph\":[{\"@type\":\"WebSite\",\"@id\":\"https:\/\/www.brebeuf.qc.ca\/collegial\/#website\",\"url\":\"https:\/\/www.brebeuf.qc.ca\/collegial\/\",\"name\":\"Coll\\u00e9gial\",\"description\":\"Coll\\u00e8ge priv\\u00e9 | Secondaire | Coll\\u00e9gial\",\"potentialAction\":[{\"@type\":\"SearchAction\",\"target\":\"https:\/\/www.brebeuf.qc.ca\/collegial\/?s={search_term_string}\",\"query-input\":\"required name=search_term_string\"}],\"inLanguage\":\"fr-FR\"},{\"@type\":\"WebPage\",\"@id\":\"https:\/\/www.brebeuf.qc.ca\/collegial\/vie-academique\/education-physique\/#webpage\",\"url\":\"https:\/\/www.brebeuf.qc.ca\/collegial\/vie-academique\/education-physique\/\",\"name\":\"L'\\u00e9ducation physique au coll\\u00e8ge Jean-de-Br\\u00e9beuf\",\"isPartOf\":{\"@id\":\"https:\/\/www.brebeuf.qc.ca\/collegial\/#website\"},\"datePublished\":\"2014-10-08T21:06:57+00:00\",\"dateModified\":\"2016-09-28T14:29:51+00:00\",\"breadcrumb\":{\"@id\":\"https:\/\/www.brebeuf.qc.ca\/collegial\/vie-academique\/education-physique\/#breadcrumb\"},\"inLanguage\":\"fr-FR\",\"potentialAction\":[{\"@type\":\"ReadAction\",\"target\":[\"https:\/\/www.brebeuf.qc.ca\/collegial\/vie-academique\/education-physique\/\"]}]},{\"@type\":\"BreadcrumbList\",\"@id\":\"https:\/\/www.brebeuf.qc.ca\/collegial\/vie-academique\/education-physique\/#breadcrumb\",\"itemListElement\":[{\"@type\":\"ListItem\",\"position\":1,\"item\":{\"@type\":\"WebPage\",\"@id\":\"https:\/\/www.brebeuf.qc.ca\/collegial\/\",\"url\":\"https:\/\/www.brebeuf.qc.ca\/collegial\/\",\"name\":\"Home\"}},{\"@type\":\"ListItem\",\"position\":2,\"item\":{\"@type\":\"WebPage\",\"@id\":\"https:\/\/www.brebeuf.qc.ca\/collegial\/vie-academique\/\",\"url\":\"https:\/\/www.brebeuf.qc.ca\/collegial\/vie-academique\/\",\"name\":\"Vie acad\\u00e9mique\"}},{\"@type\":\"ListItem\",\"position\":3,\"item\":{\"@id\":\"https:\/\/www.brebeuf.qc.ca\/collegial\/vie-academique\/education-physique\/#webpage\"}}]}]}<\/script>\n<!-- \/ Yoast SEO plugin. -->","_links":{"self":[{"href":"https:\/\/www.brebeuf.qc.ca\/collegial\/wp-json\/wp\/v2\/pages\/558"}],"collection":[{"href":"https:\/\/www.brebeuf.qc.ca\/collegial\/wp-json\/wp\/v2\/pages"}],"about":[{"href":"https:\/\/www.brebeuf.qc.ca\/collegial\/wp-json\/wp\/v2\/types\/page"}],"author":[{"embeddable":true,"href":"https:\/\/www.brebeuf.qc.ca\/collegial\/wp-json\/wp\/v2\/users\/3"}],"replies":[{"embeddable":true,"href":"https:\/\/www.brebeuf.qc.ca\/collegial\/wp-json\/wp\/v2\/comments?post=558"}],"version-history":[{"count":2,"href":"https:\/\/www.brebeuf.qc.ca\/collegial\/wp-json\/wp\/v2\/pages\/558\/revisions"}],"predecessor-version":[{"id":678,"href":"https:\/\/www.brebeuf.qc.ca\/collegial\/wp-json\/wp\/v2\/pages\/558\/revisions\/678"}],"up":[{"embeddable":true,"href":"https:\/\/www.brebeuf.qc.ca\/collegial\/wp-json\/wp\/v2\/pages\/74"}],"wp:attachment":[{"href":"https:\/\/www.brebeuf.qc.ca\/collegial\/wp-json\/wp\/v2\/media?parent=558"}],"curies":[{"name":"wp","href":"https:\/\/api.w.org\/{rel}","templated":true}]}}