{"id":554,"date":"2014-10-08T18:17:58","date_gmt":"2014-10-08T18:17:58","guid":{"rendered":"http:\/\/www.brebeuf.qc.ca\/collegial\/?page_id=554"},"modified":"2019-09-02T17:35:51","modified_gmt":"2019-09-02T17:35:51","slug":"multimedia","status":"publish","type":"page","link":"https:\/\/www.brebeuf.qc.ca\/collegial\/vie-academique\/multimedia\/","title":{"rendered":"M\u00e9dias num\u00e9riques"},"content":{"rendered":"<p style=\"text-align: left\">Les cours de M\u00e9dias num\u00e9riques\u00a0sont offerts aux \u00e9tudiants du profil M\u00e9dias num\u00e9riques\u00a0du programme Arts, lettres et communication.<\/p>\n<p style=\"text-align: left\">Les cours du profil M\u00e9dias num\u00e9riques permettront aux \u00e9tudiants de cr\u00e9er diverses \u0153uvres dans divers domaine : photomontages, sites Web, animations 2d, jeux, mod\u00e9lisation et animation d&rsquo;objets en 3d, etc.<\/p>\n<p style=\"text-align: left\">Ces projets permettront \u00e0 l&rsquo;\u00e9tudiant de v\u00e9rifier ses habilet\u00e9s et de concevoir un portfolio en vue de son admission \u00e0 l&rsquo;universit\u00e9.<\/p>\n<h2 style=\"text-align: left\"><\/h2>\n","protected":false},"excerpt":{"rendered":"<p>Les cours de M\u00e9dias num\u00e9riques\u00a0sont offerts aux \u00e9tudiants du profil M\u00e9dias num\u00e9riques\u00a0du programme Arts, lettres et communication. Les cours du profil M\u00e9dias num\u00e9riques permettront aux \u00e9tudiants de cr\u00e9er diverses \u0153uvres dans divers domaine : photomontages, sites Web, animations 2d, jeux,&#8230;<\/p>\n","protected":false},"author":3,"featured_media":1063,"parent":74,"menu_order":0,"comment_status":"open","ping_status":"closed","template":"templates\/template-personnalisable.php","meta":{"_editorskit_title_hidden":false,"_editorskit_reading_time":0,"_editorskit_typography_data":[],"_editorskit_blocks_typography":""},"yoast_head":"<!-- This site is optimized with the Yoast SEO plugin v16.3 - https:\/\/yoast.com\/wordpress\/plugins\/seo\/ -->\n<title>Multim\u00e9dia au coll\u00e8ge Jean-de-Br\u00e9beuf<\/title>\n<meta name=\"robots\" content=\"index, follow, max-snippet:-1, max-image-preview:large, max-video-preview:-1\" \/>\n<link rel=\"canonical\" href=\"https:\/\/www.brebeuf.qc.ca\/collegial\/vie-academique\/multimedia\/\" \/>\n<meta property=\"og:locale\" content=\"fr_FR\" \/>\n<meta property=\"og:type\" content=\"article\" \/>\n<meta property=\"og:title\" content=\"Multim\u00e9dia au coll\u00e8ge Jean-de-Br\u00e9beuf\" \/>\n<meta property=\"og:description\" content=\"Les cours de M\u00e9dias num\u00e9riques\u00a0sont offerts aux \u00e9tudiants du profil M\u00e9dias num\u00e9riques\u00a0du programme Arts, lettres et communication. Les cours du profil M\u00e9dias num\u00e9riques permettront aux \u00e9tudiants de cr\u00e9er diverses \u0153uvres dans divers domaine : photomontages, sites Web, animations 2d, jeux,...\" \/>\n<meta property=\"og:url\" content=\"https:\/\/www.brebeuf.qc.ca\/collegial\/vie-academique\/multimedia\/\" \/>\n<meta property=\"og:site_name\" content=\"Coll\u00e9gial\" \/>\n<meta property=\"article:modified_time\" content=\"2019-09-02T17:35:51+00:00\" \/>\n<meta property=\"og:image\" content=\"https:\/\/www.brebeuf.qc.ca\/collegial\/wp-content\/uploads\/sites\/2\/2014\/10\/media_numerique_banniere.jpg\" \/>\n\t<meta property=\"og:image:width\" content=\"1400\" \/>\n\t<meta property=\"og:image:height\" content=\"240\" \/>\n<script type=\"application\/ld+json\" class=\"yoast-schema-graph\">{\"@context\":\"https:\/\/schema.org\",\"@graph\":[{\"@type\":\"WebSite\",\"@id\":\"https:\/\/www.brebeuf.qc.ca\/collegial\/#website\",\"url\":\"https:\/\/www.brebeuf.qc.ca\/collegial\/\",\"name\":\"Coll\\u00e9gial\",\"description\":\"Coll\\u00e8ge priv\\u00e9 | Secondaire | Coll\\u00e9gial\",\"potentialAction\":[{\"@type\":\"SearchAction\",\"target\":\"https:\/\/www.brebeuf.qc.ca\/collegial\/?s={search_term_string}\",\"query-input\":\"required name=search_term_string\"}],\"inLanguage\":\"fr-FR\"},{\"@type\":\"ImageObject\",\"@id\":\"https:\/\/www.brebeuf.qc.ca\/collegial\/vie-academique\/multimedia\/#primaryimage\",\"inLanguage\":\"fr-FR\",\"url\":\"https:\/\/www.brebeuf.qc.ca\/collegial\/wp-content\/uploads\/sites\/2\/2014\/10\/media_numerique_banniere.jpg\",\"contentUrl\":\"https:\/\/www.brebeuf.qc.ca\/collegial\/wp-content\/uploads\/sites\/2\/2014\/10\/media_numerique_banniere.jpg\",\"width\":1400,\"height\":240},{\"@type\":\"WebPage\",\"@id\":\"https:\/\/www.brebeuf.qc.ca\/collegial\/vie-academique\/multimedia\/#webpage\",\"url\":\"https:\/\/www.brebeuf.qc.ca\/collegial\/vie-academique\/multimedia\/\",\"name\":\"Multim\\u00e9dia au coll\\u00e8ge Jean-de-Br\\u00e9beuf\",\"isPartOf\":{\"@id\":\"https:\/\/www.brebeuf.qc.ca\/collegial\/#website\"},\"primaryImageOfPage\":{\"@id\":\"https:\/\/www.brebeuf.qc.ca\/collegial\/vie-academique\/multimedia\/#primaryimage\"},\"datePublished\":\"2014-10-08T18:17:58+00:00\",\"dateModified\":\"2019-09-02T17:35:51+00:00\",\"breadcrumb\":{\"@id\":\"https:\/\/www.brebeuf.qc.ca\/collegial\/vie-academique\/multimedia\/#breadcrumb\"},\"inLanguage\":\"fr-FR\",\"potentialAction\":[{\"@type\":\"ReadAction\",\"target\":[\"https:\/\/www.brebeuf.qc.ca\/collegial\/vie-academique\/multimedia\/\"]}]},{\"@type\":\"BreadcrumbList\",\"@id\":\"https:\/\/www.brebeuf.qc.ca\/collegial\/vie-academique\/multimedia\/#breadcrumb\",\"itemListElement\":[{\"@type\":\"ListItem\",\"position\":1,\"item\":{\"@type\":\"WebPage\",\"@id\":\"https:\/\/www.brebeuf.qc.ca\/collegial\/\",\"url\":\"https:\/\/www.brebeuf.qc.ca\/collegial\/\",\"name\":\"Home\"}},{\"@type\":\"ListItem\",\"position\":2,\"item\":{\"@type\":\"WebPage\",\"@id\":\"https:\/\/www.brebeuf.qc.ca\/collegial\/vie-academique\/\",\"url\":\"https:\/\/www.brebeuf.qc.ca\/collegial\/vie-academique\/\",\"name\":\"Vie acad\\u00e9mique\"}},{\"@type\":\"ListItem\",\"position\":3,\"item\":{\"@id\":\"https:\/\/www.brebeuf.qc.ca\/collegial\/vie-academique\/multimedia\/#webpage\"}}]}]}<\/script>\n<!-- \/ Yoast SEO plugin. -->","_links":{"self":[{"href":"https:\/\/www.brebeuf.qc.ca\/collegial\/wp-json\/wp\/v2\/pages\/554"}],"collection":[{"href":"https:\/\/www.brebeuf.qc.ca\/collegial\/wp-json\/wp\/v2\/pages"}],"about":[{"href":"https:\/\/www.brebeuf.qc.ca\/collegial\/wp-json\/wp\/v2\/types\/page"}],"author":[{"embeddable":true,"href":"https:\/\/www.brebeuf.qc.ca\/collegial\/wp-json\/wp\/v2\/users\/3"}],"replies":[{"embeddable":true,"href":"https:\/\/www.brebeuf.qc.ca\/collegial\/wp-json\/wp\/v2\/comments?post=554"}],"version-history":[{"count":8,"href":"https:\/\/www.brebeuf.qc.ca\/collegial\/wp-json\/wp\/v2\/pages\/554\/revisions"}],"predecessor-version":[{"id":4454,"href":"https:\/\/www.brebeuf.qc.ca\/collegial\/wp-json\/wp\/v2\/pages\/554\/revisions\/4454"}],"up":[{"embeddable":true,"href":"https:\/\/www.brebeuf.qc.ca\/collegial\/wp-json\/wp\/v2\/pages\/74"}],"wp:featuredmedia":[{"embeddable":true,"href":"https:\/\/www.brebeuf.qc.ca\/collegial\/wp-json\/wp\/v2\/media\/1063"}],"wp:attachment":[{"href":"https:\/\/www.brebeuf.qc.ca\/collegial\/wp-json\/wp\/v2\/media?parent=554"}],"curies":[{"name":"wp","href":"https:\/\/api.w.org\/{rel}","templated":true}]}}